{"id":422,"date":"2019-12-02T09:11:11","date_gmt":"2019-12-02T08:11:11","guid":{"rendered":"http:\/\/loanstar.com\/sv\/nedbetalingskalkulator\/"},"modified":"2020-03-17T13:02:27","modified_gmt":"2020-03-17T12:02:27","slug":"skuldkalkylator","status":"publish","type":"page","link":"https:\/\/loanstar.com\/sv\/skuldkalkylator\/","title":{"rendered":"Skuldkalkylator med avbetalningsplan"},"content":{"rendered":"<h1><span data-sheets-value=\"{&quot;1&quot;:2,&quot;2&quot;:&quot;Skuldkalkylator med avbetalningsplan&quot;}\" data-sheets-userformat=\"{&quot;2&quot;:7041,&quot;3&quot;:{&quot;1&quot;:0},&quot;10&quot;:2,&quot;11&quot;:4,&quot;12&quot;:0,&quot;14&quot;:[null,2,0],&quot;15&quot;:&quot;Arial&quot;}\">Skuldkalkylator med avbetalningsplan<\/span><\/h1>\n<h2><b>Varf\u00f6r du beh\u00f6ver en avbetalningsplan f\u00f6r dina skulder<\/b><\/h2>\n<p><span style=\"font-weight: 400;\">Det ligger I m\u00e4nniskans natur att f\u00f6rtr\u00e4nga obekv\u00e4ma finansiella fakta \u2013 och det finns ingen situation d\u00e4r det \u00e4r mer sant \u00e4n n\u00e4r det kommer till v\u00e5r skulds\u00e4ttning.\u00a0<\/span><\/p>\n<p><img decoding=\"async\" class=\"alignright size-full wp-image-423\" src=\"http:\/\/loanstar.com\/sv\/wp-content\/uploads\/sites\/11\/2019\/12\/savings_2.svg\" alt=\"Spar penger med v\u00e5r nedbetalingskalkulator\" width=\"312\" \/><\/p>\n<p><span style=\"font-weight: 400;\">M\u00e5natliga avbetalningar av ens skulder sker ofta p\u00e5 rutin, hur sm\u00e4rtsamt det \u00e4n m\u00e5 vara, och v\u00e4ldigt f\u00e5 m\u00e4nniskor stannar upp och reflekterar \u00f6ver hur de kan f\u00f6rkorta \u00e5terbetalningsperioden. Om dina skulder k\u00e4nns som en stor b\u00f6rda \u00e4r det ocks\u00e5 l\u00e4tt h\u00e4nt att du n\u00f6jer dig med att \u201ch\u00e5lla huvudet \u00f6ver vattnet\u201d ist\u00e4llet f\u00f6r att faktiskt ta kontrollen \u00f6ver din skuldsituation. <\/span><\/p>\n<p><span style=\"font-weight: 400;\">De tv\u00e5 ovann\u00e4mnda argumenten \u00e4r en stark anledning till att ta fram en avbetalningsplan f\u00f6r sina skulder.\u00a0<\/span><\/p>\n<p><span style=\"font-weight: 400;\">Dina skulder kommer dock inte f\u00f6rsvinna utav ren magi, utan det kr\u00e4vs en m\u00e5linriktad strategi.<\/span><\/p>\n<p><span style=\"font-weight: 400;\">Att bli skuldfri kr\u00e4ver h\u00e5rt arbete fr\u00e5n din sida och det kommer att p\u00e5verka din hush\u00e5llsbudget. Du kan sj\u00e4lvklart skapa din egen avbetalningsplan manuellt men det \u00e4r ofta v\u00e4ldigt tidskr\u00e4vande och det kan vara sv\u00e5rt att h\u00e5lla reda p\u00e5 hur r\u00e4ntan f\u00f6r de olika skulderna f\u00f6r\u00e4ndras \u00f6ver tid \u2013samt r\u00e4nta p\u00e5 r\u00e4nta effekten.\u00a0<\/span><\/p>\n<p><span style=\"font-weight: 400;\">Att anv\u00e4nda sig av en skuldkalkylator \u00e4r d\u00e4rf\u00f6r r\u00e4tt v\u00e4g att g\u00e5.<\/span><span style=\"font-weight: 400;\"><br \/>\n<\/span><\/p>\n<h2><b>Hur skuldkalkylatorn fungerar<\/b><\/h2>\n<p><span style=\"font-weight: 400;\">Skuldkalkylatorn \u00e4r ett verktyg som automatiskt kan skapa en detaljerad avbetalningsplan f\u00f6r dina skulder. Med v\u00e5r skuldkalkylator beh\u00f6ver du inte djupdyka I en uppsj\u00f6 av r\u00e4kningar f\u00f6r att komma fram till din avbetalningsplan.\u00a0<\/span><\/p>\n<p><span style=\"font-weight: 400;\">Faktum \u00e4r att du endast beh\u00f6ver tre bitar av information om dina skulder f\u00f6r att anv\u00e4nda skuldkalkylatorn.<\/span><\/p>\n<ul>\n<li style=\"font-weight: 400;\"><span style=\"font-weight: 400;\">Aktuellt skuldsaldo<\/span><\/li>\n<li style=\"font-weight: 400;\"><span style=\"font-weight: 400;\">Minsta m\u00e5natliga avbetalning<\/span><\/li>\n<li style=\"font-weight: 400;\"><span style=\"font-weight: 400;\">R\u00e4ntan<\/span><\/li>\n<\/ul>\n<p><span style=\"font-weight: 400;\">Man kan enkelt l\u00e4gga in fler \u00e4n ett skuldkonto i skuldkalkylatorn. Om du har flera l\u00e5n \u00e4r detta en viktig funktion. Det \u00e4r enda s\u00e4ttet att f\u00e5 en korrekt och realistisk avbetalningsplan; en som faktiskt \u00e5terspeglar din skuldsituation. Ut\u00f6ver l\u00e4ttanv\u00e4ndlighet och enkel design, l\u00e5ter skuldkalkylatorn dig \u00e4ven skr\u00e4ddarsy en avbetalningsplan efter dina personliga finanser. F\u00f6rst steget \u00e4r att v\u00e4lja en strategi f\u00f6r din avbetalningsplan (mer om de olika strategierna h\u00e4r nedan). D\u00e4refter anger du startdatum f\u00f6r din avbetalningsplan. Slutligen anger du en budget f\u00f6r dina m\u00e5natliga avbetalningar. Att skapa en ordentlig avbetalningsplan kan inte bli mycket enklare \u00e4n s\u00e5 h\u00e4r! <\/span><span style=\"font-weight: 400;\"><br \/>\n<\/span><span style=\"font-weight: 400;\">V\u00e5r skuldkalkylator l\u00e5ter dig v\u00e4lja din egna strategi f\u00f6r avbetalningsplanen. Det finns fyra strategier att v\u00e4lja mellan och det \u00e4r viktigt att du v\u00e4ljer en som \u00e4r kompatibel med dina personliga finanser. <\/span><\/p>\n<h2><b>S\u00e5 h\u00e4r anv\u00e4nder du skuldkalkylatorn<\/b><\/h2>\n<ul>\n<li><b>Skuldkonto<span style=\"font-weight: 400;\">: Anv\u00e4nd detta f\u00e4lt f\u00f6r att namnge dina olika skuldkonton. Till exempel: Mastercard kortkredit.<\/span><\/b><\/li>\n<li><strong>Utest\u00e5ende skuldsaldo:<\/strong><span style=\"font-weight: 400;\"> Beloppet som \u00e4r kvar att betala p\u00e5 ditt l\u00e5n eller din kortkredit.<\/span><\/li>\n<li><strong>Minsta m\u00e5natliga avbetalning<\/strong><span style=\"font-weight: 400;\"><strong>:<\/strong> Det minsta belopp som l\u00e5ngivaren kr\u00e4ver att du betalar varje m\u00e5nad. Du finner beloppet p\u00e5 fakturan\/avin fr\u00e5n din l\u00e5ngivare.<\/span><\/li>\n<li><strong>R\u00e4ntan<\/strong><span style=\"font-weight: 400;\"><strong>:<\/strong> Den r\u00e4ntesats som till\u00e4mpas p\u00e5 ditt l\u00e5n eller din kortkredit. Om du \u00e4r os\u00e4ker p\u00e5 r\u00e4ntan kan du kontakta kreditgivaren och be om den aktuella r\u00e4ntesatsen.\u00a0<\/span><\/li>\n<li><strong>V\u00e4lj budget f\u00f6r din avbetalningsplan:<\/strong> <span style=\"font-weight: 400;\">H\u00e4r v\u00e4ljer du det belopp du kan avvara varje m\u00e5nad f\u00f6r avbetalningen av dina skulder. Ju h\u00f6gre detta belopp \u00e4r, desto kortare blir \u00e5terbetalningsperioden.<\/span><\/li>\n<li><b>V\u00e4lj metod f\u00f6r din avbetalningsplan:<\/b><span style=\"font-weight: 400;\"> Detta \u00e4r en lista \u00f6ver de olika strategierna du kan v\u00e4lja mellan f\u00f6r din avbetalningsplan. V\u00e4lj en strategi som \u00e4r kompatibel med dina personliga finanser.\u00a0<\/span><\/li>\n<\/ul>\n<h2><b>Sn\u00f6bollsmetoden som \u00e5terbetalningsstrategi<\/b><\/h2>\n<p><span style=\"font-weight: 400;\"><a href=\"https:\/\/loanstar.com\/sv\/2020\/03\/16\/snobollsmetoden-till-skuldaterbetalning\/\">Sn\u00f6bollsmetoden<\/a> \u00e4r en erk\u00e4nd och v\u00e4ldokumenterad avbetalningsmetod.<\/span><\/p>\n<p><span style=\"font-weight: 400;\">Strategin anv\u00e4nds av nationalekonomer runt om i v\u00e4rlden och har visat sig vara v\u00e4ldigt effektiv i praktiken. <\/span><span style=\"font-weight: 400;\"><br \/>\n<\/span><\/p>\n<h2><img decoding=\"async\" class=\"size-full wp-image-424 alignleft\" src=\"http:\/\/loanstar.com\/sv\/wp-content\/uploads\/sites\/11\/2019\/12\/ill_body_17.svg\" alt=\"\" width=\"312\" \/><\/h2>\n<p><span style=\"font-weight: 400;\"><br \/>\n<\/span><span style=\"font-weight: 400;\">Strategin behandlar dina skulder som en sn\u00f6boll, d\u00e5 den b\u00f6rjar med den minsta skulden och avslutar med den st\u00f6rsta.<\/span><\/p>\n<p><span style=\"font-weight: 400;\">Med sn\u00f6bollsmetoden b\u00f6rjar du med den minsta skulden f\u00f6rst och arbetar dig sedan upp i storleksordning. Du beh\u00f6ver inte ta h\u00e4nsyn till r\u00e4nta eller l\u00e5nekostnader. Det \u00e4r helt och h\u00e5llet skuldens storlek som avg\u00f6r i vilken ordning skulden ska betalas. Genom att v\u00e4lja denna metod kan du f\u00f6rs\u00e4kra dig om att du f\u00e5r motivationskickar tidigt under \u00e5terbetalningsperioden.<\/span><\/p>\n<h2><b>Lavinmetoden som \u00e5terbetalningsstrategi<\/b><\/h2>\n<p><span style=\"font-weight: 400;\">I likhet med sn\u00f6bollsmetoden, \u00e4r \u00e4ven <a href=\"https:\/\/loanstar.com\/sv\/2020\/03\/16\/lavinmetoden-som-aterbetalningsstrategi\/\">lavinmetoden en internationellt erk\u00e4nd strategi<\/a>. Det inneb\u00e4r att den \u00e4r b\u00e5de effektiv, m\u00e5linriktad och till\u00e4mpad med goda resultat i ett antal olika fallstudier.<\/span><\/p>\n<p><span style=\"font-weight: 400;\">Genom att anv\u00e4nda dig av lavinmetoden angriper du dina skulder i ordning av dess r\u00e4ntesats, med h\u00f6gst r\u00e4nta f\u00f6rst. Med andra ord b\u00f6rjar du med det l\u00e5n eller den kredit som har den h\u00f6gsta r\u00e4ntesatsen och arbetar dig sedan ner\u00e5t. F\u00f6r de flesta m\u00e4nniskor inneb\u00e4r det att man b\u00f6rjar med skulder som kortkrediter, blancol\u00e5n och snabbl\u00e5n och avslutar med bol\u00e5net.<\/span><\/p>\n<p><span style=\"font-weight: 400;\">Ur ett rent finansiellt perspektiv \u00e4r detta den b\u00e4sta metoden f\u00f6r din avbetalningsplan, d\u00e5 den s\u00e4kerst\u00e4ller att du betalar av de dyraste l\u00e5nen f\u00f6rst.\u00a0<\/span><\/p>\n<p><span style=\"font-weight: 400;\">I situationer d\u00e4r det dyraste l\u00e5net \u00e4ven \u00e4r det st\u00f6rsta l\u00e5net \u00e4r lavinmetoden dock inte n\u00f6dv\u00e4ndigtvis det b\u00e4sta alternativet. Om s\u00e5 \u00e4r fallet kommer du att beh\u00f6va bearbeta din f\u00f6rsta skuld under en l\u00e4ngre period, vilket kan s\u00e4nka motivationsniv\u00e5n.<\/span><\/p>\n<h2><b>H\u00f6gsta m\u00e5natliga avbetalning f\u00f6rst\u201d-metoden som \u00e5terbetalningsstrategi<\/b><\/h2>\n<p><span style=\"font-weight: 400;\">Den m\u00e5natliga avbetalningen f\u00f6r ett l\u00e5n beror till st\u00f6rsta del p\u00e5 l\u00e5nets l\u00f6ptid. F\u00f6renklat kan man s\u00e4ga att, ju kortare l\u00f6ptid, desto h\u00f6gre blir den m\u00e5natliga avbetalningen och vice versa. Om du v\u00e4ljer <a href=\"https:\/\/loanstar.com\/sv\/2019\/11\/17\/hogsta-manatliga-avbetalning-forst\/\">\u201ch\u00f6gsta m\u00e5natliga avbetalning f\u00f6rst\u201d<\/a>-metoden f\u00f6r din avbetalningsplan kommer du att prioritera skulderna med kortast l\u00f6ptid.<\/span><\/p>\n<p><span style=\"font-weight: 400;\">Generellt s\u00e4tt handlar det om snabbl\u00e5n eller kortkrediter \u2013 och i vissa fall \u00e4ven privatl\u00e5n. Har du skulder av detta slag \u00e4r \u201ch\u00f6gsta m\u00e5natliga avbetalning f\u00f6rst\u201d-metoden b\u00e4st l\u00e4mpad f\u00f6r din avbetalningsplan. <\/span><\/p>\n<p><span style=\"font-weight: 400;\">Genom att v\u00e4lja metoden blir du av med dina dyraste budgetposter fortast m\u00f6jligt. Du beh\u00f6ver s\u00e5ledes inte oroa dig \u00f6ver att beh\u00f6va f\u00f6rl\u00e4nga l\u00f6ptiden f\u00f6r dina skulder, vilket \u00e4r extra kostsamt f\u00f6r skulder med h\u00f6g r\u00e4nta. <\/span><\/p>\n<h2><b>\u201cH\u00f6gsta m\u00e5natliga r\u00e4ntekostnad f\u00f6rst\u201d-metoden som \u00e5terbetalningsstrategi<\/b><\/h2>\n<p><span style=\"font-weight: 400;\">Du kan ocks\u00e5 v\u00e4lja att prioritera skulderna enligt \u201c<a href=\"https:\/\/loanstar.com\/sv\/2020\/03\/16\/guide-hogst-manatliga-rantekostnad-forst-som-aterbetalningsstrategi\/\">h\u00f6gsta m\u00e5natliga r\u00e4ntekostnad f\u00f6rst<\/a>\u201d-metoden.\u00a0<\/span><\/p>\n<p><span style=\"font-weight: 400;\">Metoden skiljer sig fr\u00e5n lavinmetoden p\u00e5 s\u00e5 vis att fokus ligger p\u00e5 den m\u00e5natliga r\u00e4ntekostnaden ist\u00e4llet f\u00f6r den specifika r\u00e4ntesatsen f\u00f6r l\u00e5net. I grund och botten \u00e4r de tv\u00e5 strategierna dock v\u00e4ldigt lika d\u00e5 m\u00e5let \u00e4r att bli av med de dyraste skulderna f\u00f6rst. <\/span><\/p>\n<p><img decoding=\"async\" class=\"alignright size-full wp-image-425\" src=\"http:\/\/loanstar.com\/sv\/wp-content\/uploads\/sites\/11\/2019\/12\/ill_body_9.svg\" alt=\"\" width=\"312\" \/><span style=\"font-weight: 400;\">Skulder med h\u00f6g m\u00e5natlig r\u00e4ntekostnad innefattar l\u00e5n med l\u00e5ng l\u00f6ptid och h\u00f6g r\u00e4ntesats, som privatl\u00e5n och snabbl\u00e5n. \u00c4ven kortkrediter faller under denna kategori.\u00a0<\/span><\/p>\n<p><span style=\"font-weight: 400;\">Om du vill dra ner p\u00e5 de m\u00e5natliga r\u00e4ntekostnaderna \u00e4r denna strategi sannolikt den b\u00e4sta f\u00f6r dig. <\/span><\/p>\n<p><span style=\"font-weight: 400;\">N\u00e4r du prioriterar skulder som har den h\u00f6gsta m\u00e5natliga r\u00e4ntekostnaden kommer du att kunna reducera \u00e5terbetalningsperioden avsev\u00e4rt.<\/span><\/p>\n<h2><b>Tips!<\/b><\/h2>\n<p><span style=\"font-weight: 400;\">Oavsett vilken strategi du v\u00e4ljer \u00e4r det viktigt att alltid reflektera \u00f6ver vilken som b\u00e4st passar din personlighet. N\u00e4r man arbetar f\u00f6r att bli skuldfri \u00e4r motivationen det viktigaste verktyget. Det \u00e4r ocks\u00e5 d\u00e4rf\u00f6r du beh\u00f6ver v\u00e4lja en strategi som h\u00e5ller din motivationsniv\u00e5 uppe under hela \u00e5terbetalningsperioden.\u00a0<\/span><\/p>\n<p><span style=\"font-weight: 400;\">L\u00e4s v\u00e5r kompletta handbok om hur man blir skuldfri h\u00e4r. <\/span><\/p>\n","protected":false},"excerpt":{"rendered":"<p>Skuldkalkylator med avbetalningsplan Varf\u00f6r du beh\u00f6ver en avbetalningsplan f\u00f6r dina skulder Det ligger I m\u00e4nniskans natur att f\u00f6rtr\u00e4nga obekv\u00e4ma finansiella&#8230;<\/p>\n","protected":false},"author":1,"featured_media":0,"parent":0,"menu_order":0,"comment_status":"closed","ping_status":"closed","template":"templates\/calculator-debt.php","meta":{"footnotes":""},"yoast_head":"<!-- This site is optimized with the Yoast SEO plugin v21.0 - https:\/\/yoast.com\/wordpress\/plugins\/seo\/ -->\n<title>Skuldkalkylator med avbetalningsplan - LoanStar Sverige<\/title>\n<meta name=\"description\" content=\"F\u00e5 en komplett avbetalningsplan f\u00f6r dina samtliga skulder med Loanstars skuldkalkylator, tillpassat din personliga ekonomi och skuldsituation.\" \/>\n<meta name=\"robots\" content=\"index, follow, max-snippet:-1, max-image-preview:large, max-video-preview:-1\" \/>\n<link rel=\"canonical\" href=\"https:\/\/loanstar.com\/sv\/skuldkalkylator\/\" \/>\n<meta property=\"og:locale\" content=\"sv_SE\" \/>\n<meta property=\"og:type\" content=\"article\" \/>\n<meta property=\"og:title\" content=\"Skuldkalkylator med avbetalningsplan - LoanStar Sverige\" \/>\n<meta property=\"og:description\" content=\"F\u00e5 en komplett avbetalningsplan f\u00f6r dina samtliga skulder med Loanstars skuldkalkylator, tillpassat din personliga ekonomi och skuldsituation.\" \/>\n<meta property=\"og:url\" content=\"https:\/\/loanstar.com\/sv\/skuldkalkylator\/\" \/>\n<meta property=\"og:site_name\" content=\"LoanStar Sverige\" \/>\n<meta property=\"article:modified_time\" content=\"2020-03-17T12:02:27+00:00\" \/>\n<meta property=\"og:image\" content=\"http:\/\/loanstar.com\/sv\/wp-content\/uploads\/sites\/11\/2019\/12\/savings_2.svg\" \/>\n<meta name=\"twitter:card\" content=\"summary_large_image\" \/>\n<meta name=\"twitter:label1\" content=\"Ber\u00e4knad l\u00e4stid\" \/>\n\t<meta name=\"twitter:data1\" content=\"7 minuter\" \/>\n<script type=\"application\/ld+json\" class=\"yoast-schema-graph\">{\"@context\":\"https:\/\/schema.org\",\"@graph\":[{\"@type\":\"WebPage\",\"@id\":\"https:\/\/loanstar.com\/sv\/skuldkalkylator\/\",\"url\":\"https:\/\/loanstar.com\/sv\/skuldkalkylator\/\",\"name\":\"Skuldkalkylator med avbetalningsplan - LoanStar Sverige\",\"isPartOf\":{\"@id\":\"https:\/\/loanstar.com\/sv\/#website\"},\"datePublished\":\"2019-12-02T08:11:11+00:00\",\"dateModified\":\"2020-03-17T12:02:27+00:00\",\"description\":\"F\u00e5 en komplett avbetalningsplan f\u00f6r dina samtliga skulder med Loanstars skuldkalkylator, tillpassat din personliga ekonomi och skuldsituation.\",\"breadcrumb\":{\"@id\":\"https:\/\/loanstar.com\/sv\/skuldkalkylator\/#breadcrumb\"},\"inLanguage\":\"sv-SE\",\"potentialAction\":[{\"@type\":\"ReadAction\",\"target\":[\"https:\/\/loanstar.com\/sv\/skuldkalkylator\/\"]}]},{\"@type\":\"BreadcrumbList\",\"@id\":\"https:\/\/loanstar.com\/sv\/skuldkalkylator\/#breadcrumb\",\"itemListElement\":[{\"@type\":\"ListItem\",\"position\":1,\"name\":\"Sverige\",\"item\":\"https:\/\/loanstar.com\/sv\/\"},{\"@type\":\"ListItem\",\"position\":2,\"name\":\"Skuldkalkylator med avbetalningsplan\"}]},{\"@type\":\"WebSite\",\"@id\":\"https:\/\/loanstar.com\/sv\/#website\",\"url\":\"https:\/\/loanstar.com\/sv\/\",\"name\":\"LoanStar Sverige\",\"description\":\"J\u00e4mf\u00f6r l\u00e5n\",\"potentialAction\":[{\"@type\":\"SearchAction\",\"target\":{\"@type\":\"EntryPoint\",\"urlTemplate\":\"https:\/\/loanstar.com\/sv\/?s={search_term_string}\"},\"query-input\":\"required name=search_term_string\"}],\"inLanguage\":\"sv-SE\"}]}<\/script>\n<!-- \/ Yoast SEO plugin. -->","yoast_head_json":{"title":"Skuldkalkylator med avbetalningsplan - LoanStar Sverige","description":"F\u00e5 en komplett avbetalningsplan f\u00f6r dina samtliga skulder med Loanstars skuldkalkylator, tillpassat din personliga ekonomi och skuldsituation.","robots":{"index":"index","follow":"follow","max-snippet":"max-snippet:-1","max-image-preview":"max-image-preview:large","max-video-preview":"max-video-preview:-1"},"canonical":"https:\/\/loanstar.com\/sv\/skuldkalkylator\/","og_locale":"sv_SE","og_type":"article","og_title":"Skuldkalkylator med avbetalningsplan - LoanStar Sverige","og_description":"F\u00e5 en komplett avbetalningsplan f\u00f6r dina samtliga skulder med Loanstars skuldkalkylator, tillpassat din personliga ekonomi och skuldsituation.","og_url":"https:\/\/loanstar.com\/sv\/skuldkalkylator\/","og_site_name":"LoanStar Sverige","article_modified_time":"2020-03-17T12:02:27+00:00","og_image":[{"url":"http:\/\/loanstar.com\/sv\/wp-content\/uploads\/sites\/11\/2019\/12\/savings_2.svg"}],"twitter_card":"summary_large_image","twitter_misc":{"Ber\u00e4knad l\u00e4stid":"7 minuter"},"schema":{"@context":"https:\/\/schema.org","@graph":[{"@type":"WebPage","@id":"https:\/\/loanstar.com\/sv\/skuldkalkylator\/","url":"https:\/\/loanstar.com\/sv\/skuldkalkylator\/","name":"Skuldkalkylator med avbetalningsplan - LoanStar Sverige","isPartOf":{"@id":"https:\/\/loanstar.com\/sv\/#website"},"datePublished":"2019-12-02T08:11:11+00:00","dateModified":"2020-03-17T12:02:27+00:00","description":"F\u00e5 en komplett avbetalningsplan f\u00f6r dina samtliga skulder med Loanstars skuldkalkylator, tillpassat din personliga ekonomi och skuldsituation.","breadcrumb":{"@id":"https:\/\/loanstar.com\/sv\/skuldkalkylator\/#breadcrumb"},"inLanguage":"sv-SE","potentialAction":[{"@type":"ReadAction","target":["https:\/\/loanstar.com\/sv\/skuldkalkylator\/"]}]},{"@type":"BreadcrumbList","@id":"https:\/\/loanstar.com\/sv\/skuldkalkylator\/#breadcrumb","itemListElement":[{"@type":"ListItem","position":1,"name":"Sverige","item":"https:\/\/loanstar.com\/sv\/"},{"@type":"ListItem","position":2,"name":"Skuldkalkylator med avbetalningsplan"}]},{"@type":"WebSite","@id":"https:\/\/loanstar.com\/sv\/#website","url":"https:\/\/loanstar.com\/sv\/","name":"LoanStar Sverige","description":"J\u00e4mf\u00f6r l\u00e5n","potentialAction":[{"@type":"SearchAction","target":{"@type":"EntryPoint","urlTemplate":"https:\/\/loanstar.com\/sv\/?s={search_term_string}"},"query-input":"required name=search_term_string"}],"inLanguage":"sv-SE"}]}},"_links":{"self":[{"href":"https:\/\/loanstar.com\/sv\/wp-json\/wp\/v2\/pages\/422"}],"collection":[{"href":"https:\/\/loanstar.com\/sv\/wp-json\/wp\/v2\/pages"}],"about":[{"href":"https:\/\/loanstar.com\/sv\/wp-json\/wp\/v2\/types\/page"}],"author":[{"embeddable":true,"href":"https:\/\/loanstar.com\/sv\/wp-json\/wp\/v2\/users\/1"}],"replies":[{"embeddable":true,"href":"https:\/\/loanstar.com\/sv\/wp-json\/wp\/v2\/comments?post=422"}],"version-history":[{"count":6,"href":"https:\/\/loanstar.com\/sv\/wp-json\/wp\/v2\/pages\/422\/revisions"}],"predecessor-version":[{"id":492,"href":"https:\/\/loanstar.com\/sv\/wp-json\/wp\/v2\/pages\/422\/revisions\/492"}],"wp:attachment":[{"href":"https:\/\/loanstar.com\/sv\/wp-json\/wp\/v2\/media?parent=422"}],"curies":[{"name":"wp","href":"https:\/\/api.w.org\/{rel}","templated":true}]}}