{"id":260,"date":"2018-10-23T13:38:00","date_gmt":"2018-10-23T13:38:00","guid":{"rendered":"http:\/\/loanstar.com\/sv\/?page_id=260"},"modified":"2019-06-04T04:56:06","modified_gmt":"2019-06-04T02:56:06","slug":"cookies","status":"publish","type":"page","link":"https:\/\/loanstar.com\/sv\/cookies\/","title":{"rendered":"Cookies"},"content":{"rendered":"<p>H\u00e4r nedan f\u00f6ljer Loanstars policy f\u00f6r Cookies, g\u00e4llande f\u00f6r v\u00e5r webbplats http:\/\/loanstar.com<\/p>\n<h2>Vad \u00e4r cookies<\/h2>\n<p>LoanStars webbplats anv\u00e4nder sig av cookies, vilket numera \u00e4r en vedertagen praxis f\u00f6r majoriteten av professionella webbplatser. Cookies \u00e4r sm\u00e5 filer som lagras p\u00e5 webbplatsbes\u00f6karens dator i syfte att f\u00f6rb\u00e4ttra anv\u00e4ndarupplevelsen. P\u00e5 den h\u00e4r sidan beskriver vi vilken typ av information de lagrar, hur vi anv\u00e4nder oss av informationen fr\u00e5n cookies och varf\u00f6r det i m\u00e5nga fall \u00e4r ett m\u00e5ste att lagra dessa cookies. Vi kommer ocks\u00e5 att f\u00f6rklara hur du som webbplatsbes\u00f6kare kan v\u00e4lja att inte lagra dessa cookies. Det kan dock leda till en f\u00f6rs\u00e4mring av webbplatsens funktion och vissa funktioner kan i vissa fall helt st\u00e4ngas av.<\/p>\n<p>F\u00f6r ytterligare information om vad cookies \u00e4r, v\u00e4nligen se <a href=\"https:\/\/en.wikipedia.org\/wiki\/HTTP_cookie\">Wikipedias artikel om HTTP cookies<\/a>.<\/p>\n<h2>S\u00e5 anv\u00e4nder vi cookies<\/h2>\n<p>Vi anv\u00e4nder oss av cookies av ett antal olika sk\u00e4l, beskrivna i detalj h\u00e4r nedanf\u00f6r. Tyv\u00e4rr finns det ingen branschstandard kring hur cookies kan inaktiveras utan att kraftigt f\u00f6rs\u00e4mra den funktionalitet som de bidrar till. Det rekommenderas d\u00e4rf\u00f6r att du i de fall du \u00e4r os\u00e4ker p\u00e5 deras funktion, accepterar samtliga cookies, f\u00f6rutsatt att de anv\u00e4nds f\u00f6r tillhandah\u00e5llandet av en tj\u00e4nst som du nyttjar.<\/p>\n<h2>Inaktivering av cookies<\/h2>\n<p>I inst\u00e4llningarna f\u00f6r din webbl\u00e4sare kan du v\u00e4lja att inte till\u00e5ta cookies. Var dock uppm\u00e4rksam p\u00e5 att en inaktivering av cookies p\u00e5verkar funktionen negativt , b\u00e5de p\u00e5 den h\u00e4r och andra webbplatser som anv\u00e4nder sig av cookies. V\u00e5r rekommendation \u00e4r d\u00e4rf\u00f6r att du till\u00e5ter cookies p\u00e5 din dator.<\/p>\n<p>V\u00e4ljer du att inte till\u00e5ta cookies g\u00f6rs den inst\u00e4llningen i din webbl\u00e4sare under menyn f\u00f6r &#8221;Alternativ&#8221; eller &#8221;Inst\u00e4llningar&#8221;. Anv\u00e4nd din webbl\u00e4sares hj\u00e4lpfunktion f\u00f6r exakta instruktioner om hur det utf\u00f6rs. Vi tillhandah\u00e5ller \u00e4ven f\u00f6ljande l\u00e4nkar f\u00f6r en mer detaljerad information om hur inst\u00e4llningar f\u00f6r cookies konfigueras.<\/p>\n<p><a href=\"https:\/\/support.google.com\/chrome\/answer\/95647?hl=no\" target=\"_blank\" rel=\"noopener noreferrer\">Google Chrome<\/a><\/p>\n<p><a href=\"https:\/\/support.microsoft.com\/nb-no\/help\/17442\/windows-internet-explorer-delete-manage-cookies\" target=\"_blank\" rel=\"noopener noreferrer\">Internet Explorer<\/a><\/p>\n<p><a href=\"https:\/\/support.mozilla.org\/no\/kb\/cookies-information-websites-store-on-your-computer\" target=\"_blank\" rel=\"noopener noreferrer\">Firefox<\/a><\/p>\n<h2>Cookies som vi anv\u00e4nder<\/h2>\n<p>F\u00f6r att optimera anv\u00e4ndarv\u00e4nlighet och funktion f\u00f6r dig som webbplatsbes\u00f6kare samt f\u00f6r att komma ih\u00e5g dina preferenser, kr\u00e4vs en lagring av anv\u00e4ndarspecifika inst\u00e4llningar f\u00f6r hur din webbl\u00e4sare ska konfigureras. Det \u00e4r v\u00e5ra cookies som lagrar informationen s\u00e5 att den finns tillg\u00e4nglig f\u00f6r webbl\u00e4saren n\u00e4rhelst du interagerar med en sida som p\u00e5verkas av dina inst\u00e4llningar.<\/p>\n<h2>Tredjepartscookies<\/h2>\n<p>I vissa speciella fall anv\u00e4nder vi oss \u00e4ven av cookies fr\u00e5n tredje part. F\u00f6ljande avsnitt beskriver vilka cookies fr\u00e5n tredje part som du kan t\u00e4nkas st\u00f6ta p\u00e5 via den h\u00e4r webbplatsen.<\/p>\n<h3>Google Analytics<\/h3>\n<p>LoanStars webbplats anv\u00e4nder sig av Google Analytics, vilket \u00e4r ett av de mest etablerade och p\u00e5litliga analysverktygen f\u00f6r webben. Google Analytics hj\u00e4lper oss att f\u00f6rst\u00e5 hur du som bes\u00f6kare anv\u00e4nder v\u00e5r webbplats och hur vi kan f\u00f6rb\u00e4ttra anv\u00e4ndarupplevelsen. Verktyget beh\u00f6ver anv\u00e4nda sig av cookies f\u00f6r att samla in information, till exempel hur l\u00e4nge du stannar p\u00e5 v\u00e5r webbplats och vilka sidor du bes\u00f6ker. Anledningen till att vi anv\u00e4nder oss av Google Analytics \u00e4r att det hj\u00e4lper oss i v\u00e5rt arbete att producera engagerande inneh\u00e5ll. F\u00f6r mer information om Google Analytics cookies, h\u00e4nvisar vi till f\u00f6retagets officiella sida <a href=\"https:\/\/developers.google.com\/analytics\/devguides\/collection\/analyticsjs\/cookie-usage\">Google Analytics anv\u00e4ndande av cookies<\/a>.<\/p>\n<p>Vi testar ocks\u00e5 regelbundet nya funktioner p\u00e5 v\u00e5r webbplats och arbetar i samband med det ofta med mindre f\u00f6r\u00e4ndringar i hur information och data levereras till anv\u00e4ndaren. Under det arbetet anv\u00e4nds d\u00e4rf\u00f6r Google Analytics f\u00f6r att s\u00e4kerst\u00e4lla att ni som bes\u00f6kare f\u00e5r en konsekvent upplevelse samt att funktioner och inneh\u00e5ll optimeras.<\/p>\n<p>H\u00e4r kan du \u00e4ven l\u00e4sa mer om <a href=\"https:\/\/policies.google.com\/privacy\">Googles sekretesspolicy<\/a>.<\/p>\n<p>Om du inte vill l\u00e4mna ut data till Google Universal Analytics, kan du inaktivera funktionen med hj\u00e4lp av\u00a0<a href=\"https:\/\/tools.google.com\/dlpage\/gaoptout?hl=en\">det h\u00e4r till\u00e4gget<\/a>. F\u00f6r att f\u00f6rhindra att Google Universal Analytics sp\u00e5rar \u00f6ver enheter m\u00e5ste du dock v\u00e4lja bort samtliga enheter. Alternativt kan du skapa en l\u00e4mplig konfiguration f\u00f6r cookies under inst\u00e4llningarna i din webbl\u00e4sare.<\/p>\n<h3>Sociala medier<\/h3>\n<p>V\u00e5r webbplats anv\u00e4nder sig \u00e4ven av sociala medier-knappar och\/eller plugins som l\u00e5ter dig ansluta till ditt sociala n\u00e4tverk p\u00e5 olika s\u00e4tt. Vid tillhandah\u00e5llandet av funktionen f\u00f6r f\u00f6ljande sociala medier; Facebook, konfigurerar vi cookies via v\u00e5r webbplats. Syftet med dessa cookies \u00e4r att f\u00f6rb\u00e4ttra din profil p\u00e5 n\u00e4mnda sociala medier eller f\u00f6r olika \u00e4ndam\u00e5l bidra med information, i enlighet med deras respektive sekretesspolicy.<\/p>\n<p><a href=\"https:\/\/www.facebook.com\/policies\/cookies\/\" target=\"_blank\" rel=\"noopener noreferrer\">Facebook&#8217;s riktlinjer f\u00f6r Cookies<\/a><\/p>\n<h3>Google reCAPTCHA<\/h3>\n<p>F\u00f6r att skydda de meddelanden som skickas via v\u00e5rt kontaktformul\u00e4r anv\u00e4nder vi oss av reCAPTCHA-tj\u00e4nsten fr\u00e5n Google Inc. (Google). Tj\u00e4nsten anv\u00e4nds f\u00f6r att skilja p\u00e5 om inmatning sker av en m\u00e4nniska eller missbrukas genom automatisk, mekaniserad inmatning. I samband med det h\u00e4r skickas anv\u00e4ndarens IP-adress och annan n\u00f6dv\u00e4ndig information som kr\u00e4vs f\u00f6r anv\u00e4ndandet av reCAPTCHA-tj\u00e4nsten, till Google.<\/p>\n<p>Genom anv\u00e4ndandet av reCAPTCHA, godk\u00e4nner du \u00e4ven att Google anv\u00e4nder sig av din inmatade information f\u00f6r att digitalisera gamla verk. P\u00e5 uppdrag av Digital Takeover LTD anv\u00e4nder Google \u00e4ven informationen f\u00f6r att utv\u00e4rdera din anv\u00e4ndning av de tj\u00e4nster som vi p\u00e5 Digital Takeover LTD erbjuder.<\/p>\n<p>IP-adressen som skickas fr\u00e5n din webbl\u00e4sare, som en del av reCaptcha-tj\u00e4nsten, kommer inte att f\u00f6ras samman med annan information fr\u00e5n Google. Den sortens data \u00e4r f\u00f6rem\u00e5l f\u00f6r Googles s\u00e4rskilda <a href=\"https:\/\/policies.google.com\/privacy\">sekretesspolicy.<\/a><\/p>\n<h3>Annonssp\u00e5rande cookies<\/h3>\n<p>Digital Takeover Ltd, operat\u00f6r av webbplatsen Loanstar.com, har integrerat annonser fr\u00e5n olika annonsn\u00e4tverk och andra tredjepartspartners.<\/p>\n<p>LoanStar.com \u00e5tar sig rollen som utgivare genom att publicera inneh\u00e5ll. Olika leverant\u00f6rer \u00e5tar sig rollen som annons\u00f6r. Genom att anv\u00e4nda inneh\u00e5lls- och j\u00e4mf\u00f6relsetj\u00e4nsten p\u00e5 LoanStar.com kan du via en annonsl\u00e4nk f\u00e5 tillg\u00e5ng till annons\u00f6rens webbplats. D\u00e4r kan du sedan best\u00e4lla deras finansiella produkt eller l\u00e4mna in en l\u00e5neans\u00f6kan. Vid genomf\u00f6rd f\u00f6rs\u00e4ljning erh\u00e5ller vi en kommission som m\u00f6jligg\u00f6r f\u00f6r oss att forts\u00e4tta publicera gratis inneh\u00e5ll och f\u00f6rb\u00e4ttra v\u00e5r j\u00e4mf\u00f6relsetj\u00e4nst.<\/p>\n<p>N\u00e4r du via v\u00e5r annonsl\u00e4nk vidarebefordras till annons\u00f6rens webbplats, lagras en cookie i din webbl\u00e4sare. Syftet med denna cookie \u00e4r att hantera utbetalningar av provisioner mellan s\u00e4ljare och utgivare, som sk\u00f6ts av det tillh\u00f6rande n\u00e4tverket.<\/p>\n<p>Lagrade cookies inneh\u00e5ller inga personuppgifter. Endast utgivarens identifikationsnummer (LoanStar.com), ett allm\u00e4nt nummer f\u00f6r webbplatsens bes\u00f6kare, samt tid och index f\u00f6r den tillh\u00f6rande l\u00e4nken, lagras. Alla relaterade cookies bearbetas och raderas efter h\u00f6gst 90 dagar.<\/p>\n<p>Som n\u00e4mnts ovan kan du i dina webbl\u00e4sarinst\u00e4llningar v\u00e4lja att f\u00f6rbjuda lagringen av cookies. Du har ocks\u00e5 m\u00f6jligheten att n\u00e4r som helst radera lagrade cookies.<\/p>\n<h3>R\u00e4tt till information och inv\u00e4ndningar<\/h3>\n<p>F\u00f6rhoppningsvis har det h\u00e4r avsnittet f\u00f6rtydligat v\u00e5rt anv\u00e4ndande av cookies. \u00c4r du fortfarande os\u00e4ker p\u00e5 om du beh\u00f6ver cookies eller inte, \u00e4r det som sagt b\u00e4st att till\u00e5ta dessa, f\u00f6rutsatt att de interagerar med n\u00e5gon av de funktioner du anv\u00e4nder dig av p\u00e5 v\u00e5r webbplats.<\/p>\n<p>Du har alltid r\u00e4tt att informera dig om vilka personuppgifter Digital Takeover Limited (\u00e4gare och operat\u00f6r av LoanStar.com) har lagrade om dig. Du kan \u00e4ven n\u00e4r som helst \u00e5terkalla ditt samtycke och beg\u00e4ra en radering av redan behandlade personuppgifter.<\/p>\n<p>Om det fortfarande kvarst\u00e5r n\u00e5gra fr\u00e5gor \u00e4r du v\u00e4lkommen att kontakta oss via en av v\u00e5ra f\u00f6redragna kontaktmetoder:<\/p>\n<div class=\"list-ticks-secondary\">\n<ul>\n<li><strong>E-post:<\/strong> hi@digitaltakeover.org<\/li>\n<li><strong>Adress:<\/strong> Digital Takeover LTD, Plaza Commercial Center, Niv\u00e5 8, Suite 5, Bisazza Street, Sliema, SLM1640, MALTA<\/li>\n<\/ul>\n<\/div>\n<p>Du kan p\u00e5 beg\u00e4ran v\u00e4lja att bli skriftligt underr\u00e4ttad om vilka personuppgifter Digital Takeover Ltd har lagrade om dig. Du kan \u00e4ven n\u00e4r som helst, och utan att ange sk\u00e4l, f\u00f6rbjuda behandlingen av dina personuppgifter.<\/p>\n<p>&nbsp;<\/p>\n","protected":false},"excerpt":{"rendered":"<p>H\u00e4r nedan f\u00f6ljer Loanstars policy f\u00f6r Cookies, g\u00e4llande f\u00f6r v\u00e5r webbplats http:\/\/loanstar.com Vad \u00e4r cookies LoanStars webbplats anv\u00e4nder sig av&#8230;<\/p>\n","protected":false},"author":1,"featured_media":0,"parent":0,"menu_order":0,"comment_status":"closed","ping_status":"closed","template":"templates\/terms-of-use.php","meta":{"footnotes":""},"yoast_head":"<!-- This site is optimized with the Yoast SEO plugin v21.0 - https:\/\/yoast.com\/wordpress\/plugins\/seo\/ -->\n<title>Cookies - LoanStar Sverige<\/title>\n<meta name=\"description\" content=\"H\u00e4r kan ni l\u00e4sa om LoanStars policy f\u00f6r cookies. Vi beskriver hur och varf\u00f6r vi anv\u00e4nder oss av cookies och hur ni kan v\u00e4lja att inaktivera dessa.\" \/>\n<meta name=\"robots\" content=\"index, follow, max-snippet:-1, max-image-preview:large, max-video-preview:-1\" \/>\n<link rel=\"canonical\" href=\"https:\/\/loanstar.com\/sv\/cookies\/\" \/>\n<meta property=\"og:locale\" content=\"sv_SE\" \/>\n<meta property=\"og:type\" content=\"article\" \/>\n<meta property=\"og:title\" content=\"Cookies - LoanStar Sverige\" \/>\n<meta property=\"og:description\" content=\"H\u00e4r kan ni l\u00e4sa om LoanStars policy f\u00f6r cookies. Vi beskriver hur och varf\u00f6r vi anv\u00e4nder oss av cookies och hur ni kan v\u00e4lja att inaktivera dessa.\" \/>\n<meta property=\"og:url\" content=\"https:\/\/loanstar.com\/sv\/cookies\/\" \/>\n<meta property=\"og:site_name\" content=\"LoanStar Sverige\" \/>\n<meta property=\"article:modified_time\" content=\"2019-06-04T02:56:06+00:00\" \/>\n<meta name=\"twitter:card\" content=\"summary_large_image\" \/>\n<meta name=\"twitter:label1\" content=\"Ber\u00e4knad l\u00e4stid\" \/>\n\t<meta name=\"twitter:data1\" content=\"7 minuter\" \/>\n<script type=\"application\/ld+json\" class=\"yoast-schema-graph\">{\"@context\":\"https:\/\/schema.org\",\"@graph\":[{\"@type\":\"WebPage\",\"@id\":\"https:\/\/loanstar.com\/sv\/cookies\/\",\"url\":\"https:\/\/loanstar.com\/sv\/cookies\/\",\"name\":\"Cookies - LoanStar Sverige\",\"isPartOf\":{\"@id\":\"https:\/\/loanstar.com\/sv\/#website\"},\"datePublished\":\"2018-10-23T13:38:00+00:00\",\"dateModified\":\"2019-06-04T02:56:06+00:00\",\"description\":\"H\u00e4r kan ni l\u00e4sa om LoanStars policy f\u00f6r cookies. Vi beskriver hur och varf\u00f6r vi anv\u00e4nder oss av cookies och hur ni kan v\u00e4lja att inaktivera dessa.\",\"breadcrumb\":{\"@id\":\"https:\/\/loanstar.com\/sv\/cookies\/#breadcrumb\"},\"inLanguage\":\"sv-SE\",\"potentialAction\":[{\"@type\":\"ReadAction\",\"target\":[\"https:\/\/loanstar.com\/sv\/cookies\/\"]}]},{\"@type\":\"BreadcrumbList\",\"@id\":\"https:\/\/loanstar.com\/sv\/cookies\/#breadcrumb\",\"itemListElement\":[{\"@type\":\"ListItem\",\"position\":1,\"name\":\"Sverige\",\"item\":\"https:\/\/loanstar.com\/sv\/\"},{\"@type\":\"ListItem\",\"position\":2,\"name\":\"Cookies\"}]},{\"@type\":\"WebSite\",\"@id\":\"https:\/\/loanstar.com\/sv\/#website\",\"url\":\"https:\/\/loanstar.com\/sv\/\",\"name\":\"LoanStar Sverige\",\"description\":\"J\u00e4mf\u00f6r l\u00e5n\",\"potentialAction\":[{\"@type\":\"SearchAction\",\"target\":{\"@type\":\"EntryPoint\",\"urlTemplate\":\"https:\/\/loanstar.com\/sv\/?s={search_term_string}\"},\"query-input\":\"required name=search_term_string\"}],\"inLanguage\":\"sv-SE\"}]}<\/script>\n<!-- \/ Yoast SEO plugin. -->","yoast_head_json":{"title":"Cookies - LoanStar Sverige","description":"H\u00e4r kan ni l\u00e4sa om LoanStars policy f\u00f6r cookies. Vi beskriver hur och varf\u00f6r vi anv\u00e4nder oss av cookies och hur ni kan v\u00e4lja att inaktivera dessa.","robots":{"index":"index","follow":"follow","max-snippet":"max-snippet:-1","max-image-preview":"max-image-preview:large","max-video-preview":"max-video-preview:-1"},"canonical":"https:\/\/loanstar.com\/sv\/cookies\/","og_locale":"sv_SE","og_type":"article","og_title":"Cookies - LoanStar Sverige","og_description":"H\u00e4r kan ni l\u00e4sa om LoanStars policy f\u00f6r cookies. Vi beskriver hur och varf\u00f6r vi anv\u00e4nder oss av cookies och hur ni kan v\u00e4lja att inaktivera dessa.","og_url":"https:\/\/loanstar.com\/sv\/cookies\/","og_site_name":"LoanStar Sverige","article_modified_time":"2019-06-04T02:56:06+00:00","twitter_card":"summary_large_image","twitter_misc":{"Ber\u00e4knad l\u00e4stid":"7 minuter"},"schema":{"@context":"https:\/\/schema.org","@graph":[{"@type":"WebPage","@id":"https:\/\/loanstar.com\/sv\/cookies\/","url":"https:\/\/loanstar.com\/sv\/cookies\/","name":"Cookies - LoanStar Sverige","isPartOf":{"@id":"https:\/\/loanstar.com\/sv\/#website"},"datePublished":"2018-10-23T13:38:00+00:00","dateModified":"2019-06-04T02:56:06+00:00","description":"H\u00e4r kan ni l\u00e4sa om LoanStars policy f\u00f6r cookies. Vi beskriver hur och varf\u00f6r vi anv\u00e4nder oss av cookies och hur ni kan v\u00e4lja att inaktivera dessa.","breadcrumb":{"@id":"https:\/\/loanstar.com\/sv\/cookies\/#breadcrumb"},"inLanguage":"sv-SE","potentialAction":[{"@type":"ReadAction","target":["https:\/\/loanstar.com\/sv\/cookies\/"]}]},{"@type":"BreadcrumbList","@id":"https:\/\/loanstar.com\/sv\/cookies\/#breadcrumb","itemListElement":[{"@type":"ListItem","position":1,"name":"Sverige","item":"https:\/\/loanstar.com\/sv\/"},{"@type":"ListItem","position":2,"name":"Cookies"}]},{"@type":"WebSite","@id":"https:\/\/loanstar.com\/sv\/#website","url":"https:\/\/loanstar.com\/sv\/","name":"LoanStar Sverige","description":"J\u00e4mf\u00f6r l\u00e5n","potentialAction":[{"@type":"SearchAction","target":{"@type":"EntryPoint","urlTemplate":"https:\/\/loanstar.com\/sv\/?s={search_term_string}"},"query-input":"required name=search_term_string"}],"inLanguage":"sv-SE"}]}},"_links":{"self":[{"href":"https:\/\/loanstar.com\/sv\/wp-json\/wp\/v2\/pages\/260"}],"collection":[{"href":"https:\/\/loanstar.com\/sv\/wp-json\/wp\/v2\/pages"}],"about":[{"href":"https:\/\/loanstar.com\/sv\/wp-json\/wp\/v2\/types\/page"}],"author":[{"embeddable":true,"href":"https:\/\/loanstar.com\/sv\/wp-json\/wp\/v2\/users\/1"}],"replies":[{"embeddable":true,"href":"https:\/\/loanstar.com\/sv\/wp-json\/wp\/v2\/comments?post=260"}],"version-history":[{"count":2,"href":"https:\/\/loanstar.com\/sv\/wp-json\/wp\/v2\/pages\/260\/revisions"}],"predecessor-version":[{"id":364,"href":"https:\/\/loanstar.com\/sv\/wp-json\/wp\/v2\/pages\/260\/revisions\/364"}],"wp:attachment":[{"href":"https:\/\/loanstar.com\/sv\/wp-json\/wp\/v2\/media?parent=260"}],"curies":[{"name":"wp","href":"https:\/\/api.w.org\/{rel}","templated":true}]}}