{"id":259,"date":"2018-10-23T13:33:46","date_gmt":"2018-10-23T13:33:46","guid":{"rendered":"http:\/\/loanstar.com\/sv\/?page_id=259"},"modified":"2019-06-30T20:58:35","modified_gmt":"2019-06-30T18:58:35","slug":"allmanna-villkor","status":"publish","type":"page","link":"https:\/\/loanstar.com\/sv\/allmanna-villkor\/","title":{"rendered":"Villkor"},"content":{"rendered":"<h2>Introduktion<\/h2>\n<p>Allm\u00e4nna Villkor (nedan \u201ddessa Villkor\u201d eller \u201dVillkoren\u201d) reglerar din anv\u00e4ndning av denna webbplats, LoanStar, tillg\u00e4nglig p\u00e5 http:\/\/loanstar.com.<\/p>\n<p>Villkoren till\u00e4mpas fullt ut. Genom att anv\u00e4nda denna webbplats godk\u00e4nner du samtliga av de villkor som skrivs h\u00e4r. Du f\u00e5r inte anv\u00e4nda denna webbplats om du inte godk\u00e4nner samtliga Villkor.<\/p>\n<p>Omyndiga eller personer under 18 \u00e5r f\u00e5r inte anv\u00e4nda denna webbplats.<\/p>\n<h2>Immateriella r\u00e4ttigheter<\/h2>\n<p>Annat \u00e4n det inneh\u00e5ll du enligt dessa Villkor \u00e4ger, \u00e4gs av Digital Takeover, LTD och \/ eller dess licensgivare. Det inkluderar samtliga immateriella r\u00e4ttigheter och material tillg\u00e4ngligt p\u00e5 denna webbplats. Du beviljas endast en begr\u00e4nsad licens f\u00f6r att se materialet p\u00e5 denna webbplats.<\/p>\n<h2>Begr\u00e4nsningar<\/h2>\n<p>Du \u00e4r specifikt begr\u00e4nsad fr\u00e5n f\u00f6ljande:<\/p>\n<ul>\n<li>Publicera n\u00e5got webbmaterial fr\u00e5n denna webbplats <span class=\"st\">p\u00e5 annan webbplats eller i n\u00e5got annat medium<\/span><\/li>\n<li>S\u00e4lja, underlicensiera och \/ eller p\u00e5 annat s\u00e4tt kommersialisera n\u00e5got webbmaterial fr\u00e5n denna webbplats<\/li>\n<li>Offentligt utf\u00f6ra och \/ eller visa n\u00e5got webbmaterial fr\u00e5n denna webbplats<\/li>\n<li>Anv\u00e4nda denna webbplats p\u00e5 n\u00e5got s\u00e4tt som \u00e4r eller kan vara skadligt f\u00f6r webbplatsen<\/li>\n<li>Anv\u00e4nda denna webbplats p\u00e5 n\u00e5got s\u00e4tt som p\u00e5verkar anv\u00e4ndar\u00e5tkomsten till denna webbplats<\/li>\n<li>Anv\u00e4nda denna webbplats i strid med g\u00e4llande lagar och f\u00f6rordningar eller p\u00e5 ett s\u00e4tt som kan skada antingen webbplatsen, n\u00e5gon person eller aff\u00e4rsenhet<\/li>\n<li>Engagera dig i datautvinning, datainsamling eller annan liknande verksamhet i f\u00f6rh\u00e5llande till denna webbplats<\/li>\n<li>Anv\u00e4nda denna webbplats till att bedriva reklam eller marknadsf\u00f6ring<\/li>\n<\/ul>\n<p>Du har begr\u00e4nsad \u00e5tkomst till vissa delar av denna webbplats och Digital Takeover, LTD kan n\u00e4r som helst, helt och h\u00e5llet, begr\u00e4nsa din \u00e5tkomst till alla delar av denna webbplats. Alla anv\u00e4ndaruppgifter och l\u00f6senord som du har f\u00f6r denna webbplats \u00e4r konfidentiella och du m\u00e5ste ocks\u00e5 behandla dem som konfidentiella.<\/p>\n<h2>Ditt inneh\u00e5ll<\/h2>\n<p>I Villkoren f\u00f6r denna webbplats omfattar &#8221;ditt inneh\u00e5ll&#8221; alla ljud, videotexter, bilder och annat material som du v\u00e4ljer att visa p\u00e5 denna webbplats. Genom att visa ditt inneh\u00e5ll beviljar du Digital Takeover LTD en icke-exklusiv och v\u00e4rldsomfattande licens att anv\u00e4nda, reproducera, \u00e4ndra, publicera, \u00f6vers\u00e4tta och distribuera ditt inneh\u00e5ll i alla media.<\/p>\n<p>Ditt inneh\u00e5ll m\u00e5ste vara ditt eget och f\u00e5r inte inkr\u00e4kta p\u00e5 r\u00e4ttigheter som tillh\u00f6r en tredje part. Digital Takeover, LTD f\u00f6rbeh\u00e5ller sig r\u00e4tten att n\u00e4r som helst, utan f\u00f6reg\u00e5ende meddelande, ta bort hela eller delar av Ditt inneh\u00e5ll fr\u00e5n denna webbplats.<\/p>\n<h2>Inga garantier<\/h2>\n<p>Denna webbplats tillhandah\u00e5lls i befintligt skick. Digital Takeover, LTD ger inga garantier av n\u00e5got slag relaterat till denna webbplats eller till material tillg\u00e4ngligt p\u00e5 denna webbplats. All information p\u00e5 denna webbplats \u00e4r publicerat i kommersiellt syfte och ska inte tolkas som n\u00e5gon form av r\u00e5dgivning.<\/p>\n<h2>Ansvarsbegr\u00e4nsning<\/h2>\n<p>Digital Takeover, LTD eller n\u00e5gon av dess tj\u00e4nstem\u00e4n, styrelseledam\u00f6ter eller anst\u00e4llda ska under inga omst\u00e4ndigheter h\u00e5llas ansvariga f\u00f6r n\u00e5got som uppst\u00e5r p\u00e5 grund av eller i samband med din anv\u00e4ndning av denna webbplats, s\u00e5vida inte s\u00e5dant ansvar \u00e4r avtalsenligt. Digital Takeover, LTD, inklusive tj\u00e4nstem\u00e4n, styrelseledam\u00f6ter och anst\u00e4llda, ansvarar inte heller f\u00f6r n\u00e5gra indirekta, f\u00f6ljd- eller specialansvar som uppst\u00e5r p\u00e5 grund av eller i samband med din anv\u00e4ndning av denna webbplats.<\/p>\n<h2>Ansvarsfriskrivning<\/h2>\n<p>Du friskriver h\u00e4rmed uttryckligen Digital Takeover LTD och dess tj\u00e4nstem\u00e4n, styrelseledam\u00f6ter och anst\u00e4llda fr\u00e5n allt ansvar f\u00f6r alla skulder, kostnader, krav och\/eller skador som p\u00e5 n\u00e5got s\u00e4tt uppst\u00e5r i samband med ditt brott mot n\u00e5gon av best\u00e4mmelserna i dessa Villkor.<\/p>\n<h2>Till\u00e4mpning<\/h2>\n<p>F\u00f6r det fall n\u00e5gon av best\u00e4mmelserna i dessa Villkor av domstol eller administrativ myndighet inte bed\u00f6ms giltiga skall \u00f6vriga delar av avtalet \u00e4nd\u00e5 g\u00e4lla fullt ut och tolkas p\u00e5 ett s\u00e4tt som skulle ha g\u00e4llt om den exkluderade delen av avtalet g\u00e4llde.<\/p>\n<h2>\u00c4ndring av Villkoren<\/h2>\n<p>Digital Takeover, LTD f\u00f6rbeh\u00e5ller sig r\u00e4tten att n\u00e4r som helst och utan f\u00f6rvarning \u00e4ndra dessa Villkor. Du f\u00f6rv\u00e4ntas att via denna webbplats regelbundet se \u00f6ver dessa Villkor.<\/p>\n<h2>Uppdrag<\/h2>\n<p>Digital Takeover, LTD har r\u00e4tt att tilldela, \u00f6verl\u00e5ta eller subkontraktera sina r\u00e4ttigheter och \/ eller skyldigheter enligt dessa Villkor, utan att anm\u00e4la detta. Du har dock inte r\u00e4tt att tilldela, \u00f6verl\u00e5ta eller subkontraktera n\u00e5gra av dina r\u00e4ttigheter och \/ eller skyldigheter enligt dessa Villkor.<\/p>\n<h2>Hela Avtalet<\/h2>\n<p>Dessa Villkor utg\u00f6r hela avtalet mellan Digital Takeover, LTD och dig i f\u00f6rh\u00e5llande till din anv\u00e4ndning av denna webbplats och ers\u00e4tter alla tidigare avtal och \u00f6verenskommelser.<\/p>\n<h2>G\u00e4llande lag och jurisdiktion<\/h2>\n<p>Dessa Villkor ska styras av och tolkas i enlighet med Maltas lagar. En eventuell tvist ska avg\u00f6ras i den icke-exklusiva jurisdiktionen f\u00f6r de statliga och federala domstolarna p\u00e5 Malta.<\/p>\n<p>&nbsp;<\/p>\n","protected":false},"excerpt":{"rendered":"<p>Introduktion Allm\u00e4nna Villkor (nedan \u201ddessa Villkor\u201d eller \u201dVillkoren\u201d) reglerar din anv\u00e4ndning av denna webbplats, LoanStar, tillg\u00e4nglig p\u00e5 http:\/\/loanstar.com. Villkoren till\u00e4mpas&#8230;<\/p>\n","protected":false},"author":1,"featured_media":0,"parent":0,"menu_order":0,"comment_status":"closed","ping_status":"closed","template":"templates\/terms-of-use.php","meta":{"footnotes":""},"yoast_head":"<!-- This site is optimized with the Yoast SEO plugin v21.0 - https:\/\/yoast.com\/wordpress\/plugins\/seo\/ -->\n<title>Villkor - LoanStar Sverige<\/title>\n<meta name=\"description\" content=\"Dessa Allm\u00e4nna Villkor reglerar din anv\u00e4ndning av denna webbplats. Genom att anv\u00e4nda v\u00e5r webbplats godk\u00e4nner du samtliga av de villkor som skrivs h\u00e4r.\" \/>\n<meta name=\"robots\" content=\"index, follow, max-snippet:-1, max-image-preview:large, max-video-preview:-1\" \/>\n<link rel=\"canonical\" href=\"https:\/\/loanstar.com\/sv\/allmanna-villkor\/\" \/>\n<meta property=\"og:locale\" content=\"sv_SE\" \/>\n<meta property=\"og:type\" content=\"article\" \/>\n<meta property=\"og:title\" content=\"Villkor - LoanStar Sverige\" \/>\n<meta property=\"og:description\" content=\"Dessa Allm\u00e4nna Villkor reglerar din anv\u00e4ndning av denna webbplats. Genom att anv\u00e4nda v\u00e5r webbplats godk\u00e4nner du samtliga av de villkor som skrivs h\u00e4r.\" \/>\n<meta property=\"og:url\" content=\"https:\/\/loanstar.com\/sv\/allmanna-villkor\/\" \/>\n<meta property=\"og:site_name\" content=\"LoanStar Sverige\" \/>\n<meta property=\"article:modified_time\" content=\"2019-06-30T18:58:35+00:00\" \/>\n<meta name=\"twitter:card\" content=\"summary_large_image\" \/>\n<meta name=\"twitter:label1\" content=\"Ber\u00e4knad l\u00e4stid\" \/>\n\t<meta name=\"twitter:data1\" content=\"4 minuter\" \/>\n<script type=\"application\/ld+json\" class=\"yoast-schema-graph\">{\"@context\":\"https:\/\/schema.org\",\"@graph\":[{\"@type\":\"WebPage\",\"@id\":\"https:\/\/loanstar.com\/sv\/allmanna-villkor\/\",\"url\":\"https:\/\/loanstar.com\/sv\/allmanna-villkor\/\",\"name\":\"Villkor - LoanStar Sverige\",\"isPartOf\":{\"@id\":\"https:\/\/loanstar.com\/sv\/#website\"},\"datePublished\":\"2018-10-23T13:33:46+00:00\",\"dateModified\":\"2019-06-30T18:58:35+00:00\",\"description\":\"Dessa Allm\u00e4nna Villkor reglerar din anv\u00e4ndning av denna webbplats. Genom att anv\u00e4nda v\u00e5r webbplats godk\u00e4nner du samtliga av de villkor som skrivs h\u00e4r.\",\"breadcrumb\":{\"@id\":\"https:\/\/loanstar.com\/sv\/allmanna-villkor\/#breadcrumb\"},\"inLanguage\":\"sv-SE\",\"potentialAction\":[{\"@type\":\"ReadAction\",\"target\":[\"https:\/\/loanstar.com\/sv\/allmanna-villkor\/\"]}]},{\"@type\":\"BreadcrumbList\",\"@id\":\"https:\/\/loanstar.com\/sv\/allmanna-villkor\/#breadcrumb\",\"itemListElement\":[{\"@type\":\"ListItem\",\"position\":1,\"name\":\"Sverige\",\"item\":\"https:\/\/loanstar.com\/sv\/\"},{\"@type\":\"ListItem\",\"position\":2,\"name\":\"Villkor\"}]},{\"@type\":\"WebSite\",\"@id\":\"https:\/\/loanstar.com\/sv\/#website\",\"url\":\"https:\/\/loanstar.com\/sv\/\",\"name\":\"LoanStar Sverige\",\"description\":\"J\u00e4mf\u00f6r l\u00e5n\",\"potentialAction\":[{\"@type\":\"SearchAction\",\"target\":{\"@type\":\"EntryPoint\",\"urlTemplate\":\"https:\/\/loanstar.com\/sv\/?s={search_term_string}\"},\"query-input\":\"required name=search_term_string\"}],\"inLanguage\":\"sv-SE\"}]}<\/script>\n<!-- \/ Yoast SEO plugin. -->","yoast_head_json":{"title":"Villkor - LoanStar Sverige","description":"Dessa Allm\u00e4nna Villkor reglerar din anv\u00e4ndning av denna webbplats. Genom att anv\u00e4nda v\u00e5r webbplats godk\u00e4nner du samtliga av de villkor som skrivs h\u00e4r.","robots":{"index":"index","follow":"follow","max-snippet":"max-snippet:-1","max-image-preview":"max-image-preview:large","max-video-preview":"max-video-preview:-1"},"canonical":"https:\/\/loanstar.com\/sv\/allmanna-villkor\/","og_locale":"sv_SE","og_type":"article","og_title":"Villkor - LoanStar Sverige","og_description":"Dessa Allm\u00e4nna Villkor reglerar din anv\u00e4ndning av denna webbplats. Genom att anv\u00e4nda v\u00e5r webbplats godk\u00e4nner du samtliga av de villkor som skrivs h\u00e4r.","og_url":"https:\/\/loanstar.com\/sv\/allmanna-villkor\/","og_site_name":"LoanStar Sverige","article_modified_time":"2019-06-30T18:58:35+00:00","twitter_card":"summary_large_image","twitter_misc":{"Ber\u00e4knad l\u00e4stid":"4 minuter"},"schema":{"@context":"https:\/\/schema.org","@graph":[{"@type":"WebPage","@id":"https:\/\/loanstar.com\/sv\/allmanna-villkor\/","url":"https:\/\/loanstar.com\/sv\/allmanna-villkor\/","name":"Villkor - LoanStar Sverige","isPartOf":{"@id":"https:\/\/loanstar.com\/sv\/#website"},"datePublished":"2018-10-23T13:33:46+00:00","dateModified":"2019-06-30T18:58:35+00:00","description":"Dessa Allm\u00e4nna Villkor reglerar din anv\u00e4ndning av denna webbplats. Genom att anv\u00e4nda v\u00e5r webbplats godk\u00e4nner du samtliga av de villkor som skrivs h\u00e4r.","breadcrumb":{"@id":"https:\/\/loanstar.com\/sv\/allmanna-villkor\/#breadcrumb"},"inLanguage":"sv-SE","potentialAction":[{"@type":"ReadAction","target":["https:\/\/loanstar.com\/sv\/allmanna-villkor\/"]}]},{"@type":"BreadcrumbList","@id":"https:\/\/loanstar.com\/sv\/allmanna-villkor\/#breadcrumb","itemListElement":[{"@type":"ListItem","position":1,"name":"Sverige","item":"https:\/\/loanstar.com\/sv\/"},{"@type":"ListItem","position":2,"name":"Villkor"}]},{"@type":"WebSite","@id":"https:\/\/loanstar.com\/sv\/#website","url":"https:\/\/loanstar.com\/sv\/","name":"LoanStar Sverige","description":"J\u00e4mf\u00f6r l\u00e5n","potentialAction":[{"@type":"SearchAction","target":{"@type":"EntryPoint","urlTemplate":"https:\/\/loanstar.com\/sv\/?s={search_term_string}"},"query-input":"required name=search_term_string"}],"inLanguage":"sv-SE"}]}},"_links":{"self":[{"href":"https:\/\/loanstar.com\/sv\/wp-json\/wp\/v2\/pages\/259"}],"collection":[{"href":"https:\/\/loanstar.com\/sv\/wp-json\/wp\/v2\/pages"}],"about":[{"href":"https:\/\/loanstar.com\/sv\/wp-json\/wp\/v2\/types\/page"}],"author":[{"embeddable":true,"href":"https:\/\/loanstar.com\/sv\/wp-json\/wp\/v2\/users\/1"}],"replies":[{"embeddable":true,"href":"https:\/\/loanstar.com\/sv\/wp-json\/wp\/v2\/comments?post=259"}],"version-history":[{"count":2,"href":"https:\/\/loanstar.com\/sv\/wp-json\/wp\/v2\/pages\/259\/revisions"}],"predecessor-version":[{"id":391,"href":"https:\/\/loanstar.com\/sv\/wp-json\/wp\/v2\/pages\/259\/revisions\/391"}],"wp:attachment":[{"href":"https:\/\/loanstar.com\/sv\/wp-json\/wp\/v2\/media?parent=259"}],"curies":[{"name":"wp","href":"https:\/\/api.w.org\/{rel}","templated":true}]}}