{"id":258,"date":"2018-10-23T13:30:06","date_gmt":"2018-10-23T13:30:06","guid":{"rendered":"http:\/\/loanstar.com\/sv\/?page_id=258"},"modified":"2019-08-27T16:42:26","modified_gmt":"2019-08-27T14:42:26","slug":"sekretesspolicy","status":"publish","type":"page","link":"https:\/\/loanstar.com\/sv\/sekretesspolicy\/","title":{"rendered":"Sekretesspolicy"},"content":{"rendered":"<p>Effektivt datum: 27e augusti 2018<\/p>\n<p>Digital Takeover, LTD (&#8221;oss&#8221;, &#8221;vi&#8221; eller &#8221;v\u00e5r&#8221;) driver webbplatsen http:\/\/loanstar.com (&#8221;Tj\u00e4nsten&#8221;).<\/p>\n<p>Denna sida informerar dig om v\u00e5r policy f\u00f6r insamling, anv\u00e4ndande och vidarebefordran av de uppgifter du l\u00e4mnar till oss i samband med ditt nyttjande av Tj\u00e4nsten.<\/p>\n<p>Genom ditt anv\u00e4ndande av Tj\u00e4nsten godk\u00e4nner du att vi samlar in, anv\u00e4nder och vidarebefordrar informationen i enlighet med denna policy. Om inte annat anges i denna sekretesspolicy har termer som anv\u00e4nds h\u00e4r samma betydelse som motsvarande termer i v\u00e5r policy f\u00f6r anv\u00e4ndarvillkor, tillg\u00e4nglig p\u00e5 http:\/\/loanstar.com.<\/p>\n<h2>Informationsinsamling och anv\u00e4ndning<\/h2>\n<p>Vi samlar in flera olika typer av information, f\u00f6r olika \u00e4ndam\u00e5l och f\u00f6r att tillhandah\u00e5lla och f\u00f6rb\u00e4ttra v\u00e5r service till dig.<\/p>\n<h2>Typer av insamlade data<\/h2>\n<h3>Personlig information<\/h3>\n<p>N\u00e4r du anv\u00e4nder v\u00e5r tj\u00e4nst kan vi efterfr\u00e5ga viss personligt identifierbar information som kan anv\u00e4ndas f\u00f6r att kontakta eller identifiera dig (&#8221;Personuppgifter&#8221;). Personligt identifierbar information kan inkludera, men \u00e4r inte begr\u00e4nsad till:<\/p>\n<ul>\n<li>E-postadress<\/li>\n<li>F\u00f6rnamn och efternamn<\/li>\n<li>Cookies och anv\u00e4ndningsdata<\/li>\n<\/ul>\n<h3>Anv\u00e4ndningsdata<\/h3>\n<p>Vi kan ocks\u00e5 samla information om hur Tj\u00e4nsten anv\u00e4nds (&#8221;Anv\u00e4ndningsdata&#8221;). Denna anv\u00e4ndningsdata kan inneh\u00e5lla information om din IP-adress (internetprotokoll adress), webbl\u00e4sartyp, webbl\u00e4sarversion samt information om vilka specifika sidor p\u00e5 http:\/\/loanstar.com du bes\u00f6ker, tid och datum f\u00f6r ditt bes\u00f6k, tiden som spenderas p\u00e5 dessa sidor, unik enhetsidentifikation och annan diagnostiska data.<\/p>\n<h3>Sp\u00e5rning och cookies<\/h3>\n<p>Vi anv\u00e4nder cookies och liknande sp\u00e5rteknik f\u00f6r att sp\u00e5ra aktiviteten f\u00f6r Tj\u00e4nsten. Cookies \u00e4r filer som inneh\u00e5ller data om inst\u00e4llningar f\u00f6r webbplatsen och en anonym unik identifierare. Cookies skickas fr\u00e5n webbplatsen till din webbl\u00e4sare d\u00e4r de sedan lagras p\u00e5 din enhet. Sp\u00e5rteknik som ocks\u00e5 anv\u00e4nds f\u00f6r att samla in och sp\u00e5ra information, samt f\u00f6rb\u00e4ttra och analysera v\u00e5r tj\u00e4nst, \u00e4r beacons, tags och skript.<\/p>\n<p>Du kan i dina webbl\u00e4sarinst\u00e4llningar v\u00e4lja att f\u00f6rbjuda nedladdningen av cookies eller att begr\u00e4nsa anv\u00e4ndandet av cookies till specifika webbplatser. V\u00e4ljer du att inte till\u00e5ta cookies f\u00f6r denna webbplats kan din anv\u00e4ndarupplevelse av webbplatsen komma att f\u00f6rs\u00e4mras, d\u00e5 vissa delar av Tj\u00e4nsten \u00e4r beroende av Cookies f\u00f6r att fungera.<\/p>\n<p>Exempel p\u00e5 cookies som vi anv\u00e4nder:<\/p>\n<ul>\n<li>Sessionscookies. Med sessionscookies lagrar vi tillf\u00e4lliga data som f\u00f6rsvinner n\u00e4r webbsidan st\u00e4ngs.<\/li>\n<li>Preferenscookies. Preferenscookies g\u00f6r det m\u00f6jligt f\u00f6r oss att komma ih\u00e5g dina inst\u00e4llningar f\u00f6r webbplatsen.<\/li>\n<li>S\u00e4kerhetscookies. Med s\u00e4kerhetscookies kan vi f\u00f6rb\u00e4ttra s\u00e4kerheten p\u00e5 webbplatsen.<\/li>\n<\/ul>\n<h2>Anv\u00e4ndandet av data<\/h2>\n<p>Digital Takeover, LTD anv\u00e4nder den insamlade datan f\u00f6r f\u00f6ljande \u00e4ndam\u00e5l:<\/p>\n<ul>\n<li>Att tillhandah\u00e5lla, f\u00f6rb\u00e4ttra och underh\u00e5lla Tj\u00e4nsten<\/li>\n<li>Att meddela dig om \u00e4ndringar i v\u00e5r tj\u00e4nst<\/li>\n<li>F\u00f6r tillhandah\u00e5llandet av interaktiva funktioner till dig som anv\u00e4ndare.<\/li>\n<li>Att tillhandah\u00e5lla och f\u00f6rb\u00e4ttra v\u00e5r support.<\/li>\n<li>Att genom dataanalys f\u00f6rb\u00e4ttra Tj\u00e4nsten.<\/li>\n<li>Att \u00f6vervaka anv\u00e4ndandet av Tj\u00e4nsten.<\/li>\n<li>Att uppt\u00e4cka, f\u00f6rebygga och hantera tekniska problem.<\/li>\n<\/ul>\n<h2>\u00d6verf\u00f6ring av data<\/h2>\n<p>Din information, inklusive personuppgifter, kan \u00f6verf\u00f6ras till, och f\u00f6rvaras, p\u00e5 datorer som ligger utanf\u00f6r din stat, provins, land eller annan statlig jurisdiktion d\u00e4r lagar om dataskydd kan skilja sig fr\u00e5n dem som ligger inom din jurisdiktion.<\/p>\n<p>Om du befinner dig utanf\u00f6r Malta och v\u00e4ljer att f\u00f6rse oss med information vill vi g\u00f6ra dig uppm\u00e4rksam p\u00e5 att vi \u00f6verf\u00f6r data, inklusive personuppgifter, till Malta f\u00f6r vidare bearbetning.<\/p>\n<p>Ditt samtycke till denna sekretesspolicy f\u00f6ljt av din \u00f6verf\u00f6ring av s\u00e5dan information som t\u00e4cks av denna policy, representerar ditt samtycke f\u00f6r \u00f6verf\u00f6ringen och bearbetningen av s\u00e5dan information.<\/p>\n<p>Digital Takeover, LTD kommer att vidta alla rimliga \u00e5tg\u00e4rder som \u00e4r n\u00f6dv\u00e4ndiga f\u00f6r att s\u00e4kerst\u00e4lla att informationen behandlas s\u00e4kert och i enlighet med denna sekretesspolicy och att ingen \u00f6verf\u00f6ring av dina personuppgifter kommer att ske till en organisation eller ett land som inte har tillr\u00e4ckliga kontroller p\u00e5 plats, f\u00f6r f\u00f6rvaring och skydd av personuppgifter och annan k\u00e4nslig information.<\/p>\n<h2><strong>Utl\u00e4mnande av data<\/strong><\/h2>\n<h3>Juridiska krav<\/h3>\n<p>Digital Takeover, LTD kan i god tro l\u00e4mna ut dina personuppgifter till tredje part om en s\u00e5dan \u00e5tg\u00e4rd \u00e4r n\u00f6dv\u00e4ndig f\u00f6r att:<\/p>\n<ul>\n<li>Uppfylla en lagstadgad skyldighet<\/li>\n<li>Skydda och f\u00f6rsvara r\u00e4ttigheter eller egendom hos Digital Takeover, LTD<\/li>\n<li>F\u00f6rhindra eller utreda eventuella felaktigheter i samband med Tj\u00e4nsten<\/li>\n<li>Skydda den personliga s\u00e4kerheten hos anv\u00e4ndare av Tj\u00e4nsten eller allm\u00e4nheten<\/li>\n<li>Skydda Digital Takeover, LTD mot juridiskt ansvar<\/li>\n<\/ul>\n<h2>Datas\u00e4kerhet<\/h2>\n<p>S\u00e4kerheten f\u00f6r dina uppgifter \u00e4r viktig f\u00f6r oss, men kom ih\u00e5g att ingen \u00f6verf\u00f6ringsmetod \u00f6ver Internet eller elektronisk lagringsmetod \u00e4r 100% s\u00e4ker. Vi str\u00e4var efter att anv\u00e4nda kommersiellt acceptabla medel f\u00f6r att skydda dina personuppgifter men vi kan inte garantera en absolut s\u00e4kerhet vare sig f\u00f6r anv\u00e4ndandet av Tj\u00e4nsten eller f\u00f6r de personuppgifter vi handhar.<\/p>\n<h2>Tj\u00e4nsteleverant\u00f6rer<\/h2>\n<p>Vi kan anv\u00e4nda tredjepartsf\u00f6retag och privatpersoner f\u00f6r att tillhandah\u00e5lla Tj\u00e4nsten, underl\u00e4tta v\u00e5r drift av Tj\u00e4nsten, utf\u00f6ra servicerelaterade \u00e5tg\u00e4rder eller f\u00f6r att hj\u00e4lpa oss att analysera hur Tj\u00e4nsten anv\u00e4nds.<\/p>\n<p>Dessa tredje parter har endast tillg\u00e5ng till de personuppgifter som \u00e4r n\u00f6dv\u00e4ndiga f\u00f6r utf\u00f6randet av deras uppdrag \u00e5t oss och \u00e4r bundna att inte avsl\u00f6ja eller anv\u00e4nda dina personuppgifter f\u00f6r n\u00e5got annat syfte.<\/p>\n<h3>Google Analytics<\/h3>\n<p>Vi kan anv\u00e4nda tredjepartsleverant\u00f6rer, som exempelvis Google Analytics, f\u00f6r att \u00f6vervaka och analysera anv\u00e4ndandet av Tj\u00e4nsten.<\/p>\n<p>Google Analytics \u00e4r en webbanalystj\u00e4nst som erbjuds av Google. Google Analytics sp\u00e5rar och rapporterar webbplatstrafik. F\u00f6r v\u00e5r r\u00e4kning samlar Google in data f\u00f6r att sp\u00e5ra, \u00f6vervaka samt rapportera om anv\u00e4ndandet av Tj\u00e4nsten. Dessa uppgifter delas med andra Google-tj\u00e4nster. Google kan \u00e4ven anv\u00e4nda de insamlade uppgifterna f\u00f6r att kontextualisera och anpassa annonserna i sitt eget annonsn\u00e4tverk.<\/p>\n<p>Du kan genom att installera webbl\u00e4sarens till\u00e4gg f\u00f6r Google Analytics v\u00e4lja att inte ha din aktivitet tillg\u00e4nglig f\u00f6r Google Analytics. Till\u00e4gget hindrar din webbl\u00e4sare fr\u00e5n att dela information med Google Analytics om din bes\u00f6ksaktivitet.<\/p>\n<p>Mer information om Google\u2019s sekretesspolicy finner du p\u00e5 f\u00f6retagets egen sida om den n\u00e4mnda policyn: <a href=\"https:\/\/policies.google.com\/privacy?hl=sv\">https:\/\/policies.google.com\/privacy?hl=sv<\/a><\/p>\n<h2>L\u00e4nkar till andra webbplatser<\/h2>\n<p>V\u00e5r tj\u00e4nst kan inneh\u00e5lla l\u00e4nkar till andra webbplatser som inte drivs av oss. Om du klickar p\u00e5 en tredjepartsl\u00e4nk kommer du att dirigeras till en utomst\u00e5ende webbplats fr\u00e5n tredje part. Vi rekommenderar starkt att du granskar sekretesspolicyn f\u00f6r varje webbplats du bes\u00f6ker.<\/p>\n<p>Vi har ingen kontroll \u00f6ver och tar inget ansvar f\u00f6r inneh\u00e5llet, sekretesspolicyn eller \u00f6vriga policy f\u00f6r webbplatser och tj\u00e4nster tillhandah\u00e5llna av tredje part.<\/p>\n<h2>Minder\u00e5rigas integritet<\/h2>\n<p>V\u00e5r Tj\u00e4nst \u00e4r inte \u00e4mnad f\u00f6r personer under 18 \u00e5r (&#8221;minder\u00e5riga&#8221;).<\/p>\n<p>Vi samlar inte medvetet in personligt identifierbar information fr\u00e5n n\u00e5gon under 18 \u00e5r. Om du \u00e4r f\u00f6r\u00e4lder eller v\u00e5rdnadshavare och \u00e4r medveten om att ditt barn har f\u00f6rsett oss med personuppgifter, v\u00e4nligen kontakta oss. Om vi f\u00e5r vetskap om att vi utan f\u00f6r\u00e4lders medgivande har samlat in personuppgifter fr\u00e5n en minder\u00e5rig, vidtar vi \u00e5tg\u00e4rder f\u00f6r att radera dessa uppgifter fr\u00e5n v\u00e5ra servrar.<\/p>\n<h2>\u00c4ndringar i denna sekretesspolicy<\/h2>\n<p>Vi kan uppdatera v\u00e5r sekretesspolicy fr\u00e5n tid till annan. Eventuella \u00e4ndringar i v\u00e5r sekretesspolicy publiceras p\u00e5 denna sida. Vid publiceringen av en \u00e4ndring uppdaterar vi &#8221;Effektivt datum&#8221; h\u00f6gst upp i denna sekretesspolicy. Vi meddelar dig via e-post och \/ eller via ett meddelande publicerat p\u00e5 denna webbplats innan f\u00f6r\u00e4ndringen blir effektiv.<\/p>\n<p>Du rekommenderas att regelbundet granska denna sekretesspolicy f\u00f6r eventuella \u00e4ndringar. \u00c4ndringar av denna sekretesspolicy blir effektiva i samband med att de publiceras p\u00e5 den h\u00e4r sidan.<\/p>\n<h2>Kontakta oss<\/h2>\n<p>Om du har n\u00e5gra fr\u00e5gor kring denna sekretesspolicy, v\u00e4nligen kontakta oss.<\/p>\n<p>V\u00e5r e-post: hi@digitaltakeover.org<\/p>\n","protected":false},"excerpt":{"rendered":"<p>Effektivt datum: 27e augusti 2018 Digital Takeover, LTD (&#8221;oss&#8221;, &#8221;vi&#8221; eller &#8221;v\u00e5r&#8221;) driver webbplatsen http:\/\/loanstar.com (&#8221;Tj\u00e4nsten&#8221;). Denna sida informerar dig&#8230;<\/p>\n","protected":false},"author":1,"featured_media":0,"parent":0,"menu_order":0,"comment_status":"closed","ping_status":"closed","template":"templates\/terms-of-use.php","meta":{"footnotes":""},"yoast_head":"<!-- This site is optimized with the Yoast SEO plugin v21.0 - https:\/\/yoast.com\/wordpress\/plugins\/seo\/ -->\n<title>Sekretesspolicy - LoanStar Sverige<\/title>\n<meta name=\"description\" content=\"V\u00e5r sekretesspolicy klarg\u00f6r Digital Takeover, LTD&#039;s ansvar och arbete kring sekretess, integritet och s\u00e4kerhet f\u00f6r Tj\u00e4nsten.\" \/>\n<meta name=\"robots\" content=\"index, follow, max-snippet:-1, max-image-preview:large, max-video-preview:-1\" \/>\n<link rel=\"canonical\" href=\"https:\/\/loanstar.com\/sv\/sekretesspolicy\/\" \/>\n<meta property=\"og:locale\" content=\"sv_SE\" \/>\n<meta property=\"og:type\" content=\"article\" \/>\n<meta property=\"og:title\" content=\"Sekretesspolicy - LoanStar Sverige\" \/>\n<meta property=\"og:description\" content=\"V\u00e5r sekretesspolicy klarg\u00f6r Digital Takeover, LTD&#039;s ansvar och arbete kring sekretess, integritet och s\u00e4kerhet f\u00f6r Tj\u00e4nsten.\" \/>\n<meta property=\"og:url\" content=\"https:\/\/loanstar.com\/sv\/sekretesspolicy\/\" \/>\n<meta property=\"og:site_name\" content=\"LoanStar Sverige\" \/>\n<meta property=\"article:modified_time\" content=\"2019-08-27T14:42:26+00:00\" \/>\n<meta name=\"twitter:card\" content=\"summary_large_image\" \/>\n<meta name=\"twitter:label1\" content=\"Ber\u00e4knad l\u00e4stid\" \/>\n\t<meta name=\"twitter:data1\" content=\"7 minuter\" \/>\n<script type=\"application\/ld+json\" class=\"yoast-schema-graph\">{\"@context\":\"https:\/\/schema.org\",\"@graph\":[{\"@type\":\"WebPage\",\"@id\":\"https:\/\/loanstar.com\/sv\/sekretesspolicy\/\",\"url\":\"https:\/\/loanstar.com\/sv\/sekretesspolicy\/\",\"name\":\"Sekretesspolicy - LoanStar Sverige\",\"isPartOf\":{\"@id\":\"https:\/\/loanstar.com\/sv\/#website\"},\"datePublished\":\"2018-10-23T13:30:06+00:00\",\"dateModified\":\"2019-08-27T14:42:26+00:00\",\"description\":\"V\u00e5r sekretesspolicy klarg\u00f6r Digital Takeover, LTD's ansvar och arbete kring sekretess, integritet och s\u00e4kerhet f\u00f6r Tj\u00e4nsten.\",\"breadcrumb\":{\"@id\":\"https:\/\/loanstar.com\/sv\/sekretesspolicy\/#breadcrumb\"},\"inLanguage\":\"sv-SE\",\"potentialAction\":[{\"@type\":\"ReadAction\",\"target\":[\"https:\/\/loanstar.com\/sv\/sekretesspolicy\/\"]}]},{\"@type\":\"BreadcrumbList\",\"@id\":\"https:\/\/loanstar.com\/sv\/sekretesspolicy\/#breadcrumb\",\"itemListElement\":[{\"@type\":\"ListItem\",\"position\":1,\"name\":\"Sverige\",\"item\":\"https:\/\/loanstar.com\/sv\/\"},{\"@type\":\"ListItem\",\"position\":2,\"name\":\"Sekretesspolicy\"}]},{\"@type\":\"WebSite\",\"@id\":\"https:\/\/loanstar.com\/sv\/#website\",\"url\":\"https:\/\/loanstar.com\/sv\/\",\"name\":\"LoanStar Sverige\",\"description\":\"J\u00e4mf\u00f6r l\u00e5n\",\"potentialAction\":[{\"@type\":\"SearchAction\",\"target\":{\"@type\":\"EntryPoint\",\"urlTemplate\":\"https:\/\/loanstar.com\/sv\/?s={search_term_string}\"},\"query-input\":\"required name=search_term_string\"}],\"inLanguage\":\"sv-SE\"}]}<\/script>\n<!-- \/ Yoast SEO plugin. -->","yoast_head_json":{"title":"Sekretesspolicy - LoanStar Sverige","description":"V\u00e5r sekretesspolicy klarg\u00f6r Digital Takeover, LTD's ansvar och arbete kring sekretess, integritet och s\u00e4kerhet f\u00f6r Tj\u00e4nsten.","robots":{"index":"index","follow":"follow","max-snippet":"max-snippet:-1","max-image-preview":"max-image-preview:large","max-video-preview":"max-video-preview:-1"},"canonical":"https:\/\/loanstar.com\/sv\/sekretesspolicy\/","og_locale":"sv_SE","og_type":"article","og_title":"Sekretesspolicy - LoanStar Sverige","og_description":"V\u00e5r sekretesspolicy klarg\u00f6r Digital Takeover, LTD's ansvar och arbete kring sekretess, integritet och s\u00e4kerhet f\u00f6r Tj\u00e4nsten.","og_url":"https:\/\/loanstar.com\/sv\/sekretesspolicy\/","og_site_name":"LoanStar Sverige","article_modified_time":"2019-08-27T14:42:26+00:00","twitter_card":"summary_large_image","twitter_misc":{"Ber\u00e4knad l\u00e4stid":"7 minuter"},"schema":{"@context":"https:\/\/schema.org","@graph":[{"@type":"WebPage","@id":"https:\/\/loanstar.com\/sv\/sekretesspolicy\/","url":"https:\/\/loanstar.com\/sv\/sekretesspolicy\/","name":"Sekretesspolicy - LoanStar Sverige","isPartOf":{"@id":"https:\/\/loanstar.com\/sv\/#website"},"datePublished":"2018-10-23T13:30:06+00:00","dateModified":"2019-08-27T14:42:26+00:00","description":"V\u00e5r sekretesspolicy klarg\u00f6r Digital Takeover, LTD's ansvar och arbete kring sekretess, integritet och s\u00e4kerhet f\u00f6r Tj\u00e4nsten.","breadcrumb":{"@id":"https:\/\/loanstar.com\/sv\/sekretesspolicy\/#breadcrumb"},"inLanguage":"sv-SE","potentialAction":[{"@type":"ReadAction","target":["https:\/\/loanstar.com\/sv\/sekretesspolicy\/"]}]},{"@type":"BreadcrumbList","@id":"https:\/\/loanstar.com\/sv\/sekretesspolicy\/#breadcrumb","itemListElement":[{"@type":"ListItem","position":1,"name":"Sverige","item":"https:\/\/loanstar.com\/sv\/"},{"@type":"ListItem","position":2,"name":"Sekretesspolicy"}]},{"@type":"WebSite","@id":"https:\/\/loanstar.com\/sv\/#website","url":"https:\/\/loanstar.com\/sv\/","name":"LoanStar Sverige","description":"J\u00e4mf\u00f6r l\u00e5n","potentialAction":[{"@type":"SearchAction","target":{"@type":"EntryPoint","urlTemplate":"https:\/\/loanstar.com\/sv\/?s={search_term_string}"},"query-input":"required name=search_term_string"}],"inLanguage":"sv-SE"}]}},"_links":{"self":[{"href":"https:\/\/loanstar.com\/sv\/wp-json\/wp\/v2\/pages\/258"}],"collection":[{"href":"https:\/\/loanstar.com\/sv\/wp-json\/wp\/v2\/pages"}],"about":[{"href":"https:\/\/loanstar.com\/sv\/wp-json\/wp\/v2\/types\/page"}],"author":[{"embeddable":true,"href":"https:\/\/loanstar.com\/sv\/wp-json\/wp\/v2\/users\/1"}],"replies":[{"embeddable":true,"href":"https:\/\/loanstar.com\/sv\/wp-json\/wp\/v2\/comments?post=258"}],"version-history":[{"count":1,"href":"https:\/\/loanstar.com\/sv\/wp-json\/wp\/v2\/pages\/258\/revisions"}],"predecessor-version":[{"id":407,"href":"https:\/\/loanstar.com\/sv\/wp-json\/wp\/v2\/pages\/258\/revisions\/407"}],"wp:attachment":[{"href":"https:\/\/loanstar.com\/sv\/wp-json\/wp\/v2\/media?parent=258"}],"curies":[{"name":"wp","href":"https:\/\/api.w.org\/{rel}","templated":true}]}}