{"id":165,"date":"2018-10-03T08:49:35","date_gmt":"2018-10-03T08:49:35","guid":{"rendered":"http:\/\/loanstar.com\/sv\/?page_id=165"},"modified":"2019-08-15T14:10:46","modified_gmt":"2019-08-15T12:10:46","slug":"mikrolan","status":"publish","type":"page","link":"https:\/\/loanstar.com\/sv\/lana-pengar\/mikrolan\/","title":{"rendered":"Mikrol\u00e5n"},"content":{"rendered":"<h2>Mikrol\u00e5n i Sverige<\/h2>\n<p>Att <a href=\"http:\/\/loanstar.com\/sv\/lana-pengar\/\">l\u00e5na pengar<\/a> var tidigare en r\u00e4tt s\u00e5 tidskr\u00e4vande process b\u00e5de f\u00f6r dig som l\u00e5ntagare och f\u00f6r l\u00e5ngivaren. Ans\u00f6kningsprocessen innefattade ofta ett personligt m\u00f6te med en banktj\u00e4nsteman och din kreditv\u00e4rdighet pr\u00f6vades manuellt. Att l\u00e5na ut mindre belopp i form av mikrol\u00e5n var under s\u00e5dana omst\u00e4ndigheter tyv\u00e4rr inte l\u00f6nsamt f\u00f6r l\u00e5ngivarna.<\/p>\n<p><img decoding=\"async\" class=\"aligncenter size-full wp-image-12\" src=\"http:\/\/loanstar.com\/sv\/wp-content\/uploads\/sites\/11\/2018\/09\/home_ill_1.svg\" alt=\"\" width=\"312\" \/><\/p>\n<p>Mikrol\u00e5n \u00e4r en l\u00e5neprodukt som har vuxit fram i samband med att tekniken utvecklats. Man kan som l\u00e5ntagare idag legitimera sig elektroniskt med <a href=\"https:\/\/www.bankid.com\/\">bank-ID<\/a> direkt via mobilen. \u00c4ven kreditupplysningen erh\u00e5lls i elektroniskt format och l\u00e5ngivarens kreditpr\u00f6vning av potentiella l\u00e5ntagare kan d\u00e4rf\u00f6r ske helt automatiskt. Med dessa f\u00f6ruts\u00e4ttningar spar l\u00e5ngivaren en stor m\u00e4ngd tid, vilket inneb\u00e4r l\u00e4gre handl\u00e4ggningskostnader. De l\u00e4gre kostnaderna har i sin tur gjort det m\u00f6jligt f\u00f6r l\u00e5ngivare att med vinst l\u00e5na ut mindre summor pengar. Det \u00e4r p\u00e5 den v\u00e4gen som marknaden f\u00f6r mikrol\u00e5n utvecklats i Sverige.<\/p>\n<h2>Mikrol\u00e5n skapar nya m\u00f6jligheter<\/h2>\n<p><img decoding=\"async\" class=\"alignleft size-full wp-image-17\" src=\"http:\/\/loanstar.com\/sv\/wp-content\/uploads\/sites\/11\/2018\/09\/ill_gen_1.svg\" alt=\"\" width=\"312\" \/>Banktj\u00e4nster, i form av krediter och l\u00e5n finns nu n\u00e4rmre till hands \u00e4n n\u00e5gonsin tidigare. Med en PC, laptop eller mobil kan vi inte bara l\u00e5na pengar med kort varsel. Vi kan ocks\u00e5 g\u00f6ra det n\u00e4r helst det passar oss, under dygnets alla timmar, hemma eller p\u00e5 resande fot. Det \u00e4r nu f\u00f6r tiden ocks\u00e5 betydligt fler l\u00e5ngivare som erbjuder mikrol\u00e5n, vilket \u00e4r positivt f\u00f6r dig som l\u00e5ntagare. \u00d6kad konkurrens leder n\u00e4mligen till b\u00e4ttre l\u00e5nevillkor f\u00f6r dig som l\u00e5ntagare. Man ska som l\u00e5ntagare dock alltid vara f\u00f6rsiktig med att skulds\u00e4tta sig. Det g\u00e4ller \u00e4ven f\u00f6r mikrol\u00e5n.<\/p>\n<h2>Skillnaden mellan mikrol\u00e5n, sms-l\u00e5n och sm\u00e5l\u00e5n<img decoding=\"async\" class=\"size-full wp-image-66 alignright\" src=\"http:\/\/loanstar.com\/sv\/wp-content\/uploads\/sites\/11\/2018\/09\/ill_body_2.svg\" alt=\"\" width=\"312\" \/><\/h2>\n<p>Ett mikrol\u00e5n \u00e4r, som namnet antyder, ett l\u00e5n med ett l\u00e5gt l\u00e5nebelopp. Namnet sms-l\u00e5n s\u00e4ger d\u00e4remot ingenting om sj\u00e4lva l\u00e5nebeloppet, \u00e4ven om \u00e4ven sms-l\u00e5n som regel \u00e4ven \u00e4r p\u00e5 mindre belopp. F\u00f6r sms-l\u00e5n ska det vara m\u00f6jligt att beg\u00e4ra utbetalningar genom att skicka ett sms till l\u00e5ngivaren.<\/p>\n<p>Att ett l\u00e5n \u00e4r ett mikrol\u00e5n utesluter dock inte att det ocks\u00e5 \u00e4r ett sms-l\u00e5n, \u00e4ven om l\u00e5ngivaren valt att kalla l\u00e5net annorlunda. Tv\u00e4rtom \u00e4r det vanligt att mindre l\u00e5n uppfyller kriterierna f\u00f6r b\u00e5da l\u00e5netyperna.<\/p>\n<p>L\u00e5nestrukturen \u00e4r densamma f\u00f6r b\u00e5de mikrol\u00e5n, sm\u00e5l\u00e5n och sms-l\u00e5n. De \u00e4r alla n\u00e4mligen privatl\u00e5n &#8211; l\u00e5n utan s\u00e4kerhet. F\u00f6r denna typ av l\u00e5n kr\u00e4ver l\u00e5ngivaren inget pantbrev. Det inneb\u00e4r att kreditrisken \u00f6kar. D\u00e4rf\u00f6r \u00e4r ocks\u00e5 mikrol\u00e5n, precis som \u00f6vriga l\u00e5n utan s\u00e4kerhet, betydligt dyrare \u00e4n s\u00e4krade l\u00e5n.<\/p>\n<p>Eftersom privatl\u00e5n kan omfatta l\u00e5nebelopp p\u00e5 upp till 600 000kr har m\u00e5nga l\u00e5ngivare valt att rikta in sig p\u00e5 ett visst beloppsspann. L\u00e5n som marknadsf\u00f6rs som sm\u00e5l\u00e5n \u00e4r ofta begr\u00e4nsade till ett l\u00e5nebelopp p\u00e5 upp till 100 000kr. F\u00f6r mikrol\u00e5n \u00e4r l\u00e5nebeloppet ofta inte h\u00f6gre \u00e4n 10 000kr. F\u00f6r sms-l\u00e5n ligger den \u00f6vre beloppsgr\u00e4nsen p\u00e5 omkring 40 000kr.<\/p>\n<h2>L\u00e5nekraven f\u00f6r mikrol\u00e5n<\/h2>\n<p><img decoding=\"async\" class=\"size-full wp-image-82 alignright\" src=\"http:\/\/loanstar.com\/sv\/wp-content\/uploads\/sites\/11\/2018\/09\/ill_body_18.svg\" alt=\"\" width=\"312\" \/>F\u00f6r mikrol\u00e5n \u00e4r kraven p\u00e5 dig som l\u00e5ntagare generellt s\u00e4tt l\u00e4gre \u00e4n f\u00f6r traditionella bankl\u00e5n. Det beror fr\u00e4mst p\u00e5 f\u00f6ljande tv\u00e5 faktorer. F\u00f6r det f\u00f6rsta \u00e4r beloppet p\u00e5 ett mikrol\u00e5n s\u00e5 pass l\u00e5gt att l\u00e5ngivaren f\u00e5r en v\u00e4ldigt gynnsam riskspridning. Det i sin tur ger utrymme f\u00f6r l\u00e5ngivaren att ta en n\u00e5got h\u00f6gre kreditrisk per kund. F\u00f6r det andra har mikrol\u00e5n ofta \u00e4ven en h\u00f6gre r\u00e4ntesats, vilket kompenserar f\u00f6r den h\u00f6gre risk som de l\u00e4gre st\u00e4llda kraven p\u00e5 dig som l\u00e5ntagare inneb\u00e4r.<\/p>\n<h3>Mikrol\u00e5n \u2013 ett l\u00e5n utan s\u00e4kerhet<\/h3>\n<p>Eftersom mikrol\u00e5n \u00e4r ett l\u00e5n utan s\u00e4kerhet kr\u00e4ver l\u00e5net ingen s\u00e4kerhet i form av ett pantbrev. Med andra ord \u00e4r det ett s\u00e5 kallat blancol\u00e5n. N\u00e4r du l\u00e5nar utan s\u00e4kerht f\u00f6rs \u00e4gander\u00e4tten till en specifik tillg\u00e5ng inte \u00f6ver till l\u00e5ngivaren om l\u00e5net skulle f\u00f6rfalla till betalning. \u00a0L\u00e5ngivaren kan dock alltid skicka sin fordran vidare till inkasso och d\u00e4refter till kronofogden. V\u00e4l hos kronofogden kan dina tillg\u00e5ngar slutligen komma att utm\u00e4tas om skulden inte betalas. Kronofogden har \u00e4ven m\u00f6jlighet att ordna en betalningsplan f\u00f6r dina skulder om s\u00e5 skulle beh\u00f6vas.<\/p>\n<h3>Kreditupplysningens betydelse<\/h3>\n<p>N\u00e4r du ans\u00f6ker om ett mikrol\u00e5n tas det i regel alltid en kreditupplysning. Konsekvenserna av en kreditupplysning skiljer sig dock \u00e5t beroende p\u00e5 vilket kreditupplysningsf\u00f6retag som anv\u00e4nds.<\/p>\n<p>Anv\u00e4nder l\u00e5ngivaren sig av UC inneb\u00e4r det att antalet kreditupplysningar som tas p\u00e5 dig som potentiell l\u00e5ntagare b\u00e5de registreras och delges l\u00e5ngivaren. L\u00e5ngivaren anv\u00e4nder sedan informationen som beslutsunderlag. Ett stort antal kreditupplysningar tolkar l\u00e5ngivaren som negativt. Detta eftersom det ses som en indikation p\u00e5 att du antingen har sv\u00e5rt att bli beviljad ett l\u00e5n hos \u00f6vriga l\u00e5ngivare eller att du helt enkelt l\u00e5nar v\u00e4ldigt ofta. Ans\u00f6ker du hos en l\u00e5ngivare som anv\u00e4nder sig av UC kan det d\u00e4rf\u00f6r minska dina chanser till ett l\u00e5n.<\/p>\n<p>F\u00f6r mikrol\u00e5n anser m\u00e5nga l\u00e5ngivare att det inte \u00e4r lika relevant med antalet kreditupplysningar som tagits p\u00e5 dig som l\u00e5ntagare. Det beror p\u00e5 att man f\u00f6r mikrol\u00e5n generellt s\u00e4tt l\u00e5nar mer frekvent \u00e4n vad man g\u00f6r f\u00f6r st\u00f6rre l\u00e5n. L\u00e5nebeloppet f\u00f6r ett mikrol\u00e5n \u00e4r ju trots allt relativt litet och l\u00e5net har dessutom ofta en begr\u00e4nsad l\u00f6ptid. Antalet kreditupplysningar s\u00e4ger d\u00e4rf\u00f6r v\u00e4ldigt lite om din betalningsf\u00f6rm\u00e5ga n\u00e4r det kommer till mikrol\u00e5n. P\u00e5 grund av just detta har m\u00e5nga akt\u00f6rer inom mikrol\u00e5nebranschen valt att inte ta antalet kreditupplysningar i beaktande.<\/p>\n<p>Ans\u00f6ker du om ett <a href=\"http:\/\/loanstar.com\/sv\/lana-pengar\/utan-uc\/\">l\u00e5n utan UC<\/a> kan du vara s\u00e4ker p\u00e5 att l\u00e5ngivaren inte tar h\u00e4nsyn till antalet kreditupplysningar. Detta eftersom det endast \u00e4r UC som delger denna typ av information till l\u00e5ngivaren.<\/p>\n<h3>H\u00e4r f\u00f6ljer en sammanfattning \u00f6ver l\u00e5nekraven f\u00f6r mikrol\u00e5n:<\/h3>\n<ul>\n<li>L\u00e5nar du av en bank eller annan kreditgivare som riktar sig mot den svenska marknaden ska du vara folkbokf\u00f6rd i Sverige, ha ett svenskt bankkonto och vara svensk medborgare.<\/li>\n<li>Du ska vara myndig och s\u00e5ledes minst 18 \u00e5r. Vissa l\u00e5ngivare till\u00e4mpar en h\u00f6gre \u00e5ldersgr\u00e4ns f\u00f6r sina l\u00e5n.<\/li>\n<li>Du ska kunna legitimera dig. Om l\u00e5neprocessen sker online, legitimerar du dig enkelt med hj\u00e4lp av <a href=\"https:\/\/www.bankid.com\/\">BankID<\/a><u>.<\/u><\/li>\n<li>Det g\u00f6rs i regel alltid en kreditpr\u00f6vning p\u00e5 dig som s\u00f6kande. Du beh\u00f6ver d\u00e5 uppfylla l\u00e5ngivarens st\u00e4llda krav.<\/li>\n<li>En fast inkomst \u00e4r ofta ett krav.\n<ul>\n<li>Vissa l\u00e5ngivare accepterar studiemedel som inkomst.<\/li>\n<\/ul>\n<\/li>\n<li>L\u00e5ngivare accepterar generellt s\u00e4tt inga betalningsanm\u00e4rkningar, med undantag f\u00f6r vissa h\u00f6griskl\u00e5n.<\/li>\n<\/ul>\n<h2>Vikten av att fullf\u00f6lja din \u00e5terbetalning<strong><br \/>\n<\/strong><\/h2>\n<p>L\u00e5nebeloppet f\u00f6r ett mikrol\u00e5n \u00e4r mindre j\u00e4mf\u00f6rt med andra l\u00e5netyper, men det \u00e4r fortfarande lika viktigt att du respekterar dina l\u00e5nevillkor och betalar tillbaka l\u00e5net till fullo. Det inneb\u00e4r \u00e4ven att du inte b\u00f6r ans\u00f6ka om ett mikrol\u00e5n s\u00e5vida du inte \u00e4r s\u00e4ker p\u00e5 att du, under aktuella f\u00f6rh\u00e5llanden, \u00e4r kapabel att betala tillbaka l\u00e5net i enlighet med uppsatta l\u00e5nevillkor. Ett mikrol\u00e5n som f\u00f6rfaller till betalning har n\u00e4mligen samma allvarliga p\u00e5f\u00f6ljder som alla andra l\u00e5n. Du riskerar extra avgifter i form av dr\u00f6jsm\u00e5lsr\u00e4nta och inkassoavgifter. Skulden hamnar i slut\u00e4ndan \u00e4ven hos kronofogden vilket normalt s\u00e4tt resulterar i en betalningsanm\u00e4rkning.<\/p>\n<p>L\u00e4gre l\u00e5nekrav f\u00f6r mikrol\u00e5n inneb\u00e4r \u00e4ven att risken f\u00f6r \u00f6verbel\u00e5ning \u00f6kar. Det \u00e4r d\u00e4rmed \u00e4n s\u00e5 viktigt att du g\u00f6r din egen bed\u00f6mning \u00f6ver huruvida du har ekonomisk kapacitet att fullf\u00f6lja \u00e5terbetalningsplanen. Att man kan bli beviljad ett l\u00e5n betyder inte per automatik att det \u00e4r l\u00e4mpligt att l\u00e5na.<\/p>\n<h2>Varf\u00f6r har mikrol\u00e5n en h\u00f6gre r\u00e4nta \u00e4n privatl\u00e5n?<\/h2>\n<p>N\u00e4r du j\u00e4mf\u00f6r mikrol\u00e5n med ett vanligt <a href=\"http:\/\/loanstar.com\/sv\/lana-pengar\/privatlan\/\">privatl\u00e5n<\/a> kommer du m\u00e4rka att r\u00e4ntesatsen ofta \u00e4r betydligt h\u00f6gre f\u00f6r mikrol\u00e5n. D\u00e5 mikrol\u00e5n, precis som andra l\u00e5n, beh\u00f6ver administreras av l\u00e5ngivaren, finns det en administrativ kostnad f\u00f6r l\u00e5net. Denna kostnad \u00e4r i f\u00f6rh\u00e5llande till l\u00e5nebeloppet h\u00f6gre \u00e4n f\u00f6r ett st\u00f6rre l\u00e5n, vilket \u00e4ven inneb\u00e4r att den effektiva r\u00e4ntan \u00f6kar. Eftersom l\u00e5nebeloppet \u00e4r litet och du endast betalar r\u00e4nta f\u00f6r den tid du nyttjar l\u00e5net beh\u00f6ver ett mikrol\u00e5n dock inte kosta dig s\u00e4rskilt mycket i kronor. D\u00e4rf\u00f6r accepterar m\u00e5nga l\u00e5ntagare en h\u00f6gre effektiv r\u00e4nta f\u00f6r mikrol\u00e5n. Med det sagt f\u00f6rekommer det akt\u00f6rer p\u00e5 l\u00e5nemarknaden som tar ut alldeles f\u00f6r h\u00f6ga avgifter f\u00f6r sina mikrol\u00e5n.<\/p>\n<p>Tack vare Riksbankens expansiva penningpolitik under senare \u00e5r, \u00e4r r\u00e4ntorna i Sverige i dagsl\u00e4get generellt s\u00e4tt v\u00e4ldigt l\u00e5ga. Det p\u00e5verkar r\u00e4ntorna \u00e4ven f\u00f6r kommersiella l\u00e5n. Under dessa f\u00f6rh\u00e5llanden b\u00f6r du kunna f\u00f6rv\u00e4nta dig en relativt l\u00e5g r\u00e4nta \u00e4ven f\u00f6r ett mikrol\u00e5n. Det stora antalet l\u00e5ngivare som erbjuder mikrol\u00e5n talar \u00e4ven f\u00f6r detta. \u00d6kad konkurrens minskar n\u00e4mligen l\u00e5ngivarens marginaler, vilket inneb\u00e4r b\u00e4ttre priser till dig som kund. V\u00e4lj d\u00e4rf\u00f6r inte f\u00f6rsta b\u00e4sta mikrol\u00e5n utan j\u00e4mf\u00f6r r\u00e4nta och avgifter mellan olika l\u00e5ngivare. \u00c4ven f\u00f6rseningsavgifter, Handl\u00e4ggningstider, utbetalningstider samt utbetalningsalternativ \u00e4r egenskaper som kan vara v\u00e4rda att j\u00e4mf\u00f6ra.<\/p>\n<h3>L\u00e5nar du mycket kan ett st\u00f6rre l\u00e5n eller en kontokredit vara b\u00e4ttre<\/h3>\n<p>Det \u00e4r inte optimalt att ha ett stort antal mikrol\u00e5n. D\u00e5 \u00e4r det b\u00e4ttre att ans\u00f6ka om ett st\u00f6rre l\u00e5n och d\u00e4rmed samla dina l\u00e5n hos en l\u00e5ngivare. D\u00e5 erbjuds du ofta en l\u00e4gre r\u00e4nta. Ett annat alternativ \u00e4r att ans\u00f6ka om en kontokredit. Det finns faktiskt banker och kreditinstitut som erbjuder kontokrediter \u00e4ven f\u00f6r mindre belopp. F\u00f6rdelen med en kontokredit \u00e4r att du endast betalar r\u00e4nta p\u00e5 den del av krediten som du utnyttjar samtidigt som du fortfarande har tillg\u00e5ng till hela krediten om det skulle beh\u00f6vas. En kontokredit \u00e4r d\u00e4rf\u00f6r ofta en v\u00e4ldigt kostnadseffektiv l\u00f6sning.<\/p>\n<p>Ibland kan r\u00e4ntan vara h\u00f6gre p\u00e5 en kontokredit \u00e4n f\u00f6r ett l\u00e5n, men \u00e4ven d\u00e5 kan en kontokredit vara det b\u00e4ttre alternativet. Detta beror p\u00e5 att du med en kontokredit endast betalar r\u00e4nta p\u00e5 den del av krediten som du anv\u00e4nder, medan du f\u00f6r ett l\u00e5n beh\u00f6ver betala r\u00e4nta f\u00f6r hela l\u00e5nesumman, oavsett hur stor del av l\u00e5net du nyttjar.<\/p>\n<h2>Finns det r\u00e4ntefria mikrol\u00e5n?<\/h2>\n<p>Vissa l\u00e5ngivare erbjuder sina nya kunder det f\u00f6rsta mikrol\u00e5net b\u00e5de r\u00e4ntefritt och helt utan kostnad. Ofta \u00e4r l\u00f6ptiden f\u00f6r l\u00e5net d\u00e5 ocks\u00e5 begr\u00e4nsad till 30 dagar. L\u00e5nar du l\u00e4ngre \u00e4n s\u00e5 f\u00e5r du ofta betala b\u00e5de r\u00e4nta och diverse avgifter. Att hitta en l\u00e5ngivare som p\u00e5 l\u00e5ng sikt \u00e4r villig att erbjuda dig kostnadsfria l\u00e5n \u00e4r v\u00e4ldigt sv\u00e5rt. Enda m\u00f6jligheten \u00e4r om l\u00e5ngivaren bedriver l\u00e5neverksamhet i v\u00e4lg\u00f6renhetssyfte. T\u00e4nk dock p\u00e5 att en l\u00e5neverksamhet alltid kostar att uppr\u00e4tth\u00e5lla och om inte kunden betalar f\u00f6r verksamheten s\u00e5 m\u00e5ste n\u00e5gon annan g\u00f6ra det, som exempelvis en stat eller en filantrop.<\/p>\n<h2>Sammanfattning<\/h2>\n<p><img decoding=\"async\" class=\"alignleft size-full wp-image-17\" src=\"http:\/\/loanstar.com\/sv\/wp-content\/uploads\/sites\/11\/2018\/09\/ill_gen_1.svg\" alt=\"\" width=\"312\" \/>Varje l\u00e5n \u00e4r f\u00f6rknippat med vissa kostnader f\u00f6r l\u00e5ngivaren. Dessa kostnader var h\u00f6gre f\u00f6rr i tiden d\u00e5 mycket av handl\u00e4ggningen skedde manuellt. Ju mindre l\u00e5net var, desto h\u00f6gre var ocks\u00e5 kostnaderna i proportion till sj\u00e4lva l\u00e5net. D\u00e4rf\u00f6r var mikrol\u00e5n ofta ingen l\u00f6nsam produkt f\u00f6r l\u00e5ngivare f\u00f6rr i tiden.<\/p>\n<p>Mikrol\u00e5n \u00e4r en l\u00e5neform som vuxit fram i takt med att tekniken utvecklats. L\u00e5neprocessen har digitaliserats och det mesta av handl\u00e4ggningen sker numera per automatik. Detta har gjort att kostnaden f\u00f6r att handl\u00e4gga ett l\u00e5n har sjunkit betydligt. D\u00e4rf\u00f6r \u00e4r mikrol\u00e5n numera en v\u00e4ldigt l\u00f6nsam produkt f\u00f6r l\u00e5ngivare i Sverige och marknaden f\u00f6r mikrol\u00e5n v\u00e4xer kraftigt. Med antalet l\u00e5ngivare som erbjuder mikrol\u00e5n \u00f6kar \u00e4ven konkurrensen. Det \u00e4r positivt f\u00f6r dig som kund eftersom du f\u00e5r en mer gynnsam priss\u00e4ttning.<\/p>\n<p>I Sverige anv\u00e4nds mikrol\u00e5n fr\u00e4mst av hush\u00e5ll. M\u00e5nga anv\u00e4nder l\u00e5net till att j\u00e4mna ut likviditeten under m\u00e5naden eller till att finansiera mindre ink\u00f6p. Mikrol\u00e5n fyller \u00e4ven en viktig funktion f\u00f6r samh\u00e4llet i stort. Eftersom tillg\u00e5ngen till mikrol\u00e5n \u00f6kar konsumtionen i Sverige har det en positiv inverkan p\u00e5 landets BNP.<\/p>\n<p>Gl\u00f6m inte att j\u00e4mf\u00f6ra mikrol\u00e5n mellan olika l\u00e5ngivare och f\u00f6rs\u00e4kra dig om att du erbjuds ett l\u00e5n med goda villkor och l\u00e5g r\u00e4nta. Anv\u00e4nd g\u00e4rna v\u00e5r smidiga j\u00e4mf\u00f6relsetj\u00e4nst f\u00f6r detta. Tj\u00e4nsten j\u00e4mf\u00f6r erbjudanden fr\u00e5n ett stort antal l\u00e5ngivare. Du f\u00e5r \u00e4ven information om flera viktiga egenskaper f\u00f6r varje mikrol\u00e5n i j\u00e4mf\u00f6relsen.<\/p>\n","protected":false},"excerpt":{"rendered":"<p>Mikrol\u00e5n i Sverige Att l\u00e5na pengar var tidigare en r\u00e4tt s\u00e5 tidskr\u00e4vande process b\u00e5de f\u00f6r dig som l\u00e5ntagare och f\u00f6r&#8230;<\/p>\n","protected":false},"author":1,"featured_media":0,"parent":101,"menu_order":0,"comment_status":"closed","ping_status":"closed","template":"templates\/calculator-follow-up.php","meta":{"footnotes":""},"yoast_head":"<!-- This site is optimized with the Yoast SEO plugin v21.0 - https:\/\/yoast.com\/wordpress\/plugins\/seo\/ -->\n<title>J\u00e4mf\u00f6r mikrol\u00e5n och hitta det b\u00e4sta l\u00e5net med LoanStar<\/title>\n<meta name=\"description\" content=\"Hos LoanStar kan du J\u00e4mf\u00f6ra mikrol\u00e5n fr\u00e5n Sveriges mest popul\u00e4ra l\u00e5ngivare och hitta l\u00e5net med b\u00e4st villkor och l\u00e4gsta m\u00f6jliga r\u00e4nta.\" \/>\n<meta name=\"robots\" content=\"index, follow, max-snippet:-1, max-image-preview:large, max-video-preview:-1\" \/>\n<link rel=\"canonical\" href=\"https:\/\/loanstar.com\/sv\/lana-pengar\/mikrolan\/\" \/>\n<meta property=\"og:locale\" content=\"sv_SE\" \/>\n<meta property=\"og:type\" content=\"article\" \/>\n<meta property=\"og:title\" content=\"J\u00e4mf\u00f6r mikrol\u00e5n och hitta det b\u00e4sta l\u00e5net med LoanStar\" \/>\n<meta property=\"og:description\" content=\"Hos LoanStar kan du J\u00e4mf\u00f6ra mikrol\u00e5n fr\u00e5n Sveriges mest popul\u00e4ra l\u00e5ngivare och hitta l\u00e5net med b\u00e4st villkor och l\u00e4gsta m\u00f6jliga r\u00e4nta.\" \/>\n<meta property=\"og:url\" content=\"https:\/\/loanstar.com\/sv\/lana-pengar\/mikrolan\/\" \/>\n<meta property=\"og:site_name\" content=\"LoanStar Sverige\" \/>\n<meta property=\"article:modified_time\" content=\"2019-08-15T12:10:46+00:00\" \/>\n<meta property=\"og:image\" content=\"http:\/\/loanstar.com\/sv\/wp-content\/uploads\/sites\/11\/2018\/09\/home_ill_1.svg\" \/>\n<meta name=\"twitter:card\" content=\"summary_large_image\" \/>\n<meta name=\"twitter:label1\" content=\"Ber\u00e4knad l\u00e4stid\" \/>\n\t<meta name=\"twitter:data1\" content=\"12 minuter\" \/>\n<script type=\"application\/ld+json\" class=\"yoast-schema-graph\">{\"@context\":\"https:\/\/schema.org\",\"@graph\":[{\"@type\":\"WebPage\",\"@id\":\"https:\/\/loanstar.com\/sv\/lana-pengar\/mikrolan\/\",\"url\":\"https:\/\/loanstar.com\/sv\/lana-pengar\/mikrolan\/\",\"name\":\"J\u00e4mf\u00f6r mikrol\u00e5n och hitta det b\u00e4sta l\u00e5net med LoanStar\",\"isPartOf\":{\"@id\":\"https:\/\/loanstar.com\/sv\/#website\"},\"datePublished\":\"2018-10-03T08:49:35+00:00\",\"dateModified\":\"2019-08-15T12:10:46+00:00\",\"description\":\"Hos LoanStar kan du J\u00e4mf\u00f6ra mikrol\u00e5n fr\u00e5n Sveriges mest popul\u00e4ra l\u00e5ngivare och hitta l\u00e5net med b\u00e4st villkor och l\u00e4gsta m\u00f6jliga r\u00e4nta.\",\"breadcrumb\":{\"@id\":\"https:\/\/loanstar.com\/sv\/lana-pengar\/mikrolan\/#breadcrumb\"},\"inLanguage\":\"sv-SE\",\"potentialAction\":[{\"@type\":\"ReadAction\",\"target\":[\"https:\/\/loanstar.com\/sv\/lana-pengar\/mikrolan\/\"]}]},{\"@type\":\"BreadcrumbList\",\"@id\":\"https:\/\/loanstar.com\/sv\/lana-pengar\/mikrolan\/#breadcrumb\",\"itemListElement\":[{\"@type\":\"ListItem\",\"position\":1,\"name\":\"Sverige\",\"item\":\"https:\/\/loanstar.com\/sv\/\"},{\"@type\":\"ListItem\",\"position\":2,\"name\":\"L\u00e5na pengar\",\"item\":\"https:\/\/loanstar.com\/sv\/lana-pengar\/\"},{\"@type\":\"ListItem\",\"position\":3,\"name\":\"Mikrol\u00e5n\"}]},{\"@type\":\"WebSite\",\"@id\":\"https:\/\/loanstar.com\/sv\/#website\",\"url\":\"https:\/\/loanstar.com\/sv\/\",\"name\":\"LoanStar Sverige\",\"description\":\"J\u00e4mf\u00f6r l\u00e5n\",\"potentialAction\":[{\"@type\":\"SearchAction\",\"target\":{\"@type\":\"EntryPoint\",\"urlTemplate\":\"https:\/\/loanstar.com\/sv\/?s={search_term_string}\"},\"query-input\":\"required name=search_term_string\"}],\"inLanguage\":\"sv-SE\"}]}<\/script>\n<!-- \/ Yoast SEO plugin. -->","yoast_head_json":{"title":"J\u00e4mf\u00f6r mikrol\u00e5n och hitta det b\u00e4sta l\u00e5net med LoanStar","description":"Hos LoanStar kan du J\u00e4mf\u00f6ra mikrol\u00e5n fr\u00e5n Sveriges mest popul\u00e4ra l\u00e5ngivare och hitta l\u00e5net med b\u00e4st villkor och l\u00e4gsta m\u00f6jliga r\u00e4nta.","robots":{"index":"index","follow":"follow","max-snippet":"max-snippet:-1","max-image-preview":"max-image-preview:large","max-video-preview":"max-video-preview:-1"},"canonical":"https:\/\/loanstar.com\/sv\/lana-pengar\/mikrolan\/","og_locale":"sv_SE","og_type":"article","og_title":"J\u00e4mf\u00f6r mikrol\u00e5n och hitta det b\u00e4sta l\u00e5net med LoanStar","og_description":"Hos LoanStar kan du J\u00e4mf\u00f6ra mikrol\u00e5n fr\u00e5n Sveriges mest popul\u00e4ra l\u00e5ngivare och hitta l\u00e5net med b\u00e4st villkor och l\u00e4gsta m\u00f6jliga r\u00e4nta.","og_url":"https:\/\/loanstar.com\/sv\/lana-pengar\/mikrolan\/","og_site_name":"LoanStar Sverige","article_modified_time":"2019-08-15T12:10:46+00:00","og_image":[{"url":"http:\/\/loanstar.com\/sv\/wp-content\/uploads\/sites\/11\/2018\/09\/home_ill_1.svg"}],"twitter_card":"summary_large_image","twitter_misc":{"Ber\u00e4knad l\u00e4stid":"12 minuter"},"schema":{"@context":"https:\/\/schema.org","@graph":[{"@type":"WebPage","@id":"https:\/\/loanstar.com\/sv\/lana-pengar\/mikrolan\/","url":"https:\/\/loanstar.com\/sv\/lana-pengar\/mikrolan\/","name":"J\u00e4mf\u00f6r mikrol\u00e5n och hitta det b\u00e4sta l\u00e5net med LoanStar","isPartOf":{"@id":"https:\/\/loanstar.com\/sv\/#website"},"datePublished":"2018-10-03T08:49:35+00:00","dateModified":"2019-08-15T12:10:46+00:00","description":"Hos LoanStar kan du J\u00e4mf\u00f6ra mikrol\u00e5n fr\u00e5n Sveriges mest popul\u00e4ra l\u00e5ngivare och hitta l\u00e5net med b\u00e4st villkor och l\u00e4gsta m\u00f6jliga r\u00e4nta.","breadcrumb":{"@id":"https:\/\/loanstar.com\/sv\/lana-pengar\/mikrolan\/#breadcrumb"},"inLanguage":"sv-SE","potentialAction":[{"@type":"ReadAction","target":["https:\/\/loanstar.com\/sv\/lana-pengar\/mikrolan\/"]}]},{"@type":"BreadcrumbList","@id":"https:\/\/loanstar.com\/sv\/lana-pengar\/mikrolan\/#breadcrumb","itemListElement":[{"@type":"ListItem","position":1,"name":"Sverige","item":"https:\/\/loanstar.com\/sv\/"},{"@type":"ListItem","position":2,"name":"L\u00e5na pengar","item":"https:\/\/loanstar.com\/sv\/lana-pengar\/"},{"@type":"ListItem","position":3,"name":"Mikrol\u00e5n"}]},{"@type":"WebSite","@id":"https:\/\/loanstar.com\/sv\/#website","url":"https:\/\/loanstar.com\/sv\/","name":"LoanStar Sverige","description":"J\u00e4mf\u00f6r l\u00e5n","potentialAction":[{"@type":"SearchAction","target":{"@type":"EntryPoint","urlTemplate":"https:\/\/loanstar.com\/sv\/?s={search_term_string}"},"query-input":"required name=search_term_string"}],"inLanguage":"sv-SE"}]}},"_links":{"self":[{"href":"https:\/\/loanstar.com\/sv\/wp-json\/wp\/v2\/pages\/165"}],"collection":[{"href":"https:\/\/loanstar.com\/sv\/wp-json\/wp\/v2\/pages"}],"about":[{"href":"https:\/\/loanstar.com\/sv\/wp-json\/wp\/v2\/types\/page"}],"author":[{"embeddable":true,"href":"https:\/\/loanstar.com\/sv\/wp-json\/wp\/v2\/users\/1"}],"replies":[{"embeddable":true,"href":"https:\/\/loanstar.com\/sv\/wp-json\/wp\/v2\/comments?post=165"}],"version-history":[{"count":4,"href":"https:\/\/loanstar.com\/sv\/wp-json\/wp\/v2\/pages\/165\/revisions"}],"predecessor-version":[{"id":398,"href":"https:\/\/loanstar.com\/sv\/wp-json\/wp\/v2\/pages\/165\/revisions\/398"}],"up":[{"embeddable":true,"href":"https:\/\/loanstar.com\/sv\/wp-json\/wp\/v2\/pages\/101"}],"wp:attachment":[{"href":"https:\/\/loanstar.com\/sv\/wp-json\/wp\/v2\/media?parent=165"}],"curies":[{"name":"wp","href":"https:\/\/api.w.org\/{rel}","templated":true}]}}