{"id":161,"date":"2018-10-03T08:16:57","date_gmt":"2018-10-03T08:16:57","guid":{"rendered":"http:\/\/loanstar.com\/sv\/?page_id=161"},"modified":"2019-08-24T14:56:30","modified_gmt":"2019-08-24T12:56:30","slug":"utan-uc","status":"publish","type":"page","link":"https:\/\/loanstar.com\/sv\/lana-pengar\/utan-uc\/","title":{"rendered":"L\u00e5n utan UC"},"content":{"rendered":"<h2>Introduktion<\/h2>\n<p>Vi kommer h\u00e4r att redog\u00f6ra f\u00f6r vad ett l\u00e5n utan UC inneb\u00e4r, vilka f\u00f6rdelar det har, hur du hittar denna typ av l\u00e5n och vad du ska t\u00e4nka p\u00e5 vid en eventuell l\u00e5neans\u00f6kan. F\u00f6r att du b\u00e4ttre ska f\u00f6rst\u00e5 inneb\u00f6rden av termen, &#8221;l\u00e5n utan UC&#8221;, b\u00f6rjar vi med en kort genomg\u00e5ng av vad Upplysningscentralen (UC) st\u00e5r f\u00f6r.<\/p>\n<h2>Upplysningscentralen (UC)<\/h2>\n<h3>Vad \u00e4r UC?<\/h3>\n<p><img decoding=\"async\" loading=\"lazy\" class=\"alignright wp-image-12\" src=\"http:\/\/loanstar.com\/sv\/wp-content\/uploads\/sites\/11\/2018\/09\/home_ill_1.svg\" alt=\"loanstar-Upplysningscentralen\" width=\"312\" height=\"150\" \/><a href=\"https:\/\/www.uc.se\/\" target=\"_blank\" rel=\"noopener noreferrer\">Upplysningscentralen<\/a>, ofta f\u00f6rkortat till UC, \u00e4r Sveriges st\u00f6rsta och \u00e4ldsta kreditupplysningsf\u00f6retag. F\u00f6retaget fyller en viktig funktion i svenskt n\u00e4ringsliv och framf\u00f6rallt inom bankv\u00e4sendet, d\u00e4r kreditv\u00e4rdigheten hos kunderna \u00e4r av yttersta vikt. Det \u00e4r de svenska storbankerna Swedbank, Handelsbanken, Nordea och SEB som tillsammans \u00e4r huvud\u00e4gare av UC.<\/p>\n<h3>Vad arbetar UC med?<\/h3>\n<p>UC arbetar med att samla in och vidarebefordra kreditinformation till banker och andra l\u00e5ngivare. \u00c4ven f\u00f6retag som s\u00e4ljer varor eller tj\u00e4nster p\u00e5 kredit, eller de som s\u00e4ljer abonnemang, anv\u00e4nder sig av UC. Kreditinformationen som UC levererar kallas f\u00f6r en kreditupplysning och anv\u00e4nds till att bed\u00f6ma slutkundens kreditv\u00e4rdighet. Kreditupplysningen \u00e4r det viktigaste kvantitativa beslutsunderlag som en l\u00e5ngivare har till sitt f\u00f6rfogande. Den har s\u00e5ledes ett avg\u00f6rande inflytande p\u00e5 huruvida ditt l\u00e5n blir beviljat eller ej.<\/p>\n<p>All information i en kreditupplysning kommer normalt s\u00e4tt fr\u00e5n offentliga register, men UC kan \u00e4ven g\u00f6ra mer avancerade kreditbed\u00f6mningar, av till exempel f\u00f6retag, inf\u00f6r viktiga aff\u00e4rsuppg\u00f6relser.<\/p>\n<h3>Nya alternativ p\u00e5 en f\u00f6r\u00e4nderlig marknad<\/h3>\n<p>L\u00e5ngivare har i alla tider f\u00f6rs\u00f6kt bilda sig en uppfattning om \u00e5terbetalningsf\u00f6rm\u00e5gan hos dem som ans\u00f6ker om ett l\u00e5n. Tidigare hade alla svenska banker sina egna register. Det kr\u00e4vde en hel del resurser och kostade naturligtvis pengar. I dag best\u00e4ller man ist\u00e4llet kreditupplysningar fr\u00e5n externa kreditupplysningsf\u00f6retag. Handl\u00e4ggningen \u00e4r nu ofta \u00e4ven helt automatiserad och med mycket l\u00e5ga kostnader, vilket har banat v\u00e4g f\u00f6r nya l\u00e5nestrukturer s\u00e5som <a href=\"http:\/\/loanstar.com\/sv\/lana-pengar\/snabblan\">snabbl\u00e5n<\/a>, <a href=\"http:\/\/loanstar.com\/sv\/lana-pengar\/mikrolan\">mikrol\u00e5n<\/a> och <a href=\"http:\/\/loanstar.com\/sv\/lana-pengar\/smslan\">smsl\u00e5n<\/a>.<\/p>\n<p>Den korta handl\u00e4ggningstiden har gjort att allt fler, regelbundet, anv\u00e4nder snabbl\u00e5n som en del av sin hush\u00e5llsekonomi. Inte s\u00e4llan anv\u00e4nds snabbl\u00e5n till att j\u00e4mna ut likviditeten under m\u00e5naden. Det inneb\u00e4r ocks\u00e5 att antalet kreditupplysningar som tas p\u00e5 dig som l\u00e5ntagare \u00f6kar.<\/p>\n<h2>\u00c4r l\u00e5n med UC problematiskt?<\/h2>\n<p><img decoding=\"async\" loading=\"lazy\" class=\"alignright wp-image-20\" src=\"http:\/\/loanstar.com\/sv\/wp-content\/uploads\/sites\/11\/2018\/09\/ill_gen_4.svg\" alt=\"loanstar-l\u00e5n-med-uc\" width=\"312\" height=\"150\" \/>Oavsett om du har tagit ett <a href=\"http:\/\/loanstar.com\/sv\/lana-pengar\/snabblan\">snabbl\u00e5n<\/a> eller <a href=\"http:\/\/loanstar.com\/sv\/lana-pengar\/mikrolan\">mikrol\u00e5n<\/a>, k\u00f6pt n\u00e5got p\u00e5 kredit eller tecknat ett abonnemang, tas det ofta en kreditupplysning. Anv\u00e4nder l\u00e5ngivaren sig av UC som kreditupplysningsf\u00f6retag finns antalet kreditupplysningar med i rapporten och anv\u00e4nds normalt som beslutsunderlag. UC registrerar och delger ocks\u00e5 alltid informationen till l\u00e5ngivaren.<\/p>\n<p>Har du som l\u00e5ntagare ett stort antal kreditupplysningar registrerade p\u00e5 dig kan det, med UC, bli ett problem, eftersom l\u00e5ngivare ofta tolkar ett h\u00f6gt antal kreditupplysningar som en indikation p\u00e5 en l\u00e5g betalningsf\u00f6rm\u00e5ga och d\u00e4rmed en \u00f6kad kreditrisk. De \u00e4r d\u00e4rf\u00f6r skeptiska till kunder av denna kategori.<\/p>\n<p>De flesta l\u00e5ngivare som anv\u00e4nder sig av UC har en maxgr\u00e4ns f\u00f6r hur m\u00e5nga kreditupplysningar du f\u00e5r ha registrerade p\u00e5 dig. Om du i framtiden vill kunna ta ett lite st\u00f6rre l\u00e5n, till exempel ett bol\u00e5n, \u00e4r det retligt att bli nekad l\u00e5net p\u00e5 grund av det h\u00e4r. M\u00e5nga l\u00e5ntagare v\u00e4ljer d\u00e4rf\u00f6r att minimera antalet kreditupplysningar fr\u00e5n UC. Tecknar du regelbundet mindre l\u00e5n, kan du anv\u00e4nda v\u00e5r j\u00e4mf\u00f6relsetj\u00e4nst f\u00f6r att leta specifikt efter l\u00e5n utan UC.<\/p>\n<h2>L\u00e5n utan UC<\/h2>\n<p>L\u00e5n utan UC, inneb\u00e4r att l\u00e5ngivaren anv\u00e4nder sig av ett annat kreditupplysningsf\u00f6retag \u00e4n UC f\u00f6r att bed\u00f6ma din kreditv\u00e4rdighet. Dessa alternativa kreditupplysningsf\u00f6retag varken registrerar eller delger antalet kreditupplysningar till l\u00e5ngivaren. L\u00e5ngivaren har med andra ord d\u00e5 valt att inte ta h\u00e4nsyn till antalet kreditupplysningar.<\/p>\n<p>N\u00e4r det g\u00e4ller <a href=\"http:\/\/loanstar.com\/sv\/lana-pengar\/snabblan\">snabbl\u00e5n<\/a>, <a href=\"http:\/\/loanstar.com\/sv\/lana-pengar\/mikrolan\">mikrol\u00e5n<\/a> och <a href=\"http:\/\/loanstar.com\/sv\/lana-pengar\/smslan\">smsl\u00e5n<\/a> \u00e4r dessutom majoriteten av alla l\u00e5n som erbjuds, l\u00e5n utan UC. Handlar du p\u00e5 kredit, tecknar ett abonnemang eller ans\u00f6ker om ett st\u00f6rre l\u00e5n, \u00e4r l\u00e5n med UC\u00a0 d\u00e4remot vanligare.<\/p>\n<h2>D\u00e4rf\u00f6r \u00e4r vissa l\u00e5ngivare inriktade p\u00e5 l\u00e5n utan UC<\/h2>\n<p>F\u00f6retag som sysslar med utl\u00e5ning vill, som de flesta andra f\u00f6retag, uppn\u00e5 en s\u00e5 stor oms\u00e4ttning som m\u00f6jligt. Om en l\u00e5ngivare \u00e4r inriktad p\u00e5 mikrol\u00e5n, \u00e4r det viktigt att de kommer upp i stora volymer. De beh\u00f6ver d\u00e4rf\u00f6r teckna ett stort antal l\u00e5n.<\/p>\n<p>Med mindre l\u00e5n \u00e4r det heller inte ovanligt med \u00e5terkommande kunder, s\u00e4rskilt om l\u00e5net anv\u00e4nds till att j\u00e4mna ut likviditeten under en m\u00e5nad. Snabbl\u00e5n exempelvis, \u00e4r ofta \u00e5terbetalda inom en m\u00e5nad och sedan kan l\u00e5ntagaren teckna ett nytt snabbl\u00e5n.<\/p>\n<p>F\u00f6r snabbl\u00e5n \u00e4r det problematiskt om det pl\u00f6tsligt inte g\u00e5r att l\u00e5na, bara f\u00f6r att l\u00e5ntagaren uppn\u00e5tt maxgr\u00e4nsen f\u00f6r antalet kreditupplysningar. Man kan ju inte ha en aff\u00e4rsid\u00e9 som bygger p\u00e5 att l\u00e5ntagaren ska kunna teckna mindre l\u00e5n regelbundet, ifall det samtidigt finns en \u00f6vre gr\u00e4ns f\u00f6r antalet kreditupplysningar som en l\u00e5ntagare f\u00e5r ha. M\u00e5nga kreditmarknadsinstitut som specialiserat sig p\u00e5 snabbl\u00e5n v\u00e4ljer d\u00e4rf\u00f6r andra kreditupplysningsf\u00f6retag \u00e4n UC, b\u00e5de f\u00f6r sin egen och kundens skull. F\u00f6r som kund kan du alltid v\u00e4lja en annan akt\u00f6r om l\u00e5n utan UC inte erbjuds.<\/p>\n<h3>\u00c4r antalet kreditupplysningar ett bra m\u00e5tt p\u00e5 min kreditv\u00e4rdighet?<\/h3>\n<p><img decoding=\"async\" loading=\"lazy\" class=\"alignright wp-image-13\" src=\"http:\/\/loanstar.com\/sv\/wp-content\/uploads\/sites\/11\/2018\/09\/home_ill_2.svg\" alt=\"loanstar-l\u00e5n-med-uc\" width=\"312\" height=\"150\" \/>Inom kategorin mikrol\u00e5n beh\u00f6ver ett stort antal kreditupplysningar inte heller symbolisera n\u00e5got negativt. Det kan ist\u00e4llet vara ett tecken p\u00e5 att du \u00e4r en trogen konsument av mikrol\u00e5n, och inte mer \u00e4n s\u00e5. S\u00e5 l\u00e4nge du betalar tillbaka dina l\u00e5n och \u00e4r utan betalningsanm\u00e4rkningar, bortser m\u00e5nga l\u00e5ngivare d\u00e4rf\u00f6r fr\u00e5n antalet kreditupplysningar. Det \u00e4r ocks\u00e5 en av anledningarna till att du i dag kan j\u00e4mf\u00f6ra och hitta ett flertal l\u00e5ngivare som \u00e4r villiga att erbjuda dig just l\u00e5n utan UC.<\/p>\n<p>I dag \u00e4r dessutom r\u00e4ntorna s\u00e5 l\u00e5ga i Sverige att det \u00e4r mycket f\u00f6rm\u00e5nligt att l\u00e5na pengar. De l\u00e5ga r\u00e4ntorna har gjort det l\u00e4ttare att skapa ett merv\u00e4rde av l\u00e5net, vilket \u00f6kar efterfr\u00e5gan. Ett merv\u00e4rde f\u00e5r du om nyttan av l\u00e5net \u00f6verstiger dess kostnader.<\/p>\n<h2>\u00c4r l\u00e5n utan UC alltid att f\u00f6redra?<\/h2>\n<p>Om du kan v\u00e4lja mellan tv\u00e5 l\u00e5n med exakt samma villkor och r\u00e4nta, och som bara skiljer sig \u00e5t p\u00e5 s\u00e5 vis att det ena l\u00e5net \u00e4r utan UC och det andra \u00e4r med UC, ska du i regel v\u00e4lja l\u00e5net utan UC. Det ger dig ett st\u00f6rre handlingsutrymme om du senare beh\u00f6ver l\u00e5na mer pengar, k\u00f6pa p\u00e5 kredit eller vill teckna ett abonnemang av n\u00e5got slag.<\/p>\n<p>Att l\u00e5na utan UC kan vara s\u00e4rskilt viktigt f\u00f6r dig som vet med dig att du kommer att flytta inom kort. Vid en flytt beh\u00f6ver man ofta teckna flera nya avtal och abonnemang samt eventuellt k\u00f6pa artiklar till det nya hemmet p\u00e5 kredit. Har du d\u00e5 ett stort antal kreditupplysningar registrerade p\u00e5 dig sedan tidigare \u00e4r det inte s\u00e4kert att s\u00e4ljaren \u00e4r villig att erbjuda dig n\u00e5gon kredit. F\u00f6rs\u00f6k d\u00e4rf\u00f6r alltid att l\u00e5na utan UC om du vet med dig att du kommer att flytta inom kort.<\/p>\n<p>L\u00e5nar du dock v\u00e4ldigt s\u00e4llan \u00e4r det av mindre betydelse vilket kreditupplysningsf\u00f6retag som anv\u00e4nds. Din prioritet b\u00f6r d\u00e5 ist\u00e4llet vara att v\u00e4lja l\u00e5net med b\u00e4st villkor och den l\u00e4gsta r\u00e4ntan. Kom ih\u00e5g att j\u00e4mf\u00f6ra den effektiva r\u00e4ntan mellan olika l\u00e5n, d\u00e5 den inkluderar samtliga avgifter f\u00f6r l\u00e5net.<\/p>\n<p>J\u00e4mf\u00f6r l\u00e5n med hj\u00e4lp av v\u00e5r j\u00e4mf\u00f6relsetj\u00e4nst innan du best\u00e4mmer dig f\u00f6r vilket l\u00e5n du ska teckna. \u00c4ven om du redan vet med dig att du beh\u00f6ver ett l\u00e5n utan UC l\u00f6nar det sig att j\u00e4mf\u00f6ra l\u00e5n; f\u00f6r \u00e4ven l\u00e5n utan UC skiljer sig \u00e5t.<\/p>\n<h3>En eventuell nackdel med l\u00e5n utan UC<\/h3>\n<p>Bland de l\u00e5ngivare som erbjuder l\u00e5n utan UC kan det finnas vissa akt\u00f6rer som tar ut en v\u00e4ldigt h\u00f6g r\u00e4nta eller h\u00f6ga avgifter. Anledningen \u00e4r d\u00e5 att de fr\u00e4mst riktar sig till kunder som inte kan f\u00e5 ett l\u00e5n beviljat hos andra l\u00e5ngivare. Risken f\u00f6r det h\u00e4r \u00e4r mindre om du v\u00e4nder dig till en l\u00e5ngivare som anv\u00e4nder sig av UC. Gl\u00f6m inte att j\u00e4mf\u00f6ra den effektiva r\u00e4ntan mellan olika l\u00e5n.<\/p>\n<h2>Ska man l\u00e5na utan UC om man har en betalningsanm\u00e4rkning?<\/h2>\n<p>Att hitta en l\u00e5ngivare som beviljar dig ett l\u00e5n trots betalningsanm\u00e4rkningar kan vara sv\u00e5rt. Det blir som regel heller inte enklare av att du ans\u00f6ker om ett l\u00e5n utan UC. Att l\u00e5na utan UC inneb\u00e4r n\u00e4mligen inte att det inte g\u00f6rs en kreditupplysning. Har du betalningsanm\u00e4rkningar s\u00e5 kommer de att synas oavsett vilket kreditupplysningsf\u00f6retag l\u00e5ngivaren anv\u00e4nder sig av. Att l\u00e5na utan UC inneb\u00e4r heller inte att inkomstkravet f\u00f6rsvinner.<\/p>\n<p>Det finns dock l\u00e5ngivare som accepterar enstaka betalningsanm\u00e4rkningar eller som kan tumma p\u00e5 inkomstkravet, men det beror p\u00e5 andra faktorer \u00e4n om l\u00e5net \u00e4r utan UC eller inte.<\/p>\n<h2>L\u00e5n med UC \u00e4r vanligare f\u00f6r st\u00f6rre l\u00e5n<\/h2>\n<p>Ju h\u00f6gre l\u00e5nebeloppet \u00e4r, desto mer information kommer l\u00e5ngivaren att vilja ha om din betalningsf\u00f6rm\u00e5ga och \u00e4ven kraven blir d\u00e5 h\u00f6gre. D\u00e4rf\u00f6r anv\u00e4nds UC ofta f\u00f6r st\u00f6rre l\u00e5n. N\u00e4r du ans\u00f6ker om ett st\u00f6rre l\u00e5n har du dock ofta m\u00f6jlighet att f\u00e5 din ans\u00f6kan pr\u00f6vad av en personlig handl\u00e4ggare. Du kan d\u00e5 l\u00e4gga fram dina argument f\u00f6r varf\u00f6r du \u00e4r en l\u00e4mplig l\u00e5ntagare. Har du ett stort antal kreditupplysningar registrerade, ges du m\u00f6jligheten att f\u00f6rklara varf\u00f6r.<\/p>\n<h2>Sammanfattning<\/h2>\n<p><img decoding=\"async\" loading=\"lazy\" class=\"alignright wp-image-224\" src=\"http:\/\/loanstar.com\/sv\/wp-content\/uploads\/sites\/11\/2018\/10\/ico-section-description-img-1.svg\" alt=\"Sammanfattning-loanstar-swe\" width=\"312\" height=\"133\" \/>Ans\u00f6ker du om ett l\u00e5n med UC, registreras din kreditupplysning. Med UC ser l\u00e5ngivaren ocks\u00e5 hur m\u00e5nga kreditupplysningar som finns registrerade p\u00e5 dig sedan tidigare. \u00c4r det allt f\u00f6r m\u00e5nga, minskar dina chanser till att f\u00e5 ditt l\u00e5n beviljat. L\u00e5ngivare som anv\u00e4nder sig av UC har helt enkelt ofta en \u00f6vre gr\u00e4ns f\u00f6r hur m\u00e5nga kreditupplysningar en l\u00e5ntagare f\u00e5r ha.<\/p>\n<p>L\u00e5n utan UC d\u00e4remot, inneb\u00e4r att l\u00e5ngivaren, vid bed\u00f6mning av din ans\u00f6kan, best\u00e4ller sina kreditupplysningar fr\u00e5n ett annat kreditupplysningsf\u00f6retag \u00e4n UC. Dessa kreditupplysningar inneh\u00e5ller ingen information \u00f6ver hur m\u00e5nga kreditupplysningar som har efterfr\u00e5gats p\u00e5 dig sedan tidigare. UC har heller ingen k\u00e4nnedom om antalet kreditupplysningar som utf\u00f6rts av dessa alternativa kreditupplysningsf\u00f6retag. Du kan d\u00e4rf\u00f6r i princip skicka in hur m\u00e5nga l\u00e5neans\u00f6kningar du vill utan att det p\u00e5verkar din kreditv\u00e4rdighet. Det g\u00f6r l\u00e5n utan UC till ett bra alternativ f\u00f6r dig som l\u00e5nar ofta.<\/p>\n<p>N\u00e4r du j\u00e4mf\u00f6r l\u00e5n b\u00f6r du, oavsett l\u00e5netyp, alltid j\u00e4mf\u00f6ra den effektiva r\u00e4ntan, eftersom den effektiva r\u00e4ntan inkluderar samtliga avgifter f\u00f6r l\u00e5net.<\/p>\n","protected":false},"excerpt":{"rendered":"<p>Introduktion Vi kommer h\u00e4r att redog\u00f6ra f\u00f6r vad ett l\u00e5n utan UC inneb\u00e4r, vilka f\u00f6rdelar det har, hur du hittar&#8230;<\/p>\n","protected":false},"author":1,"featured_media":0,"parent":101,"menu_order":0,"comment_status":"closed","ping_status":"closed","template":"templates\/calculator-follow-up.php","meta":{"footnotes":""},"yoast_head":"<!-- This site is optimized with the Yoast SEO plugin v21.0 - https:\/\/yoast.com\/wordpress\/plugins\/seo\/ -->\n<title>L\u00e5n utan UC - LoanStar Sverige<\/title>\n<meta name=\"description\" content=\"J\u00e4mf\u00f6r l\u00e5n utan UC och hitta l\u00e5net med de b\u00e4sta villkoren. Vi p\u00e5 Loanstar redog\u00f6r f\u00f6r allt du beh\u00f6ver veta om l\u00e5n utan UC. Ans\u00f6k om l\u00e5n redan idag.\" \/>\n<meta name=\"robots\" content=\"index, follow, max-snippet:-1, max-image-preview:large, max-video-preview:-1\" \/>\n<link rel=\"canonical\" href=\"https:\/\/loanstar.com\/sv\/lana-pengar\/utan-uc\/\" \/>\n<meta property=\"og:locale\" content=\"sv_SE\" \/>\n<meta property=\"og:type\" content=\"article\" \/>\n<meta property=\"og:title\" content=\"L\u00e5n utan UC - LoanStar Sverige\" \/>\n<meta property=\"og:description\" content=\"J\u00e4mf\u00f6r l\u00e5n utan UC och hitta l\u00e5net med de b\u00e4sta villkoren. Vi p\u00e5 Loanstar redog\u00f6r f\u00f6r allt du beh\u00f6ver veta om l\u00e5n utan UC. Ans\u00f6k om l\u00e5n redan idag.\" \/>\n<meta property=\"og:url\" content=\"https:\/\/loanstar.com\/sv\/lana-pengar\/utan-uc\/\" \/>\n<meta property=\"og:site_name\" content=\"LoanStar Sverige\" \/>\n<meta property=\"article:modified_time\" content=\"2019-08-24T12:56:30+00:00\" \/>\n<meta property=\"og:image\" content=\"http:\/\/loanstar.com\/sv\/wp-content\/uploads\/sites\/11\/2018\/09\/home_ill_1.svg\" \/>\n<meta name=\"twitter:card\" content=\"summary_large_image\" \/>\n<meta name=\"twitter:label1\" content=\"Ber\u00e4knad l\u00e4stid\" \/>\n\t<meta name=\"twitter:data1\" content=\"10 minuter\" \/>\n<script type=\"application\/ld+json\" class=\"yoast-schema-graph\">{\"@context\":\"https:\/\/schema.org\",\"@graph\":[{\"@type\":\"WebPage\",\"@id\":\"https:\/\/loanstar.com\/sv\/lana-pengar\/utan-uc\/\",\"url\":\"https:\/\/loanstar.com\/sv\/lana-pengar\/utan-uc\/\",\"name\":\"L\u00e5n utan UC - LoanStar Sverige\",\"isPartOf\":{\"@id\":\"https:\/\/loanstar.com\/sv\/#website\"},\"datePublished\":\"2018-10-03T08:16:57+00:00\",\"dateModified\":\"2019-08-24T12:56:30+00:00\",\"description\":\"J\u00e4mf\u00f6r l\u00e5n utan UC och hitta l\u00e5net med de b\u00e4sta villkoren. Vi p\u00e5 Loanstar redog\u00f6r f\u00f6r allt du beh\u00f6ver veta om l\u00e5n utan UC. Ans\u00f6k om l\u00e5n redan idag.\",\"breadcrumb\":{\"@id\":\"https:\/\/loanstar.com\/sv\/lana-pengar\/utan-uc\/#breadcrumb\"},\"inLanguage\":\"sv-SE\",\"potentialAction\":[{\"@type\":\"ReadAction\",\"target\":[\"https:\/\/loanstar.com\/sv\/lana-pengar\/utan-uc\/\"]}]},{\"@type\":\"BreadcrumbList\",\"@id\":\"https:\/\/loanstar.com\/sv\/lana-pengar\/utan-uc\/#breadcrumb\",\"itemListElement\":[{\"@type\":\"ListItem\",\"position\":1,\"name\":\"Sverige\",\"item\":\"https:\/\/loanstar.com\/sv\/\"},{\"@type\":\"ListItem\",\"position\":2,\"name\":\"L\u00e5na pengar\",\"item\":\"https:\/\/loanstar.com\/sv\/lana-pengar\/\"},{\"@type\":\"ListItem\",\"position\":3,\"name\":\"L\u00e5n utan UC\"}]},{\"@type\":\"WebSite\",\"@id\":\"https:\/\/loanstar.com\/sv\/#website\",\"url\":\"https:\/\/loanstar.com\/sv\/\",\"name\":\"LoanStar Sverige\",\"description\":\"J\u00e4mf\u00f6r l\u00e5n\",\"potentialAction\":[{\"@type\":\"SearchAction\",\"target\":{\"@type\":\"EntryPoint\",\"urlTemplate\":\"https:\/\/loanstar.com\/sv\/?s={search_term_string}\"},\"query-input\":\"required name=search_term_string\"}],\"inLanguage\":\"sv-SE\"}]}<\/script>\n<!-- \/ Yoast SEO plugin. -->","yoast_head_json":{"title":"L\u00e5n utan UC - LoanStar Sverige","description":"J\u00e4mf\u00f6r l\u00e5n utan UC och hitta l\u00e5net med de b\u00e4sta villkoren. Vi p\u00e5 Loanstar redog\u00f6r f\u00f6r allt du beh\u00f6ver veta om l\u00e5n utan UC. Ans\u00f6k om l\u00e5n redan idag.","robots":{"index":"index","follow":"follow","max-snippet":"max-snippet:-1","max-image-preview":"max-image-preview:large","max-video-preview":"max-video-preview:-1"},"canonical":"https:\/\/loanstar.com\/sv\/lana-pengar\/utan-uc\/","og_locale":"sv_SE","og_type":"article","og_title":"L\u00e5n utan UC - LoanStar Sverige","og_description":"J\u00e4mf\u00f6r l\u00e5n utan UC och hitta l\u00e5net med de b\u00e4sta villkoren. Vi p\u00e5 Loanstar redog\u00f6r f\u00f6r allt du beh\u00f6ver veta om l\u00e5n utan UC. Ans\u00f6k om l\u00e5n redan idag.","og_url":"https:\/\/loanstar.com\/sv\/lana-pengar\/utan-uc\/","og_site_name":"LoanStar Sverige","article_modified_time":"2019-08-24T12:56:30+00:00","og_image":[{"url":"http:\/\/loanstar.com\/sv\/wp-content\/uploads\/sites\/11\/2018\/09\/home_ill_1.svg"}],"twitter_card":"summary_large_image","twitter_misc":{"Ber\u00e4knad l\u00e4stid":"10 minuter"},"schema":{"@context":"https:\/\/schema.org","@graph":[{"@type":"WebPage","@id":"https:\/\/loanstar.com\/sv\/lana-pengar\/utan-uc\/","url":"https:\/\/loanstar.com\/sv\/lana-pengar\/utan-uc\/","name":"L\u00e5n utan UC - LoanStar Sverige","isPartOf":{"@id":"https:\/\/loanstar.com\/sv\/#website"},"datePublished":"2018-10-03T08:16:57+00:00","dateModified":"2019-08-24T12:56:30+00:00","description":"J\u00e4mf\u00f6r l\u00e5n utan UC och hitta l\u00e5net med de b\u00e4sta villkoren. Vi p\u00e5 Loanstar redog\u00f6r f\u00f6r allt du beh\u00f6ver veta om l\u00e5n utan UC. Ans\u00f6k om l\u00e5n redan idag.","breadcrumb":{"@id":"https:\/\/loanstar.com\/sv\/lana-pengar\/utan-uc\/#breadcrumb"},"inLanguage":"sv-SE","potentialAction":[{"@type":"ReadAction","target":["https:\/\/loanstar.com\/sv\/lana-pengar\/utan-uc\/"]}]},{"@type":"BreadcrumbList","@id":"https:\/\/loanstar.com\/sv\/lana-pengar\/utan-uc\/#breadcrumb","itemListElement":[{"@type":"ListItem","position":1,"name":"Sverige","item":"https:\/\/loanstar.com\/sv\/"},{"@type":"ListItem","position":2,"name":"L\u00e5na pengar","item":"https:\/\/loanstar.com\/sv\/lana-pengar\/"},{"@type":"ListItem","position":3,"name":"L\u00e5n utan UC"}]},{"@type":"WebSite","@id":"https:\/\/loanstar.com\/sv\/#website","url":"https:\/\/loanstar.com\/sv\/","name":"LoanStar Sverige","description":"J\u00e4mf\u00f6r l\u00e5n","potentialAction":[{"@type":"SearchAction","target":{"@type":"EntryPoint","urlTemplate":"https:\/\/loanstar.com\/sv\/?s={search_term_string}"},"query-input":"required name=search_term_string"}],"inLanguage":"sv-SE"}]}},"_links":{"self":[{"href":"https:\/\/loanstar.com\/sv\/wp-json\/wp\/v2\/pages\/161"}],"collection":[{"href":"https:\/\/loanstar.com\/sv\/wp-json\/wp\/v2\/pages"}],"about":[{"href":"https:\/\/loanstar.com\/sv\/wp-json\/wp\/v2\/types\/page"}],"author":[{"embeddable":true,"href":"https:\/\/loanstar.com\/sv\/wp-json\/wp\/v2\/users\/1"}],"replies":[{"embeddable":true,"href":"https:\/\/loanstar.com\/sv\/wp-json\/wp\/v2\/comments?post=161"}],"version-history":[{"count":6,"href":"https:\/\/loanstar.com\/sv\/wp-json\/wp\/v2\/pages\/161\/revisions"}],"predecessor-version":[{"id":406,"href":"https:\/\/loanstar.com\/sv\/wp-json\/wp\/v2\/pages\/161\/revisions\/406"}],"up":[{"embeddable":true,"href":"https:\/\/loanstar.com\/sv\/wp-json\/wp\/v2\/pages\/101"}],"wp:attachment":[{"href":"https:\/\/loanstar.com\/sv\/wp-json\/wp\/v2\/media?parent=161"}],"curies":[{"name":"wp","href":"https:\/\/api.w.org\/{rel}","templated":true}]}}