{"id":147,"date":"2018-10-03T07:26:16","date_gmt":"2018-10-03T07:26:16","guid":{"rendered":"http:\/\/loanstar.com\/sv\/?page_id=147"},"modified":"2019-07-08T00:29:45","modified_gmt":"2019-07-07T22:29:45","slug":"billan","status":"publish","type":"page","link":"https:\/\/loanstar.com\/sv\/lana-pengar\/billan\/","title":{"rendered":"Bill\u00e5n"},"content":{"rendered":"<h2 id=\"scroll-0\">Allt du beh\u00f6ver veta om bill\u00e5n<\/h2>\n<p><img decoding=\"async\" loading=\"lazy\" class=\"alignright wp-image-76\" src=\"http:\/\/loanstar.com\/sv\/wp-content\/uploads\/sites\/11\/2018\/09\/ill_body_12.svg\" alt=\"allt-du-beh\u00f6ver-veta-om-bill\u00e5n\" width=\"321\" height=\"187\" \/>N\u00e4r det \u00e4r dags att k\u00f6pa ny bil st\u00e5r valet ofta mellan att k\u00f6pa en begagnad bil, finansierad med besparingar, eller att k\u00f6pa en ny, finansierad med bill\u00e5n. D\u00e5 priserna \u00e4r relativt h\u00f6ga i Sverige, inneb\u00e4r ett bilk\u00f6p en rej\u00e4l investering f\u00f6r de allra flesta konsumenter. D\u00e4rf\u00f6r b\u00f6r man noggrant \u00f6verv\u00e4ga sina alternativ och sitt val av finansiering.<\/p>\n<p>Sj\u00e4lvklart kan du \u00e4ven <a href=\"http:\/\/loanstar.com\/se\/lana-pengar\/\">l\u00e5na pengar<\/a> till att k\u00f6pa en begagnad bil. Ans\u00f6ker du om ett s\u00e5 kallat <a href=\"http:\/\/loanstar.com\/se\/lana-penger\/privatlan\/\">privatl\u00e5n<\/a> utan s\u00e4kerhet, ett s\u00e5 kallat blancol\u00e5n, \u00e4r det helt upp till dig som l\u00e5ntagare hur du v\u00e4ljer att disponera ditt l\u00e5n.<\/p>\n<p>V\u00e4rt att t\u00e4nka p\u00e5 n\u00e4r du k\u00f6per ny bil \u00e4r att sj\u00e4lva bilk\u00f6pet endast \u00e4r en av kostnaderna man har som bil\u00e4gare. Ett fordon kr\u00e4ver regelbundna utgifter f\u00f6r exempelvis reparation och service. Du b\u00f6r d\u00e4rf\u00f6r g\u00f6ra en helhetsbed\u00f6mning under k\u00f6pprocessen och noggrant utv\u00e4rdera valet av bil med framtida kostnader i beaktande. Begagnade bilar har normalt sett en h\u00f6gre driftskostnad p\u00e5 grund av slitage, varf\u00f6r det \u00e4r viktigt att bed\u00f6ma bilens skick vid k\u00f6ptillf\u00e4llet. Du kanske \u00e4r villig att betala mer f\u00f6r en begagnad bil i gott skick, med mindre slitage och d\u00e4r s\u00e4ljaren \u00e4r p\u00e5litlig. V\u00e4ljer du en ny bil, blir priset h\u00f6gre, men du f\u00e5r ocks\u00e5 l\u00e4gre driftskostnader under de f\u00f6rsta \u00e5ren och en l\u00e4ngre f\u00f6rv\u00e4ntad livstid p\u00e5 bilen.<\/p>\n<p>I den h\u00e4r artikeln diskuterar vi de olika alternativen som du som bil\u00e4gare st\u00e5r inf\u00f6r n\u00e4r ans\u00f6ker om ett bill\u00e5n. F\u00f6rhoppningsvis kan vi ocks\u00e5 ge dig n\u00e5gra tips p\u00e5 hur du \u00f6kar dina m\u00f6jligheter att f\u00e5 bill\u00e5net beviljat. V\u00e5rt m\u00e5l \u00e4r att hj\u00e4lpa dig att hitta det uppl\u00e4gg som passar just din ekonomiska situation.<\/p>\n<h2 id=\"scroll-1\">Det \u00e4r inte bara r\u00e4ntan som r\u00e4knas<\/h2>\n<p><img decoding=\"async\" loading=\"lazy\" class=\"alignleft wp-image-162\" src=\"http:\/\/loanstar.com\/no\/wp-content\/uploads\/sites\/2\/2018\/09\/ill_body_5.svg\" alt=\"renten-som-teller-billan\" width=\"310\" height=\"188\" \/>Bill\u00e5n har som regel en \u00e5terbetalningsperiod p\u00e5 flera \u00e5r, vilket inneb\u00e4r att l\u00e5ner\u00e4ntan kommer att ha en betydande effekt p\u00e5 bilens totala kostnader. G\u00e4ller det d\u00e4remot ett konsumentl\u00e5n, som exempelvis ett mikrol\u00e5n, snabbl\u00e5n eller butiksl\u00e5n \u00e4r i regel \u00e4ven uppl\u00e4ggningsavgift och den m\u00e5natliga administrativa avgiften f\u00f6r l\u00e5net av stor betydelse f\u00f6r l\u00e5nets totalkostnad.<\/p>\n<p>Det \u00e4r viktigt att du noggrant \u00f6verv\u00e4ger samtliga kostnader och faktorer kopplade till ditt l\u00e5neerbjudande:<\/p>\n<ul>\n<li>Vilka villkor g\u00e4ller om du vill l\u00f6sa in ditt bill\u00e5n i f\u00f6rtid? Kan du betala tillbaka l\u00e5net snabbare \u00e4n vad du och l\u00e5ngivaren ursprungligen har kommit \u00f6verens om? Vissa banker tar ut en avgift f\u00f6r att l\u00f6sa in l\u00e5net tidigare \u00e4n planerat.<\/li>\n<li>Har du m\u00f6jlighet att sj\u00e4lv best\u00e4mma l\u00e5nets l\u00f6ptid? Ju l\u00e4ngre l\u00f6ptid du v\u00e4ljer, desto l\u00e4gre blir m\u00e5nadskostnaden. Men t\u00e4nk ocks\u00e5 p\u00e5 att totalkostnaden f\u00f6r l\u00e5net \u00f6kar med l\u00f6ptidens l\u00e4ngd eftersom du d\u00e5 beh\u00f6ver betala r\u00e4nta \u00f6ver en l\u00e4ngre period.<\/li>\n<li>Hur mycket betalar du i avgifter? Om du j\u00e4mf\u00f6r l\u00e5n och hittar flera erbjudanden som ser bra ut och med en liknande r\u00e4nta, kan \u00e5terbetalningsperioden och etableringsavgiften vara avg\u00f6rande f\u00f6r vilket l\u00e5n som faktiskt blir billigast i slut\u00e4ndan.<\/li>\n<\/ul>\n<h2>Med en vagnskadef\u00f6rs\u00e4kring blir ditt bill\u00e5n billigare<\/h2>\n<p>\u00c4r bilen <a href=\"https:\/\/sv.wikipedia.org\/wiki\/Vagnskadef%C3%B6rs%C3%A4kring\" target=\"_blank\" rel=\"noopener noreferrer\">vagnskadef\u00f6rs\u00e4krad<\/a> kan du ans\u00f6ka om ett bill\u00e5n med s\u00e4kerhet. Kreditgivaren har d\u00e5 en s\u00e4kerhet i bilen som g\u00f6r att kreditrisken minskar och du kan d\u00e4rf\u00f6r erbjudas en l\u00e4gre r\u00e4nta p\u00e5 l\u00e5net \u00e4n om du hade ans\u00f6kt om ett vanligt konsumentl\u00e5n. Med ett bill\u00e5n kan du ans\u00f6ka om 100 % finansiering av bilen och \u00e5terbetalningsperioden \u00e4r h\u00f6gst 10 \u00e5r.<\/p>\n<p>Om bilen d\u00e4remot inte \u00e4r vagnskadef\u00f6rs\u00e4krad kr\u00e4ver kreditgivaren fortfarande en s\u00e4kerhet i bilen f\u00f6r att bevilja ett bill\u00e5n. Men d\u00e5 bilen saknar vagnskadef\u00f6rs\u00e4kring f\u00e5r du betala en h\u00f6gre r\u00e4nta. F\u00f6r den h\u00e4r typen av bill\u00e5n kr\u00e4vs en handpenning p\u00e5 10 % och det h\u00f6gsta l\u00e5nebeloppet uppg\u00e5r till cirka 100 000 kronor. \u00c5terbetalningen kommer i det h\u00e4r fallet att vara h\u00f6gst fem \u00e5r.<\/p>\n<h2 id=\"scroll-3\">Att k\u00f6pa bil med ett konsumentl\u00e5n<\/h2>\n<p><img decoding=\"async\" loading=\"lazy\" class=\"alignright wp-image-288\" src=\"http:\/\/loanstar.com\/no\/wp-content\/uploads\/sites\/2\/2018\/10\/home_ill_1.svg\" alt=\"kj\u00f8pe-bil-ved-hjelp-av-forbruksl\u00e5n-billan\" width=\"312\" height=\"150\" \/>Om vi nu bortser fr\u00e5n olika typer av l\u00e5n med s\u00e4kerhet, till exempel <a href=\"http:\/\/loanstar.com\/sv\/lana-pengar\/bolan\/\">bol\u00e5n<\/a>, \u00e4r konsumentl\u00e5n en mycket popul\u00e4r l\u00e5neform i Sverige. Ett konsumentl\u00e5n tar du som privatperson och du kan anv\u00e4nda l\u00e5net till i princip vad du vill. L\u00e5net kr\u00e4ver heller ingen s\u00e4kerhet. Hur h\u00f6gt l\u00e5nebelopp du f\u00e5r beviljat beror fr\u00e4mst p\u00e5 din kreditv\u00e4rdighet. Det \u00e4r n\u00e5got som l\u00e5ngivaren bed\u00f6mer med hj\u00e4lp av en kreditupplysning, fr\u00e5n exempelvis UC, som tas i samband med din l\u00e5neans\u00f6kan. Notera att kreditupplysningen tas p\u00e5 dig som privatperson.<\/p>\n<p>Ett antal faktorer v\u00e4ger in n\u00e4r l\u00e5ngivaren bed\u00f6mer din kreditv\u00e4rdighet. Din inkomstniv\u00e5 \u00e4r en av de viktigaste faktorerna och din kredithistorik beaktas ocks\u00e5. L\u00e5ngivaren kommer ocks\u00e5 att v\u00e4ga det \u00f6nskade l\u00e5nebeloppet mot vad l\u00e5net ska anv\u00e4ndas till.<\/p>\n<p>Med ett konsumentl\u00e5n kan du kan l\u00e5na upp till 600 000 kronor utan s\u00e4kerhet, vilket g\u00f6r finansieringsalternativet till ett av de vanligaste n\u00e4r det kommer till bilk\u00f6p<\/p>\n<p>Ju snabbare du betalar av ditt bill\u00e5n, desto l\u00e4gre blir den totala kostnaden f\u00f6r l\u00e5net. En kortare l\u00f6ptid inneb\u00e4r en h\u00f6gre m\u00e5nadsutgift f\u00f6r att t\u00e4cka den h\u00f6gre amorteringen, men r\u00e4ntekostnaden f\u00f6r l\u00e5net blir desto l\u00e4gre. Konsumentl\u00e5n, som ett alternativ till bill\u00e5n, beviljas med allt fr\u00e5n ett till fem \u00e5rs l\u00f6ptid, beroende p\u00e5 l\u00e5nebeloppet och din ekonomiska situation.<\/p>\n<h2 id=\"scroll-4\">Hur fungerar ett bill\u00e5n med s\u00e4kerhet?<\/h2>\n<p>Du kan f\u00f6rv\u00e4nta dig betydligt b\u00e4ttre l\u00e5nevillkor f\u00f6r ditt bilk\u00f6p om du kan anv\u00e4nda bilen som s\u00e4kerhet f\u00f6r l\u00e5net. I det fallet fungerar bilen som en garanti f\u00f6r l\u00e5ngivaren, vilket betyder l\u00e4gre r\u00e4nta men ocks\u00e5 att banken har r\u00e4tt att utm\u00e4ta bilen om du inte f\u00f6ljer avbetalningsplanen.<\/p>\n<p>L\u00e5nets l\u00f6ptid beror lite p\u00e5 vilken typ av bil du k\u00f6per och hur snabbt den f\u00f6rv\u00e4ntas falla i v\u00e4rde. En grundl\u00e4ggande regel som man ofta till\u00e4mpar \u00e4r att bill\u00e5net m\u00e5ste \u00e5terbetalas inom tio \u00e5r fr\u00e5n bilens produktionsdatum. Ofta kr\u00e4ver banken ocks\u00e5 att du tillf\u00f6r eget kapital i form av en kontantinsats n\u00e4r du ans\u00f6ker om ett bill\u00e5n av en viss storlek. Det inneb\u00e4r allts\u00e5 att du m\u00e5ste finansiera en del av k\u00f6pet med egna medel.<\/p>\n<p>Som beskrivits h\u00e4r ovan \u00e4r det typen av vagnskadef\u00f6rs\u00e4kring som best\u00e4mmer t\u00e4ckningsgrad och storlek p\u00e5 kontantinsatsen. Om du \u00e4r bekant med bol\u00e5n sedan tidigare, hittar du m\u00e5nga likheter mellan det och ett bill\u00e5n, eftersom b\u00e5da l\u00e5nen kr\u00e4ver en s\u00e4kerhet i det objekt som ska finansieras.<\/p>\n<h2>Ska man v\u00e4lja fast eller r\u00f6rlig r\u00e4nta?<\/h2>\n<p>Historiskt s\u00e4tt har den r\u00f6rliga r\u00e4ntan alltid legat betydligt l\u00e4gre \u00e4n den fasta r\u00e4ntan. D\u00e4rf\u00f6r kan en r\u00f6rlig r\u00e4nta vara det b\u00e4sta alternativet f\u00f6r den som s\u00f6ker ett billigt bill\u00e5n, i alla fall p\u00e5 kort sikt. Det finns dock risker f\u00f6rknippade med en r\u00f6rlig r\u00e4nta. En r\u00f6rlig r\u00e4nta f\u00f6r\u00e4ndras \u00f6ver tid och kan s\u00e5v\u00e4l stiga som falla under l\u00e5neperioden, vilket g\u00f6r att dina framtida r\u00e4ntekostnader \u00e4r om\u00f6jliga att f\u00f6rutse. V\u00e4ljer du ist\u00e4llet en fast r\u00e4nta, inneb\u00e4r det att du binder din r\u00e4nta \u00f6ver l\u00e5neperioden. F\u00f6rdelen med det h\u00e4r alternativet \u00e4r att du vet exakt hur mycket l\u00e5net kommer att kosta dig under hela l\u00e5neperioden, vilket passar dig som \u00e4r riskalert och vill kunna f\u00f6rutse dina kostnader.<\/p>\n<p>Med fast r\u00e4nta m\u00e5ste du betala lite mer \u00e4n vad skulle g\u00f6ra i dag om du v\u00e4ljer en r\u00f6rlig r\u00e4nta, men om n\u00e5gra \u00e5r kan l\u00e5net med r\u00f6rlig r\u00e4nta komma att bli betydligt dyrare, beroende p\u00e5 om Sveriges Riksbank \u00f6kar styrr\u00e4ntan. En kompromiss mellan r\u00f6rlig och fast r\u00e4nta \u00e4r att binda r\u00e4ntan f\u00f6r ett visst antal m\u00e5nader eller \u00e5r.<\/p>\n<p>Notera \u00e4ven att ett flertal finansexperter anser att styrr\u00e4ntan kommer att stiga i Sverige inom snar framtid. Det \u00e4r ett bra argument f\u00f6r att binda din r\u00e4nta p\u00e5 ditt bill\u00e5n nu.<\/p>\n<h2 id=\"scroll-6\">S\u00e4nk kostnaderna f\u00f6r ditt bill\u00e5n<\/h2>\n<p><img decoding=\"async\" loading=\"lazy\" class=\"alignleft wp-image-238\" src=\"http:\/\/loanstar.com\/no\/wp-content\/uploads\/sites\/2\/2018\/09\/ill_body_6-1.svg\" alt=\"Reduser-kostnadene-for-ditt-bill\u00e5n\" width=\"231\" height=\"150\" \/>Om du investerar i en ny och fin bil och v\u00e4ljer att finansiera k\u00f6pet med ett bill\u00e5n, kommer kostnaden f\u00f6r bill\u00e5net att vara en m\u00e4rkbar del av hush\u00e5llets utgifter f\u00f6r de allra flesta. Ju billigare bill\u00e5n du kan erh\u00e5lla, desto mer gynnsamt \u00e4r det f\u00f6r din privatekonomi och det finns faktiskt mycket du kan g\u00f6ra f\u00f6r att p\u00e5verka din l\u00e5nekostnad.<\/p>\n<p>F\u00f6rst och fr\u00e4mst b\u00f6r du nyttja det faktum att marknaden f\u00f6r l\u00e5n i Sverige \u00e4r mycket konkurrenskraftig. Det finns ett stort antal akt\u00f6rer som erbjuder bill\u00e5n, och alla t\u00e4vlar om att f\u00e5 dig som kund. S\u00e5 l\u00e4nge du har en bra kreditv\u00e4rdighet kan du st\u00e4lla dina l\u00e5ngivare mot varandra. Ta g\u00e4rna hj\u00e4lp av en j\u00e4mf\u00f6relse- eller spridningstj\u00e4nst. P\u00e5 s\u00e5 s\u00e4tt sparar du in v\u00e4rdefull tid i processen.<\/p>\n<p>Ditt viktigaste verktyg f\u00f6r en l\u00e4gre l\u00e5nekostnad \u00e4r bill\u00e5nets l\u00f6ptid. Du har faktiskt en stor m\u00f6jlighet att p\u00e5verka det h\u00e4r genom att sj\u00e4lv v\u00e4lja att p\u00e5skynda \u00e5terbetalningen av l\u00e5net. I den utstr\u00e4ckning det \u00e4r m\u00f6jligt b\u00f6r du \u00f6ka \u00e5terbetalningstakten. Det s\u00e4nker b\u00e5de din r\u00e4ntekostnad samt eventuella administrativa kostnader f\u00f6r l\u00e5net, vilket inneb\u00e4r en l\u00e4gre totalkostnad f\u00f6r ditt bill\u00e5n.<\/p>\n<p>T\u00e4nk ocks\u00e5 p\u00e5 att r\u00e4ntan p\u00e5 alla bill\u00e5n, b\u00e5de l\u00e5n med och utan s\u00e4kerhet, s\u00e4tts individuellt. Banken g\u00f6r en riskbed\u00f6mning av dig som l\u00e5nes\u00f6kare och d\u00e5 \u00e4r din ekonomiska situation kreditv\u00e4rdighet en avg\u00f6rande faktor. Du b\u00f6r d\u00e4rf\u00f6r ans\u00f6ka om ett l\u00e5nebelopp som \u00e4r sk\u00e4ligt sett till din betalningsf\u00f6rm\u00e5ga. G\u00f6r du det h\u00e4r \u00e4r banken mer ben\u00e4gen att betrakta dig som en l\u00e5griskkund och du erbjuds d\u00e4rmed en mer gynnsam r\u00e4nta.<\/p>\n<h2 id=\"scroll-7\">Att l\u00e5na till en bil trots betalningsanm\u00e4rkningar<\/h2>\n<p><img decoding=\"async\" class=\"alignright size-full wp-image-17\" src=\"http:\/\/loanstar.com\/sv\/wp-content\/uploads\/sites\/11\/2018\/09\/ill_gen_1.svg\" alt=\"\" width=\"312\" \/>Oavsett vilken typ av bill\u00e5n du ans\u00f6ker om kommer kreditgivaren att g\u00f6ra en kreditupplysning. Vi har tidigare n\u00e4mnt att du m\u00e5ste ha en inkomst f\u00f6r att f\u00e5 ett bill\u00e5n beviljat. Ett annat grundl\u00e4ggande krav \u00e4r att du inte har n\u00e5gra betalningsanm\u00e4rkningar. Det finns banker som specialiserar sig p\u00e5 l\u00e5n till personer med betalningsanm\u00e4rkningar men d\u00e5 handlar det om att hj\u00e4lpa till med en refinansiering av dyra l\u00e5n. F\u00f6r att erh\u00e5lla den typen av tj\u00e4nst kr\u00e4ver bankerna en s\u00e4kerhet i din bostad. Du beh\u00f6ver allts\u00e5 \u00e4ga antingen ett hus eller en bostadsr\u00e4tt.<\/p>\n<p>Vet du om att du har en betalningsanm\u00e4rkning beh\u00f6ver du arbeta f\u00f6r att f\u00e5 den raderad eller helt enkelt finansiera ditt bilk\u00f6p med egna medel. En annan m\u00f6jlighet \u00e4r att du f\u00e5r en v\u00e4n eller familjemedlem att st\u00e5 som garant p\u00e5 l\u00e5net, men det \u00e4r inte n\u00e5got som banker vanligtvis uppmuntrar till.<\/p>\n<h2 id=\"scroll-8\">Leasa en bil ist\u00e4llet f\u00f6r att ta upp ett bill\u00e5n<\/h2>\n<p>Leasing, allts\u00e5 att l\u00e5ngtidshyra en bil, kan vara ett bra alternativ f\u00f6r den som funderar p\u00e5 att finansiera sitt bilk\u00f6p med ett l\u00e5n. Det finns b\u00e5de f\u00f6rdelar och nackdelar med leasing j\u00e4mf\u00f6rt med en l\u00e5nel\u00f6sning.<\/p>\n<p>De m\u00e5natliga kostnaderna blir h\u00f6gre vid leasing men om service och f\u00f6rs\u00e4kring ing\u00e5r i leasingavtalet kan det i vissa fall vara l\u00f6nsamt. N\u00e4r leasingavtalet har l\u00f6pt ut kan du ofta v\u00e4lja om du vill k\u00f6pa bilen eller f\u00f6rl\u00e4nga avtalet och f\u00e5 en ny bilmodell. Att j\u00e4mf\u00f6ra bill\u00e5n ger dig dock fler erbjudanden att v\u00e4lja mellan \u00e4n om du j\u00e4mf\u00f6r leasingavtal, d\u00e5 utbudet av bill\u00e5n \u00e4r st\u00f6rre.<\/p>\n<p>Att k\u00f6pa en bil p\u00e5 avbetalning \u00e4r ocks\u00e5 ett alternativ till ett bill\u00e5n. Det brukar dock bli dyrare \u00e4n om du j\u00e4mf\u00f6r och v\u00e4ljer ett l\u00e5n.<\/p>\n<h2 id=\"scroll-9\">Bill\u00e5n \u2013 en sammanfattning<\/h2>\n<p><img decoding=\"async\" loading=\"lazy\" class=\"alignright wp-image-289\" src=\"http:\/\/loanstar.com\/no\/wp-content\/uploads\/sites\/2\/2018\/10\/home_ill_2.svg\" alt=\"billan-oppsumering-forbrukslan\" width=\"312\" height=\"150\" \/>Att investera i en ny bil, eller en begagnad bil i gott skick, inneb\u00e4r f\u00f6r de allra flesta hush\u00e5ll en betydlig kostnad. Men att sn\u00e5la l\u00f6nar sig s\u00e4llan n\u00e4r det kommer till bilk\u00f6p. I v\u00e4rsta fall kan det p\u00e5verka bils\u00e4kerheten. Du \u00e4r helt enkelt s\u00e4krare i en bil som \u00e4r ny eller i mycket gott bruksskick.<\/p>\n<p>Ett vanligt och effektivt alternativ \u00e4r d\u00e4rf\u00f6r att finansiera sitt bilk\u00f6p med ett bill\u00e5n. V\u00e4ljer du det alternativet \u00e4r det klokt att j\u00e4mf\u00f6ra bill\u00e5n fr\u00e5n s\u00e5 m\u00e5nga l\u00e5neakt\u00f6rer som m\u00f6jligt. P\u00e5 s\u00e5 s\u00e4tt f\u00f6rs\u00e4krar du dig om att du f\u00e5r ett erbjudande som \u00e4r b\u00e5de konkurrenskraftigt och optimalt anpassat efter dina behov. Du kan \u00e4ven j\u00e4mf\u00f6ra bill\u00e5n b\u00e5de med och utan s\u00e4kerhet f\u00f6r att f\u00e5 en god \u00f6versikt \u00f6ver utbudet. Ett bill\u00e5n med s\u00e4kerhet blir billigare men det kr\u00e4ver ocks\u00e5 att bilen \u00e4r f\u00f6rs\u00e4krad. Med andra ord beh\u00f6ver du en vagnskadef\u00f6rs\u00e4kring f\u00f6r att erh\u00e5lla en l\u00e4gre r\u00e4nta. Du beh\u00f6ver ocks\u00e5, i vissa fall, ha en kontantinsats f\u00f6r att f\u00e5 l\u00e5net beviljat.<\/p>\n<p>Det n\u00e4st viktigaste valet \u00e4r huruvida du v\u00e4ljer ett l\u00e5n med fast eller r\u00f6rlig r\u00e4nta. Med en fast r\u00e4nta kan du f\u00f6rutse vad l\u00e5net kommer att kosta dig och du har ingen r\u00e4nterisk. Med en r\u00f6rlig r\u00e4nta blir r\u00e4ntesatsen l\u00e4gre men med risk f\u00f6r framtida h\u00f6jningar. Skulle Sveriges Riksbank exempelvis v\u00e4lja att h\u00f6ja styrr\u00e4ntan, \u00f6kar \u00e4ven den r\u00f6rliga r\u00e4ntan.<\/p>\n<p>Hos oss kan du j\u00e4mf\u00f6ra bill\u00e5n mellan de olika l\u00e5ngivarna online. V\u00e5r service \u00e4r helt gratis och f\u00f6rser dig med information om vilka r\u00e4ntesatser som g\u00e4ller f\u00f6r respektive l\u00e5ngivare och du kan \u00e4ven se respektive banks r\u00e4kneexempel f\u00f6r vad ett visst l\u00e5nebelopp skulle kosta dig.<\/p>\n<p>&nbsp;<\/p>\n","protected":false},"excerpt":{"rendered":"<p>Allt du beh\u00f6ver veta om bill\u00e5n N\u00e4r det \u00e4r dags att k\u00f6pa ny bil st\u00e5r valet ofta mellan att k\u00f6pa&#8230;<\/p>\n","protected":false},"author":1,"featured_media":0,"parent":101,"menu_order":0,"comment_status":"closed","ping_status":"closed","template":"templates\/calculator-follow-up.php","meta":{"footnotes":""},"yoast_head":"<!-- This site is optimized with the Yoast SEO plugin v21.0 - https:\/\/yoast.com\/wordpress\/plugins\/seo\/ -->\n<title>J\u00e4mf\u00f6r bill\u00e5n hos oss och hitta det b\u00e4sta erbjudandet - LoanStar<\/title>\n<meta name=\"description\" content=\"P\u00e5 LoanStar kan du j\u00e4mf\u00f6ra bill\u00e5n helt gratis och hitta det b\u00e4sta erbjudandet med den l\u00e4gsta r\u00e4ntan. Ans\u00f6k om bill\u00e5n idag!\" \/>\n<meta name=\"robots\" content=\"index, follow, max-snippet:-1, max-image-preview:large, max-video-preview:-1\" \/>\n<link rel=\"canonical\" href=\"https:\/\/loanstar.com\/sv\/lana-pengar\/billan\/\" \/>\n<meta property=\"og:locale\" content=\"sv_SE\" \/>\n<meta property=\"og:type\" content=\"article\" \/>\n<meta property=\"og:title\" content=\"J\u00e4mf\u00f6r bill\u00e5n hos oss och hitta det b\u00e4sta erbjudandet - LoanStar\" \/>\n<meta property=\"og:description\" content=\"P\u00e5 LoanStar kan du j\u00e4mf\u00f6ra bill\u00e5n helt gratis och hitta det b\u00e4sta erbjudandet med den l\u00e4gsta r\u00e4ntan. Ans\u00f6k om bill\u00e5n idag!\" \/>\n<meta property=\"og:url\" content=\"https:\/\/loanstar.com\/sv\/lana-pengar\/billan\/\" \/>\n<meta property=\"og:site_name\" content=\"LoanStar Sverige\" \/>\n<meta property=\"article:modified_time\" content=\"2019-07-07T22:29:45+00:00\" \/>\n<meta property=\"og:image\" content=\"http:\/\/loanstar.com\/sv\/wp-content\/uploads\/sites\/11\/2018\/09\/ill_body_12.svg\" \/>\n<meta name=\"twitter:card\" content=\"summary_large_image\" \/>\n<meta name=\"twitter:label1\" content=\"Ber\u00e4knad l\u00e4stid\" \/>\n\t<meta name=\"twitter:data1\" content=\"13 minuter\" \/>\n<script type=\"application\/ld+json\" class=\"yoast-schema-graph\">{\"@context\":\"https:\/\/schema.org\",\"@graph\":[{\"@type\":\"WebPage\",\"@id\":\"https:\/\/loanstar.com\/sv\/lana-pengar\/billan\/\",\"url\":\"https:\/\/loanstar.com\/sv\/lana-pengar\/billan\/\",\"name\":\"J\u00e4mf\u00f6r bill\u00e5n hos oss och hitta det b\u00e4sta erbjudandet - LoanStar\",\"isPartOf\":{\"@id\":\"https:\/\/loanstar.com\/sv\/#website\"},\"datePublished\":\"2018-10-03T07:26:16+00:00\",\"dateModified\":\"2019-07-07T22:29:45+00:00\",\"description\":\"P\u00e5 LoanStar kan du j\u00e4mf\u00f6ra bill\u00e5n helt gratis och hitta det b\u00e4sta erbjudandet med den l\u00e4gsta r\u00e4ntan. Ans\u00f6k om bill\u00e5n idag!\",\"breadcrumb\":{\"@id\":\"https:\/\/loanstar.com\/sv\/lana-pengar\/billan\/#breadcrumb\"},\"inLanguage\":\"sv-SE\",\"potentialAction\":[{\"@type\":\"ReadAction\",\"target\":[\"https:\/\/loanstar.com\/sv\/lana-pengar\/billan\/\"]}]},{\"@type\":\"BreadcrumbList\",\"@id\":\"https:\/\/loanstar.com\/sv\/lana-pengar\/billan\/#breadcrumb\",\"itemListElement\":[{\"@type\":\"ListItem\",\"position\":1,\"name\":\"Sverige\",\"item\":\"https:\/\/loanstar.com\/sv\/\"},{\"@type\":\"ListItem\",\"position\":2,\"name\":\"L\u00e5na pengar\",\"item\":\"https:\/\/loanstar.com\/sv\/lana-pengar\/\"},{\"@type\":\"ListItem\",\"position\":3,\"name\":\"Bill\u00e5n\"}]},{\"@type\":\"WebSite\",\"@id\":\"https:\/\/loanstar.com\/sv\/#website\",\"url\":\"https:\/\/loanstar.com\/sv\/\",\"name\":\"LoanStar Sverige\",\"description\":\"J\u00e4mf\u00f6r l\u00e5n\",\"potentialAction\":[{\"@type\":\"SearchAction\",\"target\":{\"@type\":\"EntryPoint\",\"urlTemplate\":\"https:\/\/loanstar.com\/sv\/?s={search_term_string}\"},\"query-input\":\"required name=search_term_string\"}],\"inLanguage\":\"sv-SE\"}]}<\/script>\n<!-- \/ Yoast SEO plugin. -->","yoast_head_json":{"title":"J\u00e4mf\u00f6r bill\u00e5n hos oss och hitta det b\u00e4sta erbjudandet - LoanStar","description":"P\u00e5 LoanStar kan du j\u00e4mf\u00f6ra bill\u00e5n helt gratis och hitta det b\u00e4sta erbjudandet med den l\u00e4gsta r\u00e4ntan. Ans\u00f6k om bill\u00e5n idag!","robots":{"index":"index","follow":"follow","max-snippet":"max-snippet:-1","max-image-preview":"max-image-preview:large","max-video-preview":"max-video-preview:-1"},"canonical":"https:\/\/loanstar.com\/sv\/lana-pengar\/billan\/","og_locale":"sv_SE","og_type":"article","og_title":"J\u00e4mf\u00f6r bill\u00e5n hos oss och hitta det b\u00e4sta erbjudandet - LoanStar","og_description":"P\u00e5 LoanStar kan du j\u00e4mf\u00f6ra bill\u00e5n helt gratis och hitta det b\u00e4sta erbjudandet med den l\u00e4gsta r\u00e4ntan. Ans\u00f6k om bill\u00e5n idag!","og_url":"https:\/\/loanstar.com\/sv\/lana-pengar\/billan\/","og_site_name":"LoanStar Sverige","article_modified_time":"2019-07-07T22:29:45+00:00","og_image":[{"url":"http:\/\/loanstar.com\/sv\/wp-content\/uploads\/sites\/11\/2018\/09\/ill_body_12.svg"}],"twitter_card":"summary_large_image","twitter_misc":{"Ber\u00e4knad l\u00e4stid":"13 minuter"},"schema":{"@context":"https:\/\/schema.org","@graph":[{"@type":"WebPage","@id":"https:\/\/loanstar.com\/sv\/lana-pengar\/billan\/","url":"https:\/\/loanstar.com\/sv\/lana-pengar\/billan\/","name":"J\u00e4mf\u00f6r bill\u00e5n hos oss och hitta det b\u00e4sta erbjudandet - LoanStar","isPartOf":{"@id":"https:\/\/loanstar.com\/sv\/#website"},"datePublished":"2018-10-03T07:26:16+00:00","dateModified":"2019-07-07T22:29:45+00:00","description":"P\u00e5 LoanStar kan du j\u00e4mf\u00f6ra bill\u00e5n helt gratis och hitta det b\u00e4sta erbjudandet med den l\u00e4gsta r\u00e4ntan. Ans\u00f6k om bill\u00e5n idag!","breadcrumb":{"@id":"https:\/\/loanstar.com\/sv\/lana-pengar\/billan\/#breadcrumb"},"inLanguage":"sv-SE","potentialAction":[{"@type":"ReadAction","target":["https:\/\/loanstar.com\/sv\/lana-pengar\/billan\/"]}]},{"@type":"BreadcrumbList","@id":"https:\/\/loanstar.com\/sv\/lana-pengar\/billan\/#breadcrumb","itemListElement":[{"@type":"ListItem","position":1,"name":"Sverige","item":"https:\/\/loanstar.com\/sv\/"},{"@type":"ListItem","position":2,"name":"L\u00e5na pengar","item":"https:\/\/loanstar.com\/sv\/lana-pengar\/"},{"@type":"ListItem","position":3,"name":"Bill\u00e5n"}]},{"@type":"WebSite","@id":"https:\/\/loanstar.com\/sv\/#website","url":"https:\/\/loanstar.com\/sv\/","name":"LoanStar Sverige","description":"J\u00e4mf\u00f6r l\u00e5n","potentialAction":[{"@type":"SearchAction","target":{"@type":"EntryPoint","urlTemplate":"https:\/\/loanstar.com\/sv\/?s={search_term_string}"},"query-input":"required name=search_term_string"}],"inLanguage":"sv-SE"}]}},"_links":{"self":[{"href":"https:\/\/loanstar.com\/sv\/wp-json\/wp\/v2\/pages\/147"}],"collection":[{"href":"https:\/\/loanstar.com\/sv\/wp-json\/wp\/v2\/pages"}],"about":[{"href":"https:\/\/loanstar.com\/sv\/wp-json\/wp\/v2\/types\/page"}],"author":[{"embeddable":true,"href":"https:\/\/loanstar.com\/sv\/wp-json\/wp\/v2\/users\/1"}],"replies":[{"embeddable":true,"href":"https:\/\/loanstar.com\/sv\/wp-json\/wp\/v2\/comments?post=147"}],"version-history":[{"count":6,"href":"https:\/\/loanstar.com\/sv\/wp-json\/wp\/v2\/pages\/147\/revisions"}],"predecessor-version":[{"id":377,"href":"https:\/\/loanstar.com\/sv\/wp-json\/wp\/v2\/pages\/147\/revisions\/377"}],"up":[{"embeddable":true,"href":"https:\/\/loanstar.com\/sv\/wp-json\/wp\/v2\/pages\/101"}],"wp:attachment":[{"href":"https:\/\/loanstar.com\/sv\/wp-json\/wp\/v2\/media?parent=147"}],"curies":[{"name":"wp","href":"https:\/\/api.w.org\/{rel}","templated":true}]}}