{"id":108,"date":"2018-09-28T13:25:35","date_gmt":"2018-09-28T13:25:35","guid":{"rendered":"http:\/\/loanstar.com\/sv\/?page_id=108"},"modified":"2018-10-23T14:48:18","modified_gmt":"2018-10-23T14:48:18","slug":"om-oss","status":"publish","type":"page","link":"https:\/\/loanstar.com\/sv\/om-oss\/","title":{"rendered":"Om LoanStar"},"content":{"rendered":"<p><strong>Uppt\u00e4ck hur vi erbjuder skr\u00e4ddarsydda l\u00f6sningar f\u00f6r att hj\u00e4lpa dig hitta de b\u00e4sta erbjudandena p\u00e5 de b\u00e4sta l\u00e5ne produkterna.<\/strong><\/p>\n<h2>Om LoanStar<\/h2>\n<p>LoanStar.com \u00e4r din one-stop shop f\u00f6r recensioner p\u00e5 alla ledande l\u00e5neprodukter p\u00e5 marknaden. Oavsett om du s\u00f6ker efter ett kreditl\u00e5n, f\u00f6retagsl\u00e5n, sms l\u00e5n, eller personligt l\u00e5n, vi hj\u00e4lper dig.<\/p>\n<p>V\u00e5ra recensioner omfattar alla typer av f\u00f6retag, b\u00e5de stora och sm\u00e5, och j\u00e4mf\u00f6relser i realtid finns tillg\u00e4ngliga med knapptryckning. Allt som kr\u00e4vs \u00e4r n\u00e5gra sekunder och du f\u00e5r en m\u00e4ngd olika l\u00e5neprodukter att v\u00e4lja mellan<\/p>\n<h2>Hur LoanStar fungerar<\/h2>\n<p>LoanStar.com, hj\u00e4lper kunder som dig finna de b\u00e4sta tillbuden p\u00e5 l\u00e5neprodukter. Vi str\u00e4var efter att \u00f6vertr\u00e4ffa era behov genom att erbjuda:<br \/>\n\t<div class=\"list-ticks-secondary\">\r\n\t\t<ul>\n<li>Snabb service. Du f\u00e5r l\u00e5nealternativ inom n\u00e5gra sekunder. \u00c4nnu b\u00e4ttre kan du l\u00e4gga till filter s\u00e5 att resultaten passar dina specifika behov.<\/li>\n<li>Du beh\u00f6ver inte l\u00e4sa igenom massor av information f\u00f6r att hitta vad du beh\u00f6ver. V\u00e5rt inneh\u00e5ll presenteras p\u00e5 ett s\u00e4tt som \u00e4r l\u00e4tt att granska och analysera s\u00e5 att du kan fatta ett v\u00e4lgrundat beslut<\/li>\n<li>Otillb\u00f6rliga och grundliga j\u00e4mf\u00f6relser: Till skillnad fr\u00e5n m\u00e5nga av v\u00e5ra konkurrenter anv\u00e4nder vi oberoende anv\u00e4ndarrecensioner f\u00f6r att betygs\u00e4tta och j\u00e4mf\u00f6ra alternativen som listas. Ers\u00e4ttningen beaktas inte vid rekommendationer till v\u00e5ra l\u00e4sare.<\/li>\n<li>Omfattande r\u00e4ckvidd: Vi \u00e4r mer \u00e4n bara en l\u00e5nej\u00e4mf\u00f6relse webbplats. Vi str\u00e4var ocks\u00e5 efter att f\u00f6rb\u00e4ttra din kunskap om v\u00e5ra l\u00e5neprodukter s\u00e5 att du kan g\u00e5 vidare med \u00f6kad kunskap.<\/li>\n<\/ul>\n\t<\/div><!-- \/.list-ticks -->\r\n\t\nS\u00e5, om du har letat efter ett l\u00e5n men inte haft n\u00e5n tur, s\u00e5 \u00e4r du definitivt p\u00e5 riktig plats.<\/p>\n<p>Vi ser fram emot att ge dig skr\u00e4ddarsydda l\u00f6sningar och forts\u00e4tta hj\u00e4lpa dig \u00e5ren fram\u00f6ver.<\/p>\n","protected":false},"excerpt":{"rendered":"<p>Uppt\u00e4ck hur vi erbjuder skr\u00e4ddarsydda l\u00f6sningar f\u00f6r att hj\u00e4lpa dig hitta de b\u00e4sta erbjudandena p\u00e5 de b\u00e4sta l\u00e5ne produkterna. Om&#8230;<\/p>\n","protected":false},"author":1,"featured_media":0,"parent":0,"menu_order":0,"comment_status":"closed","ping_status":"closed","template":"templates\/about-us.php","meta":{"footnotes":""},"yoast_head":"<!-- This site is optimized with the Yoast SEO plugin v21.0 - https:\/\/yoast.com\/wordpress\/plugins\/seo\/ -->\n<title>Om LoanStar - LoanStar Sverige<\/title>\n<meta name=\"robots\" content=\"index, follow, max-snippet:-1, max-image-preview:large, max-video-preview:-1\" \/>\n<link rel=\"canonical\" href=\"https:\/\/loanstar.com\/sv\/om-oss\/\" \/>\n<meta property=\"og:locale\" content=\"sv_SE\" \/>\n<meta property=\"og:type\" content=\"article\" \/>\n<meta property=\"og:title\" content=\"Om LoanStar - LoanStar Sverige\" \/>\n<meta property=\"og:description\" content=\"Uppt\u00e4ck hur vi erbjuder skr\u00e4ddarsydda l\u00f6sningar f\u00f6r att hj\u00e4lpa dig hitta de b\u00e4sta erbjudandena p\u00e5 de b\u00e4sta l\u00e5ne produkterna. Om...\" \/>\n<meta property=\"og:url\" content=\"https:\/\/loanstar.com\/sv\/om-oss\/\" \/>\n<meta property=\"og:site_name\" content=\"LoanStar Sverige\" \/>\n<meta property=\"article:modified_time\" content=\"2018-10-23T14:48:18+00:00\" \/>\n<meta name=\"twitter:card\" content=\"summary_large_image\" \/>\n<meta name=\"twitter:label1\" content=\"Ber\u00e4knad l\u00e4stid\" \/>\n\t<meta name=\"twitter:data1\" content=\"2 minuter\" \/>\n<script type=\"application\/ld+json\" class=\"yoast-schema-graph\">{\"@context\":\"https:\/\/schema.org\",\"@graph\":[{\"@type\":\"WebPage\",\"@id\":\"https:\/\/loanstar.com\/sv\/om-oss\/\",\"url\":\"https:\/\/loanstar.com\/sv\/om-oss\/\",\"name\":\"Om LoanStar - LoanStar Sverige\",\"isPartOf\":{\"@id\":\"https:\/\/loanstar.com\/sv\/#website\"},\"datePublished\":\"2018-09-28T13:25:35+00:00\",\"dateModified\":\"2018-10-23T14:48:18+00:00\",\"breadcrumb\":{\"@id\":\"https:\/\/loanstar.com\/sv\/om-oss\/#breadcrumb\"},\"inLanguage\":\"sv-SE\",\"potentialAction\":[{\"@type\":\"ReadAction\",\"target\":[\"https:\/\/loanstar.com\/sv\/om-oss\/\"]}]},{\"@type\":\"BreadcrumbList\",\"@id\":\"https:\/\/loanstar.com\/sv\/om-oss\/#breadcrumb\",\"itemListElement\":[{\"@type\":\"ListItem\",\"position\":1,\"name\":\"Sverige\",\"item\":\"https:\/\/loanstar.com\/sv\/\"},{\"@type\":\"ListItem\",\"position\":2,\"name\":\"Om LoanStar\"}]},{\"@type\":\"WebSite\",\"@id\":\"https:\/\/loanstar.com\/sv\/#website\",\"url\":\"https:\/\/loanstar.com\/sv\/\",\"name\":\"LoanStar Sverige\",\"description\":\"J\u00e4mf\u00f6r l\u00e5n\",\"potentialAction\":[{\"@type\":\"SearchAction\",\"target\":{\"@type\":\"EntryPoint\",\"urlTemplate\":\"https:\/\/loanstar.com\/sv\/?s={search_term_string}\"},\"query-input\":\"required name=search_term_string\"}],\"inLanguage\":\"sv-SE\"}]}<\/script>\n<!-- \/ Yoast SEO plugin. -->","yoast_head_json":{"title":"Om LoanStar - LoanStar Sverige","robots":{"index":"index","follow":"follow","max-snippet":"max-snippet:-1","max-image-preview":"max-image-preview:large","max-video-preview":"max-video-preview:-1"},"canonical":"https:\/\/loanstar.com\/sv\/om-oss\/","og_locale":"sv_SE","og_type":"article","og_title":"Om LoanStar - LoanStar Sverige","og_description":"Uppt\u00e4ck hur vi erbjuder skr\u00e4ddarsydda l\u00f6sningar f\u00f6r att hj\u00e4lpa dig hitta de b\u00e4sta erbjudandena p\u00e5 de b\u00e4sta l\u00e5ne produkterna. Om...","og_url":"https:\/\/loanstar.com\/sv\/om-oss\/","og_site_name":"LoanStar Sverige","article_modified_time":"2018-10-23T14:48:18+00:00","twitter_card":"summary_large_image","twitter_misc":{"Ber\u00e4knad l\u00e4stid":"2 minuter"},"schema":{"@context":"https:\/\/schema.org","@graph":[{"@type":"WebPage","@id":"https:\/\/loanstar.com\/sv\/om-oss\/","url":"https:\/\/loanstar.com\/sv\/om-oss\/","name":"Om LoanStar - LoanStar Sverige","isPartOf":{"@id":"https:\/\/loanstar.com\/sv\/#website"},"datePublished":"2018-09-28T13:25:35+00:00","dateModified":"2018-10-23T14:48:18+00:00","breadcrumb":{"@id":"https:\/\/loanstar.com\/sv\/om-oss\/#breadcrumb"},"inLanguage":"sv-SE","potentialAction":[{"@type":"ReadAction","target":["https:\/\/loanstar.com\/sv\/om-oss\/"]}]},{"@type":"BreadcrumbList","@id":"https:\/\/loanstar.com\/sv\/om-oss\/#breadcrumb","itemListElement":[{"@type":"ListItem","position":1,"name":"Sverige","item":"https:\/\/loanstar.com\/sv\/"},{"@type":"ListItem","position":2,"name":"Om LoanStar"}]},{"@type":"WebSite","@id":"https:\/\/loanstar.com\/sv\/#website","url":"https:\/\/loanstar.com\/sv\/","name":"LoanStar Sverige","description":"J\u00e4mf\u00f6r l\u00e5n","potentialAction":[{"@type":"SearchAction","target":{"@type":"EntryPoint","urlTemplate":"https:\/\/loanstar.com\/sv\/?s={search_term_string}"},"query-input":"required name=search_term_string"}],"inLanguage":"sv-SE"}]}},"_links":{"self":[{"href":"https:\/\/loanstar.com\/sv\/wp-json\/wp\/v2\/pages\/108"}],"collection":[{"href":"https:\/\/loanstar.com\/sv\/wp-json\/wp\/v2\/pages"}],"about":[{"href":"https:\/\/loanstar.com\/sv\/wp-json\/wp\/v2\/types\/page"}],"author":[{"embeddable":true,"href":"https:\/\/loanstar.com\/sv\/wp-json\/wp\/v2\/users\/1"}],"replies":[{"embeddable":true,"href":"https:\/\/loanstar.com\/sv\/wp-json\/wp\/v2\/comments?post=108"}],"version-history":[{"count":1,"href":"https:\/\/loanstar.com\/sv\/wp-json\/wp\/v2\/pages\/108\/revisions"}],"predecessor-version":[{"id":109,"href":"https:\/\/loanstar.com\/sv\/wp-json\/wp\/v2\/pages\/108\/revisions\/109"}],"wp:attachment":[{"href":"https:\/\/loanstar.com\/sv\/wp-json\/wp\/v2\/media?parent=108"}],"curies":[{"name":"wp","href":"https:\/\/api.w.org\/{rel}","templated":true}]}}