{"id":105,"date":"2018-09-21T11:57:47","date_gmt":"2018-09-21T11:57:47","guid":{"rendered":"http:\/\/loanstar.com\/sv\/?page_id=105"},"modified":"2019-08-27T16:51:50","modified_gmt":"2019-08-27T14:51:50","slug":"smslan","status":"publish","type":"page","link":"https:\/\/loanstar.com\/sv\/lana-pengar\/smslan\/","title":{"rendered":"Sms-l\u00e5n"},"content":{"rendered":"<h2><strong><img decoding=\"async\" class=\"alignright size-full wp-image-338\" src=\"http:\/\/loanstar.com\/sv\/wp-content\/uploads\/sites\/11\/2018\/11\/small_loans_1.svg\" alt=\"\" width=\"312\" \/><\/strong>Allt du beh\u00f6ver veta om sms-l\u00e5n<\/h2>\n<p>Sms-l\u00e5n \u00e4r en av de mest popul\u00e4ra l\u00e5neformerna i Sverige. Anledningen till detta \u00e4r att l\u00e5nebeloppet ofta \u00e4r v\u00e4ldigt l\u00e5gt. Detta g\u00f6r att l\u00e5net anv\u00e4nds mer frekvent.<\/p>\n<p>Tidigare var det \u00e4ven m\u00f6jligt att f\u00e5 l\u00e5net beviljat via sms. D\u00e4rav namnet sms-l\u00e5n. Numera kr\u00e4vs det dock att du legitimerar dig med bank-ID och fyller i ett l\u00e5neformul\u00e4r f\u00f6r att din ans\u00f6kan ska behandlas. Du kan d\u00e4remot fortfarande efterfr\u00e5ga utbetalningar via sms fr\u00e5n ett redan beviljat l\u00e5n.<\/p>\n<p>Sms-l\u00e5n \u00e4r i grunden ett vanligt <a href=\"http:\/\/loanstar.com\/sv\/lana-pengar\/privatlan\/\">privatl\u00e5n<\/a>. Det \u00e4r s\u00e5ledes ett l\u00e5n utan s\u00e4kerhet riktat till privatpersoner. Enda skillnaden \u00e4r att sms-l\u00e5n normalt erbjuds p\u00e5 mindre belopp och med m\u00f6jlighet att efterfr\u00e5ga betalning via sms. N\u00e4r du ans\u00f6ker om ett sms-l\u00e5n b\u00f6r du vara medveten om att l\u00e5nekostnaden ofta \u00e4r betydligt h\u00f6gre \u00e4n f\u00f6r \u00f6vriga l\u00e5neformer.<\/p>\n<h2>Skillnaden mellan sms-l\u00e5n, sm\u00e5l\u00e5n och mikrol\u00e5n<\/h2>\n<p>Skillnaden mellan ett sms-l\u00e5n och de \u00f6vriga tv\u00e5 l\u00e5neformerna \u00e4r att man f\u00f6r ett sms-l\u00e5n, som namnet antyder, kan beg\u00e4ra utbetalningar genom att skicka ett sms till l\u00e5ngivaren.<\/p>\n<p>Att ett l\u00e5n \u00e4r ett sms-l\u00e5n utesluter dock inte att det ocks\u00e5 \u00e4r ett sm\u00e5l\u00e5n eller <a href=\"http:\/\/loanstar.com\/sv\/lana-pengar\/mikrolan\/\">mikrol\u00e5n<\/a>, \u00e4ven om l\u00e5ngivaren valt att kalla l\u00e5net annorlunda. Om ett sms-l\u00e5n har ett l\u00e5gt l\u00e5nebelopp \u00e4r det inte fel att beskriva ett sms-l\u00e5n som ett sm\u00e5l\u00e5n eller mikrol\u00e5n. Det \u00e4r heller inte ovanligt att l\u00e5n som marknadsf\u00f6rs under namnet sm\u00e5l\u00e5n eller mikrol\u00e5n erbjuder denna funktion.<\/p>\n<p>L\u00e5nestrukturen \u00e4r densamma f\u00f6r de olika l\u00e5nen. De \u00e4r n\u00e4mligen privatl\u00e5n &#8211; ett l\u00e5n utan s\u00e4kerhet. F\u00f6r denna typ av l\u00e5n kr\u00e4ver l\u00e5ngivaren inget pantbrev. Det inneb\u00e4r att kreditrisken \u00f6kar. D\u00e4rf\u00f6r \u00e4r ocks\u00e5 sms-l\u00e5n, precis som \u00f6vriga l\u00e5n utan s\u00e4kerhet, betydligt dyrare \u00e4n s\u00e4krade l\u00e5n.<\/p>\n<p>Eftersom privatl\u00e5n kan omfatta l\u00e5nebelopp p\u00e5 upp till 600 000kr har m\u00e5nga l\u00e5ngivare valt att rikta in sig p\u00e5 ett visst beloppsspann. L\u00e5n som marknadsf\u00f6rs som sm\u00e5l\u00e5n \u00e4r ofta begr\u00e4nsade till ett l\u00e5nebelopp p\u00e5 upp till 100 000kr. F\u00f6r mikrol\u00e5n \u00e4r l\u00e5nebeloppet ofta inte h\u00f6gre \u00e4n 10 000kr. F\u00f6r sms-l\u00e5n ligger den \u00f6vre beloppsgr\u00e4nsen p\u00e5 omkring 40 000kr.<\/p>\n<h2>Vad kostar sms-l\u00e5n?<\/h2>\n<p><img decoding=\"async\" class=\"size-full wp-image-343 alignleft\" src=\"http:\/\/loanstar.com\/sv\/wp-content\/uploads\/sites\/11\/2018\/11\/zero_interest_button.svg\" alt=\"\" width=\"312\" \/>Kostnaden f\u00f6r sms-l\u00e5n varierar kraftigt mellan olika l\u00e5ngivare. Gemensamt \u00e4r dock att kostnaden f\u00f6r ett sms-l\u00e5n generellt s\u00e4tt \u00e4r h\u00f6gre \u00e4n f\u00f6r st\u00f6rre privatl\u00e5n.<\/p>\n<h3>F\u00f6ljande faktorer \u00e4r avg\u00f6rande f\u00f6r priss\u00e4ttningen:<\/h3>\n<ul>\n<li>Eftersom sms-l\u00e5n ofta \u00e4r p\u00e5 sm\u00e5 l\u00e5nebelopp \u00e4r den administrativa kostnaden i f\u00f6rh\u00e5llande till l\u00e5nets storlek ocks\u00e5 st\u00f6rre. Det inneb\u00e4r att r\u00e4ntan, som \u00e4r en procentuell avgift, \u00f6kar.<\/li>\n<li>F\u00f6r det andra \u00e4r sms-l\u00e5n ett l\u00e5n utan s\u00e4kerhet. Det inneb\u00e4r att banken inte pants\u00e4tter ett inteckningsobjekt n\u00e4r ett sms-l\u00e5n beviljas. Det \u00e4r din personliga ekonomi som anses vara s\u00e4kerhetsbasis f\u00f6r l\u00e5net. L\u00e5ngivaren beh\u00f6ver d\u00e4rf\u00f6r kompensera f\u00f6r den \u00f6kade kreditrisk som ett l\u00e5n utan s\u00e4kerhet inneb\u00e4r. Detta \u00e4r anledningen till att privatl\u00e5n \u00f6verlag \u00e4r dyrare \u00e4n s\u00e4krade l\u00e5n som till exempel bol\u00e5n eller bill\u00e5n.<\/li>\n<li>Generellt s\u00e4tt \u00e4r kreditkraven i \u00f6vrigt n\u00e5got l\u00e4gre f\u00f6r denna typ av l\u00e5n. Det kompenserar l\u00e5ngivaren f\u00f6r genom att ta ut en h\u00f6gre r\u00e4nta.<\/li>\n<li>Sms-l\u00e5n har ofta en kort \u00e5terbetalningstid. Det \u00e4r inte ovanligt att l\u00e5ntagaren betalar tillbaka l\u00e5net inom ett par veckor och man betalar endast r\u00e4nta f\u00f6r den period som man l\u00e5nar. L\u00e5nekostnaden f\u00f6r ett l\u00e5n med h\u00f6g en effektiv r\u00e4nta kan d\u00e4rmed vara l\u00e5g, m\u00e4tt i kronor, vilket g\u00f6r att marknaden accepterar en h\u00f6gre r\u00e4nta f\u00f6r sms-l\u00e5n.<\/li>\n<\/ul>\n<p>Det \u00e4r viktigt att po\u00e4ngtera att l\u00e5ngivaren har som syfte att bedriva en l\u00f6nsam verksamhet. Eftersom sms-l\u00e5n ofta \u00e4r l\u00e5n p\u00e5 v\u00e4ldigt l\u00e5ga belopp kr\u00e4vs det en h\u00f6gre procentuell avgift f\u00f6r att l\u00e5neverksamheten sak f\u00f6rbli l\u00f6nsam. Det \u00e4r en av anledningarna till att vissa l\u00e5ngivare har en effektiv r\u00e4nta p\u00e5 flera hundra procent.<\/p>\n<p>Den effektiva r\u00e4ntan f\u00f6r ett sms-l\u00e5n best\u00e4ms p\u00e5 individuell basis och baseras p\u00e5 din kreditv\u00e4rdighet som l\u00e5ntagare. I den effektiva r\u00e4ntan ing\u00e5r samtliga kostnader f\u00f6r l\u00e5net s\u00e5som uppl\u00e4ggningsavgift och den periodiska aviavgiften.<\/p>\n<h2>Ans\u00f6kningsprocessen f\u00f6r sms-l\u00e5n<\/h2>\n<p><img decoding=\"async\" class=\"alignright size-full wp-image-341\" src=\"http:\/\/loanstar.com\/sv\/wp-content\/uploads\/sites\/11\/2018\/11\/zero_interest_1.svg\" alt=\"\" width=\"312\" \/>Sedan n\u00e5gra \u00e5r tillbaks kan man inte ans\u00f6ka om ett sms-l\u00e5n via sms i Sverige. Ett sms-l\u00e5n ans\u00f6ker du enklast om online. Du legitimerar dig d\u00e5 med ditt Bank-ID och fyller i ett ans\u00f6kningsformul\u00e4r med \u00f6nskat l\u00e5nebelopp.<\/p>\n<p>N\u00e4r du ans\u00f6ker om ett l\u00e5n online \u00e4r handl\u00e4ggningstiden v\u00e4ldigt kort. I majoriteten av fallen \u00e4r handl\u00e4ggningen ofta helt automatiserad vilket inneb\u00e4r att du kan ha ett l\u00e5nebesked inom ett par minuter. Om du f\u00e5r din l\u00e5neans\u00f6kan beviljad kan du f\u00f6r sms-l\u00e5n sedan efterfr\u00e5ga ytterligare utbetalningar via sms, f\u00f6rutsatt att de inte \u00f6verstiger din beviljade kredit.<\/p>\n<h3>Vi kan dela in ans\u00f6kningsprocessen i f\u00f6ljande steg:<\/h3>\n<ol>\n<li>Ta reda p\u00e5 vilket l\u00e5nebelopp som \u00e4r l\u00e4mpligt. Bed\u00f6mningen ska g\u00f6ras utifr\u00e5n ditt finansieringsbehov och din betalningsf\u00f6rm\u00e5ga. B\u00e4st \u00e4r att skapa en budget f\u00f6r detta syfte. T\u00e4nk p\u00e5 att det \u00e4r dyrt med l\u00e5n utan s\u00e4kerhet.<\/li>\n<li>J\u00e4mf\u00f6r relevanta l\u00e5ngivare. Som n\u00e4mnts ovan finns det ett stort antal akt\u00f6rer p\u00e5 marknaden idag. J\u00e4mf\u00f6r l\u00e5ngivare f\u00f6r ditt \u00f6nskade l\u00e5nebelopp. Parametrar som b\u00f6r j\u00e4mf\u00f6ras \u00e4r den effektiva r\u00e4ntan, uppl\u00e4ggningsavgift, \u00e5terbetalningsperiod samt l\u00e5ngivarens kreditupplysningsf\u00f6retag.<\/li>\n<li>Skicka in din l\u00e5neans\u00f6kan till de l\u00e5ngivare som b\u00e4st matchar dina krav. Det \u00e4r klokt att j\u00e4mf\u00f6ra flera erbjudanden f\u00f6r ett s\u00e5 kallat sms-l\u00e5n. F\u00f6r att f\u00e5 l\u00e5ngivarens slutgiltiga l\u00e5nevillkor beh\u00f6ver du dock skicka in en ans\u00f6kan. Den \u00e4r icke-bindande och du tackar endast ja till det mest konkurrenskraftiga erbjudandet.<\/li>\n<\/ol>\n<p>N\u00e4r du ans\u00f6ker om ett l\u00e5n beh\u00f6ver du minst ange f\u00f6ljande information: Ditt personnummer samt information om inkomstniv\u00e5 och befintlig skuld.<\/p>\n<h2>Ans\u00f6k om ett sms-l\u00e5n via en l\u00e5nem\u00e4klare<\/h2>\n<p>Processen vi beskrev ovan \u00e4r viktig men kan ocks\u00e5 vara v\u00e4ldigt tidskr\u00e4vande. Med det stora antalet akt\u00f6rer p\u00e5 marknaden kr\u00e4vs det en gedigen j\u00e4mf\u00f6relse f\u00f6r att f\u00e5 en bra \u00f6verblick \u00f6ver alternativen och hitta detta r\u00e4tta l\u00e5net. P\u00e5 grund av detta finns det ett antal tj\u00e4nster f\u00f6r att underl\u00e4tta processen f\u00f6r dig.<\/p>\n<p>Du k\u00e4nner s\u00e4kert igen f\u00f6retag som Lendo och Lendify. De \u00e4r exempel p\u00e5 l\u00e5nem\u00e4klare. En l\u00e5nem\u00e4klare \u00e4r en mellanhand som arbetar f\u00f6r att du ska hitta ett konkurrenskraftigt l\u00e5n. Vad en l\u00e5nem\u00e4klare g\u00f6r \u00e4r att denne vidarebefordrar din l\u00e5neans\u00f6kan till ett flertal l\u00e5ngivare. L\u00e5ngivarna bed\u00f6mer sedan din ans\u00f6kan och skickar sitt eventuella l\u00e5neerbjudande tillbaks till l\u00e5nem\u00e4klaren som presenterar dem till dig som kund. P\u00e5 s\u00e5 s\u00e4tt n\u00e5r du ut till ett stort antal l\u00e5ngivare med endast en l\u00e5neans\u00f6kan.<\/p>\n<p>Ett annat alternativ \u00e4r att anv\u00e4nda sig av en j\u00e4mf\u00f6relsetj\u00e4nst som ett frist\u00e5ende verktyg. Du st\u00e4ller d\u00e5 sj\u00e4lv in dina \u00f6nskade l\u00e5neparametrar i verktyget som sedan filtrerar sin databas efter dina preferenser och presenterar relevanta l\u00e5ngivare. Till skillnad fr\u00e5n det f\u00f6rstn\u00e4mnda alternativet beh\u00f6ver du h\u00e4r sj\u00e4lv kontakta l\u00e5ngivarna om ett l\u00e5neerbjudande.<\/p>\n<p>B\u00e5da tj\u00e4nsterna \u00e4r gratis att anv\u00e4nda sig av och finansieras ist\u00e4llet av l\u00e5ngivarna p\u00e5 provisionsbasis.<\/p>\n<p>Vi p\u00e5 LoanStar har tagit fram en mycket anv\u00e4ndarv\u00e4nlig j\u00e4mf\u00f6relsetj\u00e4nst som st\u00e5r till ditt f\u00f6rfogande. Du st\u00e4ller enkelt in dina \u00f6nskade l\u00e5neparametrar och f\u00e5r med ett klick fram en lista \u00f6ver l\u00e5ngivare som uppfyller dina krav.<\/p>\n<h2>Krav p\u00e5 dig som vill ans\u00f6ka om ett sms-l\u00e5n<\/h2>\n<p>Sms-l\u00e5n har ett rykte om sig att vara relativt l\u00e4tta ett erh\u00e5lla, vilket inte \u00e4r helt korrekt. Samtliga l\u00e5n i Sverige har ett antal grundkrav som m\u00e5ste uppfyllas och l\u00e5ngivare har \u00e4ven ett egenintresse i att bedriva en h\u00e5llbar l\u00e5neverksamhet. Det inneb\u00e4r att l\u00e5ntagare ut\u00f6ver grundkraven \u00e4ven beh\u00f6ver visa att deras kreditv\u00e4rdighet \u00e4r i niv\u00e5 med l\u00e5nebeloppet som \u00f6nskas.<\/p>\n<h3>F\u00f6ljande grundkrav g\u00e4ller f\u00f6r sms-l\u00e5n:<\/h3>\n<p><strong>Din \u00e5lder<\/strong><\/p>\n<p>F\u00f6r att bli beviljad ett m\u00e5ste du ha fyllt 18 \u00e5r och vara myndig. Detta \u00e4r ett kravs om regleras i lagen. L\u00e5ngivare har dock m\u00f6jlighet att h\u00f6ja kravet, vilket m\u00e5nga ocks\u00e5 g\u00f6r eftersom \u00e5ldern till viss m\u00e5n kan spegla en persons betalningsf\u00f6rm\u00e5ga och f\u00f6rst\u00e5else f\u00f6r l\u00e5neprodukter. Ofta \u00e4r \u00e5ldersgr\u00e4nsen f\u00f6r sms-l\u00e5n antingen 23 eller 25 \u00e5r.<\/p>\n<p><strong>Din inkomst<\/strong><\/p>\n<p>Att du som l\u00e5ntagare har en deklarerad inkomst kr\u00e4vs generellt s\u00e4tt f\u00f6r alla typer av l\u00e5n. Detta g\u00e4ller \u00e4ven f\u00f6r s\u00e5 kallade sms-l\u00e5n. Enda undantaget skulle vara om l\u00e5ngivaren riktat in sig p\u00e5 s\u00e5 kallade h\u00f6griskl\u00e5n. D\u00e5 finns det en m\u00f6jlighet att denne accepterar kunder som saknar en deklarerade inkomst. Det kan exempelvis vara kunder som endast har studiemedel. Studiemedel syns n\u00e4mligen inte i inkomstdeklarationen men har \u00e4nd\u00e5 en st\u00e4rkande inverkan p\u00e5 kundens betalningsf\u00f6rm\u00e5ga.<\/p>\n<p><strong>Din betalningshistorik<\/strong><\/p>\n<p>\u00c4ven din betalningshistorik \u00e4r ett viktigt beslutsunderlag f\u00f6r l\u00e5ngivaren. Genom den kreditupplysning som l\u00e5ngivaren best\u00e4ller p\u00e5 dig i samband med din l\u00e5neans\u00f6kan f\u00e5r hen information om din betalningshistorik. Upplysningen inneh\u00e5ller information b\u00e5de om din nuvarande skulds\u00e4ttningsgrad samt eventuella betalningsanm\u00e4rkningar.<\/p>\n<h2>Sammanfattning<\/h2>\n<p><img decoding=\"async\" class=\"alignright size-full wp-image-330\" src=\"http:\/\/loanstar.com\/sv\/wp-content\/uploads\/sites\/11\/2018\/11\/payday_loans_2.svg\" alt=\"\" width=\"312\" \/>Sms-l\u00e5n \u00e4r ett popul\u00e4rt begrepp bland Sveriges l\u00e5ngivare som flitigt anv\u00e4nder namnet i marknadsf\u00f6ringssyfte. Namnet \u00e4r dock n\u00e5got missvisande d\u00e5 det inte g\u00e5r att ans\u00f6ka om ett l\u00e5n via sms i Sverige. D\u00e4remot kan man som befintlig l\u00e5ntagare efterfr\u00e5ga utbetalningar via sms, vilket numera \u00e4r vad som definierar ett sms-l\u00e5n.<\/p>\n<p>F\u00f6r l\u00e5n som marknadsf\u00f6rs som sms-l\u00e5n \u00e4r l\u00e5nebeloppet ofta relativt l\u00e5gt. Majoriteten av de sms-l\u00e5n som erbjuds i Sverige har ett maximalt l\u00e5nebelopp p\u00e5 under 50\u00a0000kr.<\/p>\n<p>F\u00f6r att bli beviljad ett s\u00e5 kallat sms-l\u00e5n ska man enligt lag ha fyllt 18 \u00e5r och vara myndig. M\u00e5nga l\u00e5ngivare har dock valt en h\u00f6gre \u00e5ldersgr\u00e4ns p\u00e5 23 eller 25 \u00e5r. Du ska \u00e4ven vara folkbokf\u00f6rd i Sverige och inneha ett svenskt personnummer. Uppfyller du dessa krav \u00e4r det sedan l\u00e5ngivarens bed\u00f6mning av din kreditv\u00e4rdighet som avg\u00f6r huruvida du erbjuds ett sms-l\u00e5n eller inte.<\/p>\n<p>Ett sms-l\u00e5n \u00e4r ett l\u00e5n utan s\u00e4kerhet och kr\u00e4ver d\u00e4rmed inte n\u00e5got pantbrev fr\u00e5n dig som l\u00e5ntagare. I praktiken inneb\u00e4r det att l\u00e5ngivaren inte kan kr\u00e4va dig p\u00e5 en specifik tillg\u00e5ng om skulden skulle f\u00f6rfalla till betalning. Det finns ingen garanti f\u00f6r att l\u00e5net blir \u00e5terbetalt. Sms-l\u00e5n och \u00f6vriga l\u00e5n utan s\u00e4kerhet inneb\u00e4r s\u00e5ledes en h\u00f6gre risk f\u00f6r l\u00e5ngivaren. Detta \u00e4r en av anledningarna till att sms-l\u00e5n \u00e4r betydligt dyrare \u00e4n l\u00e5n med s\u00e4kerhet. En annan anledning \u00e4r att l\u00e5nebeloppet ofta \u00e4r mindre f\u00f6r sms-l\u00e5n, vilket g\u00f6r att avgifterna blir h\u00f6gre i f\u00f6rh\u00e5llande till l\u00e5nets storlek.<\/p>\n<p>Du b\u00f6r ocks\u00e5 vara medveten om att avgifterna varierar kraftigt mellan olika l\u00e5ngivare. Vi rekommenderar d\u00e4rf\u00f6r att du j\u00e4mf\u00f6r l\u00e5n mellan olika l\u00e5ngivare och v\u00e4ljer l\u00e5net med l\u00e4gst r\u00e4nta, f\u00f6rutsatt att \u00f6vriga villkor uppfyller dina f\u00f6rv\u00e4ntningar. Du b\u00f6r j\u00e4mf\u00f6ra den effektiva r\u00e4ntan d\u00e5 den innefattar samtliga kostnader f\u00f6r l\u00e5net.<\/p>\n<p>&nbsp;<\/p>\n<p>&nbsp;<\/p>\n","protected":false},"excerpt":{"rendered":"<p>Allt du beh\u00f6ver veta om sms-l\u00e5n Sms-l\u00e5n \u00e4r en av de mest popul\u00e4ra l\u00e5neformerna i Sverige. Anledningen till detta \u00e4r&#8230;<\/p>\n","protected":false},"author":1,"featured_media":0,"parent":101,"menu_order":0,"comment_status":"closed","ping_status":"closed","template":"templates\/calculator-follow-up.php","meta":{"footnotes":""},"yoast_head":"<!-- This site is optimized with the Yoast SEO plugin v21.0 - https:\/\/yoast.com\/wordpress\/plugins\/seo\/ -->\n<title>Sms-l\u00e5n p\u00e5 upp till 40 000 kr. J\u00e4mf\u00f6r sms-l\u00e5n hos LoanStar.<\/title>\n<meta name=\"description\" content=\"Hos LoanStar kan du j\u00e4mf\u00f6ra sms-l\u00e5n fr\u00e5n Sveriges olika l\u00e5ngivare. Hitta ett sms-l\u00e5n som passar just ditt l\u00e5nebehov och till l\u00e4gsta m\u00f6jliga kostnad.\" \/>\n<meta name=\"robots\" content=\"index, follow, max-snippet:-1, max-image-preview:large, max-video-preview:-1\" \/>\n<link rel=\"canonical\" href=\"https:\/\/loanstar.com\/sv\/lana-pengar\/smslan\/\" \/>\n<meta property=\"og:locale\" content=\"sv_SE\" \/>\n<meta property=\"og:type\" content=\"article\" \/>\n<meta property=\"og:title\" content=\"Sms-l\u00e5n p\u00e5 upp till 40 000 kr. J\u00e4mf\u00f6r sms-l\u00e5n hos LoanStar.\" \/>\n<meta property=\"og:description\" content=\"Hos LoanStar kan du j\u00e4mf\u00f6ra sms-l\u00e5n fr\u00e5n Sveriges olika l\u00e5ngivare. Hitta ett sms-l\u00e5n som passar just ditt l\u00e5nebehov och till l\u00e4gsta m\u00f6jliga kostnad.\" \/>\n<meta property=\"og:url\" content=\"https:\/\/loanstar.com\/sv\/lana-pengar\/smslan\/\" \/>\n<meta property=\"og:site_name\" content=\"LoanStar Sverige\" \/>\n<meta property=\"article:modified_time\" content=\"2019-08-27T14:51:50+00:00\" \/>\n<meta property=\"og:image\" content=\"http:\/\/loanstar.com\/sv\/wp-content\/uploads\/sites\/11\/2018\/11\/small_loans_1.svg\" \/>\n<meta name=\"twitter:card\" content=\"summary_large_image\" \/>\n<meta name=\"twitter:label1\" content=\"Ber\u00e4knad l\u00e4stid\" \/>\n\t<meta name=\"twitter:data1\" content=\"11 minuter\" \/>\n<script type=\"application\/ld+json\" class=\"yoast-schema-graph\">{\"@context\":\"https:\/\/schema.org\",\"@graph\":[{\"@type\":\"WebPage\",\"@id\":\"https:\/\/loanstar.com\/sv\/lana-pengar\/smslan\/\",\"url\":\"https:\/\/loanstar.com\/sv\/lana-pengar\/smslan\/\",\"name\":\"Sms-l\u00e5n p\u00e5 upp till 40 000 kr. J\u00e4mf\u00f6r sms-l\u00e5n hos LoanStar.\",\"isPartOf\":{\"@id\":\"https:\/\/loanstar.com\/sv\/#website\"},\"datePublished\":\"2018-09-21T11:57:47+00:00\",\"dateModified\":\"2019-08-27T14:51:50+00:00\",\"description\":\"Hos LoanStar kan du j\u00e4mf\u00f6ra sms-l\u00e5n fr\u00e5n Sveriges olika l\u00e5ngivare. Hitta ett sms-l\u00e5n som passar just ditt l\u00e5nebehov och till l\u00e4gsta m\u00f6jliga kostnad.\",\"breadcrumb\":{\"@id\":\"https:\/\/loanstar.com\/sv\/lana-pengar\/smslan\/#breadcrumb\"},\"inLanguage\":\"sv-SE\",\"potentialAction\":[{\"@type\":\"ReadAction\",\"target\":[\"https:\/\/loanstar.com\/sv\/lana-pengar\/smslan\/\"]}]},{\"@type\":\"BreadcrumbList\",\"@id\":\"https:\/\/loanstar.com\/sv\/lana-pengar\/smslan\/#breadcrumb\",\"itemListElement\":[{\"@type\":\"ListItem\",\"position\":1,\"name\":\"Sverige\",\"item\":\"https:\/\/loanstar.com\/sv\/\"},{\"@type\":\"ListItem\",\"position\":2,\"name\":\"L\u00e5na pengar\",\"item\":\"https:\/\/loanstar.com\/sv\/lana-pengar\/\"},{\"@type\":\"ListItem\",\"position\":3,\"name\":\"Sms-l\u00e5n\"}]},{\"@type\":\"WebSite\",\"@id\":\"https:\/\/loanstar.com\/sv\/#website\",\"url\":\"https:\/\/loanstar.com\/sv\/\",\"name\":\"LoanStar Sverige\",\"description\":\"J\u00e4mf\u00f6r l\u00e5n\",\"potentialAction\":[{\"@type\":\"SearchAction\",\"target\":{\"@type\":\"EntryPoint\",\"urlTemplate\":\"https:\/\/loanstar.com\/sv\/?s={search_term_string}\"},\"query-input\":\"required name=search_term_string\"}],\"inLanguage\":\"sv-SE\"}]}<\/script>\n<!-- \/ Yoast SEO plugin. -->","yoast_head_json":{"title":"Sms-l\u00e5n p\u00e5 upp till 40 000 kr. J\u00e4mf\u00f6r sms-l\u00e5n hos LoanStar.","description":"Hos LoanStar kan du j\u00e4mf\u00f6ra sms-l\u00e5n fr\u00e5n Sveriges olika l\u00e5ngivare. Hitta ett sms-l\u00e5n som passar just ditt l\u00e5nebehov och till l\u00e4gsta m\u00f6jliga kostnad.","robots":{"index":"index","follow":"follow","max-snippet":"max-snippet:-1","max-image-preview":"max-image-preview:large","max-video-preview":"max-video-preview:-1"},"canonical":"https:\/\/loanstar.com\/sv\/lana-pengar\/smslan\/","og_locale":"sv_SE","og_type":"article","og_title":"Sms-l\u00e5n p\u00e5 upp till 40 000 kr. J\u00e4mf\u00f6r sms-l\u00e5n hos LoanStar.","og_description":"Hos LoanStar kan du j\u00e4mf\u00f6ra sms-l\u00e5n fr\u00e5n Sveriges olika l\u00e5ngivare. Hitta ett sms-l\u00e5n som passar just ditt l\u00e5nebehov och till l\u00e4gsta m\u00f6jliga kostnad.","og_url":"https:\/\/loanstar.com\/sv\/lana-pengar\/smslan\/","og_site_name":"LoanStar Sverige","article_modified_time":"2019-08-27T14:51:50+00:00","og_image":[{"url":"http:\/\/loanstar.com\/sv\/wp-content\/uploads\/sites\/11\/2018\/11\/small_loans_1.svg"}],"twitter_card":"summary_large_image","twitter_misc":{"Ber\u00e4knad l\u00e4stid":"11 minuter"},"schema":{"@context":"https:\/\/schema.org","@graph":[{"@type":"WebPage","@id":"https:\/\/loanstar.com\/sv\/lana-pengar\/smslan\/","url":"https:\/\/loanstar.com\/sv\/lana-pengar\/smslan\/","name":"Sms-l\u00e5n p\u00e5 upp till 40 000 kr. J\u00e4mf\u00f6r sms-l\u00e5n hos LoanStar.","isPartOf":{"@id":"https:\/\/loanstar.com\/sv\/#website"},"datePublished":"2018-09-21T11:57:47+00:00","dateModified":"2019-08-27T14:51:50+00:00","description":"Hos LoanStar kan du j\u00e4mf\u00f6ra sms-l\u00e5n fr\u00e5n Sveriges olika l\u00e5ngivare. Hitta ett sms-l\u00e5n som passar just ditt l\u00e5nebehov och till l\u00e4gsta m\u00f6jliga kostnad.","breadcrumb":{"@id":"https:\/\/loanstar.com\/sv\/lana-pengar\/smslan\/#breadcrumb"},"inLanguage":"sv-SE","potentialAction":[{"@type":"ReadAction","target":["https:\/\/loanstar.com\/sv\/lana-pengar\/smslan\/"]}]},{"@type":"BreadcrumbList","@id":"https:\/\/loanstar.com\/sv\/lana-pengar\/smslan\/#breadcrumb","itemListElement":[{"@type":"ListItem","position":1,"name":"Sverige","item":"https:\/\/loanstar.com\/sv\/"},{"@type":"ListItem","position":2,"name":"L\u00e5na pengar","item":"https:\/\/loanstar.com\/sv\/lana-pengar\/"},{"@type":"ListItem","position":3,"name":"Sms-l\u00e5n"}]},{"@type":"WebSite","@id":"https:\/\/loanstar.com\/sv\/#website","url":"https:\/\/loanstar.com\/sv\/","name":"LoanStar Sverige","description":"J\u00e4mf\u00f6r l\u00e5n","potentialAction":[{"@type":"SearchAction","target":{"@type":"EntryPoint","urlTemplate":"https:\/\/loanstar.com\/sv\/?s={search_term_string}"},"query-input":"required name=search_term_string"}],"inLanguage":"sv-SE"}]}},"_links":{"self":[{"href":"https:\/\/loanstar.com\/sv\/wp-json\/wp\/v2\/pages\/105"}],"collection":[{"href":"https:\/\/loanstar.com\/sv\/wp-json\/wp\/v2\/pages"}],"about":[{"href":"https:\/\/loanstar.com\/sv\/wp-json\/wp\/v2\/types\/page"}],"author":[{"embeddable":true,"href":"https:\/\/loanstar.com\/sv\/wp-json\/wp\/v2\/users\/1"}],"replies":[{"embeddable":true,"href":"https:\/\/loanstar.com\/sv\/wp-json\/wp\/v2\/comments?post=105"}],"version-history":[{"count":7,"href":"https:\/\/loanstar.com\/sv\/wp-json\/wp\/v2\/pages\/105\/revisions"}],"predecessor-version":[{"id":399,"href":"https:\/\/loanstar.com\/sv\/wp-json\/wp\/v2\/pages\/105\/revisions\/399"}],"up":[{"embeddable":true,"href":"https:\/\/loanstar.com\/sv\/wp-json\/wp\/v2\/pages\/101"}],"wp:attachment":[{"href":"https:\/\/loanstar.com\/sv\/wp-json\/wp\/v2\/media?parent=105"}],"curies":[{"name":"wp","href":"https:\/\/api.w.org\/{rel}","templated":true}]}}