{"id":101,"date":"2018-09-21T10:56:40","date_gmt":"2018-09-21T10:56:40","guid":{"rendered":"http:\/\/loanstar.com\/sv\/?page_id=101"},"modified":"2019-06-03T14:55:18","modified_gmt":"2019-06-03T12:55:18","slug":"lana-pengar","status":"publish","type":"page","link":"https:\/\/loanstar.com\/sv\/lana-pengar\/","title":{"rendered":"L\u00e5na pengar"},"content":{"rendered":"<h2 id=\"scroll-0\">Att l\u00e5na pengar till konsumtion<\/h2>\n<p><img decoding=\"async\" class=\"alignright size-full wp-image-380\" src=\"http:\/\/loanstar.com\/no\/wp-content\/uploads\/sites\/2\/2018\/11\/small_loans_2.svg\" alt=\"\" width=\"312\" \/>Att l\u00e5na pengar f\u00f6rknippas ofta med l\u00e5n till en bostadsr\u00e4tt eller ett hus, och \u00e4ven fast den h\u00e4r typen av finansiering utg\u00f6r den allra st\u00f6rsta delen av l\u00e5nemarknaden, s\u00e5 har \u00e4ven efterfr\u00e5gan p\u00e5 andra typer av l\u00e5n \u00f6kat under senare \u00e5r. Ibland vill du l\u00e5na pengar f\u00f6r andra \u00e4ndam\u00e5l \u00e4n vad exempelvis ett bol\u00e5n till\u00e5ter, det kan vara f\u00f6r renovering, semester, bil, nya m\u00f6bler eller n\u00e5got annat. S\u00e5dana typer av investeringar \u00e4r ofta kostsamma och m\u00e5nga l\u00e5ntagare \u00e4r inte angel\u00e4gna att spara upp till detta under flera \u00e5r. I den h\u00e4r typen av situationer blir det allt vanligare att man ist\u00e4llet finansierar k\u00f6pet med ett l\u00e5n utan s\u00e4kerhet, \u00e4ven k\u00e4nt som konsumentl\u00e5n.<\/p>\n<h2 id=\"scroll-1\">Olika typer av konsumentl\u00e5n<\/h2>\n<p><img decoding=\"async\" loading=\"lazy\" class=\"alignright wp-image-250\" src=\"http:\/\/loanstar.com\/no\/wp-content\/uploads\/sites\/2\/2018\/09\/ill_body_18.svg\" alt=\"Ulike-varianter-av-forbruksl\u00e5n\" width=\"312\" height=\"150\" \/>Efterfr\u00e5gan p\u00e5 <a href=\"http:\/\/loanstar.com\/sv\/lana-pengar\/privatlan\/\">konsumentl\u00e5n<\/a> v\u00e4xer i Sverige och antalet akt\u00f6rer p\u00e5 marknaden som erbjuder den h\u00e4r sorten av l\u00e5n har ocks\u00e5 \u00f6kat i takt med efterfr\u00e5gan. Din nuvarande bank har med all s\u00e4kerhet det h\u00e4r slags l\u00e5n i sitt produktutbud och f\u00f6rutom bankerna finns \u00e4ven andra typer av l\u00e5neinstitut p\u00e5 den svenska marknaden som har valt att specialisera sig l\u00e5n av den h\u00e4r karakt\u00e4ren.<\/p>\n<p>Bra att veta \u00e4r \u00e4ven att konsumentl\u00e5n finns tillg\u00e4ngliga i en m\u00e4ngd olika former, fr\u00e5n mindre s\u00e5 kallade <a href=\"http:\/\/loanstar.com\/sv\/lana-pengar\/mikrolan\/\">mikrol\u00e5n<\/a> p\u00e5 under tusenlappen, upp till ett l\u00e5n p\u00e5 en halv miljon kronor.<\/p>\n<p>L\u00e5neformer som smsl\u00e5n, snabbl\u00e5n och mikrol\u00e5n \u00e4r alla exempel p\u00e5 konsumentl\u00e5n och den gemensamma faktorn \u00e4r att de inte kr\u00e4ver n\u00e5gon s\u00e4kerhet fr\u00e5n dig som l\u00e5ntagare. L\u00e5n utan s\u00e4kerhet inneb\u00e4r dock en h\u00f6gre risk f\u00f6r bankerna, vilket kompenseras med en h\u00f6gre r\u00e4nta.<\/p>\n<p>Vilken typ av konsumentl\u00e5n som passar b\u00e4st f\u00f6r just dig beror p\u00e5 din ekonomiska situation, dina preferenser vad g\u00e4ller l\u00f6ptid, samt vad l\u00e5net \u00e4r t\u00e4nkt att anv\u00e4ndas till. Om du vill <a href=\"https:\/\/lanapengar.expressen.se\/\">l\u00e5na pengar<\/a> till att k\u00f6pa ett kylsk\u00e5p, kan ett mikrol\u00e5n vara l\u00e4mpligt. \u00c5 andra sidan, om du vill renovera badrummet beh\u00f6ver du f\u00f6rmodligen ett st\u00f6rre l\u00e5n. Huvudregeln \u00e4r att du aldrig b\u00f6r l\u00e5na mer pengar \u00e4n vad du faktiskt beh\u00f6ver och kan betala tillbaka.<\/p>\n<p>De flesta l\u00e5ngivare har en webbplats med information om g\u00e4llande r\u00e4nta och avgifter f\u00f6r deras olika l\u00e5n. Vissa l\u00e5ngivare har \u00e4ven en l\u00e5nekalkylator p\u00e5 sin webbplats som du kan anv\u00e4nda dig av. Med l\u00e5nekalkylatorn kan du simulera olika l\u00e5nesituationer och enkelt f\u00e5 en bild \u00f6ver vad ett l\u00e5n skulle kosta just dig.<\/p>\n<h3>F\u00e5 hj\u00e4lp av en l\u00e5nem\u00e4klare n\u00e4r du ans\u00f6ker om l\u00e5n<\/h3>\n<p><img decoding=\"async\" loading=\"lazy\" class=\"alignleft wp-image-249\" src=\"http:\/\/loanstar.com\/no\/wp-content\/uploads\/sites\/2\/2018\/09\/ill_body_17.svg\" alt=\"F\u00e5-hjelp-av-en-l\u00e5neformidler-n\u00e5r-du-skal-l\u00e5ne-penger\" width=\"312\" height=\"150\" \/>Det \u00e4r inte en l\u00e4tt uppgift att hitta r\u00e4tt i djungeln av l\u00e5ngivare. N\u00e4r du v\u00e4l har s\u00e5llat fram de mest l\u00e4mpliga akt\u00f6rerna ska du b\u00f6rja j\u00e4mf\u00f6ra erbjudanden dem emellan. Du har helt r\u00e4tt om du tycker att uppgiften \u00e4r \u00f6verv\u00e4ldigande och d\u00e5 kan du dra nytta av en l\u00e5nem\u00e4klare.<\/p>\n<p>En l\u00e5nem\u00e4klare l\u00e5nar inte ut pengar sj\u00e4lv utan fungerar som en l\u00e4nk mellan dig och l\u00e5ngivaren. Du skickar in din ans\u00f6kan till l\u00e5nem\u00e4klaren som sedan vidarebefordrar den till sina samarbetspartners.<\/p>\n<p>Det finns i synnerhet tv\u00e5 f\u00f6rdelar med att anv\u00e4nda en l\u00e5nem\u00e4klare. F\u00f6r det f\u00f6rsta beh\u00f6ver du inte skicka in din l\u00e5neans\u00f6kan mer \u00e4n en g\u00e5ng och f\u00f6r det andra vet l\u00e5nem\u00e4klarens samarbetspartners (l\u00e5ngivarna) om att de t\u00e4vlar om dig som kund, och du f\u00e5r d\u00e4rf\u00f6r med all s\u00e4kerhet ett konkurrenskraftigt erbjudande fr\u00e5n de olika bankerna.<\/p>\n<p>H\u00e4r f\u00e5r du allt packat och klart. Tj\u00e4nsten \u00e4r ocks\u00e5 gratis att nyttja eftersom det \u00e4r l\u00e5ngivaren som finansierar den. De erbjudanden som du f\u00e5r via l\u00e5nem\u00e4klaren \u00e4r inte heller p\u00e5 n\u00e5got s\u00e4tt bindande. Du v\u00e4ljer sj\u00e4lv om du vill acceptera ett av erbjudandena eller tacka nej till alla.<\/p>\n<div class=\"block-box\" data-color=\"green\">\n<div class=\"block__body\">\n<h5>Tips<\/h5>\n<p>S\u00e5 f\u00e5r du kontroll \u00f6ver din ekonomi<\/p>\n<\/div>\n<\/div>\n<h2 id=\"scroll-2\">Krav p\u00e5 dig som ans\u00f6ker om ett l\u00e5n<\/h2>\n<p>Marknaden f\u00f6r konsumentl\u00e5n \u00e4r konkurrenskraftig och marknadsf\u00f6ringen \u00e4r s\u00e5ledes ocks\u00e5 aggressiv. Det \u00e4r l\u00e4tt att f\u00e5 intrycket av att erbjudanden om konsumentl\u00e5n \u00f6verskuggar varandra och att det \u00e4r helt oproblematiskt att f\u00e5 ett l\u00e5n beviljat. Tyv\u00e4rr \u00e4r det oftast inte helt s\u00e5 enkelt. L\u00e5ngivaren st\u00e4ller krav p\u00e5 dig som l\u00e5ntagare, precis som vid traditionella, s\u00e4krade l\u00e5n.<\/p>\n<div class=\"list-ticks-secondary\">\n<ul>\n<li>Du m\u00e5ste vara myndig, d.v.s. \u00f6ver 18 \u00e5r.<\/li>\n<li>Du m\u00e5ste vara folkbokf\u00f6rd i Sverige.<\/li>\n<li>Du m\u00e5ste ha en deklarerad inkomst.<\/li>\n<li>Du b\u00f6r inte ha en d\u00e5lig betalningshistorik, d.v.s. en l\u00e5g kreditv\u00e4rdighet.<\/li>\n<\/ul>\n<\/div>\n<p>Bankens f\u00f6rsta krav, vilket ocks\u00e5 \u00e4r det absoluta minimikravet, \u00e4r att du ska vara myndig. Du kommer aldrig att hitta en l\u00e5ngivare som beviljar l\u00e5n till dig som \u00e4r under 18 \u00e5r. Samtidigt \u00e4r det inte helt ovanligt att bankerna har en h\u00f6gre \u00e5ldersgr\u00e4ns \u00e4n 18 \u00e5r. Den vanligaste \u00e5ldersgr\u00e4nsen \u00e4r antingen 20 \u00e5r, 23 \u00e5r eller 25 \u00e5r.<\/p>\n<p>Du beh\u00f6ver dessutom vara folkbokf\u00f6rd i Sverige. Det handlar om risker fr\u00e5n bankens sida. Det \u00e4r betydligt sv\u00e5rare f\u00f6r bankerna att hantera fordringar f\u00f6r personer utomlands, vilket g\u00f6r det riskabelt att l\u00e5na ut pengar till n\u00e5gon som inte \u00e4r fast bosatt i landet. I allm\u00e4nhet m\u00e5ste du d\u00e4rf\u00f6r vara folkbokf\u00f6rd i Sverige f\u00f6r att f\u00e5 ett l\u00e5n beviljat.<\/p>\n<p>Inkomstkravet \u00e4r uppenbart. Alla l\u00e5ngivare kr\u00e4ver att du har tillr\u00e4ckligt med finansiella medel f\u00f6r att hantera det l\u00e5n du ans\u00f6ker om. F\u00f6r konsumentl\u00e5n finns det inte heller n\u00e5gon inteckning p\u00e5 antingen huset eller andra tillg\u00e5ngar. D\u00e5 blir din inkomst \u00e4nnu viktigare, eftersom det \u00e4r den enda s\u00e4kerheten f\u00f6r l\u00e5ngivaren. Vilken \u00e5rlig eller m\u00e5natlig inkomst som kr\u00e4vs varierar fr\u00e5n bank till bank.<\/p>\n<p>N\u00e4r din personliga ekonomi \u00e4r den enda s\u00e4kerheten f\u00f6r konsumentl\u00e5net \u00e4r det inte heller n\u00e5gon \u00f6verraskning att du m\u00e5ste ha en bra betalningshistorik. Du f\u00e5r inte ha n\u00e5gra registrerade betalningsanm\u00e4rkningar eller aktiva inkasso\u00e4renden vid ans\u00f6kan om l\u00e5n och det g\u00e4ller f\u00f6r b\u00e5de s\u00e4krade och os\u00e4krade l\u00e5netyper. Det finns dock vissa banker och l\u00e5neinstitut som l\u00e5nar ut pengar till dig som har hamnat i ekonomiska sv\u00e5righeter och har betalningsanm\u00e4rkningar. Dessa l\u00e5n \u00e4r dock oftast avsedda f\u00f6r dem som ska refinansiera sina skulder och kan erbjuda en s\u00e4kerhet i en fastighet.<\/p>\n<div class=\"block-box\" data-color=\"orange\">\n<div class=\"block__body\">\n<h5>Refinansiering av skulder<\/h5>\n<p>Genom att refinansiera mindre l\u00e5n och krediter kan du f\u00e5 en b\u00e4ttre r\u00e4nta<\/p>\n<\/div>\n<\/div>\n<h2 id=\"scroll-3\">Hur man ans\u00f6ker om att l\u00e5na pengar<\/h2>\n<p><img decoding=\"async\" loading=\"lazy\" class=\"alignright wp-image-248\" src=\"http:\/\/loanstar.com\/no\/wp-content\/uploads\/sites\/2\/2018\/09\/ill_body_16.svg\" alt=\"Slik-s\u00f8ker-du-om-\u00e5-l\u00e5ne-penger\" width=\"312\" height=\"150\" \/>F\u00f6rr i tiden var innebar en l\u00e5neans\u00f6kan en r\u00e4tt s\u00e5 utdragen och tr\u00e5kig process. Du var tvungen att tr\u00e4ffa banken personligen, f\u00f6rklara vad du beh\u00f6vde pengarna till och beskriva din ekonomiska situation. Lyckligtvis \u00e4r s\u00e5 inte fallet l\u00e4ngre. Nu \u00e4r ans\u00f6kan digitaliserad, vilket g\u00f6r det mycket snabbare och enklare. I dag fyller du i en ans\u00f6kningsblankett p\u00e5 bankens hemsida och svaret p\u00e5 din ans\u00f6kan har du ofta inom mycket kort tid.<\/p>\n<p>Det f\u00f6rsta som h\u00e4nder efter att banken har mottagit din l\u00e5neans\u00f6kan \u00e4r att den tar en kreditupplysning p\u00e5 dig. Det kommer att vara utg\u00e5ngspunkten f\u00f6r bankens beslut och ett underlag i ber\u00e4kningen av vilken l\u00e5nesumma och r\u00e4nta som kan erbjudas.<\/p>\n<p>Observera att r\u00e4ntan alltid s\u00e4tts individuellt. Den r\u00e4nta som annonseras p\u00e5 webbplatsen \u00e4r en exempelr\u00e4nta och motsvarar bankens b\u00e4sta r\u00e4nta. Det \u00e4r s\u00e4llan man f\u00e5r ett l\u00e5n till den r\u00e4ntan, d\u00e5 den st\u00e4ller stora krav p\u00e5 din ekonomi.<\/p>\n<p>N\u00e4r bankens kreditbed\u00f6mning av dig som l\u00e5nes\u00f6kare \u00e4r klar kan du v\u00e4nta ett av f\u00f6ljande beslut. Du f\u00e5r antingen l\u00e5net beviljat eller f\u00e5r avslag p\u00e5 din ans\u00f6kan. Om l\u00e5net blir beviljat kommer ett erbjudande att bifogas. Erbjudandet inneh\u00e5ller information om villkoren f\u00f6r l\u00e5net, som l\u00e5nebelopp, \u00e5terbetalningsperiod, r\u00e4nta och avgifter samt ditt m\u00e5natliga amorteringsbelopp.<\/p>\n<p>Om du v\u00e4ljer att acceptera erbjudandet kan du g\u00f6ra det genom att logga in med ditt BankID. Med det h\u00e4r alternativet slipper du utdragen mejlkorrespondens och du f\u00e5r pengarna tillg\u00e4ngliga p\u00e5 ditt konto betydligt snabbare.<\/p>\n<p>Det kan \u00e4ven vara bra att veta att f\u00f6r mindre konsumentl\u00e5n och l\u00e5n av typen snabbl\u00e5n, betalas l\u00e5nebeloppet oftast ut under samma dag som ans\u00f6kan har gjorts. Dock betyder inte det att du har pengarna p\u00e5 kontot samma dag, utan endast att utbetalningen sker d\u00e5. Det kan dr\u00f6ja n\u00e5gra arbetsdagar tills du har pengarna p\u00e5 ditt konto, beroende p\u00e5 vilken betalningsleverant\u00f6r som anv\u00e4nds.<\/p>\n<h3>Praktisk information om konsumentl\u00e5n<\/h3>\n<p>Det finns n\u00e5gra saker att t\u00e4nka p\u00e5 n\u00e4r du ans\u00f6ker om ett konsumentl\u00e5n. F\u00f6r det f\u00f6rsta beh\u00f6ver du veta vad du har r\u00e5d med vad g\u00e4ller r\u00e4nta och avgifter. L\u00e5ngivarna kommer att beskriva sin r\u00e4nta i tv\u00e5 termer, nominell r\u00e4nta och effektiv r\u00e4nta. Den nominella r\u00e4ntan inkluderar enbart sj\u00e4lva r\u00e4ntekostnaden. Ut\u00f6ver r\u00e4nta betalar du f\u00f6rmodligen \u00e4ven andra l\u00f6pande avgifter som h\u00f6jer den \u00e5rliga kostnaden f\u00f6r l\u00e5net. Den effektiva r\u00e4ntan tar h\u00e4nsyn till dess avgifter och representerar d\u00e4rmed den faktiska \u00e5rliga kostnaden f\u00f6r l\u00e5net. N\u00e4r du j\u00e4mf\u00f6r l\u00e5n sinsemellan \u00e4r det d\u00e4rf\u00f6r b\u00e4st att anv\u00e4nda sig av den effektiva r\u00e4ntan f\u00f6r att f\u00e5 en r\u00e4ttvisande bild.<\/p>\n<p>De flesta l\u00e5n inkluderar \u00e4ven en uppl\u00e4ggningsavgift, vilket \u00e4r en eng\u00e5ngsavgift som ska t\u00e4cka bankens kostnad f\u00f6r att etablera l\u00e5net. Uppl\u00e4ggningsavgiften kan antingen vara en fast summa eller en procentandel av det totala l\u00e5nebeloppet. Du f\u00e5r ofta \u00e4ven betala en upps\u00e4gningsavgift. De h\u00e4r kostnaderna tillkommer i s\u00e5 fall ut\u00f6ver den effektiva r\u00e4ntan.<\/p>\n<p>L\u00f6ptiden f\u00f6r ett konsumentl\u00e5n varierar fr\u00e5n 1 \u00e5r upp till 15 \u00e5r, beroende p\u00e5 hur mycket du l\u00e5nar. Mindre summor m\u00e5ste ofta \u00e5terbetalas inom en relativt kort tid, medan st\u00f6rre l\u00e5nebelopp ofta har en l\u00e4ngre \u00e5terbetalningsperiod.<\/p>\n<h2 id=\"scroll-4\">Vad kan man anv\u00e4nda ett konsumentl\u00e5n till?<\/h2>\n<p><img decoding=\"async\" loading=\"lazy\" class=\"alignleft wp-image-247\" src=\"http:\/\/loanstar.com\/no\/wp-content\/uploads\/sites\/2\/2018\/09\/ill_body_15.svg\" alt=\"Hva-brukes-et-forbruksl\u00e5n-til?\" width=\"312\" height=\"150\" \/>En av de fr\u00e4msta anledningarna till att konsumentl\u00e5n har blivit s\u00e5 popul\u00e4ra \u00e4r den frihet som de inneb\u00e4r. L\u00e5ntagaren f\u00e5r i princip spendera pengarna p\u00e5 vad helst den vill. S\u00e5 \u00e4r dock inte fallet med alla typer av l\u00e5n. F\u00f6r l\u00e5n med s\u00e4kerhet \u00e4r pengarna \u00f6ronm\u00e4rkta till ett f\u00f6rutbest\u00e4mt syfte, som exempelvis ett bil- eller husk\u00f6p.<\/p>\n<p>Med konsumentl\u00e5n anv\u00e4nder du pengarna helt efter dina egna prioriteringar. Du kan finansiera en renovering av ditt hem eller k\u00f6pa n\u00e5got du l\u00e4nge \u00f6nskat dig. Alternativen \u00e4r o\u00e4ndliga men str\u00e4cker sig fr\u00e5n allt att f\u00f6rnya din garderob, resa p\u00e5 semester till inf\u00f6rskaffandet av en ny bil. Men man ska inte heller h\u00f6ja konsumentl\u00e5n till skyarna. Den h\u00e4r typen av finansiering kr\u00e4ver ansvar och friheten kommer till en kostnad, n\u00e4mligen h\u00f6gre r\u00e4nta och avgifter.<\/p>\n<p>T\u00e4nk noga efter vad du ska spendera dina pengar p\u00e5 och l\u00e5na sedan inte mer \u00e4n du beh\u00f6ver. N\u00e4r du f\u00e5r pengarna b\u00f6r du fullf\u00f6lja din ursprungliga plan och inte sl\u00f6sa bort ditt l\u00e5n p\u00e5 n\u00e5got annat. Ett konsumentl\u00e5n \u00e4r din b\u00e4sta v\u00e4n n\u00e4r du verkligen beh\u00f6ver pengar snabbare \u00e4n vad du kan spara till, men det kan ocks\u00e5 v\u00e4nda sig emot dig om du sl\u00f6sar bort dina pengar p\u00e5 n\u00e5got oplanerat och sedan inte kan betala tillbaka.<\/p>\n","protected":false},"excerpt":{"rendered":"<p>Att l\u00e5na pengar till konsumtion Att l\u00e5na pengar f\u00f6rknippas ofta med l\u00e5n till en bostadsr\u00e4tt eller ett hus, och \u00e4ven&#8230;<\/p>\n","protected":false},"author":1,"featured_media":0,"parent":0,"menu_order":0,"comment_status":"closed","ping_status":"closed","template":"templates\/calculator-main.php","meta":{"footnotes":""},"yoast_head":"<!-- This site is optimized with the Yoast SEO plugin v21.0 - https:\/\/yoast.com\/wordpress\/plugins\/seo\/ -->\n<title>L\u00e5na pengar smartare \u2013 upp till 600 000 kr utan s\u00e4kerhet - LoanStar<\/title>\n<meta name=\"description\" content=\"L\u00e5na pengar snabbt och enkelt genom LoanStar. Vi j\u00e4mf\u00f6r och hj\u00e4lper dig att hitta billiga l\u00e5n utan s\u00e4kerhet upp till 600 000 kr\" \/>\n<meta name=\"robots\" content=\"index, follow, max-snippet:-1, max-image-preview:large, max-video-preview:-1\" \/>\n<link rel=\"canonical\" href=\"https:\/\/loanstar.com\/sv\/lana-pengar\/\" \/>\n<meta property=\"og:locale\" content=\"sv_SE\" \/>\n<meta property=\"og:type\" content=\"article\" \/>\n<meta property=\"og:title\" content=\"L\u00e5na pengar smartare \u2013 upp till 600 000 kr utan s\u00e4kerhet - LoanStar\" \/>\n<meta property=\"og:description\" content=\"L\u00e5na pengar snabbt och enkelt genom LoanStar. Vi j\u00e4mf\u00f6r och hj\u00e4lper dig att hitta billiga l\u00e5n utan s\u00e4kerhet upp till 600 000 kr\" \/>\n<meta property=\"og:url\" content=\"https:\/\/loanstar.com\/sv\/lana-pengar\/\" \/>\n<meta property=\"og:site_name\" content=\"LoanStar Sverige\" \/>\n<meta property=\"article:modified_time\" content=\"2019-06-03T12:55:18+00:00\" \/>\n<meta property=\"og:image\" content=\"http:\/\/loanstar.com\/no\/wp-content\/uploads\/sites\/2\/2018\/11\/small_loans_2.svg\" \/>\n<meta name=\"twitter:card\" content=\"summary_large_image\" \/>\n<meta name=\"twitter:label1\" content=\"Ber\u00e4knad l\u00e4stid\" \/>\n\t<meta name=\"twitter:data1\" content=\"11 minuter\" \/>\n<script type=\"application\/ld+json\" class=\"yoast-schema-graph\">{\"@context\":\"https:\/\/schema.org\",\"@graph\":[{\"@type\":\"WebPage\",\"@id\":\"https:\/\/loanstar.com\/sv\/lana-pengar\/\",\"url\":\"https:\/\/loanstar.com\/sv\/lana-pengar\/\",\"name\":\"L\u00e5na pengar smartare \u2013 upp till 600 000 kr utan s\u00e4kerhet - LoanStar\",\"isPartOf\":{\"@id\":\"https:\/\/loanstar.com\/sv\/#website\"},\"datePublished\":\"2018-09-21T10:56:40+00:00\",\"dateModified\":\"2019-06-03T12:55:18+00:00\",\"description\":\"L\u00e5na pengar snabbt och enkelt genom LoanStar. Vi j\u00e4mf\u00f6r och hj\u00e4lper dig att hitta billiga l\u00e5n utan s\u00e4kerhet upp till 600 000 kr\",\"breadcrumb\":{\"@id\":\"https:\/\/loanstar.com\/sv\/lana-pengar\/#breadcrumb\"},\"inLanguage\":\"sv-SE\",\"potentialAction\":[{\"@type\":\"ReadAction\",\"target\":[\"https:\/\/loanstar.com\/sv\/lana-pengar\/\"]}]},{\"@type\":\"BreadcrumbList\",\"@id\":\"https:\/\/loanstar.com\/sv\/lana-pengar\/#breadcrumb\",\"itemListElement\":[{\"@type\":\"ListItem\",\"position\":1,\"name\":\"Sverige\",\"item\":\"https:\/\/loanstar.com\/sv\/\"},{\"@type\":\"ListItem\",\"position\":2,\"name\":\"L\u00e5na pengar\"}]},{\"@type\":\"WebSite\",\"@id\":\"https:\/\/loanstar.com\/sv\/#website\",\"url\":\"https:\/\/loanstar.com\/sv\/\",\"name\":\"LoanStar Sverige\",\"description\":\"J\u00e4mf\u00f6r l\u00e5n\",\"potentialAction\":[{\"@type\":\"SearchAction\",\"target\":{\"@type\":\"EntryPoint\",\"urlTemplate\":\"https:\/\/loanstar.com\/sv\/?s={search_term_string}\"},\"query-input\":\"required name=search_term_string\"}],\"inLanguage\":\"sv-SE\"}]}<\/script>\n<!-- \/ Yoast SEO plugin. -->","yoast_head_json":{"title":"L\u00e5na pengar smartare \u2013 upp till 600 000 kr utan s\u00e4kerhet - LoanStar","description":"L\u00e5na pengar snabbt och enkelt genom LoanStar. Vi j\u00e4mf\u00f6r och hj\u00e4lper dig att hitta billiga l\u00e5n utan s\u00e4kerhet upp till 600 000 kr","robots":{"index":"index","follow":"follow","max-snippet":"max-snippet:-1","max-image-preview":"max-image-preview:large","max-video-preview":"max-video-preview:-1"},"canonical":"https:\/\/loanstar.com\/sv\/lana-pengar\/","og_locale":"sv_SE","og_type":"article","og_title":"L\u00e5na pengar smartare \u2013 upp till 600 000 kr utan s\u00e4kerhet - LoanStar","og_description":"L\u00e5na pengar snabbt och enkelt genom LoanStar. Vi j\u00e4mf\u00f6r och hj\u00e4lper dig att hitta billiga l\u00e5n utan s\u00e4kerhet upp till 600 000 kr","og_url":"https:\/\/loanstar.com\/sv\/lana-pengar\/","og_site_name":"LoanStar Sverige","article_modified_time":"2019-06-03T12:55:18+00:00","og_image":[{"url":"http:\/\/loanstar.com\/no\/wp-content\/uploads\/sites\/2\/2018\/11\/small_loans_2.svg"}],"twitter_card":"summary_large_image","twitter_misc":{"Ber\u00e4knad l\u00e4stid":"11 minuter"},"schema":{"@context":"https:\/\/schema.org","@graph":[{"@type":"WebPage","@id":"https:\/\/loanstar.com\/sv\/lana-pengar\/","url":"https:\/\/loanstar.com\/sv\/lana-pengar\/","name":"L\u00e5na pengar smartare \u2013 upp till 600 000 kr utan s\u00e4kerhet - LoanStar","isPartOf":{"@id":"https:\/\/loanstar.com\/sv\/#website"},"datePublished":"2018-09-21T10:56:40+00:00","dateModified":"2019-06-03T12:55:18+00:00","description":"L\u00e5na pengar snabbt och enkelt genom LoanStar. Vi j\u00e4mf\u00f6r och hj\u00e4lper dig att hitta billiga l\u00e5n utan s\u00e4kerhet upp till 600 000 kr","breadcrumb":{"@id":"https:\/\/loanstar.com\/sv\/lana-pengar\/#breadcrumb"},"inLanguage":"sv-SE","potentialAction":[{"@type":"ReadAction","target":["https:\/\/loanstar.com\/sv\/lana-pengar\/"]}]},{"@type":"BreadcrumbList","@id":"https:\/\/loanstar.com\/sv\/lana-pengar\/#breadcrumb","itemListElement":[{"@type":"ListItem","position":1,"name":"Sverige","item":"https:\/\/loanstar.com\/sv\/"},{"@type":"ListItem","position":2,"name":"L\u00e5na pengar"}]},{"@type":"WebSite","@id":"https:\/\/loanstar.com\/sv\/#website","url":"https:\/\/loanstar.com\/sv\/","name":"LoanStar Sverige","description":"J\u00e4mf\u00f6r l\u00e5n","potentialAction":[{"@type":"SearchAction","target":{"@type":"EntryPoint","urlTemplate":"https:\/\/loanstar.com\/sv\/?s={search_term_string}"},"query-input":"required name=search_term_string"}],"inLanguage":"sv-SE"}]}},"_links":{"self":[{"href":"https:\/\/loanstar.com\/sv\/wp-json\/wp\/v2\/pages\/101"}],"collection":[{"href":"https:\/\/loanstar.com\/sv\/wp-json\/wp\/v2\/pages"}],"about":[{"href":"https:\/\/loanstar.com\/sv\/wp-json\/wp\/v2\/types\/page"}],"author":[{"embeddable":true,"href":"https:\/\/loanstar.com\/sv\/wp-json\/wp\/v2\/users\/1"}],"replies":[{"embeddable":true,"href":"https:\/\/loanstar.com\/sv\/wp-json\/wp\/v2\/comments?post=101"}],"version-history":[{"count":5,"href":"https:\/\/loanstar.com\/sv\/wp-json\/wp\/v2\/pages\/101\/revisions"}],"predecessor-version":[{"id":376,"href":"https:\/\/loanstar.com\/sv\/wp-json\/wp\/v2\/pages\/101\/revisions\/376"}],"wp:attachment":[{"href":"https:\/\/loanstar.com\/sv\/wp-json\/wp\/v2\/media?parent=101"}],"curies":[{"name":"wp","href":"https:\/\/api.w.org\/{rel}","templated":true}]}}