{"id":9,"date":"2018-09-26T12:19:42","date_gmt":"2018-09-26T12:19:42","guid":{"rendered":"http:\/\/loanstar.com\/pl\/?page_id=9"},"modified":"2019-12-19T12:37:19","modified_gmt":"2019-12-19T11:37:19","slug":"home","status":"publish","type":"page","link":"https:\/\/loanstar.com\/pl\/","title":{"rendered":"Chwil\u00f3wki, kredyty konsolidacyjne i finanse osobiste"},"content":{"rendered":"","protected":false},"excerpt":{"rendered":"","protected":false},"author":1,"featured_media":0,"parent":0,"menu_order":0,"comment_status":"closed","ping_status":"closed","template":"templates\/home-country.php","meta":{"footnotes":""},"yoast_head":"<!-- This site is optimized with the Yoast SEO plugin v21.0 - https:\/\/yoast.com\/wordpress\/plugins\/seo\/ -->\n<title>Chwil\u00f3wki, kredyty konsolidacyjne i finanse osobiste - LoanStar Polska<\/title>\n<meta name=\"description\" content=\"LoanStar to platforma, kt\u00f3ra pomaga konsumentom znale\u017a\u0107 lepsze i ta\u0144sze po\u017cyczki. Wyszukaj i znajd\u017a tanie chwil\u00f3wki i kredyty konsolidacyjne.\" \/>\n<meta name=\"robots\" content=\"index, follow, max-snippet:-1, max-image-preview:large, max-video-preview:-1\" \/>\n<link rel=\"canonical\" href=\"https:\/\/loanstar.com\/pl\/\" \/>\n<meta property=\"og:locale\" content=\"pl_PL\" \/>\n<meta property=\"og:type\" content=\"article\" \/>\n<meta property=\"og:title\" content=\"Chwil\u00f3wki, kredyty konsolidacyjne i finanse osobiste - LoanStar Polska\" \/>\n<meta property=\"og:description\" content=\"LoanStar to platforma, kt\u00f3ra pomaga konsumentom znale\u017a\u0107 lepsze i ta\u0144sze po\u017cyczki. Wyszukaj i znajd\u017a tanie chwil\u00f3wki i kredyty konsolidacyjne.\" \/>\n<meta property=\"og:url\" content=\"https:\/\/loanstar.com\/pl\/\" \/>\n<meta property=\"og:site_name\" content=\"LoanStar Polska\" \/>\n<meta property=\"article:modified_time\" content=\"2019-12-19T11:37:19+00:00\" \/>\n<meta name=\"twitter:card\" content=\"summary_large_image\" \/>\n<script type=\"application\/ld+json\" class=\"yoast-schema-graph\">{\"@context\":\"https:\/\/schema.org\",\"@graph\":[{\"@type\":\"WebPage\",\"@id\":\"https:\/\/loanstar.com\/pl\/\",\"url\":\"https:\/\/loanstar.com\/pl\/\",\"name\":\"Chwil\u00f3wki, kredyty konsolidacyjne i finanse osobiste - LoanStar Polska\",\"isPartOf\":{\"@id\":\"https:\/\/loanstar.com\/pl\/#website\"},\"datePublished\":\"2018-09-26T12:19:42+00:00\",\"dateModified\":\"2019-12-19T11:37:19+00:00\",\"description\":\"LoanStar to platforma, kt\u00f3ra pomaga konsumentom znale\u017a\u0107 lepsze i ta\u0144sze po\u017cyczki. Wyszukaj i znajd\u017a tanie chwil\u00f3wki i kredyty konsolidacyjne.\",\"breadcrumb\":{\"@id\":\"https:\/\/loanstar.com\/pl\/#breadcrumb\"},\"inLanguage\":\"pl-PL\",\"potentialAction\":[{\"@type\":\"ReadAction\",\"target\":[\"https:\/\/loanstar.com\/pl\/\"]}]},{\"@type\":\"BreadcrumbList\",\"@id\":\"https:\/\/loanstar.com\/pl\/#breadcrumb\",\"itemListElement\":[{\"@type\":\"ListItem\",\"position\":1,\"name\":\"Polska\",\"item\":\"https:\/\/loanstar.com\/pl\/\"},{\"@type\":\"ListItem\",\"position\":2,\"name\":\"Chwil\u00f3wki, kredyty konsolidacyjne i finanse osobiste\"}]},{\"@type\":\"WebSite\",\"@id\":\"https:\/\/loanstar.com\/pl\/#website\",\"url\":\"https:\/\/loanstar.com\/pl\/\",\"name\":\"LoanStar Polska\",\"description\":\"Por\u00f3wnaj po\u017cyczki\",\"potentialAction\":[{\"@type\":\"SearchAction\",\"target\":{\"@type\":\"EntryPoint\",\"urlTemplate\":\"https:\/\/loanstar.com\/pl\/?s={search_term_string}\"},\"query-input\":\"required name=search_term_string\"}],\"inLanguage\":\"pl-PL\"}]}<\/script>\n<!-- \/ Yoast SEO plugin. -->","yoast_head_json":{"title":"Chwil\u00f3wki, kredyty konsolidacyjne i finanse osobiste - LoanStar Polska","description":"LoanStar to platforma, kt\u00f3ra pomaga konsumentom znale\u017a\u0107 lepsze i ta\u0144sze po\u017cyczki. Wyszukaj i znajd\u017a tanie chwil\u00f3wki i kredyty konsolidacyjne.","robots":{"index":"index","follow":"follow","max-snippet":"max-snippet:-1","max-image-preview":"max-image-preview:large","max-video-preview":"max-video-preview:-1"},"canonical":"https:\/\/loanstar.com\/pl\/","og_locale":"pl_PL","og_type":"article","og_title":"Chwil\u00f3wki, kredyty konsolidacyjne i finanse osobiste - LoanStar Polska","og_description":"LoanStar to platforma, kt\u00f3ra pomaga konsumentom znale\u017a\u0107 lepsze i ta\u0144sze po\u017cyczki. Wyszukaj i znajd\u017a tanie chwil\u00f3wki i kredyty konsolidacyjne.","og_url":"https:\/\/loanstar.com\/pl\/","og_site_name":"LoanStar Polska","article_modified_time":"2019-12-19T11:37:19+00:00","twitter_card":"summary_large_image","schema":{"@context":"https:\/\/schema.org","@graph":[{"@type":"WebPage","@id":"https:\/\/loanstar.com\/pl\/","url":"https:\/\/loanstar.com\/pl\/","name":"Chwil\u00f3wki, kredyty konsolidacyjne i finanse osobiste - LoanStar Polska","isPartOf":{"@id":"https:\/\/loanstar.com\/pl\/#website"},"datePublished":"2018-09-26T12:19:42+00:00","dateModified":"2019-12-19T11:37:19+00:00","description":"LoanStar to platforma, kt\u00f3ra pomaga konsumentom znale\u017a\u0107 lepsze i ta\u0144sze po\u017cyczki. Wyszukaj i znajd\u017a tanie chwil\u00f3wki i kredyty konsolidacyjne.","breadcrumb":{"@id":"https:\/\/loanstar.com\/pl\/#breadcrumb"},"inLanguage":"pl-PL","potentialAction":[{"@type":"ReadAction","target":["https:\/\/loanstar.com\/pl\/"]}]},{"@type":"BreadcrumbList","@id":"https:\/\/loanstar.com\/pl\/#breadcrumb","itemListElement":[{"@type":"ListItem","position":1,"name":"Polska","item":"https:\/\/loanstar.com\/pl\/"},{"@type":"ListItem","position":2,"name":"Chwil\u00f3wki, kredyty konsolidacyjne i finanse osobiste"}]},{"@type":"WebSite","@id":"https:\/\/loanstar.com\/pl\/#website","url":"https:\/\/loanstar.com\/pl\/","name":"LoanStar Polska","description":"Por\u00f3wnaj po\u017cyczki","potentialAction":[{"@type":"SearchAction","target":{"@type":"EntryPoint","urlTemplate":"https:\/\/loanstar.com\/pl\/?s={search_term_string}"},"query-input":"required name=search_term_string"}],"inLanguage":"pl-PL"}]}},"_links":{"self":[{"href":"https:\/\/loanstar.com\/pl\/wp-json\/wp\/v2\/pages\/9"}],"collection":[{"href":"https:\/\/loanstar.com\/pl\/wp-json\/wp\/v2\/pages"}],"about":[{"href":"https:\/\/loanstar.com\/pl\/wp-json\/wp\/v2\/types\/page"}],"author":[{"embeddable":true,"href":"https:\/\/loanstar.com\/pl\/wp-json\/wp\/v2\/users\/1"}],"replies":[{"embeddable":true,"href":"https:\/\/loanstar.com\/pl\/wp-json\/wp\/v2\/comments?post=9"}],"version-history":[{"count":2,"href":"https:\/\/loanstar.com\/pl\/wp-json\/wp\/v2\/pages\/9\/revisions"}],"predecessor-version":[{"id":538,"href":"https:\/\/loanstar.com\/pl\/wp-json\/wp\/v2\/pages\/9\/revisions\/538"}],"wp:attachment":[{"href":"https:\/\/loanstar.com\/pl\/wp-json\/wp\/v2\/media?parent=9"}],"curies":[{"name":"wp","href":"https:\/\/api.w.org\/{rel}","templated":true}]}}