{"id":474,"date":"2019-06-21T13:40:03","date_gmt":"2019-06-21T11:40:03","guid":{"rendered":"http:\/\/loanstar.com\/pl\/?page_id=474"},"modified":"2019-06-21T13:40:03","modified_gmt":"2019-06-21T11:40:03","slug":"skontaktuj-sie-z-nami","status":"publish","type":"page","link":"https:\/\/loanstar.com\/pl\/skontaktuj-sie-z-nami\/","title":{"rendered":"Skontaktuj Si\u0119 z Nami"},"content":{"rendered":"<p><strong>Skontaktuj Si\u0119 z Nami<\/strong><\/p>\n<p>Chcieliby\u015bmy us\u0142ysze\u0107 od ciebie!<\/p>\n<p>Czy ty\u2026<\/p>\n<ul>\n<li>masz dodatkowe pytania zwi\u0105zane z naszym serwisem?<\/li>\n<li>chcesz zaprezentowa\u0107 produkty kredytowe na naszych stronach?<\/li>\n<li>chcesz pisa\u0107 dla naszego bloga?<\/li>\n<\/ul>\n<p>Skontaktuj si\u0119 z nami, wype\u0142niaj\u0105c poni\u017cszy formularz.<\/p>\n","protected":false},"excerpt":{"rendered":"<p>Skontaktuj Si\u0119 z Nami Chcieliby\u015bmy us\u0142ysze\u0107 od ciebie! Czy ty\u2026 masz dodatkowe pytania zwi\u0105zane z naszym serwisem? chcesz zaprezentowa\u0107 produkty&#8230;<\/p>\n","protected":false},"author":9,"featured_media":0,"parent":0,"menu_order":0,"comment_status":"closed","ping_status":"closed","template":"templates\/terms-of-use.php","meta":{"footnotes":""},"yoast_head":"<!-- This site is optimized with the Yoast SEO plugin v21.0 - https:\/\/yoast.com\/wordpress\/plugins\/seo\/ -->\n<title>Skontaktuj Si\u0119 z Nami - LoanStar Polska<\/title>\n<meta name=\"robots\" content=\"index, follow, max-snippet:-1, max-image-preview:large, max-video-preview:-1\" \/>\n<link rel=\"canonical\" href=\"https:\/\/loanstar.com\/pl\/skontaktuj-sie-z-nami\/\" \/>\n<meta property=\"og:locale\" content=\"pl_PL\" \/>\n<meta property=\"og:type\" content=\"article\" \/>\n<meta property=\"og:title\" content=\"Skontaktuj Si\u0119 z Nami - LoanStar Polska\" \/>\n<meta property=\"og:description\" content=\"Skontaktuj Si\u0119 z Nami Chcieliby\u015bmy us\u0142ysze\u0107 od ciebie! Czy ty\u2026 masz dodatkowe pytania zwi\u0105zane z naszym serwisem? chcesz zaprezentowa\u0107 produkty...\" \/>\n<meta property=\"og:url\" content=\"https:\/\/loanstar.com\/pl\/skontaktuj-sie-z-nami\/\" \/>\n<meta property=\"og:site_name\" content=\"LoanStar Polska\" \/>\n<meta name=\"twitter:card\" content=\"summary_large_image\" \/>\n<script type=\"application\/ld+json\" class=\"yoast-schema-graph\">{\"@context\":\"https:\/\/schema.org\",\"@graph\":[{\"@type\":\"WebPage\",\"@id\":\"https:\/\/loanstar.com\/pl\/skontaktuj-sie-z-nami\/\",\"url\":\"https:\/\/loanstar.com\/pl\/skontaktuj-sie-z-nami\/\",\"name\":\"Skontaktuj Si\u0119 z Nami - LoanStar Polska\",\"isPartOf\":{\"@id\":\"https:\/\/loanstar.com\/pl\/#website\"},\"datePublished\":\"2019-06-21T11:40:03+00:00\",\"dateModified\":\"2019-06-21T11:40:03+00:00\",\"breadcrumb\":{\"@id\":\"https:\/\/loanstar.com\/pl\/skontaktuj-sie-z-nami\/#breadcrumb\"},\"inLanguage\":\"pl-PL\",\"potentialAction\":[{\"@type\":\"ReadAction\",\"target\":[\"https:\/\/loanstar.com\/pl\/skontaktuj-sie-z-nami\/\"]}]},{\"@type\":\"BreadcrumbList\",\"@id\":\"https:\/\/loanstar.com\/pl\/skontaktuj-sie-z-nami\/#breadcrumb\",\"itemListElement\":[{\"@type\":\"ListItem\",\"position\":1,\"name\":\"Polska\",\"item\":\"https:\/\/loanstar.com\/pl\/\"},{\"@type\":\"ListItem\",\"position\":2,\"name\":\"Skontaktuj Si\u0119 z Nami\"}]},{\"@type\":\"WebSite\",\"@id\":\"https:\/\/loanstar.com\/pl\/#website\",\"url\":\"https:\/\/loanstar.com\/pl\/\",\"name\":\"LoanStar Polska\",\"description\":\"Por\u00f3wnaj po\u017cyczki\",\"potentialAction\":[{\"@type\":\"SearchAction\",\"target\":{\"@type\":\"EntryPoint\",\"urlTemplate\":\"https:\/\/loanstar.com\/pl\/?s={search_term_string}\"},\"query-input\":\"required name=search_term_string\"}],\"inLanguage\":\"pl-PL\"}]}<\/script>\n<!-- \/ Yoast SEO plugin. -->","yoast_head_json":{"title":"Skontaktuj Si\u0119 z Nami - LoanStar Polska","robots":{"index":"index","follow":"follow","max-snippet":"max-snippet:-1","max-image-preview":"max-image-preview:large","max-video-preview":"max-video-preview:-1"},"canonical":"https:\/\/loanstar.com\/pl\/skontaktuj-sie-z-nami\/","og_locale":"pl_PL","og_type":"article","og_title":"Skontaktuj Si\u0119 z Nami - LoanStar Polska","og_description":"Skontaktuj Si\u0119 z Nami Chcieliby\u015bmy us\u0142ysze\u0107 od ciebie! Czy ty\u2026 masz dodatkowe pytania zwi\u0105zane z naszym serwisem? chcesz zaprezentowa\u0107 produkty...","og_url":"https:\/\/loanstar.com\/pl\/skontaktuj-sie-z-nami\/","og_site_name":"LoanStar Polska","twitter_card":"summary_large_image","schema":{"@context":"https:\/\/schema.org","@graph":[{"@type":"WebPage","@id":"https:\/\/loanstar.com\/pl\/skontaktuj-sie-z-nami\/","url":"https:\/\/loanstar.com\/pl\/skontaktuj-sie-z-nami\/","name":"Skontaktuj Si\u0119 z Nami - LoanStar Polska","isPartOf":{"@id":"https:\/\/loanstar.com\/pl\/#website"},"datePublished":"2019-06-21T11:40:03+00:00","dateModified":"2019-06-21T11:40:03+00:00","breadcrumb":{"@id":"https:\/\/loanstar.com\/pl\/skontaktuj-sie-z-nami\/#breadcrumb"},"inLanguage":"pl-PL","potentialAction":[{"@type":"ReadAction","target":["https:\/\/loanstar.com\/pl\/skontaktuj-sie-z-nami\/"]}]},{"@type":"BreadcrumbList","@id":"https:\/\/loanstar.com\/pl\/skontaktuj-sie-z-nami\/#breadcrumb","itemListElement":[{"@type":"ListItem","position":1,"name":"Polska","item":"https:\/\/loanstar.com\/pl\/"},{"@type":"ListItem","position":2,"name":"Skontaktuj Si\u0119 z Nami"}]},{"@type":"WebSite","@id":"https:\/\/loanstar.com\/pl\/#website","url":"https:\/\/loanstar.com\/pl\/","name":"LoanStar Polska","description":"Por\u00f3wnaj po\u017cyczki","potentialAction":[{"@type":"SearchAction","target":{"@type":"EntryPoint","urlTemplate":"https:\/\/loanstar.com\/pl\/?s={search_term_string}"},"query-input":"required name=search_term_string"}],"inLanguage":"pl-PL"}]}},"_links":{"self":[{"href":"https:\/\/loanstar.com\/pl\/wp-json\/wp\/v2\/pages\/474"}],"collection":[{"href":"https:\/\/loanstar.com\/pl\/wp-json\/wp\/v2\/pages"}],"about":[{"href":"https:\/\/loanstar.com\/pl\/wp-json\/wp\/v2\/types\/page"}],"author":[{"embeddable":true,"href":"https:\/\/loanstar.com\/pl\/wp-json\/wp\/v2\/users\/9"}],"replies":[{"embeddable":true,"href":"https:\/\/loanstar.com\/pl\/wp-json\/wp\/v2\/comments?post=474"}],"version-history":[{"count":1,"href":"https:\/\/loanstar.com\/pl\/wp-json\/wp\/v2\/pages\/474\/revisions"}],"predecessor-version":[{"id":498,"href":"https:\/\/loanstar.com\/pl\/wp-json\/wp\/v2\/pages\/474\/revisions\/498"}],"wp:attachment":[{"href":"https:\/\/loanstar.com\/pl\/wp-json\/wp\/v2\/media?parent=474"}],"curies":[{"name":"wp","href":"https:\/\/api.w.org\/{rel}","templated":true}]}}