{"id":473,"date":"2019-06-21T13:40:07","date_gmt":"2019-06-21T11:40:07","guid":{"rendered":"http:\/\/loanstar.com\/pl\/?page_id=473"},"modified":"2019-06-21T13:40:07","modified_gmt":"2019-06-21T11:40:07","slug":"warunki-korzystania-z-uslug","status":"publish","type":"page","link":"https:\/\/loanstar.com\/pl\/warunki-korzystania-z-uslug\/","title":{"rendered":"Warunki Korzystania z Us\u0142ug"},"content":{"rendered":"<p><strong>Warunki Korzystania z Us\u0142ug Digital Takeover, LTD<\/strong><\/p>\n<h2>Wprowadzenie<\/h2>\n<p>Niniejsze Standardowe Warunki Korzystania z witryny zamieszczone na tej stronie b\u0119d\u0105 zarz\u0105dza\u0107 korzystaniem z naszej witryny internetowej, LoanStar, dost\u0119pnej na http:\/\/loanstar.com.<\/p>\n<p>Niniejsze Warunki zostan\u0105 w pe\u0142ni zastosowane i wp\u0142yn\u0105 na korzystanie z tej witryny. Korzystaj\u0105c z tej witryny internetowej, akceptujesz wszystkie warunki opisane na tej stronie. Nie mo\u017cesz korzysta\u0107 z tej witryny, je\u015bli nie zgadzasz si\u0119 z kt\u00f3rymkolwiek z niniejszych Warunk\u00f3w Korzystania z Witryny.<\/p>\n<p>Osoby niepe\u0142noletnie lub osoby poni\u017cej 18 roku \u017cycia nie mog\u0105 korzysta\u0107 z tej Witryny.<\/p>\n<h2>Prawa W\u0142asno\u015bci Intelektualnej<\/h2>\n<p>Poza tre\u015bciami, kt\u00f3re posiadasz, zgodnie z niniejszymi Warunkami Digital Takeover, LTD i \/ lub jej licencjodawcy s\u0105 w\u0142a\u015bcicielami wszystkich praw w\u0142asno\u015bci intelektualnej i materia\u0142\u00f3w zawartych na tej stronie.<\/p>\n<p>U\u017cytkownik otrzymuje ograniczon\u0105 licencj\u0119, wy\u0142\u0105cznie w celu przegl\u0105dania materia\u0142\u00f3w zawartych na tej stronie.<\/p>\n<h2>Ograniczenia<\/h2>\n<p>Szczeg\u00f3lnie zabronionym jest:<\/p>\n<ul>\n<li>publikowanie jakichkolwiek materia\u0142\u00f3w Witryny w innych mediach;<\/li>\n<li>sprzeda\u017c, sublicencja i \/ lub inna komercjalizacja jakiegokolwiek materia\u0142u Witryny;<\/li>\n<li>publiczne wykonywanie i \/ lub pokazywanie jakichkolwiek materia\u0142\u00f3w Witryny;<\/li>\n<li>korzystanie z tej witryny w jakikolwiek spos\u00f3b, kt\u00f3ry jest lub mo\u017ce by\u0107 szkodliwy dla tej Witryny;<\/li>\n<li>korzystanie z tej witryny w jakikolwiek spos\u00f3b wp\u0142ywaj\u0105cy na dost\u0119p u\u017cytkownika do tej Witryny;<\/li>\n<li>korzystanie z tej strony internetowej wbrew obowi\u0105zuj\u0105cym przepisom prawa lub regulacjom lub w jakikolwiek inny spos\u00f3b, kt\u00f3ry mo\u017ce zaszkodzi\u0107 Witrynie lub dowolnej osobie lub podmiotowi gospodarczemu;<\/li>\n<li>anga\u017cowanie si\u0119 w eksploracj\u0119 danych, zbieranie danych, pozyskiwanie danych lub inne podobne dzia\u0142ania zwi\u0105zane z niniejsz\u0105 Witryn\u0105;<\/li>\n<li>korzystanie z tej strony w celu anga\u017cowania si\u0119 w reklam\u0119 lub marketing.<\/li>\n<\/ul>\n<p>Dost\u0119p do niekt\u00f3rych obszar\u00f3w tej Witryny jest ograniczony, a Digital Takeover, LTD mo\u017ce dodatkowo ograniczy\u0107 dost\u0119p u\u017cytkownika do dowolnych obszar\u00f3w tej Witryny, w dowolnym momencie, wed\u0142ug w\u0142asnego uznania. Ka\u017cdy identyfikator u\u017cytkownika i has\u0142o, kt\u00f3re mo\u017cesz posiada\u0107 na tej stronie, s\u0105 poufne i musisz r\u00f3wnie\u017c zachowa\u0107 poufno\u015b\u0107.<\/p>\n<h2>Twoja Tre\u015b\u0107<\/h2>\n<p>W niniejszych Standardowych Warunkach Witryny \u201eTre\u015b\u0107 U\u017cytkownika\u201d oznacza dowolny d\u017awi\u0119k, tekst wideo, obrazy lub inne materia\u0142y, kt\u00f3re decydujesz si\u0119 wy\u015bwietla\u0107 w tej Witrynie. Wy\u015bwietlaj\u0105c Twoje Tre\u015bci, udzielasz Digital Takeover, LTD niewy\u0142\u0105cznej, nieodwo\u0142alnej na ca\u0142ym \u015bwiecie, nie podlegaj\u0105cej podporz\u0105dkowaniu licencji na u\u017cywanie, powielanie, adaptacj\u0119, publikowanie, t\u0142umaczenie i rozpowszechnianie tre\u015bci na dowolnym no\u015bniku.<\/p>\n<p>Twoja Tre\u015b\u0107 musi by\u0107 Twoj\u0105 w\u0142asn\u0105 i nie mo\u017ce narusza\u0107 praw os\u00f3b trzecich. Digital Takeover, LTD zastrzega sobie prawo do usuni\u0119cia wszelkich Tre\u015bci U\u017cytkownika z tej Witryny w dowolnym momencie bez powiadomienia.<\/p>\n<h2>Brak Gwarancji<\/h2>\n<p>Niniejsza strona internetowa jest dostarczana \u201etak jak jest\u201d, \u017ce wszystkimi wadami, a Digital Takeover, LTD nie wyra\u017ca jakiegokolwiek rodzaju, \u017cadnych o\u015bwiadcze\u0144 ani gwarancji, zwi\u0105zanych z niniejsz\u0105 witryn\u0105 lub materia\u0142ami zawartymi na tej stronie. Ponadto, wszystko zawarte w tej Witrynie nie b\u0119dzie interpretowane jako doradztwo.<\/p>\n<h2>Ograniczenie Odpowiedzialno\u015bci<\/h2>\n<p>W \u017cadnym wypadku Digital Takeover, LTD ani \u017caden z jej cz\u0142onk\u00f3w, dyrektor\u00f3w i pracownik\u00f3w nie b\u0119dzie ponosi\u0107 odpowiedzialno\u015bci za cokolwiek wynikaj\u0105cego z lub w jakikolwiek spos\u00f3b zwi\u0105zanego z korzystaniem z tej Witryny, bez wzgl\u0119du na to, czy taka odpowiedzialno\u015b\u0107 wynika z umowy. Digital Takeover, LTD, w tym jej cz\u0142onkowie, dyrektorzy i pracownicy, nie b\u0119d\u0105 ponosi\u0107 odpowiedzialno\u015bci za jakiekolwiek po\u015brednie, wynikowe lub specjalne zobowi\u0105zania wynikaj\u0105ce z lub w jakikolwiek spos\u00f3b zwi\u0105zany z korzystaniem z niniejszej witryny.<\/p>\n<h2>Odszkodowanie<\/h2>\n<p>Niniejszym o\u015bwiadczasz, \u017ce wynagrodzisz Digital Takeover, LTD za powsta\u0142e i \/ lub wszelkie zobowi\u0105zania koszty, \u017c\u0105dania, przyczyny dzia\u0142a\u0144, szkody i wydatki wynikaj\u0105ce w jakikolwiek spos\u00f3b z naruszenia przez Ciebie kt\u00f3regokolwiek z postanowie\u0144 niniejszych Warunk\u00f3w.<\/p>\n<h2>Rozdzielno\u015b\u0107<\/h2>\n<p>Je\u015bli kt\u00f3rekolwiek z postanowie\u0144 niniejszych Warunk\u00f3w oka\u017ce si\u0119 niewa\u017cne, zgodnie z obowi\u0105zuj\u0105cym prawem, takie postanowienia zostan\u0105 usuni\u0119te bez wp\u0142ywu na pozosta\u0142e postanowienia.<\/p>\n<h2>Zmiana Warunk\u00f3w<\/h2>\n<p>Digital Takeover, LTD mo\u017ce dokonywa\u0107 zmian niniejszych Warunk\u00f3w w dowolnym momencie, gdy uzna to za stosowne, a korzystaj\u0105c z tej Witryny, oczekuje si\u0119 regularnego przegl\u0105dania niniejszych Warunk\u00f3w.<\/p>\n<h2>Przeniesienie W\u0142asno\u015bci<\/h2>\n<p>Digital Takeover, LTD mo\u017ce przypisywa\u0107, przenosi\u0107 i podzleca\u0107 swoje prawa i \/ lub obowi\u0105zki wynikaj\u0105ce z niniejszych Warunk\u00f3w bez \u017cadnego powiadomienia. Nie wolno jednak przypisywa\u0107, przenosi\u0107 ani zleca\u0107 podwykonawstwa jakichkolwiek swoich praw i \/ lub obowi\u0105zk\u00f3w wynikaj\u0105cych z niniejszych Warunk\u00f3w.<\/p>\n<h2>Ca\u0142o\u015b\u0107 Porozumienia<\/h2>\n<p>Niniejsze Warunki stanowi\u0105 ca\u0142o\u015b\u0107 umowy mi\u0119dzy Digital Takeover, LTD i u\u017cytkownikiem w zwi\u0105zku z korzystaniem z tej witryny i zast\u0119puj\u0105 wszystkie wcze\u015bniejsze umowy i porozumienia.<\/p>\n<h2>Prawo W\u0142a\u015bciwe i Jurysdykcja<\/h2>\n<p>Niniejsze Warunki b\u0119d\u0105 regulowane i interpretowane zgodnie z prawem Malty, a Ty poddasz si\u0119 niewy\u0142\u0105cznej jurysdykcji s\u0105d\u00f3w stanowych i federalnych znajduj\u0105cych si\u0119 na Malcie w celu rozstrzygania wszelkich spor\u00f3w.<\/p>\n","protected":false},"excerpt":{"rendered":"<p>Warunki Korzystania z Us\u0142ug Digital Takeover, LTD Wprowadzenie Niniejsze Standardowe Warunki Korzystania z witryny zamieszczone na tej stronie b\u0119d\u0105 zarz\u0105dza\u0107&#8230;<\/p>\n","protected":false},"author":9,"featured_media":0,"parent":0,"menu_order":0,"comment_status":"closed","ping_status":"closed","template":"templates\/terms-of-use.php","meta":{"footnotes":""},"yoast_head":"<!-- This site is optimized with the Yoast SEO plugin v21.0 - https:\/\/yoast.com\/wordpress\/plugins\/seo\/ -->\n<title>Warunki Korzystania z Us\u0142ug - LoanStar Polska<\/title>\n<meta name=\"robots\" content=\"index, follow, max-snippet:-1, max-image-preview:large, max-video-preview:-1\" \/>\n<link rel=\"canonical\" href=\"https:\/\/loanstar.com\/pl\/warunki-korzystania-z-uslug\/\" \/>\n<meta property=\"og:locale\" content=\"pl_PL\" \/>\n<meta property=\"og:type\" content=\"article\" \/>\n<meta property=\"og:title\" content=\"Warunki Korzystania z Us\u0142ug - LoanStar Polska\" \/>\n<meta property=\"og:description\" content=\"Warunki Korzystania z Us\u0142ug Digital Takeover, LTD Wprowadzenie Niniejsze Standardowe Warunki Korzystania z witryny zamieszczone na tej stronie b\u0119d\u0105 zarz\u0105dza\u0107...\" \/>\n<meta property=\"og:url\" content=\"https:\/\/loanstar.com\/pl\/warunki-korzystania-z-uslug\/\" \/>\n<meta property=\"og:site_name\" content=\"LoanStar Polska\" \/>\n<meta name=\"twitter:card\" content=\"summary_large_image\" \/>\n<meta name=\"twitter:label1\" content=\"Szacowany czas czytania\" \/>\n\t<meta name=\"twitter:data1\" content=\"4 minuty\" \/>\n<script type=\"application\/ld+json\" class=\"yoast-schema-graph\">{\"@context\":\"https:\/\/schema.org\",\"@graph\":[{\"@type\":\"WebPage\",\"@id\":\"https:\/\/loanstar.com\/pl\/warunki-korzystania-z-uslug\/\",\"url\":\"https:\/\/loanstar.com\/pl\/warunki-korzystania-z-uslug\/\",\"name\":\"Warunki Korzystania z Us\u0142ug - LoanStar Polska\",\"isPartOf\":{\"@id\":\"https:\/\/loanstar.com\/pl\/#website\"},\"datePublished\":\"2019-06-21T11:40:07+00:00\",\"dateModified\":\"2019-06-21T11:40:07+00:00\",\"breadcrumb\":{\"@id\":\"https:\/\/loanstar.com\/pl\/warunki-korzystania-z-uslug\/#breadcrumb\"},\"inLanguage\":\"pl-PL\",\"potentialAction\":[{\"@type\":\"ReadAction\",\"target\":[\"https:\/\/loanstar.com\/pl\/warunki-korzystania-z-uslug\/\"]}]},{\"@type\":\"BreadcrumbList\",\"@id\":\"https:\/\/loanstar.com\/pl\/warunki-korzystania-z-uslug\/#breadcrumb\",\"itemListElement\":[{\"@type\":\"ListItem\",\"position\":1,\"name\":\"Polska\",\"item\":\"https:\/\/loanstar.com\/pl\/\"},{\"@type\":\"ListItem\",\"position\":2,\"name\":\"Warunki Korzystania z Us\u0142ug\"}]},{\"@type\":\"WebSite\",\"@id\":\"https:\/\/loanstar.com\/pl\/#website\",\"url\":\"https:\/\/loanstar.com\/pl\/\",\"name\":\"LoanStar Polska\",\"description\":\"Por\u00f3wnaj po\u017cyczki\",\"potentialAction\":[{\"@type\":\"SearchAction\",\"target\":{\"@type\":\"EntryPoint\",\"urlTemplate\":\"https:\/\/loanstar.com\/pl\/?s={search_term_string}\"},\"query-input\":\"required name=search_term_string\"}],\"inLanguage\":\"pl-PL\"}]}<\/script>\n<!-- \/ Yoast SEO plugin. -->","yoast_head_json":{"title":"Warunki Korzystania z Us\u0142ug - LoanStar Polska","robots":{"index":"index","follow":"follow","max-snippet":"max-snippet:-1","max-image-preview":"max-image-preview:large","max-video-preview":"max-video-preview:-1"},"canonical":"https:\/\/loanstar.com\/pl\/warunki-korzystania-z-uslug\/","og_locale":"pl_PL","og_type":"article","og_title":"Warunki Korzystania z Us\u0142ug - LoanStar Polska","og_description":"Warunki Korzystania z Us\u0142ug Digital Takeover, LTD Wprowadzenie Niniejsze Standardowe Warunki Korzystania z witryny zamieszczone na tej stronie b\u0119d\u0105 zarz\u0105dza\u0107...","og_url":"https:\/\/loanstar.com\/pl\/warunki-korzystania-z-uslug\/","og_site_name":"LoanStar Polska","twitter_card":"summary_large_image","twitter_misc":{"Szacowany czas czytania":"4 minuty"},"schema":{"@context":"https:\/\/schema.org","@graph":[{"@type":"WebPage","@id":"https:\/\/loanstar.com\/pl\/warunki-korzystania-z-uslug\/","url":"https:\/\/loanstar.com\/pl\/warunki-korzystania-z-uslug\/","name":"Warunki Korzystania z Us\u0142ug - LoanStar Polska","isPartOf":{"@id":"https:\/\/loanstar.com\/pl\/#website"},"datePublished":"2019-06-21T11:40:07+00:00","dateModified":"2019-06-21T11:40:07+00:00","breadcrumb":{"@id":"https:\/\/loanstar.com\/pl\/warunki-korzystania-z-uslug\/#breadcrumb"},"inLanguage":"pl-PL","potentialAction":[{"@type":"ReadAction","target":["https:\/\/loanstar.com\/pl\/warunki-korzystania-z-uslug\/"]}]},{"@type":"BreadcrumbList","@id":"https:\/\/loanstar.com\/pl\/warunki-korzystania-z-uslug\/#breadcrumb","itemListElement":[{"@type":"ListItem","position":1,"name":"Polska","item":"https:\/\/loanstar.com\/pl\/"},{"@type":"ListItem","position":2,"name":"Warunki Korzystania z Us\u0142ug"}]},{"@type":"WebSite","@id":"https:\/\/loanstar.com\/pl\/#website","url":"https:\/\/loanstar.com\/pl\/","name":"LoanStar Polska","description":"Por\u00f3wnaj po\u017cyczki","potentialAction":[{"@type":"SearchAction","target":{"@type":"EntryPoint","urlTemplate":"https:\/\/loanstar.com\/pl\/?s={search_term_string}"},"query-input":"required name=search_term_string"}],"inLanguage":"pl-PL"}]}},"_links":{"self":[{"href":"https:\/\/loanstar.com\/pl\/wp-json\/wp\/v2\/pages\/473"}],"collection":[{"href":"https:\/\/loanstar.com\/pl\/wp-json\/wp\/v2\/pages"}],"about":[{"href":"https:\/\/loanstar.com\/pl\/wp-json\/wp\/v2\/types\/page"}],"author":[{"embeddable":true,"href":"https:\/\/loanstar.com\/pl\/wp-json\/wp\/v2\/users\/9"}],"replies":[{"embeddable":true,"href":"https:\/\/loanstar.com\/pl\/wp-json\/wp\/v2\/comments?post=473"}],"version-history":[{"count":0,"href":"https:\/\/loanstar.com\/pl\/wp-json\/wp\/v2\/pages\/473\/revisions"}],"wp:attachment":[{"href":"https:\/\/loanstar.com\/pl\/wp-json\/wp\/v2\/media?parent=473"}],"curies":[{"name":"wp","href":"https:\/\/api.w.org\/{rel}","templated":true}]}}