{"id":472,"date":"2019-06-21T13:40:09","date_gmt":"2019-06-21T11:40:09","guid":{"rendered":"http:\/\/loanstar.com\/pl\/?page_id=472"},"modified":"2019-06-21T13:40:09","modified_gmt":"2019-06-21T11:40:09","slug":"cookies","status":"publish","type":"page","link":"https:\/\/loanstar.com\/pl\/cookies\/","title":{"rendered":"Cookies"},"content":{"rendered":"<p><strong>Polityka Cookies dla LoanStar<\/strong><\/p>\n<p>To jest Polityka Cookies dla LoanStar, dost\u0119pna przez http:\/\/loanstar.com<\/p>\n<h2>Czym s\u0105 Pliki Cookie<\/h2>\n<p>Zgodnie z powszechn\u0105 praktyk\u0105 i obowi\u0105zkami, ta strona u\u017cywa plik\u00f3w cookie, kt\u00f3re s\u0105 ma\u0142ymi plikami pobieranymi na komputer, w celu poprawy jako\u015bci obs\u0142ugi. Ta strona opisuje, jakie informacje s\u0105 gromadzone, jak z nich korzystamy i dlaczego czasami musimy przechowywa\u0107 te pliki cookie. Podzielimy si\u0119 r\u00f3wnie\u017c tym, w jaki spos\u00f3b mo\u017cna zapobiec przechowywaniu tych plik\u00f3w cookie, jednak mo\u017ce to obni\u017cy\u0107 lub sprawi\u0107, \u017ce niekt\u00f3re elementy witryny b\u0119d\u0105 dzia\u0142a\u0107 niepoprawnie.<\/p>\n<p>Wi\u0119cej informacji na temat plik\u00f3w cookie mo\u017cna znale\u017a\u0107 w artykule <a href=\"https:\/\/pl.wikipedia.org\/wiki\/HTTP_cookie\" target=\"_blank\" rel=\"noopener noreferrer\">Wikipedii na temat plik\u00f3w cookie HTTP<\/a>.<\/p>\n<h2>Jak U\u017cywamy Plik\u00f3w Cookie<\/h2>\n<p>U\u017cywamy plik\u00f3w cookie z r\u00f3\u017cnych powod\u00f3w opisanych poni\u017cej. Niestety, w wi\u0119kszo\u015bci przypadk\u00f3w nie istniej\u0105 standardowe opcje pozwalaj\u0105ce na wy\u0142\u0105czanie plik\u00f3w cookie bez ca\u0142kowitego wy\u0142\u0105czenia funkcjonalno\u015bci oraz funkcji tej witryny. Je\u017celi nie jeste\u015b pewny czy ich potrzebujesz, zaleca si\u0119 pozostawienie wszystkich plik\u00f3w cookie, na wypadek, gdyby zosta\u0142y u\u017cyte do \u015bwiadczenia us\u0142ug, z kt\u00f3rych korzystasz.<\/p>\n<h2>Wy\u0142\u0105czanie Plik\u00f3w Cookie<\/h2>\n<p>Mo\u017cesz zablokowa\u0107 pliki cookie poprzez dostosowanie swojej przegl\u0105darki (informacje dost\u0119pne s\u0105 w zak\u0142adce \u201ePomoc\u201d Twojej przegl\u0105darki. Pami\u0119taj, \u017ce wy\u0142\u0105czenie plik\u00f3w cookie wp\u0142ynie na funkcjonalno\u015b\u0107 tej i wielu innych stron internetowych, kt\u00f3re odwiedzasz. Wy\u0142\u0105czenie plik\u00f3w cookie zazwyczaj powoduje r\u00f3wnie\u017c wy\u0142\u0105czenie niekt\u00f3rych funkcji tej witryny. Dlatego zaleca si\u0119, aby nie wy\u0142\u0105cza\u0107 plik\u00f3w cookie.<\/p>\n<p><strong>Wy\u0142\u0105cz Pliki Cookie w Przegl\u0105darkach<\/strong><\/p>\n<p>Mo\u017cesz dezaktywowa\u0107 pliki cookie w przegl\u0105darkach za pomoc\u0105 sekcji Opcje lub Preferencje. Poni\u017cej znajdziesz linki, kt\u00f3re posiadaj\u0105 bardziej szczeg\u00f3\u0142owe informacje na temat konfiguracji:<\/p>\n<p><a href=\"https:\/\/support.google.com\/chrome\/answer\/95647?hl=pl\" target=\"_blank\" rel=\"noopener noreferrer\">Google Chrome<\/a><\/p>\n<p><a href=\"https:\/\/support.microsoft.com\/en-us\/help\/17442\/windows-internet-explorer-delete-manage-cookies\" target=\"_blank\" rel=\"noopener noreferrer\">Internet Explorer<\/a><\/p>\n<p><a href=\"https:\/\/support.mozilla.org\/en-US\/kb\/cookies-information-websites-store-on-your-computer\" target=\"_blank\" rel=\"noopener noreferrer\">Mozilla Firefox<\/a><\/p>\n<h2>Cookies Kt\u00f3re Ustawiamy<\/h2>\n<p>Aby zapewni\u0107 Ci najlepsze do\u015bwiadczenia z t\u0105 witryn\u0105, zapewniamy mo\u017cliwo\u015b\u0107 ustawienia funkcjonalno\u015bci oraz preferencji dotycz\u0105cych sposobu dzia\u0142ania tej witryny podczas jej u\u017cywania. Aby zapami\u0119ta\u0107 swoje preferencje, musimy ustawi\u0107 pliki cookie, aby te informacje mog\u0142y by\u0107 wywo\u0142ywane za ka\u017cdym razem, gdy wchodzisz w interakcj\u0119 ze stron\u0105, na kt\u00f3r\u0105 maj\u0105 wp\u0142yw Twoje preferencje.<\/p>\n<h2>Pliki Cookie Stron Trzecich<\/h2>\n<p>W niekt\u00f3rych, szczeg\u00f3lnych przypadkach u\u017cywamy r\u00f3wnie\u017c plik\u00f3w cookie dostarczanych przez zaufane strony trzecie. Poni\u017csza sekcja zawiera szczeg\u00f3\u0142owe informacje na temat plik\u00f3w cookie stron trzecich, kt\u00f3re mo\u017cna napotka\u0107 za po\u015brednictwem tej witryny.<\/p>\n<p><strong>Google Analytics<\/strong><\/p>\n<p>Ta strona korzysta z Google Analytics, kt\u00f3ry jest jednym z najbardziej rozpowszechnionych i zaufanych rozwi\u0105za\u0144 analitycznych w Internecie, kt\u00f3ry pomaga zrozumie\u0107, w jaki spos\u00f3b korzystasz z witryny i jak mo\u017cemy poprawi\u0107 Twoje do\u015bwiadczenia. Te pliki cookie mog\u0105 \u015bledzi\u0107 takie rzeczy, jak czas sp\u0119dzony na stronie i odwiedzane witryny, aby\u015bmy mogli nadal tworzy\u0107 atrakcyjne tre\u015bci. Wi\u0119cej informacji na temat plik\u00f3w cookie Google Analytics mo\u017cna znale\u017a\u0107 na oficjalnej stronie <a href=\"https:\/\/developers.google.com\/analytics\/devguides\/collection\/analyticsjs\/cookie-usage\" target=\"_blank\" rel=\"noopener noreferrer\">Google Analytics<\/a>.<\/p>\n<p>Od czasu do czasu testujemy nowe funkcje i wprowadzamy subtelne zmiany w sposobie dostarczania witryny. Kiedy wci\u0105\u017c testujemy nowe funkcje, pliki cookie mog\u0105 by\u0107 u\u017cywane do zapewnienia, \u017ce otrzymasz sp\u00f3jne do\u015bwiadczenie na stronie, jednocze\u015bnie upewniaj\u0105c si\u0119, jakie optymalizacje nasi u\u017cytkownicy ceni\u0105 sobie najbardziej.<\/p>\n<p>Aby uzyska\u0107 wi\u0119cej informacji na temat polityki prywatno\u015bci Google, zapoznaj si\u0119 z <a href=\"https:\/\/policies.google.com\/privacy?hl=pl\" target=\"_blank\" rel=\"noopener noreferrer\">Polityk\u0105 Prywatno\u015bci<\/a> Google.<\/p>\n<p>Je\u015bli chcesz unikn\u0105\u0107 pomiaru danych za pomoc\u0105 Google Universal Analytics, mo\u017cesz wy\u0142\u0105czy\u0107 Google Universal Analytics za pomoc\u0105 tego <a href=\"https:\/\/tools.google.com\/dlpage\/gaoptout?hl=pl\" target=\"_blank\" rel=\"noopener noreferrer\">rozszerzenia przegl\u0105darki<\/a>. Aby zapobiec \u015bledzeniu Universal Analytics na r\u00f3\u017cnych urz\u0105dzeniach, musisz zrezygnowa\u0107 z tej us\u0142ugi na wszystkich u\u017cywanych systemach.<\/p>\n<p>Alternatywnie, dokona\u0107 mo\u017cesz odpowiedniej konfiguracji ustawie\u0144 plik\u00f3w cookie w przegl\u0105darce. Zobacz sekcj\u0119 poni\u017cej.<\/p>\n<p>Korzystamy r\u00f3wnie\u017c z przycisk\u00f3w i \/ lub wtyczek medi\u00f3w spo\u0142eczno\u015bciowych na tej stronie, kt\u00f3re umo\u017cliwiaj\u0105 \u0142\u0105czenie si\u0119 z sieci\u0105 spo\u0142eczno\u015bciow\u0105 na r\u00f3\u017cne sposoby. Aby wtyczki dzia\u0142a\u0142y, portale spo\u0142eczno\u015bciowe (w tym Facebook) ustawia\u0107 b\u0119d\u0105 pliki cookie za po\u015brednictwem naszej strony, kt\u00f3re mog\u0105 zosta\u0107 wykorzystane do ulepszenia Twojego profilu na ich stronie lub do gromadzenia danych, kt\u00f3re przechowuj\u0105 w r\u00f3\u017cnych celach okre\u015blonych w odpowiednich politykach prywatno\u015bci.<\/p>\n<p><a href=\"https:\/\/www.facebook.com\/policies\/cookies\/\" target=\"_blank\" rel=\"noopener noreferrer\">Polityka plik\u00f3w cookie dla Facebook<\/a><\/p>\n<p><strong>Google reCAPTCHA<\/strong><\/p>\n<p>Aby chroni\u0107 wiadomo\u015bci wysy\u0142ane za po\u015brednictwem naszego formularza kontaktowego, korzystamy z us\u0142ugi reCAPTCHA firmy Google Inc. (Google). Zapytanie s\u0142u\u017cy do rozr\u00f3\u017cnienia czy dane wej\u015bciowe s\u0105 przetwarzane przez cz\u0142owieka, czy przez automatyczne przetwarzanie mechaniczne. Zapytanie obejmuje wys\u0142anie adresu IP i wszelkich innych danych wymaganych przez Google do us\u0142ugi reCAPTCHA dla Google.<\/p>\n<p>W tym celu, wprowadzone dane zostan\u0105 przes\u0142ane do Google i tam wykorzystane. Korzystaj\u0105c z reCAPTCHA, zgadzasz si\u0119, \u017ce udzielone przez Ciebie rozpoznanie wykorzystane zostanie do digitalizacji starych dzie\u0142.<\/p>\n<p>W imieniu Digital Takeover Ltd., Google wykorzysta te informacje do oceny korzystania z tej us\u0142ugi.<\/p>\n<p>Adres IP wys\u0142any przez przegl\u0105dark\u0119 jako cz\u0119\u015b\u0107 reCAPTCHA nie zostanie po\u0142\u0105czony z innymi danymi dostarczonymi przez Google. Te dane podlegaj\u0105 odmiennym politykom prywatno\u015bci Google. Wi\u0119cej informacji na temat polityki prywatno\u015bci Google mo\u017cna znale\u017a\u0107 na stronie <a href=\"https:\/\/policies.google.com\/privacy?hl=en\">https:\/\/policies.google.com\/privacy?hl=en.<\/a><\/p>\n<p><strong>Cookies \u015aledz\u0105ce Partner\u00f3w<\/strong><\/p>\n<p>Digital Takeover Ltd, operator strony internetowej Loanstar.com, zintegrowa\u0142 linki partnerskie z r\u00f3\u017cnych sieci afiliacyjnych i innych reklamodawc\u00f3w zewn\u0119trznych.<\/p>\n<p>LoanStar.com przejmuje rol\u0119 wydawcy, publikuj\u0105c tre\u015bci. R\u00f3\u017cni dostawcy przejmuj\u0105 rol\u0119 reklamodawc\u00f3w. Korzystaj\u0105c z us\u0142ugi tre\u015bci i por\u00f3wnania na stronie LoanStar.com, mo\u017cesz uzyska\u0107 dost\u0119p do witryny reklamodawcy za po\u015brednictwem linku partnerskiego, gdzie zam\u00f3wi\u0107 mo\u017cesz produkt finansowy lub poprosi\u0107 o po\u017cyczk\u0119. W przypadku udanej sprzeda\u017cy otrzymujemy prowizj\u0119, kt\u00f3ra pozwala nam publikowa\u0107 kolejne bezp\u0142atne tre\u015bci i ulepsza\u0107 nasze systemy por\u00f3wnawcze.<\/p>\n<p>Gdy tylko dotrzesz do dostawcy jako u\u017cytkownik za po\u015brednictwem naszego linku partnerskiego, plik cookie zostanie zapisany w Twojej przegl\u0105darce. Celem przechowywania plik\u00f3w cookie jest przetwarzanie p\u0142atno\u015bci prowizyjnych mi\u0119dzy sprzedawcami i wydawcami, kt\u00f3re s\u0105 obs\u0142ugiwane przez sie\u0107 afiliacyjn\u0105.<\/p>\n<p>Zapisane pliki partnerskie nie zawieraj\u0105 danych osobowych. Przechowywany jest tylko numer identyfikacyjny wydawcy (LoanStar.com), numer porz\u0105dkowy odwiedzaj\u0105cego witryn\u0119, czas i indeks linku partnerskiego. Wszystkie cookies partnerskie b\u0119d\u0105 przetwarzane i usuwane po 90 dniach.<\/p>\n<p>Jak wspomniano powy\u017cej, mo\u017cesz zabroni\u0107 przechowywania plik\u00f3w cookie w ustawieniach przegl\u0105darki. Masz r\u00f3wnie\u017c mo\u017cliwo\u015b\u0107 usuni\u0119cia plik\u00f3w cookie w dowolnym momencie.<\/p>\n<h2>Prawo Do Informacji i Sprzeciwu<\/h2>\n<p>Mam nadziej\u0119, \u017ce zamieszczony wpis wyja\u015bnia wszystkie wcze\u015bniej wspomniane kwestie, a je\u015bli jest co\u015b, czego nie jeste\u015b pewien, potrzebujesz, czy te\u017c nie, zazwyczaj bezpieczniej jest pozostawi\u0107 w\u0142\u0105czon\u0105 obs\u0142ug\u0119 plik\u00f3w cookie w przypadku interakcji z jedn\u0105 z funkcji u\u017cywanych w naszym serwisie.<\/p>\n<p>Zawsze masz prawo do otrzymania informacji o swoich danych osobowych przechowywanych przez Digital Takeover Limited (w\u0142a\u015bciciel i operator LoanStar.com). Masz r\u00f3wnie\u017c mo\u017cliwo\u015b\u0107 odwo\u0142ania swojej zgody w dowolnym momencie i za\u017c\u0105dania usuni\u0119cia ju\u017c przetworzonych danych osobowych.<\/p>\n<p>Je\u015bli jednak nadal chcesz dowiedzie\u0107 si\u0119 wi\u0119cej, mo\u017cesz skontaktowa\u0107 si\u0119 z nami za pomoc\u0105 jednej z naszych preferowanych metod kontaktu:<\/p>\n<ul>\n<li><a href=\"mailto:hi@digitaltakeover.org\">E-mail: hi@digitaltakeover.org<\/a><\/li>\n<li>Poczta: Digital Takeover LTD, The Plaza Commercial Centre, Level 8, Suite 5, Bisazza Street, Sliema, SLM1640, MALTA<\/li>\n<\/ul>\n<p>Na \u017c\u0105danie zostaniesz powiadomiony na pi\u015bmie, czy i jakie dane osobowe Digital Takeover Ltd. przechowuje na Tw\u00f3j temat. W dowolnym momencie mo\u017cesz zabroni\u0107 przetwarzania swoich danych na pi\u015bmie, bez podawania przyczyn.<\/p>\n","protected":false},"excerpt":{"rendered":"<p>Polityka Cookies dla LoanStar To jest Polityka Cookies dla LoanStar, dost\u0119pna przez http:\/\/loanstar.com Czym s\u0105 Pliki Cookie Zgodnie z powszechn\u0105&#8230;<\/p>\n","protected":false},"author":9,"featured_media":0,"parent":0,"menu_order":0,"comment_status":"closed","ping_status":"closed","template":"templates\/terms-of-use.php","meta":{"footnotes":""},"yoast_head":"<!-- This site is optimized with the Yoast SEO plugin v21.0 - https:\/\/yoast.com\/wordpress\/plugins\/seo\/ -->\n<title>Cookies - LoanStar Polska<\/title>\n<meta name=\"robots\" content=\"index, follow, max-snippet:-1, max-image-preview:large, max-video-preview:-1\" \/>\n<link rel=\"canonical\" href=\"https:\/\/loanstar.com\/pl\/cookies\/\" \/>\n<meta property=\"og:locale\" content=\"pl_PL\" \/>\n<meta property=\"og:type\" content=\"article\" \/>\n<meta property=\"og:title\" content=\"Cookies - LoanStar Polska\" \/>\n<meta property=\"og:description\" content=\"Polityka Cookies dla LoanStar To jest Polityka Cookies dla LoanStar, dost\u0119pna przez http:\/\/loanstar.com Czym s\u0105 Pliki Cookie Zgodnie z powszechn\u0105...\" \/>\n<meta property=\"og:url\" content=\"https:\/\/loanstar.com\/pl\/cookies\/\" \/>\n<meta property=\"og:site_name\" content=\"LoanStar Polska\" \/>\n<meta name=\"twitter:card\" content=\"summary_large_image\" \/>\n<meta name=\"twitter:label1\" content=\"Szacowany czas czytania\" \/>\n\t<meta name=\"twitter:data1\" content=\"6 minut\" \/>\n<script type=\"application\/ld+json\" class=\"yoast-schema-graph\">{\"@context\":\"https:\/\/schema.org\",\"@graph\":[{\"@type\":\"WebPage\",\"@id\":\"https:\/\/loanstar.com\/pl\/cookies\/\",\"url\":\"https:\/\/loanstar.com\/pl\/cookies\/\",\"name\":\"Cookies - LoanStar Polska\",\"isPartOf\":{\"@id\":\"https:\/\/loanstar.com\/pl\/#website\"},\"datePublished\":\"2019-06-21T11:40:09+00:00\",\"dateModified\":\"2019-06-21T11:40:09+00:00\",\"breadcrumb\":{\"@id\":\"https:\/\/loanstar.com\/pl\/cookies\/#breadcrumb\"},\"inLanguage\":\"pl-PL\",\"potentialAction\":[{\"@type\":\"ReadAction\",\"target\":[\"https:\/\/loanstar.com\/pl\/cookies\/\"]}]},{\"@type\":\"BreadcrumbList\",\"@id\":\"https:\/\/loanstar.com\/pl\/cookies\/#breadcrumb\",\"itemListElement\":[{\"@type\":\"ListItem\",\"position\":1,\"name\":\"Polska\",\"item\":\"https:\/\/loanstar.com\/pl\/\"},{\"@type\":\"ListItem\",\"position\":2,\"name\":\"Cookies\"}]},{\"@type\":\"WebSite\",\"@id\":\"https:\/\/loanstar.com\/pl\/#website\",\"url\":\"https:\/\/loanstar.com\/pl\/\",\"name\":\"LoanStar Polska\",\"description\":\"Por\u00f3wnaj po\u017cyczki\",\"potentialAction\":[{\"@type\":\"SearchAction\",\"target\":{\"@type\":\"EntryPoint\",\"urlTemplate\":\"https:\/\/loanstar.com\/pl\/?s={search_term_string}\"},\"query-input\":\"required name=search_term_string\"}],\"inLanguage\":\"pl-PL\"}]}<\/script>\n<!-- \/ Yoast SEO plugin. -->","yoast_head_json":{"title":"Cookies - LoanStar Polska","robots":{"index":"index","follow":"follow","max-snippet":"max-snippet:-1","max-image-preview":"max-image-preview:large","max-video-preview":"max-video-preview:-1"},"canonical":"https:\/\/loanstar.com\/pl\/cookies\/","og_locale":"pl_PL","og_type":"article","og_title":"Cookies - LoanStar Polska","og_description":"Polityka Cookies dla LoanStar To jest Polityka Cookies dla LoanStar, dost\u0119pna przez http:\/\/loanstar.com Czym s\u0105 Pliki Cookie Zgodnie z powszechn\u0105...","og_url":"https:\/\/loanstar.com\/pl\/cookies\/","og_site_name":"LoanStar Polska","twitter_card":"summary_large_image","twitter_misc":{"Szacowany czas czytania":"6 minut"},"schema":{"@context":"https:\/\/schema.org","@graph":[{"@type":"WebPage","@id":"https:\/\/loanstar.com\/pl\/cookies\/","url":"https:\/\/loanstar.com\/pl\/cookies\/","name":"Cookies - LoanStar Polska","isPartOf":{"@id":"https:\/\/loanstar.com\/pl\/#website"},"datePublished":"2019-06-21T11:40:09+00:00","dateModified":"2019-06-21T11:40:09+00:00","breadcrumb":{"@id":"https:\/\/loanstar.com\/pl\/cookies\/#breadcrumb"},"inLanguage":"pl-PL","potentialAction":[{"@type":"ReadAction","target":["https:\/\/loanstar.com\/pl\/cookies\/"]}]},{"@type":"BreadcrumbList","@id":"https:\/\/loanstar.com\/pl\/cookies\/#breadcrumb","itemListElement":[{"@type":"ListItem","position":1,"name":"Polska","item":"https:\/\/loanstar.com\/pl\/"},{"@type":"ListItem","position":2,"name":"Cookies"}]},{"@type":"WebSite","@id":"https:\/\/loanstar.com\/pl\/#website","url":"https:\/\/loanstar.com\/pl\/","name":"LoanStar Polska","description":"Por\u00f3wnaj po\u017cyczki","potentialAction":[{"@type":"SearchAction","target":{"@type":"EntryPoint","urlTemplate":"https:\/\/loanstar.com\/pl\/?s={search_term_string}"},"query-input":"required name=search_term_string"}],"inLanguage":"pl-PL"}]}},"_links":{"self":[{"href":"https:\/\/loanstar.com\/pl\/wp-json\/wp\/v2\/pages\/472"}],"collection":[{"href":"https:\/\/loanstar.com\/pl\/wp-json\/wp\/v2\/pages"}],"about":[{"href":"https:\/\/loanstar.com\/pl\/wp-json\/wp\/v2\/types\/page"}],"author":[{"embeddable":true,"href":"https:\/\/loanstar.com\/pl\/wp-json\/wp\/v2\/users\/9"}],"replies":[{"embeddable":true,"href":"https:\/\/loanstar.com\/pl\/wp-json\/wp\/v2\/comments?post=472"}],"version-history":[{"count":0,"href":"https:\/\/loanstar.com\/pl\/wp-json\/wp\/v2\/pages\/472\/revisions"}],"wp:attachment":[{"href":"https:\/\/loanstar.com\/pl\/wp-json\/wp\/v2\/media?parent=472"}],"curies":[{"name":"wp","href":"https:\/\/api.w.org\/{rel}","templated":true}]}}