{"id":471,"date":"2019-06-21T13:40:12","date_gmt":"2019-06-21T11:40:12","guid":{"rendered":"http:\/\/loanstar.com\/pl\/?page_id=471"},"modified":"2019-06-21T13:40:12","modified_gmt":"2019-06-21T11:40:12","slug":"polityka-prywatnosci","status":"publish","type":"page","link":"https:\/\/loanstar.com\/pl\/polityka-prywatnosci\/","title":{"rendered":"Polityka Prywatno\u015bci"},"content":{"rendered":"<p style=\"text-align: left\"><strong>Polityka Prywatno\u015bci<\/strong><\/p>\n<p style=\"text-align: left\">Data wej\u015bcia w \u017cycie: 16 pa\u017adziernika 2018 r<\/p>\n<p style=\"text-align: left\">Digital Takeover, LTD (\u201emy\u201d lub \u201enasz\u201d) obs\u0142uguje stron\u0119 http:\/\/loanstar.com (\u201eUs\u0142uga\u201d).<\/p>\n<p style=\"text-align: left\">Ta strona informuje o naszych zasadach dotycz\u0105cych gromadzenia, wykorzystywania i ujawniania danych osobowych podczas korzystania z naszej Us\u0142ugi i wybor\u00f3w zwi\u0105zanych z danymi tej\u017ce Us\u0142ugi.<\/p>\n<p style=\"text-align: left\">U\u017cywamy Twoich danych do \u015bwiadczenia i ulepszania Us\u0142ugi. Korzystaj\u0105c z Us\u0142ugi, zgadzasz si\u0119 na gromadzenie i wykorzystywanie informacji zgodnie z niniejsz\u0105 polityk\u0105. O ile w niniejszej Polityce prywatno\u015bci nie okre\u015blono inaczej, terminy u\u017cyte w niniejszej Polityce prywatno\u015bci maj\u0105 takie samo znaczenie jak w naszych Warunkach Korzystania z Us\u0142ugi, dost\u0119pnych na http:\/\/loanstar.com<\/p>\n<h2 style=\"text-align: left\">Gromadzenie i Wykorzystanie Informacji<\/h2>\n<p style=\"text-align: left\">Zbieramy r\u00f3\u017cne rodzaje informacji w r\u00f3\u017cnych celach, aby zapewni\u0107 i ulepszy\u0107 nasz\u0105 Us\u0142ug\u0119.<\/p>\n<p style=\"text-align: left\"><strong>Typy Zbieranych Danych<\/strong><\/p>\n<p style=\"text-align: left\"><strong>Dane Osobowe<\/strong><\/p>\n<p style=\"text-align: left\">Korzystaj\u0105c z naszej Us\u0142ugi, mo\u017cemy poprosi\u0107 Ci\u0119 o podanie pewnych danych osobowych, kt\u00f3re mog\u0105 zosta\u0107 wykorzystane do skontaktowania si\u0119 z Tob\u0105 lub identyfikacji (\u201eDane osobowe\u201d). Dane osobowe mog\u0105 obejmowa\u0107 mi\u0119dzy innymi:<\/p>\n<ul style=\"text-align: left\">\n<li>Adres e-mail<\/li>\n<li>Imi\u0119 i nazwisko<\/li>\n<li>Pliki cookie i dane dotycz\u0105ce u\u017cytkowania<\/li>\n<\/ul>\n<p style=\"text-align: left\"><strong>Dane dotycz\u0105ce u\u017cytkowania<\/strong><\/p>\n<p style=\"text-align: left\">Mo\u017cemy r\u00f3wnie\u017c gromadzi\u0107 informacje o tym, jak uzyskiwany i u\u017cywany jest dost\u0119p do Us\u0142ugi (\u201eDane dotycz\u0105ce u\u017cytkowania\u201d). Dane dotycz\u0105ce u\u017cytkowania mog\u0105 obejmowa\u0107 takie informacje, jak adres IP komputera, typ przegl\u0105darki, wersj\u0119 przegl\u0105darki, strony odwiedzanej przez nas us\u0142ugi, czas i dat\u0119 wizyty, czas sp\u0119dzony na tych stronach, niepowtarzalny identyfikatory urz\u0105dze\u0144 i inne dane diagnostyczne.<\/p>\n<p style=\"text-align: left\"><strong>\u015aledzenie i Pliki Cookie<\/strong><\/p>\n<p style=\"text-align: left\">U\u017cywamy plik\u00f3w cookie i podobnych technologii \u015bledzenia do \u015bledzenia aktywno\u015bci w naszym Serwisie i przechowywania pewnych informacji.<\/p>\n<p style=\"text-align: left\">Pliki cookie to pliki z niewielk\u0105 ilo\u015bci\u0105 danych, kt\u00f3re mog\u0105 zawiera\u0107 anonimowy unikalny identyfikator. Pliki cookie wysy\u0142ane s\u0105 z witryny internetowej do przegl\u0105darki i przechowywane na Twoim urz\u0105dzeniu. Stosowane s\u0105 r\u00f3wnie\u017c technologie \u015bledzenia, sygnalizatory, tagi i skrypty do zbierania i \u015bledzenia informacji oraz ulepszania i analizowania naszej Us\u0142ugi.<\/p>\n<p style=\"text-align: left\">Mo\u017cesz poinstruowa\u0107 przegl\u0105dark\u0119, aby odrzuca\u0142a wszystkie pliki cookie lub wskazywa\u0142a, kiedy plik cookie jest wysy\u0142any. Je\u015bli jednak nie akceptujesz plik\u00f3w cookie, mo\u017cesz nie by\u0107 w stanie korzysta\u0107 z niekt\u00f3rych cz\u0119\u015bci naszej Us\u0142ugi.<\/p>\n<p style=\"text-align: left\">Przyk\u0142ady u\u017cywanych przez nas plik\u00f3w cookie:<\/p>\n<ul style=\"text-align: left\">\n<li><strong>Ciasteczka Sesji.<\/strong> U\u017cywamy Ciasteczek Sesji do obs\u0142ugi naszej Us\u0142ugi.<\/li>\n<li><strong>Ciasteczka Preferencji.<\/strong> U\u017cywamy Ciasteczek Preferencji, aby zapami\u0119ta\u0107 Twoje preferencje i r\u00f3\u017cne ustawienia.<\/li>\n<li><strong>Ciasteczka Bezpiecze\u0144stwa<\/strong>. U\u017cywamy Ciasteczka Bezpiecze\u0144stwa w celach bezpiecze\u0144stwa.<\/li>\n<\/ul>\n<h2 style=\"text-align: left\">Wykorzystanie Danych<\/h2>\n<p style=\"text-align: left\">Digital Takeover, LTD wykorzystuje zebrane dane do r\u00f3\u017cnych cel\u00f3w:<\/p>\n<ul style=\"text-align: left\">\n<li>Zapewnienie i utrzymanie Us\u0142ugi<\/li>\n<li>Aby powiadomi\u0107 Ci\u0119 o zmianach w naszej Us\u0142udze<\/li>\n<li>Aby umo\u017cliwi\u0107 Ci uczestnictwo w interaktywnych funkcjach naszej Us\u0142ugi, gdy zdecydujesz si\u0119 to zrobi\u0107<\/li>\n<li>Zapewnienie obs\u0142ugi klienta i wsparcia<\/li>\n<li>Aby dostarczy\u0107 analizy lub cenne informacje, aby\u015bmy mogli ulepszy\u0107 Us\u0142ug\u0119<\/li>\n<li>Aby monitorowa\u0107 korzystanie z Us\u0142ugi<\/li>\n<li>Aby wykrywa\u0107, zapobiega\u0107 i rozwi\u0105zywa\u0107 problemy techniczne<\/li>\n<\/ul>\n<h2 style=\"text-align: left\">Transfer Danych<\/h2>\n<p style=\"text-align: left\">Twoje informacje, w tym Dane Osobowe, mog\u0105 by\u0107 przekazywane do &#8211; i utrzymywane na komputerach znajduj\u0105cych si\u0119 poza twoim stanem, prowincj\u0105, krajem lub inn\u0105 jurysdykcj\u0105 rz\u0105dow\u0105, w kt\u00f3rych przepisy o ochronie danych mog\u0105 si\u0119 r\u00f3\u017cni\u0107 od przepis\u00f3w obowi\u0105zuj\u0105cych w Twojej jurysdykcji.<\/p>\n<p style=\"text-align: left\">Je\u015bli znajdujesz si\u0119 poza Malt\u0105 i chcesz przekaza\u0107 nam informacje, pami\u0119taj, \u017ce przekazujemy dane, w tym dane osobowe na Malt\u0119 i tam je przetwarzamy.<\/p>\n<p style=\"text-align: left\">Twoja zgoda na niniejsz\u0105 Polityk\u0119 Prywatno\u015bci, a nast\u0119pnie przes\u0142anie takich informacji stanowi zgod\u0119 na to przekazanie.<\/p>\n<p style=\"text-align: left\">Digital Takeover, LTD podejmie wszelkie niezb\u0119dne kroki, aby zapewni\u0107, \u017ce Twoje dane s\u0105 traktowane w spos\u00f3b bezpieczny i zgodnie z niniejsz\u0105 Polityk\u0105 Prywatno\u015bci, i \u017ce \u017cadne dane osobowe nie zostan\u0105 przekazane organizacji lub krajowi, chyba \u017ce istnieje odpowiednia kontrola danych, pokrywaj\u0105ca bezpiecze\u0144stwo Twoich danych i innych danych osobowych.<\/p>\n<h2 style=\"text-align: left\">Ujawnianie Danych<\/h2>\n<p style=\"text-align: left\"><strong>Wymogi Prawne<\/strong><\/p>\n<p style=\"text-align: left\">Digital Takeover, LTD mo\u017ce ujawni\u0107 Twoje Dane Osobowe w dobrej wierze, w przypadku gdy dzia\u0142anie to jest konieczne do:<\/p>\n<ul style=\"text-align: left\">\n<li>Spe\u0142nienia obowi\u0105zku prawnego<\/li>\n<li>W celu ochrony i obrony praw lub w\u0142asno\u015bci Digital Takeover, LTD<\/li>\n<li>Aby zapobiec lub zbada\u0107 mo\u017cliwe nieprawid\u0142owo\u015bci w zwi\u0105zku z Us\u0142ug\u0105<\/li>\n<li>Aby chroni\u0107 bezpiecze\u0144stwo osobiste u\u017cytkownik\u00f3w Us\u0142ugi lub spo\u0142eczno\u015bci<\/li>\n<li>W celu ochrony przed odpowiedzialno\u015bci\u0105 prawn\u0105<\/li>\n<\/ul>\n<h2 style=\"text-align: left\">Bezpiecze\u0144stwo Danych<\/h2>\n<p style=\"text-align: left\">Bezpiecze\u0144stwo Twoich danych jest dla nas wa\u017cne, ale pami\u0119taj, \u017ce \u017cadna metoda transmisji przez Internet lub metoda przechowywania elektronicznego nie jest w 100% bezpieczna. Chocia\u017c staramy si\u0119 stosowa\u0107 komercyjnie akceptowalne \u015brodki w celu ochrony Twoich Danych Osobowych, nie mo\u017cemy zagwarantowa\u0107 ich absolutnego bezpiecze\u0144stwa.<\/p>\n<h2 style=\"text-align: left\">Us\u0142ugodawcy<\/h2>\n<p style=\"text-align: left\">Mo\u017cemy zatrudni\u0107 firmy i osoby trzecie w celu umo\u017cliwienia dzia\u0142ania naszej Us\u0142ugi (\u201eDostawcy Us\u0142ug\u201d), \u015bwiadczenia Us\u0142ugi w naszym imieniu, \u015bwiadczenia us\u0142ug zwi\u0105zanych z Us\u0142ug\u0105 lub pomocy w analizie sposobu korzystania z naszej Us\u0142ugi.<\/p>\n<p style=\"text-align: left\">Te osoby trzecie maj\u0105 dost\u0119p do danych osobowych wy\u0142\u0105cznie w celu wykonywania tych zada\u0144 w naszym imieniu i s\u0105 zobowi\u0105zane do nieujawniania ich ani nie wykorzystywania w \u017cadnym innym celu.<\/p>\n<p style=\"text-align: left\"><strong>Analityka<\/strong><\/p>\n<p style=\"text-align: left\">Mo\u017cemy u\u017cywa\u0107 zewn\u0119trznych dostawc\u00f3w us\u0142ug do monitorowania i analizowania sposobu korzystania z naszej Us\u0142ugi.<\/p>\n<p><strong>Google Analytics<\/strong><\/p>\n<p style=\"text-align: left\">Google Analytics to us\u0142uga analityki internetowej oferowana przez Google, kt\u00f3ra \u015bledzi i raportuje ruch w witrynie. Google wykorzystuje zebrane dane do \u015bledzenia i monitorowania sposob\u00f3w korzystania z naszej Us\u0142ugi. Dane te s\u0105 udost\u0119pnianie innym us\u0142ugom Google. Google mo\u017ce wykorzysta\u0107 zebrane dane do personalizacji reklam w\u0142asnej sieci reklamowej.<\/p>\n<p style=\"text-align: left\">Mo\u017cesz zrezygnowa\u0107 z udost\u0119pniania swojej aktywno\u015bci w us\u0142udze Google Analytics, instaluj\u0105c dodatek do przegl\u0105darki rezygnuj\u0105cy z Google Analytics. Dodatek uniemo\u017cliwia Google Analytics JavaScript (ga.js, analytics.js i dc.js) udost\u0119pnianie informacji z Google Analytics o Twojej aktywno\u015bci odwiedzin.<\/p>\n<p style=\"text-align: left\">Wi\u0119cej informacji na temat praktyk prywatno\u015bci Google mo\u017cna znale\u017a\u0107 na stronie Google Prywatno\u015b\u0107 i Warunki: https:\/\/policies.google.com\/privacy?hl=pl<\/p>\n<h2 style=\"text-align: left\">Linki Do Innych Witryn<\/h2>\n<p style=\"text-align: left\">Nasza Us\u0142uga mo\u017ce zawiera\u0107 linki do innych stron, kt\u00f3re nie s\u0105 przez nas obs\u0142ugiwane. Je\u015bli klikniesz link strony trzeciej, zostaniesz przekierowany na witryn\u0119 tej strony trzeciej. Zdecydowanie zalecamy zapoznanie si\u0119 z Polityk\u0105 Prywatno\u015bci ka\u017cdej odwiedzanej witryny.<\/p>\n<p style=\"text-align: left\">Nie mamy \u017cadnej kontroli oraz nie ponosimy \u017cadnej odpowiedzialno\u015bci za tre\u015b\u0107, polityk\u0119 prywatno\u015bci lub praktyki stron lub us\u0142ug os\u00f3b trzecich.<\/p>\n<h2 style=\"text-align: left\">Prywatno\u015b\u0107 Dzieci<\/h2>\n<p style=\"text-align: left\">Nasza us\u0142uga nie dotyczy os\u00f3b poni\u017cej 18 roku \u017cycia (\u201eDzieci\u201d).<\/p>\n<p style=\"text-align: left\">Nie gromadzimy \u015bwiadomie danych osobowych od os\u00f3b poni\u017cej 18 roku \u017cycia. Je\u015bli jeste\u015b rodzicem lub opiekunem i wiesz, \u017ce Twoje dzieci przekaza\u0142y nam dane osobowe, skontaktuj si\u0119 z nami. Je\u015bli dowiemy si\u0119, \u017ce zgromadzili\u015bmy dane osobowe od dzieci bez weryfikacji zgody rodzic\u00f3w, podejmujemy kroki w celu usuni\u0119cia tych informacji z naszych serwer\u00f3w.<\/p>\n<h2 style=\"text-align: left\">Zmiany w Niniejszej Polityce Prywatno\u015bci<\/h2>\n<p style=\"text-align: left\">Mo\u017cemy od czasu do czasu aktualizowa\u0107 nasz\u0105 Polityk\u0119 Prywatno\u015bci. Powiadomimy Ci\u0119 o wszelkich zmianach, publikuj\u0105c now\u0105 Polityk\u0119 Prywatno\u015bci na tej stronie.<\/p>\n<p style=\"text-align: left\">Powiadomimy Ci\u0119 poczt\u0105 elektroniczn\u0105 i \/ lub wyra\u017anym powiadomieniem w naszej us\u0142udze, zanim zmiana zacznie obowi\u0105zywa\u0107 i zaktualizujemy \u201edat\u0119 wej\u015bcia w \u017cycie\u201d u g\u00f3ry niniejszej Polityki Prywatno\u015bci.<\/p>\n<p style=\"text-align: left\">Zaleca si\u0119 okresowe zapoznawanie si\u0119 z niniejsz\u0105 Polityk\u0105 Prywatno\u015bci pod k\u0105tem wszelkich zmian. Zmiany w niniejszej Polityce Prywatno\u015bci s\u0105 skuteczne, gdy zostan\u0105 opublikowane na tej stronie.<\/p>\n<h2 style=\"text-align: left\">Skontaktuj Si\u0119 z Nami<\/h2>\n<p style=\"text-align: left\">Je\u015bli masz jakiekolwiek pytania dotycz\u0105ce tej Polityki Prywatno\u015bci, skontaktuj si\u0119 z nami:<\/p>\n<p style=\"text-align: left\">Przez e-mail: hi@digitaltakeover.org<\/p>\n","protected":false},"excerpt":{"rendered":"<p>Polityka Prywatno\u015bci Data wej\u015bcia w \u017cycie: 16 pa\u017adziernika 2018 r Digital Takeover, LTD (\u201emy\u201d lub \u201enasz\u201d) obs\u0142uguje stron\u0119 http:\/\/loanstar.com (\u201eUs\u0142uga\u201d)&#8230;.<\/p>\n","protected":false},"author":9,"featured_media":0,"parent":0,"menu_order":0,"comment_status":"closed","ping_status":"closed","template":"templates\/terms-of-use.php","meta":{"footnotes":""},"yoast_head":"<!-- This site is optimized with the Yoast SEO plugin v21.0 - https:\/\/yoast.com\/wordpress\/plugins\/seo\/ -->\n<title>Polityka Prywatno\u015bci - LoanStar Polska<\/title>\n<meta name=\"robots\" content=\"index, follow, max-snippet:-1, max-image-preview:large, max-video-preview:-1\" \/>\n<link rel=\"canonical\" href=\"https:\/\/loanstar.com\/pl\/polityka-prywatnosci\/\" \/>\n<meta property=\"og:locale\" content=\"pl_PL\" \/>\n<meta property=\"og:type\" content=\"article\" \/>\n<meta property=\"og:title\" content=\"Polityka Prywatno\u015bci - LoanStar Polska\" \/>\n<meta property=\"og:description\" content=\"Polityka Prywatno\u015bci Data wej\u015bcia w \u017cycie: 16 pa\u017adziernika 2018 r Digital Takeover, LTD (\u201emy\u201d lub \u201enasz\u201d) obs\u0142uguje stron\u0119 http:\/\/loanstar.com (\u201eUs\u0142uga\u201d)....\" \/>\n<meta property=\"og:url\" content=\"https:\/\/loanstar.com\/pl\/polityka-prywatnosci\/\" \/>\n<meta property=\"og:site_name\" content=\"LoanStar Polska\" \/>\n<meta name=\"twitter:card\" content=\"summary_large_image\" \/>\n<meta name=\"twitter:label1\" content=\"Szacowany czas czytania\" \/>\n\t<meta name=\"twitter:data1\" content=\"6 minut\" \/>\n<script type=\"application\/ld+json\" class=\"yoast-schema-graph\">{\"@context\":\"https:\/\/schema.org\",\"@graph\":[{\"@type\":\"WebPage\",\"@id\":\"https:\/\/loanstar.com\/pl\/polityka-prywatnosci\/\",\"url\":\"https:\/\/loanstar.com\/pl\/polityka-prywatnosci\/\",\"name\":\"Polityka Prywatno\u015bci - LoanStar Polska\",\"isPartOf\":{\"@id\":\"https:\/\/loanstar.com\/pl\/#website\"},\"datePublished\":\"2019-06-21T11:40:12+00:00\",\"dateModified\":\"2019-06-21T11:40:12+00:00\",\"breadcrumb\":{\"@id\":\"https:\/\/loanstar.com\/pl\/polityka-prywatnosci\/#breadcrumb\"},\"inLanguage\":\"pl-PL\",\"potentialAction\":[{\"@type\":\"ReadAction\",\"target\":[\"https:\/\/loanstar.com\/pl\/polityka-prywatnosci\/\"]}]},{\"@type\":\"BreadcrumbList\",\"@id\":\"https:\/\/loanstar.com\/pl\/polityka-prywatnosci\/#breadcrumb\",\"itemListElement\":[{\"@type\":\"ListItem\",\"position\":1,\"name\":\"Polska\",\"item\":\"https:\/\/loanstar.com\/pl\/\"},{\"@type\":\"ListItem\",\"position\":2,\"name\":\"Polityka Prywatno\u015bci\"}]},{\"@type\":\"WebSite\",\"@id\":\"https:\/\/loanstar.com\/pl\/#website\",\"url\":\"https:\/\/loanstar.com\/pl\/\",\"name\":\"LoanStar Polska\",\"description\":\"Por\u00f3wnaj po\u017cyczki\",\"potentialAction\":[{\"@type\":\"SearchAction\",\"target\":{\"@type\":\"EntryPoint\",\"urlTemplate\":\"https:\/\/loanstar.com\/pl\/?s={search_term_string}\"},\"query-input\":\"required name=search_term_string\"}],\"inLanguage\":\"pl-PL\"}]}<\/script>\n<!-- \/ Yoast SEO plugin. -->","yoast_head_json":{"title":"Polityka Prywatno\u015bci - LoanStar Polska","robots":{"index":"index","follow":"follow","max-snippet":"max-snippet:-1","max-image-preview":"max-image-preview:large","max-video-preview":"max-video-preview:-1"},"canonical":"https:\/\/loanstar.com\/pl\/polityka-prywatnosci\/","og_locale":"pl_PL","og_type":"article","og_title":"Polityka Prywatno\u015bci - LoanStar Polska","og_description":"Polityka Prywatno\u015bci Data wej\u015bcia w \u017cycie: 16 pa\u017adziernika 2018 r Digital Takeover, LTD (\u201emy\u201d lub \u201enasz\u201d) obs\u0142uguje stron\u0119 http:\/\/loanstar.com (\u201eUs\u0142uga\u201d)....","og_url":"https:\/\/loanstar.com\/pl\/polityka-prywatnosci\/","og_site_name":"LoanStar Polska","twitter_card":"summary_large_image","twitter_misc":{"Szacowany czas czytania":"6 minut"},"schema":{"@context":"https:\/\/schema.org","@graph":[{"@type":"WebPage","@id":"https:\/\/loanstar.com\/pl\/polityka-prywatnosci\/","url":"https:\/\/loanstar.com\/pl\/polityka-prywatnosci\/","name":"Polityka Prywatno\u015bci - LoanStar Polska","isPartOf":{"@id":"https:\/\/loanstar.com\/pl\/#website"},"datePublished":"2019-06-21T11:40:12+00:00","dateModified":"2019-06-21T11:40:12+00:00","breadcrumb":{"@id":"https:\/\/loanstar.com\/pl\/polityka-prywatnosci\/#breadcrumb"},"inLanguage":"pl-PL","potentialAction":[{"@type":"ReadAction","target":["https:\/\/loanstar.com\/pl\/polityka-prywatnosci\/"]}]},{"@type":"BreadcrumbList","@id":"https:\/\/loanstar.com\/pl\/polityka-prywatnosci\/#breadcrumb","itemListElement":[{"@type":"ListItem","position":1,"name":"Polska","item":"https:\/\/loanstar.com\/pl\/"},{"@type":"ListItem","position":2,"name":"Polityka Prywatno\u015bci"}]},{"@type":"WebSite","@id":"https:\/\/loanstar.com\/pl\/#website","url":"https:\/\/loanstar.com\/pl\/","name":"LoanStar Polska","description":"Por\u00f3wnaj po\u017cyczki","potentialAction":[{"@type":"SearchAction","target":{"@type":"EntryPoint","urlTemplate":"https:\/\/loanstar.com\/pl\/?s={search_term_string}"},"query-input":"required name=search_term_string"}],"inLanguage":"pl-PL"}]}},"_links":{"self":[{"href":"https:\/\/loanstar.com\/pl\/wp-json\/wp\/v2\/pages\/471"}],"collection":[{"href":"https:\/\/loanstar.com\/pl\/wp-json\/wp\/v2\/pages"}],"about":[{"href":"https:\/\/loanstar.com\/pl\/wp-json\/wp\/v2\/types\/page"}],"author":[{"embeddable":true,"href":"https:\/\/loanstar.com\/pl\/wp-json\/wp\/v2\/users\/9"}],"replies":[{"embeddable":true,"href":"https:\/\/loanstar.com\/pl\/wp-json\/wp\/v2\/comments?post=471"}],"version-history":[{"count":0,"href":"https:\/\/loanstar.com\/pl\/wp-json\/wp\/v2\/pages\/471\/revisions"}],"wp:attachment":[{"href":"https:\/\/loanstar.com\/pl\/wp-json\/wp\/v2\/media?parent=471"}],"curies":[{"name":"wp","href":"https:\/\/api.w.org\/{rel}","templated":true}]}}