{"id":22,"date":"2018-09-27T08:05:29","date_gmt":"2018-09-27T08:05:29","guid":{"rendered":"http:\/\/loanstar.com\/pl\/?page_id=22"},"modified":"2019-07-23T14:48:02","modified_gmt":"2019-07-23T12:48:02","slug":"kredyt-samochodowy","status":"publish","type":"page","link":"https:\/\/loanstar.com\/pl\/pozyczka\/kredyt-samochodowy\/","title":{"rendered":"Kredyt samochodowy"},"content":{"rendered":"<h2>Kredyt samochodowy idealnym rozwi\u0105zaniem na zmian\u0119 auta<\/h2>\n<p><span style=\"font-weight: 400\"><img decoding=\"async\" class=\"alignright size-full wp-image-111\" src=\"http:\/\/loanstar.com\/pl\/wp-content\/uploads\/sites\/12\/2018\/09\/button_6.svg\" alt=\"\" width=\"312\" \/>Potrzeba zmiany samochodu cz\u0119sto przychodzi nieoczekiwanie. Niewa\u017cne, czy po prostu masz okazj\u0119 kupi\u0107 u\u017cywany samoch\u00f3d w dobrej cenie, czy obecny zepsu\u0142 si\u0119 i naprawa nie ma ju\u017c sensu \u2014 nie ma co dyskutowa\u0107 z si\u0142\u0105 wy\u017csz\u0105.<\/span><span style=\"font-weight: 400\"><br \/>\n<\/span><span style=\"font-weight: 400\"><br \/>\n<\/span><span style=\"font-weight: 400\">A mo\u017ce chcesz kupi\u0107 tym razem nowe auto z salonu? Wszyscy wiemy, jak trudne jest oszcz\u0119dzanie na taki cel. W takim przypadku pom\u00f3c mo\u017ce kredyt samochodowy, dzi\u0119ki kt\u00f3remu szybko otrzymasz kilka czy kilkana\u015bcie tysi\u0119cy z\u0142otych, kt\u00f3rych akurat potrzebujesz.<\/span><span style=\"font-weight: 400\"><br \/>\n<\/span><span style=\"font-weight: 400\"><br \/>\n<\/span><span style=\"font-weight: 400\">Decyduj\u0105c si\u0119 na nowe auto musisz rozwa\u017cy\u0107, czy celujesz w samoch\u00f3d u\u017cywany, czy nowy. U\u017cywany b\u0119dzie ta\u0144szy, jednak trzeba wtedy liczy\u0107 si\u0119 z pewnymi naprawami i wymian\u0105 cz\u0119\u015bci eksploatacyjnych, kt\u00f3re obarcz\u0105 nas dodatkowymi kosztami.<\/span><span style=\"font-weight: 400\"><br \/>\n<\/span><span style=\"font-weight: 400\"><br \/>\n<\/span><span style=\"font-weight: 400\">Kredyty samochodowe \u2014 w odr\u00f3\u017cnieniu od prywatnych \u2014 zazwyczaj zawierane s\u0105 na lepszych warunkach. Po\u017cyczkodawcy wiedz\u0105, na co przeznaczysz \u015brodki, wi\u0119c podejmuj\u0105 mniejsze ryzyko. Jedynym zabezpieczeniem po\u017cyczki samochodowej jest 49% warto\u015bci auta, kt\u00f3re wtedy stanowi w\u0142asno\u015b\u0107 banku.<\/span><\/p>\n<h2><span style=\"font-weight: 400\"><strong>Czy auta na kredyt s\u0105 w Polsce popularne?<\/strong><br \/>\n<\/span><\/h2>\n<p><span style=\"font-weight: 400\">Badania GUS pokaza\u0142y, \u017ce auta w leasingu i kupowane z pomoc\u0105 kredytu samochodowego, stanowi\u0105 63% wszystkich aut na polskich drogach. Po\u017cyczki samochodowe to obecnie drugi pod wzgl\u0119dem wielko\u015bci sektor kredyt\u00f3w w Polsce.<\/span><span style=\"font-weight: 400\"><br \/>\n<\/span><span style=\"font-weight: 400\"><br \/>\n<\/span><span style=\"font-weight: 400\">Ofert jest naprawd\u0119 wiele, dlatego warto wypr\u00f3bowa\u0107 nasz\u0105 innowacyjn\u0105 por\u00f3wnywark\u0119, kt\u00f3ra pomo\u017ce Ci wybra\u0107 idealn\u0105 ofert\u0119. W tym artykule postaramy si\u0119 wskaza\u0107, na co nale\u017cy zwr\u00f3ci\u0107 szczeg\u00f3ln\u0105 uwag\u0119 podczas podpisywania umowy kredytu samochodowego. Dowiesz si\u0119 r\u00f3wnie\u017c wszystkiego na temat tego, jak znale\u017a\u0107 najlepiej dopasowan\u0105 opcj\u0119 dla siebie.<\/span><\/p>\n<h2>Kiedy oprocentowanie jest kluczowe?<\/h2>\n<p><span style=\"font-weight: 400\">Mimo tego, \u017ce po\u017cyczki samochodowe s\u0105 zazwyczaj rozk\u0142adane na maksymaln\u0105 ilo\u015b\u0107 rat, to oprocentowanie kredytu samochodowego niekoniecznie musi by\u0107 najwa\u017cniejsze. Liczy si\u0119 ca\u0142kowity koszt po\u017cyczki i op\u0142aty dodatkowe (ukryte). Cz\u0119sto po\u017cyczkodawcy oferuj\u0105 atrakcyjne oprocentowanie, ale doliczaj\u0105 r\u00f3wnie\u017c prowizj\u0119, kt\u00f3ra rozk\u0142adana jest na ca\u0142y okres kredytowania i zwi\u0119ksza kwot\u0119 raty.<\/span><\/p>\n<h3><span style=\"font-weight: 400\"><strong>Na co zwr\u00f3ci\u0107 uwag\u0119?<\/strong><br \/>\n<\/span><\/h3>\n<p><span style=\"font-weight: 400\">Poni\u017cej przedstawiamy kilka najwa\u017cniejszych kwestii, na kt\u00f3re trzeba zwr\u00f3ci\u0107 uwag\u0119 w przypadku kredytu samochodowego:<\/span><span style=\"font-weight: 400\"><br \/>\n<\/span><\/p>\n<ul>\n<li style=\"font-weight: 400\"><span style=\"font-weight: 400\">Warunki wcze\u015bniejszej sp\u0142aty. Bardzo cz\u0119sto zdarza si\u0119, \u017ce mamy przyp\u0142yw nieoczekiwanej got\u00f3wki, kt\u00f3ra pozwala sp\u0142aci\u0107 kredyt w ca\u0142o\u015bci lub cz\u0119\u015bci. Zazwyczaj trzeba wtedy liczy\u0107 si\u0119 z prowizj\u0105 za wcze\u015bniejsz\u0105 sp\u0142at\u0119, wynosz\u0105c\u0105 z regu\u0142y od 2-5% sp\u0142acanej kwoty;<\/span><\/li>\n<li style=\"font-weight: 400\"><span style=\"font-weight: 400\">Udzia\u0142 odsetek w poszczeg\u00f3lnych ratach. Dla po\u017cyczkodawcy, wcze\u015bniejsza sp\u0142ata kredytu nie jest na r\u0119k\u0119, dlatego udzia\u0142 procentowy odsetek w racie zmniejsza si\u0119 proporcjonalnie z czasem sp\u0142aty. Oznacza to, \u017ce im wcze\u015bniej sp\u0142acimy kredyt samochodowy w ca\u0142o\u015bci, tym wi\u0119cej zaoszcz\u0119dzimy, natomiast sp\u0142ata ca\u0142kowita pod koniec okresu kredytowania przyniesie znikome korzy\u015bci;<\/span><span style=\"font-weight: 400\"><br \/>\n<\/span><\/li>\n<li style=\"font-weight: 400\"><span style=\"font-weight: 400\">Okres kredytowania. Zazwyczaj waha si\u0119 od 12 do 60 miesi\u0119cy. Im d\u0142u\u017cszy, tym mniejsz\u0105 rat\u0119 miesi\u0119czn\u0105 zap\u0142acisz, aczkolwiek ca\u0142kowita kwota do sp\u0142aty b\u0119dzie wi\u0119ksza;<\/span><span style=\"font-weight: 400\"><br \/>\n<\/span><\/li>\n<li style=\"font-weight: 400\"><span style=\"font-weight: 400\">Koszty op\u0142at dodatkowych. Przede wszystkim chodzi o kary umowne za op\u00f3\u017anienia w sp\u0142atach. Po drugie, s\u0105 to kary za niewykonanie przegl\u0105du w terminie i zatajenie informacji o stanie faktycznym auta przed po\u017cyczkodawc\u0105;<\/span><span style=\"font-weight: 400\"><br \/>\n<\/span><\/li>\n<li style=\"font-weight: 400\"><span style=\"font-weight: 400\">Warunki ubezpieczenia. Po\u017cyczkodawca cz\u0119sto wymaga, aby samoch\u00f3d posiada\u0142 ubezpieczenie AC. Wybiera tak\u017ce ubezpieczyciela lub przejmuje obowi\u0105zki ubezpieczenia, co mo\u017ce by\u0107 niekorzystne dla klienta.<\/span><\/li>\n<\/ul>\n<h2>Kupno samochodu przy skorzystaniu z po\u017cyczki prywatnej<\/h2>\n<p>Co zyskujesz, a co tracisz korzystaj\u0105c z kredytu konsumenckiego zamiast kredytu samochodowego? Przede wszystkim, typowa po\u017cyczka prywatna polega na tym, \u017ce nie musisz okre\u015bla\u0107 celu, na kt\u00f3ry b\u0119dzie przeznaczona. Zazwyczaj b\u0119dzie opiera\u0107 si\u0119 na gorszych warunkach ni\u017c typowy kredyt samochodowy, aczkolwiek bank nie mo\u017ce ro\u015bci\u0107 sobie \u017cadnych praw do zakupionego auta. Nie mo\u017ce te\u017c wsp\u00f3\u0142decydowa\u0107 w kwestiach ubezpieczeniowych.<br \/>\n<span style=\"font-weight: 400\"><br \/>\n<span style=\"font-weight: 400\">Takich czynnik\u00f3w jest o wiele wi\u0119cej, dlatego warto chocia\u017c rozwa\u017cy\u0107 te najwa\u017cniejsze, korzystaj\u0105c z naszego innowacyjnego systemu por\u00f3wnawczego. Czasem, przy ni\u017cszej kwocie, \u0142atwiej jest skorzysta\u0107 z kredytu konsumenckiego ni\u017c samochodowego. Warto tak\u017ce zwr\u00f3ci\u0107 uwag\u0119, \u017ce po\u017cyczkodawcy niech\u0119tnie kredytuj\u0105 starsze auta, poniewa\u017c wi\u0105\u017ce si\u0119 to ze zwi\u0119kszonym ryzykiem. Zazwyczaj mamy do czynienia z kredytami na auta maksymalnie 12-letnie, chocia\u017c zdarzaj\u0105 si\u0119 wyj\u0105tki: samochody ekskluzywne lub klasyczne.<\/span><\/span><\/p>\n<h2>Mechanizm dzia\u0142ania po\u017cyczki samochodowej<\/h2>\n<p><span style=\"font-weight: 400\"><img decoding=\"async\" loading=\"lazy\" class=\"alignleft wp-image-124\" src=\"http:\/\/loanstar.com\/pl\/wp-content\/uploads\/sites\/12\/2018\/09\/ill_body_5.svg\" alt=\"\" width=\"452\" height=\"274\" \/>Tak jak wspominali\u015bmy, je\u015bli zdecydujesz si\u0119 kupi\u0107 samoch\u00f3d przy pomocy kredytu samochodowego, to bank b\u0119dzie w\u0142a\u015bcicielem jego cz\u0119\u015bci i posi\u0105dzie pewne prawa, w ramach kt\u00f3rych b\u0119dzie m\u00f3g\u0142 \u201ewsp\u00f3\u0142decydowa\u0107\u201d w kilku kwestiach. Plusem takiego rozwi\u0105zania jest zdecydowanie \u0142atwiejszy do przej\u015bcia proces weryfikacji.\u00a0\u00a0<\/span><span style=\"font-weight: 400\"><br \/>\n<\/span><span style=\"font-weight: 400\"><br \/>\n<\/span><span style=\"font-weight: 400\">Po\u017cyczkodawca w przypadku d\u0142ugotrwa\u0142ego braku sp\u0142at mo\u017ce wymaga\u0107 od Ciebie sprzeda\u017cy auta, aby pokry\u0107 zaleg\u0142o\u015bci. Niezale\u017cnie od tego, czy potrzebujesz got\u00f3wki na 10% czy 90% warto\u015bci auta, to i tak udzia\u0142 banku b\u0119dzie ten sam.<\/span><span style=\"font-weight: 400\"><br \/>\n<\/span><span style=\"font-weight: 400\"><br \/>\n<\/span><span style=\"font-weight: 400\">Warto te\u017c wspomnie\u0107, \u017ce po\u017cyczkodawca prawdopodobnie b\u0119dzie wymaga\u0142 wp\u0142aty w\u0142asnej, kt\u00f3ra mo\u017ce si\u0119 waha\u0107 w granicach 5 do 20% warto\u015bci samochodu. Nie zawsze jest to konieczne, ale cz\u0119sto przyspiesza decyzj\u0119 o przyznaniu kredytu. Tyczy si\u0119 to zazwyczaj kwot powy\u017cej 30 tysi\u0119cy z\u0142otych. Wk\u0142ad w\u0142asny mo\u017cna uzyska\u0107 osobn\u0105 po\u017cyczk\u0105 na innych warunkach, cz\u0119sto w tym samym banku. To, czy warto jest wzi\u0105\u0107 po\u017cyczk\u0119 samochodow\u0105, zale\u017cy od wielu czynnik\u00f3w. Czasami inne opcje okaza\u0107 mog\u0105 si\u0119 r\u00f3wnie atrakcyjne &#8211; <a href=\"http:\/\/loanstar.com\/pl\/pozyczka\/\">sprawd\u017a je<\/a>!<\/span><\/p>\n<h2>Kredyt samochodowy bez BIK. Czy to mo\u017cliwe?<\/h2>\n<p><span style=\"font-weight: 400\">Je\u015bli chcemy zaci\u0105gn\u0105\u0107 kredyt samochodowy bez sprawdzania naszej historii w Biurze Informacji Kredytowej \u2014 poniewa\u017c wiemy, \u017ce nie wygl\u0105da ona zbyt przychylnie \u2013 mo\u017cemy z g\u00f3ry zapomnie\u0107 o po\u017cyczce w banku. \u017baden oddzia\u0142 w Polsce nie podejmie si\u0119 bowiem takiego ryzyka, aby zignorowa\u0107 histori\u0119 kredytow\u0105 klienta.<\/span><span style=\"font-weight: 400\"><br \/>\n<\/span><span style=\"font-weight: 400\"><br \/>\n<\/span><span style=\"font-weight: 400\">Je\u015bli kto\u015b mia\u0142 w przesz\u0142o\u015bci problem ze sp\u0142acaniem po\u017cyczki, a jego dane wci\u0105\u017c znajduj\u0105 si\u0119 w ewidencji BIK, r\u00f3wnie\u017c ma niskie szanse na jej uzyskanie. Jest to swego rodzaju regu\u0142a, \u017ce osoba z niskim scoringiem w BIK takiego kredytu po prostu nie otrzyma.<\/span><span style=\"font-weight: 400\"><br \/>\n<\/span><span style=\"font-weight: 400\"><br \/>\n<\/span><span style=\"font-weight: 400\">W ten spos\u00f3b banki zabezpieczaj\u0105 si\u0119 przed ma\u0142o wiarygodnymi klientami. Dlatego te\u017c sk\u0142adaj\u0105c wniosek o po\u017cyczk\u0119 w banku, musimy zgodzi\u0107 si\u0119 na weryfikacj\u0119 naszych danych w Biurze Informacji Kredytowej, a w przypadku wy\u017cej wymienionych przeszk\u00f3d \u2013 liczy\u0107 si\u0119 z odmow\u0105 jej udzielenia.<\/span><\/p>\n<h2><span style=\"font-weight: 400\"><strong>Po\u017cyczki bez BIK a parabanki<\/strong><\/span><span style=\"font-weight: 400\"><br \/>\n<\/span><\/h2>\n<p><span style=\"font-weight: 400\">Weryfikacja historii kredytowej klienta w bazie BIK to w Polsce standard, ale g\u0142\u00f3wnie w przypadku pobierania po\u017cyczek w bankach lub tzw. SKOK-ach.\u00a0<\/span><span style=\"font-weight: 400\">Zanim jednak zdecydujemy si\u0119 na skorzystanie z oferty takich firm, powinni\u015bmy by\u0107 \u015bwiadomi, \u017ce rz\u0105dz\u0105 si\u0119 one w\u0142asnymi prawami \u2013 nieco innymi ni\u017c typowe banki. Zachowanie rozwagi i zadbanie o dobre rozeznanie jest kluczowe, aby unikn\u0105\u0107 pope\u0142nienia b\u0142\u0119du, kt\u00f3ry w przysz\u0142o\u015bci mo\u017ce wyrz\u0105dzi\u0107 powa\u017cny uszczerbek w domowym bud\u017cecie.<\/span><span style=\"font-weight: 400\"><br \/>\n<\/span><span style=\"font-weight: 400\"><br \/>\n<\/span><span style=\"font-weight: 400\">Firmy, o kt\u00f3rych mowa, zwane s\u0105 potocznie parabankami, a ich list\u0119 wraz z ofertami mo\u017cna bez przeszk\u00f3d znale\u017a\u0107 w Internecie albo w reklamach telewizyjnych. Tacy po\u017cyczkodawcy oferuj\u0105 szybkie po\u017cyczki, kt\u00f3re zaci\u0105gn\u0105\u0107 mo\u017ce praktycznie ka\u017cdy, nawet osoby z negatywn\u0105 histori\u0105 w BIK. <\/span><span style=\"font-weight: 400\">Niestety, oprocentowanie takich kredyt\u00f3w w skali roku jest kilkukrotnie wy\u017csze ni\u017c w przypadku zwyk\u0142ych bank\u00f3w. Pomimo tego, prywatne firmy po\u017cyczkowe oraz parabanki ciesz\u0105 si\u0119 coraz wi\u0119kszym zainteresowaniem w\u015br\u00f3d klient\u00f3w. Przyk\u0142adem takiej fimry mo\u017ce by\u0107 <a href=\"https:\/\/www.kuki.pl\/\">Kuki<\/a>.<\/span><\/p>\n<h2>Jakie warunki trzeba spe\u0142ni,\u0107 aby dosta\u0107 po\u017cyczki samochodowe?<\/h2>\n<p><span style=\"font-weight: 400\">Kredyt samochodowy nale\u017cy do grupy tzw. ,,kredyt\u00f3w konsumenckich\u2019\u2019, czyli jest zaci\u0105gany na odg\u00f3rnie ustalony cel, o kt\u00f3rym bank musi wiedzie\u0107. Jak w przypadku kredytu got\u00f3wkowego, gdzie klient mo\u017ce dowolnie wydawa\u0107 po\u017cyczone pieni\u0105dze, tak kredyt na samoch\u00f3d ma swoje konkretne przeznaczenie. Jest to z regu\u0142y zakup nowego samochodu, ale mo\u017ce by\u0107 to r\u00f3wnie\u017c motocykl, quad, motorower, skuter, a nawet jacht.<\/span><span style=\"font-weight: 400\"><br \/>\n<\/span><span style=\"font-weight: 400\"><br \/>\n<\/span><span style=\"font-weight: 400\">Pojazdy u\u017cywane r\u00f3wnie\u017c kwalifikuj\u0105 si\u0119 do tej grupy. Uzyskanie pieni\u0119dzy z kredytu samochodowego wymaga jednak spe\u0142nienia pewnych warunk\u00f3w. Mowa tu nie tylko o do\u015b\u0107 poka\u017anym <img decoding=\"async\" class=\"alignright size-full wp-image-251\" src=\"http:\/\/loanstar.com\/pl\/wp-content\/uploads\/sites\/12\/2018\/11\/credit_redemption_button.svg\" alt=\"\" width=\"312\" \/>komplecie dokument\u00f3w, bez kt\u00f3rych nie mo\u017cna przej\u015b\u0107 procedury weryfikacyjnej, lecz tak\u017ce o danych dotycz\u0105cych upatrzonego pojazdu. Chocia\u017c banki nie wymagaj\u0105 zazwyczaj okazania konkretnego modelu auta, na kt\u00f3ry bierzemy po\u017cyczk\u0119, to jednak inne informacje mog\u0105 ju\u017c by\u0107 dla niego istotne. Oto one:<\/span><\/p>\n<ul>\n<li style=\"font-weight: 400\"><span style=\"font-weight: 400\"><strong>Rodzaj pojazdu<\/strong> \u2013 w oddzia\u0142ach bankowych mo\u017cna sprawdzi\u0107 specyfikacje pojazd\u00f3w, kt\u00f3re s\u0105 obj\u0119te kredytowaniem.<\/span><span style=\"font-weight: 400\"><br \/>\n<\/span><\/li>\n<li style=\"font-weight: 400\"><span style=\"font-weight: 400\"><strong>Wiek pojazdu<\/strong> \u2013 z kredytowaniem zupe\u0142nie nowych aut nie ma najmniejszego problemu. Schody zaczynaj\u0105 si\u0119 podczas szukania plac\u00f3wki bankowej, kt\u00f3ra udzieli nam wsparcia finansowego na pojazd u\u017cywany. Jednak ka\u017cdy bank inaczej podchodzi do tej kwestii, wi\u0119c nie ma co si\u0119 zniech\u0119ca\u0107.<\/span><span style=\"font-weight: 400\"><br \/>\n<\/span><\/li>\n<li style=\"font-weight: 400\"><span style=\"font-weight: 400\"><strong>Przebieg pojazdu<\/strong> \u2013 nie jest to regu\u0142\u0105, ale zdarza si\u0119, \u017ce instytucje finansowe s\u0105 zainteresowane tak\u017ce przebiegiem samochodu.<\/span><span style=\"font-weight: 400\"><br \/>\n<\/span><\/li>\n<li style=\"font-weight: 400\"><span style=\"font-weight: 400\"><strong>Warto\u015b\u0107 samochodu<\/strong> \u2013 na tej podstawie wylicza si\u0119 kredyt.<\/span><\/li>\n<\/ul>\n<p><span style=\"font-weight: 400\">Gdy klient przebrnie przez te wszystkie punkty o wybierze ofert\u0119 najlepiej pasuj\u0105c\u0105 do jego mo\u017cliwo\u015bci finansowych oraz parametr\u00f3w upatrzonego samochodu, mo\u017ce przygotowa\u0107 si\u0119 do kolejnego etapu, czyli do zebrania potrzebnych dokument\u00f3w.<\/span><\/p>\n<h2>Niezb\u0119dna dokumentacja do z\u0142o\u017cenia wniosku o kredyt samochodowy<\/h2>\n<p><span style=\"font-weight: 400\">Kredyt samochodowy jest kredytem konsumenckim i to cz\u0119sto na niema\u0142\u0105 sum\u0119. Dlatego trzeba si\u0119 liczy\u0107 z tym, \u017ce wymagana dokumentacja r\u00f3wnie\u017c mo\u017ce by\u0107 spora:<\/span><\/p>\n<h3>Dow\u00f3d osobisty<\/h3>\n<p><span style=\"font-weight: 400\">To oczywisty i niezb\u0119dny dokument, kt\u00f3ry od razu ustala granic\u0119 wiekow\u0105 dla os\u00f3b zainteresowanych otrzymaniem kredytu. W dokumencie to\u017csamo\u015bci znajdziemy najwa\u017cniejsze dane \u2013 imi\u0119, nazwisko, numer PESEL, fotografi\u0119, imiona rodzic\u00f3w oraz numer dokumentu. Dane te pos\u0142u\u017c\u0105 do zidentyfikowania naszej to\u017csamo\u015bci.<\/span><\/p>\n<h3>Drugi dokument potwierdzaj\u0105cy to\u017csamo\u015b\u0107<\/h3>\n<p><span style=\"font-weight: 400\">To\u017csamo\u015b\u0107 klienta w przypadku takich kredyt\u00f3w jak samochodowy, musi zosta\u0107 uwierzytelniona dodatkowym dokumentem.\u00a0 Mo\u017ce to by\u0107 paszport, prawo jazdy, dow\u00f3d osobisty etc. W ka\u017cdym z wymienionych dokument\u00f3w powinny znale\u017a\u0107 si\u0119 wymagane dane, takie jak imi\u0119, nazwisko, PESEL itp.<\/span><\/p>\n<h3>Dokument weryfikuj\u0105cy osi\u0105gane dochody<\/h3>\n<p><span style=\"font-weight: 400\">Je\u015bli klient jest osob\u0105 pracuj\u0105c\u0105, w\u00f3wczas nale\u017cy przedstawi\u0107 bankowi o\u015bwiadczenie dotycz\u0105ce \u017ar\u00f3d\u0142a i wysoko\u015bci zarobk\u00f3w. Identycznie sytuacja wygl\u0105da w przypadku, gdy kredytobiorca prowadzi w\u0142asn\u0105 dzia\u0142alno\u015b\u0107 gospodarcz\u0105. Cz\u0119sto musi on te\u017c wtedy do\u0142\u0105czy\u0107 za\u015bwiadczenie o wpisie do ewidencji dzia\u0142alno\u015bci gospodarczej lub odpis z Krajowego Rejestru S\u0105dowego (KRS), REGON oraz NIP, za\u015bwiadczenie z ZUS i US. Emeryci i renci\u015bci powinni z kolei przed\u0142o\u017cy\u0107 w banku decyzj\u0119 o przyznaniu emerytury lub inny dokument, kt\u00f3ry potwierdzi jej wysoko\u015b\u0107. Mo\u017ce by\u0107 to na przyk\u0142ad wyci\u0105g z konta bankowego.<\/span><\/p>\n<h3>Dokumenty dotycz\u0105ce kredytowanego samochodu<\/h3>\n<p><span style=\"font-weight: 400\">Mog\u0105 by\u0107 to: kserokopia dowodu rejestracyjnego, za\u015bwiadczenie dotycz\u0105ce braku wpisu pojazdu w rejestrze zastaw\u00f3w, dokumenty dotycz\u0105ce zakupu samochodu. Warto dopyta\u0107 o szczeg\u00f3\u0142y przedstawiciela bankowego, kt\u00f3ry b\u0119dzie odpowiedzialny za udzielenie nam kredytu.<\/span><span style=\"font-weight: 400\"><br \/>\n<\/span><span style=\"font-weight: 400\"><br \/>\n<\/span><span style=\"font-weight: 400\">Przygotuj te\u017c prawo jazdy kat. B, gdy\u017c mo\u017ce by\u0107 ono wymagane.<\/span><span style=\"font-weight: 400\"><br \/>\n<\/span><span style=\"font-weight: 400\"><br \/>\n<\/span><span style=\"font-weight: 400\">Banki wymagaj\u0105 r\u00f3wnie\u017c ubezpieczenia samochodu, na kt\u00f3ry chcemy zaci\u0105gn\u0105\u0107 kredyt. Jest to nie tylko podstawowe ubezpieczenie OC, ale te\u017c autocasco, a to znacznie podnosi koszty dla kredytobiorcy.<\/span><\/p>\n","protected":false},"excerpt":{"rendered":"<p>Kredyt samochodowy idealnym rozwi\u0105zaniem na zmian\u0119 auta Potrzeba zmiany samochodu cz\u0119sto przychodzi nieoczekiwanie. Niewa\u017cne, czy po prostu masz okazj\u0119 kupi\u0107&#8230;<\/p>\n","protected":false},"author":1,"featured_media":0,"parent":13,"menu_order":0,"comment_status":"closed","ping_status":"closed","template":"templates\/calculator-follow-up.php","meta":{"footnotes":""},"yoast_head":"<!-- This site is optimized with the Yoast SEO plugin v21.0 - https:\/\/yoast.com\/wordpress\/plugins\/seo\/ -->\n<title>Kredyt samochodowy - wszystko na temat po\u017cyczki samochodowej<\/title>\n<meta name=\"description\" content=\"Kredyt samochodowy: sprawd\u017a czy warto wzi\u0105\u0107 po\u017cyczki samochodowe, na co zwr\u00f3ci\u0107 uwag\u0119, wady i zalety oraz mechanizm dzia\u0142ania po\u017cyczek na auto\" \/>\n<meta name=\"robots\" content=\"index, follow, max-snippet:-1, max-image-preview:large, max-video-preview:-1\" \/>\n<link rel=\"canonical\" href=\"https:\/\/loanstar.com\/pl\/pozyczka\/kredyt-samochodowy\/\" \/>\n<meta property=\"og:locale\" content=\"pl_PL\" \/>\n<meta property=\"og:type\" content=\"article\" \/>\n<meta property=\"og:title\" content=\"Kredyt samochodowy - wszystko na temat po\u017cyczki samochodowej\" \/>\n<meta property=\"og:description\" content=\"Kredyt samochodowy: sprawd\u017a czy warto wzi\u0105\u0107 po\u017cyczki samochodowe, na co zwr\u00f3ci\u0107 uwag\u0119, wady i zalety oraz mechanizm dzia\u0142ania po\u017cyczek na auto\" \/>\n<meta property=\"og:url\" content=\"https:\/\/loanstar.com\/pl\/pozyczka\/kredyt-samochodowy\/\" \/>\n<meta property=\"og:site_name\" content=\"LoanStar Polska\" \/>\n<meta property=\"article:modified_time\" content=\"2019-07-23T12:48:02+00:00\" \/>\n<meta property=\"og:image\" content=\"http:\/\/loanstar.com\/pl\/wp-content\/uploads\/sites\/12\/2018\/09\/button_6.svg\" \/>\n<meta name=\"twitter:card\" content=\"summary_large_image\" \/>\n<meta name=\"twitter:label1\" content=\"Szacowany czas czytania\" \/>\n\t<meta name=\"twitter:data1\" content=\"10 minut\" \/>\n<script type=\"application\/ld+json\" class=\"yoast-schema-graph\">{\"@context\":\"https:\/\/schema.org\",\"@graph\":[{\"@type\":\"WebPage\",\"@id\":\"https:\/\/loanstar.com\/pl\/pozyczka\/kredyt-samochodowy\/\",\"url\":\"https:\/\/loanstar.com\/pl\/pozyczka\/kredyt-samochodowy\/\",\"name\":\"Kredyt samochodowy - wszystko na temat po\u017cyczki samochodowej\",\"isPartOf\":{\"@id\":\"https:\/\/loanstar.com\/pl\/#website\"},\"datePublished\":\"2018-09-27T08:05:29+00:00\",\"dateModified\":\"2019-07-23T12:48:02+00:00\",\"description\":\"Kredyt samochodowy: sprawd\u017a czy warto wzi\u0105\u0107 po\u017cyczki samochodowe, na co zwr\u00f3ci\u0107 uwag\u0119, wady i zalety oraz mechanizm dzia\u0142ania po\u017cyczek na auto\",\"breadcrumb\":{\"@id\":\"https:\/\/loanstar.com\/pl\/pozyczka\/kredyt-samochodowy\/#breadcrumb\"},\"inLanguage\":\"pl-PL\",\"potentialAction\":[{\"@type\":\"ReadAction\",\"target\":[\"https:\/\/loanstar.com\/pl\/pozyczka\/kredyt-samochodowy\/\"]}]},{\"@type\":\"BreadcrumbList\",\"@id\":\"https:\/\/loanstar.com\/pl\/pozyczka\/kredyt-samochodowy\/#breadcrumb\",\"itemListElement\":[{\"@type\":\"ListItem\",\"position\":1,\"name\":\"Polska\",\"item\":\"https:\/\/loanstar.com\/pl\/\"},{\"@type\":\"ListItem\",\"position\":2,\"name\":\"Po\u017cyczka\",\"item\":\"https:\/\/loanstar.com\/pl\/pozyczka\/\"},{\"@type\":\"ListItem\",\"position\":3,\"name\":\"Kredyt samochodowy\"}]},{\"@type\":\"WebSite\",\"@id\":\"https:\/\/loanstar.com\/pl\/#website\",\"url\":\"https:\/\/loanstar.com\/pl\/\",\"name\":\"LoanStar Polska\",\"description\":\"Por\u00f3wnaj po\u017cyczki\",\"potentialAction\":[{\"@type\":\"SearchAction\",\"target\":{\"@type\":\"EntryPoint\",\"urlTemplate\":\"https:\/\/loanstar.com\/pl\/?s={search_term_string}\"},\"query-input\":\"required name=search_term_string\"}],\"inLanguage\":\"pl-PL\"}]}<\/script>\n<!-- \/ Yoast SEO plugin. -->","yoast_head_json":{"title":"Kredyt samochodowy - wszystko na temat po\u017cyczki samochodowej","description":"Kredyt samochodowy: sprawd\u017a czy warto wzi\u0105\u0107 po\u017cyczki samochodowe, na co zwr\u00f3ci\u0107 uwag\u0119, wady i zalety oraz mechanizm dzia\u0142ania po\u017cyczek na auto","robots":{"index":"index","follow":"follow","max-snippet":"max-snippet:-1","max-image-preview":"max-image-preview:large","max-video-preview":"max-video-preview:-1"},"canonical":"https:\/\/loanstar.com\/pl\/pozyczka\/kredyt-samochodowy\/","og_locale":"pl_PL","og_type":"article","og_title":"Kredyt samochodowy - wszystko na temat po\u017cyczki samochodowej","og_description":"Kredyt samochodowy: sprawd\u017a czy warto wzi\u0105\u0107 po\u017cyczki samochodowe, na co zwr\u00f3ci\u0107 uwag\u0119, wady i zalety oraz mechanizm dzia\u0142ania po\u017cyczek na auto","og_url":"https:\/\/loanstar.com\/pl\/pozyczka\/kredyt-samochodowy\/","og_site_name":"LoanStar Polska","article_modified_time":"2019-07-23T12:48:02+00:00","og_image":[{"url":"http:\/\/loanstar.com\/pl\/wp-content\/uploads\/sites\/12\/2018\/09\/button_6.svg"}],"twitter_card":"summary_large_image","twitter_misc":{"Szacowany czas czytania":"10 minut"},"schema":{"@context":"https:\/\/schema.org","@graph":[{"@type":"WebPage","@id":"https:\/\/loanstar.com\/pl\/pozyczka\/kredyt-samochodowy\/","url":"https:\/\/loanstar.com\/pl\/pozyczka\/kredyt-samochodowy\/","name":"Kredyt samochodowy - wszystko na temat po\u017cyczki samochodowej","isPartOf":{"@id":"https:\/\/loanstar.com\/pl\/#website"},"datePublished":"2018-09-27T08:05:29+00:00","dateModified":"2019-07-23T12:48:02+00:00","description":"Kredyt samochodowy: sprawd\u017a czy warto wzi\u0105\u0107 po\u017cyczki samochodowe, na co zwr\u00f3ci\u0107 uwag\u0119, wady i zalety oraz mechanizm dzia\u0142ania po\u017cyczek na auto","breadcrumb":{"@id":"https:\/\/loanstar.com\/pl\/pozyczka\/kredyt-samochodowy\/#breadcrumb"},"inLanguage":"pl-PL","potentialAction":[{"@type":"ReadAction","target":["https:\/\/loanstar.com\/pl\/pozyczka\/kredyt-samochodowy\/"]}]},{"@type":"BreadcrumbList","@id":"https:\/\/loanstar.com\/pl\/pozyczka\/kredyt-samochodowy\/#breadcrumb","itemListElement":[{"@type":"ListItem","position":1,"name":"Polska","item":"https:\/\/loanstar.com\/pl\/"},{"@type":"ListItem","position":2,"name":"Po\u017cyczka","item":"https:\/\/loanstar.com\/pl\/pozyczka\/"},{"@type":"ListItem","position":3,"name":"Kredyt samochodowy"}]},{"@type":"WebSite","@id":"https:\/\/loanstar.com\/pl\/#website","url":"https:\/\/loanstar.com\/pl\/","name":"LoanStar Polska","description":"Por\u00f3wnaj po\u017cyczki","potentialAction":[{"@type":"SearchAction","target":{"@type":"EntryPoint","urlTemplate":"https:\/\/loanstar.com\/pl\/?s={search_term_string}"},"query-input":"required name=search_term_string"}],"inLanguage":"pl-PL"}]}},"_links":{"self":[{"href":"https:\/\/loanstar.com\/pl\/wp-json\/wp\/v2\/pages\/22"}],"collection":[{"href":"https:\/\/loanstar.com\/pl\/wp-json\/wp\/v2\/pages"}],"about":[{"href":"https:\/\/loanstar.com\/pl\/wp-json\/wp\/v2\/types\/page"}],"author":[{"embeddable":true,"href":"https:\/\/loanstar.com\/pl\/wp-json\/wp\/v2\/users\/1"}],"replies":[{"embeddable":true,"href":"https:\/\/loanstar.com\/pl\/wp-json\/wp\/v2\/comments?post=22"}],"version-history":[{"count":5,"href":"https:\/\/loanstar.com\/pl\/wp-json\/wp\/v2\/pages\/22\/revisions"}],"predecessor-version":[{"id":452,"href":"https:\/\/loanstar.com\/pl\/wp-json\/wp\/v2\/pages\/22\/revisions\/452"}],"up":[{"embeddable":true,"href":"https:\/\/loanstar.com\/pl\/wp-json\/wp\/v2\/pages\/13"}],"wp:attachment":[{"href":"https:\/\/loanstar.com\/pl\/wp-json\/wp\/v2\/media?parent=22"}],"curies":[{"name":"wp","href":"https:\/\/api.w.org\/{rel}","templated":true}]}}