{"id":176,"date":"2018-10-02T12:08:30","date_gmt":"2018-10-02T12:08:30","guid":{"rendered":"http:\/\/loanstar.com\/pl\/?page_id=176"},"modified":"2019-06-21T13:39:25","modified_gmt":"2019-06-21T11:39:25","slug":"o-nas","status":"publish","type":"page","link":"https:\/\/loanstar.com\/pl\/o-nas\/","title":{"rendered":"O nas"},"content":{"rendered":"<p><strong>Dzi\u0119ki nam znajdziesz najlepsze po\u017cyczki dostosowane do Twoich potrzeb.<\/strong><\/p>\n<h2>O firmie LoanStar<\/h2>\n<p>LoanStar to serwis skupiaj\u0105cy w jednym miejscu recenzje i opinie o wiod\u0105cych na rynku po\u017cyczkodawcach. Niezale\u017cnie od tego, czy interesuje Ci\u0119 po\u017cyczka samochodowa, firmowa, kr\u00f3tkoterminowa czy prywatna, u nas znajdziesz wszystkie potrzebne informacje.<\/p>\n<p>Nasze recenzje obejmuj\u0105 du\u017ce i ma\u0142e firmy, a por\u00f3wnanie kilku po\u017cyczek zajmie Ci tylko par\u0119 klikni\u0119\u0107. W kilka sekund otrzymasz przegl\u0105d najkorzystniejszych dost\u0119pnych po\u017cyczek.<\/p>\n<h2>Wyj\u0105tkowo\u015b\u0107 LoanStar &#8211; \u201eThe LoanStar\u201d<\/h2>\n<p>Misj\u0105 serwisu LoanStar.com jest wyszukanie najlepszych ofert po\u017cyczek dla klient\u00f3w takich jak Ty. Zawsze chcemy sprosta\u0107 Twoim oczekiwaniom, a wyr\u00f3\u017cniaj\u0105 nas:<\/p>\n<ul>\n<li><strong>B\u0142yskawiczna obs\u0142uga.<\/strong>W kilka sekund otrzymasz gruntowny przegl\u0105d dost\u0119pnych po\u017cyczek. Mo\u017cesz zastosowa\u0107 szczeg\u00f3\u0142owe filtry, kt\u00f3re poka\u017c\u0105 tylko po\u017cyczki dostosowane do Twoich wymaga\u0144.<\/li>\n<li><strong>Odpowiednio sortowane opinie<\/strong>. Nie musisz przegl\u0105da\u0107 setek opinii, \u017ceby znale\u017a\u0107, te kt\u00f3re Ci\u0119 interesuj\u0105. Interfejs serwisu jest niezwykle \u0142atwy w obs\u0142udze, dlatego przegl\u0105d opinii i ich analiza pozwol\u0105 Ci szybko podj\u0105\u0107 dobr\u0105 decyzj\u0119.<\/li>\n<li><strong>Niezale\u017cne i rozbudowane recenzje<\/strong>. W przeciwie\u0144stwie do konkurencji opieramy si\u0119 tylko na ocenach i opiniach niezale\u017cnych u\u017cytkownik\u00f3w. Rekomenduj\u0105c dan\u0105 firm\u0119 naszym klientom, nie kierujemy si\u0119 mo\u017cliwo\u015bci\u0105 wy\u017cszej prowizji.<\/li>\n<li><strong>Kompleksowo\u015b\u0107<\/strong>. Jeste\u015bmy nie tylko serwisem por\u00f3wnuj\u0105cym po\u017cyczki. Naszym celem jest jak najlepsze informowanie klient\u00f3w o plusach i minusach danego produktu, aby mogli podj\u0105\u0107 jak najlepsz\u0105 decyzj\u0119.<\/li>\n<\/ul>\n<p>Je\u015bli bez skutku szukasz w\u0142a\u015bciwej po\u017cyczki, jeste\u015b we w\u0142a\u015bciwym miejscu &#8211; u nas j\u0105 znajdziesz.<\/p>\n<p>Naszym g\u0142\u00f3wnym celem jest zapewnienie Ci jak najlepszych rozwi\u0105za\u0144 i nawi\u0105zanie wieloletniej wsp\u00f3\u0142pracy.<\/p>\n","protected":false},"excerpt":{"rendered":"<p>Dzi\u0119ki nam znajdziesz najlepsze po\u017cyczki dostosowane do Twoich potrzeb. O firmie LoanStar LoanStar to serwis skupiaj\u0105cy w jednym miejscu recenzje&#8230;<\/p>\n","protected":false},"author":1,"featured_media":0,"parent":0,"menu_order":0,"comment_status":"closed","ping_status":"closed","template":"templates\/terms-of-use.php","meta":{"footnotes":""},"yoast_head":"<!-- This site is optimized with the Yoast SEO plugin v21.0 - https:\/\/yoast.com\/wordpress\/plugins\/seo\/ -->\n<title>O nas - LoanStar Polska<\/title>\n<meta name=\"description\" content=\"LoanStar Polska: wszystko na temat po\u017cyczek i kredyt\u00f3w. B\u0142yskawiczna obs\u0142uga, opinie o po\u017cyczkodawcach, niezale\u017cne i kompleksowe recenzje.\" \/>\n<meta name=\"robots\" content=\"index, follow, max-snippet:-1, max-image-preview:large, max-video-preview:-1\" \/>\n<link rel=\"canonical\" href=\"https:\/\/loanstar.com\/pl\/o-nas\/\" \/>\n<meta property=\"og:locale\" content=\"pl_PL\" \/>\n<meta property=\"og:type\" content=\"article\" \/>\n<meta property=\"og:title\" content=\"O nas - LoanStar Polska\" \/>\n<meta property=\"og:description\" content=\"LoanStar Polska: wszystko na temat po\u017cyczek i kredyt\u00f3w. B\u0142yskawiczna obs\u0142uga, opinie o po\u017cyczkodawcach, niezale\u017cne i kompleksowe recenzje.\" \/>\n<meta property=\"og:url\" content=\"https:\/\/loanstar.com\/pl\/o-nas\/\" \/>\n<meta property=\"og:site_name\" content=\"LoanStar Polska\" \/>\n<meta property=\"article:modified_time\" content=\"2019-06-21T11:39:25+00:00\" \/>\n<meta name=\"twitter:card\" content=\"summary_large_image\" \/>\n<meta name=\"twitter:label1\" content=\"Szacowany czas czytania\" \/>\n\t<meta name=\"twitter:data1\" content=\"1 minuta\" \/>\n<script type=\"application\/ld+json\" class=\"yoast-schema-graph\">{\"@context\":\"https:\/\/schema.org\",\"@graph\":[{\"@type\":\"WebPage\",\"@id\":\"https:\/\/loanstar.com\/pl\/o-nas\/\",\"url\":\"https:\/\/loanstar.com\/pl\/o-nas\/\",\"name\":\"O nas - LoanStar Polska\",\"isPartOf\":{\"@id\":\"https:\/\/loanstar.com\/pl\/#website\"},\"datePublished\":\"2018-10-02T12:08:30+00:00\",\"dateModified\":\"2019-06-21T11:39:25+00:00\",\"description\":\"LoanStar Polska: wszystko na temat po\u017cyczek i kredyt\u00f3w. B\u0142yskawiczna obs\u0142uga, opinie o po\u017cyczkodawcach, niezale\u017cne i kompleksowe recenzje.\",\"breadcrumb\":{\"@id\":\"https:\/\/loanstar.com\/pl\/o-nas\/#breadcrumb\"},\"inLanguage\":\"pl-PL\",\"potentialAction\":[{\"@type\":\"ReadAction\",\"target\":[\"https:\/\/loanstar.com\/pl\/o-nas\/\"]}]},{\"@type\":\"BreadcrumbList\",\"@id\":\"https:\/\/loanstar.com\/pl\/o-nas\/#breadcrumb\",\"itemListElement\":[{\"@type\":\"ListItem\",\"position\":1,\"name\":\"Polska\",\"item\":\"https:\/\/loanstar.com\/pl\/\"},{\"@type\":\"ListItem\",\"position\":2,\"name\":\"O nas\"}]},{\"@type\":\"WebSite\",\"@id\":\"https:\/\/loanstar.com\/pl\/#website\",\"url\":\"https:\/\/loanstar.com\/pl\/\",\"name\":\"LoanStar Polska\",\"description\":\"Por\u00f3wnaj po\u017cyczki\",\"potentialAction\":[{\"@type\":\"SearchAction\",\"target\":{\"@type\":\"EntryPoint\",\"urlTemplate\":\"https:\/\/loanstar.com\/pl\/?s={search_term_string}\"},\"query-input\":\"required name=search_term_string\"}],\"inLanguage\":\"pl-PL\"}]}<\/script>\n<!-- \/ Yoast SEO plugin. -->","yoast_head_json":{"title":"O nas - LoanStar Polska","description":"LoanStar Polska: wszystko na temat po\u017cyczek i kredyt\u00f3w. B\u0142yskawiczna obs\u0142uga, opinie o po\u017cyczkodawcach, niezale\u017cne i kompleksowe recenzje.","robots":{"index":"index","follow":"follow","max-snippet":"max-snippet:-1","max-image-preview":"max-image-preview:large","max-video-preview":"max-video-preview:-1"},"canonical":"https:\/\/loanstar.com\/pl\/o-nas\/","og_locale":"pl_PL","og_type":"article","og_title":"O nas - LoanStar Polska","og_description":"LoanStar Polska: wszystko na temat po\u017cyczek i kredyt\u00f3w. B\u0142yskawiczna obs\u0142uga, opinie o po\u017cyczkodawcach, niezale\u017cne i kompleksowe recenzje.","og_url":"https:\/\/loanstar.com\/pl\/o-nas\/","og_site_name":"LoanStar Polska","article_modified_time":"2019-06-21T11:39:25+00:00","twitter_card":"summary_large_image","twitter_misc":{"Szacowany czas czytania":"1 minuta"},"schema":{"@context":"https:\/\/schema.org","@graph":[{"@type":"WebPage","@id":"https:\/\/loanstar.com\/pl\/o-nas\/","url":"https:\/\/loanstar.com\/pl\/o-nas\/","name":"O nas - LoanStar Polska","isPartOf":{"@id":"https:\/\/loanstar.com\/pl\/#website"},"datePublished":"2018-10-02T12:08:30+00:00","dateModified":"2019-06-21T11:39:25+00:00","description":"LoanStar Polska: wszystko na temat po\u017cyczek i kredyt\u00f3w. B\u0142yskawiczna obs\u0142uga, opinie o po\u017cyczkodawcach, niezale\u017cne i kompleksowe recenzje.","breadcrumb":{"@id":"https:\/\/loanstar.com\/pl\/o-nas\/#breadcrumb"},"inLanguage":"pl-PL","potentialAction":[{"@type":"ReadAction","target":["https:\/\/loanstar.com\/pl\/o-nas\/"]}]},{"@type":"BreadcrumbList","@id":"https:\/\/loanstar.com\/pl\/o-nas\/#breadcrumb","itemListElement":[{"@type":"ListItem","position":1,"name":"Polska","item":"https:\/\/loanstar.com\/pl\/"},{"@type":"ListItem","position":2,"name":"O nas"}]},{"@type":"WebSite","@id":"https:\/\/loanstar.com\/pl\/#website","url":"https:\/\/loanstar.com\/pl\/","name":"LoanStar Polska","description":"Por\u00f3wnaj po\u017cyczki","potentialAction":[{"@type":"SearchAction","target":{"@type":"EntryPoint","urlTemplate":"https:\/\/loanstar.com\/pl\/?s={search_term_string}"},"query-input":"required name=search_term_string"}],"inLanguage":"pl-PL"}]}},"_links":{"self":[{"href":"https:\/\/loanstar.com\/pl\/wp-json\/wp\/v2\/pages\/176"}],"collection":[{"href":"https:\/\/loanstar.com\/pl\/wp-json\/wp\/v2\/pages"}],"about":[{"href":"https:\/\/loanstar.com\/pl\/wp-json\/wp\/v2\/types\/page"}],"author":[{"embeddable":true,"href":"https:\/\/loanstar.com\/pl\/wp-json\/wp\/v2\/users\/1"}],"replies":[{"embeddable":true,"href":"https:\/\/loanstar.com\/pl\/wp-json\/wp\/v2\/comments?post=176"}],"version-history":[{"count":5,"href":"https:\/\/loanstar.com\/pl\/wp-json\/wp\/v2\/pages\/176\/revisions"}],"predecessor-version":[{"id":444,"href":"https:\/\/loanstar.com\/pl\/wp-json\/wp\/v2\/pages\/176\/revisions\/444"}],"wp:attachment":[{"href":"https:\/\/loanstar.com\/pl\/wp-json\/wp\/v2\/media?parent=176"}],"curies":[{"name":"wp","href":"https:\/\/api.w.org\/{rel}","templated":true}]}}