{"id":612,"date":"2019-11-25T10:10:37","date_gmt":"2019-11-25T09:10:37","guid":{"rendered":"http:\/\/loanstar.com\/no\/?page_id=612"},"modified":"2020-02-26T12:32:21","modified_gmt":"2020-02-26T11:32:21","slug":"nedbetalingskalkulator","status":"publish","type":"page","link":"https:\/\/loanstar.com\/no\/nedbetalingskalkulator\/","title":{"rendered":"Nedbetalingskalkulator for gjeld"},"content":{"rendered":"<h2>Hva er en nedbetalingskalkulator?<\/h2>\n<p>En nedbetalingskalkulator er et verkt\u00f8y for deg som \u00f8nsker \u00e5 kvitte deg med gjelden din p\u00e5 en strukturert m\u00e5te. Kalkulatoren tar h\u00f8yde for flere faktorer, b\u00e5de fra l\u00e5nene dine og privat\u00f8konomien din. Til sammen genererer den en plan for hvordan du skal jobbe for \u00e5 bli gjeldfri.<\/p>\n<p>For \u00e5 ta h\u00f8yde for flere privat\u00f8konomiske og gjeldssituasjoner tilbyr Loanstar sin nedbetalingskalkulator med fire forskjellige nedbetalingsstrategier. Dette er for at du skal kunne identifisere hvilken metode som fungerer best for deg. N\u00e5r man skal lage en nedbetalingsplan er det nemlig viktig \u00e5 vurdere personligheten sin i tillegg til l\u00e5nene man nedbetaler p\u00e5.<\/p>\n<p>Nedbetalingskalkulatoren er designet for at den skal v\u00e6re s\u00e5 enkel som mulig for deg \u00e5 bruke. Loanstar vil hjelpe deg med \u00e5 f\u00e5 p\u00e5 plass en holdbar nedbetalingsplan. Ved \u00e5 tenke langsiktig p\u00e5 hvordan du skal effektivisere nedbetaling av gjeld \u00f8ker du sjansen for \u00e5 lykkes.<\/p>\n<h2>Slik bruker du v\u00e5r nedbetalingskalkulator<\/h2>\n<p><img decoding=\"async\" class=\"alignright size-full wp-image-377\" src=\"http:\/\/loanstar.com\/no\/wp-content\/uploads\/sites\/2\/2018\/11\/savings_2.svg\" alt=\"Spar penger med v\u00e5r nedbetalingskalkulator\" width=\"312\" \/>Du trenger ikke mange opplysninger for \u00e5 bruke v\u00e5r nedbetalingskalkulator. Samtidig s\u00f8rger informasjonen du faktisk beh\u00f8ver for at du f\u00e5r et godt overblikk over gjelden din. Forh\u00e5pentligvis vet du allerede hva gjelden din koster deg. Hvis ikke er dette tiden for \u00e5 rydde opp i de \u00f8konomiske sysakene.<\/p>\n<p>For \u00e5 bruke kalkulatoren beh\u00f8ver du disse opplysningene:<\/p>\n<ul>\n<li>Resterende gjeldsbel\u00f8p (<em>Hva har du igjen \u00e5 betale p\u00e5 gjelden din?<\/em>)<\/li>\n<li>Effektiv rente (<em>Husk p\u00e5 at det er forskjell p\u00e5 nominell og effektiv rente<\/em>)<\/li>\n<li>Minimum m\u00e5nedsbel\u00f8p til l\u00e5ngiver (<em>Hva er det minste du m\u00e5 betale i m\u00e5neden p\u00e5 gjelden din? Ofte er dette terminbel\u00f8pet<\/em>)<\/li>\n<\/ul>\n<p>Med tallene tilgjengelig kan du legge de inn i kalkulatoren. Det er ogs\u00e5 viktig at du vet hvor mye penger du har \u00e5 bruke p\u00e5 gjeldsnedbetaling i m\u00e5neden. Dette kalles for m\u00e5nedsbudsjettet ditt. For \u00e5 kvitte deg med gjelden raskere, og dermed spare penger, m\u00e5 du sette av mer i m\u00e5neden til gjeldsnedbetaling enn det l\u00e5ngiver(ne) krever av deg.<\/p>\n<p>Her er stegene i kalkulatoren:<\/p>\n<ul>\n<li>Velg nedbetalingsstrategien du \u00f8nsker \u00e5 bruke (Mer om disse under)<\/li>\n<li>Velg startdato for nedbetalingsplanen<\/li>\n<li>Velg det m\u00e5nedlige nedbetalingsbudsjettet<\/li>\n<li>Gi gjeldspostene dine navn<\/li>\n<li>Legg inn informasjonen om l\u00e5nene dine<\/li>\n<li>Trykk p\u00e5 \u2018Vis meg nedbetalingsplanen!\u2019<\/li>\n<\/ul>\n<p>Enklere blir det ikke \u00e5 komme i gang med en raskere gjeldsnedbetaling.<\/p>\n<h2>Tre fordeler med \u00e5 lage sin egen nedbetalingsplan<\/h2>\n<p>De fleste l\u00e5ntakere forholder seg til l\u00e5ngivers anbefalinger n\u00e5r det kommer til gjeldsnedbetaling. Det betyr at man setter opp et fast m\u00e5nedstrekk, og betaler det bel\u00f8pet banken krever at man betaler. Du har imidlertid mye \u00e5 vinne p\u00e5 \u00e5 sette opp din egen nedbetalingsplan.<\/p>\n<p><strong>Du sparer penger<\/strong><\/p>\n<p>Det er mye penger \u00e5 spare p\u00e5 \u00e5 kvitte seg med gjelden sin raskere enn planlagt. Dette handler om antall ganger l\u00e5ngiver beregner rentesatsen din av det resterende gjeldsbel\u00f8pet. Jo flere terminer du har i l\u00e5neperioden din, jo mindre av m\u00e5nedsbel\u00f8pet ditt blir faktiske avdrag. Dersom du reduserer nedbetalingsperioden p\u00e5 et forbruksl\u00e5n p\u00e5 150.000 kroner med effektiv rente 12,68 % fra 5 \u00e5r til 3 \u00e5r sparer du 21.000 kroner.<\/p>\n<p><strong>Du f\u00e5r oversikt over gjelden din<\/strong><\/p>\n<p>Dersom du har mer enn \u00e9n gjeldspost p\u00e5 bok er en nedbetalingsplan gunstig for \u00e5 skaffe seg en god oversikt. I stedet for \u00e5 tenke p\u00e5 hvert l\u00e5n for seg selv f\u00e5r du da kostnader, avdrag og renter klart for deg. Det vil gj\u00f8re det lettere \u00e5 strukturere nedbetalingen. I tillegg blir man ofte motivert til \u00e5 spare penger n\u00e5r man ser hvor mye man kan spare totalt sett.<\/p>\n<p><strong>Du f\u00e5r p\u00e5 plass gode vaner<\/strong><\/p>\n<p>N\u00e5r du har kvittet deg med gjelden din har du med en egen nedbetalingsplan vent deg til \u00e5 sette av et h\u00f8yt m\u00e5nedsbel\u00f8p til gjeldsnedbetaling. Det betyr at du kan bruke denne strategien til fremtidige sparem\u00e5l. Hvis du klarte \u00e5 sette av flere hundre- eller tusenlapper til gjeld, hvorfor ikke fortsette \u00e5 gj\u00f8re det til sparing?<\/p>\n<p><img decoding=\"async\" class=\"size-full wp-image-249 alignleft\" src=\"http:\/\/loanstar.com\/no\/wp-content\/uploads\/sites\/2\/2018\/09\/ill_body_17.svg\" alt=\"\" width=\"312\" \/><\/p>\n<h2>Sn\u00f8ballmetoden til \u00e5 kvitte seg med gjeld<\/h2>\n<p><a href=\"https:\/\/loanstar.com\/no\/nedbetaling-av-forbrukslan-snoballmetoden\/\">Sn\u00f8ballmetoden<\/a> er en popul\u00e6r strategi for gjeldsnedbetaling, som \u00f8konomer internasjonalt stiller seg bak. Den baserer seg p\u00e5 motivasjonsfeedback. I praksis betyr dette at du begynner med \u00e5 g\u00e5 l\u00f8s p\u00e5 den minste gjeldsposten din f\u00f8rst.<\/p>\n<p>Ideen med sn\u00f8ballmetoden er at du da vil kvitte deg med den f\u00f8rste gjeldsposten relativt raskt. Som en konsekvens f\u00e5r du en sterk mestringsf\u00f8lelse, som deretter gir deg motivasjonen til \u00e5 fortsette nedbetalingsl\u00f8pet med den neste, st\u00f8rre gjeldsposten.<\/p>\n<p>Sn\u00f8ballmetoden er gunstig for de som har flere l\u00e5n p\u00e5 bok, og spesielt dersom dette er dyre sm\u00e5l\u00e5n, eller kredittkortgjeld. Da kan du fokusere p\u00e5 ett bel\u00f8p av gangen, og unng\u00e5 de h\u00f8ye rentekostnadene forsinket nedbetaling av dyr gjeld f\u00f8rer til.<\/p>\n<h2>Sn\u00f8skredmetoden til \u00e5 kvitte seg med gjeld<\/h2>\n<p>Sn\u00f8skredmetoden er ogs\u00e5 en anerkjent nedbetalingsstrategi. Her er det rentesatsen som fastsetter hvordan man strukturerer gjelden sin. Selv om man bruker et annet utgangspunkt fokuserer man p\u00e5 ett gjeldsbel\u00f8p av gangen med denne metoden ogs\u00e5.<\/p>\n<p>Dersom du bruker sn\u00f8skredmetoden i v\u00e5r nedbetalingskalkulator vil den legge opp l\u00e5nene dine i henhold til hvilken rentesats som er h\u00f8yest. Som oftest f\u00f8rer dette til at man kvitter seg med usikret gjeld f\u00f8rst \u2013 som alltid er lurt med tanke p\u00e5 besparelser.<\/p>\n<p>Sn\u00f8skredmetoden er gunstig for deg som sitter med ett eller flere usikrede l\u00e5n p\u00e5 bok i tillegg til et boligl\u00e5n. Da s\u00f8rger du for \u00e5 kvitte deg med gjeld som har h\u00f8y rente f\u00f8rst. Selv om bel\u00f8pene kanskje ikke er s\u00e5 store f\u00f8rer dette til mer orden i nedbetalingsl\u00f8pet ditt.<\/p>\n<h2>H\u00f8yeste m\u00e5nedlige bel\u00f8p f\u00f8rst til \u00e5 kvitte seg med gjeld<\/h2>\n<p>Med <a href=\"https:\/\/loanstar.com\/no\/guide-til-nedbetaling-av-gjeld-hoyeste-manedlige-belop-forst\/\">denne nedbetalingsstrategien<\/a> blir gjeldspostene dine rangert etter hvor mye de koster deg i m\u00e5neden, totalt sett. Her inkluderes b\u00e5de rentekostnader og avdrag. Det betyr at det kan v\u00e6re en tung strategi, men ogs\u00e5 en som frigj\u00f8r store bel\u00f8p.<\/p>\n<p>Med h\u00f8yeste m\u00e5nedlige bel\u00f8p f\u00f8rst m\u00e5 du regne med et ganske seigt l\u00f8p i begynnelsen av nedbetalingsplanen din. Ettersom du fokuserer p\u00e5 et stort m\u00e5nedsbel\u00f8p kan det ogs\u00e5 hende at du f\u00e5r en langsiktig plan; at det tar lang tid \u00e5 kvitte seg med den f\u00f8rste gjeldsposten.<\/p>\n<p>Fra et motivasjonsperspektiv kan alts\u00e5 strategien v\u00e6re krevende. Men det er alltid gunstig \u00e5 kvitte seg med dyre m\u00e5nedskostnader. Tenk \u00e5 kunne krysse av en regning som koster deg flere tusen i m\u00e5neden. Dersom du motiveres mye av \u00f8konomisk sparing p\u00e5 lang sikt er dette en gunstig strategi for deg.<\/p>\n<h2>H\u00f8yeste m\u00e5nedlige rentebel\u00f8p f\u00f8rst til \u00e5 kvitte seg med gjeld<\/h2>\n<p><img decoding=\"async\" class=\"alignright size-full wp-image-241\" src=\"http:\/\/loanstar.com\/no\/wp-content\/uploads\/sites\/2\/2018\/09\/ill_body_9.svg\" alt=\"\" width=\"312\" \/><a href=\"https:\/\/loanstar.com\/no\/hoyeste-manedlige-rentebelop-guide\/\">Denne strategien<\/a> har mange fellestrekk ved h\u00f8yeste m\u00e5nedlige bel\u00f8p f\u00f8rst. Med metoden er det derimot rentekostnadene som fastsetter rangeringen p\u00e5 l\u00e5nene dine. Det er alts\u00e5 hvor mye du betaler i renter i m\u00e5neden som blir viktig.<\/p>\n<p>P\u00e5 denne m\u00e5ten s\u00f8rger du for \u00e5 kvitte deg med de l\u00e5nene som har dyr rentekostnad f\u00f8rst i nedbetalingsl\u00f8pet ditt. Dette er alts\u00e5 en sv\u00e6rt gunstig metode med hensyn til besparelser p\u00e5 renter. Det er ofte store forbruksl\u00e5n som blir liggende p\u00e5 toppen av lista med h\u00f8yeste m\u00e5nedlige rentebel\u00f8p f\u00f8rst.<\/p>\n<p>Strategien er gunstig for deg som har store gjeldsposter med h\u00f8y rentekostnad som du \u00f8nsker \u00e5 kvitte deg med. P\u00e5 lik linje med h\u00f8yeste m\u00e5nedlige bel\u00f8p f\u00f8rst kan denne strategien v\u00e6re tung fra et motivasjonsperspektiv. Alts\u00e5 m\u00e5 du v\u00e6re sikker p\u00e5 at du kan holde motivasjonen g\u00e5ende hvis du velger metoden.<\/p>\n","protected":false},"excerpt":{"rendered":"<p>Hva er en nedbetalingskalkulator? En nedbetalingskalkulator er et verkt\u00f8y for deg som \u00f8nsker \u00e5 kvitte deg med gjelden din p\u00e5&#8230;<\/p>\n","protected":false},"author":1,"featured_media":0,"parent":0,"menu_order":0,"comment_status":"closed","ping_status":"closed","template":"templates\/calculator-debt.php","meta":{"footnotes":""},"yoast_head":"<!-- This site is optimized with the Yoast SEO plugin v21.0 - https:\/\/yoast.com\/wordpress\/plugins\/seo\/ -->\n<title>Nedbetalingskalkulator for gjeld - LoanStar Norge<\/title>\n<meta name=\"description\" content=\"Med v\u00e5r nedbetalingskalkulator f\u00e5r du kontroll p\u00e5 gjeldsnedbetalingen din s\u00e5 du kan komme deg til \u00f8konomisk frihet raskere og enklere.\" \/>\n<meta name=\"robots\" content=\"index, follow, max-snippet:-1, max-image-preview:large, max-video-preview:-1\" \/>\n<link rel=\"canonical\" href=\"https:\/\/loanstar.com\/no\/nedbetalingskalkulator\/\" \/>\n<meta property=\"og:locale\" content=\"nb_NO\" \/>\n<meta property=\"og:type\" content=\"article\" \/>\n<meta property=\"og:title\" content=\"Nedbetalingskalkulator for gjeld - LoanStar Norge\" \/>\n<meta property=\"og:description\" content=\"Med v\u00e5r nedbetalingskalkulator f\u00e5r du kontroll p\u00e5 gjeldsnedbetalingen din s\u00e5 du kan komme deg til \u00f8konomisk frihet raskere og enklere.\" \/>\n<meta property=\"og:url\" content=\"https:\/\/loanstar.com\/no\/nedbetalingskalkulator\/\" \/>\n<meta property=\"og:site_name\" content=\"LoanStar Norge\" \/>\n<meta property=\"article:modified_time\" content=\"2020-02-26T11:32:21+00:00\" \/>\n<meta property=\"og:image\" content=\"http:\/\/loanstar.com\/no\/wp-content\/uploads\/sites\/2\/2018\/11\/savings_2.svg\" \/>\n<meta name=\"twitter:card\" content=\"summary_large_image\" \/>\n<meta name=\"twitter:label1\" content=\"Ansl. lesetid\" \/>\n\t<meta name=\"twitter:data1\" content=\"6 minutter\" \/>\n<script type=\"application\/ld+json\" class=\"yoast-schema-graph\">{\"@context\":\"https:\/\/schema.org\",\"@graph\":[{\"@type\":\"WebPage\",\"@id\":\"https:\/\/loanstar.com\/no\/nedbetalingskalkulator\/\",\"url\":\"https:\/\/loanstar.com\/no\/nedbetalingskalkulator\/\",\"name\":\"Nedbetalingskalkulator for gjeld - LoanStar Norge\",\"isPartOf\":{\"@id\":\"https:\/\/loanstar.com\/no\/#website\"},\"datePublished\":\"2019-11-25T09:10:37+00:00\",\"dateModified\":\"2020-02-26T11:32:21+00:00\",\"description\":\"Med v\u00e5r nedbetalingskalkulator f\u00e5r du kontroll p\u00e5 gjeldsnedbetalingen din s\u00e5 du kan komme deg til \u00f8konomisk frihet raskere og enklere.\",\"breadcrumb\":{\"@id\":\"https:\/\/loanstar.com\/no\/nedbetalingskalkulator\/#breadcrumb\"},\"inLanguage\":\"nb-NO\",\"potentialAction\":[{\"@type\":\"ReadAction\",\"target\":[\"https:\/\/loanstar.com\/no\/nedbetalingskalkulator\/\"]}]},{\"@type\":\"BreadcrumbList\",\"@id\":\"https:\/\/loanstar.com\/no\/nedbetalingskalkulator\/#breadcrumb\",\"itemListElement\":[{\"@type\":\"ListItem\",\"position\":1,\"name\":\"Norge\",\"item\":\"https:\/\/loanstar.com\/no\/\"},{\"@type\":\"ListItem\",\"position\":2,\"name\":\"Nedbetalingskalkulator for gjeld\"}]},{\"@type\":\"WebSite\",\"@id\":\"https:\/\/loanstar.com\/no\/#website\",\"url\":\"https:\/\/loanstar.com\/no\/\",\"name\":\"LoanStar Norge\",\"description\":\"Finn billig forbruksl\u00e5n, sm\u00e5l\u00e5n og refinansiering av gjeld\",\"potentialAction\":[{\"@type\":\"SearchAction\",\"target\":{\"@type\":\"EntryPoint\",\"urlTemplate\":\"https:\/\/loanstar.com\/no\/?s={search_term_string}\"},\"query-input\":\"required name=search_term_string\"}],\"inLanguage\":\"nb-NO\"}]}<\/script>\n<!-- \/ Yoast SEO plugin. -->","yoast_head_json":{"title":"Nedbetalingskalkulator for gjeld - LoanStar Norge","description":"Med v\u00e5r nedbetalingskalkulator f\u00e5r du kontroll p\u00e5 gjeldsnedbetalingen din s\u00e5 du kan komme deg til \u00f8konomisk frihet raskere og enklere.","robots":{"index":"index","follow":"follow","max-snippet":"max-snippet:-1","max-image-preview":"max-image-preview:large","max-video-preview":"max-video-preview:-1"},"canonical":"https:\/\/loanstar.com\/no\/nedbetalingskalkulator\/","og_locale":"nb_NO","og_type":"article","og_title":"Nedbetalingskalkulator for gjeld - LoanStar Norge","og_description":"Med v\u00e5r nedbetalingskalkulator f\u00e5r du kontroll p\u00e5 gjeldsnedbetalingen din s\u00e5 du kan komme deg til \u00f8konomisk frihet raskere og enklere.","og_url":"https:\/\/loanstar.com\/no\/nedbetalingskalkulator\/","og_site_name":"LoanStar Norge","article_modified_time":"2020-02-26T11:32:21+00:00","og_image":[{"url":"http:\/\/loanstar.com\/no\/wp-content\/uploads\/sites\/2\/2018\/11\/savings_2.svg"}],"twitter_card":"summary_large_image","twitter_misc":{"Ansl. lesetid":"6 minutter"},"schema":{"@context":"https:\/\/schema.org","@graph":[{"@type":"WebPage","@id":"https:\/\/loanstar.com\/no\/nedbetalingskalkulator\/","url":"https:\/\/loanstar.com\/no\/nedbetalingskalkulator\/","name":"Nedbetalingskalkulator for gjeld - LoanStar Norge","isPartOf":{"@id":"https:\/\/loanstar.com\/no\/#website"},"datePublished":"2019-11-25T09:10:37+00:00","dateModified":"2020-02-26T11:32:21+00:00","description":"Med v\u00e5r nedbetalingskalkulator f\u00e5r du kontroll p\u00e5 gjeldsnedbetalingen din s\u00e5 du kan komme deg til \u00f8konomisk frihet raskere og enklere.","breadcrumb":{"@id":"https:\/\/loanstar.com\/no\/nedbetalingskalkulator\/#breadcrumb"},"inLanguage":"nb-NO","potentialAction":[{"@type":"ReadAction","target":["https:\/\/loanstar.com\/no\/nedbetalingskalkulator\/"]}]},{"@type":"BreadcrumbList","@id":"https:\/\/loanstar.com\/no\/nedbetalingskalkulator\/#breadcrumb","itemListElement":[{"@type":"ListItem","position":1,"name":"Norge","item":"https:\/\/loanstar.com\/no\/"},{"@type":"ListItem","position":2,"name":"Nedbetalingskalkulator for gjeld"}]},{"@type":"WebSite","@id":"https:\/\/loanstar.com\/no\/#website","url":"https:\/\/loanstar.com\/no\/","name":"LoanStar Norge","description":"Finn billig forbruksl\u00e5n, sm\u00e5l\u00e5n og refinansiering av gjeld","potentialAction":[{"@type":"SearchAction","target":{"@type":"EntryPoint","urlTemplate":"https:\/\/loanstar.com\/no\/?s={search_term_string}"},"query-input":"required name=search_term_string"}],"inLanguage":"nb-NO"}]}},"_links":{"self":[{"href":"https:\/\/loanstar.com\/no\/wp-json\/wp\/v2\/pages\/612"}],"collection":[{"href":"https:\/\/loanstar.com\/no\/wp-json\/wp\/v2\/pages"}],"about":[{"href":"https:\/\/loanstar.com\/no\/wp-json\/wp\/v2\/types\/page"}],"author":[{"embeddable":true,"href":"https:\/\/loanstar.com\/no\/wp-json\/wp\/v2\/users\/1"}],"replies":[{"embeddable":true,"href":"https:\/\/loanstar.com\/no\/wp-json\/wp\/v2\/comments?post=612"}],"version-history":[{"count":3,"href":"https:\/\/loanstar.com\/no\/wp-json\/wp\/v2\/pages\/612\/revisions"}],"predecessor-version":[{"id":663,"href":"https:\/\/loanstar.com\/no\/wp-json\/wp\/v2\/pages\/612\/revisions\/663"}],"wp:attachment":[{"href":"https:\/\/loanstar.com\/no\/wp-json\/wp\/v2\/media?parent=612"}],"curies":[{"name":"wp","href":"https:\/\/api.w.org\/{rel}","templated":true}]}}