{"id":538,"date":"2019-06-19T14:38:54","date_gmt":"2019-06-19T12:38:54","guid":{"rendered":"http:\/\/loanstar.com\/no\/?page_id=538"},"modified":"2020-02-05T12:40:04","modified_gmt":"2020-02-05T11:40:04","slug":"sms-lan","status":"publish","type":"page","link":"https:\/\/loanstar.com\/no\/lane-penger\/sms-lan\/","title":{"rendered":"SMS-l\u00e5n"},"content":{"rendered":"<h2>Alt du trenger \u00e5 vite om SMS-l\u00e5n<\/h2>\n<p>SMS-l\u00e5n er et av de mest popul\u00e6re s\u00f8keordene n\u00e5r det kommer til l\u00e5n i Norge. De fleste assosierer l\u00e5nestrukturen med at det er enkelt \u00e5 f\u00e5 innvilget l\u00e5net, enkelt \u00e5 skrive under p\u00e5 l\u00e5net, og enkelt \u00e5 f\u00e5 ut l\u00e5nebel\u00f8pet. Navnet er imidlertid feilaktig. Det er ikke mulig \u00e5 s\u00f8ke om eller godkjenne l\u00e5n via SMS i Norge.<\/p>\n<p><img decoding=\"async\" class=\"alignright size-full wp-image-379\" src=\"http:\/\/loanstar.com\/no\/wp-content\/uploads\/sites\/2\/2018\/11\/small_loans_1.svg\" alt=\"\" width=\"312\" \/><\/p>\n<p>Benevnelsen kommer fra Sverige, der det inntil for noen \u00e5r siden var mulig \u00e5 ta ut usikrede l\u00e5n via SMS. N\u00e5 har imidlertid lovverket ogs\u00e5 i nabolandet v\u00e5rt blitt innskrenket. S\u00e5 vidt vi vet er det per i dag forbudt med SMS-l\u00e5n, i sin opprinnelige form, i hele Skandinavia. Navnet bruker man imidlertid fortsatt, som et synonym til forbruksl\u00e5n.<\/p>\n<p>S\u00e5kalte SMS-l\u00e5n er nemlig usikrede, mindre l\u00e5n uten sikkerhet. Det betyr at banken ikke tar pant i et panteobjekt n\u00e5r l\u00e5net skal innvilges. Det er privat\u00f8konomien din som vurderes som sikkerhetsgrunnlag for l\u00e5net. Dette er hovedgrunnen til at forbruksl\u00e5n er s\u00e5 kostbare i forhold til sikrede l\u00e5n, som boligl\u00e5n eller bill\u00e5n.<\/p>\n<h2>Forskjellen p\u00e5 SMS-l\u00e5n, sm\u00e5l\u00e5n og mikrol\u00e5n<\/h2>\n<p>S\u00e5 hva er da forskjellen p\u00e5 et s\u00e5kalt SMS-l\u00e5n, <a href=\"http:\/\/loanstar.com\/no\/lane-penger\/smalan\/\">et sm\u00e5l\u00e5n<\/a>, et mikrol\u00e5n og et <a href=\"https:\/\/loanstar.com\/no\/lane-penger\/forbrukslan\/\">forbruksl\u00e5n<\/a>? I bunn og grunn \u2013 ingenting. Alle disse benevnelsene henviser til et l\u00e5n som innvilges uten sikkerhet fra banken. Uten noe panteobjekt \u00e5 st\u00f8tte seg til blir risikoen for banken st\u00f8rre, og l\u00e5net blir derfor mer kostbart.<\/p>\n<p>Et s\u00e5kalt SMS-l\u00e5n er alts\u00e5 et synonym til det mer korrekte navnet sm\u00e5l\u00e5n. Sm\u00e5l\u00e5n er mindre forbruksl\u00e5n, gjerne p\u00e5 mellom 1000 og 70.000 kroner. Det er mulig \u00e5 ta opp forbruksl\u00e5n helt opp til 600.000 kroner i Norge. Derfor er det flere akt\u00f8rer som har valgt \u00e5 spesialisere seg p\u00e5 ulike l\u00e5nerammer.<\/p>\n<p>Benevnelsen mikrol\u00e5n benyttes ogs\u00e5 p\u00e5 markedet for l\u00e5n uten sikkerhet. Dette er de aller minste sm\u00e5l\u00e5nene, gjerne p\u00e5 mellom 1000 og 20.000 kroner. Felles for mikrol\u00e5n er at de har en sv\u00e6rt h\u00f8y effektiv rente og en kort nedbetalingsperiode.<\/p>\n<p>S\u00e5nn sett kan ordet SMS-l\u00e5n henvise til alle slags sm\u00e5l\u00e5n p\u00e5 markedet. Det er imidlertid viktig \u00e5 huske p\u00e5 at det stilles krav til alle l\u00e5ns\u00f8kere. Alts\u00e5 finnes det ingen automatikk i at det er enkelt \u00e5 f\u00e5 innvilget en s\u00f8knad om et SMS-l\u00e5n.<\/p>\n<h2>Hva koster SMS-l\u00e5n?<\/h2>\n<p><img decoding=\"async\" loading=\"lazy\" class=\"wp-image-384 alignleft\" src=\"http:\/\/loanstar.com\/no\/wp-content\/uploads\/sites\/2\/2018\/11\/zero_interest_button.svg\" alt=\"\" width=\"201\" height=\"204\" \/>Vi har allerede v\u00e6rt inne p\u00e5 at det er en h\u00f8y effektiv rente p\u00e5 SMS-l\u00e5n. Det er to anledninger til dette. Den f\u00f8rste handler om bankens risiko. N\u00e5r banken innvilger et l\u00e5n uten noe panteobjekt \u00e5 ta sikkerhet i, blir l\u00e5net ogs\u00e5 betydelig mer risikabelt for kreditor. Effektiv rente p\u00e5 et l\u00e5n vil alltid v\u00e6re et uttrykk for risikoen til l\u00e5ngiver.<\/p>\n<p>Den andre anledningen handler om st\u00f8rrelsen p\u00e5 et s\u00e5kalt SMS-l\u00e5n. Som vi har kikket p\u00e5 er dette generelt forbruksl\u00e5n med en liten l\u00e5neramme og en kort nedbetalingsperiode. Det er i denne korte nedbetalingsperioden at den andre forklaringen til den h\u00f8ye renten ligger.<\/p>\n<p>Husk at kreditor tross alt driver en forretning med l\u00e5nevirksomheten sin. I bunn og grunn betyr dette at banken m\u00e5 tjene penger p\u00e5 l\u00e5nene som innvilges. N\u00e5r nedbetalingsperioden er kort, og l\u00e5nebel\u00f8pet er lite, m\u00e5 renten settes h\u00f8yt for at l\u00e5ngiver skal \u2018rekke\u2019 \u00e5 tjene penger p\u00e5 bedriften.<\/p>\n<p>Du kan derfor m\u00f8te p\u00e5 effektiv rente p\u00e5 s\u00e5kalte SMS-l\u00e5n som ligger p\u00e5 flere hundre prosent. Dette betyr imidlertid ikke at du faktisk skal betale l\u00e5nebel\u00f8pet ditt flere ganger i renteutgifter. Kanskje har du en tilbakebetalingsperiode p\u00e5 bare noen uker \u2013 og da vil l\u00e5nekostnadene uansett bli liggende forholdsvis lavt.<\/p>\n<p>Effektiv rente p\u00e5 SMS-l\u00e5n fastsettes p\u00e5 individuell basis, p\u00e5 bakgrunn av en kredittvurdering. I tillegg til rentene m\u00e5 du regne med \u00e5 betale et etableringsgebyr og et termingebyr (ved hver termin) p\u00e5 l\u00e5net ditt.<\/p>\n<h2>Slik s\u00f8ker du om et s\u00e5kalt SMS-l\u00e5n<\/h2>\n<p>Selv om du ikke kan s\u00f8ke om et SMS-l\u00e5n via SMS er det fortsatt enkelt \u00e5 s\u00f8ke om usikrede l\u00e5n. L\u00e5ngiverne tilbyr en enkel tjeneste p\u00e5 nettsidene sine, og du kan regne med \u00e5 f\u00e5 svar i l\u00f8pet av kort tid. Det er fordi s\u00f8knadsprosessen i stor grad er automatisert. V\u00e6r oppmerksom p\u00e5 at dette ogs\u00e5 betyr at dersom du har noen spesielle omstendigheter rundt s\u00f8knaden din kan det v\u00e6re en god id\u00e9 \u00e5 snakke direkte med l\u00e5ngiver.<\/p>\n<p>Vi kan dele inn s\u00f8knadsprosessen i f\u00f8lgende steg:<\/p>\n<ol>\n<li><strong>Du finner ut av hvilket l\u00e5nebel\u00f8p som er aktuelt for deg. <\/strong>Start med \u00e5 legge opp til et budsjett som er realistisk og i henhold til hva du faktisk trenger. Husk at det er kostbart \u00e5 l\u00e5ne uten sikkerhet.<\/li>\n<li><strong>Du finner fram til aktuelle l\u00e5neakt\u00f8rer. <\/strong>Som nevnt over er det mange tilbydere p\u00e5 markedet i dag. Finn fram til de kreditorene som tilbyr din l\u00e5neramme med en akseptabel utgangsrente.<\/li>\n<li><strong>Du s\u00f8ker hos l\u00e5ngiverne du har bestemt deg for.<\/strong> Det er lurt \u00e5 sammenligne flere tilbud om et s\u00e5kalt SMS-l\u00e5n. Derfor b\u00f8r du s\u00f8ke hos flere l\u00e5ngivere, slik at du kan velge den som gir deg de beste vilk\u00e5rene.<\/li>\n<\/ol>\n<p>For \u00e5 s\u00f8ke m\u00e5 du oppgi personnummeret ditt, samt opplysninger om inntektsniv\u00e5 og eksisterende gjeld.<\/p>\n<h3><strong>S\u00f8k om et SMS-l\u00e5n via en l\u00e5neformidler<\/strong><\/h3>\n<p>Selv om prosessen vi beskrev over er viktig kan den ogs\u00e5 v\u00e6re langtekkelig. For deg som vil levere inn \u00e9n s\u00f8knad i stedet for 10 kan det v\u00e6re lurt \u00e5 se p\u00e5 muligheten for \u00e5 s\u00f8ke via en l\u00e5neformidler.<\/p>\n<p><img decoding=\"async\" class=\"alignright size-full wp-image-382\" src=\"http:\/\/loanstar.com\/no\/wp-content\/uploads\/sites\/2\/2018\/11\/zero_interest_1.svg\" alt=\"\" width=\"312\" \/><\/p>\n<p>Dette er en gratistjeneste som finansieres av forskjellige l\u00e5neakt\u00f8rer p\u00e5 markedet. Dersom du takker ja til et l\u00e5n vil l\u00e5neformidleren motta en provisjon av l\u00e5neavtalen. S\u00e5nn sett er dette et supert tilbud for deg som vil orientere deg om l\u00e5nemarkedet.<\/p>\n<p>Hos en l\u00e5neformidler trenger du bare \u00e5 fylle ut s\u00f8knaden din \u00e9n gang. Deretter videreformidles denne til tjenestens samarbeidspartnere, som vet at de konkurrerer om deg som kunde. Derfor utarbeides det kompetitive tilbud, som i l\u00f8pet av et par dager sendes tilbake til deg. Etter formidlingsprosessen er overst\u00e5tt vil du kun forholde deg til kreditoren din.<\/p>\n<h2>Krav til deg som vil s\u00f8ke om et s\u00e5kalt SMS-l\u00e5n<\/h2>\n<p>Selv om forbruksl\u00e5n, sm\u00e5l\u00e5n, og s\u00e5kalte SMS-l\u00e5n har rykte p\u00e5 seg for \u00e5 v\u00e6re enkle \u00e5 f\u00e5 innvilget foreligger det flere krav til deg som l\u00e5ntaker. Hvordan minimumskravene ser ut avhenger fra l\u00e5ngiver til l\u00e5ngiver. Allikevel vil du m\u00f8te p\u00e5 en variant av disse tre hos samtlige av dem:<\/p>\n<p><strong>Alderen din<\/strong><\/p>\n<p>Det er ulovlig \u00e5 innvilge gjeld til umyndige personer i Norge. Derfor er det alltid 18 \u00e5rs aldersgrense p\u00e5 l\u00e5n, uansett hvor sm\u00e5 eller store de er. Du m\u00e5 imidlertid regne med at aldersgrensen ligger en del h\u00f8yere enn dette hos de fleste l\u00e5ngivere. Det vanligste er enten 23 eller 25 \u00e5r.<\/p>\n<p><strong>Inntekten din<\/strong><\/p>\n<p>Fast inntekt m\u00e5 man alltid ha n\u00e5r man skal s\u00f8ke om l\u00e5n. N\u00e5r du er ute etter et SMS-l\u00e5n, som innvilges uten noe panteobjekt, er det ekstra viktig at du har en stabil inntekt \u00e5 vise til. Privat\u00f8konomien din blir bankens utgangspunkt for s\u00f8knadsvurderingen og dermed m\u00e5 alt v\u00e6re p\u00e5 stell.<\/p>\n<p><strong>Betalingshistorikken din<\/strong><\/p>\n<p>Det er de f\u00e6rreste tilbydere av forbruksl\u00e5n, enten dette er st\u00f8rre l\u00e5n eller mindre l\u00e5n, som er villige til \u00e5 akseptere en l\u00e5ntaker med d\u00e5rlig betalingshistorikk. Da tenker vi spesielt p\u00e5 betalingsanmerkninger. Disse f\u00f8rer generelt til et automatisk avslag p\u00e5 s\u00f8knaden din.<\/p>\n<h2>SMS-l\u00e5n \u2013 en oppsummering<\/h2>\n<p>S\u00e5kalte SMS-l\u00e5n er mindre l\u00e5n uten sikkerhet, som i bunn og grunn har et feilaktig navn. Det er ikke mulig \u00e5 s\u00f8ke om eller godkjenne l\u00e5n via tekstmelding i Norge. Navnet har allikevel blitt popul\u00e6rt, og viser til sm\u00e5l\u00e5n; mindre forbruksl\u00e5n som innvilges med kort nedbetalingsperiode og liten l\u00e5neramme.<\/p>\n<p><img decoding=\"async\" class=\"alignright size-full wp-image-371\" src=\"http:\/\/loanstar.com\/no\/wp-content\/uploads\/sites\/2\/2018\/11\/payday_loans_2.svg\" alt=\"\" width=\"312\" \/><\/p>\n<p>Du kan regne med et l\u00e5nebel\u00f8p p\u00e5 mellom 1000 og 70.000 kroner n\u00e5r du skal s\u00f8ke om et mindre forbruksl\u00e5n. Det finnes flere kreditorer som har spesialisert seg p\u00e5 dette nedre l\u00e5nesjiktet. Felles for samtlige av dem er at de godkjenner s\u00f8knader uten noe panteobjekt. Dette medf\u00f8rer en h\u00f8y effektiv rente, i visse tilfeller p\u00e5 flere hundre prosent.<\/p>\n<p>Nedbetalingsperioden p\u00e5 et s\u00e5kalt SMS-l\u00e5n har stor innvirkning p\u00e5 totalkostnaden og rentesatsen. Som en tommelfingerregel kan man si at jo mindre l\u00e5nebel\u00f8pet ditt er, jo kortere er nedbetalingsperioden og jo h\u00f8yere er rentesatsen.<\/p>\n<p>For \u00e5 f\u00e5 godkjent et SMS-l\u00e5n m\u00e5 du ha en fast inntekt og god betalingshistorikk \u2013 og som oftest v\u00e6re over 23 eller 25 \u00e5r. Det er viktig at du setter opp et budsjett for hvor mye penger du faktisk trenger f\u00f8r du s\u00f8ker om usikrede l\u00e5n. I forbindelse med s\u00f8knadsprosessen er det viktig \u00e5 s\u00f8ke hos flere tilbydere. Da kan du f\u00f8le deg sikker p\u00e5 at du f\u00e5r s\u00e5 gunstige vilk\u00e5r som mulig p\u00e5 l\u00e5net.<\/p>\n","protected":false},"excerpt":{"rendered":"<p>Alt du trenger \u00e5 vite om SMS-l\u00e5n SMS-l\u00e5n er et av de mest popul\u00e6re s\u00f8keordene n\u00e5r det kommer til l\u00e5n&#8230;<\/p>\n","protected":false},"author":6,"featured_media":381,"parent":109,"menu_order":0,"comment_status":"closed","ping_status":"closed","template":"templates\/calculator-follow-up.php","meta":{"footnotes":""},"yoast_head":"<!-- This site is optimized with the Yoast SEO plugin v21.0 - https:\/\/yoast.com\/wordpress\/plugins\/seo\/ -->\n<title>SMS-l\u00e5n - LoanStar Norge<\/title>\n<meta name=\"description\" content=\"Ser du etter et SMS-l\u00e5n? Vi sammenligner l\u00e5n fra alle bankene slik at du f\u00e5r det l\u00e5net som passer best for din privat\u00f8konomi. Eff. rente fra 8.40 %.\" \/>\n<meta name=\"robots\" content=\"index, follow, max-snippet:-1, max-image-preview:large, max-video-preview:-1\" \/>\n<link rel=\"canonical\" href=\"https:\/\/loanstar.com\/no\/lane-penger\/sms-lan\/\" \/>\n<meta property=\"og:locale\" content=\"nb_NO\" \/>\n<meta property=\"og:type\" content=\"article\" \/>\n<meta property=\"og:title\" content=\"SMS-l\u00e5n - LoanStar Norge\" \/>\n<meta property=\"og:description\" content=\"Ser du etter et SMS-l\u00e5n? Vi sammenligner l\u00e5n fra alle bankene slik at du f\u00e5r det l\u00e5net som passer best for din privat\u00f8konomi. Eff. rente fra 8.40 %.\" \/>\n<meta property=\"og:url\" content=\"https:\/\/loanstar.com\/no\/lane-penger\/sms-lan\/\" \/>\n<meta property=\"og:site_name\" content=\"LoanStar Norge\" \/>\n<meta property=\"article:modified_time\" content=\"2020-02-05T11:40:04+00:00\" \/>\n<meta name=\"twitter:card\" content=\"summary_large_image\" \/>\n<meta name=\"twitter:image\" content=\"https:\/\/loanstar.com\/no\/wp-content\/uploads\/sites\/2\/2018\/11\/small_loans_button.svg\" \/>\n<meta name=\"twitter:label1\" content=\"Ansl. lesetid\" \/>\n\t<meta name=\"twitter:data1\" content=\"8 minutter\" \/>\n<script type=\"application\/ld+json\" class=\"yoast-schema-graph\">{\"@context\":\"https:\/\/schema.org\",\"@graph\":[{\"@type\":\"WebPage\",\"@id\":\"https:\/\/loanstar.com\/no\/lane-penger\/sms-lan\/\",\"url\":\"https:\/\/loanstar.com\/no\/lane-penger\/sms-lan\/\",\"name\":\"SMS-l\u00e5n - LoanStar Norge\",\"isPartOf\":{\"@id\":\"https:\/\/loanstar.com\/no\/#website\"},\"datePublished\":\"2019-06-19T12:38:54+00:00\",\"dateModified\":\"2020-02-05T11:40:04+00:00\",\"description\":\"Ser du etter et SMS-l\u00e5n? Vi sammenligner l\u00e5n fra alle bankene slik at du f\u00e5r det l\u00e5net som passer best for din privat\u00f8konomi. Eff. rente fra 8.40 %.\",\"breadcrumb\":{\"@id\":\"https:\/\/loanstar.com\/no\/lane-penger\/sms-lan\/#breadcrumb\"},\"inLanguage\":\"nb-NO\",\"potentialAction\":[{\"@type\":\"ReadAction\",\"target\":[\"https:\/\/loanstar.com\/no\/lane-penger\/sms-lan\/\"]}]},{\"@type\":\"BreadcrumbList\",\"@id\":\"https:\/\/loanstar.com\/no\/lane-penger\/sms-lan\/#breadcrumb\",\"itemListElement\":[{\"@type\":\"ListItem\",\"position\":1,\"name\":\"Norge\",\"item\":\"https:\/\/loanstar.com\/no\/\"},{\"@type\":\"ListItem\",\"position\":2,\"name\":\"L\u00e5ne penger\",\"item\":\"https:\/\/loanstar.com\/no\/lane-penger\/\"},{\"@type\":\"ListItem\",\"position\":3,\"name\":\"SMS-l\u00e5n\"}]},{\"@type\":\"WebSite\",\"@id\":\"https:\/\/loanstar.com\/no\/#website\",\"url\":\"https:\/\/loanstar.com\/no\/\",\"name\":\"LoanStar Norge\",\"description\":\"Finn billig forbruksl\u00e5n, sm\u00e5l\u00e5n og refinansiering av gjeld\",\"potentialAction\":[{\"@type\":\"SearchAction\",\"target\":{\"@type\":\"EntryPoint\",\"urlTemplate\":\"https:\/\/loanstar.com\/no\/?s={search_term_string}\"},\"query-input\":\"required name=search_term_string\"}],\"inLanguage\":\"nb-NO\"}]}<\/script>\n<!-- \/ Yoast SEO plugin. -->","yoast_head_json":{"title":"SMS-l\u00e5n - LoanStar Norge","description":"Ser du etter et SMS-l\u00e5n? Vi sammenligner l\u00e5n fra alle bankene slik at du f\u00e5r det l\u00e5net som passer best for din privat\u00f8konomi. Eff. rente fra 8.40 %.","robots":{"index":"index","follow":"follow","max-snippet":"max-snippet:-1","max-image-preview":"max-image-preview:large","max-video-preview":"max-video-preview:-1"},"canonical":"https:\/\/loanstar.com\/no\/lane-penger\/sms-lan\/","og_locale":"nb_NO","og_type":"article","og_title":"SMS-l\u00e5n - LoanStar Norge","og_description":"Ser du etter et SMS-l\u00e5n? Vi sammenligner l\u00e5n fra alle bankene slik at du f\u00e5r det l\u00e5net som passer best for din privat\u00f8konomi. Eff. rente fra 8.40 %.","og_url":"https:\/\/loanstar.com\/no\/lane-penger\/sms-lan\/","og_site_name":"LoanStar Norge","article_modified_time":"2020-02-05T11:40:04+00:00","twitter_card":"summary_large_image","twitter_image":"https:\/\/loanstar.com\/no\/wp-content\/uploads\/sites\/2\/2018\/11\/small_loans_button.svg","twitter_misc":{"Ansl. lesetid":"8 minutter"},"schema":{"@context":"https:\/\/schema.org","@graph":[{"@type":"WebPage","@id":"https:\/\/loanstar.com\/no\/lane-penger\/sms-lan\/","url":"https:\/\/loanstar.com\/no\/lane-penger\/sms-lan\/","name":"SMS-l\u00e5n - LoanStar Norge","isPartOf":{"@id":"https:\/\/loanstar.com\/no\/#website"},"datePublished":"2019-06-19T12:38:54+00:00","dateModified":"2020-02-05T11:40:04+00:00","description":"Ser du etter et SMS-l\u00e5n? Vi sammenligner l\u00e5n fra alle bankene slik at du f\u00e5r det l\u00e5net som passer best for din privat\u00f8konomi. Eff. rente fra 8.40 %.","breadcrumb":{"@id":"https:\/\/loanstar.com\/no\/lane-penger\/sms-lan\/#breadcrumb"},"inLanguage":"nb-NO","potentialAction":[{"@type":"ReadAction","target":["https:\/\/loanstar.com\/no\/lane-penger\/sms-lan\/"]}]},{"@type":"BreadcrumbList","@id":"https:\/\/loanstar.com\/no\/lane-penger\/sms-lan\/#breadcrumb","itemListElement":[{"@type":"ListItem","position":1,"name":"Norge","item":"https:\/\/loanstar.com\/no\/"},{"@type":"ListItem","position":2,"name":"L\u00e5ne penger","item":"https:\/\/loanstar.com\/no\/lane-penger\/"},{"@type":"ListItem","position":3,"name":"SMS-l\u00e5n"}]},{"@type":"WebSite","@id":"https:\/\/loanstar.com\/no\/#website","url":"https:\/\/loanstar.com\/no\/","name":"LoanStar Norge","description":"Finn billig forbruksl\u00e5n, sm\u00e5l\u00e5n og refinansiering av gjeld","potentialAction":[{"@type":"SearchAction","target":{"@type":"EntryPoint","urlTemplate":"https:\/\/loanstar.com\/no\/?s={search_term_string}"},"query-input":"required name=search_term_string"}],"inLanguage":"nb-NO"}]}},"_links":{"self":[{"href":"https:\/\/loanstar.com\/no\/wp-json\/wp\/v2\/pages\/538"}],"collection":[{"href":"https:\/\/loanstar.com\/no\/wp-json\/wp\/v2\/pages"}],"about":[{"href":"https:\/\/loanstar.com\/no\/wp-json\/wp\/v2\/types\/page"}],"author":[{"embeddable":true,"href":"https:\/\/loanstar.com\/no\/wp-json\/wp\/v2\/users\/6"}],"replies":[{"embeddable":true,"href":"https:\/\/loanstar.com\/no\/wp-json\/wp\/v2\/comments?post=538"}],"version-history":[{"count":2,"href":"https:\/\/loanstar.com\/no\/wp-json\/wp\/v2\/pages\/538\/revisions"}],"predecessor-version":[{"id":644,"href":"https:\/\/loanstar.com\/no\/wp-json\/wp\/v2\/pages\/538\/revisions\/644"}],"up":[{"embeddable":true,"href":"https:\/\/loanstar.com\/no\/wp-json\/wp\/v2\/pages\/109"}],"wp:featuredmedia":[{"embeddable":true,"href":"https:\/\/loanstar.com\/no\/wp-json\/wp\/v2\/media\/381"}],"wp:attachment":[{"href":"https:\/\/loanstar.com\/no\/wp-json\/wp\/v2\/media?parent=538"}],"curies":[{"name":"wp","href":"https:\/\/api.w.org\/{rel}","templated":true}]}}