{"id":344,"date":"2018-10-24T12:51:15","date_gmt":"2018-10-24T10:51:15","guid":{"rendered":"http:\/\/loanstar.com\/no\/?page_id=344"},"modified":"2018-11-14T14:07:18","modified_gmt":"2018-11-14T13:07:18","slug":"cookies","status":"publish","type":"page","link":"https:\/\/loanstar.com\/no\/cookies\/","title":{"rendered":"Cookies"},"content":{"rendered":"<p>Dette er Cookie Policy for LoanStar, tilgjengelig fra http:\/\/loanstar.com<\/p>\n<h2>Hva er Cookies<\/h2>\n<p>Som det er vanlig praksis med nesten alle profesjonelle nettsteder, bruker dette nettstedet cookies, som er sm\u00e5 filer som lastes ned til datamaskinen, for \u00e5 forbedre opplevelsen. Denne siden beskriver hvilken informasjon de samler, hvordan vi bruker den og hvorfor vi noen ganger trenger \u00e5 lagre disse informasjonskapslene. Vi vil ogs\u00e5 dele hvordan du kan forhindre at disse informasjonskapslene lagres, men dette kan nedgradere eller &laquo;\u00f8delegge&raquo; visse elementer av nettstedets funksjonalitet.<\/p>\n<p>For mer generell informasjon om informasjonskapsler, se <a href=\"https:\/\/en.wikipedia.org\/wiki\/HTTP_cookie\" target=\"_blank\" rel=\"noopener\">Wikipedia-artikkelen om HTTP-cookies<\/a>.<\/p>\n<h2>Hvordan bruker vi informasjonskapsler<\/h2>\n<p>Vi bruker informasjonskapsler av forskjellige grunner detaljert nedenfor. Dessverre er det i de fleste tilfeller ingen bransjestandardalternativer for deaktivering av informasjonskapsler uten fullstendig deaktivering av funksjonaliteten og funksjonene de legger til p\u00e5 dette nettstedet. Det anbefales at du legger p\u00e5 alle informasjonskapsler hvis du ikke er sikker p\u00e5 om du trenger dem eller ikke, hvis de brukes til \u00e5 yte en tjeneste du bruker.<\/p>\n<h3>Deaktivering av informasjonskapsler<\/h3>\n<p>Du kan forhindre innstillingen av informasjonskapsler ved \u00e5 justere innstillingene i nettleseren din (se hjelpen til nettleseren din for hvordan du gj\u00f8r dette). V\u00e6r oppmerksom p\u00e5 at deaktivering av informasjonskapsler vil p\u00e5virke funksjonaliteten til denne og mange andre nettsteder du bes\u00f8ker. Deaktivering av informasjonskapsler vil vanligvis f\u00f8re til at du ogs\u00e5 deaktiverer visse funksjoner og funksjoner p\u00e5 dette nettstedet. Derfor anbefales det at du ikke deaktiverer informasjonskapsler.<\/p>\n<p>For \u00e5 deaktivere informasjonskapsler i nettlesere du kan gj\u00f8re i delen Alternativer eller Innstillinger. Vi overf\u00f8rer imidlertid disse koblingene med mer detaljert informasjon om konfigurasjonen:<\/p>\n<p><a href=\"https:\/\/support.google.com\/chrome\/answer\/95647?hl=no\" target=\"_blank\" rel=\"noopener\">Google Chrome<\/a><\/p>\n<p><a href=\"https:\/\/support.microsoft.com\/nb-no\/help\/17442\/windows-internet-explorer-delete-manage-cookies\" target=\"_blank\" rel=\"noopener\">Internet Explorer<\/a><\/p>\n<p><a href=\"https:\/\/support.mozilla.org\/no\/kb\/cookies-information-websites-store-on-your-computer\" target=\"_blank\" rel=\"noopener\">Firefox<\/a><\/p>\n<h2>Cookiene vi bruker<\/h2>\n<p>For \u00e5 gi deg en god opplevelse p\u00e5 dette nettstedet, gir vi funksjonaliteten til \u00e5 angi dine preferanser for hvordan dette nettstedet kj\u00f8rer n\u00e5r du bruker det. For \u00e5 huske dine preferanser m\u00e5 vi sette inn informasjonskapsler slik at denne informasjonen kan ringes n\u00e5r du kommuniserer med en side, p\u00e5virkes av dine preferanser.<\/p>\n<h2>Tredjeparts cookies<\/h2>\n<p>I noen spesielle tilfeller bruker vi ogs\u00e5 informasjonskapsler levert av p\u00e5litelige tredjeparter. F\u00f8lgende avsnitt beskriver hvilke tredjeparts cookies du kan st\u00f8te p\u00e5 via dette nettstedet.<\/p>\n<h3>Google Analytics<\/h3>\n<p>Dette nettstedet bruker Google Analytics, som er en av de mest utbredte og p\u00e5litelige analysel\u00f8sningene p\u00e5 nettet for \u00e5 hjelpe oss \u00e5 forst\u00e5 hvordan du bruker nettstedet og m\u00e5ter vi kan forbedre opplevelsen p\u00e5. Disse informasjonskapslene kan spore ting som hvor lenge du bruker p\u00e5 nettstedet og sidene du bes\u00f8ker, slik at vi kan fortsette \u00e5 produsere engasjerende innhold. For mer informasjon om Google Analytics-informasjonskapsler, se den offisielle <a href=\"https:\/\/developers.google.com\/analytics\/devguides\/collection\/analyticsjs\/cookie-usage\" target=\"_blank\" rel=\"noopener\">Google Analytics-siden.<\/a><\/p>\n<p>Fra tid til annen tester vi nye funksjoner og gj\u00f8r subtile endringer i m\u00e5ten nettstedet leveres p\u00e5. N\u00e5r vi fremdeles pr\u00f8ver nye funksjoner, kan disse informasjonskapslene brukes til \u00e5 sikre at du f\u00e5r en konsekvent opplevelse mens du er p\u00e5 nettstedet, samtidig som vi sikrer hvilke optimaliseringer brukerne setter pris p\u00e5 mest.<\/p>\n<p>Her kan du f\u00e5 mer informasjon om <a href=\"https:\/\/policies.google.com\/privacy?hl=no\" target=\"_blank\" rel=\"noopener\">Googles retningslinjer for personvern<\/a>.<\/p>\n<p>Hvis du vil unng\u00e5 \u00e5 m\u00e5le data gjennom Google Universal Analytics, kan du deaktivere Google Universal Analytics ved hjelp av <a href=\"https:\/\/tools.google.com\/dlpage\/gaoptout?hl=en\" target=\"_blank\" rel=\"noopener\">denne nettleserutvidelsen<\/a>. For \u00e5 forhindre Universal Analytics-sporing p\u00e5 tvers av enheter m\u00e5 du velge bort alle systemer du bruker.<\/p>\n<p>Alternativt kan du lage en passende konfigurasjon for informasjonskapselinnstillingen i nettleseren din.<\/p>\n<p>Vi bruker ogs\u00e5 sosiale medier knapper og \/ eller plugins p\u00e5 dette nettstedet som lar deg koble til ditt sosiale nettverk p\u00e5 ulike m\u00e5ter. For disse \u00e5 jobbe p\u00e5 f\u00f8lgende sosiale medier, inkludert; (Facebook) vil angi informasjonskapsler via v\u00e5rt nettsted som kan brukes til \u00e5 forbedre profilen din p\u00e5 deres nettsted eller bidra til dataene de holder for ulike form\u00e5l som er angitt i deres respektive personvernregler.<\/p>\n<p><a href=\"https:\/\/www.facebook.com\/policies\/cookies\/\" target=\"_blank\" rel=\"noopener\">Cookie-retningslinjer for Facebook<\/a><\/p>\n<h3>Google reCAPTCHA<\/h3>\n<p>For \u00e5 beskytte meldinger sendt via kontaktskjema bruker vi reCAPTCHA-tjenesten fra Google Inc. (Google). Sp\u00f8rringen brukes til \u00e5 skille mellom inngangen er laget av en menneskelig eller forn\u00e6rmende ved automatisk, mekanisk behandling. Sp\u00f8rringen inkluderer sending av IP-adressen og alle andre data som kreves av Google for reCAPTCHA-tjenesten til Google.<\/p>\n<p>For dette form\u00e5let blir innspillet ditt overf\u00f8rt til Google og brukt der. Ved \u00e5 bruke reCaptcha, godtar du at anerkjennelsen du gir, vil bli brukt til \u00e5 digitalisere gamle verk.<br \/>\nP\u00e5 vegne av Digital Takeover LTD vil Google bruke denne informasjonen til \u00e5 evaluere din bruk av denne tjenesten.<\/p>\n<p>IP-adressen som sendes av nettleseren din som en del av reCaptcha, vil ikke bli sl\u00e5tt sammen med annen data levert av Google. Disse dataene er underlagt Google&#8217;s avvikende personvernregler.<\/p>\n<p>For mer informasjon om Googles Personvern bes\u00f8k:\u00a0<a href=\"https:\/\/policies.google.com\/privacy?hl=no\" target=\"_blank\" rel=\"noopener\">https:\/\/policies.google.com\/privacy?hl=no<\/a><\/p>\n<h3>Affiliate Tracking Cookies<\/h3>\n<p>Digital Takeover Ltd, operat\u00f8ren av Loanstar.com-nettstedet, har integrert tilknyttede lenker fra ulike tilknyttede nettverk og andre tredjepartsannons\u00f8rer.<\/p>\n<p>LoanStar.com tar rollen som en utgiver ved \u00e5 publisere innhold. Ulike tilbydere p\u00e5tar seg annons\u00f8rrollen. Ved \u00e5 bruke innholds- og sammenligningstjenesten p\u00e5 LoanStar.com, kan du f\u00e5 tilgang til annons\u00f8rens nettsted via en tilknyttet lenke, der du kan bestille det finansielle produktet eller kreve et l\u00e5n. Ved vellykket salg mottar vi en kommisjon som gj\u00f8r at vi kan publisere ytterligere gratis innhold for deg og forbedre v\u00e5re sammenligningssystemer.<\/p>\n<p>S\u00e5 snart du n\u00e5r leverand\u00f8ren som bruker via v\u00e5r tilknyttede lenke, lagres en informasjonskapsel i nettleseren din. Form\u00e5let med lagringen av informasjonskapsler er behandling av provisjonsbetalinger mellom selgere og forlag, som h\u00e5ndteres av det tilknyttede nettverket.<\/p>\n<p>De lagrede tilknyttede informasjonskapslene inneholder ingen personlige data. Bare utgiverens identifikasjonsnummer (LoanStar.com), samt ordin\u00e6rt nummer p\u00e5 den bes\u00f8kende av nettsiden, tidspunktet og indeksen for den tilknyttede lenken, lagres. Alle tilknyttede cookies blir behandlet og slettet etter maks 90 dager.<\/p>\n<p>Som nevnt ovenfor kan du forby lagring av informasjonskapsler i nettleserinnstillingene dine. Du har ogs\u00e5 muligheten til \u00e5 slette informasjonskapslene n\u00e5r som helst.<\/p>\n<h3>Rett til informasjon og innvendinger<\/h3>\n<p>Forh\u00e5pentligvis, som har avklart ting for deg og som ble nevnt tidligere hvis det er noe du er usikker p\u00e5 om du trenger eller ikke det er vanligvis tryggere \u00e5 la cookies v\u00e6re p\u00e5sl\u00e5tt i tilfelle det interagerer med en av de funksjonene du bruker p\u00e5 v\u00e5r side .<\/p>\n<p>Du har alltid rett til \u00e5 informere deg selv om dine personlige data lagret av Digital Takeover Limited (eier og operat\u00f8r av LoanStar.com). Du har ogs\u00e5 mulighet til \u00e5 tilbakekalle samtykket n\u00e5r som helst og be om sletting av personopplysninger som allerede er behandlet.<\/p>\n<p>Om du fortsatt s\u00f8ker etter mer informasjon, kan du kontakte oss via en av v\u00e5re foretrukne kontaktmetoder:<\/p>\n\t<div class=\"list-ticks-secondary\">\r\n\t\t<ul>\n<li><strong>E-post:<\/strong> hi@digitaltakeover.org<\/li>\n<li><strong>Mail:<\/strong> Digital Takeover LTD, Plaza Commercial Center, Niv\u00e5 8, Suite 5, Bisazza Street, Sliema, SLM1640, MALTA<br \/>\n\t<\/div><!-- \/.list-ticks -->\r\n\t<\/li>\n<\/ul>\n<p>P\u00e5 foresp\u00f8rsel vil du bli varslet skriftlig dersom og hvilke personlige data Digital Takeover ltd har lagret om deg. Du kan forby behandling av dataene dine til enhver tid skriftlig uten \u00e5 gi grunner.<\/p>\n","protected":false},"excerpt":{"rendered":"<p>Dette er Cookie Policy for LoanStar, tilgjengelig fra http:\/\/loanstar.com Hva er Cookies Som det er vanlig praksis med nesten alle&#8230;<\/p>\n","protected":false},"author":1,"featured_media":0,"parent":0,"menu_order":0,"comment_status":"closed","ping_status":"closed","template":"templates\/terms-of-use.php","meta":{"footnotes":""},"yoast_head":"<!-- This site is optimized with the Yoast SEO plugin v21.0 - https:\/\/yoast.com\/wordpress\/plugins\/seo\/ -->\n<title>Cookies - LoanStar Norge 2026<\/title>\n<meta name=\"description\" content=\"For \u00e5 gi deg en god opplevelse p\u00e5 dette nettstedet. Vi bruker informasjonskapsler av forskjellige grunner detaljert nedenfor.\" \/>\n<meta name=\"robots\" content=\"noindex, follow\" \/>\n<meta property=\"og:locale\" content=\"nb_NO\" \/>\n<meta property=\"og:type\" content=\"article\" \/>\n<meta property=\"og:title\" content=\"Cookies - LoanStar Norge 2026\" \/>\n<meta property=\"og:description\" content=\"For \u00e5 gi deg en god opplevelse p\u00e5 dette nettstedet. Vi bruker informasjonskapsler av forskjellige grunner detaljert nedenfor.\" \/>\n<meta property=\"og:url\" content=\"https:\/\/loanstar.com\/no\/cookies\/\" \/>\n<meta property=\"og:site_name\" content=\"LoanStar Norge\" \/>\n<meta property=\"article:modified_time\" content=\"2018-11-14T13:07:18+00:00\" \/>\n<meta name=\"twitter:card\" content=\"summary_large_image\" \/>\n<meta name=\"twitter:label1\" content=\"Ansl. lesetid\" \/>\n\t<meta name=\"twitter:data1\" content=\"6 minutter\" \/>\n<script type=\"application\/ld+json\" class=\"yoast-schema-graph\">{\"@context\":\"https:\/\/schema.org\",\"@graph\":[{\"@type\":\"WebPage\",\"@id\":\"https:\/\/loanstar.com\/no\/cookies\/\",\"url\":\"https:\/\/loanstar.com\/no\/cookies\/\",\"name\":\"Cookies - LoanStar Norge 2026\",\"isPartOf\":{\"@id\":\"https:\/\/loanstar.com\/no\/#website\"},\"datePublished\":\"2018-10-24T10:51:15+00:00\",\"dateModified\":\"2018-11-14T13:07:18+00:00\",\"description\":\"For \u00e5 gi deg en god opplevelse p\u00e5 dette nettstedet. Vi bruker informasjonskapsler av forskjellige grunner detaljert nedenfor.\",\"breadcrumb\":{\"@id\":\"https:\/\/loanstar.com\/no\/cookies\/#breadcrumb\"},\"inLanguage\":\"nb-NO\",\"potentialAction\":[{\"@type\":\"ReadAction\",\"target\":[\"https:\/\/loanstar.com\/no\/cookies\/\"]}]},{\"@type\":\"BreadcrumbList\",\"@id\":\"https:\/\/loanstar.com\/no\/cookies\/#breadcrumb\",\"itemListElement\":[{\"@type\":\"ListItem\",\"position\":1,\"name\":\"Norge\",\"item\":\"https:\/\/loanstar.com\/no\/\"},{\"@type\":\"ListItem\",\"position\":2,\"name\":\"Cookies\"}]},{\"@type\":\"WebSite\",\"@id\":\"https:\/\/loanstar.com\/no\/#website\",\"url\":\"https:\/\/loanstar.com\/no\/\",\"name\":\"LoanStar Norge\",\"description\":\"Finn billig forbruksl\u00e5n, sm\u00e5l\u00e5n og refinansiering av gjeld\",\"potentialAction\":[{\"@type\":\"SearchAction\",\"target\":{\"@type\":\"EntryPoint\",\"urlTemplate\":\"https:\/\/loanstar.com\/no\/?s={search_term_string}\"},\"query-input\":\"required name=search_term_string\"}],\"inLanguage\":\"nb-NO\"}]}<\/script>\n<!-- \/ Yoast SEO plugin. -->","yoast_head_json":{"title":"Cookies - LoanStar Norge 2026","description":"For \u00e5 gi deg en god opplevelse p\u00e5 dette nettstedet. Vi bruker informasjonskapsler av forskjellige grunner detaljert nedenfor.","robots":{"index":"noindex","follow":"follow"},"og_locale":"nb_NO","og_type":"article","og_title":"Cookies - LoanStar Norge 2026","og_description":"For \u00e5 gi deg en god opplevelse p\u00e5 dette nettstedet. Vi bruker informasjonskapsler av forskjellige grunner detaljert nedenfor.","og_url":"https:\/\/loanstar.com\/no\/cookies\/","og_site_name":"LoanStar Norge","article_modified_time":"2018-11-14T13:07:18+00:00","twitter_card":"summary_large_image","twitter_misc":{"Ansl. lesetid":"6 minutter"},"schema":{"@context":"https:\/\/schema.org","@graph":[{"@type":"WebPage","@id":"https:\/\/loanstar.com\/no\/cookies\/","url":"https:\/\/loanstar.com\/no\/cookies\/","name":"Cookies - LoanStar Norge 2026","isPartOf":{"@id":"https:\/\/loanstar.com\/no\/#website"},"datePublished":"2018-10-24T10:51:15+00:00","dateModified":"2018-11-14T13:07:18+00:00","description":"For \u00e5 gi deg en god opplevelse p\u00e5 dette nettstedet. Vi bruker informasjonskapsler av forskjellige grunner detaljert nedenfor.","breadcrumb":{"@id":"https:\/\/loanstar.com\/no\/cookies\/#breadcrumb"},"inLanguage":"nb-NO","potentialAction":[{"@type":"ReadAction","target":["https:\/\/loanstar.com\/no\/cookies\/"]}]},{"@type":"BreadcrumbList","@id":"https:\/\/loanstar.com\/no\/cookies\/#breadcrumb","itemListElement":[{"@type":"ListItem","position":1,"name":"Norge","item":"https:\/\/loanstar.com\/no\/"},{"@type":"ListItem","position":2,"name":"Cookies"}]},{"@type":"WebSite","@id":"https:\/\/loanstar.com\/no\/#website","url":"https:\/\/loanstar.com\/no\/","name":"LoanStar Norge","description":"Finn billig forbruksl\u00e5n, sm\u00e5l\u00e5n og refinansiering av gjeld","potentialAction":[{"@type":"SearchAction","target":{"@type":"EntryPoint","urlTemplate":"https:\/\/loanstar.com\/no\/?s={search_term_string}"},"query-input":"required name=search_term_string"}],"inLanguage":"nb-NO"}]}},"_links":{"self":[{"href":"https:\/\/loanstar.com\/no\/wp-json\/wp\/v2\/pages\/344"}],"collection":[{"href":"https:\/\/loanstar.com\/no\/wp-json\/wp\/v2\/pages"}],"about":[{"href":"https:\/\/loanstar.com\/no\/wp-json\/wp\/v2\/types\/page"}],"author":[{"embeddable":true,"href":"https:\/\/loanstar.com\/no\/wp-json\/wp\/v2\/users\/1"}],"replies":[{"embeddable":true,"href":"https:\/\/loanstar.com\/no\/wp-json\/wp\/v2\/comments?post=344"}],"version-history":[{"count":1,"href":"https:\/\/loanstar.com\/no\/wp-json\/wp\/v2\/pages\/344\/revisions"}],"predecessor-version":[{"id":345,"href":"https:\/\/loanstar.com\/no\/wp-json\/wp\/v2\/pages\/344\/revisions\/345"}],"wp:attachment":[{"href":"https:\/\/loanstar.com\/no\/wp-json\/wp\/v2\/media?parent=344"}],"curies":[{"name":"wp","href":"https:\/\/api.w.org\/{rel}","templated":true}]}}