{"id":25,"date":"2018-09-07T11:28:02","date_gmt":"2018-09-07T11:28:02","guid":{"rendered":"http:\/\/loanstar.com\/norway\/?page_id=25"},"modified":"2020-02-05T12:29:31","modified_gmt":"2020-02-05T11:29:31","slug":"forbrukslan","status":"publish","type":"page","link":"https:\/\/loanstar.com\/no\/lane-penger\/forbrukslan\/","title":{"rendered":"Forbruksl\u00e5n"},"content":{"rendered":"<h2>Fakta og informasjon om forbruksl\u00e5n \u2013 l\u00e5n uten sikkerhet<\/h2>\n<p>Ved utgangen av 2017 satt nordmenn med totalt 100 milliarder kroner i forbruksl\u00e5n og markedet hadde gjennomg\u00e5tt en vekst p\u00e5 13.2 % i \u00e5ret som var g\u00e5tt. Det er kanskje ikke s\u00e5 rart at Norge regnes som et popul\u00e6rt omr\u00e5de for akt\u00f8rer som l\u00e5ner ut penger uten sikkerhet. Fordelen med at det finnes s\u00e5 mange som tilbyr denne l\u00e5netypen er at l\u00e5nevilk\u00e5rene blir stadig bedre. Konkurranse er alltid gunstig for deg som l\u00e5ntaker.<\/p>\n<p>Ulempen med valgalternativer er selvf\u00f8lgelig at det blir vanskeligere \u00e5 skaffe seg en god oversikt. Du vet kanskje ikke n\u00f8yaktig hva du skal se etter n\u00e5r du skal velge en tilbyder av forbruksl\u00e5n? Vi har skrevet denne artikkelen for \u00e5 gi deg en grundig oversikt over de viktigste aspektene ved l\u00e5n uten sikkerhet.<\/p>\n<p>Det f\u00f8rste, og viktigste, du b\u00f8r vite om forbruksl\u00e5n er at dette er et l\u00e5n uten sikkerhet. Det betyr i praksis at kreditor, alts\u00e5 den som l\u00e5ner deg pengene, ikke stiller krav til pant n\u00e5r l\u00e5neavtalen skal inng\u00e5s. Risikoen dette medf\u00f8rer tar l\u00e5ngiver igjen i renten, som ligger betraktelig h\u00f8yere enn p\u00e5 l\u00e5n med sikkerhet. I et boligl\u00e5n tas det eksempelvis sikkerhet i boligen du kj\u00f8per for de l\u00e5nte pengene, og renten kan derfor settes lavt. Slik er det ikke med forbruksl\u00e5n.<\/p>\n<p><img decoding=\"async\" loading=\"lazy\" class=\"alignleft wp-image-38\" src=\"http:\/\/loanstar.com\/norway\/wp-content\/uploads\/sites\/2\/2018\/09\/ill_gen_3.svg\" alt=\"Kostnader-ved-et-forbruksl\u00e5n\" width=\"312\" height=\"150\" \/><\/p>\n<h2>Kostnader ved et forbruksl\u00e5n<\/h2>\n<p>Med h\u00f8yere usikkerhet for l\u00e5ngiver blir l\u00e5net dyrere, og forbruksl\u00e5n har tre hovedkostnader du b\u00f8r kjenne til.<\/p>\n<p>Kostnad nummer \u00e9n er etableringsgebyret. Dette er et engangsbel\u00f8p som legges til l\u00e5nebel\u00f8pet, og er et gebyr l\u00e5ngiver tar for \u00e5 foreta det administrative med \u00e5 opprette l\u00e5neavtalen.<\/p>\n<p>Kostnad nummer to er termingebyret. Dette er en m\u00e5nedlig kostnad, som trekkes i forbindelse med avdragene dine. Termingebyret kalles ogs\u00e5 for et administrasjonsgebyr og ligger normalt p\u00e5 mellom 30 og 50 kroner.<\/p>\n<p>Til sist kommer renten, som ogs\u00e5 er den absolutt st\u00f8rste kostnaden ved forbruksl\u00e5n. Det som kalles den nominelle renten er den renten banken eller finansinstitusjonen tar som betaling for l\u00e5net. Den effektive renten best\u00e5r av den nominelle renten pluss etableringsgebyret og termingebyret. N\u00e5r du skal sammenligne l\u00e5n eller se p\u00e5 hva l\u00e5net faktisk koster deg, b\u00f8r du alltid g\u00e5 ut fra den effektive renten. Denne har samtlige l\u00e5nekostnader inkludert.<\/p>\n\t<div class=\"block-box\" data-color=\"green\">\r\n\t\t\t\t\t<a href=\"#\"><\/a>\r\n\t\t\r\n\t\t\t\t\t<div class=\"block__image\">\r\n\t\t\t\t<img src=\"http:\/\/loanstar.com\/norway\/wp-content\/uploads\/sites\/2\/2018\/09\/ico-section-description-img-3.svg\">\r\n\t\t\t<\/div>\r\n\t\t\r\n\t\t<div class=\"block__body\">\r\n\t\t\t\t\t\t\t<h5>Tips!<\/h5>\r\n\t\t\t\r\n\t\t\t\t\t\t\t<p>Les om skattefradrag p\u00e5 forbruksl\u00e5n<\/p>\n\t\t\t\r\n\t\t\t<i class=\"ico-popup ico-popup--green\"><\/i>\r\n\t\t<\/div>\r\n\t<\/div>\r\n\t\n<h3>Hvor h\u00f8y er egentlig renten p\u00e5 l\u00e5n uten sikkerhet?<\/h3>\n<p>N\u00e5r l\u00e5ngiver innvilger et forbruksl\u00e5n tas det som nevnt en stor risiko. Dette kommer til uttrykk i form av en h\u00f8y effektiv rente. Gjennomsnittlig effektiv rente p\u00e5 et forbruksl\u00e5n ligger et sted mellom 15 og 20 %.<\/p>\n<p>Forbruksl\u00e5n er alts\u00e5 kostbare, og noe av det viktigste du kan gj\u00f8re er \u00e5 lete etter et l\u00e5n med s\u00e5 lav rente som mulig. Enkelte l\u00e5ngivere reklamerer med en rente helt ned i 10 %. Husk imidlertid p\u00e5 at renten fastsettes p\u00e5 individuell basis og at det dermed ikke er noen automatikk i at du f\u00e5r tilbud om bankens laveste rentesats.<\/p>\n<h3>Nedbetalingstiden p\u00e5virker l\u00e5nekostnaden<\/h3>\n<p>Det er ikke bare renter og gebyrer som p\u00e5virker hvor dyrt et forbruksl\u00e5n blir. Nedbetalingstiden har ogs\u00e5 mye \u00e5 si. Det kommer av at denne formen for l\u00e5n fungerer p\u00e5 samme m\u00e5te som et annuitetsl\u00e5n. I annuitetsl\u00e5n beregnes den effektive renten ut fra det resterende l\u00e5nebel\u00f8pet ved hver termin (m\u00e5ned). Med en lengre nedbetalingsperiode kalkuleres renten flere ganger, og n\u00e5r renten ligger h\u00f8yt i utgangspunktet medf\u00f8rer dette et dyrere l\u00e5n.<\/p>\n<p>Dersom du l\u00e5ner 150.000 kroner til en effektiv rente p\u00e5 16,08 % over 5 \u00e5r vil kostnaden ende p\u00e5 214.111 kroner. \u00d8ker du derimot nedbetalingstiden til 10 \u00e5r vil kostnaden for det samme l\u00e5net bli 290.405 kr. Nedbetalingstiden har alts\u00e5 stor innvirkning p\u00e5 totalkostnaden av forbruksl\u00e5net.<\/p>\n<p>Dette er bakgrunnen til at \u00f8konomieksperter anbefaler at man bruker feriepenger og skattepenger til \u00e5 betale inn ekstra p\u00e5 usikrede l\u00e5n. Dersom man kan fremskynde tilbakebetalingen av l\u00e5net vil dette v\u00e6re gunstig i det lange l\u00f8p.<\/p>\n<h2>Bruksomr\u00e5de for l\u00e5n uten sikkerhet<\/h2>\n<p><img decoding=\"async\" class=\"alignright size-full wp-image-41\" src=\"http:\/\/loanstar.com\/no\/wp-content\/uploads\/sites\/2\/2018\/09\/ill_gen_4.svg\" alt=\"\" width=\"312\" \/>Selv om navnet tilsier at l\u00e5netypen bare skal brukes til generelt forbruk er dette p\u00e5 ingen m\u00e5te tilfellet. De aller fleste som tar opp et forbruksl\u00e5n gj\u00f8r det fordi det er enklere enn \u00e5 spare opp til store bel\u00f8p over lengre tid.<\/p>\n<p>Oppussing er det st\u00f8rste l\u00e5neform\u00e5let blant norske l\u00e5ntakere. Nest kommer refinansiering av dyrere sm\u00e5gjeld, som sm\u00e5l\u00e5n eller kredittkortgjeld. Og deretter kommer de som bruker forbruksl\u00e5n til \u00e5 kj\u00f8pe bil eller b\u00e5t.<\/p>\n<p>Statistikken viser faktisk at det kun er 12 % av l\u00e5nepengene som brukes til innkj\u00f8p av rene forbruksvarer, som kl\u00e6r, smarttelefoner eller feriereiser.\u00a0Det er heller ikke s\u00e5 uvanlig \u00e5 bruke l\u00e5netypen til \u00e5 finansiere st\u00f8rre, uforutsette utgifter, som n\u00e5r for eksempel hvitevarer havarerer. Felles for samtlige l\u00e5n uten sikkerhet er at ingen sp\u00f8r deg om hva du skal bruke pengene til. Det er helt og holdent opp til deg.<\/p>\n\t<div class=\"block-box\" data-color=\"orange\">\r\n\t\t\t\t\t<a href=\"#\"><\/a>\r\n\t\t\r\n\t\t\t\t\t<div class=\"block__image\">\r\n\t\t\t\t<img src=\"http:\/\/loanstar.com\/norway\/wp-content\/uploads\/sites\/2\/2018\/09\/ico-section-description-img-3.svg\">\r\n\t\t\t<\/div>\r\n\t\t\r\n\t\t<div class=\"block__body\">\r\n\t\t\t\t\t\t\t<h5>S\u00f8k Lendo Forbruksl\u00e5n<\/h5>\r\n\t\t\t\r\n\t\t\t\t\t\t\t<p>V\u00e5r erfaring viser at hos Lendo har du h\u00f8y sannsynlighet for \u00e5 f\u00e5 den laveste renten <\/p>\n\t\t\t\r\n\t\t\t<i class=\"ico-popup ico-popup--orange\"><\/i>\r\n\t\t<\/div>\r\n\t<\/div>\r\n\t\n<h2>Forbruksl\u00e5n til refinansiering av annen gjeld<\/h2>\n<p>Norge ligger i verdenstoppen n\u00e5r det kommer til usikret gjeld &#8211; i forbruksl\u00e5n, sm\u00e5l\u00e5n og kredittkortgjeld. Dersom man sitter med l\u00e5n hos mange forskjellige akt\u00f8rer er det lett \u00e5 miste oversikten. Videre er det dyrt \u00e5 betjene flere l\u00e5n med h\u00f8y rente og gebyrer.<\/p>\n<p>Personer som f\u00f8ler de har havnet i en uoversiktlig \u00f8konomisk situasjon velger ofte \u00e5 refinansiere. Dette betyr at man tar opp et st\u00f8rre og billigere l\u00e5n, og bruker l\u00e5nebel\u00f8pet til \u00e5 innfri de andre gjeldspostene sine. Dermed f\u00e5r du kun \u00e9n l\u00e5ngiver \u00e5 forholde deg til, betaler kun ett terminbel\u00f8p i m\u00e5neden og forh\u00e5pentligvis ogs\u00e5 en lavere rente. \u00c5 samle gjelden, dersom du har mulighet for dette, er absolutt l\u00f8nnsomt.<\/p>\n<p>L\u00e5ngivere som spesialiserer seg p\u00e5 <a href=\"http:\/\/loanstar.com\/no\/lane-penger\/refinansiering\/\">forbruksl\u00e5n til refinansiering<\/a> hjelper deg med \u00e5 innfri de andre l\u00e5nene dine. Dette er et gunstig system. Du slipper \u00e5 rydde opp i alle gjeldspostene dine, og i tillegg faller du ikke for fristelsen til \u00e5 bruke pengene p\u00e5 noe annet enn refinansieringen.<\/p>\n<h2>St\u00f8rrelsen p\u00e5 l\u00e5net<\/h2>\n<p>For \u00e5 skille seg ut i mengden gir gjerne ulike akt\u00f8rer forbruksl\u00e5net de tilbyr ulike navn. I utgangspunktet tilbys l\u00e5n uten sikkerhet p\u00e5 mellom 1000 og 500.000 kroner.<\/p>\n<p><img decoding=\"async\" class=\"size-full wp-image-253 aligncenter\" src=\"http:\/\/loanstar.com\/no\/wp-content\/uploads\/sites\/2\/2018\/09\/ill_gen_2.svg\" alt=\"\" width=\"312\" \/><\/p>\n<p>L\u00e5ner du fra 1000 kroner og opptil 5000 kroner kalles dette gjerne for et mikrol\u00e5n. L\u00e5n p\u00e5 mellom 5000 og 70.000 kroner har blitt d\u00f8pt til <a href=\"http:\/\/loanstar.com\/no\/lane-penger\/smalan\/\">sm\u00e5l\u00e5n.<\/a>\u00a0De store usikrede l\u00e5nene, p\u00e5 mellom 80.000 og 500.000 kroner refereres til som forbruksl\u00e5n. I prinsippet er imidlertid alle l\u00e5nene helt like med tanke p\u00e5 at de alle innvilges uten sikkerhet.<\/p>\n<p>Tommelfingerregelen med hensyn til forbruksl\u00e5n er at du aldri b\u00f8r l\u00e5ne mer penger enn du trenger. Sett opp et skikkelig budsjett i forkant av s\u00f8knadsprosessen, slik at du unng\u00e5r \u00e5 ta opp et st\u00f8rre l\u00e5n enn n\u00f8dvendig. Det er viktig \u00e5 huske p\u00e5 hvor kostbare l\u00e5n uten sikkerhet er, og legge opp til et s\u00e5 lite l\u00e5n som mulig, med den raskeste nedbetalingstiden som er realistisk for din privat\u00f8konomi.<\/p>\n<h3>Dette b\u00f8r du tenke p\u00e5 f\u00f8r du l\u00e5ner penger<\/h3>\n<p>Det kan v\u00e6re mange grunner til at du \u00f8nsker \u00e5 ta opp et forbruksl\u00e5n. Her kommer tips til noen tanker du b\u00f8r gj\u00f8re deg f\u00f8r du s\u00f8ker.<br \/>\n\t<div class=\"list-ticks-secondary\">\r\n\t\t<ul>\n<li>\u00d8nsker jeg meg virkelig det jeg skal bruke pengene til?<\/li>\n<li>Hvor stort avdrag har jeg mulighet til \u00e5 betale hver m\u00e5ned?<\/li>\n<li>Hvor lang nedbetalingstid \u00f8nsker jeg?<\/li>\n<li>Kan jeg spare i stedet for \u00e5 l\u00e5ne, eller m\u00e5 jeg ha pengene n\u00e5?<\/li>\n<li>Kan jeg betjene l\u00e5net selv om jeg blir syk eller arbeidsledig?<\/li>\n<\/ul>\n\t<\/div><!-- \/.list-ticks -->\r\n\t\n<p>Et l\u00e5n skal tilbakebetales uansett hvordan du har brukt pengene, og uansett hvordan den \u00f8konomiske situasjonen din blir seende ut i fremtiden. Derfor skal du v\u00e6re helt sikker p\u00e5 at du kan takle forbruksl\u00e5net du vurderer \u00e5 p\u00e5ta deg. Husk \u00e5 sjekke vilk\u00e5rene for avdragsfrie m\u00e5neder og muligheten for en eventuell betalingsforsikring hos l\u00e5ngiverne du vurderer.<\/p>\n<h2>S\u00f8knadsprosessen ved forbruksl\u00e5n<img decoding=\"async\" loading=\"lazy\" class=\"alignright wp-image-246 size-full\" src=\"http:\/\/loanstar.com\/no\/wp-content\/uploads\/sites\/2\/2018\/09\/ill_body_14.svg\" alt=\"S\u00f8knadsprosessen-ved-forbruksl\u00e5n\" width=\"312\" height=\"150\" \/><\/h2>\n<p>Du har bestemt deg for at du skal l\u00e5ne penger og laget deg et budsjett s\u00e5 du ser hvor mye du har mulighet til \u00e5 tilbakebetale hver m\u00e5ned. N\u00e5 har tiden kommet for \u00e5 s\u00f8ke. Det er lurt \u00e5 s\u00f8ke hos flere akt\u00f8rer slik at du kan sammenligne tilbudene du mottar og velge det som er best.<\/p>\n<p>Du kan lete deg gjennom markedet p\u00e5 egen h\u00e5nd eller du kan be en l\u00e5neformidler om hjelp. L\u00e5neformidlere tilbyr gratis sammenligningstjenester der du via en s\u00f8knad sender foresp\u00f8rsel om l\u00e5n til flere banker samtidig.<\/p>\n<p>Tjenesten gj\u00f8r s\u00f8knadsprosessen en hel del enklere og sparer deg for mye tid. Den finansieres ogs\u00e5 av l\u00e5ngiverne. Alts\u00e5 slipper du \u00e5 betale for \u00e5 fremskaffe flere l\u00e5netilbud med \u00e9n s\u00f8knad. De fleste l\u00e5neformidlere samarbeider med en rekke banker, ofte s\u00e5 mange som femten. N\u00e5r s\u00e5 mange banker konkurrerer om \u00e5 gi deg et godt tilbud, er sjansene store for at du ender opp med et gunstig l\u00e5n. I tillegg slipper du \u00e5 gj\u00f8re den kjedeligste delen av s\u00f8knadsjobben selv.<\/p>\n<p>For \u00e5 f\u00e5 s\u00f8knaden din vurdert m\u00e5 du oppfylle visse minstekrav. Disse gjelder alder, bosted, inntekt og betalingshistorikk. Alle banker og l\u00e5ngivere har sine egne varianter av kravene. Du m\u00e5 v\u00e6re minst 18 \u00e5r for \u00e5 s\u00f8ke om forbruksl\u00e5n, men ofte ligger alderskravet noe h\u00f8yere. Videre m\u00e5 du ha adresse i Norge, samt en fast jobb som gir deg inntekt du kan betjene l\u00e5nebel\u00f8pet med.<\/p>\n<p>Hvor lenge du m\u00e5 ha v\u00e6rt registrert som bosatt i Norge varierer og det gj\u00f8r ogs\u00e5 kravet om inntekt. Hos noen akt\u00f8rer kan du tjene s\u00e5 lite som 120.000 kroner i \u00e5ret, mens hos andre ligger inntektsgrensen langt h\u00f8yere. Videre m\u00e5 du ha en god betalingshistorikk. Aktive inkassosaker eller betalingsanmerkninger gj\u00f8r deg lite attraktiv som l\u00e5ns\u00f8ker.<\/p>\n<h3>Kredittsjekk og din betalingsevne<\/h3>\n<p>N\u00e5r du s\u00f8ker om l\u00e5n, uansett om det er med eller uten sikkerhet, vil det gjennomf\u00f8res en kredittsjekk av deg. Det betyr at l\u00e5ngiverne du har s\u00f8kt hos uthenter kredittopplysningene dine for \u00e5 vurdere betalingsevnen din. Ligningen din blir sjekket tre \u00e5r tilbake i tid, og bankene er spesielt interesserte i inntekt, samt den eksisterende gjelden du sitter med.<\/p>\n<p>Er du registrert med en\u00a0<a href=\"https:\/\/lp.bisnode.no\/kredittsjekk?gclid=EAIaIQobChMI1_6L-PK_3gIVgsCyCh2r3wlnEAAYASAAEgLhWfD_BwE\" target=\"_blank\" rel=\"noopener noreferrer\">betalingsanmerkning<\/a> vil du ikke f\u00e5 tilbud om et l\u00e5n uten sikkerhet. Det finnes imidlertid noen f\u00e5 banker som kan hjelpe deg dersom m\u00e5let med l\u00e5net er refinansiering. Hos disse akt\u00f8rene m\u00e5 du da kunne tilby sikkerhet i bolig.<\/p>\n<p>Kredittvurderingen brukes ogs\u00e5 til \u00e5 fastsette rentetilbudet ditt. Dette gj\u00f8res alltid p\u00e5 individuell basis og det er alts\u00e5 kredittopplysningene som utgj\u00f8r utgangspunktet for beregningen. Husk p\u00e5 at du ikke alltid vil f\u00e5 tilbud om det fulle l\u00e5nebel\u00f8pet du har \u00f8nsket deg. L\u00e5nerammen du f\u00e5r tilbud om avhenger av bankens vurdering av din betalingsevne.<\/p>\n<p>N\u00e5r l\u00e5ngiver uthenter kredittopplysningene dine vil de ogs\u00e5 motta en poengsum som kalles for en kredittscore fra byr\u00e5et de bruker. Denne sier noe om hvor sannsynlig det er at du vil p\u00e5dra deg en betalingsanmerkning i l\u00f8pet av de neste tolv m\u00e5nedene. Kredittscoren din har mye \u00e5 si for hvilke vilk\u00e5r du f\u00e5r tilbud om p\u00e5 et eventuelt l\u00e5n.<\/p>\n<h3>Innvilgelse av l\u00e5n og utbetaling av penger<\/h3>\n<p>N\u00e5r du har sendt inn s\u00f8knaden din og f\u00e5tt den behandlet kan du velge mellom l\u00e5netilbudene du har mottatt. Her blir effektiv rente den viktigste faktoren \u00e5 sammenligne etter, men husk ogs\u00e5 p\u00e5 at nedbetalingstiden har mye \u00e5 si for totalkostnaden p\u00e5 l\u00e5net. Samtlige tilbud du mottar er helt uforpliktende.<\/p>\n<p>Du takker ja til l\u00e5net ved \u00e5 signere digitalt med BankID. Da slipper du \u00e5 sende sensitive opplysninger via post og utbetalingen g\u00e5r raskere. N\u00e5r banken har verifisert identiteten din og godkjent eventuell ekstradokumentasjon blir l\u00e5net utbetalt til bankkontoen din.<\/p>\n","protected":false},"excerpt":{"rendered":"<p>Fakta og informasjon om forbruksl\u00e5n \u2013 l\u00e5n uten sikkerhet Ved utgangen av 2017 satt nordmenn med totalt 100 milliarder kroner&#8230;<\/p>\n","protected":false},"author":1,"featured_media":0,"parent":109,"menu_order":0,"comment_status":"closed","ping_status":"closed","template":"templates\/calculator-follow-up.php","meta":{"footnotes":""},"yoast_head":"<!-- This site is optimized with the Yoast SEO plugin v21.0 - https:\/\/yoast.com\/wordpress\/plugins\/seo\/ -->\n<title>Finn billig forbruksl\u00e5n - L\u00e5n opptil 600.000kr uten sikkerhet - LoanStar 2026<\/title>\n<meta name=\"description\" content=\"Ser du etter et rimelig l\u00e5n uten sikkerhet s\u00e5 f\u00e5r de du beste forbruksl\u00e5n p\u00e5 en side hos LoanStar. Vi oppdater daglig de beste tilbud p\u00e5 forbruksl\u00e5n i Norge\" \/>\n<meta name=\"robots\" content=\"index, follow, max-snippet:-1, max-image-preview:large, max-video-preview:-1\" \/>\n<link rel=\"canonical\" href=\"https:\/\/loanstar.com\/no\/lane-penger\/forbrukslan\/\" \/>\n<meta property=\"og:locale\" content=\"nb_NO\" \/>\n<meta property=\"og:type\" content=\"article\" \/>\n<meta property=\"og:title\" content=\"Finn billig forbruksl\u00e5n - L\u00e5n opptil 600.000kr uten sikkerhet - LoanStar 2026\" \/>\n<meta property=\"og:description\" content=\"Ser du etter et rimelig l\u00e5n uten sikkerhet s\u00e5 f\u00e5r de du beste forbruksl\u00e5n p\u00e5 en side hos LoanStar. Vi oppdater daglig de beste tilbud p\u00e5 forbruksl\u00e5n i Norge\" \/>\n<meta property=\"og:url\" content=\"https:\/\/loanstar.com\/no\/lane-penger\/forbrukslan\/\" \/>\n<meta property=\"og:site_name\" content=\"LoanStar Norge\" \/>\n<meta property=\"article:modified_time\" content=\"2020-02-05T11:29:31+00:00\" \/>\n<meta property=\"og:image\" content=\"http:\/\/loanstar.com\/norway\/wp-content\/uploads\/sites\/2\/2018\/09\/ill_gen_3.svg\" \/>\n<meta name=\"twitter:card\" content=\"summary_large_image\" \/>\n<meta name=\"twitter:label1\" content=\"Ansl. lesetid\" \/>\n\t<meta name=\"twitter:data1\" content=\"11 minutter\" \/>\n<script type=\"application\/ld+json\" class=\"yoast-schema-graph\">{\"@context\":\"https:\/\/schema.org\",\"@graph\":[{\"@type\":\"WebPage\",\"@id\":\"https:\/\/loanstar.com\/no\/lane-penger\/forbrukslan\/\",\"url\":\"https:\/\/loanstar.com\/no\/lane-penger\/forbrukslan\/\",\"name\":\"Finn billig forbruksl\u00e5n - L\u00e5n opptil 600.000kr uten sikkerhet - LoanStar 2026\",\"isPartOf\":{\"@id\":\"https:\/\/loanstar.com\/no\/#website\"},\"datePublished\":\"2018-09-07T11:28:02+00:00\",\"dateModified\":\"2020-02-05T11:29:31+00:00\",\"description\":\"Ser du etter et rimelig l\u00e5n uten sikkerhet s\u00e5 f\u00e5r de du beste forbruksl\u00e5n p\u00e5 en side hos LoanStar. Vi oppdater daglig de beste tilbud p\u00e5 forbruksl\u00e5n i Norge\",\"breadcrumb\":{\"@id\":\"https:\/\/loanstar.com\/no\/lane-penger\/forbrukslan\/#breadcrumb\"},\"inLanguage\":\"nb-NO\",\"potentialAction\":[{\"@type\":\"ReadAction\",\"target\":[\"https:\/\/loanstar.com\/no\/lane-penger\/forbrukslan\/\"]}]},{\"@type\":\"BreadcrumbList\",\"@id\":\"https:\/\/loanstar.com\/no\/lane-penger\/forbrukslan\/#breadcrumb\",\"itemListElement\":[{\"@type\":\"ListItem\",\"position\":1,\"name\":\"Norge\",\"item\":\"https:\/\/loanstar.com\/no\/\"},{\"@type\":\"ListItem\",\"position\":2,\"name\":\"L\u00e5ne penger\",\"item\":\"https:\/\/loanstar.com\/no\/lane-penger\/\"},{\"@type\":\"ListItem\",\"position\":3,\"name\":\"Forbruksl\u00e5n\"}]},{\"@type\":\"WebSite\",\"@id\":\"https:\/\/loanstar.com\/no\/#website\",\"url\":\"https:\/\/loanstar.com\/no\/\",\"name\":\"LoanStar Norge\",\"description\":\"Finn billig forbruksl\u00e5n, sm\u00e5l\u00e5n og refinansiering av gjeld\",\"potentialAction\":[{\"@type\":\"SearchAction\",\"target\":{\"@type\":\"EntryPoint\",\"urlTemplate\":\"https:\/\/loanstar.com\/no\/?s={search_term_string}\"},\"query-input\":\"required name=search_term_string\"}],\"inLanguage\":\"nb-NO\"}]}<\/script>\n<!-- \/ Yoast SEO plugin. -->","yoast_head_json":{"title":"Finn billig forbruksl\u00e5n - L\u00e5n opptil 600.000kr uten sikkerhet - LoanStar 2026","description":"Ser du etter et rimelig l\u00e5n uten sikkerhet s\u00e5 f\u00e5r de du beste forbruksl\u00e5n p\u00e5 en side hos LoanStar. Vi oppdater daglig de beste tilbud p\u00e5 forbruksl\u00e5n i Norge","robots":{"index":"index","follow":"follow","max-snippet":"max-snippet:-1","max-image-preview":"max-image-preview:large","max-video-preview":"max-video-preview:-1"},"canonical":"https:\/\/loanstar.com\/no\/lane-penger\/forbrukslan\/","og_locale":"nb_NO","og_type":"article","og_title":"Finn billig forbruksl\u00e5n - L\u00e5n opptil 600.000kr uten sikkerhet - LoanStar 2026","og_description":"Ser du etter et rimelig l\u00e5n uten sikkerhet s\u00e5 f\u00e5r de du beste forbruksl\u00e5n p\u00e5 en side hos LoanStar. Vi oppdater daglig de beste tilbud p\u00e5 forbruksl\u00e5n i Norge","og_url":"https:\/\/loanstar.com\/no\/lane-penger\/forbrukslan\/","og_site_name":"LoanStar Norge","article_modified_time":"2020-02-05T11:29:31+00:00","og_image":[{"url":"http:\/\/loanstar.com\/norway\/wp-content\/uploads\/sites\/2\/2018\/09\/ill_gen_3.svg"}],"twitter_card":"summary_large_image","twitter_misc":{"Ansl. lesetid":"11 minutter"},"schema":{"@context":"https:\/\/schema.org","@graph":[{"@type":"WebPage","@id":"https:\/\/loanstar.com\/no\/lane-penger\/forbrukslan\/","url":"https:\/\/loanstar.com\/no\/lane-penger\/forbrukslan\/","name":"Finn billig forbruksl\u00e5n - L\u00e5n opptil 600.000kr uten sikkerhet - LoanStar 2026","isPartOf":{"@id":"https:\/\/loanstar.com\/no\/#website"},"datePublished":"2018-09-07T11:28:02+00:00","dateModified":"2020-02-05T11:29:31+00:00","description":"Ser du etter et rimelig l\u00e5n uten sikkerhet s\u00e5 f\u00e5r de du beste forbruksl\u00e5n p\u00e5 en side hos LoanStar. Vi oppdater daglig de beste tilbud p\u00e5 forbruksl\u00e5n i Norge","breadcrumb":{"@id":"https:\/\/loanstar.com\/no\/lane-penger\/forbrukslan\/#breadcrumb"},"inLanguage":"nb-NO","potentialAction":[{"@type":"ReadAction","target":["https:\/\/loanstar.com\/no\/lane-penger\/forbrukslan\/"]}]},{"@type":"BreadcrumbList","@id":"https:\/\/loanstar.com\/no\/lane-penger\/forbrukslan\/#breadcrumb","itemListElement":[{"@type":"ListItem","position":1,"name":"Norge","item":"https:\/\/loanstar.com\/no\/"},{"@type":"ListItem","position":2,"name":"L\u00e5ne penger","item":"https:\/\/loanstar.com\/no\/lane-penger\/"},{"@type":"ListItem","position":3,"name":"Forbruksl\u00e5n"}]},{"@type":"WebSite","@id":"https:\/\/loanstar.com\/no\/#website","url":"https:\/\/loanstar.com\/no\/","name":"LoanStar Norge","description":"Finn billig forbruksl\u00e5n, sm\u00e5l\u00e5n og refinansiering av gjeld","potentialAction":[{"@type":"SearchAction","target":{"@type":"EntryPoint","urlTemplate":"https:\/\/loanstar.com\/no\/?s={search_term_string}"},"query-input":"required name=search_term_string"}],"inLanguage":"nb-NO"}]}},"_links":{"self":[{"href":"https:\/\/loanstar.com\/no\/wp-json\/wp\/v2\/pages\/25"}],"collection":[{"href":"https:\/\/loanstar.com\/no\/wp-json\/wp\/v2\/pages"}],"about":[{"href":"https:\/\/loanstar.com\/no\/wp-json\/wp\/v2\/types\/page"}],"author":[{"embeddable":true,"href":"https:\/\/loanstar.com\/no\/wp-json\/wp\/v2\/users\/1"}],"replies":[{"embeddable":true,"href":"https:\/\/loanstar.com\/no\/wp-json\/wp\/v2\/comments?post=25"}],"version-history":[{"count":2,"href":"https:\/\/loanstar.com\/no\/wp-json\/wp\/v2\/pages\/25\/revisions"}],"predecessor-version":[{"id":641,"href":"https:\/\/loanstar.com\/no\/wp-json\/wp\/v2\/pages\/25\/revisions\/641"}],"up":[{"embeddable":true,"href":"https:\/\/loanstar.com\/no\/wp-json\/wp\/v2\/pages\/109"}],"wp:attachment":[{"href":"https:\/\/loanstar.com\/no\/wp-json\/wp\/v2\/media?parent=25"}],"curies":[{"name":"wp","href":"https:\/\/api.w.org\/{rel}","templated":true}]}}