{"id":211,"date":"2018-09-19T20:12:18","date_gmt":"2018-09-19T20:12:18","guid":{"rendered":"http:\/\/loanstar.com\/no\/?page_id=211"},"modified":"2018-11-08T19:32:15","modified_gmt":"2018-11-08T18:32:15","slug":"om-oss","status":"publish","type":"page","link":"https:\/\/loanstar.com\/no\/om-oss\/","title":{"rendered":"Om oss"},"content":{"rendered":"<h5>Loanstar er en sammenligningsside for forbruksl\u00e5n, sm\u00e5l\u00e5n, refinansiering, bil\u00e5n og boligl\u00e5n for det norske markedet.<\/h5>\n<p>Vi hjelper v\u00e5re brukere \u00e5 finne det beste alternativet for finansiering utifra deres bruk. Vi lar v\u00e5re brukere enkelt s\u00f8ke etter \u00f8nsket l\u00e5nebel\u00f8p og lister opp de beste alternativene med den laveste renten.<\/p>\n<p>Loanstar er en kommersielt satsning fra Digital Takeover LTD<\/p>\n<p>Loanstar tilbyr ikke finansiering selv, men anbefaler brukere videre til det beste alternativet for deres s\u00f8k.<\/p>\n<p>Alle sp\u00f8rsm\u00e5l vedr\u00f8rende tjenesten kan rettes til Loanstar.com sin redaksjon.<\/p>\n<h6>Hvorfor b\u00f8r du bruke Loanstar.com<\/h6>\n\t<div class=\"list-ticks-secondary\">\r\n\t\t<ul>\n<li>Tjenesten er helt gratis. Vi f\u00e5r kun betaling ved \u00e5 henvise kunder videre til v\u00e5re samarbeidspartnere.<\/li>\n<li>Vi er en uavhengig akt\u00f8r og har ingen egeninteresser i de l\u00e5n og tilbud vi presenterer p\u00e5 v\u00e5re sider.<\/li>\n<li>Vi gir en rask og trygg oversikt over mulighetene p\u00e5 det norske markedet. Alle s\u00f8knader er helt uforpliktende.<\/li>\n<\/ul>\n\t<\/div><!-- \/.list-ticks -->\r\n\t\n","protected":false},"excerpt":{"rendered":"<p>Loanstar er en sammenligningsside for forbruksl\u00e5n, sm\u00e5l\u00e5n, refinansiering, bil\u00e5n og boligl\u00e5n for det norske markedet. Vi hjelper v\u00e5re brukere \u00e5&#8230;<\/p>\n","protected":false},"author":1,"featured_media":0,"parent":0,"menu_order":0,"comment_status":"closed","ping_status":"closed","template":"templates\/about-us.php","meta":{"footnotes":""},"yoast_head":"<!-- This site is optimized with the Yoast SEO plugin v21.0 - https:\/\/yoast.com\/wordpress\/plugins\/seo\/ -->\n<title>Om oss - LoanStar Norge 2026<\/title>\n<meta name=\"description\" content=\"LoanStar best\u00e5r av \u00f8konomieksperter med bred kompetanse innenfor faget. Vi sammenligner og tilbyr de beste l\u00e5nene p\u00e5 markedet. Kyndig \u00f8konomisk r\u00e5dgivning\" \/>\n<meta name=\"robots\" content=\"noindex, follow\" \/>\n<meta property=\"og:locale\" content=\"nb_NO\" \/>\n<meta property=\"og:type\" content=\"article\" \/>\n<meta property=\"og:title\" content=\"Om oss - LoanStar Norge 2026\" \/>\n<meta property=\"og:description\" content=\"LoanStar best\u00e5r av \u00f8konomieksperter med bred kompetanse innenfor faget. Vi sammenligner og tilbyr de beste l\u00e5nene p\u00e5 markedet. Kyndig \u00f8konomisk r\u00e5dgivning\" \/>\n<meta property=\"og:url\" content=\"https:\/\/loanstar.com\/no\/om-oss\/\" \/>\n<meta property=\"og:site_name\" content=\"LoanStar Norge\" \/>\n<meta property=\"article:modified_time\" content=\"2018-11-08T18:32:15+00:00\" \/>\n<meta name=\"twitter:card\" content=\"summary_large_image\" \/>\n<meta name=\"twitter:label1\" content=\"Ansl. lesetid\" \/>\n\t<meta name=\"twitter:data1\" content=\"1 minutt\" \/>\n<script type=\"application\/ld+json\" class=\"yoast-schema-graph\">{\"@context\":\"https:\/\/schema.org\",\"@graph\":[{\"@type\":\"WebPage\",\"@id\":\"https:\/\/loanstar.com\/no\/om-oss\/\",\"url\":\"https:\/\/loanstar.com\/no\/om-oss\/\",\"name\":\"Om oss - LoanStar Norge 2026\",\"isPartOf\":{\"@id\":\"https:\/\/loanstar.com\/no\/#website\"},\"datePublished\":\"2018-09-19T20:12:18+00:00\",\"dateModified\":\"2018-11-08T18:32:15+00:00\",\"description\":\"LoanStar best\u00e5r av \u00f8konomieksperter med bred kompetanse innenfor faget. Vi sammenligner og tilbyr de beste l\u00e5nene p\u00e5 markedet. Kyndig \u00f8konomisk r\u00e5dgivning\",\"breadcrumb\":{\"@id\":\"https:\/\/loanstar.com\/no\/om-oss\/#breadcrumb\"},\"inLanguage\":\"nb-NO\",\"potentialAction\":[{\"@type\":\"ReadAction\",\"target\":[\"https:\/\/loanstar.com\/no\/om-oss\/\"]}]},{\"@type\":\"BreadcrumbList\",\"@id\":\"https:\/\/loanstar.com\/no\/om-oss\/#breadcrumb\",\"itemListElement\":[{\"@type\":\"ListItem\",\"position\":1,\"name\":\"Norge\",\"item\":\"https:\/\/loanstar.com\/no\/\"},{\"@type\":\"ListItem\",\"position\":2,\"name\":\"Om oss\"}]},{\"@type\":\"WebSite\",\"@id\":\"https:\/\/loanstar.com\/no\/#website\",\"url\":\"https:\/\/loanstar.com\/no\/\",\"name\":\"LoanStar Norge\",\"description\":\"Finn billig forbruksl\u00e5n, sm\u00e5l\u00e5n og refinansiering av gjeld\",\"potentialAction\":[{\"@type\":\"SearchAction\",\"target\":{\"@type\":\"EntryPoint\",\"urlTemplate\":\"https:\/\/loanstar.com\/no\/?s={search_term_string}\"},\"query-input\":\"required name=search_term_string\"}],\"inLanguage\":\"nb-NO\"}]}<\/script>\n<!-- \/ Yoast SEO plugin. -->","yoast_head_json":{"title":"Om oss - LoanStar Norge 2026","description":"LoanStar best\u00e5r av \u00f8konomieksperter med bred kompetanse innenfor faget. Vi sammenligner og tilbyr de beste l\u00e5nene p\u00e5 markedet. Kyndig \u00f8konomisk r\u00e5dgivning","robots":{"index":"noindex","follow":"follow"},"og_locale":"nb_NO","og_type":"article","og_title":"Om oss - LoanStar Norge 2026","og_description":"LoanStar best\u00e5r av \u00f8konomieksperter med bred kompetanse innenfor faget. Vi sammenligner og tilbyr de beste l\u00e5nene p\u00e5 markedet. Kyndig \u00f8konomisk r\u00e5dgivning","og_url":"https:\/\/loanstar.com\/no\/om-oss\/","og_site_name":"LoanStar Norge","article_modified_time":"2018-11-08T18:32:15+00:00","twitter_card":"summary_large_image","twitter_misc":{"Ansl. lesetid":"1 minutt"},"schema":{"@context":"https:\/\/schema.org","@graph":[{"@type":"WebPage","@id":"https:\/\/loanstar.com\/no\/om-oss\/","url":"https:\/\/loanstar.com\/no\/om-oss\/","name":"Om oss - LoanStar Norge 2026","isPartOf":{"@id":"https:\/\/loanstar.com\/no\/#website"},"datePublished":"2018-09-19T20:12:18+00:00","dateModified":"2018-11-08T18:32:15+00:00","description":"LoanStar best\u00e5r av \u00f8konomieksperter med bred kompetanse innenfor faget. Vi sammenligner og tilbyr de beste l\u00e5nene p\u00e5 markedet. Kyndig \u00f8konomisk r\u00e5dgivning","breadcrumb":{"@id":"https:\/\/loanstar.com\/no\/om-oss\/#breadcrumb"},"inLanguage":"nb-NO","potentialAction":[{"@type":"ReadAction","target":["https:\/\/loanstar.com\/no\/om-oss\/"]}]},{"@type":"BreadcrumbList","@id":"https:\/\/loanstar.com\/no\/om-oss\/#breadcrumb","itemListElement":[{"@type":"ListItem","position":1,"name":"Norge","item":"https:\/\/loanstar.com\/no\/"},{"@type":"ListItem","position":2,"name":"Om oss"}]},{"@type":"WebSite","@id":"https:\/\/loanstar.com\/no\/#website","url":"https:\/\/loanstar.com\/no\/","name":"LoanStar Norge","description":"Finn billig forbruksl\u00e5n, sm\u00e5l\u00e5n og refinansiering av gjeld","potentialAction":[{"@type":"SearchAction","target":{"@type":"EntryPoint","urlTemplate":"https:\/\/loanstar.com\/no\/?s={search_term_string}"},"query-input":"required name=search_term_string"}],"inLanguage":"nb-NO"}]}},"_links":{"self":[{"href":"https:\/\/loanstar.com\/no\/wp-json\/wp\/v2\/pages\/211"}],"collection":[{"href":"https:\/\/loanstar.com\/no\/wp-json\/wp\/v2\/pages"}],"about":[{"href":"https:\/\/loanstar.com\/no\/wp-json\/wp\/v2\/types\/page"}],"author":[{"embeddable":true,"href":"https:\/\/loanstar.com\/no\/wp-json\/wp\/v2\/users\/1"}],"replies":[{"embeddable":true,"href":"https:\/\/loanstar.com\/no\/wp-json\/wp\/v2\/comments?post=211"}],"version-history":[{"count":0,"href":"https:\/\/loanstar.com\/no\/wp-json\/wp\/v2\/pages\/211\/revisions"}],"wp:attachment":[{"href":"https:\/\/loanstar.com\/no\/wp-json\/wp\/v2\/media?parent=211"}],"curies":[{"name":"wp","href":"https:\/\/api.w.org\/{rel}","templated":true}]}}