{"id":207,"date":"2018-09-19T20:07:47","date_gmt":"2018-09-19T20:07:47","guid":{"rendered":"http:\/\/loanstar.com\/no\/?page_id=207"},"modified":"2018-11-09T15:05:09","modified_gmt":"2018-11-09T14:05:09","slug":"personvern","status":"publish","type":"page","link":"https:\/\/loanstar.com\/no\/personvern\/","title":{"rendered":"Personvern"},"content":{"rendered":"<h2>Informasjon om personvern<\/h2>\n<p>Loanstar.com presenteres av Digital Takeover LTD og vi innhenter ikke personlige opplysninger fra v\u00e5re\u00a0brukere. Vi lagrer informasjon som IP-adresser, programvare du benytter samt hva slags enhet du bruker og hvor du befinner deg. Informasjonen vi innhenter fra v\u00e5re brukere behandles etter norsk datavernlov.<\/p>\n<p>Vi \u00f8nsker \u00e5 tilby v\u00e5re brukere en best mulig tjeneste ved \u00e5 vise mest mulig relevant innhold. Dette er form\u00e5let med informasjonen vi lagrer.<\/p>\n<h2>Om informasjonskapsler\/cookies<\/h2>\n<p>Loanstar.com benytter seg av informasjonskapsler, ogs\u00e5 kalt cookies. Dette er for \u00e5 bedre tilpasse tjenesten vi tilbyr v\u00e5re brukere, samt f\u00e5 innsikt over trafikk og kj\u00f8p som kommer fra v\u00e5r side.<\/p>\n<p>N\u00e5r du benytter deg av et av v\u00e5re tilbud\u00a0eller kampanjer blir du automatisk videresendt til forhandlerens nettside, som \u00e5pnes i en ny fane. N\u00e5r du klikker deg videre blir en cookie lagret p\u00e5 dataen din i \u00a0din nettleser. Det er cookien som s\u00f8rger for denne datalagringen \u2013 det er en liten tekstfil som samler informasjon ang\u00e5ende ditt kj\u00f8p i nettbutikken du blir sendt til.<\/p>\n<p>Om du ikke skulle akseptere bruken av cookies kan p\u00e5 innstillingsverkt\u00f8yet p\u00e5 nettleseren din kan du velge \u00e5 skru av og automatisk avvise cookies.<\/p>\n<h2>Om Tredjeparter<\/h2>\n<p>Loanstar.com tar i bruk flere ulike tredjeparts tjenesteleverand\u00f8rer for \u00e5 kunne levere v\u00e5re tjenester til sluttbruker. Flere av disse selskapene samler ogs\u00e5 p\u00e5 informasjon om sine brukere og lagrer disse i deres systemer. Vi oppfordrer alle til \u00e5 f\u00e5 bedre innsikt i og lese disse\u00a0selskapenes personvernserkl\u00e6ringer:<br \/>\n\t<div class=\"list-ticks-secondary\">\r\n\t\t<ul>\n<li>Google Analytics for bes\u00f8ksstatistikk<\/li>\n<li>Facebook med sosial profil.<\/li>\n<li>MailChimp for administrering og utsendelse av nyhetsbrev.<br \/>\n\t<\/div><!-- \/.list-ticks -->\r\n\t<\/li>\n<\/ul>\n<p>Sporing av konverteringer gjennom v\u00e5re samarbeidspartnere gj\u00f8res av Adtraction, Adservice og Orion media.<\/p>\n<h2>Om Endringer<\/h2>\n<p>Loanstar.com forbeholder seg retten om endringer i denne personvernserkl\u00e6ringen\u00a0for dataoppbevaring delvis eller helt. Endringer vil publiseres til v\u00e5re brukere via nettsiden. Erkl\u00e6ringen som er publisert her vil til en hver tid v\u00e6re den som er gjeldende.<\/p>\n","protected":false},"excerpt":{"rendered":"<p>Informasjon om personvern Loanstar.com presenteres av Digital Takeover LTD og vi innhenter ikke personlige opplysninger fra v\u00e5re\u00a0brukere. Vi lagrer informasjon&#8230;<\/p>\n","protected":false},"author":1,"featured_media":0,"parent":0,"menu_order":0,"comment_status":"closed","ping_status":"closed","template":"templates\/terms-of-use.php","meta":{"footnotes":""},"yoast_head":"<!-- This site is optimized with the Yoast SEO plugin v21.0 - https:\/\/yoast.com\/wordpress\/plugins\/seo\/ -->\n<title>Personvern - LoanStar Norge 2026<\/title>\n<meta name=\"description\" content=\"Vi \u00f8nsker \u00e5 tilby v\u00e5re brukere en best mulig tjeneste med relevant innhold. F\u00e5 informasjon over personvern. Informasjonen behandles etter norsk datavernlov.\" \/>\n<meta name=\"robots\" content=\"noindex, follow\" \/>\n<meta property=\"og:locale\" content=\"nb_NO\" \/>\n<meta property=\"og:type\" content=\"article\" \/>\n<meta property=\"og:title\" content=\"Personvern - LoanStar Norge 2026\" \/>\n<meta property=\"og:description\" content=\"Vi \u00f8nsker \u00e5 tilby v\u00e5re brukere en best mulig tjeneste med relevant innhold. F\u00e5 informasjon over personvern. Informasjonen behandles etter norsk datavernlov.\" \/>\n<meta property=\"og:url\" content=\"https:\/\/loanstar.com\/no\/personvern\/\" \/>\n<meta property=\"og:site_name\" content=\"LoanStar Norge\" \/>\n<meta property=\"article:modified_time\" content=\"2018-11-09T14:05:09+00:00\" \/>\n<meta name=\"twitter:card\" content=\"summary_large_image\" \/>\n<meta name=\"twitter:label1\" content=\"Ansl. lesetid\" \/>\n\t<meta name=\"twitter:data1\" content=\"2 minutter\" \/>\n<script type=\"application\/ld+json\" class=\"yoast-schema-graph\">{\"@context\":\"https:\/\/schema.org\",\"@graph\":[{\"@type\":\"WebPage\",\"@id\":\"https:\/\/loanstar.com\/no\/personvern\/\",\"url\":\"https:\/\/loanstar.com\/no\/personvern\/\",\"name\":\"Personvern - LoanStar Norge 2026\",\"isPartOf\":{\"@id\":\"https:\/\/loanstar.com\/no\/#website\"},\"datePublished\":\"2018-09-19T20:07:47+00:00\",\"dateModified\":\"2018-11-09T14:05:09+00:00\",\"description\":\"Vi \u00f8nsker \u00e5 tilby v\u00e5re brukere en best mulig tjeneste med relevant innhold. F\u00e5 informasjon over personvern. Informasjonen behandles etter norsk datavernlov.\",\"breadcrumb\":{\"@id\":\"https:\/\/loanstar.com\/no\/personvern\/#breadcrumb\"},\"inLanguage\":\"nb-NO\",\"potentialAction\":[{\"@type\":\"ReadAction\",\"target\":[\"https:\/\/loanstar.com\/no\/personvern\/\"]}]},{\"@type\":\"BreadcrumbList\",\"@id\":\"https:\/\/loanstar.com\/no\/personvern\/#breadcrumb\",\"itemListElement\":[{\"@type\":\"ListItem\",\"position\":1,\"name\":\"Norge\",\"item\":\"https:\/\/loanstar.com\/no\/\"},{\"@type\":\"ListItem\",\"position\":2,\"name\":\"Personvern\"}]},{\"@type\":\"WebSite\",\"@id\":\"https:\/\/loanstar.com\/no\/#website\",\"url\":\"https:\/\/loanstar.com\/no\/\",\"name\":\"LoanStar Norge\",\"description\":\"Finn billig forbruksl\u00e5n, sm\u00e5l\u00e5n og refinansiering av gjeld\",\"potentialAction\":[{\"@type\":\"SearchAction\",\"target\":{\"@type\":\"EntryPoint\",\"urlTemplate\":\"https:\/\/loanstar.com\/no\/?s={search_term_string}\"},\"query-input\":\"required name=search_term_string\"}],\"inLanguage\":\"nb-NO\"}]}<\/script>\n<!-- \/ Yoast SEO plugin. -->","yoast_head_json":{"title":"Personvern - LoanStar Norge 2026","description":"Vi \u00f8nsker \u00e5 tilby v\u00e5re brukere en best mulig tjeneste med relevant innhold. F\u00e5 informasjon over personvern. Informasjonen behandles etter norsk datavernlov.","robots":{"index":"noindex","follow":"follow"},"og_locale":"nb_NO","og_type":"article","og_title":"Personvern - LoanStar Norge 2026","og_description":"Vi \u00f8nsker \u00e5 tilby v\u00e5re brukere en best mulig tjeneste med relevant innhold. F\u00e5 informasjon over personvern. Informasjonen behandles etter norsk datavernlov.","og_url":"https:\/\/loanstar.com\/no\/personvern\/","og_site_name":"LoanStar Norge","article_modified_time":"2018-11-09T14:05:09+00:00","twitter_card":"summary_large_image","twitter_misc":{"Ansl. lesetid":"2 minutter"},"schema":{"@context":"https:\/\/schema.org","@graph":[{"@type":"WebPage","@id":"https:\/\/loanstar.com\/no\/personvern\/","url":"https:\/\/loanstar.com\/no\/personvern\/","name":"Personvern - LoanStar Norge 2026","isPartOf":{"@id":"https:\/\/loanstar.com\/no\/#website"},"datePublished":"2018-09-19T20:07:47+00:00","dateModified":"2018-11-09T14:05:09+00:00","description":"Vi \u00f8nsker \u00e5 tilby v\u00e5re brukere en best mulig tjeneste med relevant innhold. F\u00e5 informasjon over personvern. Informasjonen behandles etter norsk datavernlov.","breadcrumb":{"@id":"https:\/\/loanstar.com\/no\/personvern\/#breadcrumb"},"inLanguage":"nb-NO","potentialAction":[{"@type":"ReadAction","target":["https:\/\/loanstar.com\/no\/personvern\/"]}]},{"@type":"BreadcrumbList","@id":"https:\/\/loanstar.com\/no\/personvern\/#breadcrumb","itemListElement":[{"@type":"ListItem","position":1,"name":"Norge","item":"https:\/\/loanstar.com\/no\/"},{"@type":"ListItem","position":2,"name":"Personvern"}]},{"@type":"WebSite","@id":"https:\/\/loanstar.com\/no\/#website","url":"https:\/\/loanstar.com\/no\/","name":"LoanStar Norge","description":"Finn billig forbruksl\u00e5n, sm\u00e5l\u00e5n og refinansiering av gjeld","potentialAction":[{"@type":"SearchAction","target":{"@type":"EntryPoint","urlTemplate":"https:\/\/loanstar.com\/no\/?s={search_term_string}"},"query-input":"required name=search_term_string"}],"inLanguage":"nb-NO"}]}},"_links":{"self":[{"href":"https:\/\/loanstar.com\/no\/wp-json\/wp\/v2\/pages\/207"}],"collection":[{"href":"https:\/\/loanstar.com\/no\/wp-json\/wp\/v2\/pages"}],"about":[{"href":"https:\/\/loanstar.com\/no\/wp-json\/wp\/v2\/types\/page"}],"author":[{"embeddable":true,"href":"https:\/\/loanstar.com\/no\/wp-json\/wp\/v2\/users\/1"}],"replies":[{"embeddable":true,"href":"https:\/\/loanstar.com\/no\/wp-json\/wp\/v2\/comments?post=207"}],"version-history":[{"count":1,"href":"https:\/\/loanstar.com\/no\/wp-json\/wp\/v2\/pages\/207\/revisions"}],"predecessor-version":[{"id":346,"href":"https:\/\/loanstar.com\/no\/wp-json\/wp\/v2\/pages\/207\/revisions\/346"}],"wp:attachment":[{"href":"https:\/\/loanstar.com\/no\/wp-json\/wp\/v2\/media?parent=207"}],"curies":[{"name":"wp","href":"https:\/\/api.w.org\/{rel}","templated":true}]}}