{"id":205,"date":"2018-09-19T20:04:10","date_gmt":"2018-09-19T20:04:10","guid":{"rendered":"http:\/\/loanstar.com\/no\/?page_id=205"},"modified":"2018-11-09T14:27:57","modified_gmt":"2018-11-09T13:27:57","slug":"brukervilkar","status":"publish","type":"page","link":"https:\/\/loanstar.com\/no\/brukervilkar\/","title":{"rendered":"Brukervilk\u00e5r"},"content":{"rendered":"<p>Vi \u00f8nsker at du skal f\u00e5 en trygg og god opplevelse med Loanstar.com. Derfor kan du p\u00e5 denne siden lese v\u00e5re forretningsvilk\u00e5r som omhandler betingelsene for \u00e5 s\u00f8ke om l\u00e5n med en sammenligningstjeneste.<\/p>\n<p>Vi anbefaler at du leser og gj\u00f8r deg kjent med vilk\u00e5rene som du finner p\u00e5 denne siden, ved bruk av dette nettstedet. Loanstar.com er en tjeneste (heretter \u00abTjenesten\u00bb eller \u00abLoanstar\u00bb) utviklet og driftet av Digital Takeover LTD (heretter \u201cDigital Takeover\u201d, \u201coss\u201d eller \u201cvi\u201d) Vilk\u00e5rene i denne avtalen regulerer forholdet mellom Digital Takeover og Tjenesten som vi tilbyr . Ved \u00e5 benytte Tjenesten aksepteres vilk\u00e5rene som er beskrevet i denne avtalen. Ordet \u00abBruker\u00bb blir heretter benyttet for \u00e5 omtale personer som benytter seg av Tjenesten.<\/p>\n<h2>Samarbeidspartnere<\/h2>\n<p>Loanstar markedsf\u00f8rer flere l\u00e5netjenester. L\u00e5nemeglerene eller finansinstitusjonene er selv ansvarlig for registreringen, behandlingen og formidlingen av l\u00e5nes\u00f8knadene. Vi opplyser om at Loanstar mottar provisjon for videreformidlede s\u00f8knader. Loanstar kan ogs\u00e5 inneholde, eller kan formidle via post eller e-post, referanser til samarbeidspartneren. Tjenesten er gratis og uforpliktende for deg som kunde.<\/p>\n<h2>For oss er din sikkerhet en av v\u00e5re f\u00f8rste prioriteringer!<\/h2>\n<p>Derfor er det viktig for oss at vi alltid bruker en oppdatert sikkerhetsteknologi. Det vil si at alle dine opplysninger blir behandlet p\u00e5 en konfidensiell og sikker m\u00e5te gjennom v\u00e5r krypterte SSL-forbindelse til enhver tid, b\u00e5de hos oss og v\u00e5re samarbeidspartnere. P\u00e5 denne m\u00e5ten kan du helt sikkert fylle ut dine personlige opplysninger.<\/p>\n<h2>Din e-post er trygg hos oss!<\/h2>\n<p>Les mer om dette p\u00e5 v\u00e5re retningslinjer for personvern. N\u00e5r du inng\u00e5r en avtale med Loanstar godtar du ogs\u00e5 v\u00e5re retningslinjer for personvern og bruken av informasjonskapsler. Din e-post vil kun bli videreformidlet til v\u00e5r samarbeidspartner som bruker denne til \u00e5 hente inn dine l\u00e5netilbud fra bankene. Den vil aldri selges videre til noen tredjepart.<\/p>\n<h2>Kundeopplevelse<\/h2>\n<p>Det er viktig for oss at du f\u00e5r en god opplevelse i forbindelse med prosessen om \u00e5 ta opp et l\u00e5n. Vi vil gj\u00f8re v\u00e5rt beste for \u00e5 hjelpe deg s\u00e5 godt vi kan gjennom l\u00e5neprosessen. Loanstar kan derfor sende deg relevant informasjon og p\u00e5minnelser i forbindelse med opptaket av l\u00e5n, aktuelle nyheter og tilbud via brevpost, e-post, SMS og serviceanrop. All informasjon vi gir deg anses som en service og du kan til enhver tid melde deg av dette.<\/p>\n<h2>Mulighet til \u00e5 klage<\/h2>\n<p>\u00d8nsker du \u00e5 sende inn en klage ang\u00e5ende tjenesten kan du henvende deg til v\u00e5r kundeservice, no@loanstar.com Forh\u00e5pentligvis kan alle partner komme til enighet eller en felles forst\u00e5else gjennom en bra kommunikasjon. Dersom partene ikke skulle bli enige eller det ikke lykkes i \u00e5 finne en l\u00f8sning kan du lese mer om dine klagemuligheter via:<br \/>\n<a href=\"http:\/\/www.finkn.no\/\" target=\"_blank\" rel=\"noopener\">Finansklagenemnda<\/a>. Gjelder din klage l\u00e5nes\u00f8knaden eller lignende kan du kontakte banken direkte.<\/p>\n<h2><strong>Fraskrivning av ansvaret<\/strong><\/h2>\n<p>Loanstar er en markedsf\u00f8ringsplattform for forbruksl\u00e5n og l\u00e5n uten sikkerhet (heretter \u00abPartnere\u00bb) der Partnerne er selgere\/tjenesteytere ved alle kj\u00f8p. Vi er ikke delaktig i avtaler om kj\u00f8p mellom Partner og forbruker (heretter \u00abBruker) Vi opptrer heller ikke i noen sammenheng som p\u00e5 vegne av eller representant for Partner.<\/p>\n<p>Loanstar er kun ansvarlig for markedsf\u00f8ringen av partnere\u00a0og vil ikke stilles til ansvar for erstatninger og forholdet mellom brukere\u00a0og partnere.<br \/>\nLoanstar er heller ikke ansvarlige hvis informasjon eller opplysninger kommunisert via hjemmesiden eller e-post ikke er fullstendige, oppdaterte eller dekkende.<br \/>\nLoanstar kan derfor ikke ta p\u00e5 seg noe ansvar for skader eller tap, som direkte eller indirekte er for\u00e5rsaket p\u00e5 grunnlag av den informasjonen som er blitt tilgjengelig. Informasjonen skal ikke betraktes som noe form for \u00f8konomisk r\u00e5dgivning.<\/p>\n<p>Vi har ikke ansvar overfor Bruker dersom en vare eller tjeneste skulle inneholde mangler, det er gitt ufullstendige eller feilaktig informasjon og opplysninger om en vare eller tjeneste eller Partner, Bruker angrer p\u00e5 et kj\u00f8p, eller leveringen er forsinket.<br \/>\nAll informasjon p\u00e5 Tjenesten er av kommersiell art og ikke ment som r\u00e5dgivende.<br \/>\nLoanstar \u00f8nsker \u00e5 v\u00e6re en trygg informasjonskanal og tjeneste for Brukerne. Vi kan likevel ikke garantere at alle Partnere til enhver tid opptrer i overensstemmelse med lover og regler. For bedre \u00e5 kunne sikre at Loanstar er en trygg markedsplass \u00f8nsker vi tilbakemelding dersom Brukerne har negative eller positive erfaringer med Partnere.<br \/>\n\u00d8nsker du mer informasjon om sikkerhet og personvern, kan du lese mer om dette p\u00e5 v\u00e5r personvern-side.<\/p>\n<h2><strong>Feil og mangler<\/strong><\/h2>\n<p>Vi tar ikke ansvar for feil eller mangler ved Tjenesten. Vi kan ikke garantere at Tjenesten eller tekniske l\u00f8sninger er tilgjengelig til en hver tid og vi er ikke ansvarlig for feil, mangler eller andre problemer i tekniske l\u00f8sninger, tilbud eller informasjon som presenteres p\u00e5 Tjenesten. Tilbud fra Partnere publiseres av Tjenestens redaksjon, Tjenestens Brukere og Tjenestens Partnere. Vi tar forbehold om feil og det garanteres ikke p\u00e5 noen som helst m\u00e5te at opplysningene, tilbudene eller informasjonen gitt p\u00e5 Tjenesten stemmer eller vil v\u00e6re gyldige.<\/p>\n<h2><strong>\u00c5ndsverk og immaterielle rettigheter<\/strong><\/h2>\n<p>Rettighetene til Tjenesten, innhold p\u00e5 Tjenesten og varemerker tilh\u00f8rer Loanstar, Digital Takeover, Partner eller andre samarbeidspartnere av Digital Takeover. Slike rettigheter kan ikke benyttes av Bruker eller andre uten etter skriftlig forh\u00e5ndssamtykke fra oss. Ved \u00e5 benytte Tjenesten og laste opp innhold til Tjenesten gir Brukeren en evigvarende ikke-eksklusiv lisens til \u00e5 benytte innholdet p\u00e5 Tjenesten og alle fremtidige tjenester vi tilbyr. Vi har ogs\u00e5 rettighet til \u00e5 overdra og endre slikt innhold.<br \/>\nAlt materiale som skrives ut eller lastes ned fra Tjenesten skal kun benyttes til personlig bruk.<\/p>\n<h2><strong>Endringer av avtalen<\/strong><\/h2>\n<p>Vi forbeholder oss retten til \u00e5 endre denne avtalen. Vilk\u00e5rene for bruk av siden kan endres n\u00e5r som helst og n\u00e5r du bruker siden etter slike endringer er publisert, aksepterer du de nye vilk\u00e5rene. Nye versjoner av avtalen vil alltid v\u00e6re tilgjengelig p\u00e5 Tjenesten. Det er siste utgave av avtalen som er tilgjengelig p\u00e5 Tjenesten som er gjeldende avtale til enhver tid.<\/p>\n<p>&nbsp;<\/p>\n","protected":false},"excerpt":{"rendered":"<p>Vi \u00f8nsker at du skal f\u00e5 en trygg og god opplevelse med Loanstar.com. Derfor kan du p\u00e5 denne siden lese&#8230;<\/p>\n","protected":false},"author":1,"featured_media":0,"parent":0,"menu_order":0,"comment_status":"closed","ping_status":"closed","template":"templates\/terms-of-use.php","meta":{"footnotes":""},"yoast_head":"<!-- This site is optimized with the Yoast SEO plugin v21.0 - https:\/\/yoast.com\/wordpress\/plugins\/seo\/ -->\n<title>Brukervilk\u00e5r - LoanStar Norge 2026<\/title>\n<meta name=\"description\" content=\"Se Loanstar sine forretningsvilk\u00e5r. Her f\u00e5r du kundeopplevelse i s\u00e6rklasse. F\u00e5 oversikt over betingelsene for \u00e5 s\u00f8ke om l\u00e5n med en sammenligningstjeneste.\" \/>\n<meta name=\"robots\" content=\"noindex, follow\" \/>\n<meta property=\"og:locale\" content=\"nb_NO\" \/>\n<meta property=\"og:type\" content=\"article\" \/>\n<meta property=\"og:title\" content=\"Brukervilk\u00e5r - LoanStar Norge 2026\" \/>\n<meta property=\"og:description\" content=\"Se Loanstar sine forretningsvilk\u00e5r. Her f\u00e5r du kundeopplevelse i s\u00e6rklasse. F\u00e5 oversikt over betingelsene for \u00e5 s\u00f8ke om l\u00e5n med en sammenligningstjeneste.\" \/>\n<meta property=\"og:url\" content=\"https:\/\/loanstar.com\/no\/brukervilkar\/\" \/>\n<meta property=\"og:site_name\" content=\"LoanStar Norge\" \/>\n<meta property=\"article:modified_time\" content=\"2018-11-09T13:27:57+00:00\" \/>\n<meta name=\"twitter:card\" content=\"summary_large_image\" \/>\n<meta name=\"twitter:label1\" content=\"Ansl. lesetid\" \/>\n\t<meta name=\"twitter:data1\" content=\"5 minutter\" \/>\n<script type=\"application\/ld+json\" class=\"yoast-schema-graph\">{\"@context\":\"https:\/\/schema.org\",\"@graph\":[{\"@type\":\"WebPage\",\"@id\":\"https:\/\/loanstar.com\/no\/brukervilkar\/\",\"url\":\"https:\/\/loanstar.com\/no\/brukervilkar\/\",\"name\":\"Brukervilk\u00e5r - LoanStar Norge 2026\",\"isPartOf\":{\"@id\":\"https:\/\/loanstar.com\/no\/#website\"},\"datePublished\":\"2018-09-19T20:04:10+00:00\",\"dateModified\":\"2018-11-09T13:27:57+00:00\",\"description\":\"Se Loanstar sine forretningsvilk\u00e5r. Her f\u00e5r du kundeopplevelse i s\u00e6rklasse. F\u00e5 oversikt over betingelsene for \u00e5 s\u00f8ke om l\u00e5n med en sammenligningstjeneste.\",\"breadcrumb\":{\"@id\":\"https:\/\/loanstar.com\/no\/brukervilkar\/#breadcrumb\"},\"inLanguage\":\"nb-NO\",\"potentialAction\":[{\"@type\":\"ReadAction\",\"target\":[\"https:\/\/loanstar.com\/no\/brukervilkar\/\"]}]},{\"@type\":\"BreadcrumbList\",\"@id\":\"https:\/\/loanstar.com\/no\/brukervilkar\/#breadcrumb\",\"itemListElement\":[{\"@type\":\"ListItem\",\"position\":1,\"name\":\"Norge\",\"item\":\"https:\/\/loanstar.com\/no\/\"},{\"@type\":\"ListItem\",\"position\":2,\"name\":\"Brukervilk\u00e5r\"}]},{\"@type\":\"WebSite\",\"@id\":\"https:\/\/loanstar.com\/no\/#website\",\"url\":\"https:\/\/loanstar.com\/no\/\",\"name\":\"LoanStar Norge\",\"description\":\"Finn billig forbruksl\u00e5n, sm\u00e5l\u00e5n og refinansiering av gjeld\",\"potentialAction\":[{\"@type\":\"SearchAction\",\"target\":{\"@type\":\"EntryPoint\",\"urlTemplate\":\"https:\/\/loanstar.com\/no\/?s={search_term_string}\"},\"query-input\":\"required name=search_term_string\"}],\"inLanguage\":\"nb-NO\"}]}<\/script>\n<!-- \/ Yoast SEO plugin. -->","yoast_head_json":{"title":"Brukervilk\u00e5r - LoanStar Norge 2026","description":"Se Loanstar sine forretningsvilk\u00e5r. Her f\u00e5r du kundeopplevelse i s\u00e6rklasse. F\u00e5 oversikt over betingelsene for \u00e5 s\u00f8ke om l\u00e5n med en sammenligningstjeneste.","robots":{"index":"noindex","follow":"follow"},"og_locale":"nb_NO","og_type":"article","og_title":"Brukervilk\u00e5r - LoanStar Norge 2026","og_description":"Se Loanstar sine forretningsvilk\u00e5r. Her f\u00e5r du kundeopplevelse i s\u00e6rklasse. F\u00e5 oversikt over betingelsene for \u00e5 s\u00f8ke om l\u00e5n med en sammenligningstjeneste.","og_url":"https:\/\/loanstar.com\/no\/brukervilkar\/","og_site_name":"LoanStar Norge","article_modified_time":"2018-11-09T13:27:57+00:00","twitter_card":"summary_large_image","twitter_misc":{"Ansl. lesetid":"5 minutter"},"schema":{"@context":"https:\/\/schema.org","@graph":[{"@type":"WebPage","@id":"https:\/\/loanstar.com\/no\/brukervilkar\/","url":"https:\/\/loanstar.com\/no\/brukervilkar\/","name":"Brukervilk\u00e5r - LoanStar Norge 2026","isPartOf":{"@id":"https:\/\/loanstar.com\/no\/#website"},"datePublished":"2018-09-19T20:04:10+00:00","dateModified":"2018-11-09T13:27:57+00:00","description":"Se Loanstar sine forretningsvilk\u00e5r. Her f\u00e5r du kundeopplevelse i s\u00e6rklasse. F\u00e5 oversikt over betingelsene for \u00e5 s\u00f8ke om l\u00e5n med en sammenligningstjeneste.","breadcrumb":{"@id":"https:\/\/loanstar.com\/no\/brukervilkar\/#breadcrumb"},"inLanguage":"nb-NO","potentialAction":[{"@type":"ReadAction","target":["https:\/\/loanstar.com\/no\/brukervilkar\/"]}]},{"@type":"BreadcrumbList","@id":"https:\/\/loanstar.com\/no\/brukervilkar\/#breadcrumb","itemListElement":[{"@type":"ListItem","position":1,"name":"Norge","item":"https:\/\/loanstar.com\/no\/"},{"@type":"ListItem","position":2,"name":"Brukervilk\u00e5r"}]},{"@type":"WebSite","@id":"https:\/\/loanstar.com\/no\/#website","url":"https:\/\/loanstar.com\/no\/","name":"LoanStar Norge","description":"Finn billig forbruksl\u00e5n, sm\u00e5l\u00e5n og refinansiering av gjeld","potentialAction":[{"@type":"SearchAction","target":{"@type":"EntryPoint","urlTemplate":"https:\/\/loanstar.com\/no\/?s={search_term_string}"},"query-input":"required name=search_term_string"}],"inLanguage":"nb-NO"}]}},"_links":{"self":[{"href":"https:\/\/loanstar.com\/no\/wp-json\/wp\/v2\/pages\/205"}],"collection":[{"href":"https:\/\/loanstar.com\/no\/wp-json\/wp\/v2\/pages"}],"about":[{"href":"https:\/\/loanstar.com\/no\/wp-json\/wp\/v2\/types\/page"}],"author":[{"embeddable":true,"href":"https:\/\/loanstar.com\/no\/wp-json\/wp\/v2\/users\/1"}],"replies":[{"embeddable":true,"href":"https:\/\/loanstar.com\/no\/wp-json\/wp\/v2\/comments?post=205"}],"version-history":[{"count":1,"href":"https:\/\/loanstar.com\/no\/wp-json\/wp\/v2\/pages\/205\/revisions"}],"predecessor-version":[{"id":390,"href":"https:\/\/loanstar.com\/no\/wp-json\/wp\/v2\/pages\/205\/revisions\/390"}],"wp:attachment":[{"href":"https:\/\/loanstar.com\/no\/wp-json\/wp\/v2\/media?parent=205"}],"curies":[{"name":"wp","href":"https:\/\/api.w.org\/{rel}","templated":true}]}}