{"id":2,"date":"2018-09-05T09:46:46","date_gmt":"2018-09-05T09:46:46","guid":{"rendered":"http:\/\/loanstar.com\/norway\/?page_id=2"},"modified":"2019-12-05T22:15:12","modified_gmt":"2019-12-05T21:15:12","slug":"home","status":"publish","type":"page","link":"https:\/\/loanstar.com\/no\/","title":{"rendered":"Home"},"content":{"rendered":"","protected":false},"excerpt":{"rendered":"","protected":false},"author":1,"featured_media":0,"parent":0,"menu_order":0,"comment_status":"closed","ping_status":"open","template":"templates\/home-country.php","meta":{"footnotes":""},"yoast_head":"<!-- This site is optimized with the Yoast SEO plugin v21.0 - https:\/\/yoast.com\/wordpress\/plugins\/seo\/ -->\n<title>LoanStar Norge - L\u00e5n, refinansiering og personlig \u00f8konomi<\/title>\n<meta name=\"description\" content=\"LoanStar er en plattform som hjelper forbrukere \u00e5 finne bedre og billigere l\u00e5n. S\u00f8k og finn billig forbruksl\u00e5n, refinansiering, bill\u00e5n eller husl\u00e5n.\" \/>\n<meta name=\"robots\" content=\"index, follow, max-snippet:-1, max-image-preview:large, max-video-preview:-1\" \/>\n<link rel=\"canonical\" href=\"https:\/\/loanstar.com\/no\/\" \/>\n<meta property=\"og:locale\" content=\"nb_NO\" \/>\n<meta property=\"og:type\" content=\"article\" \/>\n<meta property=\"og:title\" content=\"LoanStar Norge - L\u00e5n, refinansiering og personlig \u00f8konomi\" \/>\n<meta property=\"og:description\" content=\"LoanStar er en plattform som hjelper forbrukere \u00e5 finne bedre og billigere l\u00e5n. S\u00f8k og finn billig forbruksl\u00e5n, refinansiering, bill\u00e5n eller husl\u00e5n.\" \/>\n<meta property=\"og:url\" content=\"https:\/\/loanstar.com\/no\/\" \/>\n<meta property=\"og:site_name\" content=\"LoanStar Norge\" \/>\n<meta property=\"article:modified_time\" content=\"2019-12-05T21:15:12+00:00\" \/>\n<meta name=\"twitter:card\" content=\"summary_large_image\" \/>\n<script type=\"application\/ld+json\" class=\"yoast-schema-graph\">{\"@context\":\"https:\/\/schema.org\",\"@graph\":[{\"@type\":\"WebPage\",\"@id\":\"https:\/\/loanstar.com\/no\/\",\"url\":\"https:\/\/loanstar.com\/no\/\",\"name\":\"LoanStar Norge - L\u00e5n, refinansiering og personlig \u00f8konomi\",\"isPartOf\":{\"@id\":\"https:\/\/loanstar.com\/no\/#website\"},\"datePublished\":\"2018-09-05T09:46:46+00:00\",\"dateModified\":\"2019-12-05T21:15:12+00:00\",\"description\":\"LoanStar er en plattform som hjelper forbrukere \u00e5 finne bedre og billigere l\u00e5n. S\u00f8k og finn billig forbruksl\u00e5n, refinansiering, bill\u00e5n eller husl\u00e5n.\",\"breadcrumb\":{\"@id\":\"https:\/\/loanstar.com\/no\/#breadcrumb\"},\"inLanguage\":\"nb-NO\",\"potentialAction\":[{\"@type\":\"ReadAction\",\"target\":[\"https:\/\/loanstar.com\/no\/\"]}]},{\"@type\":\"BreadcrumbList\",\"@id\":\"https:\/\/loanstar.com\/no\/#breadcrumb\",\"itemListElement\":[{\"@type\":\"ListItem\",\"position\":1,\"name\":\"Norge\",\"item\":\"https:\/\/loanstar.com\/no\/\"},{\"@type\":\"ListItem\",\"position\":2,\"name\":\"Home\"}]},{\"@type\":\"WebSite\",\"@id\":\"https:\/\/loanstar.com\/no\/#website\",\"url\":\"https:\/\/loanstar.com\/no\/\",\"name\":\"LoanStar Norge\",\"description\":\"Finn billig forbruksl\u00e5n, sm\u00e5l\u00e5n og refinansiering av gjeld\",\"potentialAction\":[{\"@type\":\"SearchAction\",\"target\":{\"@type\":\"EntryPoint\",\"urlTemplate\":\"https:\/\/loanstar.com\/no\/?s={search_term_string}\"},\"query-input\":\"required name=search_term_string\"}],\"inLanguage\":\"nb-NO\"}]}<\/script>\n<!-- \/ Yoast SEO plugin. -->","yoast_head_json":{"title":"LoanStar Norge - L\u00e5n, refinansiering og personlig \u00f8konomi","description":"LoanStar er en plattform som hjelper forbrukere \u00e5 finne bedre og billigere l\u00e5n. S\u00f8k og finn billig forbruksl\u00e5n, refinansiering, bill\u00e5n eller husl\u00e5n.","robots":{"index":"index","follow":"follow","max-snippet":"max-snippet:-1","max-image-preview":"max-image-preview:large","max-video-preview":"max-video-preview:-1"},"canonical":"https:\/\/loanstar.com\/no\/","og_locale":"nb_NO","og_type":"article","og_title":"LoanStar Norge - L\u00e5n, refinansiering og personlig \u00f8konomi","og_description":"LoanStar er en plattform som hjelper forbrukere \u00e5 finne bedre og billigere l\u00e5n. S\u00f8k og finn billig forbruksl\u00e5n, refinansiering, bill\u00e5n eller husl\u00e5n.","og_url":"https:\/\/loanstar.com\/no\/","og_site_name":"LoanStar Norge","article_modified_time":"2019-12-05T21:15:12+00:00","twitter_card":"summary_large_image","schema":{"@context":"https:\/\/schema.org","@graph":[{"@type":"WebPage","@id":"https:\/\/loanstar.com\/no\/","url":"https:\/\/loanstar.com\/no\/","name":"LoanStar Norge - L\u00e5n, refinansiering og personlig \u00f8konomi","isPartOf":{"@id":"https:\/\/loanstar.com\/no\/#website"},"datePublished":"2018-09-05T09:46:46+00:00","dateModified":"2019-12-05T21:15:12+00:00","description":"LoanStar er en plattform som hjelper forbrukere \u00e5 finne bedre og billigere l\u00e5n. S\u00f8k og finn billig forbruksl\u00e5n, refinansiering, bill\u00e5n eller husl\u00e5n.","breadcrumb":{"@id":"https:\/\/loanstar.com\/no\/#breadcrumb"},"inLanguage":"nb-NO","potentialAction":[{"@type":"ReadAction","target":["https:\/\/loanstar.com\/no\/"]}]},{"@type":"BreadcrumbList","@id":"https:\/\/loanstar.com\/no\/#breadcrumb","itemListElement":[{"@type":"ListItem","position":1,"name":"Norge","item":"https:\/\/loanstar.com\/no\/"},{"@type":"ListItem","position":2,"name":"Home"}]},{"@type":"WebSite","@id":"https:\/\/loanstar.com\/no\/#website","url":"https:\/\/loanstar.com\/no\/","name":"LoanStar Norge","description":"Finn billig forbruksl\u00e5n, sm\u00e5l\u00e5n og refinansiering av gjeld","potentialAction":[{"@type":"SearchAction","target":{"@type":"EntryPoint","urlTemplate":"https:\/\/loanstar.com\/no\/?s={search_term_string}"},"query-input":"required name=search_term_string"}],"inLanguage":"nb-NO"}]}},"_links":{"self":[{"href":"https:\/\/loanstar.com\/no\/wp-json\/wp\/v2\/pages\/2"}],"collection":[{"href":"https:\/\/loanstar.com\/no\/wp-json\/wp\/v2\/pages"}],"about":[{"href":"https:\/\/loanstar.com\/no\/wp-json\/wp\/v2\/types\/page"}],"author":[{"embeddable":true,"href":"https:\/\/loanstar.com\/no\/wp-json\/wp\/v2\/users\/1"}],"replies":[{"embeddable":true,"href":"https:\/\/loanstar.com\/no\/wp-json\/wp\/v2\/comments?post=2"}],"version-history":[{"count":0,"href":"https:\/\/loanstar.com\/no\/wp-json\/wp\/v2\/pages\/2\/revisions"}],"wp:attachment":[{"href":"https:\/\/loanstar.com\/no\/wp-json\/wp\/v2\/media?parent=2"}],"curies":[{"name":"wp","href":"https:\/\/api.w.org\/{rel}","templated":true}]}}