{"id":141,"date":"2018-09-17T10:23:35","date_gmt":"2018-09-17T10:23:35","guid":{"rendered":"http:\/\/loanstar.com\/no\/?page_id=141"},"modified":"2020-02-05T12:41:36","modified_gmt":"2020-02-05T11:41:36","slug":"billan","status":"publish","type":"page","link":"https:\/\/loanstar.com\/no\/lane-penger\/billan\/","title":{"rendered":"Bill\u00e5n"},"content":{"rendered":"<h2>Alt du b\u00f8r vite om bill\u00e5n<\/h2>\n<p><img decoding=\"async\" loading=\"lazy\" class=\"alignright wp-image-244\" src=\"http:\/\/loanstar.com\/no\/wp-content\/uploads\/sites\/2\/2018\/09\/ill_body_12-1.svg\" alt=\"Alt-du-b\u00f8r-vite-om-bill\u00e5n\" width=\"312\" height=\"150\" \/>N\u00e5r det er p\u00e5 tide \u00e5 kj\u00f8pe en ny bil, st\u00e5r valget for de fleste mellom \u00e5 kj\u00f8pe en brukt bil og betale med oppsparte midler, eller \u00e5 kj\u00f8pe en ny bil ved hjelp av et bill\u00e5n. Ettersom bilprisene i Norge er forholdsvis h\u00f8ye vil det \u00e5 kj\u00f8pe en ny bil for de aller fleste v\u00e6re en stor investering. Derfor skal man ogs\u00e5 tenke n\u00f8ye gjennom valget sitt, samt hvordan man skal finansiere det.<\/p>\n<p>Kostnadene ved \u00e5 ha en bil handler om mer enn kun kj\u00f8pesummen. Det er viktig at du i tillegg tar h\u00f8yde for ting som reparasjoner og service. Selvf\u00f8lgelig kan du ogs\u00e5 <a href=\"http:\/\/loanstar.com\/no\/lane-penger\/\">l\u00e5ne penger<\/a> for \u00e5 kj\u00f8pe en brukt bil. S\u00f8ker du om et <a href=\"http:\/\/loanstar.com\/no\/lane-penger\/forbrukslan\/\">forbruksl\u00e5n<\/a> uten sikkerhet, vil ikke l\u00e5ngiveren legge seg opp i hvordan du bruker l\u00e5nebel\u00f8pet ditt.<\/p>\n<p>Uansett om du skal kj\u00f8pe brukt eller ny bil er det viktig at du er pertentlig i forbindelse med kj\u00f8psprosessen. Biler er kostbare i drift, og det er derfor viktig at du unng\u00e5r en bil som beh\u00f8ver hyppige reparasjoner og service. Det kan v\u00e6re lurt \u00e5 betale litt mer for \u00e5 forsikre seg om at kj\u00f8ret\u00f8yet man ender opp med er p\u00e5litelig og sikkert. I denne artikkelen tar vi for oss de ulike alternativene du har n\u00e5r du skal s\u00f8ke om et bill\u00e5n.<\/p>\n<p>Forh\u00e5pentligvis kan vi i tillegg gi deg noen tips rundt hva du kan gj\u00f8re for \u00e5 f\u00e5 innvilget et l\u00e5n til bil. M\u00e5let v\u00e5rt er \u00e5 hjelpe deg med \u00e5 finne vilk\u00e5r som passer for din privat\u00f8konomiske situasjon.<\/p>\n<h2>Det er ikke bare renten som teller<\/h2>\n<p><img decoding=\"async\" loading=\"lazy\" class=\"alignleft wp-image-162\" src=\"http:\/\/loanstar.com\/no\/wp-content\/uploads\/sites\/2\/2018\/09\/ill_body_5.svg\" alt=\"renten-som-teller-billan\" width=\"312\" height=\"150\" \/>Som oftest har bill\u00e5n nedbetalingstid p\u00e5 flere \u00e5r, som betyr at din effektive rente har en avgj\u00f8rende betydning for totalkostnaden. Dersom du skal ta opp et mindre forbruksl\u00e5n, kan imidlertid etableringsgebyret og andre avgifter utgj\u00f8re en stor andel av sluttsummen.<\/p>\n<p>Det er viktig at du tar samtlige kostnader og faktorer i betraktning n\u00e5r du vurderer l\u00e5netilbudene du mottar:<\/p>\n<ul>\n<li>Hvilke vilk\u00e5r gjelder dersom du \u00f8nsker \u00e5 l\u00f8se ut ditt bill\u00e5n f\u00f8r tiden? Kan du betale tilbake raskere enn hva du og l\u00e5ngiveren opprinnelig ble enige om? Visse banker tar betalt for at du skal innfri l\u00e5net ditt raskere enn planlagt.<\/li>\n<li>Kan du velge nedbetalingstid? \u00c5 betale over flere m\u00e5neder eller \u00e5r betyr at du f\u00e5r en lavere m\u00e5nedskostnad, men en h\u00f8yere totalkostnad.<\/li>\n<li>Hvor mye betaler du i avgifter? Dersom du sammenligner l\u00e5n og finner flere tilbud som ser bra ut, kan nedbetalingstiden og etableringsgebyr v\u00e6re avgj\u00f8rende.<\/li>\n<\/ul>\n<h2>Kasko eller ikke kasko har betydning for bill\u00e5net<\/h2>\n<p>Dersom bilen er <a href=\"https:\/\/snl.no\/skadeforsikring\" target=\"_blank\" rel=\"noopener noreferrer\">kaskoforsikret<\/a>, kan du s\u00f8ke om et sikret bill\u00e5n. Kreditor tar sikkerhet i bilen, og du ender opp med en lavere rente p\u00e5 l\u00e5net enn om du tar opp et forbruksl\u00e5n. Du kan s\u00f8ke om 100 % finansiering av bilen og nedbetalingstiden vil ligge p\u00e5 maksimalt ti \u00e5r.<\/p>\n<p>Dersom bilen ikke er kaskoforsikret, tar kreditor fremdeles pant i bilen n\u00e5r du l\u00e5ner pengene til finansiering. Fordi bilen ikke har kaskoforsikring, vil du m\u00e5tte betale en h\u00f8yere rente. For denne typen l\u00e5n til bil m\u00e5 du ha 10 % i egenkapital og det h\u00f8yeste l\u00e5nebel\u00f8pet ligger p\u00e5 omtrent 100 000 kroner. Nedbetalingen vil i dette tilfellet settes til maksimalt fem \u00e5r.<\/p>\n<h2>\u00c5 kj\u00f8pe bil ved hjelp av forbruksl\u00e5n<\/h2>\n<p><img decoding=\"async\" loading=\"lazy\" class=\"alignright wp-image-288\" src=\"http:\/\/loanstar.com\/no\/wp-content\/uploads\/sites\/2\/2018\/10\/home_ill_1.svg\" alt=\"kj\u00f8pe-bil-ved-hjelp-av-forbruksl\u00e5n-billan\" width=\"312\" height=\"150\" \/>Dersom vi ser bort fra ulike varianter av sikrede l\u00e5n, som\u00a0<a href=\"http:\/\/loanstar.com\/no\/lane-penger\/boliglan\/\">boligl\u00e5n<\/a>, er forbruksl\u00e5n en sv\u00e6rt popul\u00e6r l\u00e5neform i Norge. Dette er et l\u00e5n man tar som privatperson og som man i prinsippet kan bruke til hva som helst. For denne typen l\u00e5n kreves det ingen sikkerhet. Hvor mye du f\u00e5r l\u00e5ne avhenger av kredittvurderingen som l\u00e5ngiver utf\u00f8rer n\u00e5r du sender inn s\u00f8knaden din.<\/p>\n<p>En rekke faktorer blir viktige i kreditors vurdering av deg som l\u00e5ns\u00f8ker. Inntektsniv\u00e5et ditt er en av de viktigste, og kreditthistorikken din blir ogs\u00e5 tatt i betraktning. Man kan l\u00e5ne inntil 600.000 kroner uten sikkerhet i forbruksl\u00e5n, og dette er derfor en finansieringsmulighet for de fleste bilkj\u00f8p. V\u00e6r oppmerksom p\u00e5 at kreditor alltid vil vurdere ditt \u00f8nskede l\u00e5nebel\u00f8p opp mot betjeningsevne.<\/p>\n<p>Jo raskere du tilbakebetaler ditt bill\u00e5n, desto lavere blir totalkostnaden p\u00e5 l\u00e5net. En raskere nedbetalingstid betyr h\u00f8yere m\u00e5nedsavgifter til banken, men du slipper ogs\u00e5 unna med betraktelig mindre i renteutgifter. Nye forbruksl\u00e5n til bill\u00e5n innvilges med alt fra ett til fem \u00e5rs nedbetalingstid, avhengig av l\u00e5nebel\u00f8pet og din \u00f8konomiske situasjon.<\/p>\n<h2>Hvordan fungerer bill\u00e5n med sikkerhet?<\/h2>\n<p>Dersom du kan kj\u00f8pe bil med sikkerhet kan du forvente betydelig bedre vilk\u00e5r p\u00e5 l\u00e5net enn n\u00e5r du finansierer kj\u00f8pet med et forbruksl\u00e5n. I disse tilfellene fungerer bilen som panteobjektet p\u00e5 l\u00e5net &#8211; dette betyr en lavere rente, men ogs\u00e5 at banken kan innkreve bilen dersom du misligholder det.<\/p>\n<p>Nedbetalingstiden avhenger litt av hva slags bil du kj\u00f8per og hvor raskt den forventes \u00e5 tape sin verdi. En grunnregel man ofte ser, er at bill\u00e5net skal betales tilbake innen ti \u00e5r etter bilens produksjonsdato. Ofte m\u00e5 du ogs\u00e5 stille med en egenkapital n\u00e5r du s\u00f8ker om bill\u00e5n av en viss st\u00f8rrelse. Resten av pengene m\u00e5 du dermed alts\u00e5 ha selv.<\/p>\n<p>Slik vi har beskrevet ovenfor er det kaskoforsikringen som avgj\u00f8r dekningsprosenten og st\u00f8rrelsen p\u00e5 egenkapitalen. Er du kjent med boligl\u00e5n fra tidligere vil du finne mange likheter mellom dette og et bill\u00e5n, da begge l\u00e5nene er strukturerte med sikkerhet i form av panteobjektet du l\u00e5ner pengene til.<\/p>\n<h2>Skal man velge fast eller flytende rente?<\/h2>\n<p>Historisk sett har flytende rente betydd lavere kostnader enn fast rente. Dermed er dette et godt valg for de som er ute etter et s\u00e5 billig bill\u00e5n som mulig, og er villige til \u00e5 ta en noe st\u00f8rre risiko. Fast rente har den fordelen at du vet n\u00f8yaktig hvor mye l\u00e5net vil koste deg gjennom hele nedbetalingsperioden. Dette er alts\u00e5 et godt valg for de som \u00f8nsker mer forutsigbarhet p\u00e5 sitt bill\u00e5n.<\/p>\n<p>V\u00e6r oppmerksom p\u00e5 at flere \u00f8konomieksperter vurderer det som sannsynlig at styringsrenten i Norge kommer til \u00e5 g\u00e5 opp i den n\u00e6rmeste tiden. Dette er dermed et godt argument for \u00e5 binde renten p\u00e5 bill\u00e5net ditt n\u00e5.<\/p>\n<p>Du vil da komme til \u00e5 betale litt mer enn det du i dag vil gj\u00f8re dersom du har flytende rente, men om noen \u00e5r kan l\u00e5net med flytende rente bli betydelig dyrere, dersom Norges Bank \u00f8ker styringsrenten. Et kompromiss mellom flytende og fast rente er \u00e5 binde renten i et bestemt antall m\u00e5neder eller \u00e5r.<\/p>\n<h2>Reduser kostnadene for ditt bill\u00e5n<\/h2>\n<p><img decoding=\"async\" loading=\"lazy\" class=\"alignleft wp-image-238\" src=\"http:\/\/loanstar.com\/no\/wp-content\/uploads\/sites\/2\/2018\/09\/ill_body_6-1.svg\" alt=\"Reduser-kostnadene-for-ditt-bill\u00e5n\" width=\"231\" height=\"150\" \/>Dersom du investerer i en fin og ny bil vil kostnadene for dette l\u00e5net utgj\u00f8re en merkbar del av husholdningsutgiftene for de aller fleste. Jo billigere et bill\u00e5n blir, jo gunstigere er det for privat\u00f8konomien din. Og det finnes faktisk en hel del du kan gj\u00f8re for \u00e5 p\u00e5virke l\u00e5nekostnadene dine.<\/p>\n<p>F\u00f8rst og fremst gj\u00f8r du lurt i \u00e5 utnytte det faktum at markedet for l\u00e5n i Norge er sv\u00e6rt kompetitivt. Det finnes en rekke tilbydere av b\u00e5de usikrede og sikrede bill\u00e5n, og alle konkurrerer om \u00e5 skaffe deg som l\u00e5nekunde. S\u00e5 lenge du har en god privat\u00f8konomi \u00e5 s\u00f8ke med b\u00f8r du sette kreditorene opp mot hverandre. Bruk en sammenlignings- eller formidlingstjeneste for \u00e5 spare tid p\u00e5 s\u00f8knadsprosessen.<\/p>\n<p>Videre er ditt viktigste verkt\u00f8y nedbetalingsperioden p\u00e5 bill\u00e5net. Denne har du faktisk en god del kontroll over, i og med at du selv kan velge \u00e5 fremskynde den. I den grad det er mulig b\u00f8r du effektivisere nedbetaling av l\u00e5net. Da f\u00e5r banken beregnet renter f\u00e6rre ganger, som betyr en lavere totalkostnad p\u00e5 lang sikt.<\/p>\n<p>Husk p\u00e5 at renten p\u00e5 samtlige bill\u00e5n, b\u00e5de sikrede og usikrede, fastsettes p\u00e5 individuell basis. Banken foretar en risikovurdering av deg som l\u00e5ns\u00f8ker, og da er privat\u00f8konomien din spesielt viktig. S\u00e5nn sett b\u00f8r du s\u00f8ke om et l\u00e5nebel\u00f8p som er helt overkommelig for privat\u00f8konomien din &#8211; da er det st\u00f8rre sannsynlighet for at banken anser deg som en lavere risiko, og at du dermed f\u00e5r et gunstig rentetilbud.<\/p>\n<h2>L\u00e5n til bil til tross for betalingsanmerkninger<\/h2>\n<p><img decoding=\"async\" loading=\"lazy\" class=\"alignright wp-image-252\" src=\"http:\/\/loanstar.com\/no\/wp-content\/uploads\/sites\/2\/2018\/09\/ill_gen_1.svg\" alt=\"L\u00e5n-til-bil-betalingsanmerkninger\" width=\"312\" height=\"150\" \/>Uansett hva slags bill\u00e5n du s\u00f8ker om vil kreditor gjennomf\u00f8re en kredittvurdering. Vi har tidligere konstatert at du m\u00e5 ha en inntekt for \u00e5 kunne f\u00e5 et bill\u00e5n.<\/p>\n<p>Et annet grunnleggende krav er at du ikke har betalingsanmerkninger. Det finnes de bankene som spesialiserer seg p\u00e5 l\u00e5n til personer med slike anmerkninger, men da handler det om hjelp til <a href=\"http:\/\/loanstar.com\/no\/lane-penger\/refinansiering\/\">refinansiering<\/a> av dyre l\u00e5n.<\/p>\n<p>For \u00e5 f\u00e5 til dette m\u00e5 du ogs\u00e5 ha sikkerhet i bolig. Dersom du har en d\u00e5rlig betalingshistorikk m\u00e5 du enten jobbe med \u00e5 f\u00e5 slettet denne eller selv spare opp pengene du trenger for \u00e5 kunne kj\u00f8pe bil. En annen mulighet er at du f\u00e5r noen til \u00e5 stille som kausjonist, men dette er ikke noe banker flest oppmuntrer til.<\/p>\n<h2>Lease bil i stedet for \u00e5 ta opp et bill\u00e5n<\/h2>\n<p>\u00c5 lease, alts\u00e5 langtidsleie, kan v\u00e6re et alternativ for deg som funderer p\u00e5 \u00e5 s\u00f8ke om et bill\u00e5n for \u00e5 kunne kj\u00f8pe ny bil. Det finnes b\u00e5de fordeler og ulemper med leasing, sammenlignet med \u00e5 l\u00e5ne penger og kj\u00f8pe bilen selv.<\/p>\n<p>M\u00e5nedskostnadene blir h\u00f8yere ved leasing, men dersom service og forsikring inng\u00e5r i leasingavtalen kan det i visse tilfeller l\u00f8nne seg. N\u00e5r leasingavtalen har l\u00f8pt ut, kan du ofte velge om du vil kj\u00f8pe ut bilen eller f\u00e5 en ny bilmodell og beholde avtalen.<\/p>\n<p>\u00c5 sammenligne bill\u00e5n gir deg dog flere tilbud \u00e5 velge mellom enn om du sammenligner leasingavtaler. \u00c5 kj\u00f8pe bil p\u00e5 avbetaling kan ogs\u00e5 v\u00e6re et alternativ til \u00e5 s\u00f8ke om bill\u00e5n. Det bruker imidlertid \u00e5 bli dyrere enn \u00e5 sammenligne l\u00e5n og velge det som har de beste vilk\u00e5rene.<\/p>\n<h2>Bill\u00e5n \u2013 en oppsummering<\/h2>\n<p><img decoding=\"async\" loading=\"lazy\" class=\"alignright wp-image-289\" src=\"http:\/\/loanstar.com\/no\/wp-content\/uploads\/sites\/2\/2018\/10\/home_ill_2.svg\" alt=\"billan-oppsumering-forbrukslan\" width=\"312\" height=\"150\" \/>\u00c5 kj\u00f8pe en helt ny bil eller en bedre bruktbil er en stor utgift for de fleste husholdninger. Men det \u00e5 v\u00e6re gjerrig vil sjeldent l\u00f8nne seg &#8211; i verste fall kan det g\u00e5 utover sikkerheten til b\u00e5de f\u00f8rer og passasjerer. Du er helt enkelt tryggere stilt i en ny eller pent brukt bil.<\/p>\n<p>Dersom du trenger \u00e5 ta opp et bill\u00e5n er det lurt \u00e5 sammenligne s\u00e5 mange forskjellige tilbydere som mulig. Har du mulighet vil det v\u00e6re gunstig \u00e5 kikke p\u00e5 b\u00e5de sikrede og usikrede bill\u00e5n for \u00e5 skaffe en helhetlig oversikt over alternativene dine.<\/p>\n<p>\u00c5 ta opp et l\u00e5n med sikkerhet er billigere, men da kreves det at bilen er forsikret, med andre ord at du har kaskoforsikring, dersom du vil ha den laveste renten. Du m\u00e5 ogs\u00e5, i noen tilfeller, ha egne midler. Det neste viktige valget handler om du skal ha fast eller flytende rente p\u00e5 bill\u00e5net. Fast rente gir bedre oversikt, mens flytende rente er billigere s\u00e5 lenge vi ikke f\u00e5r en ordentlig renteoppgang etter at Norges Bank har \u00f8kt styringsrenten.<\/p>\n<p>Det viktigste du kan gj\u00f8re for \u00e5 f\u00e5 et s\u00e5 bra bill\u00e5n som mulig, er \u00e5 sammenligne l\u00e5n p\u00e5 nettet. V\u00e5r tjeneste er gratis. N\u00e5r du sammenligner l\u00e5n f\u00e5r du nemlig informasjon om hvilke renter som gjelder og du kan se bankenes eget eksempel som viser hva et bestemt l\u00e5nebel\u00f8p kan komme til \u00e5 koste deg.<\/p>\n","protected":false},"excerpt":{"rendered":"<p>Alt du b\u00f8r vite om bill\u00e5n N\u00e5r det er p\u00e5 tide \u00e5 kj\u00f8pe en ny bil, st\u00e5r valget for de&#8230;<\/p>\n","protected":false},"author":1,"featured_media":0,"parent":109,"menu_order":0,"comment_status":"closed","ping_status":"closed","template":"templates\/calculator-follow-up.php","meta":{"footnotes":""},"yoast_head":"<!-- This site is optimized with the Yoast SEO plugin v21.0 - https:\/\/yoast.com\/wordpress\/plugins\/seo\/ -->\n<title>Bill\u00e5n - Bilfinansiering raskt og trygt - LoanStar Norge 2026<\/title>\n<meta name=\"description\" content=\"\u00d8nsker du bilfinansiering? Vi tilbyr bill\u00e5n med de beste vilk\u00e5rene. LoanStar sammenligner alle bill\u00e5n og finner l\u00e5net som er best egnet for deg. S\u00f8k gratis\" \/>\n<meta name=\"robots\" content=\"index, follow, max-snippet:-1, max-image-preview:large, max-video-preview:-1\" \/>\n<link rel=\"canonical\" href=\"https:\/\/loanstar.com\/no\/lane-penger\/billan\/\" \/>\n<meta property=\"og:locale\" content=\"nb_NO\" \/>\n<meta property=\"og:type\" content=\"article\" \/>\n<meta property=\"og:title\" content=\"Bill\u00e5n - Bilfinansiering raskt og trygt - LoanStar Norge 2026\" \/>\n<meta property=\"og:description\" content=\"\u00d8nsker du bilfinansiering? Vi tilbyr bill\u00e5n med de beste vilk\u00e5rene. LoanStar sammenligner alle bill\u00e5n og finner l\u00e5net som er best egnet for deg. S\u00f8k gratis\" \/>\n<meta property=\"og:url\" content=\"https:\/\/loanstar.com\/no\/lane-penger\/billan\/\" \/>\n<meta property=\"og:site_name\" content=\"LoanStar Norge\" \/>\n<meta property=\"article:modified_time\" content=\"2020-02-05T11:41:36+00:00\" \/>\n<meta property=\"og:image\" content=\"http:\/\/loanstar.com\/no\/wp-content\/uploads\/sites\/2\/2018\/09\/ill_body_12-1.svg\" \/>\n<meta name=\"twitter:card\" content=\"summary_large_image\" \/>\n<meta name=\"twitter:label1\" content=\"Ansl. lesetid\" \/>\n\t<meta name=\"twitter:data1\" content=\"10 minutter\" \/>\n<script type=\"application\/ld+json\" class=\"yoast-schema-graph\">{\"@context\":\"https:\/\/schema.org\",\"@graph\":[{\"@type\":\"WebPage\",\"@id\":\"https:\/\/loanstar.com\/no\/lane-penger\/billan\/\",\"url\":\"https:\/\/loanstar.com\/no\/lane-penger\/billan\/\",\"name\":\"Bill\u00e5n - Bilfinansiering raskt og trygt - LoanStar Norge 2026\",\"isPartOf\":{\"@id\":\"https:\/\/loanstar.com\/no\/#website\"},\"datePublished\":\"2018-09-17T10:23:35+00:00\",\"dateModified\":\"2020-02-05T11:41:36+00:00\",\"description\":\"\u00d8nsker du bilfinansiering? Vi tilbyr bill\u00e5n med de beste vilk\u00e5rene. LoanStar sammenligner alle bill\u00e5n og finner l\u00e5net som er best egnet for deg. S\u00f8k gratis\",\"breadcrumb\":{\"@id\":\"https:\/\/loanstar.com\/no\/lane-penger\/billan\/#breadcrumb\"},\"inLanguage\":\"nb-NO\",\"potentialAction\":[{\"@type\":\"ReadAction\",\"target\":[\"https:\/\/loanstar.com\/no\/lane-penger\/billan\/\"]}]},{\"@type\":\"BreadcrumbList\",\"@id\":\"https:\/\/loanstar.com\/no\/lane-penger\/billan\/#breadcrumb\",\"itemListElement\":[{\"@type\":\"ListItem\",\"position\":1,\"name\":\"Norge\",\"item\":\"https:\/\/loanstar.com\/no\/\"},{\"@type\":\"ListItem\",\"position\":2,\"name\":\"L\u00e5ne penger\",\"item\":\"https:\/\/loanstar.com\/no\/lane-penger\/\"},{\"@type\":\"ListItem\",\"position\":3,\"name\":\"Bill\u00e5n\"}]},{\"@type\":\"WebSite\",\"@id\":\"https:\/\/loanstar.com\/no\/#website\",\"url\":\"https:\/\/loanstar.com\/no\/\",\"name\":\"LoanStar Norge\",\"description\":\"Finn billig forbruksl\u00e5n, sm\u00e5l\u00e5n og refinansiering av gjeld\",\"potentialAction\":[{\"@type\":\"SearchAction\",\"target\":{\"@type\":\"EntryPoint\",\"urlTemplate\":\"https:\/\/loanstar.com\/no\/?s={search_term_string}\"},\"query-input\":\"required name=search_term_string\"}],\"inLanguage\":\"nb-NO\"}]}<\/script>\n<!-- \/ Yoast SEO plugin. -->","yoast_head_json":{"title":"Bill\u00e5n - Bilfinansiering raskt og trygt - LoanStar Norge 2026","description":"\u00d8nsker du bilfinansiering? Vi tilbyr bill\u00e5n med de beste vilk\u00e5rene. LoanStar sammenligner alle bill\u00e5n og finner l\u00e5net som er best egnet for deg. S\u00f8k gratis","robots":{"index":"index","follow":"follow","max-snippet":"max-snippet:-1","max-image-preview":"max-image-preview:large","max-video-preview":"max-video-preview:-1"},"canonical":"https:\/\/loanstar.com\/no\/lane-penger\/billan\/","og_locale":"nb_NO","og_type":"article","og_title":"Bill\u00e5n - Bilfinansiering raskt og trygt - LoanStar Norge 2026","og_description":"\u00d8nsker du bilfinansiering? Vi tilbyr bill\u00e5n med de beste vilk\u00e5rene. LoanStar sammenligner alle bill\u00e5n og finner l\u00e5net som er best egnet for deg. S\u00f8k gratis","og_url":"https:\/\/loanstar.com\/no\/lane-penger\/billan\/","og_site_name":"LoanStar Norge","article_modified_time":"2020-02-05T11:41:36+00:00","og_image":[{"url":"http:\/\/loanstar.com\/no\/wp-content\/uploads\/sites\/2\/2018\/09\/ill_body_12-1.svg"}],"twitter_card":"summary_large_image","twitter_misc":{"Ansl. lesetid":"10 minutter"},"schema":{"@context":"https:\/\/schema.org","@graph":[{"@type":"WebPage","@id":"https:\/\/loanstar.com\/no\/lane-penger\/billan\/","url":"https:\/\/loanstar.com\/no\/lane-penger\/billan\/","name":"Bill\u00e5n - Bilfinansiering raskt og trygt - LoanStar Norge 2026","isPartOf":{"@id":"https:\/\/loanstar.com\/no\/#website"},"datePublished":"2018-09-17T10:23:35+00:00","dateModified":"2020-02-05T11:41:36+00:00","description":"\u00d8nsker du bilfinansiering? Vi tilbyr bill\u00e5n med de beste vilk\u00e5rene. LoanStar sammenligner alle bill\u00e5n og finner l\u00e5net som er best egnet for deg. S\u00f8k gratis","breadcrumb":{"@id":"https:\/\/loanstar.com\/no\/lane-penger\/billan\/#breadcrumb"},"inLanguage":"nb-NO","potentialAction":[{"@type":"ReadAction","target":["https:\/\/loanstar.com\/no\/lane-penger\/billan\/"]}]},{"@type":"BreadcrumbList","@id":"https:\/\/loanstar.com\/no\/lane-penger\/billan\/#breadcrumb","itemListElement":[{"@type":"ListItem","position":1,"name":"Norge","item":"https:\/\/loanstar.com\/no\/"},{"@type":"ListItem","position":2,"name":"L\u00e5ne penger","item":"https:\/\/loanstar.com\/no\/lane-penger\/"},{"@type":"ListItem","position":3,"name":"Bill\u00e5n"}]},{"@type":"WebSite","@id":"https:\/\/loanstar.com\/no\/#website","url":"https:\/\/loanstar.com\/no\/","name":"LoanStar Norge","description":"Finn billig forbruksl\u00e5n, sm\u00e5l\u00e5n og refinansiering av gjeld","potentialAction":[{"@type":"SearchAction","target":{"@type":"EntryPoint","urlTemplate":"https:\/\/loanstar.com\/no\/?s={search_term_string}"},"query-input":"required name=search_term_string"}],"inLanguage":"nb-NO"}]}},"_links":{"self":[{"href":"https:\/\/loanstar.com\/no\/wp-json\/wp\/v2\/pages\/141"}],"collection":[{"href":"https:\/\/loanstar.com\/no\/wp-json\/wp\/v2\/pages"}],"about":[{"href":"https:\/\/loanstar.com\/no\/wp-json\/wp\/v2\/types\/page"}],"author":[{"embeddable":true,"href":"https:\/\/loanstar.com\/no\/wp-json\/wp\/v2\/users\/1"}],"replies":[{"embeddable":true,"href":"https:\/\/loanstar.com\/no\/wp-json\/wp\/v2\/comments?post=141"}],"version-history":[{"count":3,"href":"https:\/\/loanstar.com\/no\/wp-json\/wp\/v2\/pages\/141\/revisions"}],"predecessor-version":[{"id":645,"href":"https:\/\/loanstar.com\/no\/wp-json\/wp\/v2\/pages\/141\/revisions\/645"}],"up":[{"embeddable":true,"href":"https:\/\/loanstar.com\/no\/wp-json\/wp\/v2\/pages\/109"}],"wp:attachment":[{"href":"https:\/\/loanstar.com\/no\/wp-json\/wp\/v2\/media?parent=141"}],"curies":[{"name":"wp","href":"https:\/\/api.w.org\/{rel}","templated":true}]}}