{"id":139,"date":"2018-09-15T09:19:16","date_gmt":"2018-09-15T09:19:16","guid":{"rendered":"http:\/\/loanstar.com\/no\/?page_id=139"},"modified":"2020-02-05T12:31:50","modified_gmt":"2020-02-05T11:31:50","slug":"refinansiering","status":"publish","type":"page","link":"https:\/\/loanstar.com\/no\/lane-penger\/refinansiering\/","title":{"rendered":"Refinansiering"},"content":{"rendered":"<h2>Refinansiering fra A til \u00c5<\/h2>\n<p>Det er mange som snakker om refinansiering, men det er ikke alle som vet hva det egentlig betyr. I denne guiden skal vi ta for oss refinansiering, strategiens mange muligheter og hva disse kan bety for deg.<\/p>\n<h2>Hva menes med refinansiering?<\/h2>\n<p><img decoding=\"async\" loading=\"lazy\" class=\"alignright wp-image-245\" src=\"http:\/\/loanstar.com\/no\/wp-content\/uploads\/sites\/2\/2018\/09\/ill_body_13.svg\" alt=\"Hva-menes-med-refinansiering\" width=\"312\" height=\"150\" \/>I bunn og grunn er refinansiering ganske enkelt. Det vil si at du tar opp et nytt l\u00e5n for \u00e5 betale ut gjeld du allerede har. \u00c5rsakene til at mange velger \u00e5 gj\u00f8re dette er flere.<\/p>\n<p>Den ene handler om rente. Dersom du i dag har et l\u00e5n med forholdsvis h\u00f8y rente, kan du refinansiere l\u00e5net og f\u00e5 tilbud om en gunstigere rentesats. Det betyr at l\u00e5net ditt blir billigere, som selvf\u00f8lgelig er fint for privat\u00f8konomien din.<\/p>\n<p>Dersom du har v\u00e6rt kunde i din n\u00e5v\u00e6rende bank i lengre tid, og har betalt inn alle avdrag som du skal, kan det v\u00e6re lurt \u00e5 forh\u00f8re deg om muligheten for en lavere rente. Da har du opparbeidet deg god betalingshistorikk, som gj\u00f8r at l\u00e5ngiver b\u00f8r kunne gjennomf\u00f8re en ny vurdering av l\u00e5neavtalen din. Dersom l\u00e5ngiver ikke er interessert i dette, b\u00f8r du ta en sjekk hos andre aktuelle l\u00e5ngivere.<\/p>\n<p>F\u00e5r du tilbud om et billigere l\u00e5n, b\u00f8r du bruke dette til \u00e5 refinansiere det l\u00e5net du allerede har. Selv om du har l\u00e5nt penger er det ingen grunn til \u00e5 betale mer enn n\u00f8dvendig.<\/p>\n<p>Blant norske l\u00e5ntakere er det vanligst \u00e5:<\/p>\n\t<div class=\"list-ticks-secondary\">\r\n\t\t<ul>\n<li>Refinansiere forbruksl\u00e5n<\/li>\n<li>Refinansiere sm\u00e5l\u00e5n<\/li>\n<li>Refinansiere kredittkort<\/li>\n<li>Refinansiere boligl\u00e5n<br \/>\n\t<\/div><!-- \/.list-ticks -->\r\n\t<\/li>\n<\/ul>\n<h3>Refinansiering er gunstig for deg med mer enn ett l\u00e5n<\/h3>\n<p>Sitter du med mer enn ett l\u00e5n? Da kan refinansiering gj\u00f8re den \u00f8konomiske situasjonen din b\u00e5de enklere og billigere. Samler du alle l\u00e5n i ett refinansieringsl\u00e5n slipper du \u00e5 m\u00e5tte ut med flere termingebyrer hver m\u00e5ned. I tillegg ender du antageligvis opp med en bedre rente.<\/p>\n<p>Det er godt \u00e5 ha full oversikt, og kun forholde seg til ett avdrag i m\u00e5neden. Dette vil hjelpe deg med \u00e5 beholde kontrollen over privat\u00f8konomien din, og unng\u00e5 purringer eller i verste fall inkassokrav. \u00c5 refinansiere inn i ett stort l\u00e5n er alts\u00e5 smart p\u00e5 mer enn \u00e9n m\u00e5te.<\/p>\n<h2>Refinansiering av forskjellige l\u00e5n<\/h2>\n<p><img decoding=\"async\" loading=\"lazy\" class=\"alignright wp-image-246\" src=\"http:\/\/loanstar.com\/no\/wp-content\/uploads\/sites\/2\/2018\/09\/ill_body_14.svg\" alt=\"Slik-kan-du-refinansiere-din-gjeld\" width=\"312\" height=\"150\" \/>Markedet for l\u00e5n uten sikkerhet har eksplodert i Norge de siste \u00e5rene. Det betyr mange akt\u00f8rer p\u00e5 banen, og en god del av dem spesialiserer seg ogs\u00e5 p\u00e5 nettopp refinansiering av gjeld. Du som l\u00e5ntaker b\u00f8r dra nytte av denne konkurransen til det fulle. Da f\u00e5r du en gunstig rente og kompetitiv l\u00e5neavtale, slik at du sparer s\u00e5 mye som mulig p\u00e5 \u00e5 refinansiere.<\/p>\n<h3>Refinansiering av forbruksl\u00e5n<\/h3>\n<p>Det er med <a href=\"http:\/\/loanstar.com\/no\/lane-penger\/smalan\/\">forbruksl\u00e5n<\/a> som med forsikringer og andre ting \u2013 du b\u00f8r holde deg oppdatert. P\u00e5 denne m\u00e5ten s\u00f8rger du for \u00e5 til enhver tid ha best mulige vilk\u00e5r p\u00e5 l\u00e5net ditt.<\/p>\n<p>Oppdager du at forbruksl\u00e5net har blitt dyrere enn markedet tilsier, b\u00f8r du definitivt ta en titt p\u00e5 muligheten for \u00e5 refinansiere det. Husk p\u00e5 at l\u00e5n uten sikkerhet har en forholdsvis h\u00f8y effektiv rente &#8211; her er det vanlig med alt fra 15 % til 25 %. N\u00e5r renten ligger s\u00e5 h\u00f8yt vil ogs\u00e5 en senkning ha stor betydning for totalkostnaden.<\/p>\n<p>I f\u00f8lgende situasjoner kan det v\u00e6re lurt \u00e5 sjekke om du kan f\u00e5 gunstigere vilk\u00e5r ved \u00e5 refinansiere forbruksl\u00e5net:<\/p>\n\t<div class=\"list-ticks-secondary\">\r\n\t\t<ul>\n<li>N\u00e5r du har sittet med forbruksl\u00e5net en stund<\/li>\n<li>N\u00e5r \u00f8konomien din har endret seg til det bedre<\/li>\n<li>N\u00e5r markedet har forandret seg<br \/>\n\t<\/div><!-- \/.list-ticks -->\r\n\t<\/li>\n<\/ul>\n<p>Dersom noen av disse gjelder for deg kan det v\u00e6re p\u00e5 tide \u00e5 sjekke om en refinansiering kan gi deg bedre vilk\u00e5r. Husk p\u00e5 \u00e5 regne p\u00e5 totalkostnaden av din n\u00e5v\u00e6rende l\u00e5nesituasjon og sammenligne denne med de alternative tilbudene du mottar.<\/p>\n<h3>Refinansiering av sm\u00e5l\u00e5n<\/h3>\n<p><a href=\"http:\/\/loanstar.com\/no\/lane-penger\/smalan\/\">Sm\u00e5l\u00e5n<\/a> er mindre forbruksl\u00e5n, gjerne p\u00e5 mellom 1000 kroner og 50.000 kroner. De sm\u00e5 l\u00e5nerammene er enkle \u00e5 ta opp, og s\u00e5nn sett er det fort gjort \u00e5 bli sittende med flere sm\u00e5l\u00e5n p\u00e5 bok. Fordi l\u00e5nene har korte nedbetalingsperioder ligger renten h\u00f8yt. Som oftest vil det v\u00e6re gunstigere \u00e5 betjene ett stort forbruksl\u00e5n enn flere sm\u00e5l\u00e5n.<\/p>\n<p>Ved \u00e5 refinansiere sm\u00e5l\u00e5n gj\u00f8r du ting enklere og mer oversiktlige for deg selv. Du f\u00e5r ett m\u00e5nedsavdrag \u00e5 forholde deg til, og slipper \u00e5 betale dobbelt opp i renter og avgifter. Videre f\u00e5r man som oftest en lavere rente n\u00e5r man tar opp et st\u00f8rre bel\u00f8p.<\/p>\n<p>Dersom du kombinerer refinansiering av sm\u00e5l\u00e5n med en skikkelig nedbetalingsplan kan du kvitte deg med gjelden raskere. Husk p\u00e5 at i tillegg til rente er nedbetalingstiden den viktigste faktoren n\u00e5r det kommer til kostnaden p\u00e5 et l\u00e5n. Alts\u00e5 l\u00f8nner det seg \u00e5 redusere denne s\u00e5 mye som mulig.<\/p>\n<p>Sett opp sm\u00e5l\u00e5nene dine slik de ser ut i dag, b\u00e5de med hensyn til totalkostnad og m\u00e5nedsavdrag. Da blir det lettere \u00e5 vurdere eventuelle refinansieringsl\u00e5n og se hvor mye du sparer p\u00e5 \u00e5 samle opp sm\u00e5l\u00e5nene.<\/p>\n<h3>Refinansiering av kredittkort<\/h3>\n<p><img decoding=\"async\" loading=\"lazy\" class=\"alignright wp-image-245\" src=\"http:\/\/loanstar.com\/no\/wp-content\/uploads\/sites\/2\/2018\/09\/ill_body_13.svg\" alt=\"Refinansiering-av-kredittkort\" width=\"312\" height=\"150\" \/>Kredittkort kan v\u00e6re et smart \u00f8konomisk verkt\u00f8y dersom man bruker det riktig. Man sparer renter p\u00e5 \u00e5 betale oppsamlede utgifter \u00e9n gang i m\u00e5neden, og kan f\u00e5 gunstige rabatter dersom man velger kredittkort med omhu. P\u00e5 bakgrunn av dette velger mange nordmenn \u00e5 g\u00e5 til anskaffelse av et kredittkort. Problemene oppst\u00e5r for de som ikke har penger til \u00e5 betale kredittkortregningen n\u00e5r den kommer.<\/p>\n<p>Kredittkort er som kjent gratis \u00e5 holde, men dersom du overskrider den rentefrie betalingsperioden vil rentene begynne \u00e5 l\u00f8pe p\u00e5 det utest\u00e5ende bel\u00f8pet ditt. Fordi man kan velge kun \u00e5 betale minstebel\u00f8pet p\u00e5 kredittkortfakturaen er det p\u00e5 denne m\u00e5ten mange som ender opp med \u00e5 skyve kredittkortgjelden foran seg. Det blir dyrt i lengden.<\/p>\n<p>I slike situasjoner er det som oftest smartere \u00e5 refinansiere kredittkortgjelden. Da kan du regne med \u00e5 f\u00e5 en lavere rente \u00e5 forholde deg til enn den du sitter med p\u00e5 kredittkortet. I tillegg f\u00e5r du faste m\u00e5nedsavdrag du m\u00e5 betale inn til l\u00e5ngiver, som s\u00f8rger for at du faktisk blir kvitt kredittkortgjelden din.<\/p>\n<h3>Refinansiering av boligl\u00e5n<\/h3>\n<p>Man kan selvf\u00f8lgelig ogs\u00e5 refinansiere boligl\u00e5net sitt. Dette er l\u00e5n med sikkerhet i boligen, som derfor har en betraktelig lavere rente enn et forbruksl\u00e5n. Allikevel er disse l\u00e5nene ogs\u00e5 kostbare, i og med at l\u00e5nerammen er stor og nedbetalingsperioden er lang. Derfor kan en renteforskjell p\u00e5 en halv eller hel prosent utgj\u00f8re en stor forskjell.<\/p>\n<p>Ved refinansiering av boligl\u00e5n er det smart \u00e5 starte med en prat i banken din. Ofte er det mulig \u00e5 reforhandle l\u00e5net der, men det kan v\u00e6re lurt \u00e5 ta en titt p\u00e5 de andre l\u00e5nemulighetene dine ogs\u00e5. Ikke ta det for gitt at du sitter med de beste vilk\u00e5rene du kan f\u00e5 i dag. De aller fleste banker er interesserte i \u00e5 beholde boligl\u00e5nskundene sine, s\u00e5 dersom du f\u00e5r tilbud om et bedre l\u00e5n i en annen bank kan du fint bruke dette som forhandlingsbrikke.<\/p>\n<h2>Er det penger \u00e5 spare p\u00e5 refinansiering?<\/h2>\n<p>Det finnes to m\u00e5ter refinansiering vil spare deg for penger p\u00e5:<\/p>\n\t<div class=\"list-ticks-secondary\">\r\n\t\t<ol>\n<li>Ved hjelp av en lavere rente og reduserte gebyrkostnader<\/li>\n<li>Ved at du selv tar et tak for privat\u00f8konomien din i forbindelse med refinansieringen<br \/>\n\t<\/div><!-- \/.list-ticks -->\r\n\t<\/li>\n<\/ol>\n<p>Ikke glem selve poenget med \u00e5 refinansiere. Strategien skal spare deg for penger, helst ved hjelp av en gunstigere effektiv rente. Dersom du samler opp flere l\u00e5n i ett refinansieringsl\u00e5n vil du ogs\u00e5 spare penger i form av f\u00e6rre gebyrkostnader.<\/p>\n<p>Den st\u00f8rste besparelsen p\u00e5 l\u00e5n uten sikkerhet f\u00e5r man imidlertid dersom man reduserer nedbetalingsperioden. N\u00e5r renten ligger h\u00f8yt og l\u00e5net er strukturert som et annuitetsl\u00e5n kalkuleres renten av det resterende gjeldsbel\u00f8pet ditt. Jo raskere du reduserer dette, jo mindre vil du m\u00e5tte betale i renter p\u00e5 lang sikt.<\/p>\n<p>S\u00e5nn sett er det lurt \u00e5 kombinere refinansiering med \u00e5 lage en god nedbetalingsplan, og satse p\u00e5 \u00e5 bli gjeldfri raskere enn banken krever av deg.<\/p>\n<h2>Slik s\u00f8ker du om refinansiering<\/h2>\n<p><img decoding=\"async\" loading=\"lazy\" class=\"alignright wp-image-252\" src=\"http:\/\/loanstar.com\/no\/wp-content\/uploads\/sites\/2\/2018\/09\/ill_gen_1.svg\" alt=\"Slik-s\u00f8ker-du-om-refinansiering\" width=\"312\" height=\"150\" \/>De fleste tilbydere av forbruksl\u00e5n vil ogs\u00e5 tilby forbruksl\u00e5n til refinansiering; og noen spesialiserer seg p\u00e5 denne tjenesten. Husk p\u00e5 at n\u00e5r du refinansierer gammel gjeld kan du f\u00e5 en lengre nedbetalingsperiode enn ved et nytt forbruksl\u00e5n. Det er videre vanlig at du f\u00e5r en gunstigere effektiv rente.<\/p>\n<p>Du s\u00f8ker om refinansiering p\u00e5 akkurat samme m\u00e5te som du s\u00f8ker om et forbruksl\u00e5n. Det kan v\u00e6re lurt \u00e5 benytte seg av en sammenligningstjeneste for \u00e5 enklere finne fram til bankene du \u00f8nsker \u00e5 s\u00f8ke hos. N\u00e5r du har gjort det fyller du inn det elektroniske s\u00f8knadsskjemaet du finner p\u00e5 bankens hjemmeside.<\/p>\n<p>I stedet for \u00e5 lete deg gjennom markedet p\u00e5 egen h\u00e5nd er det ogs\u00e5 et alternativ \u00e5 bruke en\u00a0<a href=\"https:\/\/www.finanstilsynet.no\/tema\/fintech\/fintech--informasjon-om-konsesjonskrav-og-soknadsprosess\/laneformidling\/\" target=\"_blank\" rel=\"noopener noreferrer\">l\u00e5neformidler<\/a>. Her vil s\u00f8knaden din sendes ut p\u00e5 anbud til formidlerens samarbeidspartnere, og du mottar de beste tilbudene i retur. Tjenestene er gratis og uforpliktende.<\/p>\n<p>N\u00e5r du har valgt det l\u00e5net du vil ha bruker du det nye l\u00e5nebel\u00f8pet til \u00e5 innfri den eksisterende gjelden din. De fleste kreditorer vil kunne hjelpe deg med denne prosessen, slik at det eneste du trenger \u00e5 gj\u00f8re er \u00e5 begynne \u00e5 betale inn de nye m\u00e5nedsavdragene dine.<\/p>\n<h2>Refinansiering oppsummert<\/h2>\n<p><img decoding=\"async\" loading=\"lazy\" class=\"alignright wp-image-39\" src=\"http:\/\/loanstar.com\/no\/wp-content\/uploads\/sites\/2\/2018\/09\/ico-section-description-img-1.svg\" alt=\"Refinansiering-oppsummert\" width=\"312\" height=\"133\" \/>Refinansiering er en strategi for \u00e5 redusere kostnadene p\u00e5 l\u00e5net sitt. I praksis flytter man eksisterende gjeld over i et nytt l\u00e5n med bedre vilk\u00e5r enn det foreg\u00e5ende.\u00a0Det er vanlig \u00e5 refinansiere forbruksl\u00e5n, sm\u00e5l\u00e5n, kredittkortgjeld og boligl\u00e5n. Felles for dem alle er at en reduksjon i nedbetalingstiden vil bidra ytterligere til besparelsen.<\/p>\n<p>Dersom du sitter med mer enn ett l\u00e5n p\u00e5 bok vil det nesten alltid l\u00f8nne seg \u00e5 refinansiere. Da slipper du \u00e5 betale dobbelt opp med gebyrer og f\u00e5r i de fleste tilfeller en gunstigere rente.<\/p>\n<p>For \u00e5 f\u00e5 et s\u00e5 gunstig tilbud som mulig p\u00e5 refinansieringsl\u00e5net er det lurt \u00e5 benytte seg av en l\u00e5neformidler i s\u00f8knadsprosessen. Dette er kostnadsfritt, men gir deg en god oversikt over markedet, samt en kompetitiv effektiv rente.<\/p>\n","protected":false},"excerpt":{"rendered":"<p>Refinansiering fra A til \u00c5 Det er mange som snakker om refinansiering, men det er ikke alle som vet hva&#8230;<\/p>\n","protected":false},"author":1,"featured_media":0,"parent":109,"menu_order":0,"comment_status":"closed","ping_status":"closed","template":"templates\/calculator-follow-up.php","meta":{"footnotes":""},"yoast_head":"<!-- This site is optimized with the Yoast SEO plugin v21.0 - https:\/\/yoast.com\/wordpress\/plugins\/seo\/ -->\n<title>Refinansiering - Samle l\u00e5n og gjeld - LoanStar Norge 2026<\/title>\n<meta name=\"description\" content=\"Trenger du \u00e5 refinansiere dyre sm\u00e5l\u00e5n? Refiansiering fra LoanStar kan gi deg penger umiddelbart. S\u00f8k gratis om refinansiering opptil 600.000 kr.\" \/>\n<meta name=\"robots\" content=\"index, follow, max-snippet:-1, max-image-preview:large, max-video-preview:-1\" \/>\n<link rel=\"canonical\" href=\"https:\/\/loanstar.com\/no\/lane-penger\/refinansiering\/\" \/>\n<meta property=\"og:locale\" content=\"nb_NO\" \/>\n<meta property=\"og:type\" content=\"article\" \/>\n<meta property=\"og:title\" content=\"Refinansiering - Samle l\u00e5n og gjeld - LoanStar Norge 2026\" \/>\n<meta property=\"og:description\" content=\"Trenger du \u00e5 refinansiere dyre sm\u00e5l\u00e5n? Refiansiering fra LoanStar kan gi deg penger umiddelbart. S\u00f8k gratis om refinansiering opptil 600.000 kr.\" \/>\n<meta property=\"og:url\" content=\"https:\/\/loanstar.com\/no\/lane-penger\/refinansiering\/\" \/>\n<meta property=\"og:site_name\" content=\"LoanStar Norge\" \/>\n<meta property=\"article:modified_time\" content=\"2020-02-05T11:31:50+00:00\" \/>\n<meta property=\"og:image\" content=\"http:\/\/loanstar.com\/no\/wp-content\/uploads\/sites\/2\/2018\/09\/ill_body_13.svg\" \/>\n<meta name=\"twitter:card\" content=\"summary_large_image\" \/>\n<meta name=\"twitter:label1\" content=\"Ansl. lesetid\" \/>\n\t<meta name=\"twitter:data1\" content=\"9 minutter\" \/>\n<script type=\"application\/ld+json\" class=\"yoast-schema-graph\">{\"@context\":\"https:\/\/schema.org\",\"@graph\":[{\"@type\":\"WebPage\",\"@id\":\"https:\/\/loanstar.com\/no\/lane-penger\/refinansiering\/\",\"url\":\"https:\/\/loanstar.com\/no\/lane-penger\/refinansiering\/\",\"name\":\"Refinansiering - Samle l\u00e5n og gjeld - LoanStar Norge 2026\",\"isPartOf\":{\"@id\":\"https:\/\/loanstar.com\/no\/#website\"},\"datePublished\":\"2018-09-15T09:19:16+00:00\",\"dateModified\":\"2020-02-05T11:31:50+00:00\",\"description\":\"Trenger du \u00e5 refinansiere dyre sm\u00e5l\u00e5n? Refiansiering fra LoanStar kan gi deg penger umiddelbart. S\u00f8k gratis om refinansiering opptil 600.000 kr.\",\"breadcrumb\":{\"@id\":\"https:\/\/loanstar.com\/no\/lane-penger\/refinansiering\/#breadcrumb\"},\"inLanguage\":\"nb-NO\",\"potentialAction\":[{\"@type\":\"ReadAction\",\"target\":[\"https:\/\/loanstar.com\/no\/lane-penger\/refinansiering\/\"]}]},{\"@type\":\"BreadcrumbList\",\"@id\":\"https:\/\/loanstar.com\/no\/lane-penger\/refinansiering\/#breadcrumb\",\"itemListElement\":[{\"@type\":\"ListItem\",\"position\":1,\"name\":\"Norge\",\"item\":\"https:\/\/loanstar.com\/no\/\"},{\"@type\":\"ListItem\",\"position\":2,\"name\":\"L\u00e5ne penger\",\"item\":\"https:\/\/loanstar.com\/no\/lane-penger\/\"},{\"@type\":\"ListItem\",\"position\":3,\"name\":\"Refinansiering\"}]},{\"@type\":\"WebSite\",\"@id\":\"https:\/\/loanstar.com\/no\/#website\",\"url\":\"https:\/\/loanstar.com\/no\/\",\"name\":\"LoanStar Norge\",\"description\":\"Finn billig forbruksl\u00e5n, sm\u00e5l\u00e5n og refinansiering av gjeld\",\"potentialAction\":[{\"@type\":\"SearchAction\",\"target\":{\"@type\":\"EntryPoint\",\"urlTemplate\":\"https:\/\/loanstar.com\/no\/?s={search_term_string}\"},\"query-input\":\"required name=search_term_string\"}],\"inLanguage\":\"nb-NO\"}]}<\/script>\n<!-- \/ Yoast SEO plugin. -->","yoast_head_json":{"title":"Refinansiering - Samle l\u00e5n og gjeld - LoanStar Norge 2026","description":"Trenger du \u00e5 refinansiere dyre sm\u00e5l\u00e5n? Refiansiering fra LoanStar kan gi deg penger umiddelbart. S\u00f8k gratis om refinansiering opptil 600.000 kr.","robots":{"index":"index","follow":"follow","max-snippet":"max-snippet:-1","max-image-preview":"max-image-preview:large","max-video-preview":"max-video-preview:-1"},"canonical":"https:\/\/loanstar.com\/no\/lane-penger\/refinansiering\/","og_locale":"nb_NO","og_type":"article","og_title":"Refinansiering - Samle l\u00e5n og gjeld - LoanStar Norge 2026","og_description":"Trenger du \u00e5 refinansiere dyre sm\u00e5l\u00e5n? Refiansiering fra LoanStar kan gi deg penger umiddelbart. S\u00f8k gratis om refinansiering opptil 600.000 kr.","og_url":"https:\/\/loanstar.com\/no\/lane-penger\/refinansiering\/","og_site_name":"LoanStar Norge","article_modified_time":"2020-02-05T11:31:50+00:00","og_image":[{"url":"http:\/\/loanstar.com\/no\/wp-content\/uploads\/sites\/2\/2018\/09\/ill_body_13.svg"}],"twitter_card":"summary_large_image","twitter_misc":{"Ansl. lesetid":"9 minutter"},"schema":{"@context":"https:\/\/schema.org","@graph":[{"@type":"WebPage","@id":"https:\/\/loanstar.com\/no\/lane-penger\/refinansiering\/","url":"https:\/\/loanstar.com\/no\/lane-penger\/refinansiering\/","name":"Refinansiering - Samle l\u00e5n og gjeld - LoanStar Norge 2026","isPartOf":{"@id":"https:\/\/loanstar.com\/no\/#website"},"datePublished":"2018-09-15T09:19:16+00:00","dateModified":"2020-02-05T11:31:50+00:00","description":"Trenger du \u00e5 refinansiere dyre sm\u00e5l\u00e5n? Refiansiering fra LoanStar kan gi deg penger umiddelbart. S\u00f8k gratis om refinansiering opptil 600.000 kr.","breadcrumb":{"@id":"https:\/\/loanstar.com\/no\/lane-penger\/refinansiering\/#breadcrumb"},"inLanguage":"nb-NO","potentialAction":[{"@type":"ReadAction","target":["https:\/\/loanstar.com\/no\/lane-penger\/refinansiering\/"]}]},{"@type":"BreadcrumbList","@id":"https:\/\/loanstar.com\/no\/lane-penger\/refinansiering\/#breadcrumb","itemListElement":[{"@type":"ListItem","position":1,"name":"Norge","item":"https:\/\/loanstar.com\/no\/"},{"@type":"ListItem","position":2,"name":"L\u00e5ne penger","item":"https:\/\/loanstar.com\/no\/lane-penger\/"},{"@type":"ListItem","position":3,"name":"Refinansiering"}]},{"@type":"WebSite","@id":"https:\/\/loanstar.com\/no\/#website","url":"https:\/\/loanstar.com\/no\/","name":"LoanStar Norge","description":"Finn billig forbruksl\u00e5n, sm\u00e5l\u00e5n og refinansiering av gjeld","potentialAction":[{"@type":"SearchAction","target":{"@type":"EntryPoint","urlTemplate":"https:\/\/loanstar.com\/no\/?s={search_term_string}"},"query-input":"required name=search_term_string"}],"inLanguage":"nb-NO"}]}},"_links":{"self":[{"href":"https:\/\/loanstar.com\/no\/wp-json\/wp\/v2\/pages\/139"}],"collection":[{"href":"https:\/\/loanstar.com\/no\/wp-json\/wp\/v2\/pages"}],"about":[{"href":"https:\/\/loanstar.com\/no\/wp-json\/wp\/v2\/types\/page"}],"author":[{"embeddable":true,"href":"https:\/\/loanstar.com\/no\/wp-json\/wp\/v2\/users\/1"}],"replies":[{"embeddable":true,"href":"https:\/\/loanstar.com\/no\/wp-json\/wp\/v2\/comments?post=139"}],"version-history":[{"count":9,"href":"https:\/\/loanstar.com\/no\/wp-json\/wp\/v2\/pages\/139\/revisions"}],"predecessor-version":[{"id":642,"href":"https:\/\/loanstar.com\/no\/wp-json\/wp\/v2\/pages\/139\/revisions\/642"}],"up":[{"embeddable":true,"href":"https:\/\/loanstar.com\/no\/wp-json\/wp\/v2\/pages\/109"}],"wp:attachment":[{"href":"https:\/\/loanstar.com\/no\/wp-json\/wp\/v2\/media?parent=139"}],"curies":[{"name":"wp","href":"https:\/\/api.w.org\/{rel}","templated":true}]}}