{"id":120,"date":"2018-09-13T12:39:25","date_gmt":"2018-09-13T12:39:25","guid":{"rendered":"http:\/\/loanstar.com\/norway\/?page_id=120"},"modified":"2020-02-05T12:37:50","modified_gmt":"2020-02-05T11:37:50","slug":"smalan","status":"publish","type":"page","link":"https:\/\/loanstar.com\/no\/lane-penger\/smalan\/","title":{"rendered":"Sm\u00e5l\u00e5n"},"content":{"rendered":"<h2>Alt du trenger \u00e5 vite om sm\u00e5l\u00e5n<\/h2>\n<p>Sm\u00e5l\u00e5n er mindre forbruksl\u00e5n. Dette er alts\u00e5 l\u00e5n uten sikkerhet, der l\u00e5ngiver ikke tar pant i noen av eiendelene dine n\u00e5r s\u00f8knaden innvilges.<\/p>\n<p><img decoding=\"async\" loading=\"lazy\" class=\"wp-image-288 alignright\" src=\"http:\/\/loanstar.com\/no\/wp-content\/uploads\/sites\/2\/2018\/10\/home_ill_1.svg\" alt=\"Alt-du-trenger-\u00e5-vite-om-sm\u00e5l\u00e5n\" width=\"312\" height=\"150\" \/><\/p>\n<p>Tommelfingerregelen for sm\u00e5l\u00e5n er at l\u00e5nerammen ligger p\u00e5 mellom 1000 kroner og opptil cirka 70.000 kroner. Dette betyr ogs\u00e5 at nedbetalingsperioden p\u00e5 sm\u00e5l\u00e5n generelt er kortere enn p\u00e5 st\u00f8rre forbruksl\u00e5n.<\/p>\n<p>L\u00e5neform\u00e5lene p\u00e5 sm\u00e5l\u00e5n varierer, men som oftest handler det om uforutsette utgifter. L\u00e5ntakerne har enten ikke spart opp en god nok buffer til \u00e5 takle utgiften selv &#8211; eller \u00f8nsker ikke \u00e5 bruke tid p\u00e5 \u00e5 spare opp pengene. Uansett hva du \u00f8nsker \u00e5 bruke et sm\u00e5l\u00e5n til kommer l\u00e5ngiver ikke til \u00e5 legge seg opp i hvordan du disponerer l\u00e5nebel\u00f8pet.<\/p>\n<h2>Sm\u00e5l\u00e5n kontra kredittkort<\/h2>\n<p><img decoding=\"async\" loading=\"lazy\" class=\"alignleft wp-image-252\" src=\"http:\/\/loanstar.com\/no\/wp-content\/uploads\/sites\/2\/2018\/09\/ill_gen_1.svg\" alt=\"Sm\u00e5l\u00e5n-kontra-kredittkort\" width=\"312\" height=\"150\" \/>N\u00e5r man l\u00e5ner sm\u00e5 bel\u00f8p uten sikkerhet blir renten liggende h\u00f8yt. Mange tenker derfor at sm\u00e5l\u00e5n er ugunstige, og velger heller et kredittkort som l\u00f8sning p\u00e5 akutte pengebehov. For at dette skal l\u00f8nne seg m\u00e5 du imidlertid kunne betale kredittkortregningen n\u00e5r denne kommer.<\/p>\n<p>Kredittkort kommer nemlig ogs\u00e5 med en h\u00f8y effektiv rente, vanligvis p\u00e5 mellom 25 % og 30 %. P\u00e5 kredittkort er det i tillegg mulig \u00e5 skyve gjelden foran seg. S\u00e5 lenge du betaler minstebel\u00f8pet p\u00e5 hver faktura kan gjelden din bli liggende lenge &#8211; og da blir den sv\u00e6rt kostbar.<\/p>\n<p>S\u00e5nn sett kan et sm\u00e5l\u00e5n med en fastsatt og kort nedbetalingsperiode v\u00e6re et billigere alternativ. Da m\u00e5 du holde deg til nedbetalingsplanen, og slipper h\u00f8yere rentekostnader enn du opprinnelig hadde planlagt for.<\/p>\n<h2>Hva er egentlig SMS-l\u00e5n, mikrol\u00e5n og sm\u00e5l\u00e5n?<\/h2>\n<p><img decoding=\"async\" loading=\"lazy\" class=\"alignright wp-image-234\" src=\"http:\/\/loanstar.com\/no\/wp-content\/uploads\/sites\/2\/2018\/09\/ill_body_2.svg\" alt=\"sms-lan-smalan-mikrolan\" width=\"312\" height=\"150\" \/>Markedet for l\u00e5n uten sikkerhet har vokst enormt det siste ti\u00e5ret. Sammen med veksten har det kommet flere nye begreper p\u00e5 banen. De vanligste du vil komme over i tillegg til sm\u00e5l\u00e5nsnavnet er mikrol\u00e5n og SMS-l\u00e5n.<\/p>\n<p>Begrepene brukes om hverandre, men generelt brukes mikrol\u00e5n om l\u00e5nerammer som ikke er st\u00f8rre enn 20.000 kroner. Det er derimot ikke noen forskjell p\u00e5 strukturen til sm\u00e5l\u00e5n og mikrol\u00e5n. Begge er usikrede l\u00e5n som innvilges uten pant og utbetales i l\u00f8pet av kort tid etter s\u00f8knaden er behandlet.<\/p>\n<p>Navnet SMS-l\u00e5n har sin opprinnelse i nabolandet v\u00e5rt, Sverige. Her er det nemlig mulig \u00e5 f\u00e5 innvilget usikrede l\u00e5n via tekstmelding. Kreditorer som innvilger de helt sm\u00e5 l\u00e5nerammene tilbyr i visse tilfeller en s\u00f8knadsprosess via SMS, inkludert signering av l\u00e5neavtalen. Dette er imidlertid ikke mulig p\u00e5 det norske markedet.<\/p>\n<h2>Hva koster sm\u00e5l\u00e5n?<\/h2>\n<p>L\u00e5n uten sikkerhet er kostbare. L\u00e5ngiver tar en betydelig h\u00f8yere risiko enn ved sikrede l\u00e5n, der panteobjektet gir banken st\u00f8rre trygghet. P\u00e5 sm\u00e5l\u00e5n kan den effektive renten ligge p\u00e5 alt fra rundt 15 % og opp til flere hundre prosent.<\/p>\n<p>Du kommer imidlertid ikke til \u00e5 m\u00e5tte betale l\u00e5nerammen din flere ganger i bare renteutgifter. Grunnen til at renten blir liggende s\u00e5 h\u00f8yt p\u00e5 de aller minste sm\u00e5l\u00e5nene er at de skal tilbakebetales i l\u00f8pet av noen uker. For at l\u00e5ngiver skal tjene penger p\u00e5 virksomheten sin m\u00e5 dermed renten settes h\u00f8yt.<\/p>\n<p>Noen sm\u00e5l\u00e5n kommer med b\u00e5de etablerings- og termingebyr, mens andre tilbys uten ekstragebyrer helt og holdent. Som en tommelfingerregel kan vi si at dersom du skal ta opp et st\u00f8rre sm\u00e5l\u00e5n m\u00e5 du regne med \u00e5 betale begge deler. Skal du p\u00e5 den annen side l\u00e5ne noen f\u00e5 tusenlapper slipper du sannsynligvis unna noen st\u00f8rre gebyrer.<\/p>\n<p>Et etableringsgebyr er et engangsgebyr l\u00e5ngiver tar for \u00e5 opprette l\u00e5neavtalen. Du betaler det ved oppstart av l\u00e5neperioden din. Termingebyret betaler man hver m\u00e5ned, sammen med avdraget til kreditor. Det er vanlig at termingebyret ligger p\u00e5 mellom 30 og 50 kroner.<\/p>\n<p>V\u00e6r oppmerksom p\u00e5 forskjellen mellom nominell og effektiv rente p\u00e5 sm\u00e5l\u00e5n. Den nominelle renten er det du betaler for \u00e5 l\u00e5ne penger av banken. Effektiv rente ligger h\u00f8yere, og inkluderer ogs\u00e5 termingebyr og etableringsgebyr p\u00e5 l\u00e5net.<\/p>\n<h2>L\u00e5neprosessen for sm\u00e5l\u00e5n uten sikkerhet<\/h2>\n<p><img decoding=\"async\" loading=\"lazy\" class=\"alignleft wp-image-289\" src=\"http:\/\/loanstar.com\/no\/wp-content\/uploads\/sites\/2\/2018\/10\/home_ill_2.svg\" alt=\"sm\u00e5l\u00e5n-uten-sikkerhet\" width=\"312\" height=\"150\" \/>Takket v\u00e6re den teknologiske alderen vi lever i er det enkelt \u00e5 s\u00f8ke om sm\u00e5l\u00e5n. Prosessen kan gjennomf\u00f8res helt digitalt, som ogs\u00e5 betyr at den er effektiv. Fra du s\u00f8ker og til du har pengene p\u00e5 konto kan det g\u00e5 s\u00e5 lite som \u00e9n virkedag.<\/p>\n<p>S\u00f8knadsprosessen foreg\u00e5r via nettsiden til den eller de l\u00e5ngiverne du \u00f8nsker \u00e5 s\u00f8ke hos. Her finnes det et helautomatisk system som sender din s\u00f8knad gjennom en kredittvurdering. Det vil si at informasjonen du har angitt sjekkes opp mot opplysninger fra et kredittopplysningsbyr\u00e5. Blant annet blir ligningen din sjekket tre \u00e5r tilbake i tid. Resultatet av kredittsjekken vil v\u00e6re helt avgj\u00f8rende for om du f\u00e5r l\u00e5ne penger, hvor mye du f\u00e5r l\u00e5ne og hvilken rentesats du f\u00e5r tilbud om.<\/p>\n<p>Dersom du ikke innfrir minimumskravene til l\u00e5ngiver kan du vurdere \u00e5 be noen om \u00e5 v\u00e6re meds\u00f8ker, alts\u00e5 \u00e5 s\u00f8ke om sm\u00e5l\u00e5net sammen med deg. Her skal man imidlertid tr\u00e5 varsomt og velge personen med forsiktighet. Generelt anbefales det kun n\u00e6re familierelasjoner \u00e5 v\u00e6re meds\u00f8kere for hverandre. Det er fordi meds\u00f8ker blir sittende med det samme \u00f8konomiske ansvaret som hoveds\u00f8ker dersom s\u00f8knaden innvilges.<\/p>\n<h3>Elektronisk innsendelse av dokumenter<\/h3>\n<p>Som del av s\u00f8knadsprosessen kan det hende at banken vil be om tilleggsdokumentasjon fra deg. Dette kan v\u00e6re ting som l\u00f8nnsslippen din, bevis p\u00e5 en nylig adresseendring eller lignende ekstraopplysninger. Hos de aller fleste banker er det i dag mulig \u00e5 sende inn dokumentene per sikret epost, som gj\u00f8r s\u00f8knadsbehandlingen enda mer effektiv.<\/p>\n<p>Dersom du skal l\u00e5ne et lite bel\u00f8p er det lite sannsynlig at kreditor vil be om denne typen dokumentasjon. Dette er vanligere p\u00e5 de litt st\u00f8rre l\u00e5nerammene.<\/p>\n<h3>Sm\u00e5l\u00e5n ved hjelp av en l\u00e5neformidler<\/h3>\n<p>For \u00e5 skaffe s\u00e5 gunstige vilk\u00e5r som mulig p\u00e5 sm\u00e5l\u00e5net ditt kan det v\u00e6re lurt \u00e5 bruke en l\u00e5neformidler. En l\u00e5neformidler samarbeider med flere tilbydere av sm\u00e5l\u00e5n og formidler din l\u00e5nes\u00f8knad til dem. Tjenesten er gratis og uforpliktende for deg \u00e5 bruke.<\/p>\n<p>N\u00e5r du fyller ut s\u00f8knadsskjemaet og sender det inn vil samarbeidsbankene til l\u00e5neformidleren g\u00e5 gjennom den vanlige s\u00f8knadsprosessen sin. Deretter utarbeides det et tilbud som sendes tilbake til formidlingstjenesten. Du f\u00e5r beskjed n\u00e5r alle bankene har svart, og kan dermed velge det beste tilbudet p\u00e5 sm\u00e5l\u00e5n.<\/p>\n<h2>Kravene til deg som vil ta opp et sm\u00e5l\u00e5n<\/h2>\n<p><img decoding=\"async\" loading=\"lazy\" class=\"alignright wp-image-250\" src=\"http:\/\/loanstar.com\/no\/wp-content\/uploads\/sites\/2\/2018\/09\/ill_body_18.svg\" alt=\"Krav-til-a-ta-opp-et-sm\u00e5l\u00e5n\" width=\"312\" height=\"150\" \/>Det er flere minstekrav du m\u00e5 innfri n\u00e5r du skal s\u00f8ke om sm\u00e5l\u00e5n. Disse vil variere fra l\u00e5ngiver til l\u00e5ngiver, s\u00e5 det er viktig \u00e5 forsikre seg om at man ligger godt an hos samtlige kreditorer man s\u00f8ker hos.<\/p>\n<p>For det f\u00f8rste er aldersgrensen p\u00e5 alle former for l\u00e5n i Norge 18 \u00e5r. Det er imidlertid vanligere med en aldersgrense som ligger h\u00f8yere enn dette, generelt p\u00e5 mellom 20 og 23 \u00e5r.<\/p>\n<p>Videre m\u00e5 det finnes en viss stabilitet i privat\u00f8konomien din for at kreditor skal godkjenne l\u00e5nes\u00f8knaden. Dette handler da om at du har en fast inntekt (de fleste banker har en minimumsgrense p\u00e5 denne), fast adresse og er folkeregistrert som bosatt i Norge. Hos visse tilbydere m\u00e5 du ha bodd i landet i minst tre \u00e5r for \u00e5 kunne s\u00f8ke.<\/p>\n<p>Husk p\u00e5 at\u00a0<a href=\"https:\/\/www.finanstilsynet.no\/forbrukerinformasjon\/bank-og-finans\/\" target=\"_blank\" rel=\"noopener noreferrer\">finansinstitusjoner<\/a> som opererer i Norge er p\u00e5lagte \u00e5 ikke l\u00e5ne ut penger til personer som ikke kan betjene l\u00e5nerammen sin. Det betyr at dersom inntekten din er for lav i forhold til utgiftene dine, f\u00e5r du ikke l\u00e5ne penger. Dette gjelder uansett hvor lite ditt \u00f8nskede l\u00e5nebel\u00f8p er.<\/p>\n<h3>\u00c5 f\u00e5 l\u00e5n uten sikkerhet med betalingsanmerkning<\/h3>\n<p>Dersom du har betalingsanmerkninger f\u00e5r du normalt ikke l\u00e5ne penger uten sikkerhet, heller ikke sm\u00e5l\u00e5n. Privat\u00f8konomien din er bankens eneste sikkerhet p\u00e5 denne typen l\u00e5n. Dersom du sitter med en betalingsanmerkning p\u00e5 bok vil banken anse deg som en l\u00e5ns\u00f8ker med for h\u00f8y risiko til \u00e5 godkjenne.<\/p>\n<p>Det finnes imidlertid noen f\u00e5 banker som er villig til \u00e5 hjelpe deg som har betalingsanmerkninger. Da er gjerne kravet at du kan stille med sikkerhet, for eksempel i bolig, og at pengene skal brukes til \u00e5 <a href=\"http:\/\/loanstar.com\/no\/lane-penger\/refinansiering\/\">refinansiere<\/a> annen dyr gjeld. Dersom du vurderer \u00e5 s\u00f8ke om sm\u00e5l\u00e5n er sannsynligheten alts\u00e5 sv\u00e6rt liten for \u00e5 f\u00e5 et l\u00e5n innvilget med betalingsanmerkning.<\/p>\n<h2>Sm\u00e5l\u00e5n \u2013 En oppsummering<\/h2>\n<p><img decoding=\"async\" loading=\"lazy\" class=\"alignleft wp-image-252\" src=\"http:\/\/loanstar.com\/no\/wp-content\/uploads\/sites\/2\/2018\/09\/ill_gen_1.svg\" alt=\"Smalan-oppsummering\" width=\"312\" height=\"150\" \/>Sm\u00e5l\u00e5n er mindre forbruksl\u00e5n, som oftest med en h\u00f8y effektiv rente og kort nedbetalingsperiode. L\u00e5nene er prim\u00e6rt tenkt til \u00e5 finansiere mindre prosjekter eller behov der l\u00e5ntaker ikke har spart opp det n\u00f8dvendige bel\u00f8pet selv.<\/p>\n<p>Generelt kan man si at l\u00e5nerammen p\u00e5 sm\u00e5l\u00e5n ligger p\u00e5 mellom 1000 kroner og opp til 50.000 kroner. For \u00e5 unng\u00e5 un\u00f8dvendige kostnader er det viktig at du setter opp et godt budsjett og aldri l\u00e5ner mer enn du vet at du kan betale tilbake.<\/p>\n<p>Bruk den effektive renten som utgangspunkt for sammenligning av forskjellige l\u00e5n du f\u00e5r tilbud om. For \u00e5 gj\u00f8re s\u00f8knadsprosessen s\u00e5 enkel og effektiv som mulig kan det v\u00e6re lurt \u00e5 s\u00f8ke om sm\u00e5l\u00e5n via en l\u00e5neformidler. Da f\u00e5r du flere tilbud med \u00e9n enkelt s\u00f8knad og kan f\u00f8le deg sikker p\u00e5 at du har dratt nytte av markedskonkurransen.<\/p>\n","protected":false},"excerpt":{"rendered":"<p>Alt du trenger \u00e5 vite om sm\u00e5l\u00e5n Sm\u00e5l\u00e5n er mindre forbruksl\u00e5n. Dette er alts\u00e5 l\u00e5n uten sikkerhet, der l\u00e5ngiver ikke&#8230;<\/p>\n","protected":false},"author":1,"featured_media":0,"parent":109,"menu_order":0,"comment_status":"closed","ping_status":"closed","template":"templates\/calculator-follow-up.php","meta":{"footnotes":""},"yoast_head":"<!-- This site is optimized with the Yoast SEO plugin v21.0 - https:\/\/yoast.com\/wordpress\/plugins\/seo\/ -->\n<title>Finn beste sm\u00e5l\u00e5n - L\u00e5n p\u00e5 dagen - LoanStar 2026<\/title>\n<meta name=\"description\" content=\"Trenger du l\u00e5n p\u00e5 dagen? LoanStar sammenligner alle bankene slik at du f\u00e5r de beste vilk\u00e5rene. Skaff deg et sm\u00e5l\u00e5n, mikrol\u00e5n eller minil\u00e5n uten sikkerhet.\" \/>\n<meta name=\"robots\" content=\"index, follow, max-snippet:-1, max-image-preview:large, max-video-preview:-1\" \/>\n<link rel=\"canonical\" href=\"https:\/\/loanstar.com\/no\/lane-penger\/smalan\/\" \/>\n<meta property=\"og:locale\" content=\"nb_NO\" \/>\n<meta property=\"og:type\" content=\"article\" \/>\n<meta property=\"og:title\" content=\"Finn beste sm\u00e5l\u00e5n - L\u00e5n p\u00e5 dagen - LoanStar 2026\" \/>\n<meta property=\"og:description\" content=\"Trenger du l\u00e5n p\u00e5 dagen? LoanStar sammenligner alle bankene slik at du f\u00e5r de beste vilk\u00e5rene. Skaff deg et sm\u00e5l\u00e5n, mikrol\u00e5n eller minil\u00e5n uten sikkerhet.\" \/>\n<meta property=\"og:url\" content=\"https:\/\/loanstar.com\/no\/lane-penger\/smalan\/\" \/>\n<meta property=\"og:site_name\" content=\"LoanStar Norge\" \/>\n<meta property=\"article:modified_time\" content=\"2020-02-05T11:37:50+00:00\" \/>\n<meta property=\"og:image\" content=\"http:\/\/loanstar.com\/no\/wp-content\/uploads\/sites\/2\/2018\/10\/home_ill_1.svg\" \/>\n<meta name=\"twitter:card\" content=\"summary_large_image\" \/>\n<meta name=\"twitter:label1\" content=\"Ansl. lesetid\" \/>\n\t<meta name=\"twitter:data1\" content=\"8 minutter\" \/>\n<script type=\"application\/ld+json\" class=\"yoast-schema-graph\">{\"@context\":\"https:\/\/schema.org\",\"@graph\":[{\"@type\":\"WebPage\",\"@id\":\"https:\/\/loanstar.com\/no\/lane-penger\/smalan\/\",\"url\":\"https:\/\/loanstar.com\/no\/lane-penger\/smalan\/\",\"name\":\"Finn beste sm\u00e5l\u00e5n - L\u00e5n p\u00e5 dagen - LoanStar 2026\",\"isPartOf\":{\"@id\":\"https:\/\/loanstar.com\/no\/#website\"},\"datePublished\":\"2018-09-13T12:39:25+00:00\",\"dateModified\":\"2020-02-05T11:37:50+00:00\",\"description\":\"Trenger du l\u00e5n p\u00e5 dagen? LoanStar sammenligner alle bankene slik at du f\u00e5r de beste vilk\u00e5rene. Skaff deg et sm\u00e5l\u00e5n, mikrol\u00e5n eller minil\u00e5n uten sikkerhet.\",\"breadcrumb\":{\"@id\":\"https:\/\/loanstar.com\/no\/lane-penger\/smalan\/#breadcrumb\"},\"inLanguage\":\"nb-NO\",\"potentialAction\":[{\"@type\":\"ReadAction\",\"target\":[\"https:\/\/loanstar.com\/no\/lane-penger\/smalan\/\"]}]},{\"@type\":\"BreadcrumbList\",\"@id\":\"https:\/\/loanstar.com\/no\/lane-penger\/smalan\/#breadcrumb\",\"itemListElement\":[{\"@type\":\"ListItem\",\"position\":1,\"name\":\"Norge\",\"item\":\"https:\/\/loanstar.com\/no\/\"},{\"@type\":\"ListItem\",\"position\":2,\"name\":\"L\u00e5ne penger\",\"item\":\"https:\/\/loanstar.com\/no\/lane-penger\/\"},{\"@type\":\"ListItem\",\"position\":3,\"name\":\"Sm\u00e5l\u00e5n\"}]},{\"@type\":\"WebSite\",\"@id\":\"https:\/\/loanstar.com\/no\/#website\",\"url\":\"https:\/\/loanstar.com\/no\/\",\"name\":\"LoanStar Norge\",\"description\":\"Finn billig forbruksl\u00e5n, sm\u00e5l\u00e5n og refinansiering av gjeld\",\"potentialAction\":[{\"@type\":\"SearchAction\",\"target\":{\"@type\":\"EntryPoint\",\"urlTemplate\":\"https:\/\/loanstar.com\/no\/?s={search_term_string}\"},\"query-input\":\"required name=search_term_string\"}],\"inLanguage\":\"nb-NO\"}]}<\/script>\n<!-- \/ Yoast SEO plugin. -->","yoast_head_json":{"title":"Finn beste sm\u00e5l\u00e5n - L\u00e5n p\u00e5 dagen - LoanStar 2026","description":"Trenger du l\u00e5n p\u00e5 dagen? LoanStar sammenligner alle bankene slik at du f\u00e5r de beste vilk\u00e5rene. Skaff deg et sm\u00e5l\u00e5n, mikrol\u00e5n eller minil\u00e5n uten sikkerhet.","robots":{"index":"index","follow":"follow","max-snippet":"max-snippet:-1","max-image-preview":"max-image-preview:large","max-video-preview":"max-video-preview:-1"},"canonical":"https:\/\/loanstar.com\/no\/lane-penger\/smalan\/","og_locale":"nb_NO","og_type":"article","og_title":"Finn beste sm\u00e5l\u00e5n - L\u00e5n p\u00e5 dagen - LoanStar 2026","og_description":"Trenger du l\u00e5n p\u00e5 dagen? LoanStar sammenligner alle bankene slik at du f\u00e5r de beste vilk\u00e5rene. Skaff deg et sm\u00e5l\u00e5n, mikrol\u00e5n eller minil\u00e5n uten sikkerhet.","og_url":"https:\/\/loanstar.com\/no\/lane-penger\/smalan\/","og_site_name":"LoanStar Norge","article_modified_time":"2020-02-05T11:37:50+00:00","og_image":[{"url":"http:\/\/loanstar.com\/no\/wp-content\/uploads\/sites\/2\/2018\/10\/home_ill_1.svg"}],"twitter_card":"summary_large_image","twitter_misc":{"Ansl. lesetid":"8 minutter"},"schema":{"@context":"https:\/\/schema.org","@graph":[{"@type":"WebPage","@id":"https:\/\/loanstar.com\/no\/lane-penger\/smalan\/","url":"https:\/\/loanstar.com\/no\/lane-penger\/smalan\/","name":"Finn beste sm\u00e5l\u00e5n - L\u00e5n p\u00e5 dagen - LoanStar 2026","isPartOf":{"@id":"https:\/\/loanstar.com\/no\/#website"},"datePublished":"2018-09-13T12:39:25+00:00","dateModified":"2020-02-05T11:37:50+00:00","description":"Trenger du l\u00e5n p\u00e5 dagen? LoanStar sammenligner alle bankene slik at du f\u00e5r de beste vilk\u00e5rene. Skaff deg et sm\u00e5l\u00e5n, mikrol\u00e5n eller minil\u00e5n uten sikkerhet.","breadcrumb":{"@id":"https:\/\/loanstar.com\/no\/lane-penger\/smalan\/#breadcrumb"},"inLanguage":"nb-NO","potentialAction":[{"@type":"ReadAction","target":["https:\/\/loanstar.com\/no\/lane-penger\/smalan\/"]}]},{"@type":"BreadcrumbList","@id":"https:\/\/loanstar.com\/no\/lane-penger\/smalan\/#breadcrumb","itemListElement":[{"@type":"ListItem","position":1,"name":"Norge","item":"https:\/\/loanstar.com\/no\/"},{"@type":"ListItem","position":2,"name":"L\u00e5ne penger","item":"https:\/\/loanstar.com\/no\/lane-penger\/"},{"@type":"ListItem","position":3,"name":"Sm\u00e5l\u00e5n"}]},{"@type":"WebSite","@id":"https:\/\/loanstar.com\/no\/#website","url":"https:\/\/loanstar.com\/no\/","name":"LoanStar Norge","description":"Finn billig forbruksl\u00e5n, sm\u00e5l\u00e5n og refinansiering av gjeld","potentialAction":[{"@type":"SearchAction","target":{"@type":"EntryPoint","urlTemplate":"https:\/\/loanstar.com\/no\/?s={search_term_string}"},"query-input":"required name=search_term_string"}],"inLanguage":"nb-NO"}]}},"_links":{"self":[{"href":"https:\/\/loanstar.com\/no\/wp-json\/wp\/v2\/pages\/120"}],"collection":[{"href":"https:\/\/loanstar.com\/no\/wp-json\/wp\/v2\/pages"}],"about":[{"href":"https:\/\/loanstar.com\/no\/wp-json\/wp\/v2\/types\/page"}],"author":[{"embeddable":true,"href":"https:\/\/loanstar.com\/no\/wp-json\/wp\/v2\/users\/1"}],"replies":[{"embeddable":true,"href":"https:\/\/loanstar.com\/no\/wp-json\/wp\/v2\/comments?post=120"}],"version-history":[{"count":3,"href":"https:\/\/loanstar.com\/no\/wp-json\/wp\/v2\/pages\/120\/revisions"}],"predecessor-version":[{"id":643,"href":"https:\/\/loanstar.com\/no\/wp-json\/wp\/v2\/pages\/120\/revisions\/643"}],"up":[{"embeddable":true,"href":"https:\/\/loanstar.com\/no\/wp-json\/wp\/v2\/pages\/109"}],"wp:attachment":[{"href":"https:\/\/loanstar.com\/no\/wp-json\/wp\/v2\/media?parent=120"}],"curies":[{"name":"wp","href":"https:\/\/api.w.org\/{rel}","templated":true}]}}