{"id":109,"date":"2018-09-13T12:34:22","date_gmt":"2018-09-13T12:34:22","guid":{"rendered":"http:\/\/loanstar.com\/norway\/?page_id=109"},"modified":"2020-02-05T12:28:46","modified_gmt":"2020-02-05T11:28:46","slug":"lane-penger","status":"publish","type":"page","link":"https:\/\/loanstar.com\/no\/lane-penger\/","title":{"rendered":"L\u00e5ne penger"},"content":{"rendered":"<h2>\u00c5 l\u00e5ne penger til forbruk<\/h2>\n<p><img decoding=\"async\" class=\"alignright size-full wp-image-380\" src=\"http:\/\/loanstar.com\/no\/wp-content\/uploads\/sites\/2\/2018\/11\/small_loans_2.svg\" alt=\"\" width=\"312\" \/>\u00c5 ta opp et l\u00e5n assosieres som oftest med kj\u00f8p av bolig. Og selv om dette fortsatt representerer den desidert st\u00f8rste andelen av det norske l\u00e5nemarkedet har en annen type l\u00e5n vokst fram de seneste \u00e5rene. Noen ganger \u00f8nsker man nemlig \u00e5 l\u00e5ne penger til andre form\u00e5l enn de tradisjonelle l\u00e5nene tillater for. Det kan v\u00e6re til oppussing, en ferie, en bil, nye m\u00f8bler eller noe helt annet. Slike form\u00e5l er ofte kostbare, og mange l\u00e5ntakere ser m\u00f8rkt p\u00e5 \u00e5 bruke flere \u00e5r p\u00e5 \u00e5 spare opp til dem. I slike situasjoner blir det stadig mer vanlig \u00e5 benytte seg av et l\u00e5n uten sikkerhet, ogs\u00e5 kjent som forbruksl\u00e5n.<\/p>\n<h2>Ulike varianter av forbruksl\u00e5n<\/h2>\n<p><img decoding=\"async\" loading=\"lazy\" class=\"alignright wp-image-250\" src=\"http:\/\/loanstar.com\/no\/wp-content\/uploads\/sites\/2\/2018\/09\/ill_body_18.svg\" alt=\"Ulike-varianter-av-forbruksl\u00e5n\" width=\"312\" height=\"150\" \/><a href=\"http:\/\/loanstar.com\/no\/lane-penger\/forbrukslan\/\">Forbruksl\u00e5n<\/a>\u00a0vokser i Norge. Derfor er det ogs\u00e5 en \u00f8kende mengde akt\u00f8rer som tilbyr denne typen l\u00e5n. Din faste bank har det garantert i sin produktpakke, og i tillegg til bankene kommer det andre finansinstitusjoner p\u00e5 banen som har spesialisert seg p\u00e5 denne typen l\u00e5n. Det sies at kj\u00e6rt barn har mange navn, og forbruksl\u00e5n kommer i mange varianter. Du kan f\u00e5 det som kalles <a href=\"http:\/\/loanstar.com\/no\/lane-penger\/smalan\/\">sm\u00e5l\u00e5n<\/a>, p\u00e5 bare noen f\u00e5 tusen kroner, og st\u00f8rre l\u00e5n, som g\u00e5r helt opp til en halv million.<\/p>\n<p>Du kan f\u00e5 sms-l\u00e5n, l\u00e5n p\u00e5 dagen og mikrol\u00e5n. Felles for alle sammen er at l\u00e5net ikke krever pant i en eiendel. Forbruksl\u00e5n er alts\u00e5 l\u00e5n uten noen form for sikkerhet fra l\u00e5ngivers side. Usikkerheten tas det betalt for i form av h\u00f8yere renter.<\/p>\n<p>Hvilken variant av forbruksl\u00e5n du skal velge kommer helt an p\u00e5 ditt behov. Skal du l\u00e5ne penger for \u00e5 kj\u00f8pe et kj\u00f8leskap kan du g\u00e5 for et mikrol\u00e5n eller sm\u00e5l\u00e5n. Skal du p\u00e5 den annen side pusse opp badet, vil du antageligvis ha behov for \u00e5 l\u00e5ne en hel del mer.\u00a0Regelen er at du aldri b\u00f8r l\u00e5ne mer penger enn det du faktisk har behov for og kan betale tilbake.<\/p>\n<p>De aller fleste l\u00e5neakt\u00f8rer har en nettside hvor det finnes opplysninger om renter og gebyrer, samt et reelt l\u00e5neeksempel. Enkelte sider har ogs\u00e5 en l\u00e5nekalkulator som gj\u00f8r det lett \u00e5 framskaffe et realistisk l\u00e5neestimat som stemmer overens med din privat\u00f8konomi.<\/p>\n<h3>F\u00e5 hjelp av en l\u00e5neformidler n\u00e5r du skal l\u00e5ne penger<\/h3>\n<p><img decoding=\"async\" loading=\"lazy\" class=\"alignleft wp-image-249\" src=\"http:\/\/loanstar.com\/no\/wp-content\/uploads\/sites\/2\/2018\/09\/ill_body_17.svg\" alt=\"F\u00e5-hjelp-av-en-l\u00e5neformidler-n\u00e5r-du-skal-l\u00e5ne-penger\" width=\"312\" height=\"150\" \/>Det er en stor jobb \u00e5 lete seg fram i jungelen av alle l\u00e5neakt\u00f8rene p\u00e5 markedet. N\u00e5r du har funnet ut av hvem du kan s\u00f8ke hos m\u00e5 du hente inn tilbudene ett etter ett &#8211; og deretter sammenligne dem. Hvis du synes denne jobben virker overveldende kan du dra nytte av en l\u00e5neformidler.<\/p>\n<p>En l\u00e5neformidler l\u00e5ner ikke ut penger selv, men fungerer som et bindeledd mellom deg og l\u00e5ngiver. Du sender inn s\u00f8knaden din hos l\u00e5neformidleren, som s\u00e5 videresender den til sine samarbeidspartnere.<\/p>\n<p>I denne prosessen skjer det spesielt to gunstige ting. For det f\u00f8rste slipper du \u00e5 sende inn mer enn \u00e9n s\u00f8knad. Det sparer deg for en hel del tid. For det andre vet samarbeidsbankene til l\u00e5neformidleren at de konkurrerer om deg som kunde. Med andre ord mottar du kun de absolutt beste tilbudene fra aktuelle l\u00e5ngivere.<\/p>\n<p>Her f\u00e5r du alts\u00e5 i pose og sekk. L\u00e5neformidlingstjenester er i tillegg gratis \u00e5 bruke, da det er l\u00e5ngiverne som finansierer dem. Tilbudene du mottar er videre helt uforpliktende. Du velger selv om du vil takke ja til ett av dem eller si nei til alle.<\/p>\n\t<div class=\"block-box\" data-color=\"green\">\r\n\t\t\t\t\t<a href=\"http:\/\/loanstar.com\/no\/slik-far-du-kontroll-pa-okonomien\/\"><\/a>\r\n\t\t\r\n\t\t\t\t\t<div class=\"block__image\">\r\n\t\t\t\t<img src=\"http:\/\/loanstar.com\/no\/wp-content\/uploads\/sites\/2\/2018\/09\/ico-section-description-img-3.svg\">\r\n\t\t\t<\/div>\r\n\t\t\r\n\t\t<div class=\"block__body\">\r\n\t\t\t\t\t\t\t<h5>Tips<\/h5>\r\n\t\t\t\r\n\t\t\t\t\t\t\t<p>Slik f\u00e5r du kontroll p\u00e5 \u00f8konomien<\/p>\n\t\t\t\r\n\t\t\t<i class=\"ico-popup ico-popup--green\"><\/i>\r\n\t\t<\/div>\r\n\t<\/div>\r\n\t\n<h2>Krav til deg som \u00f8nsker \u00e5 ta opp l\u00e5n<\/h2>\n<p>Markedet for forbruksl\u00e5n er kompetitivt, og dermed blir ogs\u00e5 markedsf\u00f8ringen offensiv. Det er lett \u00e5 f\u00e5 et inntrykk av at tilbudene om forbruksl\u00e5n flyter over, og at det er helt uproblematisk \u00e5 f\u00e5 innvilget et l\u00e5n. Slik trenger det imidlertid ikke \u00e5 v\u00e6re. Det stilles krav til deg som l\u00e5ns\u00f8ker, akkurat som p\u00e5 tradisjonelle, sikrede l\u00e5n.<br \/>\n\t<div class=\"list-ticks-secondary\">\r\n\t\t<ul>\n<li>Du m\u00e5 v\u00e6re myndig, alts\u00e5 over 18 \u00e5r.<\/li>\n<li>Du m\u00e5 v\u00e6re registrert i folkeregisteret som bosatt i Norge.<\/li>\n<li>Du m\u00e5 ha egen inntekt.<\/li>\n<li>Du kan ikke ha en d\u00e5rlig betalingshistorikk.<\/li>\n<\/ul>\n\t<\/div><!-- \/.list-ticks -->\r\n\t\n<p>Bankenes f\u00f8rste krav, som ogs\u00e5 er det absolutte minimumskravet, handler alts\u00e5 om alder. Du vil aldri finne en l\u00e5ngiver som innvilger l\u00e5n til noen under 18 \u00e5r. Samtidig er det helt normalt at bankene har en h\u00f8yere aldersgrense enn 18 \u00e5r. Det vanligste er enten 20 \u00e5r, 23 \u00e5r eller 25 \u00e5r.<\/p>\n<p>Videre m\u00e5 du v\u00e6re bosatt i Norge. Dette handler om risiko fra bankens side; det ville v\u00e6re risikabelt \u00e5 l\u00e5ne ut penger til noen som ikke har fast base i landet. Generelt m\u00e5 du ha v\u00e6rt folkeregistrert med fast adresse i Norge i minst tre \u00e5r.<\/p>\n<p>Inntektskravet er opplagt. Alle l\u00e5ngivere krever at du har en god nok \u00f8konomi til \u00e5 h\u00e5ndtere l\u00e5net du s\u00f8ker om. P\u00e5 forbruksl\u00e5n tas det i tillegg ingen pant i verken hus eller andre eiendeler. Da blir inntekten din enda viktigere, i og med at den st\u00e5r som eneste sikring for l\u00e5ngiver.\u00a0Hvilken \u00e5rs- eller m\u00e5nedsinntekt du m\u00e5 ha vil variere fra bank til bank.<\/p>\n<p>N\u00e5r din privat\u00f8konomi st\u00e5r som eneste sikkerhet p\u00e5 forbruksl\u00e5net er det heller ingen overraskelse at du m\u00e5 ha en god betalingshistorikk. Du kan ikke ha noen registrerte <a href=\"https:\/\/blogg.bisnode.no\/kredittsjekk-er-du-kredittverdig-sjekk-deg-selv-og-dine-kunder\">betalingsanmerkninger<\/a> eller aktive inkassosaker n\u00e5r du skal s\u00f8ke om l\u00e5n. Dette gjelder b\u00e5de sikrede og usikrede l\u00e5netyper. Det finnes imidlertid noen f\u00e5 banker og institusjoner\u00a0som l\u00e5ner ut penger til deg som har havnet i \u00f8konomisk uf\u00f8re og f\u00e5tt anmerkninger. Dette gjelder ofte deg som skal <a href=\"http:\/\/loanstar.com\/no\/lane-penger\/refinansiering\/\">refinansiere<\/a> og kan tilby sikkerhet i eiendom.<\/p>\n<p><img decoding=\"async\" loading=\"lazy\" class=\"alignnone size-medium wp-image-40\" src=\"http:\/\/lstoyanov.2create.studio\/projects\/norway_group\/loanstar-com\/wordpress\/norway\/wp-content\/uploads\/sites\/2\/2018\/09\/ico-section-description-img-2.svg\" alt=\"\" width=\"1\" height=\"1\" \/>\t<div class=\"block-box\" data-color=\"orange\">\r\n\t\t\t\t\t<a href=\"http:\/\/loanstar.com\/no\/lane-penger\/refinansiering\/\"><\/a>\r\n\t\t\r\n\t\t\t\t\t<div class=\"block__image\">\r\n\t\t\t\t<img src=\"http:\/\/loanstar.com\/no\/wp-content\/uploads\/sites\/2\/2018\/09\/ico-section-description-img-3.svg\">\r\n\t\t\t<\/div>\r\n\t\t\r\n\t\t<div class=\"block__body\">\r\n\t\t\t\t\t\t\t<h5>Refinansiering av gjeld<\/h5>\r\n\t\t\t\r\n\t\t\t\t\t\t\t<p>Ved \u00e5 refinansiere mindre l\u00e5n og kredittkort kan du f\u00e5 bedre rente<\/p>\n\t\t\t\r\n\t\t\t<i class=\"ico-popup ico-popup--orange\"><\/i>\r\n\t\t<\/div>\r\n\t<\/div>\r\n\t\n<h2>Slik s\u00f8ker du om \u00e5 l\u00e5ne penger<\/h2>\n<p><img decoding=\"async\" loading=\"lazy\" class=\"alignright wp-image-248\" src=\"http:\/\/loanstar.com\/no\/wp-content\/uploads\/sites\/2\/2018\/09\/ill_body_16.svg\" alt=\"Slik-s\u00f8ker-du-om-\u00e5-l\u00e5ne-penger\" width=\"312\" height=\"150\" \/>F\u00f8r i tiden var det \u00e5 s\u00f8ke om l\u00e5n en ganske stor og langtekkelig prosess. Du m\u00e5tte ha m\u00f8te med bankmannen din, fortelle hva du trengte penger til og bevise din gode vandel og \u00f8konomi. Slik er det heldigvis ikke lenger. N\u00e5 er s\u00f8knadsprosessen digitalisert, som gj\u00f8r den en hel del raskere og enklere. I dag bruker du s\u00f8knadsskjemaet p\u00e5 bankens nettside og f\u00e5r som oftest svar i l\u00f8pet av kort tid.<\/p>\n<p>Det f\u00f8rste som skjer i s\u00f8knadsprosessen er at banken gjennomf\u00f8rer en kredittvurdering av deg. Denne blir utgangspunktet for beregning av l\u00e5neramme og rentetilbud. V\u00e6r oppmerksom p\u00e5 at renten alltid fastsettes p\u00e5 individuell basis. Rentesatsen du ser reklamert med p\u00e5 nettsiden er kun et eksempel p\u00e5 den absolutt beste renten den aktuelle l\u00e5ngiveren kan tilby, og sannsynligvis ikke renten du vil f\u00e5 tilbud om. Etter kredittvurderingen er gjennomf\u00f8rt vil du motta et avslag p\u00e5 s\u00f8knaden din eller et tilbud om l\u00e5n. Tilbudet best\u00e5r av l\u00e5nebel\u00f8p, nedbetalingstid, rentesats og gebyrer, samt m\u00e5nedsbel\u00f8pet ditt.<\/p>\n<p>Dersom du velger \u00e5 takke ja til tilbudet du har mottatt, kan du gj\u00f8re dette ved \u00e5 signere med BankID. Da slipper du \u00e5 vente p\u00e5 postgang fram og tilbake, og f\u00e5r pengene raskere tilgjengelig p\u00e5 konto. Husk p\u00e5 at n\u00e5r l\u00e5ngivere reklamerer med l\u00e5n p\u00e5 dagen mener de som regel at du f\u00e5r svar p\u00e5 s\u00f8knaden i l\u00f8pet av dagen. Det betyr alts\u00e5 ikke at du har pengene p\u00e5 konto samme dag &#8211; selv om visse tilbydere av mindre forbruksl\u00e5n utbetaler l\u00e5net samme virkedag som s\u00f8knaden innvilges.<\/p>\n<h3>Praktisk informasjon om forbruksl\u00e5n<\/h3>\n<p>Det finnes visse ting det er lurt \u00e5 sette seg inn i n\u00e5r man skal s\u00f8ke om forbruksl\u00e5n. F\u00f8rst og fremst skal du vite hva du g\u00e5r inn i med hensyn til renter og gebyrer. L\u00e5ngiverne kommer til \u00e5 bruke to begreper n\u00e5r de snakker om rentesatsen din; nominell rente og effektiv rente. Nominell rente er kostnaden du m\u00e5 betale for \u00e5 l\u00e5ne pengene du f\u00e5r innvilget. Effektiv rente er den nominelle renten pluss eventuelle gebyrer, alts\u00e5 den totale kostnaden og renten du kommer til \u00e5 betale p\u00e5 l\u00e5net.\u00a0N\u00e5r du skal sammenligne l\u00e5n er det dermed lettest \u00e5 sammenligne den effektive renten.<\/p>\n<p>De aller fleste forbruksl\u00e5n kommer med et etableringsgebyr. Dette er en engangskostnad l\u00e5ngiver tar for \u00e5 sette opp l\u00e5net til deg og utbetale pengene. Etableringsgebyret kan enten v\u00e6re en spesifikk sum, eller en prosentsats av det totale l\u00e5nebel\u00f8pet. Det er videre vanlig at man betaler et termingebyr sammen med det m\u00e5nedlige avdraget til banken.<\/p>\n<p>L\u00f8petiden p\u00e5 et forbruksl\u00e5n varierer fra ett \u00e5r til 15 \u00e5r, alt avhengig av hvor mye du l\u00e5ner. Sm\u00e5bel\u00f8p m\u00e5 ofte tilbakebetales p\u00e5 relativt kort tid, mens st\u00f8rre bel\u00f8p gjerne kommer med en lengre nedbetalingsperiode.<\/p>\n<h2>Hva brukes et forbruksl\u00e5n til?<\/h2>\n<p><img decoding=\"async\" loading=\"lazy\" class=\"alignleft wp-image-247\" src=\"http:\/\/loanstar.com\/no\/wp-content\/uploads\/sites\/2\/2018\/09\/ill_body_15.svg\" alt=\"Hva-brukes-et-forbruksl\u00e5n-til?\" width=\"312\" height=\"150\" \/>En av de viktigste grunnene til at forbruksl\u00e5n er blitt s\u00e5 popul\u00e6re er friheten l\u00e5ntaker f\u00e5r til \u00e5 bruke pengene slik hun eller han \u00f8nsker. N\u00e5r man s\u00f8ker om et sikret l\u00e5n m\u00e5 man bruke pengene p\u00e5 et fastsatt form\u00e5l, som en bolig eller bil. Slik er det imidlertid ikke med forbruksl\u00e5n; disse l\u00e5nene kan brukes akkurat som du vil.<\/p>\n<p>Du kan bruke pengene p\u00e5 \u00e5 pusse opp boligen, kj\u00f8pe noe du \u00f8nsker deg, fornye garderoben, reise p\u00e5 ferie eller skaffe deg ny bil. Men det er p\u00e5 ingen m\u00e5te slik at man b\u00f8r ta opp et forbruksl\u00e5n for moro skyld. Med s\u00e5 stor valgfrihet kommer det ogs\u00e5 et enormt ansvar, for pengene skal tross alt betales tilbake, med h\u00f8y rente og gebyrer.<\/p>\n<p>Tenk n\u00f8ye gjennom hva du skal bruke pengene til, og ikke l\u00e5n mer enn du trenger. N\u00e5r du mottar pengene, b\u00f8r du gjennomf\u00f8re din opprinnelige plan og ikke la deg friste til \u00e5 sl\u00f8se bort l\u00e5net p\u00e5 noe annet. Et forbruksl\u00e5n er din beste venn n\u00e5r du virkelig trenger penger fortere enn du kan spare, men det kan ogs\u00e5 snu andre veien dersom du sl\u00f8ser bort pengene og ikke klarer \u00e5 betale tilbake.<\/p>\n","protected":false},"excerpt":{"rendered":"<p>\u00c5 l\u00e5ne penger til forbruk \u00c5 ta opp et l\u00e5n assosieres som oftest med kj\u00f8p av bolig. Og selv om&#8230;<\/p>\n","protected":false},"author":1,"featured_media":0,"parent":0,"menu_order":0,"comment_status":"closed","ping_status":"closed","template":"templates\/calculator-main.php","meta":{"footnotes":""},"yoast_head":"<!-- This site is optimized with the Yoast SEO plugin v21.0 - https:\/\/yoast.com\/wordpress\/plugins\/seo\/ -->\n<title>L\u00e5ne penger - Finn beste privatl\u00e5n fra 6.17% rente - LoanStar Norge 2026<\/title>\n<meta name=\"description\" content=\"Har du behov for \u00e5 l\u00e5ne penger? LoanStar sammelinger og holder deg oppdatert p\u00e5 seneste endringer i markedet, slik at du f\u00e5r de beste betingelsene.\" \/>\n<meta name=\"robots\" content=\"index, follow, max-snippet:-1, max-image-preview:large, max-video-preview:-1\" \/>\n<link rel=\"canonical\" href=\"https:\/\/loanstar.com\/no\/lane-penger\/\" \/>\n<meta property=\"og:locale\" content=\"nb_NO\" \/>\n<meta property=\"og:type\" content=\"article\" \/>\n<meta property=\"og:title\" content=\"L\u00e5ne penger - Finn beste privatl\u00e5n fra 6.17% rente - LoanStar Norge 2026\" \/>\n<meta property=\"og:description\" content=\"Har du behov for \u00e5 l\u00e5ne penger? LoanStar sammelinger og holder deg oppdatert p\u00e5 seneste endringer i markedet, slik at du f\u00e5r de beste betingelsene.\" \/>\n<meta property=\"og:url\" content=\"https:\/\/loanstar.com\/no\/lane-penger\/\" \/>\n<meta property=\"og:site_name\" content=\"LoanStar Norge\" \/>\n<meta property=\"article:modified_time\" content=\"2020-02-05T11:28:46+00:00\" \/>\n<meta property=\"og:image\" content=\"http:\/\/loanstar.com\/no\/wp-content\/uploads\/sites\/2\/2018\/11\/small_loans_2.svg\" \/>\n<meta name=\"twitter:card\" content=\"summary_large_image\" \/>\n<meta name=\"twitter:label1\" content=\"Ansl. lesetid\" \/>\n\t<meta name=\"twitter:data1\" content=\"9 minutter\" \/>\n<script type=\"application\/ld+json\" class=\"yoast-schema-graph\">{\"@context\":\"https:\/\/schema.org\",\"@graph\":[{\"@type\":\"WebPage\",\"@id\":\"https:\/\/loanstar.com\/no\/lane-penger\/\",\"url\":\"https:\/\/loanstar.com\/no\/lane-penger\/\",\"name\":\"L\u00e5ne penger - Finn beste privatl\u00e5n fra 6.17% rente - LoanStar Norge 2026\",\"isPartOf\":{\"@id\":\"https:\/\/loanstar.com\/no\/#website\"},\"datePublished\":\"2018-09-13T12:34:22+00:00\",\"dateModified\":\"2020-02-05T11:28:46+00:00\",\"description\":\"Har du behov for \u00e5 l\u00e5ne penger? LoanStar sammelinger og holder deg oppdatert p\u00e5 seneste endringer i markedet, slik at du f\u00e5r de beste betingelsene.\",\"breadcrumb\":{\"@id\":\"https:\/\/loanstar.com\/no\/lane-penger\/#breadcrumb\"},\"inLanguage\":\"nb-NO\",\"potentialAction\":[{\"@type\":\"ReadAction\",\"target\":[\"https:\/\/loanstar.com\/no\/lane-penger\/\"]}]},{\"@type\":\"BreadcrumbList\",\"@id\":\"https:\/\/loanstar.com\/no\/lane-penger\/#breadcrumb\",\"itemListElement\":[{\"@type\":\"ListItem\",\"position\":1,\"name\":\"Norge\",\"item\":\"https:\/\/loanstar.com\/no\/\"},{\"@type\":\"ListItem\",\"position\":2,\"name\":\"L\u00e5ne penger\"}]},{\"@type\":\"WebSite\",\"@id\":\"https:\/\/loanstar.com\/no\/#website\",\"url\":\"https:\/\/loanstar.com\/no\/\",\"name\":\"LoanStar Norge\",\"description\":\"Finn billig forbruksl\u00e5n, sm\u00e5l\u00e5n og refinansiering av gjeld\",\"potentialAction\":[{\"@type\":\"SearchAction\",\"target\":{\"@type\":\"EntryPoint\",\"urlTemplate\":\"https:\/\/loanstar.com\/no\/?s={search_term_string}\"},\"query-input\":\"required name=search_term_string\"}],\"inLanguage\":\"nb-NO\"}]}<\/script>\n<!-- \/ Yoast SEO plugin. -->","yoast_head_json":{"title":"L\u00e5ne penger - Finn beste privatl\u00e5n fra 6.17% rente - LoanStar Norge 2026","description":"Har du behov for \u00e5 l\u00e5ne penger? LoanStar sammelinger og holder deg oppdatert p\u00e5 seneste endringer i markedet, slik at du f\u00e5r de beste betingelsene.","robots":{"index":"index","follow":"follow","max-snippet":"max-snippet:-1","max-image-preview":"max-image-preview:large","max-video-preview":"max-video-preview:-1"},"canonical":"https:\/\/loanstar.com\/no\/lane-penger\/","og_locale":"nb_NO","og_type":"article","og_title":"L\u00e5ne penger - Finn beste privatl\u00e5n fra 6.17% rente - LoanStar Norge 2026","og_description":"Har du behov for \u00e5 l\u00e5ne penger? LoanStar sammelinger og holder deg oppdatert p\u00e5 seneste endringer i markedet, slik at du f\u00e5r de beste betingelsene.","og_url":"https:\/\/loanstar.com\/no\/lane-penger\/","og_site_name":"LoanStar Norge","article_modified_time":"2020-02-05T11:28:46+00:00","og_image":[{"url":"http:\/\/loanstar.com\/no\/wp-content\/uploads\/sites\/2\/2018\/11\/small_loans_2.svg"}],"twitter_card":"summary_large_image","twitter_misc":{"Ansl. lesetid":"9 minutter"},"schema":{"@context":"https:\/\/schema.org","@graph":[{"@type":"WebPage","@id":"https:\/\/loanstar.com\/no\/lane-penger\/","url":"https:\/\/loanstar.com\/no\/lane-penger\/","name":"L\u00e5ne penger - Finn beste privatl\u00e5n fra 6.17% rente - LoanStar Norge 2026","isPartOf":{"@id":"https:\/\/loanstar.com\/no\/#website"},"datePublished":"2018-09-13T12:34:22+00:00","dateModified":"2020-02-05T11:28:46+00:00","description":"Har du behov for \u00e5 l\u00e5ne penger? LoanStar sammelinger og holder deg oppdatert p\u00e5 seneste endringer i markedet, slik at du f\u00e5r de beste betingelsene.","breadcrumb":{"@id":"https:\/\/loanstar.com\/no\/lane-penger\/#breadcrumb"},"inLanguage":"nb-NO","potentialAction":[{"@type":"ReadAction","target":["https:\/\/loanstar.com\/no\/lane-penger\/"]}]},{"@type":"BreadcrumbList","@id":"https:\/\/loanstar.com\/no\/lane-penger\/#breadcrumb","itemListElement":[{"@type":"ListItem","position":1,"name":"Norge","item":"https:\/\/loanstar.com\/no\/"},{"@type":"ListItem","position":2,"name":"L\u00e5ne penger"}]},{"@type":"WebSite","@id":"https:\/\/loanstar.com\/no\/#website","url":"https:\/\/loanstar.com\/no\/","name":"LoanStar Norge","description":"Finn billig forbruksl\u00e5n, sm\u00e5l\u00e5n og refinansiering av gjeld","potentialAction":[{"@type":"SearchAction","target":{"@type":"EntryPoint","urlTemplate":"https:\/\/loanstar.com\/no\/?s={search_term_string}"},"query-input":"required name=search_term_string"}],"inLanguage":"nb-NO"}]}},"_links":{"self":[{"href":"https:\/\/loanstar.com\/no\/wp-json\/wp\/v2\/pages\/109"}],"collection":[{"href":"https:\/\/loanstar.com\/no\/wp-json\/wp\/v2\/pages"}],"about":[{"href":"https:\/\/loanstar.com\/no\/wp-json\/wp\/v2\/types\/page"}],"author":[{"embeddable":true,"href":"https:\/\/loanstar.com\/no\/wp-json\/wp\/v2\/users\/1"}],"replies":[{"embeddable":true,"href":"https:\/\/loanstar.com\/no\/wp-json\/wp\/v2\/comments?post=109"}],"version-history":[{"count":3,"href":"https:\/\/loanstar.com\/no\/wp-json\/wp\/v2\/pages\/109\/revisions"}],"predecessor-version":[{"id":520,"href":"https:\/\/loanstar.com\/no\/wp-json\/wp\/v2\/pages\/109\/revisions\/520"}],"wp:attachment":[{"href":"https:\/\/loanstar.com\/no\/wp-json\/wp\/v2\/media?parent=109"}],"curies":[{"name":"wp","href":"https:\/\/api.w.org\/{rel}","templated":true}]}}