{"id":98,"date":"2018-09-23T21:17:10","date_gmt":"2018-09-23T21:17:10","guid":{"rendered":"http:\/\/loanstar.com\/mx\/?page_id=98"},"modified":"2019-06-20T06:50:09","modified_gmt":"2019-06-20T12:50:09","slug":"personales","status":"publish","type":"page","link":"https:\/\/loanstar.com\/mx\/prestamos\/personales\/","title":{"rendered":"Pr\u00e9stamos Personales"},"content":{"rendered":"<h2>Los Pr\u00e9stamos Personales o de Consumo<\/h2>\n<p><img decoding=\"async\" class=\"alignright size-full wp-image-221\" src=\"http:\/\/loanstar.com\/mx\/wp-content\/uploads\/sites\/8\/2018\/11\/small_loans_2.svg\" alt=\"small_loans_2\" width=\"312\" \/>Se les conoce por ambos nombres. Esto es debido a que son pr\u00e9stamos monetarios cuyo objetivo es la adquisici\u00f3n de un bien de consumo. Este producto se entrega mediante un contrato entre la empresa financiera y la persona solicitante. En dicho contrato se indica la cantidad de dinero a prestar, el plazo a devolver y todos los costos asociados a dicho servicio.<\/p>\n<p>En el contrato la empresa se compromete a prestar un determinado importe de dinero. A su vez, el prestatario se compromete a devolver dicho importe en el plazo a futuro que han acordado. Este plazo puede durar semanas, meses e incluso a\u00f1os. Se supone que esta flexibilidad otorga al cliente el tiempo necesario para la devoluci\u00f3n.<\/p>\n<p>Al solicitar un pr\u00e9stamo personal, el cliente debe se\u00f1alar cu\u00e1l ser\u00e1 el uso de este. Esta declaraci\u00f3n debe respaldarla con la documentaci\u00f3n necesaria. De lo contrario el pr\u00e9stamo no ser\u00e1 aprobado, pues para las empresas financieras es muy importante el cumplimiento de la finalidad del pr\u00e9stamo personal. Esta finalidad debe ser adquirir un bien o pagar gastos relacionados con estudios, salud o reformas en el hogar.<\/p>\n<p>Bajo ning\u00fan punto de vista se debe utilizar un pr\u00e9stamo personal para solucionar problemas monetarios como deudas o cr\u00e9ditos con otras entidades. Por este motivo es que las empresas prestamistas verificar\u00e1n que toda la informaci\u00f3n provista por el cliente es fidedigna.<\/p>\n<h2>Tipos de Pr\u00e9stamos Personales en el Mercado y sus Usos<\/h2>\n<p>Todos los pr\u00e9stamos personales funcionan del mismo modo. Todos consisten en un pr\u00e9stamo de dinero por un plazo determinado al que se le suman intereses y comisiones. Pese a esto, existen diferentes subproductos en el mercado financiero de acuerdo a las necesidades que el cliente busca cubrir:<\/p>\n\t<div class=\"list-ticks-secondary\">\r\n\t\t<ul>\n<li>Pr\u00e9stamo<em> estudiantil<\/em> para financiar estudios.<\/li>\n<li>Pr\u00e9stamos para <em>renovaciones de la vivienda.<\/em><\/li>\n<li>Pr\u00e9stamos <em>hipotecarios<\/em> (para comprar una vivienda).<\/li>\n<li>Pr\u00e9stamo <em>automotriz<\/em> (para comprar un veh\u00edculo).<\/li>\n<\/ul>\n\t<\/div><!-- \/.list-ticks -->\r\n\t\n<img decoding=\"async\" class=\"alignright size-full wp-image-86\" src=\"http:\/\/loanstar.com\/mx\/wp-content\/uploads\/sites\/8\/2018\/09\/ill_body_15.svg\" alt=\"ill_body_15\" width=\"312\" \/>Cada uno de estos productos tiene condiciones propias respecto a importes m\u00e1ximos, plazos de devoluci\u00f3n y tipos de inter\u00e9s aplicados.<\/p>\n<p>Estos son solo algunos ejemplos de los diversos tipos de pr\u00e9stamos existentes. Pero en el mercado existen muchas m\u00e1s opciones. Una de ellas es el simple pr\u00e9stamo personal de consumo, Este puede destinarse a financiar otros gastos, como un viaje, una celebraci\u00f3n o un tratamiento m\u00e9dico costoso.<\/p>\n<p>El pr\u00e9stamo hipotecario presenta condiciones distintas a los pr\u00e9stamos personales. En el pr\u00e9stamo hipotecario, cedes como garant\u00eda la vivienda que est\u00e1s adquiriendo. Esto supone que el impago del pr\u00e9stamo causar\u00e1 que la entidad pase a ser due\u00f1a de la vivienda. Al tener la vivienda como garant\u00eda, los pr\u00e9stamos hipotecarios tienen un menor inter\u00e9s que los pr\u00e9stamos personales. Esta garant\u00eda inmobiliaria hace que los pr\u00e9stamos hipotecarios sean una operaci\u00f3n menos arriesgada para el prestamista. A menor riesgo para el prestamista, menores son los intereses que exigen a quien recibe el pr\u00e9stamo.<\/p>\n<p>En los pr\u00e9stamos personales, la garant\u00eda son tus bienes actuales y los que podr\u00edas tener en el futuro. Este respaldo es menos concreto que el que existe en el pr\u00e9stamo hipotecario. Esto incrementa el riesgo para la financiera y, por lo tanto, el inter\u00e9s a cobrar.<\/p>\n<h2>Entidades que otorgan Pr\u00e9stamos Personales y sus Requisitos<\/h2>\n<p>Si necesitas un pr\u00e9stamo personal, debes saber que puedes solicitarlo en cualquier banco o en una entidad de capital privado. Si acudes a la primera opci\u00f3n, puedes solicitarlo en el mismo banco en el que tienes tus cuentas y\/o otros productos contratados. De este modo, el pr\u00e9stamo tendr\u00e1 intereses m\u00e1s bajos que con otras fuentes de financiamiento.<\/p>\n<p>Sin embargo, tambi\u00e9n es importante saber que el banco solicita m\u00e1s documentaci\u00f3n y exige mayores requisitos. Por ello tardar\u00e1 m\u00e1s tiempo en estudiar tu caso y en entregarte una respuesta.<\/p>\n<p><img decoding=\"async\" class=\"alignright size-full wp-image-222\" src=\"http:\/\/loanstar.com\/mx\/wp-content\/uploads\/sites\/8\/2018\/11\/small_loans_button.svg\" alt=\"small_loans_button\" width=\"312\" \/>Los bancos solicitar\u00e1n los siguientes documentos y requisitos a los solicitantes de pr\u00e9stamos personales:<br \/>\n\t<div class=\"list-ticks-secondary\">\r\n\t\t<ul>\n<li>Tener entre 18 y hasta 72 a\u00f1os (algunos bancos exigen 21 a\u00f1os como edad m\u00ednima).<\/li>\n<li>Documento de identidad al d\u00eda.<\/li>\n<li>Comprobante domiciliario.<\/li>\n<li>Ser mexicano o tener tarjeta de residencia permanente.<\/li>\n<li>Un m\u00ednimo de ingresos fijos.<\/li>\n<li>Declaraci\u00f3n jurada de bienes o patrimonio.<\/li>\n<\/ul>\n\t<\/div><!-- \/.list-ticks -->\r\n\t\nOtra alternativa para pedir un pr\u00e9stamo personal es acudir a las empresas de capital privado que facilitan pr\u00e9stamos <em>online<\/em>. Estas, al no estar respaldadas por el banco de M\u00e9xico, imponen un inter\u00e9s m\u00e1s alto.<\/p>\n<p>Pese a que el costo final del pr\u00e9stamo es mayor, estas empresas tienen dos grandes ventajas. La primera es que exigen menos requisitos para acceder al pr\u00e9stamo. La segunda es que dan una respuesta m\u00e1s r\u00e1pida, dentro de 48 horas. Adem\u00e1s, el proceso es m\u00e1s sencillo y 100% en l\u00ednea, sin necesidad de papeleos. Otro factor es que son m\u00e1s flexibles en cuanto a los requerimientos y otorgan m\u00e1s privacidad, debido a que en muchos casos no piden justificaci\u00f3n sobre el destino del pr\u00e9stamo.<\/p>\n<p>Dentro de los requisitos que exigen las empresas de capital privado para entregar pr\u00e9stamos personales est\u00e1n:<br \/>\n\t<div class=\"list-ticks-secondary\">\r\n\t\t<ul>\n<li>Tener nacionalidad o residencia mexicana.<\/li>\n<li>Ser titular de una cuenta bancaria.<\/li>\n<li>Contar con el CURP.<\/li>\n<li>Presentar un tel\u00e9fono m\u00f3vil y correo electr\u00f3nico propios.<\/li>\n<li>Demostrar alg\u00fan tipo de ingresos.<\/li>\n<\/ul>\n\t<\/div><!-- \/.list-ticks -->\r\n\t\n<h2>Intereses a considerar al Solicitar un Pr\u00e9stamo Personal<\/h2>\n<p>Como dijimos anteriormente, al solicitar cualquier tipo de pr\u00e9stamo est\u00e1s sujeto a pagar los intereses impuestos por el banco o la entidad prestamista que te proporcion\u00f3 el dinero. Estos intereses se indican con un porcentaje, y se calculan de acuerdo al importe que te fue prestado. Por lo tanto, cuanto m\u00e1s bajo sea el inter\u00e9s, mejor para ti. De los intereses depende cu\u00e1nto pagar\u00e1s cada mes y cu\u00e1nto en total por tu pr\u00e9stamo.<\/p>\n<p>Los intereses de los pr\u00e9stamos son dos, el <em>fijo y el variable<\/em>:<br \/>\n\t<div class=\"list-ticks-secondary\">\r\n\t\t<ul>\n<li><strong><img decoding=\"async\" class=\"alignright size-full wp-image-20\" src=\"http:\/\/loanstar.com\/mx\/wp-content\/uploads\/sites\/8\/2018\/09\/button_7.svg\" alt=\"button_7\" width=\"312\" \/>Inter\u00e9s fijo.<\/strong> Tal como su nombre indica, se mantiene igual hasta el t\u00e9rmino del contrato. Es decir, hasta que termines de pagar el cr\u00e9dito. Este inter\u00e9s se establece al inicio del contrato. De esta manera se proporciona al cliente transparencia sobre cu\u00e1nto tendr\u00e1 que pagar durante toda la duraci\u00f3n del contrato. Su desventaja es que es m\u00e1s elevado, pues las entidades lo calculan haciendo una estimaci\u00f3n de la econom\u00eda en el futuro, nivelando el inter\u00e9s seg\u00fan esa estimaci\u00f3n.<\/li>\n<li><strong>Inter\u00e9s variable.<\/strong> Este inter\u00e9s va cambiando durante el tiempo que dure el contrato. Para calcularlo, la financiera revisar\u00e1 si el inter\u00e9s que est\u00e1s pagando es coherente con el mercado y con el \u00edndice de referencia de M\u00e9xico conocido como Tasa de Inter\u00e9s Interbancaria de Equilibrio (TIIE). Este es un indicador de la inflaci\u00f3n anual en el pa\u00eds. Este inter\u00e9s probablemente sea muy bajo al comienzo, pues las entidades ofrecen intereses bajos para atraer clientes. Una desventaja es que no tendr\u00e1s toda la claridad deseable sobre cu\u00e1nto tendr\u00e1s que pagar realmente al pasar los a\u00f1os (si es que tu pr\u00e9stamo es a largo plazo). A\u00fan as\u00ed, este inter\u00e9s no se caracteriza por subir o bajar de manera radical.<br \/>\n\t<\/div><!-- \/.list-ticks -->\r\n\t<\/li>\n<\/ul>\n<p>Estos son los dos intereses que debes estudiar y comparar entre las opciones que est\u00e9s considerando para obtener un pr\u00e9stamo. Debes comprobar qu\u00e9 entidad te ofrece la mejor tasa y menos intereses finales a pagar. Recuerda que los intereses iniciales pueden ser muy bajos y parecer la mejor opci\u00f3n, sin embargo, pueden ocultar condiciones que a largo plazo significar\u00edan pagar un monto m\u00e1s alto.<\/p>\n<h2>Comisiones y otros gastos asociados a los pr\u00e9stamos personales<\/h2>\n<p>Adem\u00e1s de los intereses, los pr\u00e9stamos personales tienen otros gastos asociados relacionados con la gesti\u00f3n del producto y la operaci\u00f3n del servicio durante su duraci\u00f3n. Estos gastos se te cargar\u00e1n en tu condici\u00f3n de cliente solicitante del pr\u00e9stamo. Por esta raz\u00f3n es fundamental ser consciente de ellos y sumarlos a los intereses cuando hagas las comparaciones entre ofertas.<\/p>\n<p>Algunas financieras podr\u00e1n ofrecer intereses muy bajos, haciendo que te inclines por ellas. No obstante, al sumar las comisiones, el costo final puede ser mayor que en otras cuyos intereses parecen m\u00e1s elevados.<\/p>\n<p><img decoding=\"async\" class=\"alignright size-full wp-image-225\" src=\"http:\/\/loanstar.com\/mx\/wp-content\/uploads\/sites\/8\/2018\/11\/zero_interest_button.svg\" alt=\"zero_interest_button\" width=\"312\" \/>Las diferentes comisiones que te pueden imputar en los pr\u00e9stamos personales son las siguientes:<br \/>\n\t<div class=\"list-ticks-secondary\">\r\n\t\t<ul>\n<li><em>Comisi\u00f3n de estudio<\/em>: cada entidad realiza un estudio sobre ti como cliente antes de dar una respuesta a tu solicitud.<\/li>\n<li><em>Comisi\u00f3n de apertura<\/em>: por iniciar el pr\u00e9stamo y sus servicios.<\/li>\n<li><em>La Comisi\u00f3n de gesti\u00f3n<\/em>: es una prima por el mantenimiento del servicio.<\/li>\n<li><em>Comisi\u00f3n por amortizaci\u00f3n anticipada<\/em>: algunas entidades pueden cobrar una tarifa si devuelves el pr\u00e9stamo antes del plazo acordado.<\/li>\n<li><em>Comisi\u00f3n por amortizaci\u00f3n parcial<\/em>: al igual que en el caso anterior, si decides devolver una parte del dinero total antes de la fecha establecida.<\/li>\n<li><em>La Comisi\u00f3n por carencia<\/em>: si dejas de pagar las cuotas por un periodo, algunas empresas cobrar\u00e1n una multa.<\/li>\n<li><em>Gastos de notario<\/em>: en caso de tener que firmar documentos ante notario, estos gastos te ser\u00e1n cargados mediante esta comisi\u00f3n.<\/li>\n<li><em>Contrataci\u00f3n de productos asociados<\/em>: algunas entidades exigir\u00e1n que contrates otros productos propios, como una cuenta corriente, protecci\u00f3n de los pagos o seguros, entre otros.<\/li>\n<\/ul>\n\t<\/div><!-- \/.list-ticks -->\r\n\t\nEl IVA es otro \u00edndice que se debe tener en cuenta al pedir un pr\u00e9stamo personal, pues por lo general estos productos son anunciados sin el IVA incluido. Esto puede variar el monto del pago mensual. De igual forma, hay muchas entidades que no lo cobran dentro de los pr\u00e9stamos.<\/p>\n<p>Finalmente, el <em>Costo Anual Total <\/em>(CAT) es otro porcentaje que deber\u00e1s calcular antes de tomar una decisi\u00f3n. El CAT es un indicativo estandarizado con fines informativos y de comparaci\u00f3n. Esta magnitud incluye el total de los costos y gastos propios de los cr\u00e9ditos otorgados por las financieras.<\/p>\n<p>La metodolog\u00eda para calcular el CAT la establece el Banco de M\u00e9xico. Para su c\u00e1lculo se requieren los siguientes valores: monto del pr\u00e9stamo, monto de los pagos mensuales, de las comisiones y de cualquier otro gastos que no est\u00e9 incluido en dichas cuotas de mensualidad. Toda esta informaci\u00f3n es proporcionada por la empresa que ofrece el pr\u00e9stamo.<\/p>\n<p><strong>El CAT se calcula sin incluir el IVA de los intereses o las comisiones.<\/strong><\/p>\n<h2>Condiciones Generales de los Pr\u00e9stamos Personales<\/h2>\n<p>Los pr\u00e9stamos personales entregan sumas de capital elevadas, pues su objetivo es cubrir una necesidad o proyecto fuera de lo cotidiano, como lo es financiar estudios, una cirug\u00eda o comprar una vivienda. La cantidad de dinero que puedes solicitar con un pr\u00e9stamo personal depende de la entidad a la que lo solicites. Por lo general, este rango se encuentra entre los $5000 y alcanza hasta los $500. 000.<\/p>\n<p><img decoding=\"async\" class=\"alignright size-full wp-image-81\" src=\"http:\/\/loanstar.com\/mx\/wp-content\/uploads\/sites\/8\/2018\/09\/ill_body_10.svg\" alt=\"ill_body_10\" width=\"312\" \/>En cuanto a los plazos de devoluci\u00f3n que manejan las compa\u00f1\u00edas financieras, estos pueden ser de meses o a\u00f1os, dependiendo de la suma del cr\u00e9dito.<\/p>\n<p>Los pr\u00e9stamos personales se pagan en cuotas mensuales. El valor de estas depende directamente del importe del pr\u00e9stamo y el plazo de devoluci\u00f3n que t\u00fa y el prestamista establezc\u00e1is. Asimismo, estas cifras determinar\u00e1n el inter\u00e9s a pagar. Mientras menor sea el plazo, menos intereses tendr\u00e1s que pagar, pero el valor de la cuota mensual ser\u00e1 m\u00e1s alto. Por el contrario, si escoges un plazo de devoluci\u00f3n m\u00e1s extenso, te corresponder\u00e1 pagar una cuota mensual m\u00e1s baja, pero finalmente pagar\u00e1s m\u00e1s intereses que en el caso anterior.<\/p>\n<p>Si bien escoger un plazo m\u00e1s corto de devoluci\u00f3n y evitar los tan indeseados intereses puede ser atractivo al momento de contratar un pr\u00e9stamo personal, hay ciertas condiciones a cumplir en este producto: para asegurarse de que podr\u00e1s pagar la mensualidad sin problemas, las empresas prestamistas y bancos exigen que la cuota mensual no pueda superar el 35% de tus ingresos.<\/p>\n<p><img decoding=\"async\" class=\"size-full wp-image-85 alignright\" src=\"http:\/\/loanstar.com\/mx\/wp-content\/uploads\/sites\/8\/2018\/09\/ill_body_14.svg\" alt=\"ill_body_14\" width=\"312\" \/><\/p>\n<p>Asimismo, tu solicitud debe ser realista para que sea aprobada. Debe existir cierta coherencia entre el importe de dinero que est\u00e1s pidiendo prestado y el plazo en el que quieres devolverlo. Por ejemplo, una solicitud por $100 000 a devolver en 3 meses no es realista, por lo tanto dif\u00edcilmente ser\u00e1 aprobada.<\/p>\n<p>Finalmente, debes recordar que adquirir una deuda es siempre una decisi\u00f3n que debe tomarse con responsabilidad, siendo incluso muy recomendable solicitar asesor\u00eda legal antes de firmar cualquier contrato.<\/p>\n","protected":false},"excerpt":{"rendered":"<p>Los Pr\u00e9stamos Personales o de Consumo Se les conoce por ambos nombres. Esto es debido a que son pr\u00e9stamos monetarios&#8230;<\/p>\n","protected":false},"author":1,"featured_media":0,"parent":92,"menu_order":0,"comment_status":"closed","ping_status":"closed","template":"templates\/calculator-follow-up.php","meta":{"footnotes":""},"yoast_head":"<!-- This site is optimized with the Yoast SEO plugin v21.0 - https:\/\/yoast.com\/wordpress\/plugins\/seo\/ -->\n<title>Necesitas Pr\u00e9stamos Personales en L\u00ednea. Ahora con Loanstar es Posible - LoanStar M\u00e9jico<\/title>\n<meta name=\"description\" content=\"Descubre c\u00f3mo es posible conseguir tu pr\u00e9stamo personal en menos de 24 h a trav\u00e9s de Loanstar. Te ayudamos a encontar el pr\u00e9stamos m\u00e1s apropiado\" \/>\n<meta name=\"robots\" content=\"index, follow, max-snippet:-1, max-image-preview:large, max-video-preview:-1\" \/>\n<link rel=\"canonical\" href=\"https:\/\/loanstar.com\/mx\/prestamos\/personales\/\" \/>\n<meta property=\"og:locale\" content=\"es_MX\" \/>\n<meta property=\"og:type\" content=\"article\" \/>\n<meta property=\"og:title\" content=\"Necesitas Pr\u00e9stamos Personales en L\u00ednea. Ahora con Loanstar es Posible - LoanStar M\u00e9jico\" \/>\n<meta property=\"og:description\" content=\"Descubre c\u00f3mo es posible conseguir tu pr\u00e9stamo personal en menos de 24 h a trav\u00e9s de Loanstar. Te ayudamos a encontar el pr\u00e9stamos m\u00e1s apropiado\" \/>\n<meta property=\"og:url\" content=\"https:\/\/loanstar.com\/mx\/prestamos\/personales\/\" \/>\n<meta property=\"og:site_name\" content=\"LoanStar M\u00e9jico\" \/>\n<meta property=\"article:modified_time\" content=\"2019-06-20T12:50:09+00:00\" \/>\n<meta property=\"og:image\" content=\"http:\/\/loanstar.com\/mx\/wp-content\/uploads\/sites\/8\/2018\/11\/small_loans_2.svg\" \/>\n<meta name=\"twitter:card\" content=\"summary_large_image\" \/>\n<meta name=\"twitter:label1\" content=\"Tiempo de lectura\" \/>\n\t<meta name=\"twitter:data1\" content=\"11 minutos\" \/>\n<script type=\"application\/ld+json\" class=\"yoast-schema-graph\">{\"@context\":\"https:\/\/schema.org\",\"@graph\":[{\"@type\":\"WebPage\",\"@id\":\"https:\/\/loanstar.com\/mx\/prestamos\/personales\/\",\"url\":\"https:\/\/loanstar.com\/mx\/prestamos\/personales\/\",\"name\":\"Necesitas Pr\u00e9stamos Personales en L\u00ednea. Ahora con Loanstar es Posible - LoanStar M\u00e9jico\",\"isPartOf\":{\"@id\":\"https:\/\/loanstar.com\/mx\/#website\"},\"datePublished\":\"2018-09-23T21:17:10+00:00\",\"dateModified\":\"2019-06-20T12:50:09+00:00\",\"description\":\"Descubre c\u00f3mo es posible conseguir tu pr\u00e9stamo personal en menos de 24 h a trav\u00e9s de Loanstar. Te ayudamos a encontar el pr\u00e9stamos m\u00e1s apropiado\",\"breadcrumb\":{\"@id\":\"https:\/\/loanstar.com\/mx\/prestamos\/personales\/#breadcrumb\"},\"inLanguage\":\"es-MX\",\"potentialAction\":[{\"@type\":\"ReadAction\",\"target\":[\"https:\/\/loanstar.com\/mx\/prestamos\/personales\/\"]}]},{\"@type\":\"BreadcrumbList\",\"@id\":\"https:\/\/loanstar.com\/mx\/prestamos\/personales\/#breadcrumb\",\"itemListElement\":[{\"@type\":\"ListItem\",\"position\":1,\"name\":\"M\u00e9jico\",\"item\":\"https:\/\/loanstar.com\/mx\/\"},{\"@type\":\"ListItem\",\"position\":2,\"name\":\"Pr\u00e9stamos\",\"item\":\"https:\/\/loanstar.com\/mx\/prestamos\/\"},{\"@type\":\"ListItem\",\"position\":3,\"name\":\"Pr\u00e9stamos Personales\"}]},{\"@type\":\"WebSite\",\"@id\":\"https:\/\/loanstar.com\/mx\/#website\",\"url\":\"https:\/\/loanstar.com\/mx\/\",\"name\":\"LoanStar M\u00e9jico\",\"description\":\"Comparar Pr\u00e9stamos\",\"potentialAction\":[{\"@type\":\"SearchAction\",\"target\":{\"@type\":\"EntryPoint\",\"urlTemplate\":\"https:\/\/loanstar.com\/mx\/?s={search_term_string}\"},\"query-input\":\"required name=search_term_string\"}],\"inLanguage\":\"es-MX\"}]}<\/script>\n<!-- \/ Yoast SEO plugin. -->","yoast_head_json":{"title":"Necesitas Pr\u00e9stamos Personales en L\u00ednea. Ahora con Loanstar es Posible - LoanStar M\u00e9jico","description":"Descubre c\u00f3mo es posible conseguir tu pr\u00e9stamo personal en menos de 24 h a trav\u00e9s de Loanstar. Te ayudamos a encontar el pr\u00e9stamos m\u00e1s apropiado","robots":{"index":"index","follow":"follow","max-snippet":"max-snippet:-1","max-image-preview":"max-image-preview:large","max-video-preview":"max-video-preview:-1"},"canonical":"https:\/\/loanstar.com\/mx\/prestamos\/personales\/","og_locale":"es_MX","og_type":"article","og_title":"Necesitas Pr\u00e9stamos Personales en L\u00ednea. Ahora con Loanstar es Posible - LoanStar M\u00e9jico","og_description":"Descubre c\u00f3mo es posible conseguir tu pr\u00e9stamo personal en menos de 24 h a trav\u00e9s de Loanstar. Te ayudamos a encontar el pr\u00e9stamos m\u00e1s apropiado","og_url":"https:\/\/loanstar.com\/mx\/prestamos\/personales\/","og_site_name":"LoanStar M\u00e9jico","article_modified_time":"2019-06-20T12:50:09+00:00","og_image":[{"url":"http:\/\/loanstar.com\/mx\/wp-content\/uploads\/sites\/8\/2018\/11\/small_loans_2.svg"}],"twitter_card":"summary_large_image","twitter_misc":{"Tiempo de lectura":"11 minutos"},"schema":{"@context":"https:\/\/schema.org","@graph":[{"@type":"WebPage","@id":"https:\/\/loanstar.com\/mx\/prestamos\/personales\/","url":"https:\/\/loanstar.com\/mx\/prestamos\/personales\/","name":"Necesitas Pr\u00e9stamos Personales en L\u00ednea. Ahora con Loanstar es Posible - LoanStar M\u00e9jico","isPartOf":{"@id":"https:\/\/loanstar.com\/mx\/#website"},"datePublished":"2018-09-23T21:17:10+00:00","dateModified":"2019-06-20T12:50:09+00:00","description":"Descubre c\u00f3mo es posible conseguir tu pr\u00e9stamo personal en menos de 24 h a trav\u00e9s de Loanstar. Te ayudamos a encontar el pr\u00e9stamos m\u00e1s apropiado","breadcrumb":{"@id":"https:\/\/loanstar.com\/mx\/prestamos\/personales\/#breadcrumb"},"inLanguage":"es-MX","potentialAction":[{"@type":"ReadAction","target":["https:\/\/loanstar.com\/mx\/prestamos\/personales\/"]}]},{"@type":"BreadcrumbList","@id":"https:\/\/loanstar.com\/mx\/prestamos\/personales\/#breadcrumb","itemListElement":[{"@type":"ListItem","position":1,"name":"M\u00e9jico","item":"https:\/\/loanstar.com\/mx\/"},{"@type":"ListItem","position":2,"name":"Pr\u00e9stamos","item":"https:\/\/loanstar.com\/mx\/prestamos\/"},{"@type":"ListItem","position":3,"name":"Pr\u00e9stamos Personales"}]},{"@type":"WebSite","@id":"https:\/\/loanstar.com\/mx\/#website","url":"https:\/\/loanstar.com\/mx\/","name":"LoanStar M\u00e9jico","description":"Comparar Pr\u00e9stamos","potentialAction":[{"@type":"SearchAction","target":{"@type":"EntryPoint","urlTemplate":"https:\/\/loanstar.com\/mx\/?s={search_term_string}"},"query-input":"required name=search_term_string"}],"inLanguage":"es-MX"}]}},"_links":{"self":[{"href":"https:\/\/loanstar.com\/mx\/wp-json\/wp\/v2\/pages\/98"}],"collection":[{"href":"https:\/\/loanstar.com\/mx\/wp-json\/wp\/v2\/pages"}],"about":[{"href":"https:\/\/loanstar.com\/mx\/wp-json\/wp\/v2\/types\/page"}],"author":[{"embeddable":true,"href":"https:\/\/loanstar.com\/mx\/wp-json\/wp\/v2\/users\/1"}],"replies":[{"embeddable":true,"href":"https:\/\/loanstar.com\/mx\/wp-json\/wp\/v2\/comments?post=98"}],"version-history":[{"count":2,"href":"https:\/\/loanstar.com\/mx\/wp-json\/wp\/v2\/pages\/98\/revisions"}],"predecessor-version":[{"id":293,"href":"https:\/\/loanstar.com\/mx\/wp-json\/wp\/v2\/pages\/98\/revisions\/293"}],"up":[{"embeddable":true,"href":"https:\/\/loanstar.com\/mx\/wp-json\/wp\/v2\/pages\/92"}],"wp:attachment":[{"href":"https:\/\/loanstar.com\/mx\/wp-json\/wp\/v2\/media?parent=98"}],"curies":[{"name":"wp","href":"https:\/\/api.w.org\/{rel}","templated":true}]}}