{"id":96,"date":"2018-09-23T21:06:44","date_gmt":"2018-09-23T21:06:44","guid":{"rendered":"http:\/\/loanstar.com\/mx\/?page_id=96"},"modified":"2019-06-20T06:32:56","modified_gmt":"2019-06-20T12:32:56","slug":"inmediatos","status":"publish","type":"page","link":"https:\/\/loanstar.com\/mx\/prestamos\/inmediatos\/","title":{"rendered":"Pr\u00e9stamos Inmediatos"},"content":{"rendered":"<h2>El Crecimiento Vertiginoso de los Pr\u00e9stamos Inmediatos<\/h2>\n<p>En los \u00faltimos a\u00f1os hemos asistido a un crecimiento bastante r\u00e1pido y amplio del mercado financiero no tradicional. Este crecimiento vertiginoso ha sido liderado por compa\u00f1\u00edas que no forman parte de las empresas financieras t\u00edpicas (bancos). En su lugar, estas compa\u00f1\u00edas provienen de un nuevo y pujante segmento de organizaciones y empresarios particulares.<\/p>\n<p><img decoding=\"async\" class=\"alignright size-full wp-image-215\" src=\"http:\/\/loanstar.com\/mx\/wp-content\/uploads\/sites\/8\/2018\/11\/person_finance_2.svg\" alt=\"person_finance_2\" width=\"312\" \/>Estos dos nuevos participantes en la industria de los pr\u00e9stamos han revolucionado la l\u00f3gica previamente establecida. Al hacerlo, han permitido el acceso a capital de trabajo o liquidez inmediata a personas y empresas que anteriormente estaban fuera de la mira de otras entidades tradicionales.<\/p>\n<p>En t\u00e9rminos generales, quienes otorgan pr\u00e9stamos inmediatos son empresas o personas de capital privado. Es decir aquellos que est\u00e1n dispuestos y tienen la posibilidad de invertir en un segmento previamente desechado por el mercado del cr\u00e9dito tradicional.<\/p>\n<p>Sin duda, es un tipo de negocio que acarrea un riesgo mayor para las empresas y para las personas inversionistas. Sin embargo, tambi\u00e9n\u00a0 supone el hallazgo de un nicho de mercado con una necesidad espec\u00edfica para atender.<\/p>\n<p>Es interesante ver c\u00f3mo estas empresas y personas de capital privado han empezado a generar una sana competencia en el mercado financiero. Adem\u00e1s, esta competencia ha forzado a la banca tradicional a intentar adaptarse a las necesidades de un nuevo p\u00fablico. Esto ha provocado que hayan empezado a verse cambios en el segmento de la banca tradicional.<\/p>\n<h2>Rompiendo las Barreras del Acceso al Cr\u00e9dito<\/h2>\n<p><img decoding=\"async\" class=\"alignright size-full wp-image-81\" src=\"http:\/\/loanstar.com\/mx\/wp-content\/uploads\/sites\/8\/2018\/09\/ill_body_10.svg\" alt=\"ill_body_10\" width=\"312\" \/>Como hemos mencionado, los inversionistas de capital privado atienden a un segmento de la poblaci\u00f3n con necesidades de liquidez inmediata. Algunas personas no ten\u00edan acceso a cr\u00e9ditos por motivos diversos. Por lo general, porque no cumpl\u00edan con el perfil requerido por la banca tradicional.<\/p>\n<p>Las personas y compa\u00f1\u00edas de capital privado se caracterizan por haber flexibilizado las condiciones y requisitos m\u00ednimos exigidos. De este modo, exigen presentar mucha menos documentaci\u00f3n para poder acceder al cr\u00e9dito.<\/p>\n<p>Algunos prestamistas han logrado reducir o eliminar condiciones previamente existentes. Algunas de estas condiciones con requerimientos m\u00e1s flexibles o que ya no se exigen son: la antig\u00fcedad laboral, la cantidad de ingresos mensuales fijos, la presentaci\u00f3n de avales o garant\u00edas e incluso la mala o baja calificaci\u00f3n e historial crediticio del solicitante del pr\u00e9stamo.<\/p>\n<h2>La Eficiencia es la Clave en la Modalidad de Pr\u00e9stamos Inmediatos<\/h2>\n<p>Las principales ventajas al trabajar con la modalidad de pr\u00e9stamos inmediatos son la rapidez y eficiencia de sus operaciones. Esto ha sido posible gracias a la aparici\u00f3n de esta nueva clase de proveedores de este tipo de servicios.<\/p>\n<p><img decoding=\"async\" class=\"alignright size-full wp-image-75\" src=\"http:\/\/loanstar.com\/mx\/wp-content\/uploads\/sites\/8\/2018\/09\/ill_body_4.svg\" alt=\"ill_body_4\" width=\"312\" \/>Las nuevas tecnolog\u00edas y el mundo virtual son la base fundamental del segmento de pr\u00e9stamos inmediatos. Esto es debido a que la mayor\u00eda de empresas que trabajan junto con los prestamistas se valen de estas soluciones para poder realizar sus procesos.<\/p>\n<p>En esta modalidad, tanto las solicitudes como el desembolso de dinero ya no exigen ning\u00fan tr\u00e1mite de manera presencial. Tampoco exigen que el cliente se desplace f\u00edsicamente a ninguna oficina. Todo el proceso puede realizarse por Internet, ahorrando as\u00ed much\u00edsimo tiempo.<\/p>\n<p>De hecho, algunas de las empresas que trabajan en colaboraci\u00f3n con los prestamistas, forman parte de las organizaciones que hoy en d\u00eda se conocen como FinTech. Estas son compa\u00f1\u00edas del sector de las finanzas que se caracterizan por el uso de las nuevas tecnolog\u00edas. Gracias a estas nuevas tecnolog\u00edas, las empresas del \u00e1mbito FinTech son capaces de desarrollar nuevas soluciones y encontrar mayores y mejores oportunidades para beneficio de los usuarios y de sus proveedores.<\/p>\n<p>En la mayor\u00eda de los casos, los prestamistas, a trav\u00e9s de sus compa\u00f1\u00edas aliadas, son capaces de evaluar las solicitudes de pr\u00e9stamos inmediatos en tiempos tan cortos como menos de una hora. Posteriormente, el desembolso del dinero y la disposici\u00f3n del mismo por parte del solicitante pueden realizarse incluso el mismo d\u00eda en que se realiz\u00f3 la solicitud.<\/p>\n<h2>Prestamistas e Intermediarios en la Modalidad de Pr\u00e9stamos Inmediatos<\/h2>\n<p>Es necesario que los consumidores aprendan a identificar plenamente con qu\u00e9 empresas realizar\u00e1n su solicitud de un <a href=\"http:\/\/loanstar.com\/mx\/prestamos\/personales\/\">pr\u00e9stamo personal<\/a>.<\/p>\n<p>Hoy en d\u00eda, es muy f\u00e1cil obtener informaci\u00f3n a trav\u00e9s de los medios virtuales. Con un simple rastreo en los buscadores de Internet se puede acceder a much\u00edsimas opciones bajo la tem\u00e1tica de pr\u00e9stamos. No solo en M\u00e9xico, sino en toda Latinoam\u00e9rica y alrededor del mundo.<\/p>\n<p><img decoding=\"async\" class=\"alignright size-full wp-image-86\" src=\"http:\/\/loanstar.com\/mx\/wp-content\/uploads\/sites\/8\/2018\/09\/ill_body_15.svg\" alt=\"ill_body_15\" width=\"312\" \/>Estos \u00faltimos a\u00f1os, han aparecido una serie de servicios virtuales que facilitan enormemente el proceso de solicitud de pr\u00e9stamos inmediatos. Todo el tr\u00e1mite puede realizarse \u00edntegramente a trav\u00e9s de plataformas <em>online<\/em> (p\u00e1ginas web y aplicaciones m\u00f3viles). Asimismo, el env\u00edo de la documentaci\u00f3n requerida puede realizarse por correo electr\u00f3nico.<\/p>\n<p>Sin embargo, es importante estar atentos y conocer que, muchas veces, la mayor\u00eda de estas compa\u00f1\u00edas que operan en Internet no son directamente quienes se encargan de facilitar el cr\u00e9dito directamente, sino que funcionan como intermediarias.<\/p>\n<p>Algunas de estas empresas ofrecen un eficiente y conveniente servicio de comparaci\u00f3n de cr\u00e9ditos. Ante la solicitud de un usuario de su web le presentan una serie de alternativas para elegir. Las ofertas se basar\u00e1n en las condiciones puntuales disponibles.<\/p>\n<p>Cada opci\u00f3n all\u00ed presentada corresponde a un prestamista en particular. Son ellos los que realmente van a realizar el desembolso. Por tanto, ser\u00e1n ellos con quienes vamos a asumir una responsabilidad de pago en el futuro.<\/p>\n<p>Evidentemente, el consumidor debe elegir a la compa\u00f1\u00eda que ofrece las mejores condiciones o las m\u00e1s acorde con sus necesidades. Entre estas condiciones a evaluar figuran: la tasa de inter\u00e9s y otros costos asociados al cr\u00e9dito, el monto permitido, el plazo de devoluci\u00f3n y otras diversas.<\/p>\n<p>Pero no s\u00f3lo hay que fijarse en dichas condiciones b\u00e1sicas del pr\u00e9stamo. Adem\u00e1s es muy importante que los clientes realicen, por cuenta propia, una indagaci\u00f3n personal del origen de la compa\u00f1\u00eda prestamista. Se debe averiguar qu\u00e9 personas o grupos est\u00e1n detr\u00e1s de la empresa, si est\u00e1n afiliadas a alg\u00fan tipo de asociaci\u00f3n que ofrezca ciertas garant\u00edas, su trayectoria y profesionalismo, entre otros temas legales.<\/p>\n<p><img decoding=\"async\" class=\"alignright size-full wp-image-223\" src=\"http:\/\/loanstar.com\/mx\/wp-content\/uploads\/sites\/8\/2018\/11\/zero_interest_1.svg\" alt=\"zero_interest_1\" width=\"312\" \/>Mencionamos esto porque se trata de una compa\u00f1\u00eda o persona ante la cual vamos a asumir un compromiso y establecer una relaci\u00f3n con fundamento legal. Es necesario que averig\u00fcemos estos y otros datos para determinar si es un prestamista de quien podemos fiarnos.<\/p>\n<p>No es suficiente con los datos que ellos nos proporcionen. Tampoco con los testimonios de otras personas que aparecen en las p\u00e1ginas web. Esto nos puede servir como gu\u00eda y para empezar con esta indagaci\u00f3n, pero nuestra b\u00fasqueda debe ir m\u00e1s all\u00e1. Debemos indagar todos los aspectos o dudas que podamos tener. El objetivo ser\u00e1 que, por cuenta propia, determinemos que es un prestamista que goza de nuestra confianza.<\/p>\n<p>Otro elemento que debemos analizar con cuidado es la firma de acuerdos o contratos con quien acepte realizarnos un pr\u00e9stamo. Esta documentaci\u00f3n es la que contiene el acuerdo legal entre las dos partes. Debemos asegurarnos de leer los documentos \u00edntegramente y de entender la terminolog\u00eda utilizada.<\/p>\n<p>De hecho, es una buena idea recurrir a ayuda especializada si es posible. La revisi\u00f3n de los documentos por parte de un abogado o especialista en temas legales nos podr\u00e1 confirmar que lo que estamos interpretando es realmente lo que expresa el documento.<\/p>\n<p>Sabemos que todo lo mencionado suena un poco complejo. Pero no debemos olvidar que se trata de un tema de dinero. Por tanto, si no tomamos esta situaci\u00f3n con la seriedad y responsabilidad necesarias, podr\u00edamos sufrir serias consecuencias y complicaciones en el futuro.<\/p>\n<h2>Sobre el Proceso en la Modalidad de Pr\u00e9stamos Inmediatos<\/h2>\n<p>Como hemos mencionado, la agilidad, sencillez y eficiencia son aspectos que est\u00e1n en el coraz\u00f3n de esta modalidad de pr\u00e9stamos. Los procesos para lograr contar con el dinero solicitado son sumamente sencillos.<\/p>\n<p><img decoding=\"async\" class=\"alignright size-full wp-image-203\" src=\"http:\/\/loanstar.com\/mx\/wp-content\/uploads\/sites\/8\/2018\/11\/credit_redemption_2.svg\" alt=\"credit_redemption_2\" width=\"312\" \/>Habitualmente, el cliente interesado debe ingresar a alguna de las p\u00e1ginas web de las empresas intermediarias. Desde su p\u00e1gina principal, hay que acceder a una calculadora virtual. En esta se establecen las condiciones del pr\u00e9stamo (como el importe y el plazo). Esta opci\u00f3n se puede encontrar en casi todas las p\u00e1ginas web de los proveedores en este sector.<\/p>\n<p>Tras ingresar esas condiciones en la calculadora virtual, es usual que el cliente cree un usuario virtual. Para ello tendr\u00e1 que introducir su nombre e inventar una contrase\u00f1a. Gracias a estas claves confidenciales, el cliente podr\u00e1 acceder al sistema. Despu\u00e9s, los proveedores le pedir\u00e1n que rellene un formulario con sus datos personales generales. Concluido ese tr\u00e1mite, el cliente debe confirmar los datos y enviarlos v\u00eda Internet al proveedor para su aprobaci\u00f3n.<\/p>\n<p>A continuaci\u00f3n, el proveedor intermediario enviar\u00e1 la solicitud a los diferentes prestamistas con los que trabaja. Estos evaluar\u00e1n el perfil del solicitante del pr\u00e9stamo. En un tiempo muy breve, el cliente es informado sobre las entidades que aprobaron su cr\u00e9dito.<\/p>\n<p>A trav\u00e9s del correo electr\u00f3nico o por v\u00eda telef\u00f3nica, los prestamistas se pondr\u00e1n en contacto con el usuario. Le solicitar\u00e1n el env\u00edo de alguna documentaci\u00f3n y confirmar\u00e1n datos. Cuando el usuario elige definitivamente el proveedor con el cual quiere trabajar, le es enviada la documentaci\u00f3n para su aprobaci\u00f3n.<\/p>\n<p>Una vez firmado el acuerdo, el cliente puede recibir el dinero en su cuenta bancaria personal incluso el mismo d\u00eda. Esto es posible sobre todo si el cliente tiene cuenta en el mismo banco que el prestamista. Algunas compa\u00f1\u00edas trabajan incluso los fines de semana.<\/p>\n","protected":false},"excerpt":{"rendered":"<p>El Crecimiento Vertiginoso de los Pr\u00e9stamos Inmediatos En los \u00faltimos a\u00f1os hemos asistido a un crecimiento bastante r\u00e1pido y amplio&#8230;<\/p>\n","protected":false},"author":1,"featured_media":0,"parent":92,"menu_order":0,"comment_status":"closed","ping_status":"closed","template":"templates\/calculator-follow-up.php","meta":{"footnotes":""},"yoast_head":"<!-- This site is optimized with the Yoast SEO plugin v21.0 - https:\/\/yoast.com\/wordpress\/plugins\/seo\/ -->\n<title>Pr\u00e9stamos Inmediatos en L\u00ednea con Loanstar- LoanStar M\u00e9jico<\/title>\n<meta name=\"description\" content=\"Solicita hoy tu pr\u00e9stamo inmediato en l\u00ednea de una forma c\u00f3moda y r\u00e1pida. Ahora es posible disponer del pr\u00e9stamo que necesitas en tan solo unas horas.\" \/>\n<meta name=\"robots\" content=\"index, follow, max-snippet:-1, max-image-preview:large, max-video-preview:-1\" \/>\n<link rel=\"canonical\" href=\"https:\/\/loanstar.com\/mx\/prestamos\/inmediatos\/\" \/>\n<meta property=\"og:locale\" content=\"es_MX\" \/>\n<meta property=\"og:type\" content=\"article\" \/>\n<meta property=\"og:title\" content=\"Pr\u00e9stamos Inmediatos en L\u00ednea con Loanstar- LoanStar M\u00e9jico\" \/>\n<meta property=\"og:description\" content=\"Solicita hoy tu pr\u00e9stamo inmediato en l\u00ednea de una forma c\u00f3moda y r\u00e1pida. Ahora es posible disponer del pr\u00e9stamo que necesitas en tan solo unas horas.\" \/>\n<meta property=\"og:url\" content=\"https:\/\/loanstar.com\/mx\/prestamos\/inmediatos\/\" \/>\n<meta property=\"og:site_name\" content=\"LoanStar M\u00e9jico\" \/>\n<meta property=\"article:modified_time\" content=\"2019-06-20T12:32:56+00:00\" \/>\n<meta property=\"og:image\" content=\"http:\/\/loanstar.com\/mx\/wp-content\/uploads\/sites\/8\/2018\/11\/person_finance_2.svg\" \/>\n<meta name=\"twitter:card\" content=\"summary_large_image\" \/>\n<meta name=\"twitter:label1\" content=\"Tiempo de lectura\" \/>\n\t<meta name=\"twitter:data1\" content=\"8 minutos\" \/>\n<script type=\"application\/ld+json\" class=\"yoast-schema-graph\">{\"@context\":\"https:\/\/schema.org\",\"@graph\":[{\"@type\":\"WebPage\",\"@id\":\"https:\/\/loanstar.com\/mx\/prestamos\/inmediatos\/\",\"url\":\"https:\/\/loanstar.com\/mx\/prestamos\/inmediatos\/\",\"name\":\"Pr\u00e9stamos Inmediatos en L\u00ednea con Loanstar- LoanStar M\u00e9jico\",\"isPartOf\":{\"@id\":\"https:\/\/loanstar.com\/mx\/#website\"},\"datePublished\":\"2018-09-23T21:06:44+00:00\",\"dateModified\":\"2019-06-20T12:32:56+00:00\",\"description\":\"Solicita hoy tu pr\u00e9stamo inmediato en l\u00ednea de una forma c\u00f3moda y r\u00e1pida. Ahora es posible disponer del pr\u00e9stamo que necesitas en tan solo unas horas.\",\"breadcrumb\":{\"@id\":\"https:\/\/loanstar.com\/mx\/prestamos\/inmediatos\/#breadcrumb\"},\"inLanguage\":\"es-MX\",\"potentialAction\":[{\"@type\":\"ReadAction\",\"target\":[\"https:\/\/loanstar.com\/mx\/prestamos\/inmediatos\/\"]}]},{\"@type\":\"BreadcrumbList\",\"@id\":\"https:\/\/loanstar.com\/mx\/prestamos\/inmediatos\/#breadcrumb\",\"itemListElement\":[{\"@type\":\"ListItem\",\"position\":1,\"name\":\"M\u00e9jico\",\"item\":\"https:\/\/loanstar.com\/mx\/\"},{\"@type\":\"ListItem\",\"position\":2,\"name\":\"Pr\u00e9stamos\",\"item\":\"https:\/\/loanstar.com\/mx\/prestamos\/\"},{\"@type\":\"ListItem\",\"position\":3,\"name\":\"Pr\u00e9stamos Inmediatos\"}]},{\"@type\":\"WebSite\",\"@id\":\"https:\/\/loanstar.com\/mx\/#website\",\"url\":\"https:\/\/loanstar.com\/mx\/\",\"name\":\"LoanStar M\u00e9jico\",\"description\":\"Comparar Pr\u00e9stamos\",\"potentialAction\":[{\"@type\":\"SearchAction\",\"target\":{\"@type\":\"EntryPoint\",\"urlTemplate\":\"https:\/\/loanstar.com\/mx\/?s={search_term_string}\"},\"query-input\":\"required name=search_term_string\"}],\"inLanguage\":\"es-MX\"}]}<\/script>\n<!-- \/ Yoast SEO plugin. -->","yoast_head_json":{"title":"Pr\u00e9stamos Inmediatos en L\u00ednea con Loanstar- LoanStar M\u00e9jico","description":"Solicita hoy tu pr\u00e9stamo inmediato en l\u00ednea de una forma c\u00f3moda y r\u00e1pida. Ahora es posible disponer del pr\u00e9stamo que necesitas en tan solo unas horas.","robots":{"index":"index","follow":"follow","max-snippet":"max-snippet:-1","max-image-preview":"max-image-preview:large","max-video-preview":"max-video-preview:-1"},"canonical":"https:\/\/loanstar.com\/mx\/prestamos\/inmediatos\/","og_locale":"es_MX","og_type":"article","og_title":"Pr\u00e9stamos Inmediatos en L\u00ednea con Loanstar- LoanStar M\u00e9jico","og_description":"Solicita hoy tu pr\u00e9stamo inmediato en l\u00ednea de una forma c\u00f3moda y r\u00e1pida. Ahora es posible disponer del pr\u00e9stamo que necesitas en tan solo unas horas.","og_url":"https:\/\/loanstar.com\/mx\/prestamos\/inmediatos\/","og_site_name":"LoanStar M\u00e9jico","article_modified_time":"2019-06-20T12:32:56+00:00","og_image":[{"url":"http:\/\/loanstar.com\/mx\/wp-content\/uploads\/sites\/8\/2018\/11\/person_finance_2.svg"}],"twitter_card":"summary_large_image","twitter_misc":{"Tiempo de lectura":"8 minutos"},"schema":{"@context":"https:\/\/schema.org","@graph":[{"@type":"WebPage","@id":"https:\/\/loanstar.com\/mx\/prestamos\/inmediatos\/","url":"https:\/\/loanstar.com\/mx\/prestamos\/inmediatos\/","name":"Pr\u00e9stamos Inmediatos en L\u00ednea con Loanstar- LoanStar M\u00e9jico","isPartOf":{"@id":"https:\/\/loanstar.com\/mx\/#website"},"datePublished":"2018-09-23T21:06:44+00:00","dateModified":"2019-06-20T12:32:56+00:00","description":"Solicita hoy tu pr\u00e9stamo inmediato en l\u00ednea de una forma c\u00f3moda y r\u00e1pida. Ahora es posible disponer del pr\u00e9stamo que necesitas en tan solo unas horas.","breadcrumb":{"@id":"https:\/\/loanstar.com\/mx\/prestamos\/inmediatos\/#breadcrumb"},"inLanguage":"es-MX","potentialAction":[{"@type":"ReadAction","target":["https:\/\/loanstar.com\/mx\/prestamos\/inmediatos\/"]}]},{"@type":"BreadcrumbList","@id":"https:\/\/loanstar.com\/mx\/prestamos\/inmediatos\/#breadcrumb","itemListElement":[{"@type":"ListItem","position":1,"name":"M\u00e9jico","item":"https:\/\/loanstar.com\/mx\/"},{"@type":"ListItem","position":2,"name":"Pr\u00e9stamos","item":"https:\/\/loanstar.com\/mx\/prestamos\/"},{"@type":"ListItem","position":3,"name":"Pr\u00e9stamos Inmediatos"}]},{"@type":"WebSite","@id":"https:\/\/loanstar.com\/mx\/#website","url":"https:\/\/loanstar.com\/mx\/","name":"LoanStar M\u00e9jico","description":"Comparar Pr\u00e9stamos","potentialAction":[{"@type":"SearchAction","target":{"@type":"EntryPoint","urlTemplate":"https:\/\/loanstar.com\/mx\/?s={search_term_string}"},"query-input":"required name=search_term_string"}],"inLanguage":"es-MX"}]}},"_links":{"self":[{"href":"https:\/\/loanstar.com\/mx\/wp-json\/wp\/v2\/pages\/96"}],"collection":[{"href":"https:\/\/loanstar.com\/mx\/wp-json\/wp\/v2\/pages"}],"about":[{"href":"https:\/\/loanstar.com\/mx\/wp-json\/wp\/v2\/types\/page"}],"author":[{"embeddable":true,"href":"https:\/\/loanstar.com\/mx\/wp-json\/wp\/v2\/users\/1"}],"replies":[{"embeddable":true,"href":"https:\/\/loanstar.com\/mx\/wp-json\/wp\/v2\/comments?post=96"}],"version-history":[{"count":1,"href":"https:\/\/loanstar.com\/mx\/wp-json\/wp\/v2\/pages\/96\/revisions"}],"predecessor-version":[{"id":281,"href":"https:\/\/loanstar.com\/mx\/wp-json\/wp\/v2\/pages\/96\/revisions\/281"}],"up":[{"embeddable":true,"href":"https:\/\/loanstar.com\/mx\/wp-json\/wp\/v2\/pages\/92"}],"wp:attachment":[{"href":"https:\/\/loanstar.com\/mx\/wp-json\/wp\/v2\/media?parent=96"}],"curies":[{"name":"wp","href":"https:\/\/api.w.org\/{rel}","templated":true}]}}