{"id":92,"date":"2018-09-23T18:18:00","date_gmt":"2018-09-23T18:18:00","guid":{"rendered":"http:\/\/loanstar.com\/mx\/?page_id=92"},"modified":"2019-06-20T05:31:46","modified_gmt":"2019-06-20T11:31:46","slug":"prestamos","status":"publish","type":"page","link":"https:\/\/loanstar.com\/mx\/prestamos\/","title":{"rendered":"Pr\u00e9stamos"},"content":{"rendered":"<h2>Nuevas Modalidades de Pr\u00e9stamos para Distintos Tipos de Necesidades<\/h2>\n<p><img decoding=\"async\" class=\"alignright size-full wp-image-200\" src=\"http:\/\/loanstar.com\/mx\/wp-content\/uploads\/sites\/8\/2018\/11\/bad_credit_2.svg\" alt=\"\" width=\"312\" \/>En el pasado, cuando habl\u00e1bamos de pr\u00e9stamos, solo pod\u00edamos referirnos a un par de alternativas disponibles en el mercado. Hoy en d\u00eda, esa situaci\u00f3n ha cambiado. Ahora existe una amplia gama de opciones para satisfacer las distintas necesidades y realidades sociales y financieras de las personas.<\/p>\n<p>Asimismo, antiguamente la \u00fanica v\u00eda para obtener pr\u00e9stamos eran los bancos. Muchas veces, estos exig\u00edan (y siguen exigiendo) requisitos muy espec\u00edficos y dif\u00edciles de cumplir para acceder a un pr\u00e9stamo. Esto provocaba que gran parte de la poblaci\u00f3n se quedara sin poder acceder a estos servicios financieros.<\/p>\n<p>Hoy en d\u00eda, adem\u00e1s de los grandes bancos, existen empresas financieras con estructuras m\u00e1s simples y otras de capital privado. Ambas est\u00e1n dispuestas a otorgar cr\u00e9ditos a un segmento de la poblaci\u00f3n que, de otra manera, simplemente no estar\u00eda en capacidad de acceder a un pr\u00e9stamo.<\/p>\n<p>En esta ocasi\u00f3n, realizaremos una r\u00e1pida revisi\u00f3n de todos los tipos de cr\u00e9ditos disponibles en el mercado mexicano: desde los tradicionales, hasta los m\u00e1s nuevos e innovadores.<\/p>\n<h2>Pr\u00e9stamos Personales<\/h2>\n<p>Un primer tipo de producto tradicional que est\u00e1 disponible en el mercado son los pr\u00e9stamos personales. Tambi\u00e9n son conocidos como cr\u00e9ditos de consumo.<\/p>\n<p><img decoding=\"async\" class=\"alignright size-full wp-image-41\" src=\"http:\/\/loanstar.com\/mx\/wp-content\/uploads\/sites\/8\/2018\/09\/ill_gen_4.svg\" alt=\"\" width=\"312\" \/>Consisten en acceder, de manera r\u00e1pida, a unacantidad de dinero de acuerdo a la realidad particular de cada persona. Tras ello, se ir\u00e1 devolviendo dicho dinero con los intereses pactados (adem\u00e1s de otras comisiones, seg\u00fan el prestamista) de manera mensual.<\/p>\n<p>Estos pr\u00e9stamos son otorgados tanto por los bancos tradicionales\u00a0 como por las compa\u00f1\u00edas prestamistas privadas.<\/p>\n<p>En el mercado mexicano, las compa\u00f1\u00edas de capital privado ofrecen gran flexibilidad sobre el plazo de devoluci\u00f3n del pr\u00e9stamo. Hay compa\u00f1\u00edas que prestan dinero por plazos tan cortos como 14 d\u00edas m\u00ednimo, y hasta 4 a\u00f1os como tiempo m\u00e1ximo.<\/p>\n<p>Por otro lado, estas empresas innovadoras acceden a otorgar pr\u00e9stamos personales de montos que van desde los $1,000 hasta los $95,000. Si el cliente demuestra un buen comportamiento crediticio, es posible que acepten prestarle un importe mayor.<\/p>\n<p>A medida que crece la cantidad de dinero solicitada, es posible que el proceso de aprobaci\u00f3n tome un poco m\u00e1s de tiempo o que los prestamistas requieran alg\u00fan documento adicional como medida de sustento.<\/p>\n<p>Como hemos mencionado, una de las ventajas de las compa\u00f1\u00edas financieras no tradicionales es su mayor flexibilidad. Por ejemplo, algunas de ellas no toman en cuenta la antig\u00fcedad laboral del solicitante. Algunos de los <strong>requisitos m\u00e1s frecuentes<\/strong> son:<br \/>\n\t<div class=\"list-ticks-secondary\">\r\n\t\t<ul>\n<li>Tener una cuenta bancaria.<\/li>\n<li>Ser mexicano.<\/li>\n<li>Contar con el CURP.<\/li>\n<li>Tener un correo electr\u00f3nico y tel\u00e9fono celular propios.<\/li>\n<li>Presentar alg\u00fan tipo de sustento de ingresos.<\/li>\n<\/ul>\n\t<\/div><!-- \/.list-ticks -->\r\n\t\nPor otro lado, la banca tradicional, en la mayor\u00eda de los casos, maneja condiciones m\u00e1s convenientes en lo relativo\u00a0 a los intereses. Por ejemplo, hay bancos grandes que cobran tasas de entre el 17% y el 25% de inter\u00e9s anual sin IVA. La tasa de inter\u00e9s, dependiendo de cada caso, podr\u00eda no tener variaciones en el tiempo.<\/p>\n<p>En cuanto al tiempo de duraci\u00f3n del pr\u00e9stamo, normalmente los bancos no son tan flexibles como las nuevas compa\u00f1\u00edas. Los periodos de devoluci\u00f3n que presentan est\u00e1n en el rango de los 12 o 24 meses como m\u00ednimo. El m\u00e1ximo podr\u00eda oscilar entre los 60 o 72 meses.<\/p>\n<p>Cabe recalcar que, seg\u00fan la compa\u00f1\u00eda y el pr\u00e9stamo personal que se contrate, es posible pagar la totalidad de los pr\u00e9stamos en un tiempo menor al pactado sin que esto signifique la aplicaci\u00f3n de penalizaciones por pago adelantado.<\/p>\n<p>Por otro lado, los <strong>requisitos generales que los bancos tradicionales exigen en la modalidad de pr\u00e9stamos personales<\/strong>, suelen ser ser los siguientes:<br \/>\n\t<div class=\"list-ticks-secondary\">\r\n\t\t<ul>\n<li>Una edad m\u00ednima de 18 a\u00f1os hasta los 72 a\u00f1os como edad m\u00e1xima. No obstante, algunos bancos trabajan con un m\u00ednimo de 21 a\u00f1os.<\/li>\n<li>Ingresos m\u00ednimos sustentables, que puedan demostrarse.<\/li>\n<li>Documento de identidad vigente.<\/li>\n<li>Comprobante de domicilio.<\/li>\n<li>Ser mexicano o tener tarjeta de residencia permanente.<\/li>\n<\/ul>\n\t<\/div><!-- \/.list-ticks -->\r\n\t\n<h2>Pr\u00e9stamos Hipotecarios<\/h2>\n<p>Existen dos categor\u00edas de este tipo de pr\u00e9stamos. Primero, los que sirven para financiar la compra de un inmueble, tradicionalmente tu vivienda. Segundo, aquellos en los cuales el inmueble sirve como garant\u00eda para solicitar un pr\u00e9stamo de libre uso.<\/p>\n<p><img decoding=\"async\" class=\"alignright size-full wp-image-82\" src=\"http:\/\/loanstar.com\/mx\/wp-content\/uploads\/sites\/8\/2018\/09\/ill_body_11.svg\" alt=\"\" width=\"312\" \/>Los primeros, los conocidos <strong>cr\u00e9ditos o pr\u00e9stamos hipotecarios<\/strong>, son una modalidad muy difundida. Suponen un compromiso a largo plazo con una entidad financiera, tradicionalmente un banco. En este tipo de contrato, se te hace un pr\u00e9stamo con el cual compras tu vivienda. El cr\u00e9dito se va pagando mensualmente, con los intereses y dem\u00e1s comisiones que el cliente haya aceptado.<\/p>\n<p>Los bancos manejan diferentes requisitos y beneficios, y la competencia ha hecho que aparezcan mayores y mejores opciones. Por ejemplo, actualmente existe una modalidad en la cual la tasa de inter\u00e9s se va reduciendo con base a tu comportamiento y tu vinculaci\u00f3n con tu banco.<\/p>\n<p>La segunda modalidad son los denominados <strong>pr\u00e9stamos o cr\u00e9ditos con garant\u00eda hipotecaria.<\/strong> Consisten en un cr\u00e9dito donde usas tu vivienda como aval. Por lo general, suponen un compromiso de largo plazo y de importes de dinero relativamente altos. El dinero es de libre disponibilidad, es decir que lo puedes utilizar para cualquier fin.<\/p>\n<p>Esta \u00faltima modalidad no est\u00e1 muy difundida en M\u00e9xico. Recomendamos a los clientes analizar en profundidad si quisieran optar por este tipo de cr\u00e9dito. No hay que olvidar que el incumplimiento de los compromisos de pago supone la p\u00e9rdida de la vivienda.<\/p>\n<h2>Cr\u00e9ditos Vehiculares<\/h2>\n<p><img decoding=\"async\" class=\"alignright size-full wp-image-76\" src=\"http:\/\/loanstar.com\/mx\/wp-content\/uploads\/sites\/8\/2018\/09\/ill_body_5.svg\" alt=\"\" width=\"312\" \/>Esta modalidad de cr\u00e9dito est\u00e1 dise\u00f1ada <strong>exclusivamente para la compra de autom\u00f3viles o motocicletas nuevas.<\/strong> Es habitual que las casas automotrices sean las que tienen un acuerdo previo con las entidades financieras. De este modo, al adquirir el veh\u00edculo, el cliente puede encontrar la soluci\u00f3n de financiamiento en el lugar mismo.<\/p>\n<h2>Pr\u00e9stamos Inmediatos<\/h2>\n<p><a href=\"http:\/\/loanstar.com\/mx\/prestamos\/inmediatos\/\">Los pr\u00e9stamos inmediatos<\/a> son una modalidad de cr\u00e9dito que ha surgido en los \u00faltimos a\u00f1os. Se distinguen sobre todo por su versatilidad y agilidad en el proceso de solicitud y de desembolso del dinero.<\/p>\n<p><img decoding=\"async\" class=\"alignright size-full wp-image-86\" src=\"http:\/\/loanstar.com\/mx\/wp-content\/uploads\/sites\/8\/2018\/09\/ill_body_15.svg\" alt=\"\" width=\"312\" \/>Una de las caracter\u00edsticas principales de estos pr\u00e9stamos es que el tr\u00e1mite se puede realizar \u00edntegramente a trav\u00e9s de Internet. No solo desde una computadora personal, sino, incluso, en algunos casos, desde dispositivos m\u00f3viles.<\/p>\n<p>Habitualmente, las compa\u00f1\u00edas que ofrecen este servicio, entienden que el cliente necesita el dinero de manera inmediata. Por ello la respuesta a la solicitud del pr\u00e9stamo se realiza casi siempre dentro de las 24 horas siguientes a la petici\u00f3n.<\/p>\n<p>Adem\u00e1s, muchas de las compa\u00f1\u00edas que ofrecen esta modalidad, trabajan los 365 d\u00edas del a\u00f1o. Esto quiere decir que puedes obtener el dinero incluso durante el fin de semana.<\/p>\n<h2>Pr\u00e9stamos sin Bur\u00f3 y sin Sustento de Ingresos<\/h2>\n<p>En el mercado mexicano existen algunas compa\u00f1\u00edas prestamistas que aceptan solicitudes de personas que no figuran en el Bur\u00f3 de Cr\u00e9dito. Como sabemos, esta organizaci\u00f3n es una sociedad de informaci\u00f3n crediticia que registra el comportamiento financiero de los individuos.<\/p>\n<p>Normalmente, la banca tradicional recurre al Bur\u00f3 de Cr\u00e9dito para determinar si la persona solicitante de un pr\u00e9stamo es confiable o no. Sin embargo, algunas modernas compa\u00f1\u00edas de capital privado pueden otorgarte un cr\u00e9dito incluso si no cuentas con un historial.<\/p>\n<p>De hecho, algunas compa\u00f1\u00edas de capital privado est\u00e1n dispuestas a darte un cr\u00e9dito incluso si no cuentas con un sustento de ingresos.<\/p>\n<h2>Pr\u00e9stamos con Cero Inter\u00e9s<\/h2>\n<p><img decoding=\"async\" class=\"alignright size-full wp-image-223\" src=\"http:\/\/loanstar.com\/mx\/wp-content\/uploads\/sites\/8\/2018\/11\/zero_interest_1.svg\" alt=\"\" width=\"312\" \/>Hay varias compa\u00f1\u00edas de capital privado que manejan una modalidad interesante para los clientes nuevos. Esta consiste en no cobrar ning\u00fan inter\u00e9s en la primera operaci\u00f3n de cr\u00e9dito. De esta manera, el cliente se ve incentivado a probar el servicio de estas empresas y comprobar la calidad de servicio, eficiencia y transparencia en sus operaciones.<\/p>\n<p>Sin embargo, si se trata de empresas de capital privado, sugerimos a los usuarios interesados que tengan especial cuidado a partir de la segunda operaci\u00f3n. Este tipo de compa\u00f1\u00edas, al trabajar con par\u00e1metros de riesgo mayores, cobran porcentajes de inter\u00e9s que muchas veces son bastante m\u00e1s elevados que los de los bancos.<\/p>\n<h2>Recomendaciones a la hora de contratar Pr\u00e9stamos<\/h2>\n<p>Aceptar un pr\u00e9stamo con una compa\u00f1\u00eda es una decisi\u00f3n que debe pensarse muy bien. Adem\u00e1s, exige un adecuado nivel de responsabilidad y de seriedad por parte de los usuarios.<\/p>\n<p><img decoding=\"async\" class=\"alignright size-full wp-image-33\" src=\"http:\/\/loanstar.com\/mx\/wp-content\/uploads\/sites\/8\/2018\/09\/home_ill_1.svg\" alt=\"\" width=\"312\" \/>La recomendaci\u00f3n general es que ninguna persona tome un pr\u00e9stamo si no es absolutamente necesario, ya que todas las compa\u00f1\u00edas financieras o de capital privado cobran una comisi\u00f3n o alg\u00fan otro coste, lo que encarece la operaci\u00f3n.<\/p>\n<p>El usuario deber\u00eda solicitar un pr\u00e9stamo solamente en casos espec\u00edficos en los que no dispone de la liquidez en el momento actual, y si est\u00e1 seguro de que va a poder afrontar los pagos futuros. Nunca debe olvidar los intereses que este cr\u00e9dito supone o cualquier otra comisi\u00f3n que el prestamista estipule.<\/p>\n<p>Los analistas econ\u00f3micos recomiendan que no se contrate un pr\u00e9stamo para pagar otro. Esto puede causar un c\u00edrculo vicioso del cual es dif\u00edcil salir. Los cr\u00e9ditos se pueden solicitar para situaciones puntuales, como la compra de alg\u00fan bien necesario, una remodelaci\u00f3n en la casa, afrontar gastos imprevistos de salud como una operaci\u00f3n, etc.<\/p>\n<p>Para finalizar, debemos mencionar que, sobre todo para los casos que involucran una gran cantidad de dinero o que exigen un aval (por ejemplo los pr\u00e9stamos con garant\u00eda hipotecaria), los usuarios deben prestar especial atenci\u00f3n a las condiciones del contrato que van a firmar.<\/p>\n<p>Nunca es conveniente fiarse totalmente de las palabras de los ejecutivos comerciales. Se corre el riesgo de que estos comerciales puedan obviar o tergiversar los alcances del producto financiero. El hecho de no entender a cabalidad los t\u00e9rminos de un contrato y a\u00fan as\u00ed estar dispuesto a firmarlo puede suponer que aparezcan sorpresas inesperadas en el futuro.<\/p>\n","protected":false},"excerpt":{"rendered":"<p>Nuevas Modalidades de Pr\u00e9stamos para Distintos Tipos de Necesidades En el pasado, cuando habl\u00e1bamos de pr\u00e9stamos, solo pod\u00edamos referirnos a&#8230;<\/p>\n","protected":false},"author":1,"featured_media":0,"parent":0,"menu_order":0,"comment_status":"closed","ping_status":"closed","template":"templates\/calculator-main.php","meta":{"footnotes":""},"yoast_head":"<!-- This site is optimized with the Yoast SEO plugin v21.0 - https:\/\/yoast.com\/wordpress\/plugins\/seo\/ -->\n<title>Pr\u00e9stamos Personales en L\u00ednea, Pr\u00e9stamos Sin Bur\u00f3, R\u00e1pido y F\u00e1cil- LoanStar M\u00e9jico - Loanstar<\/title>\n<meta name=\"description\" content=\"Comparamos r\u00e1pidamente los mejores pr\u00e9stamos sin bur\u00f3 de cr\u00e9dito. Sin moverte de casa ahora es posible encontrar tu pr\u00e9stamo ideal y conseguirlo en menos de 24 h.\" \/>\n<meta name=\"robots\" content=\"index, follow, max-snippet:-1, max-image-preview:large, max-video-preview:-1\" \/>\n<link rel=\"canonical\" href=\"https:\/\/loanstar.com\/mx\/prestamos\/\" \/>\n<meta property=\"og:locale\" content=\"es_MX\" \/>\n<meta property=\"og:type\" content=\"article\" \/>\n<meta property=\"og:title\" content=\"Pr\u00e9stamos Personales en L\u00ednea, Pr\u00e9stamos Sin Bur\u00f3, R\u00e1pido y F\u00e1cil- LoanStar M\u00e9jico - Loanstar\" \/>\n<meta property=\"og:description\" content=\"Comparamos r\u00e1pidamente los mejores pr\u00e9stamos sin bur\u00f3 de cr\u00e9dito. Sin moverte de casa ahora es posible encontrar tu pr\u00e9stamo ideal y conseguirlo en menos de 24 h.\" \/>\n<meta property=\"og:url\" content=\"https:\/\/loanstar.com\/mx\/prestamos\/\" \/>\n<meta property=\"og:site_name\" content=\"LoanStar M\u00e9jico\" \/>\n<meta property=\"article:modified_time\" content=\"2019-06-20T11:31:46+00:00\" \/>\n<meta property=\"og:image\" content=\"http:\/\/loanstar.com\/mx\/wp-content\/uploads\/sites\/8\/2018\/11\/bad_credit_2.svg\" \/>\n<meta name=\"twitter:card\" content=\"summary_large_image\" \/>\n<meta name=\"twitter:label1\" content=\"Tiempo de lectura\" \/>\n\t<meta name=\"twitter:data1\" content=\"9 minutos\" \/>\n<script type=\"application\/ld+json\" class=\"yoast-schema-graph\">{\"@context\":\"https:\/\/schema.org\",\"@graph\":[{\"@type\":\"WebPage\",\"@id\":\"https:\/\/loanstar.com\/mx\/prestamos\/\",\"url\":\"https:\/\/loanstar.com\/mx\/prestamos\/\",\"name\":\"Pr\u00e9stamos Personales en L\u00ednea, Pr\u00e9stamos Sin Bur\u00f3, R\u00e1pido y F\u00e1cil- LoanStar M\u00e9jico - Loanstar\",\"isPartOf\":{\"@id\":\"https:\/\/loanstar.com\/mx\/#website\"},\"datePublished\":\"2018-09-23T18:18:00+00:00\",\"dateModified\":\"2019-06-20T11:31:46+00:00\",\"description\":\"Comparamos r\u00e1pidamente los mejores pr\u00e9stamos sin bur\u00f3 de cr\u00e9dito. Sin moverte de casa ahora es posible encontrar tu pr\u00e9stamo ideal y conseguirlo en menos de 24 h.\",\"breadcrumb\":{\"@id\":\"https:\/\/loanstar.com\/mx\/prestamos\/#breadcrumb\"},\"inLanguage\":\"es-MX\",\"potentialAction\":[{\"@type\":\"ReadAction\",\"target\":[\"https:\/\/loanstar.com\/mx\/prestamos\/\"]}]},{\"@type\":\"BreadcrumbList\",\"@id\":\"https:\/\/loanstar.com\/mx\/prestamos\/#breadcrumb\",\"itemListElement\":[{\"@type\":\"ListItem\",\"position\":1,\"name\":\"M\u00e9jico\",\"item\":\"https:\/\/loanstar.com\/mx\/\"},{\"@type\":\"ListItem\",\"position\":2,\"name\":\"Pr\u00e9stamos\"}]},{\"@type\":\"WebSite\",\"@id\":\"https:\/\/loanstar.com\/mx\/#website\",\"url\":\"https:\/\/loanstar.com\/mx\/\",\"name\":\"LoanStar M\u00e9jico\",\"description\":\"Comparar Pr\u00e9stamos\",\"potentialAction\":[{\"@type\":\"SearchAction\",\"target\":{\"@type\":\"EntryPoint\",\"urlTemplate\":\"https:\/\/loanstar.com\/mx\/?s={search_term_string}\"},\"query-input\":\"required name=search_term_string\"}],\"inLanguage\":\"es-MX\"}]}<\/script>\n<!-- \/ Yoast SEO plugin. -->","yoast_head_json":{"title":"Pr\u00e9stamos Personales en L\u00ednea, Pr\u00e9stamos Sin Bur\u00f3, R\u00e1pido y F\u00e1cil- LoanStar M\u00e9jico - Loanstar","description":"Comparamos r\u00e1pidamente los mejores pr\u00e9stamos sin bur\u00f3 de cr\u00e9dito. Sin moverte de casa ahora es posible encontrar tu pr\u00e9stamo ideal y conseguirlo en menos de 24 h.","robots":{"index":"index","follow":"follow","max-snippet":"max-snippet:-1","max-image-preview":"max-image-preview:large","max-video-preview":"max-video-preview:-1"},"canonical":"https:\/\/loanstar.com\/mx\/prestamos\/","og_locale":"es_MX","og_type":"article","og_title":"Pr\u00e9stamos Personales en L\u00ednea, Pr\u00e9stamos Sin Bur\u00f3, R\u00e1pido y F\u00e1cil- LoanStar M\u00e9jico - Loanstar","og_description":"Comparamos r\u00e1pidamente los mejores pr\u00e9stamos sin bur\u00f3 de cr\u00e9dito. Sin moverte de casa ahora es posible encontrar tu pr\u00e9stamo ideal y conseguirlo en menos de 24 h.","og_url":"https:\/\/loanstar.com\/mx\/prestamos\/","og_site_name":"LoanStar M\u00e9jico","article_modified_time":"2019-06-20T11:31:46+00:00","og_image":[{"url":"http:\/\/loanstar.com\/mx\/wp-content\/uploads\/sites\/8\/2018\/11\/bad_credit_2.svg"}],"twitter_card":"summary_large_image","twitter_misc":{"Tiempo de lectura":"9 minutos"},"schema":{"@context":"https:\/\/schema.org","@graph":[{"@type":"WebPage","@id":"https:\/\/loanstar.com\/mx\/prestamos\/","url":"https:\/\/loanstar.com\/mx\/prestamos\/","name":"Pr\u00e9stamos Personales en L\u00ednea, Pr\u00e9stamos Sin Bur\u00f3, R\u00e1pido y F\u00e1cil- LoanStar M\u00e9jico - Loanstar","isPartOf":{"@id":"https:\/\/loanstar.com\/mx\/#website"},"datePublished":"2018-09-23T18:18:00+00:00","dateModified":"2019-06-20T11:31:46+00:00","description":"Comparamos r\u00e1pidamente los mejores pr\u00e9stamos sin bur\u00f3 de cr\u00e9dito. Sin moverte de casa ahora es posible encontrar tu pr\u00e9stamo ideal y conseguirlo en menos de 24 h.","breadcrumb":{"@id":"https:\/\/loanstar.com\/mx\/prestamos\/#breadcrumb"},"inLanguage":"es-MX","potentialAction":[{"@type":"ReadAction","target":["https:\/\/loanstar.com\/mx\/prestamos\/"]}]},{"@type":"BreadcrumbList","@id":"https:\/\/loanstar.com\/mx\/prestamos\/#breadcrumb","itemListElement":[{"@type":"ListItem","position":1,"name":"M\u00e9jico","item":"https:\/\/loanstar.com\/mx\/"},{"@type":"ListItem","position":2,"name":"Pr\u00e9stamos"}]},{"@type":"WebSite","@id":"https:\/\/loanstar.com\/mx\/#website","url":"https:\/\/loanstar.com\/mx\/","name":"LoanStar M\u00e9jico","description":"Comparar Pr\u00e9stamos","potentialAction":[{"@type":"SearchAction","target":{"@type":"EntryPoint","urlTemplate":"https:\/\/loanstar.com\/mx\/?s={search_term_string}"},"query-input":"required name=search_term_string"}],"inLanguage":"es-MX"}]}},"_links":{"self":[{"href":"https:\/\/loanstar.com\/mx\/wp-json\/wp\/v2\/pages\/92"}],"collection":[{"href":"https:\/\/loanstar.com\/mx\/wp-json\/wp\/v2\/pages"}],"about":[{"href":"https:\/\/loanstar.com\/mx\/wp-json\/wp\/v2\/types\/page"}],"author":[{"embeddable":true,"href":"https:\/\/loanstar.com\/mx\/wp-json\/wp\/v2\/users\/1"}],"replies":[{"embeddable":true,"href":"https:\/\/loanstar.com\/mx\/wp-json\/wp\/v2\/comments?post=92"}],"version-history":[{"count":2,"href":"https:\/\/loanstar.com\/mx\/wp-json\/wp\/v2\/pages\/92\/revisions"}],"predecessor-version":[{"id":292,"href":"https:\/\/loanstar.com\/mx\/wp-json\/wp\/v2\/pages\/92\/revisions\/292"}],"wp:attachment":[{"href":"https:\/\/loanstar.com\/mx\/wp-json\/wp\/v2\/media?parent=92"}],"curies":[{"name":"wp","href":"https:\/\/api.w.org\/{rel}","templated":true}]}}