{"id":183,"date":"2018-11-07T13:43:42","date_gmt":"2018-11-07T13:43:42","guid":{"rendered":"http:\/\/loanstar.com\/mx\/?page_id=183"},"modified":"2019-06-19T12:10:33","modified_gmt":"2019-06-19T18:10:33","slug":"terminos-y-condiciones","status":"publish","type":"page","link":"https:\/\/loanstar.com\/mx\/terminos-y-condiciones\/","title":{"rendered":"T\u00e9rminos y Condiciones"},"content":{"rendered":"<p>T\u00e9rminos y condiciones de Digital Takeover, LTD.<\/p>\n<h2>Introducci\u00f3n<\/h2>\n<p>Estos T\u00e9rminos y condiciones est\u00e1ndar del sitio web escritos en esta p\u00e1gina web deben gestionar su uso de nuestro sitio web, accesible a LoanStar en http:\/\/loanstar.com.<\/p>\n<p>Estos T\u00e9rminos se aplicar\u00e1n completamente y afectar\u00e1n su uso de este sitio web. Al utilizar este sitio web, usted acept\u00f3 todos los t\u00e9rminos y condiciones aqu\u00ed escritos. No debe usar este sitio web si no est\u00e1 de acuerdo con cualquiera de estos T\u00e9rminos y condiciones est\u00e1ndar del sitio web.<\/p>\n<p>Los menores de edad o menores de 18 a\u00f1os no pueden usar este sitio web.<\/p>\n<h2>Derechos de Propiedad Intelectual<\/h2>\n<p>Adem\u00e1s del contenido que posee, bajo estos T\u00e9rminos, Digital Takeover, LTD y \/ o sus licenciatarios son propietarios de todos los derechos de propiedad intelectual y los materiales contenidos en este sitio web.<\/p>\n<p>Se le otorga a usted una licencia limitada solo con los fines de ver el material contenido en este sitio web.<\/p>\n<h2>Restricciones<\/h2>\n<p>Usted est\u00e1 espec\u00edficamente restringido de realizar todo lo siguiente:<br \/>\n\t<div class=\"list-ticks-secondary\">\r\n\t\t<ul>\n<li style=\"list-style-type: none\">\n<ul>\n<li>Publicar cualquier material del sitio web en cualquier otro medio;<\/li>\n<li>Vender, sublicenciar y \/ o comercializar cualquier material del sitio web;<\/li>\n<li>Realizar p\u00fablicamente y \/ o mostrar cualquier material del sitio web;<\/li>\n<li>Usar este sitio web de cualquier manera que sea o pueda ser perjudicial para este sitio web;<\/li>\n<li>Usar este sitio web de cualquier manera que afecte el acceso de los usuarios a este sitio web;<\/li>\n<li>El uso de este sitio web en contra de las leyes y regulaciones aplicables o que de cualquier manera pueda causar da\u00f1os al sitio web o a cualquier persona o entidad comercial;<\/li>\n<li>Participar en cualquier extracci\u00f3n de datos, recolecci\u00f3n de datos o cualquier otra actividad similar en relaci\u00f3n con este sitio web;<\/li>\n<li>Uso de este sitio web para participar en cualquier campa\u00f1a o tipo de publicidad o <em>marketing<\/em>.<\/li>\n<\/ul>\n<\/li>\n<\/ul>\n\t<\/div><!-- \/.list-ticks -->\r\n\t\n<p>Ciertas \u00e1reas de este sitio web tienen acceso restringido para usted y Digital Takeover, LTD puede restringir a\u00fan m\u00e1s el acceso a cualquier \u00e1rea de este sitio web, en cualquier momento y con absoluta discrecionalidad. Cualquier ID de usuario y contrase\u00f1a que pueda tener para este sitio web son confidenciales y usted debe mantener la confidencialidad.<\/p>\n<h2>Tu Contenido<\/h2>\n<p>En estos T\u00e9rminos y condiciones est\u00e1ndar del sitio web, &#8220;Su contenido&#8221; significar\u00e1 cualquier audio, texto de video, im\u00e1genes u otro material que elija mostrar en este sitio web. Al mostrar Su contenido, otorga a Digital Takeover, LTD una licencia no exclusiva, irrevocable y con licencia de uso en todo el mundo para usarla, reproducirla, adaptarla, publicarla, traducirla y distribuirla en cualquier medio.<\/p>\n<p>Su Contenido debe ser suyo y no debe invadir los derechos de terceros. Digital Takeover, LTD se reserva el derecho de eliminar cualquiera de sus contenidos de este sitio web en cualquier momento sin previo aviso.<\/p>\n<h2>Sin Garant\u00edas<\/h2>\n<p>Este sitio web se proporciona &#8220;tal cual&#8221;, con todas las fallas, y Digital Takeover, LTD no expresa representaciones ni garant\u00edas de ning\u00fan tipo relacionadas con este sitio web o los materiales contenidos en este sitio web. Adem\u00e1s, nada de lo contenido en este sitio web se interpretar\u00e1 como un aviso.<\/p>\n<h2>Limitaci\u00f3n de Responsabilidad<\/h2>\n<p>En ning\u00fan caso, Digital Takeover, LTD, ni ninguno de sus funcionarios, directores y empleados, ser\u00e1n responsables de cualquier cosa que surja o est\u00e9 relacionada con su uso de este sitio web, ya sea que dicha responsabilidad est\u00e9 sujeta a un contrato. Digital Takeover, LTD, incluidos sus funcionarios, directores y empleados, no ser\u00e1 responsable de ninguna responsabilidad indirecta, consecuente o especial que surja de o est\u00e9 de cualquier manera relacionada con su uso de este sitio web.<\/p>\n<h2>Indemnizaci\u00f3n<\/h2>\n<p>Por la presente, usted indemniza en la mayor medida posible a Digital Takeover, LTD de y contra cualquier responsabilidad, costos, demandas, causas de acci\u00f3n, da\u00f1os y gastos que surjan de cualquier forma relacionada con su incumplimiento de cualquiera de las disposiciones de estos T\u00e9rminos.<\/p>\n<h2>Divisibilidad<\/h2>\n<p>Si alguna disposici\u00f3n de estos T\u00e9rminos se considera inv\u00e1lida seg\u00fan cualquier ley aplicable, dichas disposiciones se eliminar\u00e1n sin afectar a las disposiciones restantes de este documento.<\/p>\n<h2>Variaci\u00f3n de T\u00e9rminos<\/h2>\n<p>Digital Takeover, LTD tiene permitido revisar estos T\u00e9rminos en cualquier momento que considere oportuno, y al utilizar este sitio web, se espera que los revise peri\u00f3dicamente.<\/p>\n<h2>Asignaci\u00f3n<\/h2>\n<p>The Digital Takeover, LTD puede asignar, transferir y subcontratar sus derechos y \/ u obligaciones en virtud de estos T\u00e9rminos sin notificaci\u00f3n alguna. Sin embargo, no se le permite asignar, transferir o subcontratar ninguno de sus derechos y \/ u obligaciones en virtud de estos T\u00e9rminos.<\/p>\n<h2>Acuerdo Completo<\/h2>\n<p>Estos T\u00e9rminos constituyen el acuerdo completo entre Digital Takeover, LTD y usted en relaci\u00f3n con su uso de este sitio web, y sustituyen a todos los acuerdos y entendimientos anteriores.<\/p>\n<h2>Ley Aplicable y Jurisdicci\u00f3n<\/h2>\n<p>Estos T\u00e9rminos se regir\u00e1n e interpretar\u00e1n de acuerdo con las leyes de Malta, y usted se somete a la jurisdicci\u00f3n no exclusiva de los tribunales estatales y federales ubicados en Malta para resolver cualquier disputa.<\/p>\n","protected":false},"excerpt":{"rendered":"<p>T\u00e9rminos y condiciones de Digital Takeover, LTD. Introducci\u00f3n Estos T\u00e9rminos y condiciones est\u00e1ndar del sitio web escritos en esta p\u00e1gina&#8230;<\/p>\n","protected":false},"author":1,"featured_media":0,"parent":0,"menu_order":0,"comment_status":"closed","ping_status":"closed","template":"templates\/terms-of-use.php","meta":{"footnotes":""},"yoast_head":"<!-- This site is optimized with the Yoast SEO plugin v21.0 - https:\/\/yoast.com\/wordpress\/plugins\/seo\/ -->\n<title>T\u00e9rminos y Condiciones - LoanStar M\u00e9jico<\/title>\n<meta name=\"robots\" content=\"noindex, follow\" \/>\n<meta property=\"og:locale\" content=\"es_MX\" \/>\n<meta property=\"og:type\" content=\"article\" \/>\n<meta property=\"og:title\" content=\"T\u00e9rminos y Condiciones - LoanStar M\u00e9jico\" \/>\n<meta property=\"og:description\" content=\"T\u00e9rminos y condiciones de Digital Takeover, LTD. Introducci\u00f3n Estos T\u00e9rminos y condiciones est\u00e1ndar del sitio web escritos en esta p\u00e1gina...\" \/>\n<meta property=\"og:url\" content=\"https:\/\/loanstar.com\/mx\/terminos-y-condiciones\/\" \/>\n<meta property=\"og:site_name\" content=\"LoanStar M\u00e9jico\" \/>\n<meta property=\"article:modified_time\" content=\"2019-06-19T18:10:33+00:00\" \/>\n<meta name=\"twitter:card\" content=\"summary_large_image\" \/>\n<meta name=\"twitter:label1\" content=\"Tiempo de lectura\" \/>\n\t<meta name=\"twitter:data1\" content=\"4 minutos\" \/>\n<script type=\"application\/ld+json\" class=\"yoast-schema-graph\">{\"@context\":\"https:\/\/schema.org\",\"@graph\":[{\"@type\":\"WebPage\",\"@id\":\"https:\/\/loanstar.com\/mx\/terminos-y-condiciones\/\",\"url\":\"https:\/\/loanstar.com\/mx\/terminos-y-condiciones\/\",\"name\":\"T\u00e9rminos y Condiciones - LoanStar M\u00e9jico\",\"isPartOf\":{\"@id\":\"https:\/\/loanstar.com\/mx\/#website\"},\"datePublished\":\"2018-11-07T13:43:42+00:00\",\"dateModified\":\"2019-06-19T18:10:33+00:00\",\"breadcrumb\":{\"@id\":\"https:\/\/loanstar.com\/mx\/terminos-y-condiciones\/#breadcrumb\"},\"inLanguage\":\"es-MX\",\"potentialAction\":[{\"@type\":\"ReadAction\",\"target\":[\"https:\/\/loanstar.com\/mx\/terminos-y-condiciones\/\"]}]},{\"@type\":\"BreadcrumbList\",\"@id\":\"https:\/\/loanstar.com\/mx\/terminos-y-condiciones\/#breadcrumb\",\"itemListElement\":[{\"@type\":\"ListItem\",\"position\":1,\"name\":\"M\u00e9jico\",\"item\":\"https:\/\/loanstar.com\/mx\/\"},{\"@type\":\"ListItem\",\"position\":2,\"name\":\"T\u00e9rminos y Condiciones\"}]},{\"@type\":\"WebSite\",\"@id\":\"https:\/\/loanstar.com\/mx\/#website\",\"url\":\"https:\/\/loanstar.com\/mx\/\",\"name\":\"LoanStar M\u00e9jico\",\"description\":\"Comparar Pr\u00e9stamos\",\"potentialAction\":[{\"@type\":\"SearchAction\",\"target\":{\"@type\":\"EntryPoint\",\"urlTemplate\":\"https:\/\/loanstar.com\/mx\/?s={search_term_string}\"},\"query-input\":\"required name=search_term_string\"}],\"inLanguage\":\"es-MX\"}]}<\/script>\n<!-- \/ Yoast SEO plugin. -->","yoast_head_json":{"title":"T\u00e9rminos y Condiciones - LoanStar M\u00e9jico","robots":{"index":"noindex","follow":"follow"},"og_locale":"es_MX","og_type":"article","og_title":"T\u00e9rminos y Condiciones - LoanStar M\u00e9jico","og_description":"T\u00e9rminos y condiciones de Digital Takeover, LTD. Introducci\u00f3n Estos T\u00e9rminos y condiciones est\u00e1ndar del sitio web escritos en esta p\u00e1gina...","og_url":"https:\/\/loanstar.com\/mx\/terminos-y-condiciones\/","og_site_name":"LoanStar M\u00e9jico","article_modified_time":"2019-06-19T18:10:33+00:00","twitter_card":"summary_large_image","twitter_misc":{"Tiempo de lectura":"4 minutos"},"schema":{"@context":"https:\/\/schema.org","@graph":[{"@type":"WebPage","@id":"https:\/\/loanstar.com\/mx\/terminos-y-condiciones\/","url":"https:\/\/loanstar.com\/mx\/terminos-y-condiciones\/","name":"T\u00e9rminos y Condiciones - LoanStar M\u00e9jico","isPartOf":{"@id":"https:\/\/loanstar.com\/mx\/#website"},"datePublished":"2018-11-07T13:43:42+00:00","dateModified":"2019-06-19T18:10:33+00:00","breadcrumb":{"@id":"https:\/\/loanstar.com\/mx\/terminos-y-condiciones\/#breadcrumb"},"inLanguage":"es-MX","potentialAction":[{"@type":"ReadAction","target":["https:\/\/loanstar.com\/mx\/terminos-y-condiciones\/"]}]},{"@type":"BreadcrumbList","@id":"https:\/\/loanstar.com\/mx\/terminos-y-condiciones\/#breadcrumb","itemListElement":[{"@type":"ListItem","position":1,"name":"M\u00e9jico","item":"https:\/\/loanstar.com\/mx\/"},{"@type":"ListItem","position":2,"name":"T\u00e9rminos y Condiciones"}]},{"@type":"WebSite","@id":"https:\/\/loanstar.com\/mx\/#website","url":"https:\/\/loanstar.com\/mx\/","name":"LoanStar M\u00e9jico","description":"Comparar Pr\u00e9stamos","potentialAction":[{"@type":"SearchAction","target":{"@type":"EntryPoint","urlTemplate":"https:\/\/loanstar.com\/mx\/?s={search_term_string}"},"query-input":"required name=search_term_string"}],"inLanguage":"es-MX"}]}},"_links":{"self":[{"href":"https:\/\/loanstar.com\/mx\/wp-json\/wp\/v2\/pages\/183"}],"collection":[{"href":"https:\/\/loanstar.com\/mx\/wp-json\/wp\/v2\/pages"}],"about":[{"href":"https:\/\/loanstar.com\/mx\/wp-json\/wp\/v2\/types\/page"}],"author":[{"embeddable":true,"href":"https:\/\/loanstar.com\/mx\/wp-json\/wp\/v2\/users\/1"}],"replies":[{"embeddable":true,"href":"https:\/\/loanstar.com\/mx\/wp-json\/wp\/v2\/comments?post=183"}],"version-history":[{"count":1,"href":"https:\/\/loanstar.com\/mx\/wp-json\/wp\/v2\/pages\/183\/revisions"}],"predecessor-version":[{"id":289,"href":"https:\/\/loanstar.com\/mx\/wp-json\/wp\/v2\/pages\/183\/revisions\/289"}],"wp:attachment":[{"href":"https:\/\/loanstar.com\/mx\/wp-json\/wp\/v2\/media?parent=183"}],"curies":[{"name":"wp","href":"https:\/\/api.w.org\/{rel}","templated":true}]}}