{"id":182,"date":"2018-11-07T13:42:48","date_gmt":"2018-11-07T13:42:48","guid":{"rendered":"http:\/\/loanstar.com\/mx\/?page_id=182"},"modified":"2019-06-19T12:27:41","modified_gmt":"2019-06-19T18:27:41","slug":"cookies","status":"publish","type":"page","link":"https:\/\/loanstar.com\/mx\/cookies\/","title":{"rendered":"Cookies"},"content":{"rendered":"<p>Esta es la Pol\u00edtica de <em>cookies<\/em> para LoanStar, accesible desde http:\/\/loanstar.com<\/p>\n<h2>Que son las <em>cookies<\/em><\/h2>\n<p>Como es habitual en casi todos los sitios web profesionales, este sitio utiliza <em>cookies<\/em>, que son peque\u00f1os archivos que se descargan en su computadora, para mejorar su experiencia. Esta p\u00e1gina describe qu\u00e9 informaci\u00f3n recopilan, c\u00f3mo las usamos y por qu\u00e9 a veces necesitamos almacenar estas <em>cookies<\/em>. Tambi\u00e9n compartiremos c\u00f3mo puede evitar que estas <em>cookies<\/em> se almacenen. Sin embargo, esto puede degradar o &#8220;romper&#8221; ciertos elementos de la funcionalidad de los sitios.<\/p>\n<p>Para obtener m\u00e1s informaci\u00f3n general sobre las <em>cookies<\/em>, consulte <a href=\"https:\/\/es.wikipedia.org\/wiki\/Cookie_(inform%C3%A1tica)\">el art\u00edculo de Wikipedia sobre las <em>cookies<\/em><\/a>.<\/p>\n<h2>C\u00f3mo utilizamos las <em>cookies<\/em><\/h2>\n<p>Usamos <em>cookies<\/em> por una variedad de razones que se detallan a continuaci\u00f3n. Desafortunadamente, en la mayor\u00eda de los casos, no hay opciones est\u00e1ndar de la industria para deshabilitar las <em>cookies<\/em> sin deshabilitar completamente la funcionalidad y las funciones establecidas en este sitio. Se recomienda que deje en todas las <em>cookies<\/em> si no est\u00e1 seguro de si las necesita o no, en caso de que se utilicen para proporcionar un servicio que usted utiliza.<\/p>\n<h2>Desactivar las <em>cookies<\/em><\/h2>\n<p>Puede evitar la configuraci\u00f3n de <em>cookies<\/em> ajustando la configuraci\u00f3n de su navegador (consulte la Ayuda de su navegador para saber c\u00f3mo hacerlo). Tenga en cuenta que la desactivaci\u00f3n de las <em>cookies<\/em> afectar\u00e1 la funcionalidad de este y muchos otros sitios web que visite. Por lo general, deshabilitar las <em>cookies<\/em> tambi\u00e9n deshabilitar\u00e1 ciertas opciones y funciones de este sitio. Por lo tanto, se recomienda que no deshabilite las <em>cookies<\/em>.<\/p>\n<h2>Las <em>cookies<\/em> que establecemos<\/h2>\n<p><em>Cookies<\/em> de preferencias del sitio Para proporcionarle una gran experiencia en este sitio, le brindamos la funcionalidad para configurar sus preferencias sobre c\u00f3mo se ejecuta este sitio cuando lo usa. Para recordar sus preferencias, necesitamos configurar <em>cookies<\/em> para que pueda usarse esta informaci\u00f3n cuando interact\u00fae con una p\u00e1gina que se vea afectada por sus preferencias.<\/p>\n<h2><em>Cookies<\/em> de terceros<\/h2>\n<p>En algunos casos especiales tambi\u00e9n utilizamos <em>cookies<\/em> proporcionadas por terceros de confianza. La siguiente secci\u00f3n detalla qu\u00e9 <em>cookies<\/em> de terceros puede encontrar en este sitio.<\/p>\n<p>Este sitio utiliza Google Analytics, que es una de las soluciones de an\u00e1lisis m\u00e1s extendidas y confiables en la web, por ayudarnos a comprender c\u00f3mo el usuario utiliza el sitio web y c\u00f3mo podemos mejorar su experiencia. Estas <em>cookies<\/em> pueden rastrear par\u00e1metros como el tiempo que el usuario pasa en el sitio y las p\u00e1ginas que visita para que podamos continuar produciendo contenido atractivo. Para obtener m\u00e1s informaci\u00f3n sobre las <em>cookies<\/em> de Google Analytics, consulte la p\u00e1gina oficial de Google Analytics.<\/p>\n<p>De vez en cuando probamos nuevas funciones y hacemos cambios sutiles en la forma en que se entrega el sitio. Cuando a\u00fan estamos probando nuevas funciones, estas <em>cookies<\/em> se pueden usar para asegurar que usted reciba una experiencia constante mientras est\u00e9 en el sitio, al tiempo que nos aseguramos de comprender qu\u00e9 optimizaciones aprecian m\u00e1s nuestros usuarios.<\/p>\n<p>Tambi\u00e9n utilizamos botones de redes sociales y \/ o complementos en este sitio que le permiten conectarse con su red social de varias maneras. Para que estos funcionen los siguientes sitios de redes sociales incluidos; {\u00bfListar las redes sociales cuyas caracter\u00edsticas ha integrado con su sitio?: 12}, establecer\u00e1n <em>cookies<\/em> a trav\u00e9s de nuestro sitio que se pueden usar para mejorar su perfil en su sitio o contribuir a los datos que poseen para diversos fines descritos en sus respectivas pol\u00edticas de privacidad.<\/p>\n<h2>M\u00e1s informaci\u00f3n<\/h2>\n<p>Esperamos que esto le haya aclarado este tema y, como se mencion\u00f3 anteriormente, si hay algo de lo que no tenga certeza acerca de si lo necesita o no, por lo general es m\u00e1s seguro dejar las <em>cookies<\/em> habilitadas en caso de que interact\u00fae con una de las funciones que utiliza en nuestro sitio.<\/p>\n<p>Sin embargo, si a\u00fan est\u00e1 buscando m\u00e1s informaci\u00f3n, puede contactarnos a trav\u00e9s de uno de nuestros m\u00e9todos de contacto habilitados para ello:<\/p>\n<p>Correo electr\u00f3nico: hi@digitaltakeover.org<\/p>\n","protected":false},"excerpt":{"rendered":"<p>Esta es la Pol\u00edtica de cookies para LoanStar, accesible desde http:\/\/loanstar.com Que son las cookies Como es habitual en casi&#8230;<\/p>\n","protected":false},"author":1,"featured_media":0,"parent":0,"menu_order":0,"comment_status":"closed","ping_status":"closed","template":"templates\/terms-of-use.php","meta":{"footnotes":""},"yoast_head":"<!-- This site is optimized with the Yoast SEO plugin v21.0 - https:\/\/yoast.com\/wordpress\/plugins\/seo\/ -->\n<title>Cookies - LoanStar M\u00e9jico<\/title>\n<meta name=\"robots\" content=\"noindex, follow\" \/>\n<meta property=\"og:locale\" content=\"es_MX\" \/>\n<meta property=\"og:type\" content=\"article\" \/>\n<meta property=\"og:title\" content=\"Cookies - LoanStar M\u00e9jico\" \/>\n<meta property=\"og:description\" content=\"Esta es la Pol\u00edtica de cookies para LoanStar, accesible desde http:\/\/loanstar.com Que son las cookies Como es habitual en casi...\" \/>\n<meta property=\"og:url\" content=\"https:\/\/loanstar.com\/mx\/cookies\/\" \/>\n<meta property=\"og:site_name\" content=\"LoanStar M\u00e9jico\" \/>\n<meta property=\"article:modified_time\" content=\"2019-06-19T18:27:41+00:00\" \/>\n<meta name=\"twitter:card\" content=\"summary_large_image\" \/>\n<meta name=\"twitter:label1\" content=\"Tiempo de lectura\" \/>\n\t<meta name=\"twitter:data1\" content=\"3 minutos\" \/>\n<script type=\"application\/ld+json\" class=\"yoast-schema-graph\">{\"@context\":\"https:\/\/schema.org\",\"@graph\":[{\"@type\":\"WebPage\",\"@id\":\"https:\/\/loanstar.com\/mx\/cookies\/\",\"url\":\"https:\/\/loanstar.com\/mx\/cookies\/\",\"name\":\"Cookies - LoanStar M\u00e9jico\",\"isPartOf\":{\"@id\":\"https:\/\/loanstar.com\/mx\/#website\"},\"datePublished\":\"2018-11-07T13:42:48+00:00\",\"dateModified\":\"2019-06-19T18:27:41+00:00\",\"breadcrumb\":{\"@id\":\"https:\/\/loanstar.com\/mx\/cookies\/#breadcrumb\"},\"inLanguage\":\"es-MX\",\"potentialAction\":[{\"@type\":\"ReadAction\",\"target\":[\"https:\/\/loanstar.com\/mx\/cookies\/\"]}]},{\"@type\":\"BreadcrumbList\",\"@id\":\"https:\/\/loanstar.com\/mx\/cookies\/#breadcrumb\",\"itemListElement\":[{\"@type\":\"ListItem\",\"position\":1,\"name\":\"M\u00e9jico\",\"item\":\"https:\/\/loanstar.com\/mx\/\"},{\"@type\":\"ListItem\",\"position\":2,\"name\":\"Cookies\"}]},{\"@type\":\"WebSite\",\"@id\":\"https:\/\/loanstar.com\/mx\/#website\",\"url\":\"https:\/\/loanstar.com\/mx\/\",\"name\":\"LoanStar M\u00e9jico\",\"description\":\"Comparar Pr\u00e9stamos\",\"potentialAction\":[{\"@type\":\"SearchAction\",\"target\":{\"@type\":\"EntryPoint\",\"urlTemplate\":\"https:\/\/loanstar.com\/mx\/?s={search_term_string}\"},\"query-input\":\"required name=search_term_string\"}],\"inLanguage\":\"es-MX\"}]}<\/script>\n<!-- \/ Yoast SEO plugin. -->","yoast_head_json":{"title":"Cookies - LoanStar M\u00e9jico","robots":{"index":"noindex","follow":"follow"},"og_locale":"es_MX","og_type":"article","og_title":"Cookies - LoanStar M\u00e9jico","og_description":"Esta es la Pol\u00edtica de cookies para LoanStar, accesible desde http:\/\/loanstar.com Que son las cookies Como es habitual en casi...","og_url":"https:\/\/loanstar.com\/mx\/cookies\/","og_site_name":"LoanStar M\u00e9jico","article_modified_time":"2019-06-19T18:27:41+00:00","twitter_card":"summary_large_image","twitter_misc":{"Tiempo de lectura":"3 minutos"},"schema":{"@context":"https:\/\/schema.org","@graph":[{"@type":"WebPage","@id":"https:\/\/loanstar.com\/mx\/cookies\/","url":"https:\/\/loanstar.com\/mx\/cookies\/","name":"Cookies - LoanStar M\u00e9jico","isPartOf":{"@id":"https:\/\/loanstar.com\/mx\/#website"},"datePublished":"2018-11-07T13:42:48+00:00","dateModified":"2019-06-19T18:27:41+00:00","breadcrumb":{"@id":"https:\/\/loanstar.com\/mx\/cookies\/#breadcrumb"},"inLanguage":"es-MX","potentialAction":[{"@type":"ReadAction","target":["https:\/\/loanstar.com\/mx\/cookies\/"]}]},{"@type":"BreadcrumbList","@id":"https:\/\/loanstar.com\/mx\/cookies\/#breadcrumb","itemListElement":[{"@type":"ListItem","position":1,"name":"M\u00e9jico","item":"https:\/\/loanstar.com\/mx\/"},{"@type":"ListItem","position":2,"name":"Cookies"}]},{"@type":"WebSite","@id":"https:\/\/loanstar.com\/mx\/#website","url":"https:\/\/loanstar.com\/mx\/","name":"LoanStar M\u00e9jico","description":"Comparar Pr\u00e9stamos","potentialAction":[{"@type":"SearchAction","target":{"@type":"EntryPoint","urlTemplate":"https:\/\/loanstar.com\/mx\/?s={search_term_string}"},"query-input":"required name=search_term_string"}],"inLanguage":"es-MX"}]}},"_links":{"self":[{"href":"https:\/\/loanstar.com\/mx\/wp-json\/wp\/v2\/pages\/182"}],"collection":[{"href":"https:\/\/loanstar.com\/mx\/wp-json\/wp\/v2\/pages"}],"about":[{"href":"https:\/\/loanstar.com\/mx\/wp-json\/wp\/v2\/types\/page"}],"author":[{"embeddable":true,"href":"https:\/\/loanstar.com\/mx\/wp-json\/wp\/v2\/users\/1"}],"replies":[{"embeddable":true,"href":"https:\/\/loanstar.com\/mx\/wp-json\/wp\/v2\/comments?post=182"}],"version-history":[{"count":1,"href":"https:\/\/loanstar.com\/mx\/wp-json\/wp\/v2\/pages\/182\/revisions"}],"predecessor-version":[{"id":291,"href":"https:\/\/loanstar.com\/mx\/wp-json\/wp\/v2\/pages\/182\/revisions\/291"}],"wp:attachment":[{"href":"https:\/\/loanstar.com\/mx\/wp-json\/wp\/v2\/media?parent=182"}],"curies":[{"name":"wp","href":"https:\/\/api.w.org\/{rel}","templated":true}]}}