{"id":115,"date":"2018-10-01T17:57:12","date_gmt":"2018-10-01T17:57:12","guid":{"rendered":"http:\/\/loanstar.com\/mx\/?page_id=115"},"modified":"2019-06-19T12:00:57","modified_gmt":"2019-06-19T18:00:57","slug":"sobre","status":"publish","type":"page","link":"https:\/\/loanstar.com\/mx\/sobre\/","title":{"rendered":"Acerca de LoanStar"},"content":{"rendered":"<p><strong>Conoce c\u00f3mo trabajamos para ofrecer soluciones personalizadas y ayudarte a encontrar el mejor pr\u00e9stamo.<\/strong><\/p>\n<h2>Sobre LoanStar<\/h2>\n<p>LoanStar.com es una plataforma exclusiva sobre rese\u00f1as y opiniones acerca de los principales productos y compa\u00f1\u00edas prestamistas del mercado. Con independencia de si buscas un pr\u00e9stamo personal, automotriz, de negocios o un avance, con nosotros encontrar\u00e1s siempre la mejor opci\u00f3n.<\/p>\n<p>Incluimos todo tipo de compa\u00f1\u00edas en nuestras b\u00fasquedas, grandes o peque\u00f1as. Podr\u00e1s comparar todas ellas en tiempo real con s\u00f3lo un clic. En s\u00f3lo unos pasos tendr\u00e1s varias alternativas de pr\u00e9stamos para analizar y elegir.<\/p>\n<h2>El Distintivo de LoanStar<\/h2>\n<p>Nuestra misi\u00f3n es ayudar a clientes como t\u00fa a encontrar las mejores ofertas en todo tipo de pr\u00e9stamos. Superamos tus expectativas gracias a las caracter\u00edsticas de nuestra web, que te proporciona las siguientes ventajas:<\/p>\n\t<div class=\"list-ticks-secondary\">\r\n\t\t<ul>\n<li><strong>Nuestro servicio r\u00e1pido y espec\u00edfico:<\/strong> indica el tipo de pr\u00e9stamo que necesitas, a\u00f1ade filtros para una b\u00fasqueda m\u00e1s espec\u00edfica y en segundos tendr\u00e1s todas las opciones disponibles en el mercado.<\/li>\n<li><strong>Resultados f\u00e1ciles de valorar:<\/strong> presentamos nuestro contenido y los resultados de una manera sencilla de leer y analizar para ti, ayud\u00e1ndote a tomar una decisi\u00f3n informada.<\/li>\n<li><strong>Comparaciones exhaustivas e imparciales:<\/strong> las rese\u00f1as utilizadas en nuestra plataforma para calificar y comparar pr\u00e9stamos est\u00e1n elaboradas por usuarios independientes. No consideramos las compensaciones al hacer recomendaciones a nuestros lectores.<\/li>\n<li><strong>Enfoque integral:<\/strong> LoanStar.com es mucho m\u00e1s que un sitio de comparaciones. Nos esforzamos por mejorar tu conocimiento sobre las ventajas y desventajas de los pr\u00e9stamos, para que puedas tomar decisiones con seguridad.<\/li>\n<\/ul>\n\t<\/div><!-- \/.list-ticks -->\r\n\t\n<p>Por lo tanto, si lo que buscas es encontrar el mejor pr\u00e9stamo del mercado, est\u00e1s en el sitio correcto.<\/p>\n<p>Esperamos ofrecerte soluciones personalizadas y trabajar contigo en los pr\u00f3ximos a\u00f1os.<\/p>\n","protected":false},"excerpt":{"rendered":"<p>Conoce c\u00f3mo trabajamos para ofrecer soluciones personalizadas y ayudarte a encontrar el mejor pr\u00e9stamo. Sobre LoanStar LoanStar.com es una plataforma&#8230;<\/p>\n","protected":false},"author":1,"featured_media":0,"parent":0,"menu_order":0,"comment_status":"closed","ping_status":"closed","template":"templates\/about-us.php","meta":{"footnotes":""},"yoast_head":"<!-- This site is optimized with the Yoast SEO plugin v21.0 - https:\/\/yoast.com\/wordpress\/plugins\/seo\/ -->\n<title>Acerca de LoanStar - LoanStar M\u00e9jico<\/title>\n<meta name=\"robots\" content=\"noindex, follow\" \/>\n<meta property=\"og:locale\" content=\"es_MX\" \/>\n<meta property=\"og:type\" content=\"article\" \/>\n<meta property=\"og:title\" content=\"Acerca de LoanStar - LoanStar M\u00e9jico\" \/>\n<meta property=\"og:description\" content=\"Conoce c\u00f3mo trabajamos para ofrecer soluciones personalizadas y ayudarte a encontrar el mejor pr\u00e9stamo. Sobre LoanStar LoanStar.com es una plataforma...\" \/>\n<meta property=\"og:url\" content=\"https:\/\/loanstar.com\/mx\/sobre\/\" \/>\n<meta property=\"og:site_name\" content=\"LoanStar M\u00e9jico\" \/>\n<meta property=\"article:modified_time\" content=\"2019-06-19T18:00:57+00:00\" \/>\n<meta name=\"twitter:card\" content=\"summary_large_image\" \/>\n<meta name=\"twitter:label1\" content=\"Tiempo de lectura\" \/>\n\t<meta name=\"twitter:data1\" content=\"2 minutos\" \/>\n<script type=\"application\/ld+json\" class=\"yoast-schema-graph\">{\"@context\":\"https:\/\/schema.org\",\"@graph\":[{\"@type\":\"WebPage\",\"@id\":\"https:\/\/loanstar.com\/mx\/sobre\/\",\"url\":\"https:\/\/loanstar.com\/mx\/sobre\/\",\"name\":\"Acerca de LoanStar - LoanStar M\u00e9jico\",\"isPartOf\":{\"@id\":\"https:\/\/loanstar.com\/mx\/#website\"},\"datePublished\":\"2018-10-01T17:57:12+00:00\",\"dateModified\":\"2019-06-19T18:00:57+00:00\",\"breadcrumb\":{\"@id\":\"https:\/\/loanstar.com\/mx\/sobre\/#breadcrumb\"},\"inLanguage\":\"es-MX\",\"potentialAction\":[{\"@type\":\"ReadAction\",\"target\":[\"https:\/\/loanstar.com\/mx\/sobre\/\"]}]},{\"@type\":\"BreadcrumbList\",\"@id\":\"https:\/\/loanstar.com\/mx\/sobre\/#breadcrumb\",\"itemListElement\":[{\"@type\":\"ListItem\",\"position\":1,\"name\":\"M\u00e9jico\",\"item\":\"https:\/\/loanstar.com\/mx\/\"},{\"@type\":\"ListItem\",\"position\":2,\"name\":\"Acerca de LoanStar\"}]},{\"@type\":\"WebSite\",\"@id\":\"https:\/\/loanstar.com\/mx\/#website\",\"url\":\"https:\/\/loanstar.com\/mx\/\",\"name\":\"LoanStar M\u00e9jico\",\"description\":\"Comparar Pr\u00e9stamos\",\"potentialAction\":[{\"@type\":\"SearchAction\",\"target\":{\"@type\":\"EntryPoint\",\"urlTemplate\":\"https:\/\/loanstar.com\/mx\/?s={search_term_string}\"},\"query-input\":\"required name=search_term_string\"}],\"inLanguage\":\"es-MX\"}]}<\/script>\n<!-- \/ Yoast SEO plugin. -->","yoast_head_json":{"title":"Acerca de LoanStar - LoanStar M\u00e9jico","robots":{"index":"noindex","follow":"follow"},"og_locale":"es_MX","og_type":"article","og_title":"Acerca de LoanStar - LoanStar M\u00e9jico","og_description":"Conoce c\u00f3mo trabajamos para ofrecer soluciones personalizadas y ayudarte a encontrar el mejor pr\u00e9stamo. Sobre LoanStar LoanStar.com es una plataforma...","og_url":"https:\/\/loanstar.com\/mx\/sobre\/","og_site_name":"LoanStar M\u00e9jico","article_modified_time":"2019-06-19T18:00:57+00:00","twitter_card":"summary_large_image","twitter_misc":{"Tiempo de lectura":"2 minutos"},"schema":{"@context":"https:\/\/schema.org","@graph":[{"@type":"WebPage","@id":"https:\/\/loanstar.com\/mx\/sobre\/","url":"https:\/\/loanstar.com\/mx\/sobre\/","name":"Acerca de LoanStar - LoanStar M\u00e9jico","isPartOf":{"@id":"https:\/\/loanstar.com\/mx\/#website"},"datePublished":"2018-10-01T17:57:12+00:00","dateModified":"2019-06-19T18:00:57+00:00","breadcrumb":{"@id":"https:\/\/loanstar.com\/mx\/sobre\/#breadcrumb"},"inLanguage":"es-MX","potentialAction":[{"@type":"ReadAction","target":["https:\/\/loanstar.com\/mx\/sobre\/"]}]},{"@type":"BreadcrumbList","@id":"https:\/\/loanstar.com\/mx\/sobre\/#breadcrumb","itemListElement":[{"@type":"ListItem","position":1,"name":"M\u00e9jico","item":"https:\/\/loanstar.com\/mx\/"},{"@type":"ListItem","position":2,"name":"Acerca de LoanStar"}]},{"@type":"WebSite","@id":"https:\/\/loanstar.com\/mx\/#website","url":"https:\/\/loanstar.com\/mx\/","name":"LoanStar M\u00e9jico","description":"Comparar Pr\u00e9stamos","potentialAction":[{"@type":"SearchAction","target":{"@type":"EntryPoint","urlTemplate":"https:\/\/loanstar.com\/mx\/?s={search_term_string}"},"query-input":"required name=search_term_string"}],"inLanguage":"es-MX"}]}},"_links":{"self":[{"href":"https:\/\/loanstar.com\/mx\/wp-json\/wp\/v2\/pages\/115"}],"collection":[{"href":"https:\/\/loanstar.com\/mx\/wp-json\/wp\/v2\/pages"}],"about":[{"href":"https:\/\/loanstar.com\/mx\/wp-json\/wp\/v2\/types\/page"}],"author":[{"embeddable":true,"href":"https:\/\/loanstar.com\/mx\/wp-json\/wp\/v2\/users\/1"}],"replies":[{"embeddable":true,"href":"https:\/\/loanstar.com\/mx\/wp-json\/wp\/v2\/comments?post=115"}],"version-history":[{"count":2,"href":"https:\/\/loanstar.com\/mx\/wp-json\/wp\/v2\/pages\/115\/revisions"}],"predecessor-version":[{"id":279,"href":"https:\/\/loanstar.com\/mx\/wp-json\/wp\/v2\/pages\/115\/revisions\/279"}],"wp:attachment":[{"href":"https:\/\/loanstar.com\/mx\/wp-json\/wp\/v2\/media?parent=115"}],"curies":[{"name":"wp","href":"https:\/\/api.w.org\/{rel}","templated":true}]}}