{"id":100,"date":"2018-09-24T12:50:33","date_gmt":"2018-09-24T12:50:33","guid":{"rendered":"http:\/\/loanstar.com\/mx\/?page_id=100"},"modified":"2019-06-20T08:15:23","modified_gmt":"2019-06-20T14:15:23","slug":"gratis-sin-intereses","status":"publish","type":"page","link":"https:\/\/loanstar.com\/mx\/prestamos\/gratis-sin-intereses\/","title":{"rendered":"Pr\u00e9stamos Gratis sin intereses"},"content":{"rendered":"<h2>Pr\u00e9stamos Gratis Sin Intereses<\/h2>\n<p><img decoding=\"async\" class=\"alignright size-full wp-image-33\" src=\"http:\/\/loanstar.com\/mx\/wp-content\/uploads\/sites\/8\/2018\/09\/home_ill_1.svg\" alt=\"home_ill_1\" width=\"312\" \/>Los pr\u00e9stamos gratis sin intereses son un tipo de microcr\u00e9dito que no tiene comisiones, intereses ni costos asociados. Por lo tanto, el cliente devuelve el monto exacto que recibi\u00f3 tras la contrataci\u00f3n. Estos pr\u00e9stamos son otorgados por empresas prestamistas de capital privado. Es importante destacar que estas entidades no est\u00e1n respaldadas por el Banco Central de M\u00e9xico (Banxico).<\/p>\n<p>Los pr\u00e9stamos gratis sin intereses no son un producto en s\u00ed. En realidad, corresponden a la categor\u00eda de pr\u00e9stamos r\u00e1pidos <em>online<\/em>. Son las empresas prestamistas las que, en su b\u00fasqueda por atraer m\u00e1s clientes y debido a la alta competencia en el mercado financiero, han comenzado a ofrecer el primer pr\u00e9stamo de manera gratuita a usuarios nuevos.<\/p>\n<p>Esto supone que s\u00f3lo sea posible optar a este tipo de pr\u00e9stamo gratuito la primera vez que se opera con dicha entidad. A partir de la segunda solicitud y concesi\u00f3n, se aplican los intereses, comisiones y otros costos propios del producto.<\/p>\n<p>Si bien son un producto propio de financieras de capital privado, debido a la ampliaci\u00f3n del mercado financiero y la alta demanda por parte de los usuarios, incluso los bancos han creado nuevos productos o disminuido los costos de los existentes para competir en este nicho de mercado. Sin embargo, te recomendamos siempre que estudies las condiciones de cada producto o servicio. Puede darse el caso de que, aunque los promocionen como gratuitos o sin intereses, exijan contratar un producto asociado, como una cuenta corriente o un seguro.<\/p>\n<p>Si buscas m\u00e1s de un pr\u00e9stamo gratuito, la opci\u00f3n que tienes es solicitarlo en diferentes entidades. No obstante, recuerda que debes tener la certeza de poder hacer frente al compromiso de pago que, por lo general, en estos pr\u00e9stamos corresponde a un m\u00e1ximo de 30 d\u00edas de calendario.<\/p>\n<p>Los pr\u00e9stamos gratis sin intereses son una excelente manera de probar y conocer sin riesgos c\u00f3mo opera una entidad, as\u00ed como la calidad de su servicio y su atenci\u00f3n. Este conocimiento es importante por si en el futuro se necesita un pr\u00e9stamo por un monto m\u00e1s alto. Es positivo saber qu\u00e9 compa\u00f1\u00edas entregan un servicio r\u00e1pido y fiable.<\/p>\n<h2>Requisitos y Ventajas de los Pr\u00e9stamos Gratis Sin Intereses<\/h2>\n<p>Para pedir un pr\u00e9stamo r\u00e1pido <em>online<\/em>, que es el nombre real de este producto, la mayor\u00eda de las entidades exigen los mismos requisitos que para los solicitantes de un microcr\u00e9dito. Estos requisitos son:<br \/>\n\t<div class=\"list-ticks-secondary\">\r\n\t\t<ul>\n<li>Residir en M\u00e9xico.<\/li>\n<li>Ser mayor de edad y, en algunos casos, mayor de 21 a\u00f1os.<\/li>\n<li>Ser titular de una cuenta bancaria.<\/li>\n<li>Contar con una banca <em>online<\/em>.<\/li>\n<li>Contar con un tel\u00e9fono m\u00f3vil y correo electr\u00f3nico.<\/li>\n<li>Justificar ingresos regulares.<\/li>\n<\/ul>\n\t<\/div><!-- \/.list-ticks -->\r\n\t\nRecuerda que los ingresos que debes demostrar pueden ser parte de un seguro, de una pensi\u00f3n, herencia, n\u00f3mina laboral, prestaci\u00f3n por cesant\u00eda, el alquiler de una propiedad u otro. No es necesario tener un empleo fijo con salario todos los meses para que te concedan el pr\u00e9stamo.<\/p>\n<p>Como normal general, el monto m\u00e1ximo por el que se te podr\u00e1 conceder el pr\u00e9stamo ser\u00e1 equivalente al 35% de los ingresos que presentes como estables en tu solicitud. Esta condici\u00f3n la establecen las compa\u00f1\u00edas para disminuir los riesgos del pr\u00e9stamo. As\u00ed se aseguran de que esos ingresos alcanzar\u00e1n a cubrir tus gastos b\u00e1sicos y el pago del cr\u00e9dito.<\/p>\n<p>Una de las ventajas de los pr\u00e9stamos gratis sin intereses es que son sencillos de solicitar. Su gesti\u00f3n es muy r\u00e1pida y adem\u00e1s no es necesario que presentes un aval o garant\u00eda.<\/p>\n<p>Esto se debe a que la solicitud y contrataci\u00f3n son completamente <em>online<\/em>. Se utilizan herramientas que automatizan los procesos de verificaci\u00f3n de antecedentes financieros.<\/p>\n<p>Por otro lado, tampoco debes especificar en tu solicitud para qu\u00e9 quieres el pr\u00e9stamo. Por este motivo se trata de un producto flexible y discreto.<\/p>\n<h2>Pasos para solicitar tu primer Pr\u00e9stamo Gratuito Sin Intereses<\/h2>\n<p><img decoding=\"async\" class=\"alignright size-full wp-image-85\" src=\"http:\/\/loanstar.com\/mx\/wp-content\/uploads\/sites\/8\/2018\/09\/ill_body_14.svg\" alt=\"ill_body_14\" width=\"312\" \/>Al tratarse de un pr\u00e9stamo r\u00e1pido <em>online<\/em>, para solicitarlo debes dirigirte al sitio web de la entidad que hayas escogido. Por lo general, esa web tendr\u00e1 en su inicio un simulador o calculadora de pr\u00e9stamo.<\/p>\n<p>Debes indicar el importe que necesitas y el plazo a devolver. Despu\u00e9s, completar\u00e1s el formulario con tus datos personales y otros antecedentes que podr\u00edan solicitar.<\/p>\n<p>Probablemente tendr\u00e1s que ingresar a tu banca en l\u00ednea para la verificaci\u00f3n de datos. Puede que incluso te pidan adjuntar alguna documentaci\u00f3n a trav\u00e9s de la misma p\u00e1gina web o por correo electr\u00f3nico. Estos pasos s\u00f3lo se requieren durante la primera solicitud. Al ser un cliente nuevo, necesitan estudiar tu caso desde cero. Por ello, puede que el proceso tarde un poco m\u00e1s y haya que esperar 24 horas para tener una respuesta. Durante este plazo, la entidad prestamista comprobar\u00e1 tu historial financiero.<\/p>\n<p>Una vez recibida la respuesta, si esta es positiva, recibir\u00e1s tu pr\u00e9stamo gratuito en tu cuenta bancaria. El plazo m\u00e1ximo de recepci\u00f3n del dinero ser\u00e1 de 24 horas.<\/p>\n<p>Recuerda que las transferencias son inmediatas dentro del mismo banco. Pero, si la empresa prestamista opera con un banco distinto al tuyo, esto podr\u00eda tardar hasta 48 horas.<\/p>\n<h2>Entidades que entregan pr\u00e9stamos gratuitos sin intereses<\/h2>\n<p>Dentro de las empresas prestamistas que otorgan este beneficio a sus clientes nuevos encontramos a <a href=\"http:\/\/loanstar.com\/mx\/entidad\/solcredito-mexico\/\">Solcredito<\/a> y <a href=\"http:\/\/loanstar.com\/mx\/entidad\/creditozen-mexico\/\">Cr\u00e9ditoZen<\/a>.<\/p>\n<p>Cr\u00e9dito Zen otorga de manera gratuita el primer pr\u00e9stamo por un importe de hasta $3,000. El plazo de devoluci\u00f3n es de 60 d\u00edas. Si, por ejemplo, quieres pedir $4,000 por el mismo plazo, el costo se eleva much\u00edsimo. Habr\u00e1 que pagar una comisi\u00f3n de $3,120, por lo que s\u00f3lo ser\u00eda una buena opci\u00f3n utilizarlo en su modalidad gratuita.<\/p>\n<p>Solcr\u00e9dito ofrece pr\u00e9stamos gratuitos sin intereses por importes de hasta $1,000, a devolver en 30 d\u00edas.<\/p>\n<h2>Condiciones generales de los pr\u00e9stamos gratuitos sin intereses<\/h2>\n<p>Las condiciones de los pr\u00e9stamos gratuitos sin intereses son las de los pr\u00e9stamos r\u00e1pidos <em>online.<\/em> Su principal cualidad es que s\u00f3lo tendr\u00e1n intereses y comisiones con costo cero por ser la primera vez que se contrata.<\/p>\n<p>La cuant\u00eda del pr\u00e9stamo depende de cada entidad. Puede oscilar entre un m\u00ednimo de $1,000 y un m\u00e1ximo de $3,000. Son importes bajos, pues el motivo de su solicitud es hacer frente a una emergencia, como una multa, reparaci\u00f3n o pago de una boleta, entre otros casos. Si lo que se desea es cubrir una necesidad m\u00e1s grande, como una inversi\u00f3n o la compra de un bien material, el producto que se requiere es un pr\u00e9stamo personal.<\/p>\n<p>En cuanto a los plazos de devoluci\u00f3n que exigen los pr\u00e9stamos gratis sin intereses, por lo general, el m\u00ednimo va desde los 5 o 7 d\u00edas, extendi\u00e9ndose este hasta los 30 o 45 d\u00edas de calendario. Es importante cumplir con el plazo establecido en el contrato. De lo contrario, al atrasarse un d\u00eda en el pago, se aplicar\u00e1n intereses y multas por retraso. Esto supondr\u00eda que el pr\u00e9stamo dejara de tener el car\u00e1cter de gratuito.<\/p>\n<p><img decoding=\"async\" class=\"alignright size-full wp-image-129\" src=\"http:\/\/loanstar.com\/mx\/wp-content\/uploads\/sites\/8\/2018\/10\/background-img-1.svg\" alt=\"background-img-1\" width=\"312\" \/>Este producto se gestiona <em>online<\/em>, por lo que no tendr\u00e1s que moverte de tu casa u oficina para pedirlo. Adem\u00e1s, la empresa te entregar\u00e1 una respuesta de manera casi inmediata en un plazo de 24 horas.<\/p>\n<p>Si tu petici\u00f3n es aprobada, el traspaso del monto del pr\u00e9stamo ser\u00e1 transferido a la cuenta bancaria que facilitaste en el formulario de solicitud. Esto puede tardar hasta 48 horas. Depender\u00e1 de en qu\u00e9 banco tengas tu cuenta. Si coincide con el banco de la empresa, podr\u00e1s recibir el dinero el mismo d\u00eda.<\/p>\n<p>Si realizas la petici\u00f3n durante el fin de semana, es posible recibir el pr\u00e9stamo antes del lunes siempre y cuando la empresa a la que acudiste ofrezca respuesta inmediata y si adem\u00e1s opera con el mismo banco en el que tienes alojada tu cuenta.<\/p>\n<h2>Consejos antes de solicitar pr\u00e9stamos gratuitos sin intereses<\/h2>\n<p>Si est\u00e1s pensando en pedir un pr\u00e9stamo gratuito sin inter\u00e9s para cubrir un imprevisto, revisa todas las financieras que ofrecen este producto de manera gratuita la primera vez. Debes analizar los intereses y comisiones asociados en caso de mora.<\/p>\n<p><img decoding=\"async\" class=\"alignright size-full wp-image-86\" src=\"http:\/\/loanstar.com\/mx\/wp-content\/uploads\/sites\/8\/2018\/09\/ill_body_15.svg\" alt=\"ill_body_15\" width=\"312\" \/>Puede que en este momento tengas la certeza de que en el plazo en el que quieres devolver el pr\u00e9stamo tendr\u00e1s el dinero para ello. Pero nadie puede asegurar que todo ocurrir\u00e1 como lo hayas planeado. En la vida siempre se dan situaciones inesperadas y un nuevo imprevisto podr\u00eda significar que incumplas el contrato. Por esto es mejor revisar todas las alternativas y optar por la que implique menos costos en caso de un posible impago. Lo que menos quieres es terminar con un problema mayor por querer solucionar la situaci\u00f3n inicial que te llev\u00f3 a pedir el pr\u00e9stamo.<\/p>\n<p>Otra buena estrategia si deseas seguir acudiendo a los pr\u00e9stamos r\u00e1pidos <em>online<\/em> es solicitar el primero en la compa\u00f1\u00eda que ofrezca la mejor tasa y comisiones en los pr\u00e9stamos posteriores. Incluso hay entidades que ofrecen beneficios y premian el buen comportamiento de sus clientes. Algunos de estos premios consisten, por ejemplo, en proporcionar descuentos en futuros cr\u00e9ditos por ejemplo.<\/p>\n<p>El consejo final pero necesario: recurre a un pr\u00e9stamo, con independencia del tipo que sea, solo cuando las circunstancias realmente lo requieran. Si tienes otra alternativa para dar soluci\u00f3n al problema que te aqueja, apuesta por ella. Usa el pr\u00e9stamo como \u00faltimo recurso, de manera responsable y en conciencia, teniendo la seguridad de poder afrontar la deuda en el plazo que has acordado con el prestamista.<\/p>\n","protected":false},"excerpt":{"rendered":"<p>Pr\u00e9stamos Gratis Sin Intereses Los pr\u00e9stamos gratis sin intereses son un tipo de microcr\u00e9dito que no tiene comisiones, intereses ni&#8230;<\/p>\n","protected":false},"author":1,"featured_media":0,"parent":92,"menu_order":0,"comment_status":"closed","ping_status":"closed","template":"templates\/calculator-follow-up.php","meta":{"footnotes":""},"yoast_head":"<!-- This site is optimized with the Yoast SEO plugin v21.0 - https:\/\/yoast.com\/wordpress\/plugins\/seo\/ -->\n<title>Pr\u00e9stamos Gratis sin intereses - LoanStar M\u00e9jico<\/title>\n<meta name=\"robots\" content=\"index, follow, max-snippet:-1, max-image-preview:large, max-video-preview:-1\" \/>\n<link rel=\"canonical\" href=\"https:\/\/loanstar.com\/mx\/prestamos\/gratis-sin-intereses\/\" \/>\n<meta property=\"og:locale\" content=\"es_MX\" \/>\n<meta property=\"og:type\" content=\"article\" \/>\n<meta property=\"og:title\" content=\"Pr\u00e9stamos Gratis sin intereses - LoanStar M\u00e9jico\" \/>\n<meta property=\"og:description\" content=\"Pr\u00e9stamos Gratis Sin Intereses Los pr\u00e9stamos gratis sin intereses son un tipo de microcr\u00e9dito que no tiene comisiones, intereses ni...\" \/>\n<meta property=\"og:url\" content=\"https:\/\/loanstar.com\/mx\/prestamos\/gratis-sin-intereses\/\" \/>\n<meta property=\"og:site_name\" content=\"LoanStar M\u00e9jico\" \/>\n<meta property=\"article:modified_time\" content=\"2019-06-20T14:15:23+00:00\" \/>\n<meta property=\"og:image\" content=\"http:\/\/loanstar.com\/mx\/wp-content\/uploads\/sites\/8\/2018\/09\/home_ill_1.svg\" \/>\n<meta name=\"twitter:card\" content=\"summary_large_image\" \/>\n<meta name=\"twitter:label1\" content=\"Tiempo de lectura\" \/>\n\t<meta name=\"twitter:data1\" content=\"8 minutos\" \/>\n<script type=\"application\/ld+json\" class=\"yoast-schema-graph\">{\"@context\":\"https:\/\/schema.org\",\"@graph\":[{\"@type\":\"WebPage\",\"@id\":\"https:\/\/loanstar.com\/mx\/prestamos\/gratis-sin-intereses\/\",\"url\":\"https:\/\/loanstar.com\/mx\/prestamos\/gratis-sin-intereses\/\",\"name\":\"Pr\u00e9stamos Gratis sin intereses - LoanStar M\u00e9jico\",\"isPartOf\":{\"@id\":\"https:\/\/loanstar.com\/mx\/#website\"},\"datePublished\":\"2018-09-24T12:50:33+00:00\",\"dateModified\":\"2019-06-20T14:15:23+00:00\",\"breadcrumb\":{\"@id\":\"https:\/\/loanstar.com\/mx\/prestamos\/gratis-sin-intereses\/#breadcrumb\"},\"inLanguage\":\"es-MX\",\"potentialAction\":[{\"@type\":\"ReadAction\",\"target\":[\"https:\/\/loanstar.com\/mx\/prestamos\/gratis-sin-intereses\/\"]}]},{\"@type\":\"BreadcrumbList\",\"@id\":\"https:\/\/loanstar.com\/mx\/prestamos\/gratis-sin-intereses\/#breadcrumb\",\"itemListElement\":[{\"@type\":\"ListItem\",\"position\":1,\"name\":\"M\u00e9jico\",\"item\":\"https:\/\/loanstar.com\/mx\/\"},{\"@type\":\"ListItem\",\"position\":2,\"name\":\"Pr\u00e9stamos\",\"item\":\"https:\/\/loanstar.com\/mx\/prestamos\/\"},{\"@type\":\"ListItem\",\"position\":3,\"name\":\"Pr\u00e9stamos Gratis sin intereses\"}]},{\"@type\":\"WebSite\",\"@id\":\"https:\/\/loanstar.com\/mx\/#website\",\"url\":\"https:\/\/loanstar.com\/mx\/\",\"name\":\"LoanStar M\u00e9jico\",\"description\":\"Comparar Pr\u00e9stamos\",\"potentialAction\":[{\"@type\":\"SearchAction\",\"target\":{\"@type\":\"EntryPoint\",\"urlTemplate\":\"https:\/\/loanstar.com\/mx\/?s={search_term_string}\"},\"query-input\":\"required name=search_term_string\"}],\"inLanguage\":\"es-MX\"}]}<\/script>\n<!-- \/ Yoast SEO plugin. -->","yoast_head_json":{"title":"Pr\u00e9stamos Gratis sin intereses - LoanStar M\u00e9jico","robots":{"index":"index","follow":"follow","max-snippet":"max-snippet:-1","max-image-preview":"max-image-preview:large","max-video-preview":"max-video-preview:-1"},"canonical":"https:\/\/loanstar.com\/mx\/prestamos\/gratis-sin-intereses\/","og_locale":"es_MX","og_type":"article","og_title":"Pr\u00e9stamos Gratis sin intereses - LoanStar M\u00e9jico","og_description":"Pr\u00e9stamos Gratis Sin Intereses Los pr\u00e9stamos gratis sin intereses son un tipo de microcr\u00e9dito que no tiene comisiones, intereses ni...","og_url":"https:\/\/loanstar.com\/mx\/prestamos\/gratis-sin-intereses\/","og_site_name":"LoanStar M\u00e9jico","article_modified_time":"2019-06-20T14:15:23+00:00","og_image":[{"url":"http:\/\/loanstar.com\/mx\/wp-content\/uploads\/sites\/8\/2018\/09\/home_ill_1.svg"}],"twitter_card":"summary_large_image","twitter_misc":{"Tiempo de lectura":"8 minutos"},"schema":{"@context":"https:\/\/schema.org","@graph":[{"@type":"WebPage","@id":"https:\/\/loanstar.com\/mx\/prestamos\/gratis-sin-intereses\/","url":"https:\/\/loanstar.com\/mx\/prestamos\/gratis-sin-intereses\/","name":"Pr\u00e9stamos Gratis sin intereses - LoanStar M\u00e9jico","isPartOf":{"@id":"https:\/\/loanstar.com\/mx\/#website"},"datePublished":"2018-09-24T12:50:33+00:00","dateModified":"2019-06-20T14:15:23+00:00","breadcrumb":{"@id":"https:\/\/loanstar.com\/mx\/prestamos\/gratis-sin-intereses\/#breadcrumb"},"inLanguage":"es-MX","potentialAction":[{"@type":"ReadAction","target":["https:\/\/loanstar.com\/mx\/prestamos\/gratis-sin-intereses\/"]}]},{"@type":"BreadcrumbList","@id":"https:\/\/loanstar.com\/mx\/prestamos\/gratis-sin-intereses\/#breadcrumb","itemListElement":[{"@type":"ListItem","position":1,"name":"M\u00e9jico","item":"https:\/\/loanstar.com\/mx\/"},{"@type":"ListItem","position":2,"name":"Pr\u00e9stamos","item":"https:\/\/loanstar.com\/mx\/prestamos\/"},{"@type":"ListItem","position":3,"name":"Pr\u00e9stamos Gratis sin intereses"}]},{"@type":"WebSite","@id":"https:\/\/loanstar.com\/mx\/#website","url":"https:\/\/loanstar.com\/mx\/","name":"LoanStar M\u00e9jico","description":"Comparar Pr\u00e9stamos","potentialAction":[{"@type":"SearchAction","target":{"@type":"EntryPoint","urlTemplate":"https:\/\/loanstar.com\/mx\/?s={search_term_string}"},"query-input":"required name=search_term_string"}],"inLanguage":"es-MX"}]}},"_links":{"self":[{"href":"https:\/\/loanstar.com\/mx\/wp-json\/wp\/v2\/pages\/100"}],"collection":[{"href":"https:\/\/loanstar.com\/mx\/wp-json\/wp\/v2\/pages"}],"about":[{"href":"https:\/\/loanstar.com\/mx\/wp-json\/wp\/v2\/types\/page"}],"author":[{"embeddable":true,"href":"https:\/\/loanstar.com\/mx\/wp-json\/wp\/v2\/users\/1"}],"replies":[{"embeddable":true,"href":"https:\/\/loanstar.com\/mx\/wp-json\/wp\/v2\/comments?post=100"}],"version-history":[{"count":2,"href":"https:\/\/loanstar.com\/mx\/wp-json\/wp\/v2\/pages\/100\/revisions"}],"predecessor-version":[{"id":284,"href":"https:\/\/loanstar.com\/mx\/wp-json\/wp\/v2\/pages\/100\/revisions\/284"}],"up":[{"embeddable":true,"href":"https:\/\/loanstar.com\/mx\/wp-json\/wp\/v2\/pages\/92"}],"wp:attachment":[{"href":"https:\/\/loanstar.com\/mx\/wp-json\/wp\/v2\/media?parent=100"}],"curies":[{"name":"wp","href":"https:\/\/api.w.org\/{rel}","templated":true}]}}