{"id":7,"date":"2018-09-13T16:33:04","date_gmt":"2018-09-13T16:33:04","guid":{"rendered":"http:\/\/loanstar.com\/france\/?page_id=7"},"modified":"2019-12-13T19:26:47","modified_gmt":"2019-12-13T18:26:47","slug":"home","status":"publish","type":"page","link":"https:\/\/loanstar.com\/fr\/","title":{"rendered":"Pr\u00eats personnels, regroupement de cr\u00e9dits et finances personnelles"},"content":{"rendered":"","protected":false},"excerpt":{"rendered":"","protected":false},"author":1,"featured_media":0,"parent":0,"menu_order":0,"comment_status":"closed","ping_status":"closed","template":"templates\/home-country.php","meta":{"footnotes":""},"yoast_head":"<!-- This site is optimized with the Yoast SEO plugin v21.0 - https:\/\/yoast.com\/wordpress\/plugins\/seo\/ -->\n<title>Pr\u00eats personnels, regroupement de cr\u00e9dits et finances personnelles - LoanStar France<\/title>\n<meta name=\"description\" content=\"LoanStar est la plateforme qui vous aide \u00e0 trouver les cr\u00e9dits les meilleurs et les moins chers. Trouvez les pr\u00eats personnels, les rachats de cr\u00e9dits, les cr\u00e9dits auto ou les pr\u00eats immobiliers au meilleur prix.\" \/>\n<meta name=\"robots\" content=\"index, follow, max-snippet:-1, max-image-preview:large, max-video-preview:-1\" \/>\n<link rel=\"canonical\" href=\"https:\/\/loanstar.com\/fr\/\" \/>\n<meta property=\"og:locale\" content=\"fr_FR\" \/>\n<meta property=\"og:type\" content=\"article\" \/>\n<meta property=\"og:title\" content=\"Pr\u00eats personnels, regroupement de cr\u00e9dits et finances personnelles - LoanStar France\" \/>\n<meta property=\"og:description\" content=\"LoanStar est la plateforme qui vous aide \u00e0 trouver les cr\u00e9dits les meilleurs et les moins chers. Trouvez les pr\u00eats personnels, les rachats de cr\u00e9dits, les cr\u00e9dits auto ou les pr\u00eats immobiliers au meilleur prix.\" \/>\n<meta property=\"og:url\" content=\"https:\/\/loanstar.com\/fr\/\" \/>\n<meta property=\"og:site_name\" content=\"LoanStar France\" \/>\n<meta property=\"article:modified_time\" content=\"2019-12-13T18:26:47+00:00\" \/>\n<meta name=\"twitter:card\" content=\"summary_large_image\" \/>\n<script type=\"application\/ld+json\" class=\"yoast-schema-graph\">{\"@context\":\"https:\/\/schema.org\",\"@graph\":[{\"@type\":\"WebPage\",\"@id\":\"https:\/\/loanstar.com\/fr\/\",\"url\":\"https:\/\/loanstar.com\/fr\/\",\"name\":\"Pr\u00eats personnels, regroupement de cr\u00e9dits et finances personnelles - LoanStar France\",\"isPartOf\":{\"@id\":\"https:\/\/loanstar.com\/fr\/#website\"},\"datePublished\":\"2018-09-13T16:33:04+00:00\",\"dateModified\":\"2019-12-13T18:26:47+00:00\",\"description\":\"LoanStar est la plateforme qui vous aide \u00e0 trouver les cr\u00e9dits les meilleurs et les moins chers. Trouvez les pr\u00eats personnels, les rachats de cr\u00e9dits, les cr\u00e9dits auto ou les pr\u00eats immobiliers au meilleur prix.\",\"breadcrumb\":{\"@id\":\"https:\/\/loanstar.com\/fr\/#breadcrumb\"},\"inLanguage\":\"fr-FR\",\"potentialAction\":[{\"@type\":\"ReadAction\",\"target\":[\"https:\/\/loanstar.com\/fr\/\"]}]},{\"@type\":\"BreadcrumbList\",\"@id\":\"https:\/\/loanstar.com\/fr\/#breadcrumb\",\"itemListElement\":[{\"@type\":\"ListItem\",\"position\":1,\"name\":\"France\",\"item\":\"https:\/\/loanstar.com\/fr\/\"},{\"@type\":\"ListItem\",\"position\":2,\"name\":\"Pr\u00eats personnels, regroupement de cr\u00e9dits et finances personnelles\"}]},{\"@type\":\"WebSite\",\"@id\":\"https:\/\/loanstar.com\/fr\/#website\",\"url\":\"https:\/\/loanstar.com\/fr\/\",\"name\":\"LoanStar France\",\"description\":\"Comparer les pr\u00eats\",\"potentialAction\":[{\"@type\":\"SearchAction\",\"target\":{\"@type\":\"EntryPoint\",\"urlTemplate\":\"https:\/\/loanstar.com\/fr\/?s={search_term_string}\"},\"query-input\":\"required name=search_term_string\"}],\"inLanguage\":\"fr-FR\"}]}<\/script>\n<!-- \/ Yoast SEO plugin. -->","yoast_head_json":{"title":"Pr\u00eats personnels, regroupement de cr\u00e9dits et finances personnelles - LoanStar France","description":"LoanStar est la plateforme qui vous aide \u00e0 trouver les cr\u00e9dits les meilleurs et les moins chers. Trouvez les pr\u00eats personnels, les rachats de cr\u00e9dits, les cr\u00e9dits auto ou les pr\u00eats immobiliers au meilleur prix.","robots":{"index":"index","follow":"follow","max-snippet":"max-snippet:-1","max-image-preview":"max-image-preview:large","max-video-preview":"max-video-preview:-1"},"canonical":"https:\/\/loanstar.com\/fr\/","og_locale":"fr_FR","og_type":"article","og_title":"Pr\u00eats personnels, regroupement de cr\u00e9dits et finances personnelles - LoanStar France","og_description":"LoanStar est la plateforme qui vous aide \u00e0 trouver les cr\u00e9dits les meilleurs et les moins chers. Trouvez les pr\u00eats personnels, les rachats de cr\u00e9dits, les cr\u00e9dits auto ou les pr\u00eats immobiliers au meilleur prix.","og_url":"https:\/\/loanstar.com\/fr\/","og_site_name":"LoanStar France","article_modified_time":"2019-12-13T18:26:47+00:00","twitter_card":"summary_large_image","schema":{"@context":"https:\/\/schema.org","@graph":[{"@type":"WebPage","@id":"https:\/\/loanstar.com\/fr\/","url":"https:\/\/loanstar.com\/fr\/","name":"Pr\u00eats personnels, regroupement de cr\u00e9dits et finances personnelles - LoanStar France","isPartOf":{"@id":"https:\/\/loanstar.com\/fr\/#website"},"datePublished":"2018-09-13T16:33:04+00:00","dateModified":"2019-12-13T18:26:47+00:00","description":"LoanStar est la plateforme qui vous aide \u00e0 trouver les cr\u00e9dits les meilleurs et les moins chers. Trouvez les pr\u00eats personnels, les rachats de cr\u00e9dits, les cr\u00e9dits auto ou les pr\u00eats immobiliers au meilleur prix.","breadcrumb":{"@id":"https:\/\/loanstar.com\/fr\/#breadcrumb"},"inLanguage":"fr-FR","potentialAction":[{"@type":"ReadAction","target":["https:\/\/loanstar.com\/fr\/"]}]},{"@type":"BreadcrumbList","@id":"https:\/\/loanstar.com\/fr\/#breadcrumb","itemListElement":[{"@type":"ListItem","position":1,"name":"France","item":"https:\/\/loanstar.com\/fr\/"},{"@type":"ListItem","position":2,"name":"Pr\u00eats personnels, regroupement de cr\u00e9dits et finances personnelles"}]},{"@type":"WebSite","@id":"https:\/\/loanstar.com\/fr\/#website","url":"https:\/\/loanstar.com\/fr\/","name":"LoanStar France","description":"Comparer les pr\u00eats","potentialAction":[{"@type":"SearchAction","target":{"@type":"EntryPoint","urlTemplate":"https:\/\/loanstar.com\/fr\/?s={search_term_string}"},"query-input":"required name=search_term_string"}],"inLanguage":"fr-FR"}]}},"_links":{"self":[{"href":"https:\/\/loanstar.com\/fr\/wp-json\/wp\/v2\/pages\/7"}],"collection":[{"href":"https:\/\/loanstar.com\/fr\/wp-json\/wp\/v2\/pages"}],"about":[{"href":"https:\/\/loanstar.com\/fr\/wp-json\/wp\/v2\/types\/page"}],"author":[{"embeddable":true,"href":"https:\/\/loanstar.com\/fr\/wp-json\/wp\/v2\/users\/1"}],"replies":[{"embeddable":true,"href":"https:\/\/loanstar.com\/fr\/wp-json\/wp\/v2\/comments?post=7"}],"version-history":[{"count":1,"href":"https:\/\/loanstar.com\/fr\/wp-json\/wp\/v2\/pages\/7\/revisions"}],"predecessor-version":[{"id":13,"href":"https:\/\/loanstar.com\/fr\/wp-json\/wp\/v2\/pages\/7\/revisions\/13"}],"wp:attachment":[{"href":"https:\/\/loanstar.com\/fr\/wp-json\/wp\/v2\/media?parent=7"}],"curies":[{"name":"wp","href":"https:\/\/api.w.org\/{rel}","templated":true}]}}