{"id":180,"date":"2018-10-24T18:44:21","date_gmt":"2018-10-24T18:44:21","guid":{"rendered":"http:\/\/loanstar.com\/fr\/?page_id=180"},"modified":"2019-06-04T18:42:07","modified_gmt":"2019-06-04T16:42:07","slug":"cookies","status":"publish","type":"page","link":"https:\/\/loanstar.com\/fr\/cookies\/","title":{"rendered":"Cookies"},"content":{"rendered":"<h2>Politique de cookies pour LoanStar<\/h2>\n<p>Ceci est la politique de cookies pour LoanStar, accessible \u00e0 partir de https :\/\/loanstar.com<\/p>\n<h2>Que sont les cookies?<\/h2>\n<p>Conform\u00e9ment \u00e0 la norme de presque tous les sites Web professionnels, ce site utilise des cookies, c&rsquo;est \u00e0 dire de minuscules fichiers t\u00e9l\u00e9charg\u00e9s sur votre ordinateur, pour am\u00e9liorer votre exp\u00e9rience. Cette page d\u00e9crit les informations qu&rsquo;ils collectent, comment nous les utilisons et pourquoi nous avons parfois besoin de stocker ces cookies. Nous vous expliquerons \u00e9galement comment vous pouvez emp\u00eacher l\u2019enregistrement de ces cookies. Toutefois, cela pourrait d\u00e9grader ou \u00ab casser \u00bb certains \u00e9l\u00e9ments de la fonctionnalit\u00e9 du site.<\/p>\n<p>Pour plus d&rsquo;informations g\u00e9n\u00e9rales sur les cookies, consultez l&rsquo;article de <a href=\"https:\/\/fr.wikipedia.org\/wiki\/Cookie_(informatique)\">Wikipedia sur les cookies HTTP<\/a>.<\/p>\n<h2>Comment nous utilisons les cookies<\/h2>\n<p>Nous utilisons des cookies pour diverses raisons d\u00e9taill\u00e9es ci-dessous. Malheureusement, dans la plupart des cas, il n\u2019existe pas d\u2019option standard de l\u2019industrie permettant de d\u00e9sactiver les cookies sans d\u00e9sactiver compl\u00e8tement les fonctionnalit\u00e9s qu\u2019ils ajoutent \u00e0 ce site. Il est recommand\u00e9 de laisser tous les cookies si vous ne savez pas si vous en avez besoin ou non, au cas o\u00f9 ils seraient utilis\u00e9s pour fournir un service que vous utilisez.<\/p>\n<h2>D\u00e9sactiver les cookies<\/h2>\n<p>Vous pouvez emp\u00eacher l&rsquo;installation de cookies en ajustant les param\u00e8tres de votre navigateur (consultez l&rsquo;aide de votre navigateur pour savoir comment faire). Sachez que la d\u00e9sactivation des cookies affectera les fonctionnalit\u00e9s de ce site et de nombreux autres sites Web que vous visitez. La d\u00e9sactivation des cookies entra\u00eene g\u00e9n\u00e9ralement la d\u00e9sactivation de certaines fonctionnalit\u00e9s de ce site. Par cons\u00e9quent, il est recommand\u00e9 de ne pas d\u00e9sactiver les cookies.<\/p>\n<h3>D\u00e9sactiver les cookies dans les navigateurs<\/h3>\n<p>Pour d\u00e9sactiver les cookies dans les navigateurs, vous pouvez le faire dans la section Options ou Pr\u00e9f\u00e9rences. Cependant, nous communiquons ces liens avec des informations plus d\u00e9taill\u00e9es pour la configuration :<\/p>\n<p><a href=\"https:\/\/support.google.com\/chrome\/answer\/95647\">Google Chrome<\/a><\/p>\n<p><a href=\"https:\/\/support.microsoft.com\/en-us\/help\/17442\/windows-internet-explorer-delete-manage-cookies\">Internet Explorer<\/a><\/p>\n<p><a href=\"https:\/\/support.mozilla.org\/fr\/kb\/cookies-informations-sites-enregistrent\">Firefox<\/a><\/p>\n<h2>Les cookies que nous avons install\u00e9s<\/h2>\n<p>Des cookies de pr\u00e9f\u00e9rences du site, afin de vous offrir une exp\u00e9rience inoubliable sur ce site. Nous fournissons la fonctionnalit\u00e9 permettant de d\u00e9finir vos pr\u00e9f\u00e9rences pour le fonctionnement de ce site lorsque vous l&rsquo;utilisez. Afin de m\u00e9moriser vos pr\u00e9f\u00e9rences, nous devons d\u00e9finir des cookies pour que ces informations puissent \u00eatre appel\u00e9es chaque fois que vous interagissez avec une page affect\u00e9e par vos pr\u00e9f\u00e9rences.<\/p>\n<h2>Cookies de tiers<\/h2>\n<p>Dans certains cas particuliers, nous utilisons \u00e9galement des cookies fournis par des tiers de confiance. La section suivante d\u00e9taille les cookies tiers que vous pourriez rencontrer via ce site.<\/p>\n<h3>Google Analytics<\/h3>\n<p>Ce site utilise Google Analytics, l\u2019une des solutions d\u2019analyse les plus r\u00e9pandues et les plus fiables sur le Web, qui nous aide \u00e0 comprendre comment vous utilisez le site et comment nous pouvons am\u00e9liorer votre exp\u00e9rience. Ces cookies peuvent suivre des choses telles que le temps que vous passez sur le site et les pages que vous visitez, afin que nous puissions continuer \u00e0 produire un contenu attrayant. Pour plus d&rsquo;informations sur les cookies Google Analytics, voir la page officielle de <a href=\"https:\/\/developers.google.com\/analytics\/devguides\/collection\/analyticsjs\/cookie-usage\">Google Analytics.<\/a><\/p>\n<p>De temps en temps, nous testons de nouvelles fonctionnalit\u00e9s et apportons des modifications subtiles \u00e0 la mani\u00e8re dont le site est livr\u00e9. Lorsque nous testons encore de nouvelles fonctionnalit\u00e9s, ces cookies peuvent \u00eatre utilis\u00e9s pour vous garantir une exp\u00e9rience coh\u00e9rente lorsque vous vous trouvez sur le site, tout en garantissant la compr\u00e9hension des optimisations les plus appr\u00e9ci\u00e9es par nos utilisateurs.<\/p>\n<p>Pour plus d&rsquo;informations sur la politique de confidentialit\u00e9 de Google, veuillez vous reporter \u00e0 <a href=\"https:\/\/policies.google.com\/privacy?hl=fr\">la politique de confidentialit\u00e9 de Google<\/a>.<\/p>\n<p>Si vous souhaitez \u00e9viter le suivi de donn\u00e9es via Google Universal Analytics, vous pouvez d\u00e9sactiver Google Universal Analytics \u00e0 l&rsquo;aide de cette <a href=\"https:\/\/tools.google.com\/dlpage\/gaoptout?hl=en\">extension de navigateur<\/a>. Pour emp\u00eacher le suivi via Universal Analytics sur plusieurs appareils, vous devez d\u00e9sactiver tous les syst\u00e8mes que vous utilisez.<\/p>\n<p>Parall\u00e8lement, vous pouvez effectuer une configuration appropri\u00e9e pour les param\u00e8tres de cookies dans votre navigateur. Voir la section ci-dessous.<\/p>\n<p>Nous utilisons \u00e9galement sur ce site des boutons de m\u00e9dias sociaux et \/ ou des plugins qui vous permettent de vous connecter \u00e0 votre r\u00e9seau social de diff\u00e9rentes mani\u00e8res. Pour que ceux-ci fonctionnent, des sites de m\u00e9dias sociaux, Facebook notamment, installeront des cookies sur notre site. Ces cookies peuvent \u00eatre utilis\u00e9s pour am\u00e9liorer votre profil sur leur site ou contribuer aux donn\u00e9es qu&rsquo;ils d\u00e9tiennent \u00e0 diverses fins d\u00e9crites dans leurs politiques de confidentialit\u00e9 respectives.<\/p>\n<p><a href=\"https:\/\/www.facebook.com\/policies\/cookies\/\">Politiques relatives aux cookies pour Facebook<\/a><\/p>\n<h2>Google reCAPTCHA<\/h2>\n<p>Pour prot\u00e9ger les messages envoy\u00e9s via le formulaire de contact, nous utilisons le service reCAPTCHA de Google Inc. (Google). La requ\u00eate sert \u00e0 distinguer si la saisie est faite par un humain ou s&rsquo;il s&rsquo;agit d&rsquo;une saisie abusive faite par un traitement m\u00e9canique automatis\u00e9. La requ\u00eate inclut l&rsquo;envoi \u00e0 Google de l&rsquo;adresse IP et de toute autre donn\u00e9e requise par Google pour le service reCAPTCHA.<br \/>\n\u00c0 cette fin, vos entr\u00e9es seront transmises \u00e0 Google et utilis\u00e9es l\u00e0-bas. En utilisant reCaptcha, vous acceptez que la reconnaissance fournie soit utilis\u00e9e pour num\u00e9riser d&rsquo;anciens travaux.<br \/>\nPour le compte de Digital Takeover LTD, Google utilisera ces informations pour \u00e9valuer votre utilisation de ce service.<\/p>\n<p>L&rsquo;adresse IP envoy\u00e9e par votre navigateur dans le cadre de reCaptcha ne sera pas fusionn\u00e9e avec d&rsquo;autres donn\u00e9es fournies par Google. Ces donn\u00e9es sont soumises aux r\u00e8gles de confidentialit\u00e9 divergentes de Google. Pour plus d&rsquo;informations sur les r\u00e8gles de confidentialit\u00e9 de Google, consultez la page <a href=\"https:\/\/policies.google.com\/privacy?hl=fr\">https:\/\/policies.google.com\/privacy?hl=fr<\/a>.<\/p>\n<h2>Cookies de suivi des affili\u00e9s<\/h2>\n<p>Digital Takeover Ltd, l\u2019exploitant du site Web Loanstar.com, a int\u00e9gr\u00e9 des liens d\u2019affiliation de divers r\u00e9seaux d\u2019affili\u00e9s et d\u2019autres annonceurs tiers.<\/p>\n<p>LoanStar.com assume le r\u00f4le d\u2019\u00e9diteur en publiant du contenu. Diff\u00e9rents fournisseurs assument le r\u00f4le d&rsquo;annonceurs. En utilisant le service de contenu et de comparaison sur LoanStar.com, vous pouvez acc\u00e9der au site de l&rsquo;annonceur via un lien d&rsquo;affili\u00e9 vous permettant de commander le produit financier ou de demander un pr\u00eat. En cas de vente r\u00e9ussie, nous recevons une commission nous permettant de publier pour vous du contenu gratuit suppl\u00e9mentaire et d&rsquo;am\u00e9liorer nos syst\u00e8mes de comparaison.<\/p>\n<p>D\u00e8s que vous atteignez le fournisseur en tant qu&rsquo;utilisateur via notre lien d&rsquo;affiliation, un cookie est enregistr\u00e9 sur votre navigateur. Le stockage des cookies a pour objet le traitement des paiements de commissions entre commer\u00e7ants et \u00e9diteurs qui sont trait\u00e9es par le r\u00e9seau d&rsquo;affili\u00e9s.<\/p>\n<p>Les cookies d&rsquo;affiliation enregistr\u00e9s ne contiennent aucune donn\u00e9e personnelle. Seuls le num\u00e9ro d&rsquo;identification de l&rsquo;\u00e9diteur (LoanStar.com), le num\u00e9ro ordinal du visiteur du site Web, l&rsquo;heure et l&rsquo;index du lien affili\u00e9 sont stock\u00e9s. Tous les cookies d&rsquo;affiliation seront trait\u00e9s apr\u00e8s max. et supprim\u00e9s sous 90 jours.<\/p>\n<p>Comme mentionn\u00e9 ci-dessus, vous pouvez interdire le stockage de cookies dans les param\u00e8tres de votre navigateur. Vous avez \u00e9galement la possibilit\u00e9 de supprimer vos cookies \u00e0 tout moment.<\/p>\n<h2>Droit \u00e0 l&rsquo;information et \u00e0 l&rsquo;objection<\/h2>\n<p>Avec un peu de chance les choses sont maintenant plus claires pour vous. Comme cela a \u00e9t\u00e9 mentionn\u00e9 pr\u00e9c\u00e9demment, en cas de doute sur l&rsquo;utilit\u00e9 ou non d&rsquo;une chose, il est g\u00e9n\u00e9ralement plus s\u00fbr de laisser les cookies activ\u00e9s au cas o\u00f9 ils interagiraient avec l&rsquo;une des fonctionnalit\u00e9s que vous utilisez sur notre site.<\/p>\n<p>Vous gardez en permanence le droit de vous informer sur vos donn\u00e9es personnelles stock\u00e9es par Digital Takeover Limited (propri\u00e9taire et exploitant de LoanStar.com). Vous avez \u00e9galement la possibilit\u00e9 de r\u00e9voquer votre consentement \u00e0 tout moment et de demander la suppression de vos donn\u00e9es personnelles d\u00e9j\u00e0 trait\u00e9es.<\/p>\n<p>Toutefois, si vous recherchez toujours plus d&rsquo;informations, vous pouvez nous contacter via l&rsquo;une de nos m\u00e9thodes de contact privil\u00e9gi\u00e9es :<\/p>\n<ul>\n<li><strong>Email :<\/strong> hi@digitaltakeover.org<\/li>\n<li><strong>Courrier :<\/strong> Digital Takeover LTD, centre commercial Plaza, niveau 8, suite 5, rue Bisazza, Sliema, SLM1640, MALTE.<\/li>\n<\/ul>\n<p>Sur demande, on vous dira par \u00e9crit si Digital Takeover ltd a stock\u00e9 des donn\u00e9es personnelles \u00e0 votre sujet et quelles donn\u00e9es il a stock\u00e9es. Vous pouvez interdire le traitement de vos donn\u00e9es \u00e0 tout moment par \u00e9crit sans donner de raisons.<\/p>\n","protected":false},"excerpt":{"rendered":"<p>Politique de cookies pour LoanStar Ceci est la politique de cookies pour LoanStar, accessible \u00e0 partir de https :\/\/loanstar.com Que&#8230;<\/p>\n","protected":false},"author":1,"featured_media":0,"parent":0,"menu_order":0,"comment_status":"closed","ping_status":"closed","template":"templates\/terms-of-use.php","meta":{"footnotes":""},"yoast_head":"<!-- This site is optimized with the Yoast SEO plugin v21.0 - https:\/\/yoast.com\/wordpress\/plugins\/seo\/ -->\n<title>Cookies - LoanStar France<\/title>\n<meta name=\"robots\" content=\"index, follow, max-snippet:-1, max-image-preview:large, max-video-preview:-1\" \/>\n<link rel=\"canonical\" href=\"https:\/\/loanstar.com\/fr\/cookies\/\" \/>\n<meta property=\"og:locale\" content=\"fr_FR\" \/>\n<meta property=\"og:type\" content=\"article\" \/>\n<meta property=\"og:title\" content=\"Cookies - LoanStar France\" \/>\n<meta property=\"og:description\" content=\"Politique de cookies pour LoanStar Ceci est la politique de cookies pour LoanStar, accessible \u00e0 partir de https :\/\/loanstar.com Que...\" \/>\n<meta property=\"og:url\" content=\"https:\/\/loanstar.com\/fr\/cookies\/\" \/>\n<meta property=\"og:site_name\" content=\"LoanStar France\" \/>\n<meta property=\"article:modified_time\" content=\"2019-06-04T16:42:07+00:00\" \/>\n<meta name=\"twitter:card\" content=\"summary_large_image\" \/>\n<meta name=\"twitter:label1\" content=\"Dur\u00e9e de lecture estim\u00e9e\" \/>\n\t<meta name=\"twitter:data1\" content=\"7 minutes\" \/>\n<script type=\"application\/ld+json\" class=\"yoast-schema-graph\">{\"@context\":\"https:\/\/schema.org\",\"@graph\":[{\"@type\":\"WebPage\",\"@id\":\"https:\/\/loanstar.com\/fr\/cookies\/\",\"url\":\"https:\/\/loanstar.com\/fr\/cookies\/\",\"name\":\"Cookies - LoanStar France\",\"isPartOf\":{\"@id\":\"https:\/\/loanstar.com\/fr\/#website\"},\"datePublished\":\"2018-10-24T18:44:21+00:00\",\"dateModified\":\"2019-06-04T16:42:07+00:00\",\"breadcrumb\":{\"@id\":\"https:\/\/loanstar.com\/fr\/cookies\/#breadcrumb\"},\"inLanguage\":\"fr-FR\",\"potentialAction\":[{\"@type\":\"ReadAction\",\"target\":[\"https:\/\/loanstar.com\/fr\/cookies\/\"]}]},{\"@type\":\"BreadcrumbList\",\"@id\":\"https:\/\/loanstar.com\/fr\/cookies\/#breadcrumb\",\"itemListElement\":[{\"@type\":\"ListItem\",\"position\":1,\"name\":\"France\",\"item\":\"https:\/\/loanstar.com\/fr\/\"},{\"@type\":\"ListItem\",\"position\":2,\"name\":\"Cookies\"}]},{\"@type\":\"WebSite\",\"@id\":\"https:\/\/loanstar.com\/fr\/#website\",\"url\":\"https:\/\/loanstar.com\/fr\/\",\"name\":\"LoanStar France\",\"description\":\"Comparer les pr\u00eats\",\"potentialAction\":[{\"@type\":\"SearchAction\",\"target\":{\"@type\":\"EntryPoint\",\"urlTemplate\":\"https:\/\/loanstar.com\/fr\/?s={search_term_string}\"},\"query-input\":\"required name=search_term_string\"}],\"inLanguage\":\"fr-FR\"}]}<\/script>\n<!-- \/ Yoast SEO plugin. -->","yoast_head_json":{"title":"Cookies - LoanStar France","robots":{"index":"index","follow":"follow","max-snippet":"max-snippet:-1","max-image-preview":"max-image-preview:large","max-video-preview":"max-video-preview:-1"},"canonical":"https:\/\/loanstar.com\/fr\/cookies\/","og_locale":"fr_FR","og_type":"article","og_title":"Cookies - LoanStar France","og_description":"Politique de cookies pour LoanStar Ceci est la politique de cookies pour LoanStar, accessible \u00e0 partir de https :\/\/loanstar.com Que...","og_url":"https:\/\/loanstar.com\/fr\/cookies\/","og_site_name":"LoanStar France","article_modified_time":"2019-06-04T16:42:07+00:00","twitter_card":"summary_large_image","twitter_misc":{"Dur\u00e9e de lecture estim\u00e9e":"7 minutes"},"schema":{"@context":"https:\/\/schema.org","@graph":[{"@type":"WebPage","@id":"https:\/\/loanstar.com\/fr\/cookies\/","url":"https:\/\/loanstar.com\/fr\/cookies\/","name":"Cookies - LoanStar France","isPartOf":{"@id":"https:\/\/loanstar.com\/fr\/#website"},"datePublished":"2018-10-24T18:44:21+00:00","dateModified":"2019-06-04T16:42:07+00:00","breadcrumb":{"@id":"https:\/\/loanstar.com\/fr\/cookies\/#breadcrumb"},"inLanguage":"fr-FR","potentialAction":[{"@type":"ReadAction","target":["https:\/\/loanstar.com\/fr\/cookies\/"]}]},{"@type":"BreadcrumbList","@id":"https:\/\/loanstar.com\/fr\/cookies\/#breadcrumb","itemListElement":[{"@type":"ListItem","position":1,"name":"France","item":"https:\/\/loanstar.com\/fr\/"},{"@type":"ListItem","position":2,"name":"Cookies"}]},{"@type":"WebSite","@id":"https:\/\/loanstar.com\/fr\/#website","url":"https:\/\/loanstar.com\/fr\/","name":"LoanStar France","description":"Comparer les pr\u00eats","potentialAction":[{"@type":"SearchAction","target":{"@type":"EntryPoint","urlTemplate":"https:\/\/loanstar.com\/fr\/?s={search_term_string}"},"query-input":"required name=search_term_string"}],"inLanguage":"fr-FR"}]}},"_links":{"self":[{"href":"https:\/\/loanstar.com\/fr\/wp-json\/wp\/v2\/pages\/180"}],"collection":[{"href":"https:\/\/loanstar.com\/fr\/wp-json\/wp\/v2\/pages"}],"about":[{"href":"https:\/\/loanstar.com\/fr\/wp-json\/wp\/v2\/types\/page"}],"author":[{"embeddable":true,"href":"https:\/\/loanstar.com\/fr\/wp-json\/wp\/v2\/users\/1"}],"replies":[{"embeddable":true,"href":"https:\/\/loanstar.com\/fr\/wp-json\/wp\/v2\/comments?post=180"}],"version-history":[{"count":1,"href":"https:\/\/loanstar.com\/fr\/wp-json\/wp\/v2\/pages\/180\/revisions"}],"predecessor-version":[{"id":233,"href":"https:\/\/loanstar.com\/fr\/wp-json\/wp\/v2\/pages\/180\/revisions\/233"}],"wp:attachment":[{"href":"https:\/\/loanstar.com\/fr\/wp-json\/wp\/v2\/media?parent=180"}],"curies":[{"name":"wp","href":"https:\/\/api.w.org\/{rel}","templated":true}]}}