{"id":179,"date":"2018-10-24T18:36:56","date_gmt":"2018-10-24T18:36:56","guid":{"rendered":"http:\/\/loanstar.com\/fr\/?page_id=179"},"modified":"2019-06-01T13:52:02","modified_gmt":"2019-06-01T11:52:02","slug":"termes-et-conditions","status":"publish","type":"page","link":"https:\/\/loanstar.com\/fr\/termes-et-conditions\/","title":{"rendered":"Termes et conditions"},"content":{"rendered":"<p>Termes et Conditions pour Digital Takeover, LTD<\/p>\n<h2>Introduction<\/h2>\n<p>Les pr\u00e9sentes conditions g\u00e9n\u00e9rales standard \u00e9crites sur cette page Web g\u00e8rent votre utilisation de notre site Web, accessible \u00e0 l\u2019adresse http:\/\/loanstar.com.<\/p>\n<p>Ces conditions seront pleinement appliqu\u00e9es et affecteront votre utilisation de ce site Web. En utilisant ce site Web, vous avez accept\u00e9 tous les termes et conditions \u00e9nonc\u00e9s ici. Vous ne devez pas utiliser ce site Web si vous \u00eates en d\u00e9saccord avec l\u2019une de ces conditions g\u00e9n\u00e9rales standard.<\/p>\n<p>Les mineurs et les personnes de moins de 18 ans ne sont pas autoris\u00e9s \u00e0 utiliser ce site Web.<\/p>\n<h2>Droits de propri\u00e9t\u00e9 intellectuelle<\/h2>\n<p>En dehors du contenu que vous poss\u00e9dez, Digital Takeover, LTD et \/ ou ses conc\u00e9dants de licence d\u00e9tiennent, en vertu de ces Conditions, tous les droits de propri\u00e9t\u00e9 intellectuelle et le contenu de ce site Web.<\/p>\n<p>Une licence limit\u00e9e ne vous est accord\u00e9e qu\u2019\u00e0 des fins de visualisation du contenu de ce site Web.<\/p>\n<h2>Restrictions<\/h2>\n<p>Les restrictions s&rsquo;appliquent aux \u00e9l\u00e9ments suivants :<\/p>\n<ul>\n<li>publier du contenu du site Web sur tout autre support<\/li>\n<li>la vente, la sous-licence et \/ ou la commercialisation de tout mat\u00e9riel du site Web<\/li>\n<li>partager publiquement et \/ ou montrer tout mat\u00e9riel du site Web<\/li>\n<li>utiliser ce site Web de quelque mani\u00e8re que ce soit ou qui pourrait \u00eatre pr\u00e9judiciable \u00e0 ce site Web<\/li>\n<li>utiliser ce site Web de quelque mani\u00e8re que ce soit qui affecte l&rsquo;acc\u00e8s des utilisateurs \u00e0 ce site Web<\/li>\n<li>toute utilisation de ce site Web contraire aux lois et r\u00e9glementations en vigueur<\/li>\n<li>toute utilisation de ce site Web\u00a0 susceptible de quelque mani\u00e8re que ce soit de nuire au site Web ou \u00e0 toute personne physique ou morale<\/li>\n<li>\u00a0toute activit\u00e9 de data mining, collecte, extraction de donn\u00e9es ou toute autre activit\u00e9 similaire li\u00e9e \u00e0 ce site internet<\/li>\n<li>utiliser ce site Web pour faire de la publicit\u00e9 ou du marketing.<\/li>\n<\/ul>\n<p>L&rsquo;acc\u00e8s \u00e0 certaines zones de ce site Web est restreint. Digital Takeover, LTD peut restreindre encore davantage l&rsquo;acc\u00e8s de votre part \u00e0 l&rsquo;une ou l&rsquo;autre des parties de ce site Web, \u00e0 tout moment et en toute discr\u00e9tion. Tous les identifiants et mots de passe que vous pouvez avoir pour ce site Web sont confidentiels et vous devez \u00e9galement en assurer la confidentialit\u00e9.<\/p>\n<h2>Votre contenu<\/h2>\n<p>Dans les pr\u00e9sentes conditions g\u00e9n\u00e9rales du site Web, \u00abVotre contenu\u00bb d\u00e9signe tout contenu audio, texte vid\u00e9o, images ou autre mat\u00e9riel que vous choisissez d&rsquo;afficher sur ce site Web. En affichant Your Content, vous accordez \u00e0 Digital Takeover, LTD une licence non exclusive, irr\u00e9vocable, sous licence mondiale, permettant de l\u2019utiliser, de le reproduire, de l\u2019adapter, de le publier, de le traduire et de le diffuser, sur tous les supports.<\/p>\n<p>Votre contenu doit \u00eatre le v\u00f4tre et ne doit pas empi\u00e9ter sur les droits d&rsquo;un tiers. Digital Takeover, LTD se r\u00e9serve le droit de supprimer votre contenu de ce site \u00e0 tout moment et sans pr\u00e9avis.<\/p>\n<h2>Aucune garantie<\/h2>\n<p>Ce site Web est fourni \u00aben l\u2019\u00e9tat\u00bb, avec tous ses imperfections, et Digital Takeover, LTD n\u2019exprime aucune d\u00e9claration ni garantie, de quelque nature que ce soit, li\u00e9es \u00e0 ce site Web ou aux \u00e9l\u00e9ments contenus sur ce site Web. En outre, rien dans ce site Web ne doit \u00eatre interpr\u00e9t\u00e9 comme un conseil.<\/p>\n<h2>Limitation de responsabilit\u00e9<\/h2>\n<p>En aucun cas, Digital Takeover, LTD ni aucun de ses dirigeants, administrateurs et employ\u00e9s, ne pourront \u00eatre tenus responsables de quoi que ce soit qui d\u00e9coule de \/ ou qui soit li\u00e9 \u00e0 votre utilisation de ce site Web, que cette responsabilit\u00e9 soit contractuelle ou non. Digital Takeover, LTD, y compris ses dirigeants, administrateurs et employ\u00e9s, ne sauraient \u00eatre tenus pour responsables de toute responsabilit\u00e9 indirecte, cons\u00e9cutive ou particuli\u00e8re d\u00e9coulant de \/ ou li\u00e9e \u00e0 votre utilisation de ce site Web.<\/p>\n<h2>Indemnit\u00e9<\/h2>\n<p>Par la pr\u00e9sente, vous d\u00e9gagez pleinement Digital Takeover, LTD de toute responsabilit\u00e9, co\u00fbts, demandes, causes d&rsquo;action, dommages et d\u00e9penses d\u00e9coulant de quelque mani\u00e8re que ce soit de la violation des dispositions des pr\u00e9sentes Conditions.<\/p>\n<h2>Divisibilit\u00e9<\/h2>\n<p>Si une disposition de ces Conditions est jug\u00e9e invalide en vertu d&rsquo;une loi applicable, cette disposition sera supprim\u00e9e sans affecter les autres dispositions des pr\u00e9sentes Conditions.<\/p>\n<h2>Variation des termes<\/h2>\n<p>Digital Takeover, LTD est autoris\u00e9 \u00e0 r\u00e9viser les pr\u00e9sentes Conditions \u00e0 tout moment, et lors de l&rsquo;utilisation de ce site Web, vous \u00eates invit\u00e9 \u00e0 les consulter r\u00e9guli\u00e8rement.<\/p>\n<h2>Affectation<\/h2>\n<p>Digital Takeover, LTD est autoris\u00e9 \u00e0 c\u00e9der, transf\u00e9rer et sous-traiter ses droits et \/ ou obligations en vertu des pr\u00e9sentes Conditions sans notification pr\u00e9alable. Cependant, vous n&rsquo;\u00eates pas autoris\u00e9 \u00e0 c\u00e9der, transf\u00e9rer ou sous-traiter vos droits et \/ ou obligations en vertu de ces Conditions.<\/p>\n<h2>Accord complet<\/h2>\n<p>Ces conditions constituent l&rsquo;int\u00e9gralit\u00e9 de l&rsquo;accord entre Digital Takeover, LTD et vous en ce qui concerne votre utilisation de ce site Web et remplacent tous les accords et ententes ant\u00e9rieurs.<\/p>\n<h2>Loi applicable et juridiction<\/h2>\n<p>Les pr\u00e9sentes Conditions seront r\u00e9gies et interpr\u00e9t\u00e9es conform\u00e9ment aux lois de Malte et vous vous soumettez \u00e0 la juridiction non exclusive des tribunaux f\u00e9d\u00e9raux\u00a0 situ\u00e9s \u00e0 Malte pour la r\u00e9solution des litiges.<\/p>\n","protected":false},"excerpt":{"rendered":"<p>Termes et Conditions pour Digital Takeover, LTD Introduction Les pr\u00e9sentes conditions g\u00e9n\u00e9rales standard \u00e9crites sur cette page Web g\u00e8rent votre&#8230;<\/p>\n","protected":false},"author":1,"featured_media":0,"parent":0,"menu_order":0,"comment_status":"closed","ping_status":"closed","template":"templates\/terms-of-use.php","meta":{"footnotes":""},"yoast_head":"<!-- This site is optimized with the Yoast SEO plugin v21.0 - https:\/\/yoast.com\/wordpress\/plugins\/seo\/ -->\n<title>Termes et conditions - LoanStar France<\/title>\n<meta name=\"robots\" content=\"index, follow, max-snippet:-1, max-image-preview:large, max-video-preview:-1\" \/>\n<link rel=\"canonical\" href=\"https:\/\/loanstar.com\/fr\/termes-et-conditions\/\" \/>\n<meta property=\"og:locale\" content=\"fr_FR\" \/>\n<meta property=\"og:type\" content=\"article\" \/>\n<meta property=\"og:title\" content=\"Termes et conditions - LoanStar France\" \/>\n<meta property=\"og:description\" content=\"Termes et Conditions pour Digital Takeover, LTD Introduction Les pr\u00e9sentes conditions g\u00e9n\u00e9rales standard \u00e9crites sur cette page Web g\u00e8rent votre...\" \/>\n<meta property=\"og:url\" content=\"https:\/\/loanstar.com\/fr\/termes-et-conditions\/\" \/>\n<meta property=\"og:site_name\" content=\"LoanStar France\" \/>\n<meta property=\"article:modified_time\" content=\"2019-06-01T11:52:02+00:00\" \/>\n<meta name=\"twitter:card\" content=\"summary_large_image\" \/>\n<meta name=\"twitter:label1\" content=\"Dur\u00e9e de lecture estim\u00e9e\" \/>\n\t<meta name=\"twitter:data1\" content=\"4 minutes\" \/>\n<script type=\"application\/ld+json\" class=\"yoast-schema-graph\">{\"@context\":\"https:\/\/schema.org\",\"@graph\":[{\"@type\":\"WebPage\",\"@id\":\"https:\/\/loanstar.com\/fr\/termes-et-conditions\/\",\"url\":\"https:\/\/loanstar.com\/fr\/termes-et-conditions\/\",\"name\":\"Termes et conditions - LoanStar France\",\"isPartOf\":{\"@id\":\"https:\/\/loanstar.com\/fr\/#website\"},\"datePublished\":\"2018-10-24T18:36:56+00:00\",\"dateModified\":\"2019-06-01T11:52:02+00:00\",\"breadcrumb\":{\"@id\":\"https:\/\/loanstar.com\/fr\/termes-et-conditions\/#breadcrumb\"},\"inLanguage\":\"fr-FR\",\"potentialAction\":[{\"@type\":\"ReadAction\",\"target\":[\"https:\/\/loanstar.com\/fr\/termes-et-conditions\/\"]}]},{\"@type\":\"BreadcrumbList\",\"@id\":\"https:\/\/loanstar.com\/fr\/termes-et-conditions\/#breadcrumb\",\"itemListElement\":[{\"@type\":\"ListItem\",\"position\":1,\"name\":\"France\",\"item\":\"https:\/\/loanstar.com\/fr\/\"},{\"@type\":\"ListItem\",\"position\":2,\"name\":\"Termes et conditions\"}]},{\"@type\":\"WebSite\",\"@id\":\"https:\/\/loanstar.com\/fr\/#website\",\"url\":\"https:\/\/loanstar.com\/fr\/\",\"name\":\"LoanStar France\",\"description\":\"Comparer les pr\u00eats\",\"potentialAction\":[{\"@type\":\"SearchAction\",\"target\":{\"@type\":\"EntryPoint\",\"urlTemplate\":\"https:\/\/loanstar.com\/fr\/?s={search_term_string}\"},\"query-input\":\"required name=search_term_string\"}],\"inLanguage\":\"fr-FR\"}]}<\/script>\n<!-- \/ Yoast SEO plugin. -->","yoast_head_json":{"title":"Termes et conditions - LoanStar France","robots":{"index":"index","follow":"follow","max-snippet":"max-snippet:-1","max-image-preview":"max-image-preview:large","max-video-preview":"max-video-preview:-1"},"canonical":"https:\/\/loanstar.com\/fr\/termes-et-conditions\/","og_locale":"fr_FR","og_type":"article","og_title":"Termes et conditions - LoanStar France","og_description":"Termes et Conditions pour Digital Takeover, LTD Introduction Les pr\u00e9sentes conditions g\u00e9n\u00e9rales standard \u00e9crites sur cette page Web g\u00e8rent votre...","og_url":"https:\/\/loanstar.com\/fr\/termes-et-conditions\/","og_site_name":"LoanStar France","article_modified_time":"2019-06-01T11:52:02+00:00","twitter_card":"summary_large_image","twitter_misc":{"Dur\u00e9e de lecture estim\u00e9e":"4 minutes"},"schema":{"@context":"https:\/\/schema.org","@graph":[{"@type":"WebPage","@id":"https:\/\/loanstar.com\/fr\/termes-et-conditions\/","url":"https:\/\/loanstar.com\/fr\/termes-et-conditions\/","name":"Termes et conditions - LoanStar France","isPartOf":{"@id":"https:\/\/loanstar.com\/fr\/#website"},"datePublished":"2018-10-24T18:36:56+00:00","dateModified":"2019-06-01T11:52:02+00:00","breadcrumb":{"@id":"https:\/\/loanstar.com\/fr\/termes-et-conditions\/#breadcrumb"},"inLanguage":"fr-FR","potentialAction":[{"@type":"ReadAction","target":["https:\/\/loanstar.com\/fr\/termes-et-conditions\/"]}]},{"@type":"BreadcrumbList","@id":"https:\/\/loanstar.com\/fr\/termes-et-conditions\/#breadcrumb","itemListElement":[{"@type":"ListItem","position":1,"name":"France","item":"https:\/\/loanstar.com\/fr\/"},{"@type":"ListItem","position":2,"name":"Termes et conditions"}]},{"@type":"WebSite","@id":"https:\/\/loanstar.com\/fr\/#website","url":"https:\/\/loanstar.com\/fr\/","name":"LoanStar France","description":"Comparer les pr\u00eats","potentialAction":[{"@type":"SearchAction","target":{"@type":"EntryPoint","urlTemplate":"https:\/\/loanstar.com\/fr\/?s={search_term_string}"},"query-input":"required name=search_term_string"}],"inLanguage":"fr-FR"}]}},"_links":{"self":[{"href":"https:\/\/loanstar.com\/fr\/wp-json\/wp\/v2\/pages\/179"}],"collection":[{"href":"https:\/\/loanstar.com\/fr\/wp-json\/wp\/v2\/pages"}],"about":[{"href":"https:\/\/loanstar.com\/fr\/wp-json\/wp\/v2\/types\/page"}],"author":[{"embeddable":true,"href":"https:\/\/loanstar.com\/fr\/wp-json\/wp\/v2\/users\/1"}],"replies":[{"embeddable":true,"href":"https:\/\/loanstar.com\/fr\/wp-json\/wp\/v2\/comments?post=179"}],"version-history":[{"count":1,"href":"https:\/\/loanstar.com\/fr\/wp-json\/wp\/v2\/pages\/179\/revisions"}],"predecessor-version":[{"id":243,"href":"https:\/\/loanstar.com\/fr\/wp-json\/wp\/v2\/pages\/179\/revisions\/243"}],"wp:attachment":[{"href":"https:\/\/loanstar.com\/fr\/wp-json\/wp\/v2\/media?parent=179"}],"curies":[{"name":"wp","href":"https:\/\/api.w.org\/{rel}","templated":true}]}}