{"id":178,"date":"2018-10-24T18:34:13","date_gmt":"2018-10-24T18:34:13","guid":{"rendered":"http:\/\/loanstar.com\/fr\/?page_id=178"},"modified":"2019-06-01T13:45:27","modified_gmt":"2019-06-01T11:45:27","slug":"mentions-legales","status":"publish","type":"page","link":"https:\/\/loanstar.com\/fr\/mentions-legales\/","title":{"rendered":"Mentions l\u00e9gales"},"content":{"rendered":"<p>Date d&rsquo;entr\u00e9e en vigueur: 16 octobre 2018<\/p>\n<p>Digital Takeover, LTD exploite le site Web http:\/\/loanstar.com (le \u00abService\u00bb).<\/p>\n<p>Cette page vous informe de nos politiques en mati\u00e8re de collecte, d&rsquo;utilisation et de divulgation de donn\u00e9es personnelles lorsque vous utilisez notre service et des choix que vous avez associ\u00e9s \u00e0 ces donn\u00e9es.<\/p>\n<p>Nous utilisons vos donn\u00e9es pour fournir et am\u00e9liorer le service. En utilisant le Service, vous acceptez la collecte et l&rsquo;utilisation d&rsquo;informations conform\u00e9ment \u00e0 cette politique. Sauf indication contraire dans la pr\u00e9sente politique de confidentialit\u00e9, les termes utilis\u00e9s dans cette politique de confidentialit\u00e9 ont la m\u00eame signification que dans nos Conditions g\u00e9n\u00e9rales, accessibles \u00e0 partir de http:\/\/loanstar.com.<\/p>\n<h2>Collecte et utilisation d&rsquo;informations<\/h2>\n<p>Nous recueillons plusieurs types d&rsquo;informations \u00e0 diff\u00e9rentes fins pour vous fournir notre service et l&rsquo;am\u00e9liorer.<\/p>\n<h3>Types de donn\u00e9es collect\u00e9es<\/h3>\n<h4>Donn\u00e9es personnelles<\/h4>\n<p>Lors de l&rsquo;utilisation de notre service, nous pouvons vous demander de nous fournir certaines informations personnellement identifiables qui peuvent \u00eatre utilis\u00e9es pour vous contacter ou vous identifier (\u00abDonn\u00e9es personnelles\u00bb). Les informations personnellement identifiables peuvent inclure, sans toutefois s&rsquo;y limiter :<\/p>\n<ul>\n<li>Email<\/li>\n<li>Pr\u00e9nom et nom<\/li>\n<li>Cookies et donn\u00e9es d&rsquo;utilisation<\/li>\n<\/ul>\n<h4>Des donn\u00e9es d&rsquo;utilisation<\/h4>\n<p>Nous pouvons \u00e9galement collecter des informations sur l&rsquo;acc\u00e8s et l&rsquo;utilisation du service (\u00abdonn\u00e9es d&rsquo;utilisation\u00bb). Ces donn\u00e9es d&rsquo;utilisation peuvent inclure des informations telles que l&rsquo;adresse de protocole Internet de votre ordinateur (par exemple l&rsquo;adresse IP), le type de navigateur, la version du navigateur, les pages de notre service que vous visitez, l&rsquo;heure et la date de votre visite, le temps pass\u00e9 sur ces pages, des informations sp\u00e9cifiques, identificateurs d&rsquo;appareil et autres donn\u00e9es de diagnostic.<\/p>\n<h4>Suivi et donn\u00e9es de cookies<\/h4>\n<p>Nous utilisons des cookies et des technologies de suivi similaires pour suivre l&rsquo;activit\u00e9 de notre service et conserver certaines informations.<\/p>\n<p>Les cookies sont des fichiers contenant une petite quantit\u00e9 de donn\u00e9es pouvant inclure un identifiant unique et anonyme. Les cookies sont envoy\u00e9s \u00e0 votre navigateur \u00e0 partir d&rsquo;un site Web et stock\u00e9s sur votre appareil. Les technologies de suivi \u00e9galement utilis\u00e9es sont les balises et les scripts pour collecter et suivre les informations ainsi que pour am\u00e9liorer et analyser notre service.<\/p>\n<p>Vous pouvez demander \u00e0 votre navigateur de refuser tous les cookies ou d&rsquo;indiquer quand un cookie est envoy\u00e9. Toutefois, si vous n&rsquo;acceptez pas les cookies, vous ne pourrez peut-\u00eatre pas utiliser certaines fonctionnalit\u00e9s de notre service.<\/p>\n<p>Exemples de cookies que nous utilisons:<\/p>\n<ul>\n<li><strong>Cookies de session.<\/strong> Nous utilisons des cookies de session pour faire fonctionner notre service<\/li>\n<li><strong>Cookies de pr\u00e9f\u00e9rence.<\/strong> Nous utilisons des cookies de pr\u00e9f\u00e9rence pour m\u00e9moriser vos pr\u00e9f\u00e9rences et divers param\u00e8tres<\/li>\n<li><strong>Cookies de s\u00e9curit\u00e9.<\/strong> Nous utilisons des cookies de s\u00e9curit\u00e9 \u00e0 des fins de s\u00e9curit\u00e9.<\/li>\n<\/ul>\n<h2>Utilisation des donn\u00e9es<\/h2>\n<p>Digital Takeover, LTD utilise les donn\u00e9es collect\u00e9es \u00e0 diverses fins :<\/p>\n<ul>\n<li>Fournir et maintenir le service<\/li>\n<li>Pour vous avertir des changements de notre service<\/li>\n<li>Pour vous permettre de participer aux fonctionnalit\u00e9s interactives de notre service lorsque vous le souhaitez<\/li>\n<li>Assurer le service client\u00e8le<\/li>\n<li>Fournir des analyses ou des informations pr\u00e9cieuses afin que nous puissions am\u00e9liorer le service<\/li>\n<li>Pour surveiller l&rsquo;utilisation du service<\/li>\n<li>D\u00e9tecter, pr\u00e9venir et r\u00e9soudre les probl\u00e8mes techniques<\/li>\n<\/ul>\n<h2>Transfert de donn\u00e9es<\/h2>\n<p>Vos informations, y compris vos donn\u00e9es personnelles, peuvent \u00eatre transf\u00e9r\u00e9es et conserv\u00e9es sur des ordinateurs situ\u00e9s en dehors de votre \u00e9tat, province, pays ou autre juridiction gouvernementale, tous lieux o\u00f9 les lois sur la protection des donn\u00e9es peuvent diff\u00e9rer de celles de votre juridiction.<\/p>\n<p>Si vous vous trouvez en dehors de Malte et choisissez de nous fournir des informations, veuillez noter que nous transf\u00e9rons les donn\u00e9es, y compris les donn\u00e9es \u00e0 caract\u00e8re personnel, \u00e0 Malte et que nous les traitons \u00e0 Malte.<\/p>\n<p>Votre consentement \u00e0 cette politique de confidentialit\u00e9, suivi de votre soumission de telles informations, repr\u00e9sente votre accord \u00e0 ce transfert.<\/p>\n<p>Digital Takeover, LTD prendra toutes les mesures raisonnablement n\u00e9cessaires pour garantir le traitement s\u00e9curis\u00e9 de vos donn\u00e9es conform\u00e9ment \u00e0 la pr\u00e9sente politique de confidentialit\u00e9 et aucun transfert de vos donn\u00e9es personnelles ne sera effectu\u00e9 vers une organisation ou un pays, \u00e0 moins que des contr\u00f4les ad\u00e9quats ne soient en place, notamment la s\u00e9curit\u00e9 de vos donn\u00e9es et autres informations personnelles.<\/p>\n<h2>Divulgation des donn\u00e9es<\/h2>\n<h3>Exigences l\u00e9gales<\/h3>\n<p>Digital Takeover, LTD peut divulguer vos donn\u00e9es personnelles de bonne foi quand il s&rsquo;av\u00e8re qu&rsquo;une telle action est n\u00e9cessaire pour:<\/p>\n<ul>\n<li>Se conformer \u00e0 une obligation l\u00e9gale<\/li>\n<li>Prot\u00e9ger et d\u00e9fendre les droits ou la propri\u00e9t\u00e9 de Digital Takeover, LTD<\/li>\n<li>Pr\u00e9venir ou enqu\u00eater sur d&rsquo;\u00e9ventuels actes r\u00e9pr\u00e9hensibles li\u00e9s au Service<\/li>\n<li>Prot\u00e9ger la s\u00e9curit\u00e9 personnelle des utilisateurs du service ou du public<\/li>\n<li>Prot\u00e9ger contre la responsabilit\u00e9 l\u00e9gale.<\/li>\n<\/ul>\n<h2>S\u00e9curit\u00e9 des donn\u00e9es<\/h2>\n<p>La s\u00e9curit\u00e9 de vos donn\u00e9es est importante pour nous mais rappelez-vous qu&rsquo;aucune m\u00e9thode de transmission sur Internet et qu&rsquo;aucune m\u00e9thode de stockage \u00e9lectronique ne sont s\u00e9curis\u00e9es \u00e0 100%. Bien que nous nous efforcions d&rsquo;utiliser des moyens commercialement acceptables pour prot\u00e9ger vos donn\u00e9es personnelles, nous ne pouvons pas garantir leur s\u00e9curit\u00e9 absolue.<br \/>\nLes fournisseurs de services<br \/>\nNous pouvons faire appel \u00e0 des soci\u00e9t\u00e9s tierces et \u00e0 des particuliers (appel\u00e9s \u00ab fournisseurs de service s\u00bb) pour faciliter notre service, fournir le service en notre nom, fournir des services li\u00e9s au service ou nous aider \u00e0 analyser l&rsquo;utilisation de notre service.<\/p>\n<p>Ces tiers n&rsquo;ont acc\u00e8s \u00e0 vos donn\u00e9es personnelles que pour effectuer ces t\u00e2ches pour notre compte et sont tenus de ne pas les divulguer ni les utiliser \u00e0 d&rsquo;autres fins.<\/p>\n<h3>Analytique<\/h3>\n<p>Nous pouvons utiliser des fournisseurs de service tiers pour surveiller et analyser l&rsquo;utilisation de notre service.<\/p>\n<ul>\n<li><strong>Google Analytics<\/strong><\/li>\n<\/ul>\n<p>Google Analytics est un service d&rsquo;analyse Web propos\u00e9 par Google qui permet de suivre et de signaler le trafic sur un site Web. Google utilise les donn\u00e9es collect\u00e9es pour suivre et contr\u00f4ler l&rsquo;utilisation de notre service. Ces donn\u00e9es sont partag\u00e9es avec d&rsquo;autres services Google. Google peut utiliser les donn\u00e9es collect\u00e9es pour contextualiser et personnaliser les annonces de son propre r\u00e9seau de publicit\u00e9.<\/p>\n<p>Vous pouvez choisir de ne pas avoir de suivi de votre activit\u00e9 sur le service disponible pour Google Analytics en installant le module compl\u00e9mentaire de navigateur pour la d\u00e9sactivation de Google Analytics. Le module compl\u00e9mentaire emp\u00eache le code JavaScript de Google Analytics (ga.js, analytics.js et dc.js) de partager des informations avec Google Analytics sur l&rsquo;activit\u00e9 des visites.<\/p>\n<p>Pour plus d&rsquo;informations sur les pratiques de Google en mati\u00e8re de confidentialit\u00e9, consultez la page Web Google Privacy &amp; Terms: <a href=\"https:\/\/policies.google.com\/privacy?hl=fr.\">https:\/\/policies.google.com\/privacy?hl=fr.<\/a><\/p>\n<h2>Liens vers d&rsquo;autres sites<\/h2>\n<p>Notre service peut contenir des liens vers d&rsquo;autres sites que nous n&rsquo;exploitons pas. Si vous cliquez sur un lien tiers, vous serez dirig\u00e9 vers le site de ce tiers. Nous vous conseillons vivement de consulter la politique de confidentialit\u00e9 de chaque site que vous visitez.<\/p>\n<p>Nous n&rsquo;avons aucun contr\u00f4le sur le contenu, les politiques de confidentialit\u00e9 ou les pratiques des sites ou services tiers et nous n&rsquo;assumons aucune responsabilit\u00e9 les concernant.<\/p>\n<h2>Vie priv\u00e9e des enfants<\/h2>\n<p>Notre service ne s&rsquo;adresse pas aux personnes de moins de 18 ans (\u00ab enfants \u00bb).<\/p>\n<p>Nous ne recueillons pas sciemment de donn\u00e9es personnellement identifiables aupr\u00e8s de personnes de moins de 18 ans. Si vous \u00eates un parent ou un tuteur et que vous savez que vos enfants nous ont fourni des donn\u00e9es personnelles, veuillez nous contacter. Si nous nous rendons compte que nous avons collect\u00e9 des donn\u00e9es personnelles d&rsquo;enfants sans v\u00e9rification du consentement parental, nous prenons des mesures pour supprimer ces informations de nos serveurs.<\/p>\n<p>Changements apport\u00e9s \u00e0 cette politique de confidentialit\u00e9<br \/>\nNous pouvons mettre \u00e0 jour notre politique de confidentialit\u00e9 de temps \u00e0 autre. Nous vous informerons de tout changement en publiant la nouvelle politique de confidentialit\u00e9 sur cette page.<\/p>\n<p>Nous vous informerons par e-mail et \/ ou par un avis visible sur notre service avant l&rsquo;entr\u00e9e en vigueur du changement et nous mettrons \u00e0 jour la \u00ab date d&rsquo;entr\u00e9e en vigueur \u00bb en haut de la pr\u00e9sente politique de confidentialit\u00e9.<\/p>\n<p>Nous vous conseillons de consulter p\u00e9riodiquement cette politique de confidentialit\u00e9 pour vous tenir au courant de tout changement. Les modifications apport\u00e9es \u00e0 cette politique de confidentialit\u00e9 entrent en vigueur lorsqu&rsquo;elles sont publi\u00e9es sur cette page.<\/p>\n<h2>Contactez nous<\/h2>\n<p>Si vous avez des questions sur cette politique de confidentialit\u00e9, veuillez nous contacter :<\/p>\n<ul>\n<li>Par email: hi@digitaltakeover.org<\/li>\n<\/ul>\n","protected":false},"excerpt":{"rendered":"<p>Date d&rsquo;entr\u00e9e en vigueur: 16 octobre 2018 Digital Takeover, LTD exploite le site Web http:\/\/loanstar.com (le \u00abService\u00bb). Cette page vous&#8230;<\/p>\n","protected":false},"author":1,"featured_media":0,"parent":0,"menu_order":0,"comment_status":"closed","ping_status":"closed","template":"templates\/terms-of-use.php","meta":{"footnotes":""},"yoast_head":"<!-- This site is optimized with the Yoast SEO plugin v21.0 - https:\/\/yoast.com\/wordpress\/plugins\/seo\/ -->\n<title>Mentions l\u00e9gales - LoanStar France<\/title>\n<meta name=\"robots\" content=\"index, follow, max-snippet:-1, max-image-preview:large, max-video-preview:-1\" \/>\n<link rel=\"canonical\" href=\"https:\/\/loanstar.com\/fr\/mentions-legales\/\" \/>\n<meta property=\"og:locale\" content=\"fr_FR\" \/>\n<meta property=\"og:type\" content=\"article\" \/>\n<meta property=\"og:title\" content=\"Mentions l\u00e9gales - LoanStar France\" \/>\n<meta property=\"og:description\" content=\"Date d&rsquo;entr\u00e9e en vigueur: 16 octobre 2018 Digital Takeover, LTD exploite le site Web http:\/\/loanstar.com (le \u00abService\u00bb). Cette page vous...\" \/>\n<meta property=\"og:url\" content=\"https:\/\/loanstar.com\/fr\/mentions-legales\/\" \/>\n<meta property=\"og:site_name\" content=\"LoanStar France\" \/>\n<meta property=\"article:modified_time\" content=\"2019-06-01T11:45:27+00:00\" \/>\n<meta name=\"twitter:card\" content=\"summary_large_image\" \/>\n<meta name=\"twitter:label1\" content=\"Dur\u00e9e de lecture estim\u00e9e\" \/>\n\t<meta name=\"twitter:data1\" content=\"7 minutes\" \/>\n<script type=\"application\/ld+json\" class=\"yoast-schema-graph\">{\"@context\":\"https:\/\/schema.org\",\"@graph\":[{\"@type\":\"WebPage\",\"@id\":\"https:\/\/loanstar.com\/fr\/mentions-legales\/\",\"url\":\"https:\/\/loanstar.com\/fr\/mentions-legales\/\",\"name\":\"Mentions l\u00e9gales - LoanStar France\",\"isPartOf\":{\"@id\":\"https:\/\/loanstar.com\/fr\/#website\"},\"datePublished\":\"2018-10-24T18:34:13+00:00\",\"dateModified\":\"2019-06-01T11:45:27+00:00\",\"breadcrumb\":{\"@id\":\"https:\/\/loanstar.com\/fr\/mentions-legales\/#breadcrumb\"},\"inLanguage\":\"fr-FR\",\"potentialAction\":[{\"@type\":\"ReadAction\",\"target\":[\"https:\/\/loanstar.com\/fr\/mentions-legales\/\"]}]},{\"@type\":\"BreadcrumbList\",\"@id\":\"https:\/\/loanstar.com\/fr\/mentions-legales\/#breadcrumb\",\"itemListElement\":[{\"@type\":\"ListItem\",\"position\":1,\"name\":\"France\",\"item\":\"https:\/\/loanstar.com\/fr\/\"},{\"@type\":\"ListItem\",\"position\":2,\"name\":\"Mentions l\u00e9gales\"}]},{\"@type\":\"WebSite\",\"@id\":\"https:\/\/loanstar.com\/fr\/#website\",\"url\":\"https:\/\/loanstar.com\/fr\/\",\"name\":\"LoanStar France\",\"description\":\"Comparer les pr\u00eats\",\"potentialAction\":[{\"@type\":\"SearchAction\",\"target\":{\"@type\":\"EntryPoint\",\"urlTemplate\":\"https:\/\/loanstar.com\/fr\/?s={search_term_string}\"},\"query-input\":\"required name=search_term_string\"}],\"inLanguage\":\"fr-FR\"}]}<\/script>\n<!-- \/ Yoast SEO plugin. -->","yoast_head_json":{"title":"Mentions l\u00e9gales - LoanStar France","robots":{"index":"index","follow":"follow","max-snippet":"max-snippet:-1","max-image-preview":"max-image-preview:large","max-video-preview":"max-video-preview:-1"},"canonical":"https:\/\/loanstar.com\/fr\/mentions-legales\/","og_locale":"fr_FR","og_type":"article","og_title":"Mentions l\u00e9gales - LoanStar France","og_description":"Date d&rsquo;entr\u00e9e en vigueur: 16 octobre 2018 Digital Takeover, LTD exploite le site Web http:\/\/loanstar.com (le \u00abService\u00bb). Cette page vous...","og_url":"https:\/\/loanstar.com\/fr\/mentions-legales\/","og_site_name":"LoanStar France","article_modified_time":"2019-06-01T11:45:27+00:00","twitter_card":"summary_large_image","twitter_misc":{"Dur\u00e9e de lecture estim\u00e9e":"7 minutes"},"schema":{"@context":"https:\/\/schema.org","@graph":[{"@type":"WebPage","@id":"https:\/\/loanstar.com\/fr\/mentions-legales\/","url":"https:\/\/loanstar.com\/fr\/mentions-legales\/","name":"Mentions l\u00e9gales - LoanStar France","isPartOf":{"@id":"https:\/\/loanstar.com\/fr\/#website"},"datePublished":"2018-10-24T18:34:13+00:00","dateModified":"2019-06-01T11:45:27+00:00","breadcrumb":{"@id":"https:\/\/loanstar.com\/fr\/mentions-legales\/#breadcrumb"},"inLanguage":"fr-FR","potentialAction":[{"@type":"ReadAction","target":["https:\/\/loanstar.com\/fr\/mentions-legales\/"]}]},{"@type":"BreadcrumbList","@id":"https:\/\/loanstar.com\/fr\/mentions-legales\/#breadcrumb","itemListElement":[{"@type":"ListItem","position":1,"name":"France","item":"https:\/\/loanstar.com\/fr\/"},{"@type":"ListItem","position":2,"name":"Mentions l\u00e9gales"}]},{"@type":"WebSite","@id":"https:\/\/loanstar.com\/fr\/#website","url":"https:\/\/loanstar.com\/fr\/","name":"LoanStar France","description":"Comparer les pr\u00eats","potentialAction":[{"@type":"SearchAction","target":{"@type":"EntryPoint","urlTemplate":"https:\/\/loanstar.com\/fr\/?s={search_term_string}"},"query-input":"required name=search_term_string"}],"inLanguage":"fr-FR"}]}},"_links":{"self":[{"href":"https:\/\/loanstar.com\/fr\/wp-json\/wp\/v2\/pages\/178"}],"collection":[{"href":"https:\/\/loanstar.com\/fr\/wp-json\/wp\/v2\/pages"}],"about":[{"href":"https:\/\/loanstar.com\/fr\/wp-json\/wp\/v2\/types\/page"}],"author":[{"embeddable":true,"href":"https:\/\/loanstar.com\/fr\/wp-json\/wp\/v2\/users\/1"}],"replies":[{"embeddable":true,"href":"https:\/\/loanstar.com\/fr\/wp-json\/wp\/v2\/comments?post=178"}],"version-history":[{"count":1,"href":"https:\/\/loanstar.com\/fr\/wp-json\/wp\/v2\/pages\/178\/revisions"}],"predecessor-version":[{"id":242,"href":"https:\/\/loanstar.com\/fr\/wp-json\/wp\/v2\/pages\/178\/revisions\/242"}],"wp:attachment":[{"href":"https:\/\/loanstar.com\/fr\/wp-json\/wp\/v2\/media?parent=178"}],"curies":[{"name":"wp","href":"https:\/\/api.w.org\/{rel}","templated":true}]}}