{"id":17,"date":"2018-10-02T09:40:38","date_gmt":"2018-10-02T09:40:38","guid":{"rendered":"http:\/\/loanstar.com\/fr\/?page_id=17"},"modified":"2019-05-31T09:49:04","modified_gmt":"2019-05-31T07:49:04","slug":"a-propos","status":"publish","type":"page","link":"https:\/\/loanstar.com\/fr\/a-propos\/","title":{"rendered":"\u00c0 propos de Loanstar"},"content":{"rendered":"<p>D\u00e9couvrez nos solutions sur mesure, elles vous aideront \u00e0 trouver les meilleures offres de pr\u00eats.<\/p>\n<h2>LoanStar.com<\/h2>\n<p>LoanStar est le site \u00e0 consulter afin d\u2019obtenir toutes les informations n\u00e9cessaires et relatives aux meilleurs produits de pr\u00eats du march\u00e9.<br \/>\nQue vous recherchiez un cr\u00e9dit voiture, un cr\u00e9dit commercial, un cr\u00e9dit \u00e0 la consommation ou un pr\u00eat personnel, nous avons la solution.<\/p>\n<p>Nos \u00e9valuations concernent tous les types de soci\u00e9t\u00e9s,\u00a0 petites ou grandes, et des comparaisons en temps r\u00e9el sont disponibles en cliquant sur le bouton. Cela ne prend que quelques secondes et vous pourrez choisir parmi une grande vari\u00e9t\u00e9 de produits de pr\u00eats.<\/p>\n<h2>La diff\u00e9rence LoanStar<\/h2>\n<p>Chez LoanStar, vous aider \u00e0 trouver les meilleures offres en mati\u00e8re de produits de pr\u00eats, telle est notre principale mission. Nous avons pour ambition de r\u00e9pondre \u00e0 vos besoins en vous offrant :<br \/>\n\t<div class=\"list-ticks-secondary\">\r\n\t\t<ul>\n<li><strong>Un service rapide<\/strong>. Vous obtiendrez des options de pr\u00eats \u00e0 port\u00e9e de clics et en quelques secondes. Et plus rapidement encore, en ajoutant des filtres \u00e0 votre recherche.<\/li>\n<li><strong>Les \u00e9valuations sont faciles \u00e0 consulter :<\/strong> vous n\u2019aurez pas \u00e0 passer au crible une tonne d\u2019informations avant d\u2019atteindre votre objectif. Nos informations sont pr\u00e9sent\u00e9es de mani\u00e8re \u00e0 ce qu\u2019elles soient faciles \u00e0 consulter et \u00e0 analyser afin de vous permettre de prendre une d\u00e9cision objective.<\/li>\n<li><strong>Comparaisons impartiales et approfondies :<\/strong> Contrairement \u00e0 nos concurrents, nous utilisons des avis d\u2019utilisateurs ind\u00e9pendants afin d\u2019\u00e9valuer et comparer la liste des options r\u00e9pertori\u00e9es. Nous ne demandons aucune contrepartie pour nos recommandations adress\u00e9es \u00e0 nos lecteurs.<\/li>\n<li><strong>Facilit\u00e9 de compr\u00e9hension :<\/strong> Nous sommes plus qu\u2019un simple site comparateur de pr\u00eats. Nous souhaitons am\u00e9liorer vos connaissances sur les tenants et les aboutissants des produits de pr\u00eats afin de vous aider \u00e0 atteindre vos objectifs en toute confiance.<\/li>\n<\/ul>\n\t<\/div><!-- \/.list-ticks -->\r\n\t\nEn bref, si vous aviez peu d\u2019espoir d\u2019obtenir un pr\u00eat, notre site vous d\u00e9montre que vous \u00eates au bon endroit pour y parvenir.<\/p>\n<p>Nous sommes impatients de vous proposer des solutions sur mesure et de vous accompagner dans vos projets pour les ann\u00e9es \u00e0 venir.<\/p>\n","protected":false},"excerpt":{"rendered":"<p>D\u00e9couvrez nos solutions sur mesure, elles vous aideront \u00e0 trouver les meilleures offres de pr\u00eats. LoanStar.com LoanStar est le site&#8230;<\/p>\n","protected":false},"author":1,"featured_media":0,"parent":0,"menu_order":0,"comment_status":"closed","ping_status":"closed","template":"templates\/about-us.php","meta":{"footnotes":""},"yoast_head":"<!-- This site is optimized with the Yoast SEO plugin v21.0 - https:\/\/yoast.com\/wordpress\/plugins\/seo\/ -->\n<title>\u00c0 propos de Loanstar - LoanStar France<\/title>\n<meta name=\"robots\" content=\"index, follow, max-snippet:-1, max-image-preview:large, max-video-preview:-1\" \/>\n<link rel=\"canonical\" href=\"https:\/\/loanstar.com\/fr\/a-propos\/\" \/>\n<meta property=\"og:locale\" content=\"fr_FR\" \/>\n<meta property=\"og:type\" content=\"article\" \/>\n<meta property=\"og:title\" content=\"\u00c0 propos de Loanstar - LoanStar France\" \/>\n<meta property=\"og:description\" content=\"D\u00e9couvrez nos solutions sur mesure, elles vous aideront \u00e0 trouver les meilleures offres de pr\u00eats. LoanStar.com LoanStar est le site...\" \/>\n<meta property=\"og:url\" content=\"https:\/\/loanstar.com\/fr\/a-propos\/\" \/>\n<meta property=\"og:site_name\" content=\"LoanStar France\" \/>\n<meta property=\"article:modified_time\" content=\"2019-05-31T07:49:04+00:00\" \/>\n<meta name=\"twitter:card\" content=\"summary_large_image\" \/>\n<meta name=\"twitter:label1\" content=\"Dur\u00e9e de lecture estim\u00e9e\" \/>\n\t<meta name=\"twitter:data1\" content=\"2 minutes\" \/>\n<script type=\"application\/ld+json\" class=\"yoast-schema-graph\">{\"@context\":\"https:\/\/schema.org\",\"@graph\":[{\"@type\":\"WebPage\",\"@id\":\"https:\/\/loanstar.com\/fr\/a-propos\/\",\"url\":\"https:\/\/loanstar.com\/fr\/a-propos\/\",\"name\":\"\u00c0 propos de Loanstar - LoanStar France\",\"isPartOf\":{\"@id\":\"https:\/\/loanstar.com\/fr\/#website\"},\"datePublished\":\"2018-10-02T09:40:38+00:00\",\"dateModified\":\"2019-05-31T07:49:04+00:00\",\"breadcrumb\":{\"@id\":\"https:\/\/loanstar.com\/fr\/a-propos\/#breadcrumb\"},\"inLanguage\":\"fr-FR\",\"potentialAction\":[{\"@type\":\"ReadAction\",\"target\":[\"https:\/\/loanstar.com\/fr\/a-propos\/\"]}]},{\"@type\":\"BreadcrumbList\",\"@id\":\"https:\/\/loanstar.com\/fr\/a-propos\/#breadcrumb\",\"itemListElement\":[{\"@type\":\"ListItem\",\"position\":1,\"name\":\"France\",\"item\":\"https:\/\/loanstar.com\/fr\/\"},{\"@type\":\"ListItem\",\"position\":2,\"name\":\"\u00c0 propos de Loanstar\"}]},{\"@type\":\"WebSite\",\"@id\":\"https:\/\/loanstar.com\/fr\/#website\",\"url\":\"https:\/\/loanstar.com\/fr\/\",\"name\":\"LoanStar France\",\"description\":\"Comparer les pr\u00eats\",\"potentialAction\":[{\"@type\":\"SearchAction\",\"target\":{\"@type\":\"EntryPoint\",\"urlTemplate\":\"https:\/\/loanstar.com\/fr\/?s={search_term_string}\"},\"query-input\":\"required name=search_term_string\"}],\"inLanguage\":\"fr-FR\"}]}<\/script>\n<!-- \/ Yoast SEO plugin. -->","yoast_head_json":{"title":"\u00c0 propos de Loanstar - LoanStar France","robots":{"index":"index","follow":"follow","max-snippet":"max-snippet:-1","max-image-preview":"max-image-preview:large","max-video-preview":"max-video-preview:-1"},"canonical":"https:\/\/loanstar.com\/fr\/a-propos\/","og_locale":"fr_FR","og_type":"article","og_title":"\u00c0 propos de Loanstar - LoanStar France","og_description":"D\u00e9couvrez nos solutions sur mesure, elles vous aideront \u00e0 trouver les meilleures offres de pr\u00eats. LoanStar.com LoanStar est le site...","og_url":"https:\/\/loanstar.com\/fr\/a-propos\/","og_site_name":"LoanStar France","article_modified_time":"2019-05-31T07:49:04+00:00","twitter_card":"summary_large_image","twitter_misc":{"Dur\u00e9e de lecture estim\u00e9e":"2 minutes"},"schema":{"@context":"https:\/\/schema.org","@graph":[{"@type":"WebPage","@id":"https:\/\/loanstar.com\/fr\/a-propos\/","url":"https:\/\/loanstar.com\/fr\/a-propos\/","name":"\u00c0 propos de Loanstar - LoanStar France","isPartOf":{"@id":"https:\/\/loanstar.com\/fr\/#website"},"datePublished":"2018-10-02T09:40:38+00:00","dateModified":"2019-05-31T07:49:04+00:00","breadcrumb":{"@id":"https:\/\/loanstar.com\/fr\/a-propos\/#breadcrumb"},"inLanguage":"fr-FR","potentialAction":[{"@type":"ReadAction","target":["https:\/\/loanstar.com\/fr\/a-propos\/"]}]},{"@type":"BreadcrumbList","@id":"https:\/\/loanstar.com\/fr\/a-propos\/#breadcrumb","itemListElement":[{"@type":"ListItem","position":1,"name":"France","item":"https:\/\/loanstar.com\/fr\/"},{"@type":"ListItem","position":2,"name":"\u00c0 propos de Loanstar"}]},{"@type":"WebSite","@id":"https:\/\/loanstar.com\/fr\/#website","url":"https:\/\/loanstar.com\/fr\/","name":"LoanStar France","description":"Comparer les pr\u00eats","potentialAction":[{"@type":"SearchAction","target":{"@type":"EntryPoint","urlTemplate":"https:\/\/loanstar.com\/fr\/?s={search_term_string}"},"query-input":"required name=search_term_string"}],"inLanguage":"fr-FR"}]}},"_links":{"self":[{"href":"https:\/\/loanstar.com\/fr\/wp-json\/wp\/v2\/pages\/17"}],"collection":[{"href":"https:\/\/loanstar.com\/fr\/wp-json\/wp\/v2\/pages"}],"about":[{"href":"https:\/\/loanstar.com\/fr\/wp-json\/wp\/v2\/types\/page"}],"author":[{"embeddable":true,"href":"https:\/\/loanstar.com\/fr\/wp-json\/wp\/v2\/users\/1"}],"replies":[{"embeddable":true,"href":"https:\/\/loanstar.com\/fr\/wp-json\/wp\/v2\/comments?post=17"}],"version-history":[{"count":2,"href":"https:\/\/loanstar.com\/fr\/wp-json\/wp\/v2\/pages\/17\/revisions"}],"predecessor-version":[{"id":231,"href":"https:\/\/loanstar.com\/fr\/wp-json\/wp\/v2\/pages\/17\/revisions\/231"}],"wp:attachment":[{"href":"https:\/\/loanstar.com\/fr\/wp-json\/wp\/v2\/media?parent=17"}],"curies":[{"name":"wp","href":"https:\/\/api.w.org\/{rel}","templated":true}]}}