{"id":157,"date":"2018-10-05T19:20:19","date_gmt":"2018-10-05T19:20:19","guid":{"rendered":"http:\/\/loanstar.com\/fr\/?page_id=157"},"modified":"2019-06-25T13:41:54","modified_gmt":"2019-06-25T11:41:54","slug":"credit-rapide-24h-ca-existe","status":"publish","type":"page","link":"https:\/\/loanstar.com\/fr\/credit-en-ligne\/credit-rapide-24h-ca-existe\/","title":{"rendered":"Cr\u00e9dit rapide 24h"},"content":{"rendered":"<h2>Comment obtenir un cr\u00e9dit rapide 24h ?<\/h2>\n<p>R\u00e9paration impr\u00e9vue, voiture qui tombe en panne, r\u00e9frig\u00e9rateur qui l\u00e2che, nous devons tous faire face \u00e0 des d\u00e9penses inattendues. Si vous \u00eates sur cette page, vous vous trouvez sans doute dans cette situation. Heureusement de nombreux organismes financiers permettent d&rsquo;obtenir un cr\u00e9dit rapide 24h et demandent souvent beaucoup moins de paperasses qu&rsquo;une banque. Attention toutefois \u00e0 ne pas communiquer vos informations bancaires sur n&rsquo;importe quel site car ces organismes ne fournissent pas non plus les m\u00eames garanties qu&rsquo;une banque.<\/p>\n<h2>Quelles sont les options pour obtenir un cr\u00e9dit rapide 24h ?<\/h2>\n<h3>Demander \u00e0 sa banque<\/h3>\n<p>Votre premi\u00e8re option pour obtenir de l\u2019argent rapidement est de vous renseigner aupr\u00e8s de votre banque sur son offre de cr\u00e9dit rapide 24h. En effet, la banque poss\u00e8de d\u00e9j\u00e0 le d\u00e9tail de vos informations bancaires, justificatifs et revenus, ce qui acc\u00e9l\u00e8re les d\u00e9marches. Vous pouvez ainsi obtenir une autorisation de d\u00e9couvert dont les int\u00e9r\u00eats sont souvent plus avantageux que ceux d&rsquo;un pr\u00eat \u00e0 la consommation.<\/p>\n<h3>R\u00e9activer un cr\u00e9dit renouvelable<\/h3>\n<p>Un <a href=\"http:\/\/loanstar.com\/fr\/credit-en-ligne\/renouvelable\/\" target=\"_blank\" rel=\"noopener noreferrer\">cr\u00e9dit renouvelable<\/a> est un contrat aupr\u00e8s d\u2019un \u00e9tablissement financier permettant d\u2019emprunter r\u00e9guli\u00e8rement des sommes dans le cadre d\u2019un montant \u00e9tabli par ce contrat. Une fois tous vos justificatifs envoy\u00e9s et votre demande accept\u00e9e, vous recevrez l\u2019argent sur votre compte sous 24h, principalement quand vous souhaitez emprunter \u00e0 nouveau.<\/p>\n<h3>Demander un nouveau cr\u00e9dit rapide 24h<\/h3>\n<p>Si vous trouvez les d\u00e9lais impos\u00e9s par votre banque trop longs et que vous n\u2019avez pas de cr\u00e9dit renouvelable actif, vous pouvez faire une demande de cr\u00e9dit en ligne. Les conditions \u00e0 remplir pour avoir un cr\u00e9dit rapide 24h sont :<\/p>\n<ul>\n<li>Avoir plus de 21 ans \u00e0 la date de la demande<\/li>\n<li>\u00catre domicili\u00e9 en France<\/li>\n<li>Avoir des revenus fixes<\/li>\n<\/ul>\n<h2>Le cr\u00e9dit rapide 24h est-il fait pour moi ?<\/h2>\n<p>Tous les pr\u00eats n&rsquo;offrent pas les m\u00eame conditions de remboursement. Les cr\u00e9dits rapides, bien qu\u2019utiles en cas d\u2019urgence, n\u2019ont pas toujours les crit\u00e8res les plus avantageux. De plus, en France, un cr\u00e9dit ne peut \u00eatre vers\u00e9 sous 24h que s\u2019il est inf\u00e9rieur \u00e0 200 \u20ac. Avant toute demande de cr\u00e9dit rapide 24h, posez-vous quelques questions :<\/p>\n<ul>\n<li>Ai-je r\u00e9ellement besoin de cet argent imm\u00e9diatement ?<\/li>\n<li>Puis-je emprunter ou demander un d\u00e9couvert \u00e0 moindre co\u00fbt aupr\u00e8s de ma banque ?<\/li>\n<li>Dans le cas d\u2019un achat, puis-je acheter \u00e0 cr\u00e9dit aupr\u00e8s d\u2019un magasin et rembourser sur plusieurs mois ?<\/li>\n<li>Ai-je la capacit\u00e9 de rembourser la somme emprunt\u00e9e ainsi que les int\u00e9r\u00eats dans le temps imparti ?<\/li>\n<\/ul>\n<p>Les cr\u00e9dits \u00e0 la consommation pour financer vos projets sont remboursables sur des p\u00e9riodes nettement plus longues, allant d\u20191 \u00e0 10 ans. Les taux d\u2019int\u00e9r\u00eats sont plus bas. Si votre besoin de tr\u00e9sorerie peut attendre une semaine ou deux, c\u2019est une alternative plus avantageuse. A l\u2019inverse, si votre demande est urgente, les avantages d\u2019un cr\u00e9dit rapide sont :<\/p>\n<ul>\n<li>Demande en ligne, 7 jours sur 7, 24h sur 24h<\/li>\n<li>Pas besoin de se d\u00e9placer<\/li>\n<li>Frais de dossiers peu \u00e9lev\u00e9s<\/li>\n<li>Peu de justificatifs \u00e0 fournir<\/li>\n<\/ul>\n<h3>Quel taux d\u2019int\u00e9r\u00eat pour un cr\u00e9dit rapide 24h ?<\/h3>\n<p>Les cr\u00e9dits rapides ont des taux d\u2019int\u00e9r\u00eats moins int\u00e9ressants que les cr\u00e9dits \u00e0 la consommation sur le long terme. Si vous avez besoin d&#8217;emprunter pour un projet particulier, pensez \u00e0 v\u00e9rifier s\u2019il n\u2019existe pas des cr\u00e9dits plus int\u00e9ressants. Par exemple, de nombreuses banques offrent des pr\u00eats \u00e0 taux z\u00e9ro aux jeunes et aux \u00e9tudiants pour financer leur permis de conduire.<\/p>\n<p>Les cr\u00e9dits rapides sont toujours \u00e0 taux fixe. Le taux \u00e0 comparer entre les diff\u00e9rents organismes est donc le TAEG (ce qui signifie <a href=\"https:\/\/www.service-public.fr\/particuliers\/vosdroits\/F2456\" target=\"_blank\" rel=\"noopener noreferrer\">Taux Annuel Effectif Global<\/a>). Celui-ci comprend :<\/p>\n<ul>\n<li>le taux d&rsquo;int\u00e9r\u00eat du pr\u00eat<\/li>\n<li>les frais de dossier<\/li>\n<li>les frais d\u2019assurance et de garantie<\/li>\n<\/ul>\n<p>Il correspond \u00e0 un taux annuel fixe, divis\u00e9 par le nombre de jours de la dur\u00e9e de l\u2019emprunt.<\/p>\n<p>Le taux d\u2019un cr\u00e9dit rapide se situe g\u00e9n\u00e9ralement entre 15% et 30%. Pour un petit emprunt de 100 \u20ac \u00e0 un taux de 18% rembours\u00e9 au bout de 30 jours, les int\u00e9r\u00eats seront donc tr\u00e8s faibles, de seulement 1,50 \u20ac. Pour mieux comprendre, le calcul est le suivant :<br \/>\n18% TAEG de 100 \u20ac = 18 \u20ac d\u2019int\u00e9r\u00eats au bout d\u2019un an<br \/>\n18 \u20ac \u00f7 12 mois = 1,50 \u20ac<br \/>\nLa somme totale \u00e0 rembourser au bout de 30 jours sera donc de 101,50 \u20ac<\/p>\n<h3>Quand rembourser le cr\u00e9dit rapide 24h ?<\/h3>\n<p>Vous devrez rembourser votre cr\u00e9dit rapide 24h sous 7 \u00e0 90 jours selon la somme emprunt\u00e9e. Si vous ne remboursez pas votre cr\u00e9dit \u00e0 temps, vous risquez d\u2019\u00eatre p\u00e9nalis\u00e9 par des int\u00e9r\u00eats et des frais suppl\u00e9mentaires et il est peu probable que l\u2019organisme accepte de vous pr\u00eater \u00e0 nouveau de l\u2019argent dans le futur.<\/p>\n<p>\u00c0 l\u2019inverse, vous pouvez tout \u00e0 fait rembourser votre cr\u00e9dit de fa\u00e7on anticip\u00e9e. Cela peut vous faire \u00e9conomiser des frais et prouve \u00e0 l\u2019organisme de cr\u00e9dit que vous \u00eates solvable et s\u00e9rieux. C\u2019est important, cela vous permettra d\u2019emprunter plus facilement par la suite car l\u2019organisme sera plus enclin \u00e0 vous faire confiance.<\/p>\n<h3>Comment rembourser le cr\u00e9dit rapide 24h ?<\/h3>\n<p>Plusieurs solutions s\u2019offrent \u00e0 vous pour rembourser votre pr\u00eat :<\/p>\n<ul>\n<li>Le virement bancaire. Si votre demande de pr\u00eat est accept\u00e9e, l\u2019organisme de cr\u00e9dit vous enverra un contrat qui contiendra entre autres choses le num\u00e9ro de compte vers lequel faire le virement.<\/li>\n<li>Le paiement par carte. Vous pouvez rembourser votre pr\u00eat rapide 24h directement sur le site du pr\u00eateur, comme si vous effectuiez un paiement en ligne.<\/li>\n<\/ul>\n","protected":false},"excerpt":{"rendered":"<p>Comment obtenir un cr\u00e9dit rapide 24h ? R\u00e9paration impr\u00e9vue, voiture qui tombe en panne, r\u00e9frig\u00e9rateur qui l\u00e2che, nous devons tous&#8230;<\/p>\n","protected":false},"author":1,"featured_media":261,"parent":128,"menu_order":0,"comment_status":"closed","ping_status":"closed","template":"templates\/calculator-follow-up.php","meta":{"footnotes":""},"yoast_head":"<!-- This site is optimized with the Yoast SEO plugin v21.0 - https:\/\/yoast.com\/wordpress\/plugins\/seo\/ -->\n<title>Cr\u00e9dit rapide 24h, \u00e7a existe\u00a0! La solution aux d\u00e9penses impr\u00e9vues.<\/title>\n<meta name=\"description\" content=\"Le cr\u00e9dit rapide 24h peut \u00eatre la solution que vous recherchez face \u00e0 une d\u00e9pense impr\u00e9vue et urgente. Avantages, inconv\u00e9nient et co\u00fbt de la formule.\" \/>\n<meta name=\"robots\" content=\"index, follow, max-snippet:-1, max-image-preview:large, max-video-preview:-1\" \/>\n<link rel=\"canonical\" href=\"https:\/\/loanstar.com\/fr\/credit-en-ligne\/credit-rapide-24h-ca-existe\/\" \/>\n<meta property=\"og:locale\" content=\"fr_FR\" \/>\n<meta property=\"og:type\" content=\"article\" \/>\n<meta property=\"og:title\" content=\"Cr\u00e9dit rapide 24h, \u00e7a existe\u00a0! La solution aux d\u00e9penses impr\u00e9vues.\" \/>\n<meta property=\"og:description\" content=\"Le cr\u00e9dit rapide 24h peut \u00eatre la solution que vous recherchez face \u00e0 une d\u00e9pense impr\u00e9vue et urgente. Avantages, inconv\u00e9nient et co\u00fbt de la formule.\" \/>\n<meta property=\"og:url\" content=\"https:\/\/loanstar.com\/fr\/credit-en-ligne\/credit-rapide-24h-ca-existe\/\" \/>\n<meta property=\"og:site_name\" content=\"LoanStar France\" \/>\n<meta property=\"article:modified_time\" content=\"2019-06-25T11:41:54+00:00\" \/>\n<meta property=\"og:image\" content=\"https:\/\/loanstar.com\/fr\/wp-content\/uploads\/sites\/15\/2019\/06\/shutterstock_1254063661-Converti-1.png\" \/>\n\t<meta property=\"og:image:width\" content=\"337\" \/>\n\t<meta property=\"og:image:height\" content=\"335\" \/>\n\t<meta property=\"og:image:type\" content=\"image\/png\" \/>\n<meta name=\"twitter:card\" content=\"summary_large_image\" \/>\n<meta name=\"twitter:label1\" content=\"Dur\u00e9e de lecture estim\u00e9e\" \/>\n\t<meta name=\"twitter:data1\" content=\"5 minutes\" \/>\n<script type=\"application\/ld+json\" class=\"yoast-schema-graph\">{\"@context\":\"https:\/\/schema.org\",\"@graph\":[{\"@type\":\"WebPage\",\"@id\":\"https:\/\/loanstar.com\/fr\/credit-en-ligne\/credit-rapide-24h-ca-existe\/\",\"url\":\"https:\/\/loanstar.com\/fr\/credit-en-ligne\/credit-rapide-24h-ca-existe\/\",\"name\":\"Cr\u00e9dit rapide 24h, \u00e7a existe\u00a0! La solution aux d\u00e9penses impr\u00e9vues.\",\"isPartOf\":{\"@id\":\"https:\/\/loanstar.com\/fr\/#website\"},\"datePublished\":\"2018-10-05T19:20:19+00:00\",\"dateModified\":\"2019-06-25T11:41:54+00:00\",\"description\":\"Le cr\u00e9dit rapide 24h peut \u00eatre la solution que vous recherchez face \u00e0 une d\u00e9pense impr\u00e9vue et urgente. Avantages, inconv\u00e9nient et co\u00fbt de la formule.\",\"breadcrumb\":{\"@id\":\"https:\/\/loanstar.com\/fr\/credit-en-ligne\/credit-rapide-24h-ca-existe\/#breadcrumb\"},\"inLanguage\":\"fr-FR\",\"potentialAction\":[{\"@type\":\"ReadAction\",\"target\":[\"https:\/\/loanstar.com\/fr\/credit-en-ligne\/credit-rapide-24h-ca-existe\/\"]}]},{\"@type\":\"BreadcrumbList\",\"@id\":\"https:\/\/loanstar.com\/fr\/credit-en-ligne\/credit-rapide-24h-ca-existe\/#breadcrumb\",\"itemListElement\":[{\"@type\":\"ListItem\",\"position\":1,\"name\":\"France\",\"item\":\"https:\/\/loanstar.com\/fr\/\"},{\"@type\":\"ListItem\",\"position\":2,\"name\":\"Cr\u00e9dit en ligne\",\"item\":\"https:\/\/loanstar.com\/fr\/credit-en-ligne\/\"},{\"@type\":\"ListItem\",\"position\":3,\"name\":\"Cr\u00e9dit rapide 24h\"}]},{\"@type\":\"WebSite\",\"@id\":\"https:\/\/loanstar.com\/fr\/#website\",\"url\":\"https:\/\/loanstar.com\/fr\/\",\"name\":\"LoanStar France\",\"description\":\"Comparer les pr\u00eats\",\"potentialAction\":[{\"@type\":\"SearchAction\",\"target\":{\"@type\":\"EntryPoint\",\"urlTemplate\":\"https:\/\/loanstar.com\/fr\/?s={search_term_string}\"},\"query-input\":\"required name=search_term_string\"}],\"inLanguage\":\"fr-FR\"}]}<\/script>\n<!-- \/ Yoast SEO plugin. -->","yoast_head_json":{"title":"Cr\u00e9dit rapide 24h, \u00e7a existe\u00a0! La solution aux d\u00e9penses impr\u00e9vues.","description":"Le cr\u00e9dit rapide 24h peut \u00eatre la solution que vous recherchez face \u00e0 une d\u00e9pense impr\u00e9vue et urgente. Avantages, inconv\u00e9nient et co\u00fbt de la formule.","robots":{"index":"index","follow":"follow","max-snippet":"max-snippet:-1","max-image-preview":"max-image-preview:large","max-video-preview":"max-video-preview:-1"},"canonical":"https:\/\/loanstar.com\/fr\/credit-en-ligne\/credit-rapide-24h-ca-existe\/","og_locale":"fr_FR","og_type":"article","og_title":"Cr\u00e9dit rapide 24h, \u00e7a existe\u00a0! La solution aux d\u00e9penses impr\u00e9vues.","og_description":"Le cr\u00e9dit rapide 24h peut \u00eatre la solution que vous recherchez face \u00e0 une d\u00e9pense impr\u00e9vue et urgente. Avantages, inconv\u00e9nient et co\u00fbt de la formule.","og_url":"https:\/\/loanstar.com\/fr\/credit-en-ligne\/credit-rapide-24h-ca-existe\/","og_site_name":"LoanStar France","article_modified_time":"2019-06-25T11:41:54+00:00","og_image":[{"width":337,"height":335,"url":"https:\/\/loanstar.com\/fr\/wp-content\/uploads\/sites\/15\/2019\/06\/shutterstock_1254063661-Converti-1.png","type":"image\/png"}],"twitter_card":"summary_large_image","twitter_misc":{"Dur\u00e9e de lecture estim\u00e9e":"5 minutes"},"schema":{"@context":"https:\/\/schema.org","@graph":[{"@type":"WebPage","@id":"https:\/\/loanstar.com\/fr\/credit-en-ligne\/credit-rapide-24h-ca-existe\/","url":"https:\/\/loanstar.com\/fr\/credit-en-ligne\/credit-rapide-24h-ca-existe\/","name":"Cr\u00e9dit rapide 24h, \u00e7a existe\u00a0! La solution aux d\u00e9penses impr\u00e9vues.","isPartOf":{"@id":"https:\/\/loanstar.com\/fr\/#website"},"datePublished":"2018-10-05T19:20:19+00:00","dateModified":"2019-06-25T11:41:54+00:00","description":"Le cr\u00e9dit rapide 24h peut \u00eatre la solution que vous recherchez face \u00e0 une d\u00e9pense impr\u00e9vue et urgente. Avantages, inconv\u00e9nient et co\u00fbt de la formule.","breadcrumb":{"@id":"https:\/\/loanstar.com\/fr\/credit-en-ligne\/credit-rapide-24h-ca-existe\/#breadcrumb"},"inLanguage":"fr-FR","potentialAction":[{"@type":"ReadAction","target":["https:\/\/loanstar.com\/fr\/credit-en-ligne\/credit-rapide-24h-ca-existe\/"]}]},{"@type":"BreadcrumbList","@id":"https:\/\/loanstar.com\/fr\/credit-en-ligne\/credit-rapide-24h-ca-existe\/#breadcrumb","itemListElement":[{"@type":"ListItem","position":1,"name":"France","item":"https:\/\/loanstar.com\/fr\/"},{"@type":"ListItem","position":2,"name":"Cr\u00e9dit en ligne","item":"https:\/\/loanstar.com\/fr\/credit-en-ligne\/"},{"@type":"ListItem","position":3,"name":"Cr\u00e9dit rapide 24h"}]},{"@type":"WebSite","@id":"https:\/\/loanstar.com\/fr\/#website","url":"https:\/\/loanstar.com\/fr\/","name":"LoanStar France","description":"Comparer les pr\u00eats","potentialAction":[{"@type":"SearchAction","target":{"@type":"EntryPoint","urlTemplate":"https:\/\/loanstar.com\/fr\/?s={search_term_string}"},"query-input":"required name=search_term_string"}],"inLanguage":"fr-FR"}]}},"_links":{"self":[{"href":"https:\/\/loanstar.com\/fr\/wp-json\/wp\/v2\/pages\/157"}],"collection":[{"href":"https:\/\/loanstar.com\/fr\/wp-json\/wp\/v2\/pages"}],"about":[{"href":"https:\/\/loanstar.com\/fr\/wp-json\/wp\/v2\/types\/page"}],"author":[{"embeddable":true,"href":"https:\/\/loanstar.com\/fr\/wp-json\/wp\/v2\/users\/1"}],"replies":[{"embeddable":true,"href":"https:\/\/loanstar.com\/fr\/wp-json\/wp\/v2\/comments?post=157"}],"version-history":[{"count":2,"href":"https:\/\/loanstar.com\/fr\/wp-json\/wp\/v2\/pages\/157\/revisions"}],"predecessor-version":[{"id":237,"href":"https:\/\/loanstar.com\/fr\/wp-json\/wp\/v2\/pages\/157\/revisions\/237"}],"up":[{"embeddable":true,"href":"https:\/\/loanstar.com\/fr\/wp-json\/wp\/v2\/pages\/128"}],"wp:featuredmedia":[{"embeddable":true,"href":"https:\/\/loanstar.com\/fr\/wp-json\/wp\/v2\/media\/261"}],"wp:attachment":[{"href":"https:\/\/loanstar.com\/fr\/wp-json\/wp\/v2\/media?parent=157"}],"curies":[{"name":"wp","href":"https:\/\/api.w.org\/{rel}","templated":true}]}}