{"id":153,"date":"2018-10-05T19:09:14","date_gmt":"2018-10-05T19:09:14","guid":{"rendered":"http:\/\/loanstar.com\/fr\/?page_id=153"},"modified":"2019-06-28T13:51:16","modified_gmt":"2019-06-28T11:51:16","slug":"pret-immobilier","status":"publish","type":"page","link":"https:\/\/loanstar.com\/fr\/credit-en-ligne\/pret-immobilier\/","title":{"rendered":"Pr\u00eat immobilier"},"content":{"rendered":"<h2>Comprendre les pr\u00eats immobiliers<\/h2>\n<p>Un pr\u00eat immobilier est un contrat entre un particulier et un \u00e9tablissement bancaire pour financer l&rsquo;achat d&rsquo;un logement ou d&rsquo;un local commercial. L&#8217;emprunteur remboursera sur le moyen ou le long terme, par mensualit\u00e9s \u00e9tablies en d\u00e9but de contrat. Ces mensualit\u00e9s int\u00e8grerons les frais de dossier, d&rsquo;assurance et les int\u00e9r\u00eats.<\/p>\n<p>Un pr\u00eat immobilier peut \u00e9galement concerner des travaux de r\u00e9novation importants de votre habitation. Pour \u00eatre \u00e9ligible \u00e0 un pr\u00eat immobilier, le demandeur doit remplir certaines conditions. Il doit notamment pouvoir prouver la stabilit\u00e9 de sa situation financi\u00e8re pour les ann\u00e9es \u00e0 venir.<\/p>\n<p>Un pr\u00eat ne couvrira que rarement l&rsquo;int\u00e9gralit\u00e9 de votre achat. Vous devrez le compl\u00e9ter par votre apport initial.<\/p>\n<h3>De combien doit \u00eatre l\u2019apport initial ?<\/h3>\n<p>En r\u00e8gle g\u00e9n\u00e9rale, vous devrez apporter au moins 10% du prix du bien que vous voulez acheter s&rsquo;il s&rsquo;agit d&rsquo;une premi\u00e8re r\u00e9sidence et qu\u2019il couvre les frais de notaire et de dossier. Les banques pr\u00e9f\u00e8rent un apport de 20% mais le montant exact est variable. Les acheteurs disposant d&rsquo;un apport personnel de 30 \u00e0 40% recevront les meilleurs taux.<\/p>\n<p>Vos revenus sont \u00e9galement pris en compte ainsi que votre historique bancaire (dettes, emprunts ant\u00e9rieurs, etc&#8230;), vos garanties et votre situation professionnelle.<\/p>\n<p>Si vous n&rsquo;avez aucune \u00e9conomie mais une situation financi\u00e8re stable et des revenus r\u00e9guliers, vous parviendrez parfois \u00e0 obtenir un pr\u00eat. Notez que les banques seront plus r\u00e9ticentes \u00e0 vous l&rsquo;accorder. Mais sous certaines conditions, vous pouvez obtenir un pr\u00eat Action-logement ou un pr\u00eat d&rsquo;Accession Sociale.<\/p>\n<h2>Les diff\u00e9rents types de pr\u00eats immobiliers<\/h2>\n<p>Les pr\u00eats immobiliers se divisent en plusieurs cat\u00e9gories. Selon votre apport initial, il peut s&rsquo;agir d&rsquo;un pr\u00eat partiel ou total du montant demand\u00e9 :<\/p>\n<ul>\n<li>Le pr\u00eat classique. Contract\u00e9 aupr\u00e8s d&rsquo;une banque, il peut concerner l&rsquo;achat ou la construction d&rsquo;un logement<\/li>\n<li>Le pr\u00eat \u00e0 taux z\u00e9ro. Il b\u00e9n\u00e9ficie d&rsquo;une aide partielle de l&rsquo;Etat. Mais il ne peut \u00eatre accord\u00e9 que si vous n&rsquo;avez pas \u00e9t\u00e9 propri\u00e9taire de votre r\u00e9sidence principale dans les deux derni\u00e8res ann\u00e9es<\/li>\n<li>Le pr\u00eat PEL ou CEL si vous poss\u00e9dez d\u00e9j\u00e0 un Plan Epargne Logement (PEL) ou un Compte \u00c9pargne Logement<\/li>\n<li>Logement (CEL), vous pouvez demander un pr\u00eat immobilier aupr\u00e8s de votre banque une fois un certain montant d&rsquo;\u00e9conomies atteint<\/li>\n<li>Les banques ayant une convention avec l&rsquo;Etat pourront vous proposer le pr\u00eat conventionn\u00e9. Il fonctionne pour l&rsquo;achat ou la construction d&rsquo;un logement neuf ou pour des travaux<\/li>\n<li>Le pr\u00eat d&rsquo;accession sociale (PAS) permet aux personnes aux revenus limit\u00e9s d&rsquo;acc\u00e9der \u00e0 la propri\u00e9t\u00e9.<\/li>\n<\/ul>\n<h3>Le cr\u00e9dit \u00e0 taux z\u00e9ro en clair<\/h3>\n<p>Si vous \u00eates en dessous d&rsquo;un certain seuil de revenus, vous pouvez \u00eatre \u00e9ligible \u00e0 un <a href=\"https:\/\/www.service-public.fr\/particuliers\/vosdroits\/F10871\" target=\"_blank\" rel=\"noopener noreferrer\">PTZ+ ou pr\u00eat immobilier \u00e0 taux z\u00e9ro<\/a>. Vous devez \u00e9galement pouvoir prouver que vous n&rsquo;\u00e9tiez pas propri\u00e9taire de votre r\u00e9sidence principale pendant les deux ann\u00e9es pr\u00e9c\u00e9dant la demande de pr\u00eat.<\/p>\n<p>Il s&rsquo;agit d&rsquo;un pr\u00eat accord\u00e9 par un \u00e9tablissement bancaire mais en partenariat avec l&rsquo;Etat. Le montant pr\u00eat\u00e9 d\u00e9pend de l&rsquo;endroit o\u00f9 vous voulez acheter. Ce pr\u00eat compl\u00e9mentaire ne peut financer qu&rsquo;une partie de l&rsquo;achat et vous devrez le compl\u00e9ter par un apport personnel ou par d&rsquo;autres emprunts.<\/p>\n<h3>Le cr\u00e9dit relais<\/h3>\n<p>L&rsquo;achat d&rsquo;une nouvelle propri\u00e9t\u00e9 repr\u00e9sente un investissement lourd. Si vous \u00eates encore en train de rembourser votre premier achat, il peut vous para\u00eetre impossible de d\u00e9m\u00e9nager et de financer votre nouvelle maison avant d&rsquo;avoir revendu la pr\u00e9c\u00e9dente.<\/p>\n<p>Le cr\u00e9dit relais vous permettra d&rsquo;obtenir un pr\u00eat de dur\u00e9e courte \u00e0 moyenne (g\u00e9n\u00e9ralement 12 mois) qui vous fournira l&rsquo;avance de fonds n\u00e9cessaire pour acqu\u00e9rir un nouveau logement avant d&rsquo;avoir revendu l&rsquo;ancien.<\/p>\n<h3>Le pr\u00eat CEL ou PEL<\/h3>\n<p>Le CEL, ou Compte Epargne Logement, est un compte d&rsquo;\u00e9pargne propos\u00e9 par la plupart des banques. Il permet de placer de l&rsquo;argent et de toucher des int\u00e9r\u00eats dans le but d&rsquo;acqu\u00e9rir un bien immobilier. R\u00e9mun\u00e9r\u00e9 \u00e0 0,5%, il est plafonn\u00e9 \u00e0 15 300 \u20ac \u00e0 ce jour.<\/p>\n<p>Il donne \u00e9galement acc\u00e8s \u00e0 une prime d&rsquo;\u00c9tat si le compte a \u00e9t\u00e9 ouvert avant le 1er janvier 2018.<\/p>\n<p>Vous pouvez retirer votre argent \u00e0 tout moment mais il est conseill\u00e9 de remplir le compte avant de faire sa demande de pr\u00eat immobilier.<\/p>\n<p>Le PEL, ou Plan Epargne Logement a, lui, une dur\u00e9e minimum de 4 ans. Il a un plafond beaucoup plus \u00e9lev\u00e9, de 61 200 \u20ac. Le taux de r\u00e9mun\u00e9ration d\u00e9pend de la date d&rsquo;ouverture de votre compte. Depuis ao\u00fbt 2016, il est de 2,2%.<\/p>\n<p>Vous pouvez d\u00e9poser des fonds sur votre PEL pendant 10 ans seulement mais il continue \u00e0 g\u00e9n\u00e9rer des int\u00e9r\u00eats pendant les cinq ann\u00e9es suivantes. Depuis janvier 2018, il n&rsquo;y a plus de prime d&rsquo;Etat associ\u00e9e au PEL.<\/p>\n<h2>Demander un pr\u00eat immobilier pour investir dans un bien locatif<\/h2>\n<p>Il est parfois plus facile d&rsquo;obtenir un pr\u00eat immobilier aupr\u00e8s d&rsquo;une banque pour ce genre d&rsquo;achat car il ajoute des garanties de remboursement. Selon le pr\u00eat, vous n&rsquo;aurez pas n\u00e9cessairement besoin d&rsquo;avoir un apport personnel.<\/p>\n<p>En r\u00e8gle g\u00e9n\u00e9rale, une banque acceptera de pr\u00eater en fonction de votre taux d&rsquo;endettement. Le taux d&rsquo;endettement ne doit pas d\u00e9passer 33% de vos revenus nets imposables pour l&rsquo;ensemble de vos dettes.<\/p>\n<p>Donc, si vous remboursez d\u00e9j\u00e0 un pr\u00eat pour votre r\u00e9sidence principale et que voulez acheter un deuxi\u00e8me bien immobilier, le remboursement des deux pr\u00eats cumul\u00e9s ne doit pas d\u00e9passer 33% de vos revenus pour qu&rsquo;une banque accepte votre demande.<\/p>\n<p>Vos revenus futurs peuvent prendre en compte le loyer que vous comptez percevoir gr\u00e2ce \u00e0 la location de ce bien, mais la banque ne comptera que 70% de cette somme comme revenu net. C&rsquo;est-\u00e0-dire que pour un appartement lou\u00e9 \u00e0 1 000 \u20ac, la banque prendra en compte ce revenu pour 700 \u20ac.<\/p>\n<p>Le pr\u00eat le plus courant pour les investissements locatifs est le pr\u00eat amortissable. Avec ce type de pr\u00eat immobilier, vous ne payez des int\u00e9r\u00eats que sur la somme restante, c&rsquo;est \u00e0 dire que les mensualit\u00e9s diminuent tout au long de la dur\u00e9e du contrat. Chaque mois, le taux est recalcul\u00e9 en fonction du montant restant.<\/p>\n<h2>D\u00e9finir sa capacit\u00e9 d&#8217;emprunt<\/h2>\n<p>Un pr\u00eat immobilier est souvent un investissement sur le tr\u00e8s long terme, sur 10, 20 voire 30 ans. Si vous ne remboursez pas vos mensualit\u00e9s aux dates fix\u00e9es, vous risquez de perdre votre maison.<\/p>\n<p>Il est donc important de bien analyser sa situation financi\u00e8re avant de s&rsquo;engager. Votre capacit\u00e9 d&#8217;emprunt ne repr\u00e9sente pas la somme que vous pouvez investir dans votre achat mais celle qu&rsquo;une banque pourrait vous accorder. A cela s&rsquo;ajoute votre apport personnel.<\/p>\n<p>Pour calculer la somme que vous pouvez investir, prenez en compte :<\/p>\n<ul>\n<li>Votre apport personnel. Cela correspond \u00e0 vos \u00e9conomies et au montant que vous \u00eates pr\u00eat \u00e0 investir dans ce projet.<\/li>\n<li>Vos revenus pr\u00e9sents et futurs, calcul\u00e9s de mani\u00e8re r\u00e9aliste sur la dur\u00e9e du pr\u00eat.<\/li>\n<li>Les frais engendr\u00e9s par un pr\u00eat : taux d&rsquo;int\u00e9r\u00eat mais aussi frais d&rsquo;assurance et frais de dossier aupr\u00e8s de la banque.<\/li>\n<li>Les frais de notaire lors de l&rsquo;achat.<\/li>\n<li>Si vous passez par une agence immobili\u00e8re, la commission per\u00e7ue par l\u2019agence.<\/li>\n<\/ul>\n<h3>Comparer les taux des pr\u00eats immobiliers<\/h3>\n<p>Avant de vous engager aupr\u00e8s d&rsquo;un \u00e9tablissement financier, <a href=\"http:\/\/loanstar.com\/fr\/\" target=\"_blank\" rel=\"noopener noreferrer\">prenez le temps de comparer les offres<\/a>. Si certains pr\u00eats immobiliers sont \u00e0 taux fixe, la plupart des pr\u00eats sont en r\u00e9alit\u00e9 une offre que la banque vous fait en fonction de vos capacit\u00e9s de remboursement et de la dur\u00e9e du pr\u00eat.<\/p>\n<p>Selon la banque, l&rsquo;offre peut donc varier et ce qui peut sembler une diff\u00e9rence de pourcentage infime \u00e0 la base repr\u00e9sente en fait une somme cons\u00e9quente sur les vingt prochaines ann\u00e9es !<\/p>\n<h3>Pr\u00e9parer son dossier de demande de pr\u00eat immobilier<\/h3>\n<p>Pour optimiser vos chances d&rsquo;obtenir un pr\u00eat dans la banque de votre choix, pr\u00e9parez votre dossier \u00e0 l&rsquo;avance. Avant de pr\u00e9senter votre demande, mettez de l&rsquo;ordre dans vos finances et \u00e9valuez objectivement les points que vous pouvez am\u00e9liorer : d\u00e9couvert, dettes sur des cartes de cr\u00e9dit, comptes d&rsquo;\u00e9pargne vides etc&#8230;<\/p>\n<p>Dans les mois pr\u00e9c\u00e9dents votre demande, essayez d&rsquo;\u00e9viter les achats impulsifs qui mettraient vos finances \u00e0 mal. Vous devez convaincre la banque que vous savez g\u00e9rer votre argent et que vous \u00eates un emprunteur fiable sur le long terme.<\/p>\n<p>En outre, moins vous avez de dettes ou d&#8217;emprunts ant\u00e9rieurs \u00e0 rembourser, plus le taux qu&rsquo;on va vous proposer pour votre pr\u00eat immobilier sera avantageux. Avoir un contrat de travail ou des perspectives de carri\u00e8re stables sont \u00e9galement des qualit\u00e9s appr\u00e9ci\u00e9es par les banques.<\/p>\n<p>Enfin, pr\u00e9senter votre demande avec votre compagnon\/compagne peut vous donner un avantage certain : deux salaires sont deux fois plus de garanties pour la banque.<\/p>\n<h3>Les documents \u00e0 fournir pour solliciter un pr\u00eat immobilier<\/h3>\n<p>Une fois vos finances en ordre, il est temps de monter votre dossier. Les documents \u00e0 fournir sont les suivants :<\/p>\n<ul>\n<li>Trois mois de relev\u00e9s bancaires. Vous pouvez faire une demande de pr\u00eat dans une banque diff\u00e9rente de celle o\u00f9 vous avez vos comptes sauf si votre demande fait suite \u00e0 la fermeture de votre PEL ou CEL.<\/li>\n<li>Vos deux derniers avis d&rsquo;imposition<\/li>\n<li>Vos trois derni\u00e8res fiches de paie pour les salari\u00e9s<\/li>\n<li>Les d\u00e9tails de vos autres emprunts (automobile, \u00e9tudiant, cr\u00e9dit \u00e0 la consommation, etc&#8230;)<\/li>\n<li>Les d\u00e9tails de votre \u00e9pargne (PEL, CEL, autres comptes constituant partie ou totalit\u00e9 de votre apport)<\/li>\n<li>Une pi\u00e8ce d&rsquo;identit\u00e9 en cours de validit\u00e9 (carte d&rsquo;identit\u00e9 ou passeport)<\/li>\n<li>Un justificatif de domicile datant de moins de trois mois (facture d&rsquo;\u00e9lectricit\u00e9, facture d&rsquo;eau ou de t\u00e9l\u00e9phone fixe)<\/li>\n<li>Un justificatif de votre situation familiale (livret de famille ou de mariage, contrat de PACS)<\/li>\n<li>Si vous avez d\u00e9j\u00e0 trouv\u00e9 le bien que vous voulez acheter, il vous faudra aussi fournir la promesse de vente. En cas de travaux, ajoutez un devis du co\u00fbt des travaux \u00e0 venir.<\/li>\n<\/ul>\n<h2>Derniers conseils avant de demander un pr\u00eat immobilier<\/h2>\n<p>Pour mettre toutes les chances de votre c\u00f4t\u00e9, votre dossier doit \u00eatre le plus complet possible afin de montrer \u00e0 la banque que vous \u00eates s\u00e9rieux. Plus vous fournirez de preuves d&rsquo;une situation \u00e9conomique stable, plus vous aurez de chances de vous voir accorder un pr\u00eat \u00e0 un bon taux.<\/p>\n<p>Si le pr\u00eat vous est refus\u00e9, n&rsquo;h\u00e9sitez pas \u00e0 revoir votre dossier avant d&rsquo;aller le pr\u00e9senter ailleurs. Il suffit parfois de quelques changements dans vos habitudes pour soudainement devenir un client d\u00e9sirable aupr\u00e8s de la banque.<\/p>\n","protected":false},"excerpt":{"rendered":"<p>Comprendre les pr\u00eats immobiliers Un pr\u00eat immobilier est un contrat entre un particulier et un \u00e9tablissement bancaire pour financer l&rsquo;achat&#8230;<\/p>\n","protected":false},"author":1,"featured_media":268,"parent":128,"menu_order":0,"comment_status":"closed","ping_status":"closed","template":"templates\/calculator-follow-up.php","meta":{"footnotes":""},"yoast_head":"<!-- This site is optimized with the Yoast SEO plugin v21.0 - https:\/\/yoast.com\/wordpress\/plugins\/seo\/ -->\n<title>Pr\u00eat immobilier, obtenir le meilleur financement de votre logement<\/title>\n<meta name=\"description\" content=\"Un pr\u00eat immobilier est souvent la seule fa\u00e7on de pouvoir acqu\u00e9rir son logement. Quelles sont les options disponibles et les d\u00e9marches n\u00e9cessaires.\" \/>\n<meta name=\"robots\" content=\"index, follow, max-snippet:-1, max-image-preview:large, max-video-preview:-1\" \/>\n<link rel=\"canonical\" href=\"https:\/\/loanstar.com\/fr\/credit-en-ligne\/pret-immobilier\/\" \/>\n<meta property=\"og:locale\" content=\"fr_FR\" \/>\n<meta property=\"og:type\" content=\"article\" \/>\n<meta property=\"og:title\" content=\"Pr\u00eat immobilier, obtenir le meilleur financement de votre logement\" \/>\n<meta property=\"og:description\" content=\"Un pr\u00eat immobilier est souvent la seule fa\u00e7on de pouvoir acqu\u00e9rir son logement. Quelles sont les options disponibles et les d\u00e9marches n\u00e9cessaires.\" \/>\n<meta property=\"og:url\" content=\"https:\/\/loanstar.com\/fr\/credit-en-ligne\/pret-immobilier\/\" \/>\n<meta property=\"og:site_name\" content=\"LoanStar France\" \/>\n<meta property=\"article:modified_time\" content=\"2019-06-28T11:51:16+00:00\" \/>\n<meta property=\"og:image\" content=\"https:\/\/loanstar.com\/fr\/wp-content\/uploads\/sites\/15\/2019\/06\/shutterstock_708448579-Converti.png\" \/>\n\t<meta property=\"og:image:width\" content=\"450\" \/>\n\t<meta property=\"og:image:height\" content=\"450\" \/>\n\t<meta property=\"og:image:type\" content=\"image\/png\" \/>\n<meta name=\"twitter:card\" content=\"summary_large_image\" \/>\n<meta name=\"twitter:label1\" content=\"Dur\u00e9e de lecture estim\u00e9e\" \/>\n\t<meta name=\"twitter:data1\" content=\"9 minutes\" \/>\n<script type=\"application\/ld+json\" class=\"yoast-schema-graph\">{\"@context\":\"https:\/\/schema.org\",\"@graph\":[{\"@type\":\"WebPage\",\"@id\":\"https:\/\/loanstar.com\/fr\/credit-en-ligne\/pret-immobilier\/\",\"url\":\"https:\/\/loanstar.com\/fr\/credit-en-ligne\/pret-immobilier\/\",\"name\":\"Pr\u00eat immobilier, obtenir le meilleur financement de votre logement\",\"isPartOf\":{\"@id\":\"https:\/\/loanstar.com\/fr\/#website\"},\"datePublished\":\"2018-10-05T19:09:14+00:00\",\"dateModified\":\"2019-06-28T11:51:16+00:00\",\"description\":\"Un pr\u00eat immobilier est souvent la seule fa\u00e7on de pouvoir acqu\u00e9rir son logement. Quelles sont les options disponibles et les d\u00e9marches n\u00e9cessaires.\",\"breadcrumb\":{\"@id\":\"https:\/\/loanstar.com\/fr\/credit-en-ligne\/pret-immobilier\/#breadcrumb\"},\"inLanguage\":\"fr-FR\",\"potentialAction\":[{\"@type\":\"ReadAction\",\"target\":[\"https:\/\/loanstar.com\/fr\/credit-en-ligne\/pret-immobilier\/\"]}]},{\"@type\":\"BreadcrumbList\",\"@id\":\"https:\/\/loanstar.com\/fr\/credit-en-ligne\/pret-immobilier\/#breadcrumb\",\"itemListElement\":[{\"@type\":\"ListItem\",\"position\":1,\"name\":\"France\",\"item\":\"https:\/\/loanstar.com\/fr\/\"},{\"@type\":\"ListItem\",\"position\":2,\"name\":\"Cr\u00e9dit en ligne\",\"item\":\"https:\/\/loanstar.com\/fr\/credit-en-ligne\/\"},{\"@type\":\"ListItem\",\"position\":3,\"name\":\"Pr\u00eat immobilier\"}]},{\"@type\":\"WebSite\",\"@id\":\"https:\/\/loanstar.com\/fr\/#website\",\"url\":\"https:\/\/loanstar.com\/fr\/\",\"name\":\"LoanStar France\",\"description\":\"Comparer les pr\u00eats\",\"potentialAction\":[{\"@type\":\"SearchAction\",\"target\":{\"@type\":\"EntryPoint\",\"urlTemplate\":\"https:\/\/loanstar.com\/fr\/?s={search_term_string}\"},\"query-input\":\"required name=search_term_string\"}],\"inLanguage\":\"fr-FR\"}]}<\/script>\n<!-- \/ Yoast SEO plugin. -->","yoast_head_json":{"title":"Pr\u00eat immobilier, obtenir le meilleur financement de votre logement","description":"Un pr\u00eat immobilier est souvent la seule fa\u00e7on de pouvoir acqu\u00e9rir son logement. Quelles sont les options disponibles et les d\u00e9marches n\u00e9cessaires.","robots":{"index":"index","follow":"follow","max-snippet":"max-snippet:-1","max-image-preview":"max-image-preview:large","max-video-preview":"max-video-preview:-1"},"canonical":"https:\/\/loanstar.com\/fr\/credit-en-ligne\/pret-immobilier\/","og_locale":"fr_FR","og_type":"article","og_title":"Pr\u00eat immobilier, obtenir le meilleur financement de votre logement","og_description":"Un pr\u00eat immobilier est souvent la seule fa\u00e7on de pouvoir acqu\u00e9rir son logement. Quelles sont les options disponibles et les d\u00e9marches n\u00e9cessaires.","og_url":"https:\/\/loanstar.com\/fr\/credit-en-ligne\/pret-immobilier\/","og_site_name":"LoanStar France","article_modified_time":"2019-06-28T11:51:16+00:00","og_image":[{"width":450,"height":450,"url":"https:\/\/loanstar.com\/fr\/wp-content\/uploads\/sites\/15\/2019\/06\/shutterstock_708448579-Converti.png","type":"image\/png"}],"twitter_card":"summary_large_image","twitter_misc":{"Dur\u00e9e de lecture estim\u00e9e":"9 minutes"},"schema":{"@context":"https:\/\/schema.org","@graph":[{"@type":"WebPage","@id":"https:\/\/loanstar.com\/fr\/credit-en-ligne\/pret-immobilier\/","url":"https:\/\/loanstar.com\/fr\/credit-en-ligne\/pret-immobilier\/","name":"Pr\u00eat immobilier, obtenir le meilleur financement de votre logement","isPartOf":{"@id":"https:\/\/loanstar.com\/fr\/#website"},"datePublished":"2018-10-05T19:09:14+00:00","dateModified":"2019-06-28T11:51:16+00:00","description":"Un pr\u00eat immobilier est souvent la seule fa\u00e7on de pouvoir acqu\u00e9rir son logement. Quelles sont les options disponibles et les d\u00e9marches n\u00e9cessaires.","breadcrumb":{"@id":"https:\/\/loanstar.com\/fr\/credit-en-ligne\/pret-immobilier\/#breadcrumb"},"inLanguage":"fr-FR","potentialAction":[{"@type":"ReadAction","target":["https:\/\/loanstar.com\/fr\/credit-en-ligne\/pret-immobilier\/"]}]},{"@type":"BreadcrumbList","@id":"https:\/\/loanstar.com\/fr\/credit-en-ligne\/pret-immobilier\/#breadcrumb","itemListElement":[{"@type":"ListItem","position":1,"name":"France","item":"https:\/\/loanstar.com\/fr\/"},{"@type":"ListItem","position":2,"name":"Cr\u00e9dit en ligne","item":"https:\/\/loanstar.com\/fr\/credit-en-ligne\/"},{"@type":"ListItem","position":3,"name":"Pr\u00eat immobilier"}]},{"@type":"WebSite","@id":"https:\/\/loanstar.com\/fr\/#website","url":"https:\/\/loanstar.com\/fr\/","name":"LoanStar France","description":"Comparer les pr\u00eats","potentialAction":[{"@type":"SearchAction","target":{"@type":"EntryPoint","urlTemplate":"https:\/\/loanstar.com\/fr\/?s={search_term_string}"},"query-input":"required name=search_term_string"}],"inLanguage":"fr-FR"}]}},"_links":{"self":[{"href":"https:\/\/loanstar.com\/fr\/wp-json\/wp\/v2\/pages\/153"}],"collection":[{"href":"https:\/\/loanstar.com\/fr\/wp-json\/wp\/v2\/pages"}],"about":[{"href":"https:\/\/loanstar.com\/fr\/wp-json\/wp\/v2\/types\/page"}],"author":[{"embeddable":true,"href":"https:\/\/loanstar.com\/fr\/wp-json\/wp\/v2\/users\/1"}],"replies":[{"embeddable":true,"href":"https:\/\/loanstar.com\/fr\/wp-json\/wp\/v2\/comments?post=153"}],"version-history":[{"count":3,"href":"https:\/\/loanstar.com\/fr\/wp-json\/wp\/v2\/pages\/153\/revisions"}],"predecessor-version":[{"id":267,"href":"https:\/\/loanstar.com\/fr\/wp-json\/wp\/v2\/pages\/153\/revisions\/267"}],"up":[{"embeddable":true,"href":"https:\/\/loanstar.com\/fr\/wp-json\/wp\/v2\/pages\/128"}],"wp:featuredmedia":[{"embeddable":true,"href":"https:\/\/loanstar.com\/fr\/wp-json\/wp\/v2\/media\/268"}],"wp:attachment":[{"href":"https:\/\/loanstar.com\/fr\/wp-json\/wp\/v2\/media?parent=153"}],"curies":[{"name":"wp","href":"https:\/\/api.w.org\/{rel}","templated":true}]}}