{"id":151,"date":"2018-10-05T19:03:53","date_gmt":"2018-10-05T19:03:53","guid":{"rendered":"http:\/\/loanstar.com\/fr\/?page_id=151"},"modified":"2019-07-04T14:21:58","modified_gmt":"2019-07-04T12:21:58","slug":"credit-renouvelable-en-ligne","status":"publish","type":"page","link":"https:\/\/loanstar.com\/fr\/credit-en-ligne\/credit-renouvelable-en-ligne\/","title":{"rendered":"Cr\u00e9dit renouvelable en ligne"},"content":{"rendered":"<h2>Comprendre le cr\u00e9dit renouvelable en ligne<\/h2>\n<p>Le cr\u00e9dit renouvelable en ligne offre au consommateur la possibilit\u00e9 d&rsquo;avoir\u00a0 une somme mise \u00e0 disposition quand le besoin s\u2019en fait sentir. Les sommes pr\u00eat\u00e9es vont de 500 \u00e0 5 000 \u20ac, selon le montant accept\u00e9 par les deux parties en d\u00e9but de contrat. Elles sont remboursables par mensualit\u00e9s sur une dur\u00e9e de 6 \u00e0 60 mois.<\/p>\n<p>Vous profitez ainsi d&rsquo;un cr\u00e9dit flexible : vous pouvez emprunter \u00e0 tout moment une partie ou l&rsquo;int\u00e9gralit\u00e9 de l&rsquo;argent. Et vous ne payez d&rsquo;int\u00e9r\u00eats que sur la somme emprunt\u00e9e.<\/p>\n<p>Si vous n&rsquo;utilisez pas votre cr\u00e9dit renouvelable en ligne, il ne vous co\u00fbte rien. Attention n\u00e9anmoins \u00e0 l&rsquo;\u00e9ch\u00e9ance du contrat. Si votre cr\u00e9dit renouvelable reste inactif pendant un an, votre contrat peut \u00eatre suspendu. L&rsquo;organisme de cr\u00e9dit va alors vous contacter. En l&rsquo;absence de r\u00e9ponse sous 20 jours, il r\u00e9siliera votre contrat.<\/p>\n<p>Avec un cr\u00e9dit renouvelable en ligne, vous pouvez disposer de l&rsquo;argent comme vous le souhaitez et vous n&rsquo;avez pas \u00e0 justifier du d\u00e9tail de vos d\u00e9penses, contrairement \u00e0 un pr\u00eat personnel pour travaux ou \u00e0 un pr\u00eat auto.<\/p>\n<p>Au fur et \u00e0 mesure que vous remboursez les sommes dues, vous reconstituez votre r\u00e9serve d&rsquo;argent. Vous pouvez donc continuer \u00e0 emprunter sur le m\u00eame cr\u00e9dit. Vous pouvez utiliser l&rsquo;argent disponible directement gr\u00e2ce \u00e0 un carte de cr\u00e9dit qui vous est fournie en d\u00e9but de contrat. Cette carte s&rsquo;utilise de la m\u00eame mani\u00e8re qu&rsquo;une carte bleue classique.<\/p>\n<h2>O\u00f9 demander un cr\u00e9dit renouvelable ?<\/h2>\n<p>Vous pouvez faire une demande de cr\u00e9dit renouvelable aupr\u00e8s d&rsquo;une banque, aupr\u00e8s d&rsquo;un organisme de cr\u00e9dit en ligne tel que Cofinoga ou Cofidis ou aupr\u00e8s d&rsquo;un magasin. Vous pourrez faire votre demande directement en ligne et envoyer les justificatifs par courriel.<\/p>\n<p>Commencez par comparer les offres de cr\u00e9dit renouvelable en ligne. Selon l&rsquo;organisme, les sommes et les d\u00e9lais de remboursement ne sont pas les m\u00eames. Quand vous avez choisi le site qui semble vous correspondre le mieux, vous devez alors :<\/p>\n<ul>\n<li>D\u00e9cider de la somme que vous aimeriez avoir \u00e0 votre disposition. Attention, il ne s&rsquo;agit que d&rsquo;une demande et l&rsquo;organisme n&rsquo;a aucune obligation de l&rsquo;accepter. Soyez r\u00e9aliste, pensez \u00e9galement \u00e0 demander une somme que vous pourrez rembourser mois par mois dans les d\u00e9lais impartis. Si vous empruntez le maximum et remboursez par faibles mensualit\u00e9s, les int\u00e9r\u00eats s&rsquo;accumulent et peuvent g\u00e9n\u00e9rer de grosses dettes.<\/li>\n<li>Il vous faudra remplir un formulaire sur vos informations personnelles et envoyer des pi\u00e8ces justificatives (justificatif de domicile, pi\u00e8ce d&rsquo;identit\u00e9 en cours de validit\u00e9, etc&#8230;).<\/li>\n<li>Une fois que vous avez envoy\u00e9 le formulaire et les justificatifs, l&rsquo;organisme pourra vous faire une offre concr\u00e8te, bas\u00e9e sur les informations fournies. Cette offre comprendra la somme pr\u00eat\u00e9e ainsi que le taux d&rsquo;int\u00e9r\u00eat et la dur\u00e9e de remboursement.\u00a0 L&rsquo;organisme pourra aussi refuser votre demande.<\/li>\n<li>Si vous choisissez d&rsquo;accepter les conditions propos\u00e9es, vous aurez alors \u00e0 signer et \u00e0 renvoyer le contrat.<\/li>\n<li>Une fois le contrat sign\u00e9, vous pourrez disposer de l&rsquo;argent et vous recevrez une nouvelle carte de cr\u00e9dit.<\/li>\n<\/ul>\n<h3>Comment sont d\u00e9cid\u00e9es les conditions du contrat ?<\/h3>\n<p>Aucun organisme n&rsquo;a l&rsquo;obligation d&rsquo;accepter votre demande. Les conditions propos\u00e9es d\u00e9pendront de votre situation financi\u00e8re. Par exemple, si vous avez d\u00e9j\u00e0 d&rsquo;autres emprunts souscrits aupr\u00e8s d&rsquo;autres banques, des dettes ou des revenus faibles, l&rsquo;organisme de cr\u00e9dit risque de vous proposer un taux d&rsquo;int\u00e9r\u00eat plus \u00e9lev\u00e9. Moins vous \u00eates solvable aupr\u00e8s d&rsquo;une banque, moins elle sera encline \u00e0 vous pr\u00eater de grosses sommes. Si vous vous trouvez dans ce cas, ne vous inqui\u00e9tez pas. Votre demande ne sera pas n\u00e9cessairement refus\u00e9e car de nombreux param\u00e8tres entrent en jeu.<\/p>\n<h3>Que se passe-t-il si je refuse l&rsquo;offre ?<\/h3>\n<p>Une fois que la banque ou l&rsquo;organisme de pr\u00eat vous a fait une offre, rien ne vous oblige \u00e0 l&rsquo;accepter si les conditions ne vous semblent pas favorables. <a href=\"https:\/\/www.service-public.fr\/particuliers\/vosdroits\/F2441\" target=\"_blank\" rel=\"noopener noreferrer\">Vous avez 14 jours pour changer d&rsquo;avis et vous r\u00e9tracter.<\/a><\/p>\n<h2>Comment rembourser mon cr\u00e9dit renouvelable en ligne ?<\/h2>\n<p>Un cr\u00e9dit renouvelable en ligne est remboursable par mensualit\u00e9s, par carte de cr\u00e9dit par exemple. Ces mensualit\u00e9s correspondent \u00e0 une somme mensuelle minimum n\u00e9goci\u00e9e au d\u00e9but du contrat. Si vous sautez une mensualit\u00e9, vous aurez des frais suppl\u00e9mentaires \u00e0 payer. Pensez donc \u00e0 rembourser ce pr\u00eat tous les mois en virant l&rsquo;argent depuis votre compte courant vers l&rsquo;organisme de pr\u00eat.<\/p>\n<h2>Quelle est la dur\u00e9e de remboursement ?<\/h2>\n<p>Vous devez rembourser vos emprunts dans un temps imparti :<\/p>\n<ul>\n<li>36 mois (trois ans) si le cr\u00e9dit dont vous disposez est inf\u00e9rieur \u00e0 3 000 \u20ac<\/li>\n<li>60 mois (cinq ans) si le cr\u00e9dit dont vous disposez est sup\u00e9rieur \u00e0 3 000 \u20ac et ce quelle que soit la somme emprunt\u00e9e. Donc, si vous avez un cr\u00e9dit de 4 000 \u20ac mais n&rsquo;en avez utilis\u00e9 que 2 000 \u20ac, le d\u00e9lai de remboursement est toujours de 60 mois maximum.<\/li>\n<\/ul>\n<h2>Quels sont les avantages d&rsquo;un cr\u00e9dit renouvelable en ligne ?<\/h2>\n<p>L&rsquo;avantage principal d&rsquo;un cr\u00e9dit renouvelable en ligne est sa flexibilit\u00e9. Une fois le cr\u00e9dit accord\u00e9, vous avez acc\u00e8s \u00e0 l&rsquo;argent \u00e0 tout moment. Les avantages principaux sont les suivants :<\/p>\n<ul>\n<li>Facilit\u00e9 de la demande en ligne, peu de justificatifs \u00e0 fournir<\/li>\n<li>La totalit\u00e9 de l&rsquo;argent est disponible en permanence<\/li>\n<li>Vous pouvez utiliser une partie ou l&rsquo;int\u00e9gralit\u00e9 de votre cr\u00e9dit sans jamais avoir \u00e0 justifier vos d\u00e9penses<\/li>\n<li>Il est associ\u00e9 \u00e0 une carte de cr\u00e9dit que vous pouvez utiliser en ligne ou en magasin comme une carte bleue<\/li>\n<li>Vous pouvez le rembourser plus t\u00f4t si vous le souhaitez et \u00e9conomiser des frais d&rsquo;int\u00e9r\u00eats<\/li>\n<\/ul>\n<h3>Exemples d&rsquo;utilisation d&rsquo;un cr\u00e9dit renouvelable<\/h3>\n<p>Une situation dans laquelle un cr\u00e9dit renouvelable est utile :<\/p>\n<ul>\n<li>Si votre cr\u00e9dit renouvelable vous donne acc\u00e8s \u00e0 une somme de 2 000 \u20ac, vous pouvez par exemple en d\u00e9penser 1 000 pour financer l&rsquo;achat d&rsquo;un ordinateur ou d&rsquo;un canap\u00e9<\/li>\n<li>Vous d\u00e9cidez de rembourser cet achat sur 6 mois. Si vous ne faites aucune autre d\u00e9pense, au bout de trois mois de mensualit\u00e9s, vous aurez d\u00e9j\u00e0 rembours\u00e9 500 \u20ac, donc votre cr\u00e9dit disponible sera de 1500 \u20ac. Au bout de 6 mois vous aurez rembours\u00e9 l&rsquo;int\u00e9gralit\u00e9 de la somme et votre cr\u00e9dit disponible sera de 2 000 \u20ac<\/li>\n<li>Si vous voulez faire un autre achat au bout de 3 mois avec les 1 500 \u20ac disponibles, vous le pouvez<\/li>\n<li>Donc, en l&rsquo;espace de trois mois, vous aurez pu utiliser votre cr\u00e9dit deux fois pour une somme totale de 2 500 \u20ac, bien que votre limite de cr\u00e9dit soit de 2 000 \u20ac<\/li>\n<li>Cela ne signifie pas que vous avez d\u00e9pass\u00e9 votre limite mais simplement que votre cr\u00e9dit se reconstruit au fur et \u00e0 mesure que vous en payez les mensualit\u00e9s.<\/li>\n<\/ul>\n<h2>Le cr\u00e9dit renouvelable en ligne a-t-il des inconv\u00e9nients ?<\/h2>\n<p>Tous les pr\u00eats n&rsquo;ont pas les m\u00eames avantages et inconv\u00e9nients. En fonction de la mani\u00e8re dont vous l&rsquo;utilisez, ce cr\u00e9dit n&rsquo;est pas forc\u00e9ment la solution la plus avantageuse. Voici quelques raisons de ne pas prendre un cr\u00e9dit renouvelable en ligne :<\/p>\n<ul>\n<li>Ce type de pr\u00eat a un taux d&rsquo;int\u00e9r\u00eat plus \u00e9lev\u00e9 que celui de certains pr\u00eats \u00e0 la consommation. Si vous souhaitez financer un projet sp\u00e9cifique et obtenir une somme fixe de mani\u00e8re ponctuelle (pour acheter une voiture ou faire des travaux par exemple), prendre un cr\u00e9dit auto ou un pr\u00eat personnel peut \u00eatre une meilleure id\u00e9e.<\/li>\n<li>Si vous avez eu des soucis de surendettement par le pass\u00e9, r\u00e9fl\u00e9chissez-y \u00e0 deux fois avant de prendre un cr\u00e9dit renouvelable. L&rsquo;argent \u00e9tant en permanence \u00e0 disposition, vous pouvez tr\u00e8s rapidement vous retrouver en situation de dette si vous utilisez l&rsquo;int\u00e9gralit\u00e9 de votre cr\u00e9dit en permanence.<\/li>\n<li>Si vous n&rsquo;\u00eates pas certain de pouvoir rembourser les sommes emprunt\u00e9es mensuellement. Si vous sautez des mensualit\u00e9s vous serez p\u00e9nalis\u00e9s non seulement financi\u00e8rement mais vous aurez plus de difficult\u00e9s \u00e0 obtenir un cr\u00e9dit par la suite.<\/li>\n<\/ul>\n<p>Pour \u00e9viter de vous retrouver avec des dettes, utilisez la carte de cr\u00e9dit associ\u00e9e \u00e0 votre cr\u00e9dit renouvelable en ligne uniquement pour des d\u00e9penses sp\u00e9cifiques. Essayez de ne pas l&rsquo;utiliser pour vos achats au quotidien car chaque d\u00e9pense est soumise \u00e0 des int\u00e9r\u00eats qui vont s&rsquo;accumuler rapidement. Evitez \u00e9galement de souscrire un autre cr\u00e9dit pour rembourser le premier car vous risquez de tomber dans le surendettement.<\/p>\n<h2>Comment sont calcul\u00e9s les int\u00e9r\u00eats d\u2019un cr\u00e9dit renouvelable en ligne ?<\/h2>\n<p>Le taux d\u2019int\u00e9r\u00eat d\u2019un cr\u00e9dit renouvelable est un taux annuel fixe d\u00e9termin\u00e9 par l&rsquo;organisme qui vous offre le cr\u00e9dit. Ce TAE (Taux Annuel Effectif) est ensuite divis\u00e9 en frais mensuels.<\/p>\n<p>Un cr\u00e9dit renouvelable en ligne a g\u00e9n\u00e9ralement un taux assez \u00e9lev\u00e9, de 8 \u00e0 21%. C&rsquo;est un taux annuel : plus vous mettez de temps \u00e0 rembourser, plus la somme totale \u00e0 rembourser est \u00e9lev\u00e9e. Le montant des int\u00e9r\u00eats est calcul\u00e9 sur la somme restante \u00e0 rembourser tous les mois.<\/p>\n<p>Si vous en avez la possibilit\u00e9, n&rsquo;h\u00e9sitez pas \u00e0 augmenter vos mensualit\u00e9s. Plus vite vous rembourserez le pr\u00eat, moins il vous co\u00fbtera. Une fois le pr\u00eat rembours\u00e9 vous pourrez tout \u00e0 fait le r\u00e9utiliser par la suite.<\/p>\n<h2>Les alternatives au cr\u00e9dit renouvelable en ligne<\/h2>\n<p>Selon votre situation, vous aurez int\u00e9r\u00eat \u00e0 opter pour un autre type de cr\u00e9dit.<\/p>\n<ul>\n<li>Vous souhaitez faire des travaux ou acheter une voiture ? Renseignez-vous plut\u00f4t sur les pr\u00eats personnels et les <a href=\"http:\/\/loanstar.com\/fr\/credit-en-ligne\/credit-auto\/\" target=\"_blank\" rel=\"noopener noreferrer\">cr\u00e9dits auto<\/a>.<\/li>\n<li>Vous avez un petit souci de tr\u00e9sorerie ponctuel et ne voulez pas vous engager sur le long terme ? Prenez un <a href=\"http:\/\/loanstar.com\/fr\/credit-en-ligne\/credit-rapide-24h-ca-existe\/\" target=\"_blank\" rel=\"noopener noreferrer\">cr\u00e9dit rapide 24h<\/a> et remboursez le sur une dur\u00e9e de 7 jours \u00e0 trois mois.<\/li>\n<\/ul>\n","protected":false},"excerpt":{"rendered":"<p>Comprendre le cr\u00e9dit renouvelable en ligne Le cr\u00e9dit renouvelable en ligne offre au consommateur la possibilit\u00e9 d&rsquo;avoir\u00a0 une somme mise&#8230;<\/p>\n","protected":false},"author":1,"featured_media":264,"parent":128,"menu_order":0,"comment_status":"closed","ping_status":"closed","template":"templates\/calculator-follow-up.php","meta":{"footnotes":""},"yoast_head":"<!-- This site is optimized with the Yoast SEO plugin v21.0 - https:\/\/yoast.com\/wordpress\/plugins\/seo\/ -->\n<title>Cr\u00e9dit renouvelable en ligne\u00a0: comment obtenir la meilleure offre\u00a0?<\/title>\n<meta name=\"description\" content=\"Cr\u00e9dit renouvelable en ligne, la possibilit\u00e9 de disposer \u00e0 tout moment d&#039;une r\u00e9serve de tr\u00e9sorerie flexible \u00e0 un prix raisonnable.\" \/>\n<meta name=\"robots\" content=\"index, follow, max-snippet:-1, max-image-preview:large, max-video-preview:-1\" \/>\n<link rel=\"canonical\" href=\"https:\/\/loanstar.com\/fr\/credit-en-ligne\/credit-renouvelable-en-ligne\/\" \/>\n<meta property=\"og:locale\" content=\"fr_FR\" \/>\n<meta property=\"og:type\" content=\"article\" \/>\n<meta property=\"og:title\" content=\"Cr\u00e9dit renouvelable en ligne\u00a0: comment obtenir la meilleure offre\u00a0?\" \/>\n<meta property=\"og:description\" content=\"Cr\u00e9dit renouvelable en ligne, la possibilit\u00e9 de disposer \u00e0 tout moment d&#039;une r\u00e9serve de tr\u00e9sorerie flexible \u00e0 un prix raisonnable.\" \/>\n<meta property=\"og:url\" content=\"https:\/\/loanstar.com\/fr\/credit-en-ligne\/credit-renouvelable-en-ligne\/\" \/>\n<meta property=\"og:site_name\" content=\"LoanStar France\" \/>\n<meta property=\"article:modified_time\" content=\"2019-07-04T12:21:58+00:00\" \/>\n<meta property=\"og:image\" content=\"https:\/\/loanstar.com\/fr\/wp-content\/uploads\/sites\/15\/2019\/06\/shutterstock_462671254-Converti.png\" \/>\n\t<meta property=\"og:image:width\" content=\"1093\" \/>\n\t<meta property=\"og:image:height\" content=\"754\" \/>\n\t<meta property=\"og:image:type\" content=\"image\/png\" \/>\n<meta name=\"twitter:card\" content=\"summary_large_image\" \/>\n<meta name=\"twitter:label1\" content=\"Dur\u00e9e de lecture estim\u00e9e\" \/>\n\t<meta name=\"twitter:data1\" content=\"8 minutes\" \/>\n<script type=\"application\/ld+json\" class=\"yoast-schema-graph\">{\"@context\":\"https:\/\/schema.org\",\"@graph\":[{\"@type\":\"WebPage\",\"@id\":\"https:\/\/loanstar.com\/fr\/credit-en-ligne\/credit-renouvelable-en-ligne\/\",\"url\":\"https:\/\/loanstar.com\/fr\/credit-en-ligne\/credit-renouvelable-en-ligne\/\",\"name\":\"Cr\u00e9dit renouvelable en ligne\u00a0: comment obtenir la meilleure offre\u00a0?\",\"isPartOf\":{\"@id\":\"https:\/\/loanstar.com\/fr\/#website\"},\"datePublished\":\"2018-10-05T19:03:53+00:00\",\"dateModified\":\"2019-07-04T12:21:58+00:00\",\"description\":\"Cr\u00e9dit renouvelable en ligne, la possibilit\u00e9 de disposer \u00e0 tout moment d'une r\u00e9serve de tr\u00e9sorerie flexible \u00e0 un prix raisonnable.\",\"breadcrumb\":{\"@id\":\"https:\/\/loanstar.com\/fr\/credit-en-ligne\/credit-renouvelable-en-ligne\/#breadcrumb\"},\"inLanguage\":\"fr-FR\",\"potentialAction\":[{\"@type\":\"ReadAction\",\"target\":[\"https:\/\/loanstar.com\/fr\/credit-en-ligne\/credit-renouvelable-en-ligne\/\"]}]},{\"@type\":\"BreadcrumbList\",\"@id\":\"https:\/\/loanstar.com\/fr\/credit-en-ligne\/credit-renouvelable-en-ligne\/#breadcrumb\",\"itemListElement\":[{\"@type\":\"ListItem\",\"position\":1,\"name\":\"France\",\"item\":\"https:\/\/loanstar.com\/fr\/\"},{\"@type\":\"ListItem\",\"position\":2,\"name\":\"Cr\u00e9dit en ligne\",\"item\":\"https:\/\/loanstar.com\/fr\/credit-en-ligne\/\"},{\"@type\":\"ListItem\",\"position\":3,\"name\":\"Cr\u00e9dit renouvelable en ligne\"}]},{\"@type\":\"WebSite\",\"@id\":\"https:\/\/loanstar.com\/fr\/#website\",\"url\":\"https:\/\/loanstar.com\/fr\/\",\"name\":\"LoanStar France\",\"description\":\"Comparer les pr\u00eats\",\"potentialAction\":[{\"@type\":\"SearchAction\",\"target\":{\"@type\":\"EntryPoint\",\"urlTemplate\":\"https:\/\/loanstar.com\/fr\/?s={search_term_string}\"},\"query-input\":\"required name=search_term_string\"}],\"inLanguage\":\"fr-FR\"}]}<\/script>\n<!-- \/ Yoast SEO plugin. -->","yoast_head_json":{"title":"Cr\u00e9dit renouvelable en ligne\u00a0: comment obtenir la meilleure offre\u00a0?","description":"Cr\u00e9dit renouvelable en ligne, la possibilit\u00e9 de disposer \u00e0 tout moment d'une r\u00e9serve de tr\u00e9sorerie flexible \u00e0 un prix raisonnable.","robots":{"index":"index","follow":"follow","max-snippet":"max-snippet:-1","max-image-preview":"max-image-preview:large","max-video-preview":"max-video-preview:-1"},"canonical":"https:\/\/loanstar.com\/fr\/credit-en-ligne\/credit-renouvelable-en-ligne\/","og_locale":"fr_FR","og_type":"article","og_title":"Cr\u00e9dit renouvelable en ligne\u00a0: comment obtenir la meilleure offre\u00a0?","og_description":"Cr\u00e9dit renouvelable en ligne, la possibilit\u00e9 de disposer \u00e0 tout moment d'une r\u00e9serve de tr\u00e9sorerie flexible \u00e0 un prix raisonnable.","og_url":"https:\/\/loanstar.com\/fr\/credit-en-ligne\/credit-renouvelable-en-ligne\/","og_site_name":"LoanStar France","article_modified_time":"2019-07-04T12:21:58+00:00","og_image":[{"width":1093,"height":754,"url":"https:\/\/loanstar.com\/fr\/wp-content\/uploads\/sites\/15\/2019\/06\/shutterstock_462671254-Converti.png","type":"image\/png"}],"twitter_card":"summary_large_image","twitter_misc":{"Dur\u00e9e de lecture estim\u00e9e":"8 minutes"},"schema":{"@context":"https:\/\/schema.org","@graph":[{"@type":"WebPage","@id":"https:\/\/loanstar.com\/fr\/credit-en-ligne\/credit-renouvelable-en-ligne\/","url":"https:\/\/loanstar.com\/fr\/credit-en-ligne\/credit-renouvelable-en-ligne\/","name":"Cr\u00e9dit renouvelable en ligne\u00a0: comment obtenir la meilleure offre\u00a0?","isPartOf":{"@id":"https:\/\/loanstar.com\/fr\/#website"},"datePublished":"2018-10-05T19:03:53+00:00","dateModified":"2019-07-04T12:21:58+00:00","description":"Cr\u00e9dit renouvelable en ligne, la possibilit\u00e9 de disposer \u00e0 tout moment d'une r\u00e9serve de tr\u00e9sorerie flexible \u00e0 un prix raisonnable.","breadcrumb":{"@id":"https:\/\/loanstar.com\/fr\/credit-en-ligne\/credit-renouvelable-en-ligne\/#breadcrumb"},"inLanguage":"fr-FR","potentialAction":[{"@type":"ReadAction","target":["https:\/\/loanstar.com\/fr\/credit-en-ligne\/credit-renouvelable-en-ligne\/"]}]},{"@type":"BreadcrumbList","@id":"https:\/\/loanstar.com\/fr\/credit-en-ligne\/credit-renouvelable-en-ligne\/#breadcrumb","itemListElement":[{"@type":"ListItem","position":1,"name":"France","item":"https:\/\/loanstar.com\/fr\/"},{"@type":"ListItem","position":2,"name":"Cr\u00e9dit en ligne","item":"https:\/\/loanstar.com\/fr\/credit-en-ligne\/"},{"@type":"ListItem","position":3,"name":"Cr\u00e9dit renouvelable en ligne"}]},{"@type":"WebSite","@id":"https:\/\/loanstar.com\/fr\/#website","url":"https:\/\/loanstar.com\/fr\/","name":"LoanStar France","description":"Comparer les pr\u00eats","potentialAction":[{"@type":"SearchAction","target":{"@type":"EntryPoint","urlTemplate":"https:\/\/loanstar.com\/fr\/?s={search_term_string}"},"query-input":"required name=search_term_string"}],"inLanguage":"fr-FR"}]}},"_links":{"self":[{"href":"https:\/\/loanstar.com\/fr\/wp-json\/wp\/v2\/pages\/151"}],"collection":[{"href":"https:\/\/loanstar.com\/fr\/wp-json\/wp\/v2\/pages"}],"about":[{"href":"https:\/\/loanstar.com\/fr\/wp-json\/wp\/v2\/types\/page"}],"author":[{"embeddable":true,"href":"https:\/\/loanstar.com\/fr\/wp-json\/wp\/v2\/users\/1"}],"replies":[{"embeddable":true,"href":"https:\/\/loanstar.com\/fr\/wp-json\/wp\/v2\/comments?post=151"}],"version-history":[{"count":3,"href":"https:\/\/loanstar.com\/fr\/wp-json\/wp\/v2\/pages\/151\/revisions"}],"predecessor-version":[{"id":263,"href":"https:\/\/loanstar.com\/fr\/wp-json\/wp\/v2\/pages\/151\/revisions\/263"}],"up":[{"embeddable":true,"href":"https:\/\/loanstar.com\/fr\/wp-json\/wp\/v2\/pages\/128"}],"wp:featuredmedia":[{"embeddable":true,"href":"https:\/\/loanstar.com\/fr\/wp-json\/wp\/v2\/media\/264"}],"wp:attachment":[{"href":"https:\/\/loanstar.com\/fr\/wp-json\/wp\/v2\/media?parent=151"}],"curies":[{"name":"wp","href":"https:\/\/api.w.org\/{rel}","templated":true}]}}