{"id":149,"date":"2018-10-05T18:59:21","date_gmt":"2018-10-05T18:59:21","guid":{"rendered":"http:\/\/loanstar.com\/fr\/?page_id=149"},"modified":"2019-07-04T11:50:03","modified_gmt":"2019-07-04T09:50:03","slug":"credit-auto","status":"publish","type":"page","link":"https:\/\/loanstar.com\/fr\/credit-en-ligne\/credit-auto\/","title":{"rendered":"Cr\u00e9dit auto"},"content":{"rendered":"<h2>Les pi\u00e8ces \u00e0 fournir pour un cr\u00e9dit auto<\/h2>\n<p>Vous le savez sans doute, il y a des documents \u00e0 pr\u00e9senter lorsqu\u2019on demande un cr\u00e9dit auto et cela quelle que soit l\u2019institution. Voici la liste type des documents qui pourront vous \u00eatre demand\u00e9s :<\/p>\n<ul>\n<li>Pi\u00e8ce d\u2019identit\u00e9 ou titre de s\u00e9jour (photocopie) en cours de validit\u00e9<\/li>\n<li>Un justificatif de domicile r\u00e9cent (dernier mois)<\/li>\n<li>Une copie des trois derniers bulletins de salaire<\/li>\n<li>Un relev\u00e9 d\u2019identit\u00e9 bancaire<\/li>\n<li>Un justificatif de l\u2019\u00e9ventuel apport personnel<\/li>\n<li>Le bon de commande du concessionnaire ou du garage.<\/li>\n<\/ul>\n<p>Nous ne donnons cette liste qu&rsquo;\u00e0 titre indicatif car chaque institution a le droit de vous demander d\u2019autres documents. C\u2019est la loi qui ordonne aux institutions de v\u00e9rifier la solvabilit\u00e9 de l\u2019emprunteur. Cette mesure vise \u00e0 emp\u00eacher le surendettement du consommateur et, bien s\u00fbr, la perte caus\u00e9e \u00e0 l\u2019institution pr\u00eateuse.<\/p>\n<h2>La d\u00e9finition du cr\u00e9dit auto<\/h2>\n<p>Un cr\u00e9dit auto est un cr\u00e9dit destin\u00e9 \u00e0 l\u2019achat d\u2019une voiture neuve ou d\u2019occasion. La particularit\u00e9 du pr\u00eat auto est qu\u2019il doit \u00eatre utilis\u00e9 exclusivement pour l\u2019achat d\u2019une voiture. On appelle cela un pr\u00eat affect\u00e9.<\/p>\n<p>Vous ne pourrez pas l\u2019utiliser pour autre chose s\u2019il s\u2019agit d\u2019un pr\u00eat auto. Si vous souhaitez par ailleurs souscrire un pr\u00eat pour une autre sorte de moyen de transport, une moto ou un bateau par exemple, vous pourrez trouver une offre similaire \u00e0 celle du cr\u00e9dit auto. \u00c0 ne pas confondre donc avec le pr\u00eat personnel auto qui, lui, n\u2019est pas affect\u00e9.<\/p>\n<p>Des pr\u00eats autos existent chez le concessionnaire. Mais attention, ces derniers\u00a0 pratiquent des taux plus \u00e9lev\u00e9s que les banques. En outre, en cas de difficult\u00e9s,\u00a0 les banques vous sortiront de l&rsquo;impasse en \u00e9tablissant un plan de financement adapt\u00e9 \u00e0 votre situation. Cela ne sera pas forc\u00e9ment le cas avec le concessionnaire qui, lui, est l\u00e0 pour vendre des voitures.<\/p>\n<h2>Qui peut b\u00e9n\u00e9ficier du cr\u00e9dit auto<\/h2>\n<p>Comme pour beaucoup de cr\u00e9dits, toute personne majeure ayant un revenu peut obtenir un cr\u00e9dit auto. Mais d\u2019autres offres de cr\u00e9dit existent sur internet, pour d\u2019autres cat\u00e9gories que celle des personnes actives et majeures.<\/p>\n<p>Mais attention, le cr\u00e9dit auto n\u2019est pas accessible \u00e0 tous. Il y a des conditions \u00e0 remplir et, parmi ces conditions, on trouve les suivantes :<\/p>\n<ul>\n<li>Ne pas \u00eatre surendett\u00e9 : votre taux d\u2019endettement doit \u00eatre sous contr\u00f4le (veillez \u00e0 bien renseigner tous les \u00e9l\u00e9ments relatifs \u00e0 vos pr\u00eats personnels)<\/li>\n<li>Si votre taux d\u2019endettement est sup\u00e9rieur \u00e0 30% de votre revenu, le cr\u00e9dit auto vous sera sans doute refus\u00e9 car il y aura risque de surendettement et donc difficult\u00e9s de paiement.<\/li>\n<\/ul>\n<p>\u00c0 noter : m\u00eame ceux ceux qui n\u2019ont pas de salaire peuvent avoir acc\u00e8s \u00e0 certains cr\u00e9dit. Il y a la possibilit\u00e9 d\u2019emprunter \u00e0 la CAF pour remplacer son v\u00e9hicule par exemple.<\/p>\n<h2>Combien de temps dure le cr\u00e9dit auto ?<\/h2>\n<p>La loi n&rsquo;en dit rien mais la dur\u00e9e varie g\u00e9n\u00e9ralement de 2 ou 3 mois \u00e0 84 mois. Plus vous allongez la dur\u00e9e du pr\u00eat, plus vous payez d&rsquo;int\u00e9r\u00eats, mais les mensualit\u00e9s s\u2019en trouvent bien s\u00fbr r\u00e9duites.<\/p>\n<p>La dur\u00e9e de votre cr\u00e9dit d\u00e9pend aussi du prix de la voiture. Est-ce une voiture de luxe ou une petite voiture \u00e9conomique ? Si vous gagnez bien votre vie, vous allez sans doute acheter une voiture un peu plus ch\u00e8re que la moyenne, cela d\u00e9pendra de vos go\u00fbts bien entendu. La mensualit\u00e9 sera probablement plus importante. Dans tous les cas, c\u2019est \u00e0 vous de d\u00e9cider selon vos moyens et votre capacit\u00e9 de remboursement.<\/p>\n<h2>Les avantages du cr\u00e9dit auto<\/h2>\n<p>Le cr\u00e9dit auto pr\u00e9sente \u00e9galement l&rsquo;avantage d&rsquo;\u00eatre automatiquement annul\u00e9 si vous ne recevez pas la voiture. Alors que si vous achetez la voiture avec un cr\u00e9dit personnel, vous devrez payer l\u2019int\u00e9gralit\u00e9 des mensualit\u00e9s, m\u00eame en cas de panne.<\/p>\n<p>En outre, en achetant avec un cr\u00e9dit auto et pour des mensualit\u00e9s peu \u00e9lev\u00e9es, vous obtiendrez peut-\u00eatre le v\u00e9hicule de vos r\u00eaves sans devoir puiser dans vos \u00e9conomies. (L\u2019id\u00e9al \u00e9tant de contracter un emprunt intelligemment et sans se ruiner).<\/p>\n<p>Dans certains cas, vous avez aussi la possibilit\u00e9 de payer la totalit\u00e9 du cr\u00e9dit avant la fin de la dur\u00e9e indiqu\u00e9e dans le contrat. Un h\u00e9ritage ou un gain au loto vous permettront de vous en lib\u00e9rer imm\u00e9diatement.<\/p>\n<p>Comme pour d\u2019autres cr\u00e9dits, vous pouvez \u00e9galement faire une pause dans le paiement de vos mensualit\u00e9s dans les cas suivants :<\/p>\n<ul>\n<li>Vous souhaitez prendre des vacances et utiliser la somme d\u2019argent r\u00e9serv\u00e9e pour rembourser votre pr\u00eat v\u00e9hicule d\u2019une autre mani\u00e8re<\/li>\n<li>Vous avez quelques difficult\u00e9s de tr\u00e9sorerie et vous vous dites qu\u2019<a href=\"http:\/\/loanstar.com\/fr\/reduction-mensualites-credit\/\" target=\"_blank\" rel=\"noopener noreferrer\">une petite pause vous ferait du bien<\/a><\/li>\n<li>Une situation impr\u00e9vue, vous avez soudainement besoin d\u2019une somme d\u2019argent et la mensualit\u00e9 r\u00e9duit cette option<\/li>\n<\/ul>\n<p>Dans tous les cas, n\u2019oubliez pas de communiquer avec votre banquier. Ces clauses devraient figurer dans votre contrat. Lorsque vous \u00eates \u00e0 la recherche d\u2019un cr\u00e9dit auto, n&rsquo;omettez pas de clarifier ce genre de questions avant la signature d\u00e9finitive.<\/p>\n<p>Les organisations financi\u00e8res ont l\u2019habitude de traiter des dossiers. Elles les \u00e9tudient au cas par cas, acceptent de proposer des cr\u00e9dits \u00e0 certains, les refusent \u00e0 d\u2019autres. Si votre dossier est bon, l\u2019organisme pr\u00eateur vous suivra dans votre projet.<\/p>\n<h2>Les inconv\u00e9nients du cr\u00e9dit auto<\/h2>\n<p>Vous \u00eates heureux au volant de votre nouvelle voiture, en revanche n\u2019oubliez pas qu\u2019un cr\u00e9dit auto, comme tous les autres cr\u00e9dits, est une dette qu\u2019il faudra rembourser dans la dur\u00e9e. <a href=\"https:\/\/www.caf.fr\/allocataires\/vies-de-famille\/accident-de-vie-precarite\/difficultes-financieres\/le-credit-a-consommer-avec-moderation\" target=\"_blank\" rel=\"noopener noreferrer\">Il est donc n\u00e9cessaire de ne pas accumuler trop de dettes afin de ne pas se retrouver dans une situation difficile.<\/a><\/p>\n<p>Les frais de dossier s\u2019ajoutent au cr\u00e9dit auto, il ne faut pas n\u00e9gliger ce d\u00e9tail. En outre, lorsque vous achetez une voiture, songez qu\u2019en plus de rembourser votre cr\u00e9dit auto, vous aurez d\u2019autres frais li\u00e9s \u00e0 votre voiture, tels que l\u2019assurance, l\u2019essence, les r\u00e9parations \u00e0 venir, etc&#8230;<\/p>\n<h2>Nos conseils pour trouver le meilleur cr\u00e9dit auto<\/h2>\n<p>Comme pour tout cr\u00e9dit, nous vous recommandons de bien faire votre recherche, de prendre votre temps, d\u2019\u00e9tudier toutes les propositions et de ne pas h\u00e9siter \u00e0 vous servir des simulateurs qui vous permettront de mieux calculer et de mieux comprendre votre futur cr\u00e9dit.<\/p>\n<p>Un second conseil : Ne visez pas trop haut. Pensez pratique, en fonction de la composition de votre famille et mettez de c\u00f4t\u00e9 les envies saugrenues qui vous co\u00fbteraient les yeux de la t\u00eate. La raison est toujours la meilleure option, quelle que soit votre envie de d\u00e9part. Veillez surtout \u00e0 pouvoir rembourser votre cr\u00e9dit auto sans vous retrouver dans une situation de pr\u00e9carit\u00e9.<\/p>\n","protected":false},"excerpt":{"rendered":"<p>Les pi\u00e8ces \u00e0 fournir pour un cr\u00e9dit auto Vous le savez sans doute, il y a des documents \u00e0 pr\u00e9senter&#8230;<\/p>\n","protected":false},"author":1,"featured_media":258,"parent":128,"menu_order":0,"comment_status":"closed","ping_status":"closed","template":"templates\/calculator-follow-up.php","meta":{"footnotes":""},"yoast_head":"<!-- This site is optimized with the Yoast SEO plugin v21.0 - https:\/\/yoast.com\/wordpress\/plugins\/seo\/ -->\n<title>Cr\u00e9dit auto, conseils et d\u00e9marches pour obtenir le meilleur taux<\/title>\n<meta name=\"description\" content=\"Cr\u00e9dit auto, est-ce la meilleure fa\u00e7on de financer votre prochaine voiture\u00a0? Notre analyse des avantages et des inconv\u00e9nients du cr\u00e9dit auto.\" \/>\n<meta name=\"robots\" content=\"index, follow, max-snippet:-1, max-image-preview:large, max-video-preview:-1\" \/>\n<link rel=\"canonical\" href=\"https:\/\/loanstar.com\/fr\/credit-en-ligne\/credit-auto\/\" \/>\n<meta property=\"og:locale\" content=\"fr_FR\" \/>\n<meta property=\"og:type\" content=\"article\" \/>\n<meta property=\"og:title\" content=\"Cr\u00e9dit auto, conseils et d\u00e9marches pour obtenir le meilleur taux\" \/>\n<meta property=\"og:description\" content=\"Cr\u00e9dit auto, est-ce la meilleure fa\u00e7on de financer votre prochaine voiture\u00a0? Notre analyse des avantages et des inconv\u00e9nients du cr\u00e9dit auto.\" \/>\n<meta property=\"og:url\" content=\"https:\/\/loanstar.com\/fr\/credit-en-ligne\/credit-auto\/\" \/>\n<meta property=\"og:site_name\" content=\"LoanStar France\" \/>\n<meta property=\"article:modified_time\" content=\"2019-07-04T09:50:03+00:00\" \/>\n<meta property=\"og:image\" content=\"https:\/\/loanstar.com\/fr\/wp-content\/uploads\/sites\/15\/2019\/06\/Plan-de-travail-7.png\" \/>\n\t<meta property=\"og:image:width\" content=\"1500\" \/>\n\t<meta property=\"og:image:height\" content=\"1500\" \/>\n\t<meta property=\"og:image:type\" content=\"image\/png\" \/>\n<meta name=\"twitter:card\" content=\"summary_large_image\" \/>\n<meta name=\"twitter:label1\" content=\"Dur\u00e9e de lecture estim\u00e9e\" \/>\n\t<meta name=\"twitter:data1\" content=\"6 minutes\" \/>\n<script type=\"application\/ld+json\" class=\"yoast-schema-graph\">{\"@context\":\"https:\/\/schema.org\",\"@graph\":[{\"@type\":\"WebPage\",\"@id\":\"https:\/\/loanstar.com\/fr\/credit-en-ligne\/credit-auto\/\",\"url\":\"https:\/\/loanstar.com\/fr\/credit-en-ligne\/credit-auto\/\",\"name\":\"Cr\u00e9dit auto, conseils et d\u00e9marches pour obtenir le meilleur taux\",\"isPartOf\":{\"@id\":\"https:\/\/loanstar.com\/fr\/#website\"},\"datePublished\":\"2018-10-05T18:59:21+00:00\",\"dateModified\":\"2019-07-04T09:50:03+00:00\",\"description\":\"Cr\u00e9dit auto, est-ce la meilleure fa\u00e7on de financer votre prochaine voiture\u00a0? Notre analyse des avantages et des inconv\u00e9nients du cr\u00e9dit auto.\",\"breadcrumb\":{\"@id\":\"https:\/\/loanstar.com\/fr\/credit-en-ligne\/credit-auto\/#breadcrumb\"},\"inLanguage\":\"fr-FR\",\"potentialAction\":[{\"@type\":\"ReadAction\",\"target\":[\"https:\/\/loanstar.com\/fr\/credit-en-ligne\/credit-auto\/\"]}]},{\"@type\":\"BreadcrumbList\",\"@id\":\"https:\/\/loanstar.com\/fr\/credit-en-ligne\/credit-auto\/#breadcrumb\",\"itemListElement\":[{\"@type\":\"ListItem\",\"position\":1,\"name\":\"France\",\"item\":\"https:\/\/loanstar.com\/fr\/\"},{\"@type\":\"ListItem\",\"position\":2,\"name\":\"Cr\u00e9dit en ligne\",\"item\":\"https:\/\/loanstar.com\/fr\/credit-en-ligne\/\"},{\"@type\":\"ListItem\",\"position\":3,\"name\":\"Cr\u00e9dit auto\"}]},{\"@type\":\"WebSite\",\"@id\":\"https:\/\/loanstar.com\/fr\/#website\",\"url\":\"https:\/\/loanstar.com\/fr\/\",\"name\":\"LoanStar France\",\"description\":\"Comparer les pr\u00eats\",\"potentialAction\":[{\"@type\":\"SearchAction\",\"target\":{\"@type\":\"EntryPoint\",\"urlTemplate\":\"https:\/\/loanstar.com\/fr\/?s={search_term_string}\"},\"query-input\":\"required name=search_term_string\"}],\"inLanguage\":\"fr-FR\"}]}<\/script>\n<!-- \/ Yoast SEO plugin. -->","yoast_head_json":{"title":"Cr\u00e9dit auto, conseils et d\u00e9marches pour obtenir le meilleur taux","description":"Cr\u00e9dit auto, est-ce la meilleure fa\u00e7on de financer votre prochaine voiture\u00a0? Notre analyse des avantages et des inconv\u00e9nients du cr\u00e9dit auto.","robots":{"index":"index","follow":"follow","max-snippet":"max-snippet:-1","max-image-preview":"max-image-preview:large","max-video-preview":"max-video-preview:-1"},"canonical":"https:\/\/loanstar.com\/fr\/credit-en-ligne\/credit-auto\/","og_locale":"fr_FR","og_type":"article","og_title":"Cr\u00e9dit auto, conseils et d\u00e9marches pour obtenir le meilleur taux","og_description":"Cr\u00e9dit auto, est-ce la meilleure fa\u00e7on de financer votre prochaine voiture\u00a0? Notre analyse des avantages et des inconv\u00e9nients du cr\u00e9dit auto.","og_url":"https:\/\/loanstar.com\/fr\/credit-en-ligne\/credit-auto\/","og_site_name":"LoanStar France","article_modified_time":"2019-07-04T09:50:03+00:00","og_image":[{"width":1500,"height":1500,"url":"https:\/\/loanstar.com\/fr\/wp-content\/uploads\/sites\/15\/2019\/06\/Plan-de-travail-7.png","type":"image\/png"}],"twitter_card":"summary_large_image","twitter_misc":{"Dur\u00e9e de lecture estim\u00e9e":"6 minutes"},"schema":{"@context":"https:\/\/schema.org","@graph":[{"@type":"WebPage","@id":"https:\/\/loanstar.com\/fr\/credit-en-ligne\/credit-auto\/","url":"https:\/\/loanstar.com\/fr\/credit-en-ligne\/credit-auto\/","name":"Cr\u00e9dit auto, conseils et d\u00e9marches pour obtenir le meilleur taux","isPartOf":{"@id":"https:\/\/loanstar.com\/fr\/#website"},"datePublished":"2018-10-05T18:59:21+00:00","dateModified":"2019-07-04T09:50:03+00:00","description":"Cr\u00e9dit auto, est-ce la meilleure fa\u00e7on de financer votre prochaine voiture\u00a0? Notre analyse des avantages et des inconv\u00e9nients du cr\u00e9dit auto.","breadcrumb":{"@id":"https:\/\/loanstar.com\/fr\/credit-en-ligne\/credit-auto\/#breadcrumb"},"inLanguage":"fr-FR","potentialAction":[{"@type":"ReadAction","target":["https:\/\/loanstar.com\/fr\/credit-en-ligne\/credit-auto\/"]}]},{"@type":"BreadcrumbList","@id":"https:\/\/loanstar.com\/fr\/credit-en-ligne\/credit-auto\/#breadcrumb","itemListElement":[{"@type":"ListItem","position":1,"name":"France","item":"https:\/\/loanstar.com\/fr\/"},{"@type":"ListItem","position":2,"name":"Cr\u00e9dit en ligne","item":"https:\/\/loanstar.com\/fr\/credit-en-ligne\/"},{"@type":"ListItem","position":3,"name":"Cr\u00e9dit auto"}]},{"@type":"WebSite","@id":"https:\/\/loanstar.com\/fr\/#website","url":"https:\/\/loanstar.com\/fr\/","name":"LoanStar France","description":"Comparer les pr\u00eats","potentialAction":[{"@type":"SearchAction","target":{"@type":"EntryPoint","urlTemplate":"https:\/\/loanstar.com\/fr\/?s={search_term_string}"},"query-input":"required name=search_term_string"}],"inLanguage":"fr-FR"}]}},"_links":{"self":[{"href":"https:\/\/loanstar.com\/fr\/wp-json\/wp\/v2\/pages\/149"}],"collection":[{"href":"https:\/\/loanstar.com\/fr\/wp-json\/wp\/v2\/pages"}],"about":[{"href":"https:\/\/loanstar.com\/fr\/wp-json\/wp\/v2\/types\/page"}],"author":[{"embeddable":true,"href":"https:\/\/loanstar.com\/fr\/wp-json\/wp\/v2\/users\/1"}],"replies":[{"embeddable":true,"href":"https:\/\/loanstar.com\/fr\/wp-json\/wp\/v2\/comments?post=149"}],"version-history":[{"count":3,"href":"https:\/\/loanstar.com\/fr\/wp-json\/wp\/v2\/pages\/149\/revisions"}],"predecessor-version":[{"id":257,"href":"https:\/\/loanstar.com\/fr\/wp-json\/wp\/v2\/pages\/149\/revisions\/257"}],"up":[{"embeddable":true,"href":"https:\/\/loanstar.com\/fr\/wp-json\/wp\/v2\/pages\/128"}],"wp:featuredmedia":[{"embeddable":true,"href":"https:\/\/loanstar.com\/fr\/wp-json\/wp\/v2\/media\/258"}],"wp:attachment":[{"href":"https:\/\/loanstar.com\/fr\/wp-json\/wp\/v2\/media?parent=149"}],"curies":[{"name":"wp","href":"https:\/\/api.w.org\/{rel}","templated":true}]}}