{"id":147,"date":"2018-10-05T18:54:58","date_gmt":"2018-10-05T18:54:58","guid":{"rendered":"http:\/\/loanstar.com\/fr\/?page_id=147"},"modified":"2019-07-04T14:18:07","modified_gmt":"2019-07-04T12:18:07","slug":"credit-rapide","status":"publish","type":"page","link":"https:\/\/loanstar.com\/fr\/credit-en-ligne\/credit-rapide\/","title":{"rendered":"Cr\u00e9dit rapide"},"content":{"rendered":"<h2>Le cr\u00e9dit rapide en clair<\/h2>\n<p>Un cr\u00e9dit rapide est une solution de pr\u00eat express. Il permet de pallier une fin de mois difficile ou de faire face \u00e0 une d\u00e9pense impr\u00e9vue. Ce type de pr\u00eat peut \u00eatre accord\u00e9 par une banque ou par un organisme de cr\u00e9dit. Il concerne des sommes allant de 50 \u20ac \u00e0 3 000 \u20ac\u00a0 bien que la somme maximum propos\u00e9e soit g\u00e9n\u00e9ralement limit\u00e9e \u00e0 1 000 \u20ac. Pour des sommes sup\u00e9rieures, jetez un coup d&rsquo;\u0153il sur nos articles concernant les pr\u00eats \u00e0 la consommation.<\/p>\n<p>Dans le cadre d&rsquo;un cr\u00e9dit rapide, aussi appel\u00e9 micro-cr\u00e9dit ou cr\u00e9dit express, les sommes sont vers\u00e9es au demandeur tr\u00e8s rapidement, dans les 24h pour les sommes inf\u00e9rieures \u00e0 200 \u20ac ou dans les 7 jours au del\u00e0.<\/p>\n<p>Vous pourrez faire une demande de cr\u00e9dit rapide directement en ligne. Dans la plupart des cas, vous recevrez une r\u00e9ponse presque imm\u00e9diatement. Ces cr\u00e9dits doivent \u00eatre rembours\u00e9s sur une p\u00e9riode allant de 7 jours \u00e0 trois mois.<\/p>\n<p>Avec un cr\u00e9dit rapide, vous n&rsquo;avez pas \u00e0 justifier de l&rsquo;utilisation de l&rsquo;argent aupr\u00e8s de l&rsquo;organisme pr\u00eateur. Les formalit\u00e9s administratives sont \u00e9galement r\u00e9duites au minimum.<\/p>\n<h2>Comment obtenir un cr\u00e9dit rapide ?<\/h2>\n<h3>Le cr\u00e9dit rapide \u00e9tape par \u00e9tape<\/h3>\n<p>Pour commencer, comparez les offres de cr\u00e9dits en ligne. Selon le site et la somme emprunt\u00e9e, les d\u00e9lais de remboursement peuvent varier. Une fois que vous avez choisi un site, les \u00e9tapes sont les suivantes :<\/p>\n<ul>\n<li>Choisissez le montant et la dur\u00e9e du pr\u00eat<\/li>\n<li>Vous aurez alors \u00e0 remplir un formulaire en ligne avec quelques informations de base : nationalit\u00e9, date de naissance, num\u00e9ro de t\u00e9l\u00e9phone etc.<\/li>\n<li>Une fois le formulaire envoy\u00e9, l&rsquo;organisme acceptera ou refusera votre demande. Vous recevrez cette r\u00e9ponse de principe presque instantan\u00e9ment dans le meilleur des cas ou au plus sous quelques heures.<\/li>\n<li>Si votre demande est accept\u00e9e, vous devrez alors envoyer vos justificatifs (justificatif de domicile, pi\u00e8ce d&rsquo;identit\u00e9, RIB) par email.<\/li>\n<li>Une fois tous les documents valid\u00e9s, vous recevrez l&rsquo;argent directement sur votre compte.<\/li>\n<\/ul>\n<h2>Comment rembourser mon cr\u00e9dit rapide ?<\/h2>\n<p>\u00c0 l&rsquo;issue du terme de votre contrat de pr\u00eat, vous devez rembourser la somme emprunt\u00e9e ainsi que les int\u00e9r\u00eats. Pour cela, vous pouvez choisir entre :<\/p>\n<ul>\n<li>Faire un virement bancaire \u00e0 l&rsquo;organisme de cr\u00e9dit. Au moment de votre demande de pr\u00eat, celui-ci vous indiquera le num\u00e9ro de compte vers lequel transf\u00e9rer l&rsquo;argent. Si vous choisissez cette option, pensez \u00e0 autoriser ce virement \u00e0 l&rsquo;avance ! Les banques fran\u00e7aises imposent souvent des d\u00e9lais de plusieurs jours avant de valider un virement vers un nouveau b\u00e9n\u00e9ficiaire<\/li>\n<li>Certains organismes proposent de pr\u00e9lever directement la somme sur votre compte \u00e0 l&rsquo;issue du terme. Avec cette option, vous n&rsquo;avez rien \u00e0 faire. Assurez-vous cependant d&rsquo;avoir l&rsquo;argent sur votre compte pour que le d\u00e9bit ne soit pas refus\u00e9. Cela entra\u00eenerait des p\u00e9nalit\u00e9s de retard.<\/li>\n<li>Enfin, vous pouvez rembourser votre pr\u00eat par carte bancaire en effectuant un paiement en ligne directement sur le site de l&rsquo;organisme qui vous a accord\u00e9 le pr\u00eat. Cette solution est sans doute la plus simple. Elle vous permet \u00e9galement de rembourser votre pr\u00eat en avance et ainsi d&rsquo;\u00e9conomiser une partie des int\u00e9r\u00eats journaliers.<\/li>\n<\/ul>\n<h2>Qui peut demander un cr\u00e9dit rapide ?<\/h2>\n<p>En plus d&rsquo;\u00eatre extr\u00eamement pratique, le cr\u00e9dit rapide peut \u00eatre demand\u00e9 par toute personne qui a des revenus et est majeure. Du moment que vous avez la capacit\u00e9 de rembourser votre cr\u00e9dit \u00e0 la date fix\u00e9e (car c&rsquo;est un contrat qui vous engage), vous pouvez faire une demande de pr\u00eat quelle que soit votre situation professionnelle ou familiale.<\/p>\n<p>Contrairement aux cr\u00e9dits \u00e0 la consommation ou aux pr\u00eats immobiliers, le cr\u00e9dit rapide est accessible \u00e9galement aux personnes fich\u00e9es \u00e0 la Banque de France.<\/p>\n<h2>Le cr\u00e9dit rapide est-il la meilleure option pour moi ?<\/h2>\n<p>Si votre besoin financier n\u2019est pas urgent ou que vous voulez financer un projet ou un achat sur le long terme, le cr\u00e9dit rapide n\u2019est pas l\u2019option la plus avantageuse. Renseignez-vous plut\u00f4t sur les pr\u00eats personnels aupr\u00e8s de votre banque. En revanche, si vous avez besoin d\u2019une petite somme et cela rapidement, le cr\u00e9dit rapide est la meilleure solution.<\/p>\n<p>Quelques exemple d\u2019utilisation du cr\u00e9dit rapide :<\/p>\n<ul>\n<li>Une avance sur salaire<\/li>\n<li>R\u00e9gler une facture impr\u00e9vue<\/li>\n<li>Payer votre d\u00e9m\u00e9nagement<\/li>\n<li>Acheter des billets d\u2019avions avant que les prix ne montent<\/li>\n<li>Financer une formation professionnelle<\/li>\n<li>Profiter des soldes avant que votre salaire ne soit cr\u00e9dit\u00e9 sur votre compte<\/li>\n<\/ul>\n<h2>Quel est le taux d\u2019int\u00e9r\u00eat d\u2019un cr\u00e9dit rapide ?<\/h2>\n<p>Le cr\u00e9dit rapide a un taux d\u2019int\u00e9r\u00eat fixe. Il ne d\u00e9pend pas de vos revenus et ne peut pas \u00eatre n\u00e9goci\u00e9. La rapidit\u00e9 des d\u00e9marches et du transfert de l\u2019argent sont les arguments principaux des sites de pr\u00eats. Ces avantages justifient des taux souvent plus \u00e9lev\u00e9s que pour des pr\u00eats \u00e0 la consommation plus longs.<\/p>\n<p>Pour simplifier les conditions du pr\u00eat, les cr\u00e9dits rapides ont toujours un taux annuel fixe (TAE &#8211; Taux Annuel Effectif) parfois appel\u00e9 TAEG (Taux Annuel Effectif Global) s\u2019il contient \u00e9galement les frais de dossier et d\u2019assurance. Pour calculer le montant exact des int\u00e9r\u00eats \u00e0 rembourser, il suffit de diviser le taux annuel par le nombre de jours o\u00f9 vous voulez emprunter.<\/p>\n<p>Un cr\u00e9dit rapide a g\u00e9n\u00e9ralement un taux standard d&rsquo;environ 18%. Ce taux peut varier l\u00e9g\u00e8rement selon la dur\u00e9e de l\u2019emprunt et la somme demand\u00e9e. Si 18% vous semble \u00eatre un taux tr\u00e8s \u00e9lev\u00e9, n\u2019oubliez pas qu\u2019un cr\u00e9dit rapide se fait sur une courte dur\u00e9e, ce qui limite consid\u00e9rablement les frais. A titre d\u2019exemple, pour un emprunt de 100 \u20ac rembours\u00e9 au bout de 30 jours, les int\u00e9r\u00eats seront de seulement 1,5 \u20ac avec un TAEG de 18%. Pour en comprendre le d\u00e9tail :<br \/>\nUn taux Annuel de 18% sur 100 \u20ac repr\u00e9senterait 118 \u20ac au bout d\u2019un an, dont 18 \u20ac d\u2019int\u00e9r\u00eats.<br \/>\nDivis\u00e9 par 12 mois, cela se r\u00e9duit \u00e0 1,50 \u20ac par mois et donc vous n\u2019aurez que 101,50 \u20ac \u00e0 rembourser au bout de 30 jours.<\/p>\n<h2>Quels sont les avantages d\u2019un cr\u00e9dit rapide ?<\/h2>\n<p>Avec un cr\u00e9dit rapide, vous \u00e9vitez les d\u00e9lais interminables souvent impos\u00e9s par les banques et vous pouvez :<\/p>\n<ul>\n<li>Faire votre demande de pr\u00eat en ligne depuis votre domicile<\/li>\n<li>Pas d\u2019horaires d\u2019ouverture \u00e0 respecter, vous pouvez faire votre demande 7 jours sur 7, 24\/24h<\/li>\n<li>La proc\u00e9dure est simplifi\u00e9e. Peu de documents \u00e0 fournir et possibilit\u00e9 de les envoyer directement par email<\/li>\n<li>Pas besoin de justifier l\u2019utilisation de l\u2019argent, vous pouvez le d\u00e9penser comme vous voulez<\/li>\n<li>Un taux fixe qui \u00e9vite les mauvaises surprises. La somme exacte \u00e0 rembourser est indiqu\u00e9e d\u00e8s que votre demande est accept\u00e9e et tous les frais de dossier sont d\u00e9j\u00e0 inclus<\/li>\n<li>L\u2019argent est vers\u00e9 sur votre compte tr\u00e8s rapidement<\/li>\n<li>D\u00e8s que vous avez rembours\u00e9 votre cr\u00e9dit, vous pouvez faire une nouvelle demande<\/li>\n<li>Vous pouvez\u00a0 emprunter m\u00eame sans revenus stables ou en \u00e9tant fich\u00e9 \u00e0 la Banque de France.<\/li>\n<\/ul>\n<h2>Renouveler un cr\u00e9dit rapide<\/h2>\n<p>Deux options s\u2019offrent \u00e0 vous si vous voulez emprunter r\u00e9guli\u00e8rement :<\/p>\n<ul>\n<li>Vous pouvez souscrire un cr\u00e9dit renouvelable. C\u2019est un contrat entre l\u2019organisme financier et le demandeur avec une somme maximum pr\u00e9\u00e9tablie. Ce montant peut \u00eatre emprunt\u00e9 \u00e0 tout moment pendant la dur\u00e9e du contrat, moyennant des int\u00e9r\u00eats.<\/li>\n<li>Si vous avez d\u00e9j\u00e0 emprunt\u00e9 aupr\u00e8s d\u2019un organisme financier, celui-ci poss\u00e8de d\u00e9j\u00e0 toutes vos informations. Vous n&rsquo;aurez donc pas \u00e0 lui fournir \u00e0 nouveau vos justificatifs. Ainsi, les d\u00e9lais seront r\u00e9duits si vous voulez faire une nouvelle demande car l&rsquo;organisme n\u2019aura pas \u00e0 refaire de v\u00e9rifications. De plus, certains organismes vous permettent m\u00eame de faire votre demande directement par SMS, en envoyant simplement le montant de la somme demand\u00e9e + dur\u00e9e du pr\u00eat \u00e0 un num\u00e9ro pr\u00e9d\u00e9fini. Vous recevrez alors la r\u00e9ponse directement sur votre portable.<\/li>\n<\/ul>\n<h2>Puis-je avoir confiance en n\u2019importe quel organisme pour un cr\u00e9dit rapide ?<\/h2>\n<p>Avant toute demande de pr\u00eat, renseignez-vous un peu sur l\u2019organisme s\u2019il ne s\u2019agit pas d\u2019une banque traditionnelle. M\u00e9fiez-vous si le site accepte de vous verser n\u2019importe quelle somme sous 24h, cela n&rsquo;est pas cr\u00e9dible.<\/p>\n<p>En effet, <a href=\"https:\/\/www.economie.gouv.fr\/particuliers\/tout-savoir-credit-consommation\" target=\"_blank\" rel=\"noopener noreferrer\">la r\u00e9glementation fran\u00e7aise impose un d\u00e9lai de 7 jours permettant aux deux parties de se r\u00e9tracter pour tout pr\u00eat sup\u00e9rieur \u00e0 200 \u20ac.<\/a> Attention donc aux sites v\u00e9reux qui profitent de la faiblesse des personnes en d\u00e9tresse financi\u00e8re pour obtenir leurs informations. Pas d\u2019inqui\u00e9tude en revanche si le site vous promet simplement une r\u00e9ponse sous 24h.<\/p>\n<h2>Quelles alternatives au cr\u00e9dit rapide ?<\/h2>\n<p>Vous pensez qu\u2019un cr\u00e9dit rapide n\u2019est pas la meilleure solution pour vous ? Vous avez besoin de plus d\u2019argent pour financer un projet plus ambitieux ? Jetez un coup d&rsquo;oeil sur nos autres articles. Qu&rsquo;il s&rsquo;agisse d&rsquo;un <a href=\"http:\/\/loanstar.com\/fr\/credit-en-ligne\/credit-auto\/\" target=\"_blank\" rel=\"noopener noreferrer\">Pr\u00eat Auto<\/a>, d&rsquo;un <a href=\"http:\/\/loanstar.com\/fr\/credit-en-ligne\/pret-immobilier\/\" target=\"_blank\" rel=\"noopener noreferrer\">Pr\u00eat immobilier<\/a>, ou d&rsquo;un <a href=\"http:\/\/loanstar.com\/fr\/credit-en-ligne\/pret-personnel\/\" target=\"_blank\" rel=\"noopener noreferrer\">Cr\u00e9dit \u00e0 la Consommation<\/a>, vous trouverez sur ce site des articles complets et des comparateurs pour choisir votre pr\u00eat en toute s\u00e9r\u00e9nit\u00e9.<\/p>\n","protected":false},"excerpt":{"rendered":"<p>Le cr\u00e9dit rapide en clair Un cr\u00e9dit rapide est une solution de pr\u00eat express. Il permet de pallier une fin&#8230;<\/p>\n","protected":false},"author":1,"featured_media":260,"parent":128,"menu_order":0,"comment_status":"closed","ping_status":"closed","template":"templates\/calculator-follow-up.php","meta":{"footnotes":""},"yoast_head":"<!-- This site is optimized with the Yoast SEO plugin v21.0 - https:\/\/yoast.com\/wordpress\/plugins\/seo\/ -->\n<title>Cr\u00e9dit rapide, avantages et inconv\u00e9nients, montant des pr\u00eats disponibles<\/title>\n<meta name=\"description\" content=\"Cr\u00e9dit rapide, avantages et inconv\u00e9nients. Combien d&#039;argent peut-on emprunter\u00a0? Quel est le taux d&#039;int\u00e9r\u00eat\u00a0? Quelle est la dur\u00e9e de remboursement\u00a0?\" \/>\n<meta name=\"robots\" content=\"index, follow, max-snippet:-1, max-image-preview:large, max-video-preview:-1\" \/>\n<link rel=\"canonical\" href=\"https:\/\/loanstar.com\/fr\/credit-en-ligne\/credit-rapide\/\" \/>\n<meta property=\"og:locale\" content=\"fr_FR\" \/>\n<meta property=\"og:type\" content=\"article\" \/>\n<meta property=\"og:title\" content=\"Cr\u00e9dit rapide, avantages et inconv\u00e9nients, montant des pr\u00eats disponibles\" \/>\n<meta property=\"og:description\" content=\"Cr\u00e9dit rapide, avantages et inconv\u00e9nients. Combien d&#039;argent peut-on emprunter\u00a0? Quel est le taux d&#039;int\u00e9r\u00eat\u00a0? Quelle est la dur\u00e9e de remboursement\u00a0?\" \/>\n<meta property=\"og:url\" content=\"https:\/\/loanstar.com\/fr\/credit-en-ligne\/credit-rapide\/\" \/>\n<meta property=\"og:site_name\" content=\"LoanStar France\" \/>\n<meta property=\"article:modified_time\" content=\"2019-07-04T12:18:07+00:00\" \/>\n<meta property=\"og:image\" content=\"https:\/\/loanstar.com\/fr\/wp-content\/uploads\/sites\/15\/2019\/06\/shutterstock_1254063661-Converti.png\" \/>\n\t<meta property=\"og:image:width\" content=\"337\" \/>\n\t<meta property=\"og:image:height\" content=\"335\" \/>\n\t<meta property=\"og:image:type\" content=\"image\/png\" \/>\n<meta name=\"twitter:card\" content=\"summary_large_image\" \/>\n<meta name=\"twitter:label1\" content=\"Dur\u00e9e de lecture estim\u00e9e\" \/>\n\t<meta name=\"twitter:data1\" content=\"8 minutes\" \/>\n<script type=\"application\/ld+json\" class=\"yoast-schema-graph\">{\"@context\":\"https:\/\/schema.org\",\"@graph\":[{\"@type\":\"WebPage\",\"@id\":\"https:\/\/loanstar.com\/fr\/credit-en-ligne\/credit-rapide\/\",\"url\":\"https:\/\/loanstar.com\/fr\/credit-en-ligne\/credit-rapide\/\",\"name\":\"Cr\u00e9dit rapide, avantages et inconv\u00e9nients, montant des pr\u00eats disponibles\",\"isPartOf\":{\"@id\":\"https:\/\/loanstar.com\/fr\/#website\"},\"datePublished\":\"2018-10-05T18:54:58+00:00\",\"dateModified\":\"2019-07-04T12:18:07+00:00\",\"description\":\"Cr\u00e9dit rapide, avantages et inconv\u00e9nients. Combien d'argent peut-on emprunter\u00a0? Quel est le taux d'int\u00e9r\u00eat\u00a0? Quelle est la dur\u00e9e de remboursement\u00a0?\",\"breadcrumb\":{\"@id\":\"https:\/\/loanstar.com\/fr\/credit-en-ligne\/credit-rapide\/#breadcrumb\"},\"inLanguage\":\"fr-FR\",\"potentialAction\":[{\"@type\":\"ReadAction\",\"target\":[\"https:\/\/loanstar.com\/fr\/credit-en-ligne\/credit-rapide\/\"]}]},{\"@type\":\"BreadcrumbList\",\"@id\":\"https:\/\/loanstar.com\/fr\/credit-en-ligne\/credit-rapide\/#breadcrumb\",\"itemListElement\":[{\"@type\":\"ListItem\",\"position\":1,\"name\":\"France\",\"item\":\"https:\/\/loanstar.com\/fr\/\"},{\"@type\":\"ListItem\",\"position\":2,\"name\":\"Cr\u00e9dit en ligne\",\"item\":\"https:\/\/loanstar.com\/fr\/credit-en-ligne\/\"},{\"@type\":\"ListItem\",\"position\":3,\"name\":\"Cr\u00e9dit rapide\"}]},{\"@type\":\"WebSite\",\"@id\":\"https:\/\/loanstar.com\/fr\/#website\",\"url\":\"https:\/\/loanstar.com\/fr\/\",\"name\":\"LoanStar France\",\"description\":\"Comparer les pr\u00eats\",\"potentialAction\":[{\"@type\":\"SearchAction\",\"target\":{\"@type\":\"EntryPoint\",\"urlTemplate\":\"https:\/\/loanstar.com\/fr\/?s={search_term_string}\"},\"query-input\":\"required name=search_term_string\"}],\"inLanguage\":\"fr-FR\"}]}<\/script>\n<!-- \/ Yoast SEO plugin. -->","yoast_head_json":{"title":"Cr\u00e9dit rapide, avantages et inconv\u00e9nients, montant des pr\u00eats disponibles","description":"Cr\u00e9dit rapide, avantages et inconv\u00e9nients. Combien d'argent peut-on emprunter\u00a0? Quel est le taux d'int\u00e9r\u00eat\u00a0? Quelle est la dur\u00e9e de remboursement\u00a0?","robots":{"index":"index","follow":"follow","max-snippet":"max-snippet:-1","max-image-preview":"max-image-preview:large","max-video-preview":"max-video-preview:-1"},"canonical":"https:\/\/loanstar.com\/fr\/credit-en-ligne\/credit-rapide\/","og_locale":"fr_FR","og_type":"article","og_title":"Cr\u00e9dit rapide, avantages et inconv\u00e9nients, montant des pr\u00eats disponibles","og_description":"Cr\u00e9dit rapide, avantages et inconv\u00e9nients. Combien d'argent peut-on emprunter\u00a0? Quel est le taux d'int\u00e9r\u00eat\u00a0? Quelle est la dur\u00e9e de remboursement\u00a0?","og_url":"https:\/\/loanstar.com\/fr\/credit-en-ligne\/credit-rapide\/","og_site_name":"LoanStar France","article_modified_time":"2019-07-04T12:18:07+00:00","og_image":[{"width":337,"height":335,"url":"https:\/\/loanstar.com\/fr\/wp-content\/uploads\/sites\/15\/2019\/06\/shutterstock_1254063661-Converti.png","type":"image\/png"}],"twitter_card":"summary_large_image","twitter_misc":{"Dur\u00e9e de lecture estim\u00e9e":"8 minutes"},"schema":{"@context":"https:\/\/schema.org","@graph":[{"@type":"WebPage","@id":"https:\/\/loanstar.com\/fr\/credit-en-ligne\/credit-rapide\/","url":"https:\/\/loanstar.com\/fr\/credit-en-ligne\/credit-rapide\/","name":"Cr\u00e9dit rapide, avantages et inconv\u00e9nients, montant des pr\u00eats disponibles","isPartOf":{"@id":"https:\/\/loanstar.com\/fr\/#website"},"datePublished":"2018-10-05T18:54:58+00:00","dateModified":"2019-07-04T12:18:07+00:00","description":"Cr\u00e9dit rapide, avantages et inconv\u00e9nients. Combien d'argent peut-on emprunter\u00a0? Quel est le taux d'int\u00e9r\u00eat\u00a0? Quelle est la dur\u00e9e de remboursement\u00a0?","breadcrumb":{"@id":"https:\/\/loanstar.com\/fr\/credit-en-ligne\/credit-rapide\/#breadcrumb"},"inLanguage":"fr-FR","potentialAction":[{"@type":"ReadAction","target":["https:\/\/loanstar.com\/fr\/credit-en-ligne\/credit-rapide\/"]}]},{"@type":"BreadcrumbList","@id":"https:\/\/loanstar.com\/fr\/credit-en-ligne\/credit-rapide\/#breadcrumb","itemListElement":[{"@type":"ListItem","position":1,"name":"France","item":"https:\/\/loanstar.com\/fr\/"},{"@type":"ListItem","position":2,"name":"Cr\u00e9dit en ligne","item":"https:\/\/loanstar.com\/fr\/credit-en-ligne\/"},{"@type":"ListItem","position":3,"name":"Cr\u00e9dit rapide"}]},{"@type":"WebSite","@id":"https:\/\/loanstar.com\/fr\/#website","url":"https:\/\/loanstar.com\/fr\/","name":"LoanStar France","description":"Comparer les pr\u00eats","potentialAction":[{"@type":"SearchAction","target":{"@type":"EntryPoint","urlTemplate":"https:\/\/loanstar.com\/fr\/?s={search_term_string}"},"query-input":"required name=search_term_string"}],"inLanguage":"fr-FR"}]}},"_links":{"self":[{"href":"https:\/\/loanstar.com\/fr\/wp-json\/wp\/v2\/pages\/147"}],"collection":[{"href":"https:\/\/loanstar.com\/fr\/wp-json\/wp\/v2\/pages"}],"about":[{"href":"https:\/\/loanstar.com\/fr\/wp-json\/wp\/v2\/types\/page"}],"author":[{"embeddable":true,"href":"https:\/\/loanstar.com\/fr\/wp-json\/wp\/v2\/users\/1"}],"replies":[{"embeddable":true,"href":"https:\/\/loanstar.com\/fr\/wp-json\/wp\/v2\/comments?post=147"}],"version-history":[{"count":3,"href":"https:\/\/loanstar.com\/fr\/wp-json\/wp\/v2\/pages\/147\/revisions"}],"predecessor-version":[{"id":280,"href":"https:\/\/loanstar.com\/fr\/wp-json\/wp\/v2\/pages\/147\/revisions\/280"}],"up":[{"embeddable":true,"href":"https:\/\/loanstar.com\/fr\/wp-json\/wp\/v2\/pages\/128"}],"wp:featuredmedia":[{"embeddable":true,"href":"https:\/\/loanstar.com\/fr\/wp-json\/wp\/v2\/media\/260"}],"wp:attachment":[{"href":"https:\/\/loanstar.com\/fr\/wp-json\/wp\/v2\/media?parent=147"}],"curies":[{"name":"wp","href":"https:\/\/api.w.org\/{rel}","templated":true}]}}