{"id":141,"date":"2018-10-05T13:59:53","date_gmt":"2018-10-05T13:59:53","guid":{"rendered":"http:\/\/loanstar.com\/fr\/?page_id=141"},"modified":"2019-06-28T12:59:03","modified_gmt":"2019-06-28T10:59:03","slug":"pret-personnel","status":"publish","type":"page","link":"https:\/\/loanstar.com\/fr\/credit-en-ligne\/pret-personnel\/","title":{"rendered":"Le pr\u00eat personnel"},"content":{"rendered":"<h2>D\u00e9finition du pr\u00eat personnel<\/h2>\n<p>Le pr\u00eat personnel peut aussi \u00eatre appel\u00e9 pr\u00eat \u00e0 la consommation. Il permet de financer des projets divers tels que :<\/p>\n<ul>\n<li>Des travaux de l\u2019habitat (d\u00e9coration ou autre)<\/li>\n<li>Agrandissement de l\u2019habitat<\/li>\n<li>Achat d\u2019une voiture (neuve ou d\u2019occasion, moto, etc&#8230;)<\/li>\n<li>Projet de voyage<\/li>\n<li>Projet d&rsquo;\u00e9tudes<\/li>\n<li>Grand \u00e9v\u00e9nement (mariage, d\u00e9c\u00e8s, naissance, divorce\u2026).<\/li>\n<\/ul>\n<h2>Le profil de l\u2019emprunteur du pr\u00eat personnel<\/h2>\n<p>Emprunteur, qui \u00eates-vous ? Vous voulez souscrire un cr\u00e9dit \u00e0 la consommation pour un projet personnel et vous \u00eates un particulier solvable ? Vous \u00eates le candidat parfait.<\/p>\n<p>N\u2019oubliez pas cependant que le fait d&#8217;emprunter n\u2019est pas \u00e0 prendre \u00e0 la l\u00e9g\u00e8re. Il est tr\u00e8s facile d\u2019emprunter, trop parfois, car malgr\u00e9 les pr\u00e9cautions des banques, un accident de tr\u00e9sorerie peut arriver \u00e0 tout le monde. Alors planifiez bien votre projet pour \u00eatre un \u00ab\u00a0emprunteur heureux\u00a0\u00bb.<\/p>\n<h2>Emprunter combien ?<\/h2>\n<p>En r\u00e8gle g\u00e9n\u00e9rale, les sommes pr\u00eat\u00e9es varient de quelques centaines d\u2019euros \u00e0 75 000 euros maximum. Vous n\u2019avez pas \u00e0 justifier de vos achats, la somme d\u00e9sir\u00e9e d\u00e9pend donc de ce que vous voulez en faire et de votre aptitude \u00e0 la rembourser.<\/p>\n<h2>Emprunter pour combien de temps ?<\/h2>\n<p>En r\u00e8gle g\u00e9n\u00e9rale, la dur\u00e9e minimum d\u2019un emprunt est de 3 mois et elle peut aller jusqu&rsquo;\u00e0 7 ans pour les pr\u00eats \u00e0 la consommation ou pr\u00eats personnels. La loi ne donne pas de d\u00e9lai maximum cependant beaucoup d\u2019institutions ont tendance \u00e0 proposer 7 ans comme date butoir.<\/p>\n<h2>Le pr\u00eat personnel finance quoi ?<\/h2>\n<p>Comme nous vous l\u2019avons indiqu\u00e9 plus haut, avec les pr\u00eats personnels, vous pouvez am\u00e9liorer votre qualit\u00e9 de vie :<\/p>\n<ul>\n<li>En achetant des objets de d\u00e9coration, des objets utiles, du mat\u00e9riel high-tech, un t\u00e9l\u00e9phone dernier cri, le t\u00e9l\u00e9viseur \u00e0 \u00e9cran g\u00e9ant dont vous avez toujours r\u00eav\u00e9.<\/li>\n<li>En achetant des services : des cours pour faire progresser votre carri\u00e8re, apprendre une langue, apprendre \u00e0 faire de la voile.<\/li>\n<li>R\u00e9gler vos probl\u00e8mes de tr\u00e9sorerie : combler une dette en prenant un cr\u00e9dit pour \u00e9taler vos paiements. Cela arrive sans doute au moins une fois dans la vie de chacun.<\/li>\n<\/ul>\n<h2>Qui peut emprunter ?<\/h2>\n<p>Les conditions d&rsquo;\u00e9ligibilit\u00e9 :<\/p>\n<ul>\n<li>Dans la grande majorit\u00e9 des cas, les personnes qui ont un contrat en CDI ou une autre source de revenus r\u00e9guliers pr\u00e9sentent les meilleurs profils. (Voir les exceptions sur le march\u00e9 des pr\u00eats sp\u00e9cialis\u00e9s pour les autres cat\u00e9gories)<\/li>\n<li>Votre pass\u00e9 financier et votre comportement avec votre\/vos comptes. En effet, si vous avez d\u00e9j\u00e0 \u00e0 votre actif beaucoup de pr\u00eats, que vous n\u2019avez pas pu en rembourser certains ou que vous \u00eates <a href=\"https:\/\/particuliers.banque-france.fr\/fichiers-dincidents\/les-trois-fichiers-dincidents-fcc-ficp-fnci\/le-fichier-national-des-incidents-de-remboursement-des-credits-aux-particuliers-ficp\" target=\"_blank\" rel=\"noopener noreferrer\">fich\u00e9 \u00e0 la banque de France<\/a>, l\u2019acceptation de votre dossier va s&rsquo;av\u00e9rer difficile, voire impossible<\/li>\n<li>En calculant votre capacit\u00e9 d\u2019emprunt, vous pouvez bien d\u00e9finir votre profil. Ainsi les mensualit\u00e9s totales de votre cr\u00e9dit ne doivent pas d\u00e9passer 30 \u00e0 33 % de votre salaire. Dans le cas contraire, on va vers un niveau d&rsquo;endettement plus compliqu\u00e9 \u00e0 assumer<\/li>\n<li>Pour les cr\u00e9dits, il faut tr\u00e8s souvent r\u00e9sider en France<\/li>\n<li>\u00catre majeur<\/li>\n<li>Ne pas \u00eatre fich\u00e9 \u00e0 la banque de France.<\/li>\n<\/ul>\n<h2>Quels documents fournir pour un pr\u00eat personnel ?<\/h2>\n<p>En g\u00e9n\u00e9ral, les documents indiqu\u00e9s. Gardons \u00e0 l\u2019esprit que les justificatifs que vous demandera l&rsquo;organisme pr\u00eateur d\u00e9pendront du montant demand\u00e9 et de votre profil d&#8217;emprunteur :<\/p>\n<ul>\n<li>Photocopie de vos justificatifs de revenus (bulletin de salaire pour les salari\u00e9s)<\/li>\n<li>Relev\u00e9 d\u2019identit\u00e9 bancaire (RIB)<\/li>\n<li>Photocopie d\u2019une pi\u00e8ce d\u2019identit\u00e9 en cours de validit\u00e9 (passeport, pi\u00e8ce d&rsquo;identit\u00e9 ou carte de s\u00e9jour)<\/li>\n<li>Justificatif de domicile r\u00e9cent (votre derni\u00e8re facture d&rsquo;\u00e9lectricit\u00e9, de t\u00e9l\u00e9phone fixe ou de gaz)<\/li>\n<li>Photocopie du dernier avis d\u2019imposition<\/li>\n<li>Informations sur tous les pr\u00eats \u00e0 votre nom (immobiliers, personnels)<\/li>\n<li>Pour les propri\u00e9taires, la photocopie de la taxe fonci\u00e8re<\/li>\n<li>Une d\u00e9claration sur l\u2019honneur de l\u2019h\u00e9bergeant ainsi qu\u2019un justificatif de domicile devra \u00eatre fourni par les personnes log\u00e9es par un tiers<\/li>\n<li>Pour les pr\u00eats-auto ou travaux, des justificatifs suppl\u00e9mentaires pourront \u00eatre demand\u00e9s.<\/li>\n<\/ul>\n<h2>Comment trouver son pr\u00eat personnel ?<\/h2>\n<p>Armez vous de patience et faites vos recherches avec s\u00e9rieux. Comme tout se fait en ligne, les proc\u00e9dures s&rsquo;en retrouvent consid\u00e9rablement simplifi\u00e9es. Vous pouvez comparer les pr\u00eats des diverses institutions les plus s\u00e9rieuses qui, pour la plupart, int\u00e8grent un simulateur sur leur site.<\/p>\n<p>Le taux \u00e0 prendre en consid\u00e9ration est le TAEG qui est obligatoirement indiqu\u00e9, comme la loi le stipule, sur chaque site proposant des cr\u00e9dits. C\u2019est la base de votre calcul, mais pas le seul \u00e9l\u00e9ment \u00e0 prendre en compte ! Certaines banques offrent les frais de dossier par exemple.<\/p>\n<h2>Les avantages du pr\u00eat personnel<\/h2>\n<p>Il faut le savoir, dans le pass\u00e9 les banques accordaient des cr\u00e9dits beaucoup plus facilement que de nos jours. Mais actuellement, le cr\u00e9dit personnel a l&rsquo;avantage de vous donner le choix entre de nombreuses offres. Les banques montent leurs offres de cr\u00e9dit de mani\u00e8re \u00e0 attirer les personnes solvables. Si vous \u00eates autoris\u00e9 \u00e0 emprunter, c\u2019est le gage de votre aptitude \u00e0 rembourser votre pr\u00eat.<\/p>\n<p>Le pr\u00eat personnel permet d&rsquo;\u00e9viter les probl\u00e8mes de tr\u00e9sorerie. Un pr\u00eat personnel bien g\u00e9r\u00e9 co\u00fbte moins cher qu\u2019un d\u00e9couvert, ce qui n\u2019est pas n\u00e9gligeable. Le pr\u00eat personnel ne n\u00e9cessite pas de justificatif d\u2019achat et peut \u00eatre d\u00e9pens\u00e9 librement (\u00e0 condition qu\u2019il ne s\u2019agisse pas d\u2019immobilier par exemple).<\/p>\n<p>Parmi les autres avantages, on peut citer les mensualit\u00e9s fixes, les taux d&rsquo;int\u00e9r\u00eat tr\u00e8s bas et l&rsquo;absence de p\u00e9nalit\u00e9s en cas de paiement anticip\u00e9 du cr\u00e9dit.<\/p>\n<p>Pour r\u00e9sumer :<\/p>\n<ul>\n<li>Libert\u00e9 d\u2019utilisation de la somme jusqu&rsquo;\u00e0 75 000 euros<\/li>\n<li>Rapidit\u00e9 de r\u00e9ception des fonds<\/li>\n<li>Finance un ou plusieurs projets<\/li>\n<li>Tout est d\u00e9fini lors de la signature (la dur\u00e9e totale du cr\u00e9dit, le montant emprunt\u00e9, le TAEG fixe, le co\u00fbt total du pr\u00eat, le montant total d\u00fb par l&#8217;emprunteur ainsi que le montant de chaque mensualit\u00e9 et des int\u00e9r\u00eats).<\/li>\n<\/ul>\n<h2>Les inconv\u00e9nients du pr\u00eat personnel<\/h2>\n<p>Le plus gros inconv\u00e9nient est sans doute la facilit\u00e9 relative d\u2019obtenir un pr\u00eat personnel. Elle risque de pousser les personnes ayant d\u00e9j\u00e0 des soucis de tr\u00e9sorerie \u00e0 s\u2019enfoncer encore un peu plus dans les difficult\u00e9s. Bien que le cr\u00e9dit personnel am\u00e9liore les choses sur le court terme, il ne faut pas perdre de vue qu\u2019il faudra payer les mensualit\u00e9s pendant toute la dur\u00e9e du contrat.<\/p>\n<p>Si vous recherchez la souplesse, il ne faut pas vous tourner vers le cr\u00e9dit personnel, mais plut\u00f4t vers le <a href=\"http:\/\/loanstar.com\/fr\/credit-en-ligne\/credit-renouvelable-en-ligne\/\" target=\"_blank\" rel=\"noopener noreferrer\">renouvelable<\/a>. En effet, comme indiqu\u00e9 dans ses avantages, le pr\u00eat personnel \u00e9tablit un cadre o\u00f9 tout est fix\u00e9 \u00e0 l\u2019avance.<\/p>\n<p>Et n\u2019oubliez pas, la banque n&rsquo;a aucun droit sur ce que vous achetez avec la somme emprunt\u00e9e. En cas de probl\u00e8me avec l\u2019objet ou le service en question, vous ne serez pas couvert par la banque. Par exemple, si on ne vous livre pas votre t\u00e9l\u00e9viseur grand \u00e9cran ou si celui-ci se casse et que vous n\u2019avez pas d\u2019assurance, vous devrez tout de m\u00eame payer les mensualit\u00e9s li\u00e9es au pr\u00eat.<\/p>\n<h2>Les \u00e9l\u00e9ments figurant sur le contrat de pr\u00eat :<\/h2>\n<p>En r\u00e9sum\u00e9, voici ce qu\u2019il faut y rechercher :<\/p>\n<ul>\n<li>Type de cr\u00e9dit (dans ce cas pr\u00eat personnel)<\/li>\n<li>Montant total emprunt\u00e9<\/li>\n<li>La dur\u00e9e du pr\u00eat et donc du cr\u00e9dit<\/li>\n<li>\u00c9ch\u00e9ances \u00e0 payer<\/li>\n<li>TAEG du contrat<\/li>\n<li>Les particularit\u00e9s du contrat (comme le remboursement anticip\u00e9, l\u2019assurance, les frais divers tels que les frais de dossier, les frais de garantie ou d&rsquo;assurance, les frais de notaire, etc.)<\/li>\n<li>Les modalit\u00e9s de remboursement.<\/li>\n<\/ul>\n<p>D\u2019autres informations peuvent figurer sur le contrat. Lisez bien votre contrat avant de le signer. Depuis quelques ann\u00e9es, les lois prot\u00e8gent le consommateur afin de favoriser la transparence et d&rsquo;assurer la protection de l\u2019emprunteur.<\/p>\n<p>Attention, une fois le contrat sign\u00e9, il vous lie \u00e0 l\u2019organisme pr\u00eateur. Veillez \u00e0 bien respecter les r\u00e8gles. Par exemple, si votre cr\u00e9dit est un cr\u00e9dit personnel, vous n\u2019avez pas le droit de l\u2019utiliser pour acheter un bien immobilier.<\/p>\n<h2>Dernier conseil :<\/h2>\n<p>Comme nous vous l\u2019avons dit, l\u2019assurance du pr\u00eat personnel n\u2019est pas obligatoire, mais nous vous conseillons fortement d\u2019en souscrire une , soit aupr\u00e8s de l&rsquo;\u00e9tablissement pr\u00eateur, soit aupr\u00e8s d&rsquo;un autre organisme. La derni\u00e8re chose \u00e0 faire est d&rsquo;\u00eatre endett\u00e9 et d&rsquo;\u00eatre dans l\u2019incapacit\u00e9 de rembourser.<\/p>\n<p>Un doute lors de vos recherches ? N&rsquo;h\u00e9sitez pas \u00e0 appeler les conseillers pr\u00e9sents sur tous les sites des banques ou institutions de pr\u00eat et \u00e0 bien \u00e9tudier chaque offre gr\u00e2ce \u00e0 un comparateur de cr\u00e9dits. Utilisez les simulateurs qui sont \u00e0 votre disposition.<\/p>\n","protected":false},"excerpt":{"rendered":"<p>D\u00e9finition du pr\u00eat personnel Le pr\u00eat personnel peut aussi \u00eatre appel\u00e9 pr\u00eat \u00e0 la consommation. Il permet de financer des&#8230;<\/p>\n","protected":false},"author":1,"featured_media":265,"parent":128,"menu_order":0,"comment_status":"closed","ping_status":"closed","template":"templates\/calculator-follow-up.php","meta":{"footnotes":""},"yoast_head":"<!-- This site is optimized with the Yoast SEO plugin v21.0 - https:\/\/yoast.com\/wordpress\/plugins\/seo\/ -->\n<title>Pr\u00eat personnel\u00a0: avantages, inconv\u00e9nients et d\u00e9marche \u00e0 suivre.<\/title>\n<meta name=\"description\" content=\"Le pr\u00eat personnel peut \u00eatre la meilleure option de financement pour certains de vos projets. Comprenez ses avantages et ses inconv\u00e9nients.\" \/>\n<meta name=\"robots\" content=\"index, follow, max-snippet:-1, max-image-preview:large, max-video-preview:-1\" \/>\n<link rel=\"canonical\" href=\"https:\/\/loanstar.com\/fr\/credit-en-ligne\/pret-personnel\/\" \/>\n<meta property=\"og:locale\" content=\"fr_FR\" \/>\n<meta property=\"og:type\" content=\"article\" \/>\n<meta property=\"og:title\" content=\"Pr\u00eat personnel\u00a0: avantages, inconv\u00e9nients et d\u00e9marche \u00e0 suivre.\" \/>\n<meta property=\"og:description\" content=\"Le pr\u00eat personnel peut \u00eatre la meilleure option de financement pour certains de vos projets. Comprenez ses avantages et ses inconv\u00e9nients.\" \/>\n<meta property=\"og:url\" content=\"https:\/\/loanstar.com\/fr\/credit-en-ligne\/pret-personnel\/\" \/>\n<meta property=\"og:site_name\" content=\"LoanStar France\" \/>\n<meta property=\"article:modified_time\" content=\"2019-06-28T10:59:03+00:00\" \/>\n<meta property=\"og:image\" content=\"https:\/\/loanstar.com\/fr\/wp-content\/uploads\/sites\/15\/2019\/06\/shutterstock_512032066-Converti.png\" \/>\n\t<meta property=\"og:image:width\" content=\"1000\" \/>\n\t<meta property=\"og:image:height\" content=\"1000\" \/>\n\t<meta property=\"og:image:type\" content=\"image\/png\" \/>\n<meta name=\"twitter:card\" content=\"summary_large_image\" \/>\n<meta name=\"twitter:label1\" content=\"Dur\u00e9e de lecture estim\u00e9e\" \/>\n\t<meta name=\"twitter:data1\" content=\"8 minutes\" \/>\n<script type=\"application\/ld+json\" class=\"yoast-schema-graph\">{\"@context\":\"https:\/\/schema.org\",\"@graph\":[{\"@type\":\"WebPage\",\"@id\":\"https:\/\/loanstar.com\/fr\/credit-en-ligne\/pret-personnel\/\",\"url\":\"https:\/\/loanstar.com\/fr\/credit-en-ligne\/pret-personnel\/\",\"name\":\"Pr\u00eat personnel\u00a0: avantages, inconv\u00e9nients et d\u00e9marche \u00e0 suivre.\",\"isPartOf\":{\"@id\":\"https:\/\/loanstar.com\/fr\/#website\"},\"datePublished\":\"2018-10-05T13:59:53+00:00\",\"dateModified\":\"2019-06-28T10:59:03+00:00\",\"description\":\"Le pr\u00eat personnel peut \u00eatre la meilleure option de financement pour certains de vos projets. Comprenez ses avantages et ses inconv\u00e9nients.\",\"breadcrumb\":{\"@id\":\"https:\/\/loanstar.com\/fr\/credit-en-ligne\/pret-personnel\/#breadcrumb\"},\"inLanguage\":\"fr-FR\",\"potentialAction\":[{\"@type\":\"ReadAction\",\"target\":[\"https:\/\/loanstar.com\/fr\/credit-en-ligne\/pret-personnel\/\"]}]},{\"@type\":\"BreadcrumbList\",\"@id\":\"https:\/\/loanstar.com\/fr\/credit-en-ligne\/pret-personnel\/#breadcrumb\",\"itemListElement\":[{\"@type\":\"ListItem\",\"position\":1,\"name\":\"France\",\"item\":\"https:\/\/loanstar.com\/fr\/\"},{\"@type\":\"ListItem\",\"position\":2,\"name\":\"Cr\u00e9dit en ligne\",\"item\":\"https:\/\/loanstar.com\/fr\/credit-en-ligne\/\"},{\"@type\":\"ListItem\",\"position\":3,\"name\":\"Le pr\u00eat personnel\"}]},{\"@type\":\"WebSite\",\"@id\":\"https:\/\/loanstar.com\/fr\/#website\",\"url\":\"https:\/\/loanstar.com\/fr\/\",\"name\":\"LoanStar France\",\"description\":\"Comparer les pr\u00eats\",\"potentialAction\":[{\"@type\":\"SearchAction\",\"target\":{\"@type\":\"EntryPoint\",\"urlTemplate\":\"https:\/\/loanstar.com\/fr\/?s={search_term_string}\"},\"query-input\":\"required name=search_term_string\"}],\"inLanguage\":\"fr-FR\"}]}<\/script>\n<!-- \/ Yoast SEO plugin. -->","yoast_head_json":{"title":"Pr\u00eat personnel\u00a0: avantages, inconv\u00e9nients et d\u00e9marche \u00e0 suivre.","description":"Le pr\u00eat personnel peut \u00eatre la meilleure option de financement pour certains de vos projets. Comprenez ses avantages et ses inconv\u00e9nients.","robots":{"index":"index","follow":"follow","max-snippet":"max-snippet:-1","max-image-preview":"max-image-preview:large","max-video-preview":"max-video-preview:-1"},"canonical":"https:\/\/loanstar.com\/fr\/credit-en-ligne\/pret-personnel\/","og_locale":"fr_FR","og_type":"article","og_title":"Pr\u00eat personnel\u00a0: avantages, inconv\u00e9nients et d\u00e9marche \u00e0 suivre.","og_description":"Le pr\u00eat personnel peut \u00eatre la meilleure option de financement pour certains de vos projets. Comprenez ses avantages et ses inconv\u00e9nients.","og_url":"https:\/\/loanstar.com\/fr\/credit-en-ligne\/pret-personnel\/","og_site_name":"LoanStar France","article_modified_time":"2019-06-28T10:59:03+00:00","og_image":[{"width":1000,"height":1000,"url":"https:\/\/loanstar.com\/fr\/wp-content\/uploads\/sites\/15\/2019\/06\/shutterstock_512032066-Converti.png","type":"image\/png"}],"twitter_card":"summary_large_image","twitter_misc":{"Dur\u00e9e de lecture estim\u00e9e":"8 minutes"},"schema":{"@context":"https:\/\/schema.org","@graph":[{"@type":"WebPage","@id":"https:\/\/loanstar.com\/fr\/credit-en-ligne\/pret-personnel\/","url":"https:\/\/loanstar.com\/fr\/credit-en-ligne\/pret-personnel\/","name":"Pr\u00eat personnel\u00a0: avantages, inconv\u00e9nients et d\u00e9marche \u00e0 suivre.","isPartOf":{"@id":"https:\/\/loanstar.com\/fr\/#website"},"datePublished":"2018-10-05T13:59:53+00:00","dateModified":"2019-06-28T10:59:03+00:00","description":"Le pr\u00eat personnel peut \u00eatre la meilleure option de financement pour certains de vos projets. Comprenez ses avantages et ses inconv\u00e9nients.","breadcrumb":{"@id":"https:\/\/loanstar.com\/fr\/credit-en-ligne\/pret-personnel\/#breadcrumb"},"inLanguage":"fr-FR","potentialAction":[{"@type":"ReadAction","target":["https:\/\/loanstar.com\/fr\/credit-en-ligne\/pret-personnel\/"]}]},{"@type":"BreadcrumbList","@id":"https:\/\/loanstar.com\/fr\/credit-en-ligne\/pret-personnel\/#breadcrumb","itemListElement":[{"@type":"ListItem","position":1,"name":"France","item":"https:\/\/loanstar.com\/fr\/"},{"@type":"ListItem","position":2,"name":"Cr\u00e9dit en ligne","item":"https:\/\/loanstar.com\/fr\/credit-en-ligne\/"},{"@type":"ListItem","position":3,"name":"Le pr\u00eat personnel"}]},{"@type":"WebSite","@id":"https:\/\/loanstar.com\/fr\/#website","url":"https:\/\/loanstar.com\/fr\/","name":"LoanStar France","description":"Comparer les pr\u00eats","potentialAction":[{"@type":"SearchAction","target":{"@type":"EntryPoint","urlTemplate":"https:\/\/loanstar.com\/fr\/?s={search_term_string}"},"query-input":"required name=search_term_string"}],"inLanguage":"fr-FR"}]}},"_links":{"self":[{"href":"https:\/\/loanstar.com\/fr\/wp-json\/wp\/v2\/pages\/141"}],"collection":[{"href":"https:\/\/loanstar.com\/fr\/wp-json\/wp\/v2\/pages"}],"about":[{"href":"https:\/\/loanstar.com\/fr\/wp-json\/wp\/v2\/types\/page"}],"author":[{"embeddable":true,"href":"https:\/\/loanstar.com\/fr\/wp-json\/wp\/v2\/users\/1"}],"replies":[{"embeddable":true,"href":"https:\/\/loanstar.com\/fr\/wp-json\/wp\/v2\/comments?post=141"}],"version-history":[{"count":7,"href":"https:\/\/loanstar.com\/fr\/wp-json\/wp\/v2\/pages\/141\/revisions"}],"predecessor-version":[{"id":271,"href":"https:\/\/loanstar.com\/fr\/wp-json\/wp\/v2\/pages\/141\/revisions\/271"}],"up":[{"embeddable":true,"href":"https:\/\/loanstar.com\/fr\/wp-json\/wp\/v2\/pages\/128"}],"wp:featuredmedia":[{"embeddable":true,"href":"https:\/\/loanstar.com\/fr\/wp-json\/wp\/v2\/media\/265"}],"wp:attachment":[{"href":"https:\/\/loanstar.com\/fr\/wp-json\/wp\/v2\/media?parent=141"}],"curies":[{"name":"wp","href":"https:\/\/api.w.org\/{rel}","templated":true}]}}