{"id":128,"date":"2018-10-02T09:46:37","date_gmt":"2018-10-02T09:46:37","guid":{"rendered":"http:\/\/loanstar.com\/fr\/?page_id=128"},"modified":"2019-07-04T11:55:16","modified_gmt":"2019-07-04T09:55:16","slug":"credit-en-ligne","status":"publish","type":"page","link":"https:\/\/loanstar.com\/fr\/credit-en-ligne\/","title":{"rendered":"Cr\u00e9dit en ligne"},"content":{"rendered":"<h2>Pour obtenir un cr\u00e9dit en ligne, c&rsquo;est simple et rapide<\/h2>\n<p>Les services en ligne se sont d\u00e9velopp\u00e9s durant les deux derni\u00e8res d\u00e9cennies, mais jamais autant que ces cinq derni\u00e8res ann\u00e9es. Dor\u00e9navant, si vous habitez en France et que vous avez travaill\u00e9, il est extr\u00eamement simple de faire une demande de cr\u00e9dit en ligne.<\/p>\n<p>Pour pouvoir demander un cr\u00e9dit en ligne, la plupart des banques vous demandent d\u2019ouvrir un compte. Avec l\u2019ouverture du compte, beaucoup offrent aussi des cartes bancaires gratuites ou une somme, offerte en guise de bienvenue, de 80 euros par exemple. D\u2019autres banques en revanche vous demandent de d\u00e9poser 300 euros pour pouvoir ouvrir un compte et demander un cr\u00e9dit.<\/p>\n<h2>Les conditions g\u00e9n\u00e9rales de demande de cr\u00e9dits<\/h2>\n<p>Bien que les conditions varient selon les banques ou les interm\u00e9diaires, que l\u2019on appelle aussi des courtiers, la plupart des institutions vont vous demander les documents suivants :<\/p>\n<ul>\n<li>Pi\u00e8ce d&rsquo;identit\u00e9 ou carte de s\u00e9jour en cours de validit\u00e9<\/li>\n<li>Avis d\u2019imposition ou de non imposition<\/li>\n<li>Certificat d&rsquo;h\u00e9bergement, titre de propri\u00e9t\u00e9 ou contrat de location<\/li>\n<li>Une facture \u00e0 vos nom et adresse.<\/li>\n<\/ul>\n<p>Ceci est une liste non exhaustive et selon votre dossier d\u2019autres documents pourront vous \u00eatre demand\u00e9s.<\/p>\n<p>Parmi les conditions de pr\u00eat, votre profil financier peut \u00e9galement \u00eatre pris en compte :<\/p>\n<ul>\n<li><a href=\"https:\/\/www.quechoisir.org\/dossier-surendettement-t547\/\" target=\"_blank\" rel=\"noopener noreferrer\">\u00cates-vous surendett\u00e9 ?<\/a><\/li>\n<li>Quel est le pourcentage de votre taux d\u2019endettement ? (un taux de plus de 30% est consid\u00e9r\u00e9 comme un surendettement)<\/li>\n<li>\u00cates-vous dans une situation stable ? (Emploi en CDI ou situation plus pr\u00e9caire)<\/li>\n<li>\u00cates-vous interdit bancaire ?<\/li>\n<\/ul>\n<p>Tous ces facteurs peuvent contribuer \u00e0 g\u00e9n\u00e9rer une r\u00e9ponse positive ou n\u00e9gative \u00e0 votre demande de pr\u00eat. La plupart des banques en ligne mettent un simulateur \u00e0 votre disposition. N&rsquo;h\u00e9sitez pas \u00e0 faire vos calculs.<\/p>\n<h2>Concr\u00e8tement, comment \u00e7a se passe ?<\/h2>\n<p>Avant d&rsquo;effectuer votre demande de cr\u00e9dit en ligne, la premi\u00e8re chose \u00e0 faire est de calculer la somme dont vous avez besoin. Il est tentant de demander davantage pour all\u00e9ger sa tr\u00e9sorerie. Afin d\u2019\u00e9viter des demandes non r\u00e9alistes, le simulateur est tr\u00e8s utile. Si vous avez d\u00e9j\u00e0 un montant en t\u00eate, vous pouvez d\u00e9cider de payer rapidement et \u00e0 moindre co\u00fbt, ou de payer plus longtemps, mais par petites sommes.<\/p>\n<p>Apr\u00e8s votre simulation, vous pouvez cliquer sur le bouton \u201c demander le pr\u00eat \u201d. C\u2019est la toute premi\u00e8re \u00e9tape. Selon vos donn\u00e9es et les diff\u00e9rents facteurs pris en compte par l\u2019institution, vous obtenez une premi\u00e8re r\u00e9ponse, positive ou n\u00e9gative, qui ne vous engage \u00e0 rien.<\/p>\n<p>Dans un deuxi\u00e8me temps, il faudra justifier de votre situation. L\u00e0, des documents vous seront demand\u00e9s. Comme indiqu\u00e9 plus haut, les pi\u00e8ces demand\u00e9es d\u00e9pendent non seulement du type de cr\u00e9dit demand\u00e9, de votre situation financi\u00e8re, mais aussi de l\u2019institution en question.<\/p>\n<p>Pour finir, un conseiller vous appellera apr\u00e8s r\u00e9ponse \u00e0 votre d\u00e9marche. Dans la plupart des cas vous n\u2019aurez pas besoin de vous d\u00e9placer. De bons outils s\u00e9curis\u00e9s existent pour signer tous les papiers en ligne. Vous recevrez ensuite un contrat \u00e0 signer et vous aurez un d\u00e9lai de r\u00e9traction d\u2019une dizaine de jours environ.<\/p>\n<h2>Les diff\u00e9rents types de pr\u00eats<\/h2>\n<p>Il y a plusieurs types de cr\u00e9dits en ligne propos\u00e9s par la plupart des institutions, bien que certaines ne se sp\u00e9cialisent que dans un seul type de cr\u00e9dit.<\/p>\n<ul>\n<li>Cr\u00e9dit renouvelable : ce terme peut vous sembler \u00e9trange si vous \u00eates novice en mati\u00e8re de cr\u00e9dit. Il s\u2019agit tout simplement d\u2019une somme qui vous est allou\u00e9e et que vous avez le droit d&rsquo;utiliser comme cr\u00e9dit, d\u00e8s lors que vous en avez besoin. C\u2019est une sorte d\u2019autorisation de d\u00e9couvert. Vous payez alors le montant utilis\u00e9, \u00e0 votre rythme et selon le contrat que vous avez sign\u00e9 avec l\u2019institution bancaire.<\/li>\n<li>Cr\u00e9dit \u00e0 la consommation : ce terme englobe plusieurs sortes de cr\u00e9dits et peut vous sembler confus. Ainsi, le pr\u00eat personnel ou le cr\u00e9dit renouvelable comme indiqu\u00e9 ci-dessus, font aussi partie du cr\u00e9dit \u00e0 la consommation. Il va g\u00e9n\u00e9ralement de quelques centaines d\u2019euros jusqu&rsquo;\u00e0 75000 euros. Il est destin\u00e9 aux achats de biens ou de services et, dans ce cadre pr\u00e9cis, le pr\u00eat automobile fait aussi partie du cr\u00e9dit \u00e0 la consommation.<\/li>\n<li>Cr\u00e9dit immobilier : ce cr\u00e9dit est destin\u00e9 \u00e0 l\u2019achat de biens immobiliers. Ces cr\u00e9dits sont les plus longs et engagent des sommes plus importantes. Lorsque vous vous renseignez sur ces montants, faites attention au TAEG qui a \u00e9t\u00e9 instaur\u00e9 pour la protection du consommateur.<\/li>\n<li>Rachat de cr\u00e9dit : vous avez plusieurs cr\u00e9dits et vous voulez les regrouper ? <a href=\"http:\/\/loanstar.com\/fr\/credits-en-ligne\/rachat\/\" target=\"_blank\" rel=\"noopener noreferrer\">Le rachat de cr\u00e9dit est fait pour vous.<\/a><\/li>\n<li>Cr\u00e9dit auto\/moto : dans la cat\u00e9gorie des pr\u00eats \u00e0 la consommation, ces pr\u00eats sont destin\u00e9s \u00e0 l\u2019achat de voitures ou de motos, neuves ou d\u2019occasions.<\/li>\n<li>Pr\u00eat personnel : adapt\u00e9 pour vos achats relativement modestes ou pour payer vos \u00e9tudes, partir en vacances, ou encore faire des travaux \u00e0 domicile.<\/li>\n<li>Carte de cr\u00e9dit : une carte de cr\u00e9dit, quant \u00e0 elle, n\u2019est \u00e9videmment pas un pr\u00eat et les montants des retraits sont limit\u00e9s par jour et par semaine.<\/li>\n<\/ul>\n<h2>Pour choisir le meilleur pr\u00eat<\/h2>\n<p>Si vous ne savez pas comment entamer vos recherches, vous pouvez commencer par vous int\u00e9resser aux offres sur internet. Un site qui regroupe toutes les institutions bancaires pour les comparer est utile et vous fera gagner un temps consid\u00e9rable dans la finalisation de votre projet.<\/p>\n<p>Vous vous rendrez compte que certaines institutions qui proposent des pr\u00eats sont en fait des interm\u00e9diaires se chargeant de vous offrir les pr\u00eats les mieux adapt\u00e9s \u00e0 votre profil. Dans tous les cas, la recherche est le point principal. Prendre un cr\u00e9dit est un geste important qui va vous lier financi\u00e8rement et vous rendre redevable aupr\u00e8s d\u2019un organisme bancaire.<\/p>\n<h2>Les avantages du cr\u00e9dit en ligne<\/h2>\n<p>Voici la liste des avantages du cr\u00e9dit en ligne :<\/p>\n<ul>\n<li>La rapidit\u00e9 : vous pouvez non seulement commencer vos calculs avec le simulateur avant de solliciter votre emprunt et une fois que vous \u00eates pr\u00eat obtenir rapidement une r\u00e9ponse de principe. Souvent entre 24 heures et 3 jours.<\/li>\n<li>Une simplicit\u00e9 \u00e0 ne pas sous-estimer car toutes les g\u00e9n\u00e9rations sont capables de faire une d\u00e9marche en quelques clics.<\/li>\n<li>Des prix int\u00e9ressants : beaucoup d\u2019institutions offrent les frais de dossier. Le TAEG varie selon les banques et les pr\u00eats propos\u00e9s sont tr\u00e8s comp\u00e9titifs.<\/li>\n<li>Pas besoin de vous d\u00e9placer : gain de temps. Et comme le dit l\u2019adage \u201c le temps c\u2019est de l\u2019argent \u201d.<\/li>\n<\/ul>\n<h2>Les inconv\u00e9nients du cr\u00e9dit en ligne<\/h2>\n<p>Pour certains, le plus grand d\u00e9savantage d\u2019un cr\u00e9dit en ligne est l&rsquo;absence d\u2019interlocuteur direct. Certaines personnes pr\u00e9f\u00e8reront avoir quelqu\u2019un en face d&rsquo;elles pour discuter de vive voix. Le manque de contact humain peut faire peur, mais des conseillers en ligne peuvent facilement vous venir en aide en cas de besoin.<\/p>\n<p>Le second d\u00e9savantage est l\u2019acceptation pr\u00e9liminaire \u201c automatique \u201d. En effet, bien que tout soit fait avec soin pour vous simplifier la vie, la demande par simulateur se fait sur un calcul math\u00e9matique.<\/p>\n<p>Ainsi, alors qu\u2019un conseiller \u00a0\u00bb en chair et en os \u00a0\u00bb peut vous offrir une offre adapt\u00e9e \u00e0 votre cas, le syst\u00e8me informatique refusera peut-\u00eatre votre demande \u00e0 cause d\u2019un ou deux d\u00e9tails qu&rsquo;une discussion aurait facilement r\u00e9gl\u00e9s.<\/p>\n<p>En revanche, si votre dossier est solide, vous n\u2019avez aucun souci \u00e0 vous faire ni aucun conseiller \u00e0 voir. Vous remplissez le formulaire et vous l&rsquo;envoyez. C\u2019est aussi simple que cela.<\/p>\n<h2>A quoi sert le TAEG<\/h2>\n<p>Le TAEG est une notion relativement nouvelle puisqu\u2019elle est apparue vers 1966 sous le nom de TEG, devenu TAEG en 2010 pour le cr\u00e9dit \u00e0 la consommation. C\u2019est en 2016 que l\u2019obligation s&rsquo;\u00e9tend \u00e0 tous les cr\u00e9dits, y compris aux cr\u00e9dits immobiliers.<\/p>\n<p>Le TAEG (Taux annuel effectif global) est votre ami ! Il prot\u00e8ge le consommateur et est obligatoirement inscrit sur les publicit\u00e9s de cr\u00e9dits. Ainsi l&#8217;emprunteur sait-il \u00e0 quoi s\u2019attendre.<\/p>\n<p>En outre, le TAEG prend en consid\u00e9ration les points suivants :<\/p>\n<ul>\n<li>Les int\u00e9r\u00eats appliqu\u00e9s sur la totalit\u00e9 du cr\u00e9dit jusqu&rsquo;\u00e0 son \u00e9ch\u00e9ance<\/li>\n<li>L\u2019assurance de celui qui emprunte<\/li>\n<li>Les frais de dossier (parfois il n\u2019y a pas de frais de dossier)<\/li>\n<li>Les garanties<\/li>\n<li>Les autres frais<\/li>\n<\/ul>\n<p>Il faut aussi savoir que plus le TAEG est \u00e9lev\u00e9, plus le co\u00fbt total du cr\u00e9dit sera \u00e9lev\u00e9. \u00c0 vous de bien comparer tout cela en prenant soin de v\u00e9rifier toutes les conditions de pr\u00eat. Le TAEG est un excellent barom\u00e8tre pour choisir votre cr\u00e9dit.<\/p>\n<h2>Des consignes pour \u00eatre un bon \u201c emprunteur \u201d<\/h2>\n<p>Vous demandez un cr\u00e9dit pour r\u00e9aliser un projet qui vous tient \u00e0 coeur ? Ou vous en avez assez de payer 5 cr\u00e9dits et vous voulez les regrouper ? Voici quelques consignes pour rester en \u00e9quilibre financi\u00e8rement :<\/p>\n<ul>\n<li>Empruntez selon vos capacit\u00e9s de remboursement. Les cr\u00e9dits sont tentants mais parfois un mauvais calcul vous conduira dans une terrible impasse. Personne ne souhaite se trouver dans cette situation.<\/li>\n<li>Faites vos recherches : cela implique de comparer au maximum toutes les offres du march\u00e9. Essayer de rester inform\u00e9 de ce qui est en vogue, des taux d&rsquo;int\u00e9r\u00eat et bien s\u00fbr du profil de la banque elle-m\u00eame.<\/li>\n<li>Choisissez des institutions connues qui ont un pass\u00e9. M\u00e9fiez-vous des offres trop belles pour \u00eatre vraies provenant de banques inconnues de tous.<\/li>\n<li>Pr\u00e9parez tous les justificatifs. Un dossier complet permet un traitement plus rapide.<\/li>\n<\/ul>\n<h2>Pour conclure sur les cr\u00e9dits en ligne<\/h2>\n<p>Ne vous h\u00e2tez pas lorsque vous \u00eates sur le point de solliciter un cr\u00e9dit. Voulez-vous payer un cr\u00e9dit pendant plusieurs ann\u00e9es ou plus rapidement ? Il est primordial de choisir un bon \u00e9tablissement financier en comparant toutes les offres.<\/p>\n<p>Un cr\u00e9dit bien planifi\u00e9 peut v\u00e9ritablement vous aider pour les projets qui vous tiennent \u00e0 coeur, m\u00eame si ces projets impliquent d\u2019avoir un endettement. Les cr\u00e9dits en ligne sont l\u00e0 pour vous aider \u00e0 trouver une solution adapt\u00e9e \u00e0 votre cas personnel. Alors n\u2019ayez plus peur, renseignez-vous.<\/p>\n","protected":false},"excerpt":{"rendered":"<p>Pour obtenir un cr\u00e9dit en ligne, c&rsquo;est simple et rapide Les services en ligne se sont d\u00e9velopp\u00e9s durant les deux&#8230;<\/p>\n","protected":false},"author":1,"featured_media":255,"parent":0,"menu_order":0,"comment_status":"closed","ping_status":"closed","template":"templates\/calculator-main.php","meta":{"footnotes":""},"yoast_head":"<!-- This site is optimized with the Yoast SEO plugin v21.0 - https:\/\/yoast.com\/wordpress\/plugins\/seo\/ -->\n<title>Cr\u00e9dit en ligne, pour obtenir un pr\u00eat au meilleur taux<\/title>\n<meta name=\"description\" content=\"Quelles sont les conditions pour demander un cr\u00e9dit en ligne et quelles sont les meilleures offres ? Utilisez le comparateur gratuit de Loanstar.com\" \/>\n<meta name=\"robots\" content=\"index, follow, max-snippet:-1, max-image-preview:large, max-video-preview:-1\" \/>\n<link rel=\"canonical\" href=\"https:\/\/loanstar.com\/fr\/credit-en-ligne\/\" \/>\n<meta property=\"og:locale\" content=\"fr_FR\" \/>\n<meta property=\"og:type\" content=\"article\" \/>\n<meta property=\"og:title\" content=\"Cr\u00e9dit en ligne, pour obtenir un pr\u00eat au meilleur taux\" \/>\n<meta property=\"og:description\" content=\"Quelles sont les conditions pour demander un cr\u00e9dit en ligne et quelles sont les meilleures offres ? Utilisez le comparateur gratuit de Loanstar.com\" \/>\n<meta property=\"og:url\" content=\"https:\/\/loanstar.com\/fr\/credit-en-ligne\/\" \/>\n<meta property=\"og:site_name\" content=\"LoanStar France\" \/>\n<meta property=\"article:modified_time\" content=\"2019-07-04T09:55:16+00:00\" \/>\n<meta property=\"og:image\" content=\"https:\/\/loanstar.com\/fr\/wp-content\/uploads\/sites\/15\/2019\/06\/Plan-de-travail-2.png\" \/>\n\t<meta property=\"og:image:width\" content=\"200\" \/>\n\t<meta property=\"og:image:height\" content=\"200\" \/>\n\t<meta property=\"og:image:type\" content=\"image\/png\" \/>\n<meta name=\"twitter:card\" content=\"summary_large_image\" \/>\n<meta name=\"twitter:label1\" content=\"Dur\u00e9e de lecture estim\u00e9e\" \/>\n\t<meta name=\"twitter:data1\" content=\"9 minutes\" \/>\n<script type=\"application\/ld+json\" class=\"yoast-schema-graph\">{\"@context\":\"https:\/\/schema.org\",\"@graph\":[{\"@type\":\"WebPage\",\"@id\":\"https:\/\/loanstar.com\/fr\/credit-en-ligne\/\",\"url\":\"https:\/\/loanstar.com\/fr\/credit-en-ligne\/\",\"name\":\"Cr\u00e9dit en ligne, pour obtenir un pr\u00eat au meilleur taux\",\"isPartOf\":{\"@id\":\"https:\/\/loanstar.com\/fr\/#website\"},\"datePublished\":\"2018-10-02T09:46:37+00:00\",\"dateModified\":\"2019-07-04T09:55:16+00:00\",\"description\":\"Quelles sont les conditions pour demander un cr\u00e9dit en ligne et quelles sont les meilleures offres ? Utilisez le comparateur gratuit de Loanstar.com\",\"breadcrumb\":{\"@id\":\"https:\/\/loanstar.com\/fr\/credit-en-ligne\/#breadcrumb\"},\"inLanguage\":\"fr-FR\",\"potentialAction\":[{\"@type\":\"ReadAction\",\"target\":[\"https:\/\/loanstar.com\/fr\/credit-en-ligne\/\"]}]},{\"@type\":\"BreadcrumbList\",\"@id\":\"https:\/\/loanstar.com\/fr\/credit-en-ligne\/#breadcrumb\",\"itemListElement\":[{\"@type\":\"ListItem\",\"position\":1,\"name\":\"France\",\"item\":\"https:\/\/loanstar.com\/fr\/\"},{\"@type\":\"ListItem\",\"position\":2,\"name\":\"Cr\u00e9dit en ligne\"}]},{\"@type\":\"WebSite\",\"@id\":\"https:\/\/loanstar.com\/fr\/#website\",\"url\":\"https:\/\/loanstar.com\/fr\/\",\"name\":\"LoanStar France\",\"description\":\"Comparer les pr\u00eats\",\"potentialAction\":[{\"@type\":\"SearchAction\",\"target\":{\"@type\":\"EntryPoint\",\"urlTemplate\":\"https:\/\/loanstar.com\/fr\/?s={search_term_string}\"},\"query-input\":\"required name=search_term_string\"}],\"inLanguage\":\"fr-FR\"}]}<\/script>\n<!-- \/ Yoast SEO plugin. -->","yoast_head_json":{"title":"Cr\u00e9dit en ligne, pour obtenir un pr\u00eat au meilleur taux","description":"Quelles sont les conditions pour demander un cr\u00e9dit en ligne et quelles sont les meilleures offres ? Utilisez le comparateur gratuit de Loanstar.com","robots":{"index":"index","follow":"follow","max-snippet":"max-snippet:-1","max-image-preview":"max-image-preview:large","max-video-preview":"max-video-preview:-1"},"canonical":"https:\/\/loanstar.com\/fr\/credit-en-ligne\/","og_locale":"fr_FR","og_type":"article","og_title":"Cr\u00e9dit en ligne, pour obtenir un pr\u00eat au meilleur taux","og_description":"Quelles sont les conditions pour demander un cr\u00e9dit en ligne et quelles sont les meilleures offres ? Utilisez le comparateur gratuit de Loanstar.com","og_url":"https:\/\/loanstar.com\/fr\/credit-en-ligne\/","og_site_name":"LoanStar France","article_modified_time":"2019-07-04T09:55:16+00:00","og_image":[{"width":200,"height":200,"url":"https:\/\/loanstar.com\/fr\/wp-content\/uploads\/sites\/15\/2019\/06\/Plan-de-travail-2.png","type":"image\/png"}],"twitter_card":"summary_large_image","twitter_misc":{"Dur\u00e9e de lecture estim\u00e9e":"9 minutes"},"schema":{"@context":"https:\/\/schema.org","@graph":[{"@type":"WebPage","@id":"https:\/\/loanstar.com\/fr\/credit-en-ligne\/","url":"https:\/\/loanstar.com\/fr\/credit-en-ligne\/","name":"Cr\u00e9dit en ligne, pour obtenir un pr\u00eat au meilleur taux","isPartOf":{"@id":"https:\/\/loanstar.com\/fr\/#website"},"datePublished":"2018-10-02T09:46:37+00:00","dateModified":"2019-07-04T09:55:16+00:00","description":"Quelles sont les conditions pour demander un cr\u00e9dit en ligne et quelles sont les meilleures offres ? Utilisez le comparateur gratuit de Loanstar.com","breadcrumb":{"@id":"https:\/\/loanstar.com\/fr\/credit-en-ligne\/#breadcrumb"},"inLanguage":"fr-FR","potentialAction":[{"@type":"ReadAction","target":["https:\/\/loanstar.com\/fr\/credit-en-ligne\/"]}]},{"@type":"BreadcrumbList","@id":"https:\/\/loanstar.com\/fr\/credit-en-ligne\/#breadcrumb","itemListElement":[{"@type":"ListItem","position":1,"name":"France","item":"https:\/\/loanstar.com\/fr\/"},{"@type":"ListItem","position":2,"name":"Cr\u00e9dit en ligne"}]},{"@type":"WebSite","@id":"https:\/\/loanstar.com\/fr\/#website","url":"https:\/\/loanstar.com\/fr\/","name":"LoanStar France","description":"Comparer les pr\u00eats","potentialAction":[{"@type":"SearchAction","target":{"@type":"EntryPoint","urlTemplate":"https:\/\/loanstar.com\/fr\/?s={search_term_string}"},"query-input":"required name=search_term_string"}],"inLanguage":"fr-FR"}]}},"_links":{"self":[{"href":"https:\/\/loanstar.com\/fr\/wp-json\/wp\/v2\/pages\/128"}],"collection":[{"href":"https:\/\/loanstar.com\/fr\/wp-json\/wp\/v2\/pages"}],"about":[{"href":"https:\/\/loanstar.com\/fr\/wp-json\/wp\/v2\/types\/page"}],"author":[{"embeddable":true,"href":"https:\/\/loanstar.com\/fr\/wp-json\/wp\/v2\/users\/1"}],"replies":[{"embeddable":true,"href":"https:\/\/loanstar.com\/fr\/wp-json\/wp\/v2\/comments?post=128"}],"version-history":[{"count":4,"href":"https:\/\/loanstar.com\/fr\/wp-json\/wp\/v2\/pages\/128\/revisions"}],"predecessor-version":[{"id":274,"href":"https:\/\/loanstar.com\/fr\/wp-json\/wp\/v2\/pages\/128\/revisions\/274"}],"wp:featuredmedia":[{"embeddable":true,"href":"https:\/\/loanstar.com\/fr\/wp-json\/wp\/v2\/media\/255"}],"wp:attachment":[{"href":"https:\/\/loanstar.com\/fr\/wp-json\/wp\/v2\/media?parent=128"}],"curies":[{"name":"wp","href":"https:\/\/api.w.org\/{rel}","templated":true}]}}