{"id":7,"date":"2018-09-18T11:33:49","date_gmt":"2018-09-18T11:33:49","guid":{"rendered":"http:\/\/loanstar.com\/fi\/?page_id=7"},"modified":"2020-02-05T15:38:31","modified_gmt":"2020-02-05T13:38:31","slug":"home","status":"publish","type":"page","link":"https:\/\/loanstar.com\/fi\/","title":{"rendered":"Henkil\u00f6kohtaiset lainat, lainojen yhdist\u00e4minen ja oma talous"},"content":{"rendered":"","protected":false},"excerpt":{"rendered":"","protected":false},"author":1,"featured_media":0,"parent":0,"menu_order":0,"comment_status":"closed","ping_status":"closed","template":"templates\/home-country.php","meta":{"footnotes":""},"yoast_head":"<!-- This site is optimized with the Yoast SEO plugin v21.0 - https:\/\/yoast.com\/wordpress\/plugins\/seo\/ -->\n<title>Henkil\u00f6kohtaiset lainat, lainojen yhdist\u00e4minen ja oma talous - LoanStar Suomi<\/title>\n<meta name=\"description\" content=\"LoanStar on alusta, joka auttaa kuluttajia l\u00f6yt\u00e4m\u00e4\u00e4n paremmat ja halvemmat lainat. Etsi ja l\u00f6yd\u00e4 halvat henkil\u00f6kohtaiset lainat ja yhdistelylainat.\" \/>\n<meta name=\"robots\" content=\"index, follow, max-snippet:-1, max-image-preview:large, max-video-preview:-1\" \/>\n<link rel=\"canonical\" href=\"https:\/\/loanstar.com\/fi\/\" \/>\n<meta property=\"og:locale\" content=\"fi_FI\" \/>\n<meta property=\"og:type\" content=\"article\" \/>\n<meta property=\"og:title\" content=\"Henkil\u00f6kohtaiset lainat, lainojen yhdist\u00e4minen ja oma talous - LoanStar Suomi\" \/>\n<meta property=\"og:description\" content=\"LoanStar on alusta, joka auttaa kuluttajia l\u00f6yt\u00e4m\u00e4\u00e4n paremmat ja halvemmat lainat. Etsi ja l\u00f6yd\u00e4 halvat henkil\u00f6kohtaiset lainat ja yhdistelylainat.\" \/>\n<meta property=\"og:url\" content=\"https:\/\/loanstar.com\/fi\/\" \/>\n<meta property=\"og:site_name\" content=\"LoanStar Suomi\" \/>\n<meta property=\"article:modified_time\" content=\"2020-02-05T13:38:31+00:00\" \/>\n<meta name=\"twitter:card\" content=\"summary_large_image\" \/>\n<script type=\"application\/ld+json\" class=\"yoast-schema-graph\">{\"@context\":\"https:\/\/schema.org\",\"@graph\":[{\"@type\":\"WebPage\",\"@id\":\"https:\/\/loanstar.com\/fi\/\",\"url\":\"https:\/\/loanstar.com\/fi\/\",\"name\":\"Henkil\u00f6kohtaiset lainat, lainojen yhdist\u00e4minen ja oma talous - LoanStar Suomi\",\"isPartOf\":{\"@id\":\"https:\/\/loanstar.com\/fi\/#website\"},\"datePublished\":\"2018-09-18T11:33:49+00:00\",\"dateModified\":\"2020-02-05T13:38:31+00:00\",\"description\":\"LoanStar on alusta, joka auttaa kuluttajia l\u00f6yt\u00e4m\u00e4\u00e4n paremmat ja halvemmat lainat. Etsi ja l\u00f6yd\u00e4 halvat henkil\u00f6kohtaiset lainat ja yhdistelylainat.\",\"breadcrumb\":{\"@id\":\"https:\/\/loanstar.com\/fi\/#breadcrumb\"},\"inLanguage\":\"fi\",\"potentialAction\":[{\"@type\":\"ReadAction\",\"target\":[\"https:\/\/loanstar.com\/fi\/\"]}]},{\"@type\":\"BreadcrumbList\",\"@id\":\"https:\/\/loanstar.com\/fi\/#breadcrumb\",\"itemListElement\":[{\"@type\":\"ListItem\",\"position\":1,\"name\":\"Suomi\",\"item\":\"https:\/\/loanstar.com\/fi\/\"},{\"@type\":\"ListItem\",\"position\":2,\"name\":\"Henkil\u00f6kohtaiset lainat, lainojen yhdist\u00e4minen ja oma talous\"}]},{\"@type\":\"WebSite\",\"@id\":\"https:\/\/loanstar.com\/fi\/#website\",\"url\":\"https:\/\/loanstar.com\/fi\/\",\"name\":\"LoanStar Suomi\",\"description\":\"Vertaa lainoja\",\"potentialAction\":[{\"@type\":\"SearchAction\",\"target\":{\"@type\":\"EntryPoint\",\"urlTemplate\":\"https:\/\/loanstar.com\/fi\/?s={search_term_string}\"},\"query-input\":\"required name=search_term_string\"}],\"inLanguage\":\"fi\"}]}<\/script>\n<!-- \/ Yoast SEO plugin. -->","yoast_head_json":{"title":"Henkil\u00f6kohtaiset lainat, lainojen yhdist\u00e4minen ja oma talous - LoanStar Suomi","description":"LoanStar on alusta, joka auttaa kuluttajia l\u00f6yt\u00e4m\u00e4\u00e4n paremmat ja halvemmat lainat. Etsi ja l\u00f6yd\u00e4 halvat henkil\u00f6kohtaiset lainat ja yhdistelylainat.","robots":{"index":"index","follow":"follow","max-snippet":"max-snippet:-1","max-image-preview":"max-image-preview:large","max-video-preview":"max-video-preview:-1"},"canonical":"https:\/\/loanstar.com\/fi\/","og_locale":"fi_FI","og_type":"article","og_title":"Henkil\u00f6kohtaiset lainat, lainojen yhdist\u00e4minen ja oma talous - LoanStar Suomi","og_description":"LoanStar on alusta, joka auttaa kuluttajia l\u00f6yt\u00e4m\u00e4\u00e4n paremmat ja halvemmat lainat. Etsi ja l\u00f6yd\u00e4 halvat henkil\u00f6kohtaiset lainat ja yhdistelylainat.","og_url":"https:\/\/loanstar.com\/fi\/","og_site_name":"LoanStar Suomi","article_modified_time":"2020-02-05T13:38:31+00:00","twitter_card":"summary_large_image","schema":{"@context":"https:\/\/schema.org","@graph":[{"@type":"WebPage","@id":"https:\/\/loanstar.com\/fi\/","url":"https:\/\/loanstar.com\/fi\/","name":"Henkil\u00f6kohtaiset lainat, lainojen yhdist\u00e4minen ja oma talous - LoanStar Suomi","isPartOf":{"@id":"https:\/\/loanstar.com\/fi\/#website"},"datePublished":"2018-09-18T11:33:49+00:00","dateModified":"2020-02-05T13:38:31+00:00","description":"LoanStar on alusta, joka auttaa kuluttajia l\u00f6yt\u00e4m\u00e4\u00e4n paremmat ja halvemmat lainat. Etsi ja l\u00f6yd\u00e4 halvat henkil\u00f6kohtaiset lainat ja yhdistelylainat.","breadcrumb":{"@id":"https:\/\/loanstar.com\/fi\/#breadcrumb"},"inLanguage":"fi","potentialAction":[{"@type":"ReadAction","target":["https:\/\/loanstar.com\/fi\/"]}]},{"@type":"BreadcrumbList","@id":"https:\/\/loanstar.com\/fi\/#breadcrumb","itemListElement":[{"@type":"ListItem","position":1,"name":"Suomi","item":"https:\/\/loanstar.com\/fi\/"},{"@type":"ListItem","position":2,"name":"Henkil\u00f6kohtaiset lainat, lainojen yhdist\u00e4minen ja oma talous"}]},{"@type":"WebSite","@id":"https:\/\/loanstar.com\/fi\/#website","url":"https:\/\/loanstar.com\/fi\/","name":"LoanStar Suomi","description":"Vertaa lainoja","potentialAction":[{"@type":"SearchAction","target":{"@type":"EntryPoint","urlTemplate":"https:\/\/loanstar.com\/fi\/?s={search_term_string}"},"query-input":"required name=search_term_string"}],"inLanguage":"fi"}]}},"_links":{"self":[{"href":"https:\/\/loanstar.com\/fi\/wp-json\/wp\/v2\/pages\/7"}],"collection":[{"href":"https:\/\/loanstar.com\/fi\/wp-json\/wp\/v2\/pages"}],"about":[{"href":"https:\/\/loanstar.com\/fi\/wp-json\/wp\/v2\/types\/page"}],"author":[{"embeddable":true,"href":"https:\/\/loanstar.com\/fi\/wp-json\/wp\/v2\/users\/1"}],"replies":[{"embeddable":true,"href":"https:\/\/loanstar.com\/fi\/wp-json\/wp\/v2\/comments?post=7"}],"version-history":[{"count":3,"href":"https:\/\/loanstar.com\/fi\/wp-json\/wp\/v2\/pages\/7\/revisions"}],"predecessor-version":[{"id":590,"href":"https:\/\/loanstar.com\/fi\/wp-json\/wp\/v2\/pages\/7\/revisions\/590"}],"wp:attachment":[{"href":"https:\/\/loanstar.com\/fi\/wp-json\/wp\/v2\/media?parent=7"}],"curies":[{"name":"wp","href":"https:\/\/api.w.org\/{rel}","templated":true}]}}