{"id":544,"date":"2019-02-05T10:11:07","date_gmt":"2019-02-05T08:11:07","guid":{"rendered":"http:\/\/loanstar.com\/fi\/nedbetalingskalkulator\/"},"modified":"2020-03-18T14:47:15","modified_gmt":"2020-03-18T12:47:15","slug":"velkalaskuri","status":"publish","type":"page","link":"https:\/\/loanstar.com\/fi\/velkalaskuri\/","title":{"rendered":"Velkalaskuri takaisinmaksua varten"},"content":{"rendered":"<h1><span data-sheets-value=\"{&quot;1&quot;:2,&quot;2&quot;:&quot;Velkalaskuri takaisinmaksua varten&quot;}\" data-sheets-userformat=\"{&quot;2&quot;:769,&quot;3&quot;:{&quot;1&quot;:0},&quot;11&quot;:4,&quot;12&quot;:0}\">Velkalaskuri takaisinmaksua varten<\/span><\/h1>\n<h2><b>Miksi velkaa varten tarvitaan maksusuunnitelma<\/b><\/h2>\n<p><span style=\"font-weight: 400;\">Ihmisluonteelle on ominaista painaa pois mielest\u00e4 ep\u00e4mukavat taloudelliset realiteetit. Miss\u00e4\u00e4n muussa tilanteessa t\u00e4m\u00e4 ei pid\u00e4 yht\u00e4 paljon paikkaansa kuin silloin kun kyse on omista veloista.<\/span><\/p>\n<p><span style=\"font-weight: 400;\">Kuukausittaisista maksuista tulee alitajuinen tapa, vaikka se aluksi kirpaisisikin. Vain harvat pys\u00e4htyv\u00e4t miettim\u00e4\u00e4n, kuinka lainaehtoja voisi kevent\u00e4\u00e4.<\/span><\/p>\n<p><span style=\"font-weight: 400;\">Jos taloudellinen taakka painaa hartioilla, on usein helppoa keskitty\u00e4 vain p\u00e4\u00e4n pit\u00e4miseen veden pinnan yl\u00e4puolella, jolloin varsinainen lainoista huolehtiminen j\u00e4\u00e4 v\u00e4hemm\u00e4lle huomiolle. Molemmat n\u00e4ist\u00e4 esimerkeist\u00e4 ovat erinomaisia syit\u00e4 laatia velkojasi varten maksusuunnitelma.<\/span><\/p>\n<p><span style=\"font-weight: 400;\">Ilman kohdennettua strategiaa et kuitenkaan tule hankkiutumaan eroon velasta kun taikaiskusta.<\/span><\/p>\n<p><span style=\"font-weight: 400;\">Velattomuuden saavuttaminen vaatii ahkeraa ja omistautunutta ty\u00f6skentely\u00e4, ja se vaikuttaa p\u00e4ivitt\u00e4iseen talouteesi. Voit tietysti luoda oman maksusuunnitelman manuaalisesti, mutta se vie yleens\u00e4 aikaa, jonka lis\u00e4ksi korkojen ja korkojen korkojen seuraaminen saattaa olla hankalaa. Velkalaskurin k\u00e4ytt\u00f6 on sen vuoksi hyv\u00e4 ratkaisu.<\/span><\/p>\n<p><span style=\"font-weight: 400;\">Velkalaskurimme ohjaa sinut oikeille raiteille!<\/span><\/p>\n<h2><b>Kuinka velkalaskuri toimii<\/b><\/h2>\n<p><span style=\"font-weight: 400;\">Velkalaskuri on ty\u00f6kalu, joka mahdollistaa automaattisen yksityiskohtaisen maksusuunnitelman luomisen j\u00e4ljell\u00e4 oleville lainoille. Laskurillamme sinun ei tarvitse kaivautua laskuviidakkoon maksusuunnitelmasi laskemiseksi.<\/span><\/p>\n<p><img decoding=\"async\" class=\"alignright size-full wp-image-545\" src=\"http:\/\/loanstar.com\/fi\/wp-content\/uploads\/sites\/3\/2019\/12\/savings_2.svg\" alt=\"Spar penger med v\u00e5r nedbetalingskalkulator\" width=\"312\" \/><\/p>\n<p><span style=\"font-weight: 400;\">Itse asiassa tarvitset vain kolme velkatilej\u00e4si koskevaa tietoa velkalaskurin k\u00e4ytt\u00e4miseksi.<\/span><\/p>\n<ul>\n<li style=\"font-weight: 400;\"><span style=\"font-weight: 400;\">J\u00e4ljell\u00e4 oleva velka t\u00e4ll\u00e4 hetkell\u00e4<\/span><\/li>\n<li style=\"font-weight: 400;\"><span style=\"font-weight: 400;\">Matalin kuukausittainen maksuer\u00e4<\/span><span style=\"font-weight: 400;\"><br \/>\n<\/span><\/li>\n<li style=\"font-weight: 400;\"><span style=\"font-weight: 400;\">Korko<\/span><\/li>\n<\/ul>\n<p><span style=\"font-weight: 400;\">Velkalaskuriin on helppo lis\u00e4t\u00e4 useita tilej\u00e4. Jos sinulla on lainaa useammalta kuin yhdelt\u00e4 luotonmy\u00f6nt\u00e4j\u00e4lt\u00e4, on n\u00e4m\u00e4 kaikki otettava huomioon. T\u00e4m\u00e4 on ainoa tapa saada tarkka ja realistinen maksusuunnitelma, joka vastaa todenmukaista velkaasi. Yksinkertaisen ja helposti ymm\u00e4rrett\u00e4v\u00e4n suunnittelun lis\u00e4ksi velanlaskuri mahdollistaa maksusuunnitelman r\u00e4\u00e4t\u00e4l\u00f6innin henkil\u00f6kohtaisen talouden mukaan. Ensinn\u00e4kin voit valita, mit\u00e4 maksustrategiaa haluat k\u00e4ytt\u00e4\u00e4 (lis\u00e4\u00e4 n\u00e4ist\u00e4 alla). Toiseksi lis\u00e4\u00e4t maksusuunnitelmasi alkamisp\u00e4iv\u00e4n. Lopuksi lis\u00e4\u00e4t kuukausittaisen maksusuunnitelman budjetin. Vakaan takaisinmaksusuunnitelman tekeminen ei juuri voisi olla helpompaa!<\/span><\/p>\n<p><span style=\"font-weight: 400;\">Velkalaskurillamme voit valita itsellesi takaisinmaksumenetelm\u00e4n. N\u00e4it\u00e4 strategioita on nelj\u00e4 erilaista, joista sinun t\u00e4rke\u00e4\u00e4 valita se, joka sopii parhaiten omaan talouteesi.<\/span><\/p>\n<h2><b>N\u00e4in k\u00e4yt\u00e4t velkalaskuria<\/b><\/h2>\n<ul>\n<li style=\"font-weight: 400;\"><b>Velkatili: <\/b><span style=\"font-weight: 400;\">Nime\u00e4 t\u00e4ss\u00e4 kent\u00e4ss\u00e4 velkatilisi. Esimerkki: Mastercard-luottokortti<\/span><span style=\"font-weight: 400;\"><br \/>\n<\/span><\/li>\n<li style=\"font-weight: 400;\"><b>J\u00e4ljell\u00e4 oleva velka t\u00e4ll\u00e4 hetkell\u00e4<\/b><span style=\"font-weight: 400;\">: Lainan tai luottokortin maksamatta oleva summa.<\/span><span style=\"font-weight: 400;\"><br \/>\n<\/span><\/li>\n<li style=\"font-weight: 400;\"><b>Matalin kuukausittainen maksuer\u00e4<\/b><span style=\"font-weight: 400;\">: V\u00e4himm\u00e4issumma, joka sinun on maksettava pois kuukausittain. L\u00f6yd\u00e4t t\u00e4m\u00e4n summan pankin tai lainayhti\u00f6n tiliotteista.<\/span><span style=\"font-weight: 400;\"><br \/>\n<\/span><\/li>\n<li style=\"font-weight: 400;\"><b>Korko<\/b><span style=\"font-weight: 400;\">: Lainan tai luottokortin korko. Jos olet ep\u00e4varma, ota yhteytt\u00e4 kortin my\u00f6nt\u00e4j\u00e4\u00e4n korkosi selvitt\u00e4miseksi.<\/span><span style=\"font-weight: 400;\"><br \/>\n<\/span><\/li>\n<li style=\"font-weight: 400;\"><b>M\u00e4\u00e4rittele budjetti maksusuunnitelmallesi: <\/b><span style=\"font-weight: 400;\">M\u00e4\u00e4r\u00e4, joka sinulla on varaa k\u00e4ytt\u00e4\u00e4 velan maksamiseen kuukausittain. Mit\u00e4 suurempi summa, sit\u00e4 lyhyempi laina-aika.<\/span><\/li>\n<li style=\"font-weight: 400;\"><span style=\"font-weight: 400;\"><b>Valitse takaisinmaksumenetelm\u00e4:<\/b> T\u00e4m\u00e4 kentt\u00e4 tarjoaa sinulle nopean yleiskatsauksen eri strategioista. Valitse henkil\u00f6kohtaiseen talouteesi sopivin.<br \/>\n<\/span><\/li>\n<\/ul>\n<h2><b>Lumipallomenetelm\u00e4 takaisinmaksustrategiana<\/b><\/h2>\n<p><span style=\"font-weight: 400;\"><a href=\"https:\/\/loanstar.com\/fi\/opas-lumipallomenetelman-kayttaminen-strategiana-lainan-takaisinmaksussa\/\">Lumipallomenetelm\u00e4<\/a> on tunnustettu ja hyvin dokumentoitu velan takaisinmaksumenetelm\u00e4.<\/span><\/p>\n<p><span style=\"font-weight: 400;\">T\u00e4t\u00e4 strategiaa k\u00e4ytt\u00e4v\u00e4t taloustieteilij\u00e4t ymp\u00e4ri maailmaa, ja sen on todistettu olevan \u00e4\u00e4rimm\u00e4isen tehokas k\u00e4yt\u00e4nn\u00f6ss\u00e4.<\/span><\/p>\n<p><span style=\"font-weight: 400;\">Strategiassa velkaasi kohdellaan kuin lumipalloa; se alkaa pienest\u00e4 ja p\u00e4\u00e4ttyy suureen.<\/span><\/p>\n<p><span style=\"font-weight: 400;\">Lumipallomenetelm\u00e4ss\u00e4 aloitat ensin pienimm\u00e4st\u00e4 velkatilist\u00e4 ja siirryt yl\u00f6sp\u00e4in kokoj\u00e4rjestyksess\u00e4. Korkoon tai muihin lainakustannuksiin ei kiinnitet\u00e4 huomiota \u2014 lainasumman suuruus m\u00e4\u00e4r\u00e4\u00e4 velkatilien j\u00e4rjestyksen. Valitsemalla t\u00e4m\u00e4n menetelm\u00e4n varmistat, ett\u00e4 motivaatio kasvaa varhaisessa vaiheessa maksusuunnitelmasi aikana.<\/span><\/p>\n<h2><b>Lumivy\u00f6rymenetelm\u00e4 takaisinmaksustrategiana<\/b><\/h2>\n<p><span style=\"font-weight: 400;\"><a href=\"https:\/\/loanstar.com\/fi\/lumivyorymenetelman-kayttaminen-strategiana-lainan-takaisinmaksussa\/\">Lumipallomenetelm\u00e4n<\/a> tapan my\u00f6s lumivy\u00f6rymenetelm\u00e4 tunnustetaan kansainv\u00e4lisesti. T\u00e4m\u00e4 tarkoittaa, ett\u00e4 kyseess\u00e4 on tehokas ja kohdistettu menetelm\u00e4, joka on osoittautunut toimivaksi lukuisissa eri tutkimuksissa.<\/span><\/p>\n<p><img decoding=\"async\" class=\"size-full wp-image-546 alignleft\" src=\"http:\/\/loanstar.com\/fi\/wp-content\/uploads\/sites\/3\/2019\/12\/ill_body_17.svg\" alt=\"\" width=\"312\" \/><\/p>\n<p><span style=\"font-weight: 400;\">Lumivy\u00f6rymenetelm\u00e4ss\u00e4 lyhenn\u00e4t velkatilej\u00e4si korkojen j\u00e4rjestyksess\u00e4 ylh\u00e4\u00e4lt\u00e4 alkaen. Aloitat siis lainasta tai luotosta, jolla on korkein korko, ja siirryt v\u00e4hitellen alasp\u00e4in. Useimpien kohdalla t\u00e4m\u00e4 tarkoittaa sit\u00e4, ett\u00e4 takaisinmaksu alkaa pienemmist\u00e4 lainoista, kuten luottokorttiluotoista, vakuudettomista lainoista tai palkkap\u00e4iv\u00e4lainoista, jonka j\u00e4lkeen lopulta siirryt\u00e4\u00e4n asuntolainaan.<\/span><\/p>\n<p><span style=\"font-weight: 400;\">Puhtaasti taloudellisesta n\u00e4k\u00f6kulmasta katsottuna t\u00e4m\u00e4 on paras tapa maksusuunnitelmasi kannalta, koska se varmistaa, ett\u00e4 maksat ensin pois kalleimmat lainat.<\/span><\/p>\n<p><span style=\"font-weight: 400;\">Tilanteissa, joissa kallein laina on my\u00f6s suurin, lumivy\u00f6rymenetelm\u00e4 ei ole v\u00e4ltt\u00e4m\u00e4tt\u00e4 paras valinta. T\u00e4ll\u00f6in sinun on ty\u00f6skennelt\u00e4v\u00e4 pitk\u00e4n ajanjakson ajan p\u00e4\u00e4st\u00e4ksesi eroon ensimm\u00e4isest\u00e4 velkatilist\u00e4si, mik\u00e4 saattaa laskea motivaatiota.<\/span><\/p>\n<h2><b>Korkeimman kuukausittaisen maksuer\u00e4n menetelm\u00e4 takaisinmaksustrategiana<\/b><\/h2>\n<p><span style=\"font-weight: 400;\">Lainan kuukausittainen maksuer\u00e4 riippuu suurelta osin lainan kestosta. Yksinkertaisesti ilmaistuna lyhyempi laina-aika johtaa korkeampiin kuukausittaisiin maksueriin ja pidempi laina-aika johtaa puolestaan pienempiin kuukausittaisiin maksueriin. Jos valitset takaisinmaksustrategiaksesi\u00a0 <a href=\"https:\/\/loanstar.com\/fi\/opas-korkein-maksettava-kuukausiera-ensin\/\">korkeimman kuukausittaisen maksuer\u00e4n<\/a>, keskityt ensin lainoihin, joissa on lyhyimm\u00e4t lainaehdot.<\/span><\/p>\n<p><span style=\"font-weight: 400;\">Yleens\u00e4 kyseess\u00e4 ovat pikavipit tai luottokorttivelat \u2014 ja joissain tapauksissa henkil\u00f6kohtaiset lainat. Jos sinulla on velkaa yhdess\u00e4 tai useammassa n\u00e4ist\u00e4 lainamuodoista, t\u00e4m\u00e4 takaisinmaksustrategia on kohdallasi paras vaihtoehto.<\/span><\/p>\n<p><span style=\"font-weight: 400;\">Sen valitsemalla p\u00e4\u00e4set eroon kalliista lainoista mahdollisimman nopeasti, eik\u00e4 sinun tarvitse huolehtia laina-ajan pident\u00e4misest\u00e4. Korkolainojen kohdalla t\u00e4m\u00e4 on aina kallis ratkaisu.<\/span><\/p>\n<h2><b>Korkeimman kuukausittaisen korko-osuuden menetelm\u00e4 takaisinmaksustrategiana<\/b><\/h2>\n<p><span style=\"font-weight: 400;\">Voit my\u00f6s keskitty\u00e4 takaisinmaksustrategiassasi velkaan, jonka maksettava <a href=\"https:\/\/loanstar.com\/fi\/opas-korkein-maksettava-kuukausikorko-ensin\/\">kuukausikorko on korkein.<\/a><\/span><\/p>\n<p><span style=\"font-weight: 400;\">T\u00e4m\u00e4 eroaa lumivy\u00f6rymenetelm\u00e4st\u00e4 siten, ett\u00e4 painopiste on kuukausikustannuksissa lainan yleisen koron sijaan.<\/span><\/p>\n<p><span style=\"font-weight: 400;\">Pohjimmiltaan n\u00e4m\u00e4 strategiat ovat kuitenkin edelleen hyvin samankaltaisia: tavoitteena on ensin hankkiutua eroon kalleimmista veloista.<\/span><\/p>\n<p><span style=\"font-weight: 400;\">Korkeilla kuukausikoroilla varustetuissa veloissa on pitk\u00e4t lainaehdot ja korkea korko \u2014 n\u00e4it\u00e4 ovat esimerkiksi henkil\u00f6kohtaiset lainat tai pikavipit.<\/span><\/p>\n<p><span style=\"font-weight: 400;\">Luottokorttiluotot kuuluvat my\u00f6s t\u00e4h\u00e4n ryhm\u00e4\u00e4n. Jos haluat pienent\u00e4\u00e4 kuukausittaisia lainakulujasi, t\u00e4m\u00e4 on todenn\u00e4k\u00f6isesti paras strategia sinulle.<\/span><\/p>\n<p><span style=\"font-weight: 400;\">Kun keskityt ensin velkaan, jossa on korkea korko, voit kevent\u00e4\u00e4 lainaehtojasi huomattavasti.<\/span><\/p>\n<h2><b>Vinkki!<\/b><\/h2>\n<p><span style=\"font-weight: 400;\">Valitsemastasi strategiasta riippumatta on t\u00e4rke\u00e4\u00e4 aina pohtia, mik\u00e4 menetelm\u00e4 sopii parhaiten luonteellesi. Kun tavoittelet velattomuutta, on motivaatio kaikkein t\u00e4rkein ty\u00f6kalusi. Sen vuoksi sinun t\u00e4ytyy valita strategia, joka pit\u00e4\u00e4 sinut liikkeess\u00e4 l\u00e4pi koko takaisinmaksuprosessin.<\/span><\/p>\n<p><span style=\"font-weight: 400;\">Lue kattava oppaamme velattomuuden saavuttamisesta t\u00e4\u00e4lt\u00e4<\/span><\/p>\n<p><img decoding=\"async\" class=\"size-full wp-image-547 aligncenter\" src=\"http:\/\/loanstar.com\/fi\/wp-content\/uploads\/sites\/3\/2019\/12\/ill_body_9.svg\" alt=\"\" width=\"312\" \/><\/p>\n","protected":false},"excerpt":{"rendered":"<p>Velkalaskuri takaisinmaksua varten Miksi velkaa varten tarvitaan maksusuunnitelma Ihmisluonteelle on ominaista painaa pois mielest\u00e4 ep\u00e4mukavat taloudelliset realiteetit. Miss\u00e4\u00e4n muussa tilanteessa&#8230;<\/p>\n","protected":false},"author":1,"featured_media":0,"parent":0,"menu_order":0,"comment_status":"closed","ping_status":"closed","template":"templates\/calculator-debt.php","meta":{"footnotes":""},"yoast_head":"<!-- This site is optimized with the Yoast SEO plugin v21.0 - https:\/\/yoast.com\/wordpress\/plugins\/seo\/ -->\n<title>Velkalaskuri takaisinmaksua varten - LoanStar Suomi<\/title>\n<meta name=\"description\" content=\"Luo kattava maksusuunnitelma kaikille voimassa oleville veloillesi kanssa LoanStarin velkalaskuriin.\" \/>\n<meta name=\"robots\" content=\"index, follow, max-snippet:-1, max-image-preview:large, max-video-preview:-1\" \/>\n<link rel=\"canonical\" href=\"https:\/\/loanstar.com\/fi\/velkalaskuri\/\" \/>\n<meta property=\"og:locale\" content=\"fi_FI\" \/>\n<meta property=\"og:type\" content=\"article\" \/>\n<meta property=\"og:title\" content=\"Velkalaskuri takaisinmaksua varten - LoanStar Suomi\" \/>\n<meta property=\"og:description\" content=\"Luo kattava maksusuunnitelma kaikille voimassa oleville veloillesi kanssa LoanStarin velkalaskuriin.\" \/>\n<meta property=\"og:url\" content=\"https:\/\/loanstar.com\/fi\/velkalaskuri\/\" \/>\n<meta property=\"og:site_name\" content=\"LoanStar Suomi\" \/>\n<meta property=\"article:modified_time\" content=\"2020-03-18T12:47:15+00:00\" \/>\n<meta property=\"og:image\" content=\"http:\/\/loanstar.com\/fi\/wp-content\/uploads\/sites\/3\/2019\/12\/savings_2.svg\" \/>\n<meta name=\"twitter:card\" content=\"summary_large_image\" \/>\n<meta name=\"twitter:label1\" content=\"Arvioitu lukuaika\" \/>\n\t<meta name=\"twitter:data1\" content=\"5 minuuttia\" \/>\n<script type=\"application\/ld+json\" class=\"yoast-schema-graph\">{\"@context\":\"https:\/\/schema.org\",\"@graph\":[{\"@type\":\"WebPage\",\"@id\":\"https:\/\/loanstar.com\/fi\/velkalaskuri\/\",\"url\":\"https:\/\/loanstar.com\/fi\/velkalaskuri\/\",\"name\":\"Velkalaskuri takaisinmaksua varten - LoanStar Suomi\",\"isPartOf\":{\"@id\":\"https:\/\/loanstar.com\/fi\/#website\"},\"datePublished\":\"2019-02-05T08:11:07+00:00\",\"dateModified\":\"2020-03-18T12:47:15+00:00\",\"description\":\"Luo kattava maksusuunnitelma kaikille voimassa oleville veloillesi kanssa LoanStarin velkalaskuriin.\",\"breadcrumb\":{\"@id\":\"https:\/\/loanstar.com\/fi\/velkalaskuri\/#breadcrumb\"},\"inLanguage\":\"fi\",\"potentialAction\":[{\"@type\":\"ReadAction\",\"target\":[\"https:\/\/loanstar.com\/fi\/velkalaskuri\/\"]}]},{\"@type\":\"BreadcrumbList\",\"@id\":\"https:\/\/loanstar.com\/fi\/velkalaskuri\/#breadcrumb\",\"itemListElement\":[{\"@type\":\"ListItem\",\"position\":1,\"name\":\"Suomi\",\"item\":\"https:\/\/loanstar.com\/fi\/\"},{\"@type\":\"ListItem\",\"position\":2,\"name\":\"Velkalaskuri takaisinmaksua varten\"}]},{\"@type\":\"WebSite\",\"@id\":\"https:\/\/loanstar.com\/fi\/#website\",\"url\":\"https:\/\/loanstar.com\/fi\/\",\"name\":\"LoanStar Suomi\",\"description\":\"Vertaa lainoja\",\"potentialAction\":[{\"@type\":\"SearchAction\",\"target\":{\"@type\":\"EntryPoint\",\"urlTemplate\":\"https:\/\/loanstar.com\/fi\/?s={search_term_string}\"},\"query-input\":\"required name=search_term_string\"}],\"inLanguage\":\"fi\"}]}<\/script>\n<!-- \/ Yoast SEO plugin. -->","yoast_head_json":{"title":"Velkalaskuri takaisinmaksua varten - LoanStar Suomi","description":"Luo kattava maksusuunnitelma kaikille voimassa oleville veloillesi kanssa LoanStarin velkalaskuriin.","robots":{"index":"index","follow":"follow","max-snippet":"max-snippet:-1","max-image-preview":"max-image-preview:large","max-video-preview":"max-video-preview:-1"},"canonical":"https:\/\/loanstar.com\/fi\/velkalaskuri\/","og_locale":"fi_FI","og_type":"article","og_title":"Velkalaskuri takaisinmaksua varten - LoanStar Suomi","og_description":"Luo kattava maksusuunnitelma kaikille voimassa oleville veloillesi kanssa LoanStarin velkalaskuriin.","og_url":"https:\/\/loanstar.com\/fi\/velkalaskuri\/","og_site_name":"LoanStar Suomi","article_modified_time":"2020-03-18T12:47:15+00:00","og_image":[{"url":"http:\/\/loanstar.com\/fi\/wp-content\/uploads\/sites\/3\/2019\/12\/savings_2.svg"}],"twitter_card":"summary_large_image","twitter_misc":{"Arvioitu lukuaika":"5 minuuttia"},"schema":{"@context":"https:\/\/schema.org","@graph":[{"@type":"WebPage","@id":"https:\/\/loanstar.com\/fi\/velkalaskuri\/","url":"https:\/\/loanstar.com\/fi\/velkalaskuri\/","name":"Velkalaskuri takaisinmaksua varten - LoanStar Suomi","isPartOf":{"@id":"https:\/\/loanstar.com\/fi\/#website"},"datePublished":"2019-02-05T08:11:07+00:00","dateModified":"2020-03-18T12:47:15+00:00","description":"Luo kattava maksusuunnitelma kaikille voimassa oleville veloillesi kanssa LoanStarin velkalaskuriin.","breadcrumb":{"@id":"https:\/\/loanstar.com\/fi\/velkalaskuri\/#breadcrumb"},"inLanguage":"fi","potentialAction":[{"@type":"ReadAction","target":["https:\/\/loanstar.com\/fi\/velkalaskuri\/"]}]},{"@type":"BreadcrumbList","@id":"https:\/\/loanstar.com\/fi\/velkalaskuri\/#breadcrumb","itemListElement":[{"@type":"ListItem","position":1,"name":"Suomi","item":"https:\/\/loanstar.com\/fi\/"},{"@type":"ListItem","position":2,"name":"Velkalaskuri takaisinmaksua varten"}]},{"@type":"WebSite","@id":"https:\/\/loanstar.com\/fi\/#website","url":"https:\/\/loanstar.com\/fi\/","name":"LoanStar Suomi","description":"Vertaa lainoja","potentialAction":[{"@type":"SearchAction","target":{"@type":"EntryPoint","urlTemplate":"https:\/\/loanstar.com\/fi\/?s={search_term_string}"},"query-input":"required name=search_term_string"}],"inLanguage":"fi"}]}},"_links":{"self":[{"href":"https:\/\/loanstar.com\/fi\/wp-json\/wp\/v2\/pages\/544"}],"collection":[{"href":"https:\/\/loanstar.com\/fi\/wp-json\/wp\/v2\/pages"}],"about":[{"href":"https:\/\/loanstar.com\/fi\/wp-json\/wp\/v2\/types\/page"}],"author":[{"embeddable":true,"href":"https:\/\/loanstar.com\/fi\/wp-json\/wp\/v2\/users\/1"}],"replies":[{"embeddable":true,"href":"https:\/\/loanstar.com\/fi\/wp-json\/wp\/v2\/comments?post=544"}],"version-history":[{"count":6,"href":"https:\/\/loanstar.com\/fi\/wp-json\/wp\/v2\/pages\/544\/revisions"}],"predecessor-version":[{"id":639,"href":"https:\/\/loanstar.com\/fi\/wp-json\/wp\/v2\/pages\/544\/revisions\/639"}],"wp:attachment":[{"href":"https:\/\/loanstar.com\/fi\/wp-json\/wp\/v2\/media?parent=544"}],"curies":[{"name":"wp","href":"https:\/\/api.w.org\/{rel}","templated":true}]}}